{"id":247,"date":"2023-12-09T14:34:25","date_gmt":"2023-12-09T14:34:25","guid":{"rendered":"https:\/\/clovedental.co\/bescheinigungen\/"},"modified":"2024-01-02T22:43:46","modified_gmt":"2024-01-02T22:43:46","slug":"bescheinigungen","status":"publish","type":"page","link":"https:\/\/clovedental.co\/de\/bescheinigungen\/","title":{"rendered":"Bescheinigungen"},"content":{"rendered":"\t\t<div data-elementor-type=\"wp-page\" data-elementor-id=\"247\" class=\"elementor elementor-247 elementor-41\" data-elementor-post-type=\"page\">\n\t\t\t\t\t\t<section class=\"elementor-section elementor-top-section elementor-element elementor-element-81e1c0b elementor-section-boxed elementor-section-height-default elementor-section-height-default\" data-id=\"81e1c0b\" data-element_type=\"section\" data-settings=\"{&quot;_ha_eqh_enable&quot;:false}\">\n\t\t\t\t\t\t<div class=\"elementor-container elementor-column-gap-default\">\n\t\t\t\t\t<div class=\"elementor-column elementor-col-100 elementor-top-column elementor-element elementor-element-3737494\" data-id=\"3737494\" data-element_type=\"column\">\n\t\t\t<div class=\"elementor-widget-wrap elementor-element-populated\">\n\t\t\t\t\t\t<div class=\"elementor-element elementor-element-3a29791 elementor-widget elementor-widget-spacer\" data-id=\"3a29791\" data-element_type=\"widget\" data-widget_type=\"spacer.default\">\n\t\t\t\t<div class=\"elementor-widget-container\">\n\t\t\t<style>\/*! elementor - v3.19.0 - 29-01-2024 *\/\n.elementor-column .elementor-spacer-inner{height:var(--spacer-size)}.e-con{--container-widget-width:100%}.e-con-inner>.elementor-widget-spacer,.e-con>.elementor-widget-spacer{width:var(--container-widget-width,var(--spacer-size));--align-self:var(--container-widget-align-self,initial);--flex-shrink:0}.e-con-inner>.elementor-widget-spacer>.elementor-widget-container,.e-con>.elementor-widget-spacer>.elementor-widget-container{height:100%;width:100%}.e-con-inner>.elementor-widget-spacer>.elementor-widget-container>.elementor-spacer,.e-con>.elementor-widget-spacer>.elementor-widget-container>.elementor-spacer{height:100%}.e-con-inner>.elementor-widget-spacer>.elementor-widget-container>.elementor-spacer>.elementor-spacer-inner,.e-con>.elementor-widget-spacer>.elementor-widget-container>.elementor-spacer>.elementor-spacer-inner{height:var(--container-widget-height,var(--spacer-size))}.e-con-inner>.elementor-widget-spacer.elementor-widget-empty,.e-con>.elementor-widget-spacer.elementor-widget-empty{position:relative;min-height:22px;min-width:22px}.e-con-inner>.elementor-widget-spacer.elementor-widget-empty .elementor-widget-empty-icon,.e-con>.elementor-widget-spacer.elementor-widget-empty .elementor-widget-empty-icon{position:absolute;top:0;bottom:0;left:0;right:0;margin:auto;padding:0;width:22px;height:22px}<\/style>\t\t<div class=\"elementor-spacer\">\n\t\t\t<div class=\"elementor-spacer-inner\"><\/div>\n\t\t<\/div>\n\t\t\t\t<\/div>\n\t\t\t\t<\/div>\n\t\t\t\t<div class=\"elementor-element elementor-element-9ccc67c elementor-widget elementor-widget-heading\" data-id=\"9ccc67c\" data-element_type=\"widget\" data-widget_type=\"heading.default\">\n\t\t\t\t<div class=\"elementor-widget-container\">\n\t\t\t<style>\/*! elementor - v3.19.0 - 29-01-2024 *\/\n.elementor-heading-title{padding:0;margin:0;line-height:1}.elementor-widget-heading .elementor-heading-title[class*=elementor-size-]>a{color:inherit;font-size:inherit;line-height:inherit}.elementor-widget-heading .elementor-heading-title.elementor-size-small{font-size:15px}.elementor-widget-heading .elementor-heading-title.elementor-size-medium{font-size:19px}.elementor-widget-heading .elementor-heading-title.elementor-size-large{font-size:29px}.elementor-widget-heading .elementor-heading-title.elementor-size-xl{font-size:39px}.elementor-widget-heading .elementor-heading-title.elementor-size-xxl{font-size:59px}<\/style><h3 class=\"elementor-heading-title elementor-size-default\">Bescheinigungen<\/h3>\t\t<\/div>\n\t\t\t\t<\/div>\n\t\t\t\t<div class=\"elementor-element elementor-element-2a6009e elementor-widget elementor-widget-heading\" data-id=\"2a6009e\" data-element_type=\"widget\" data-widget_type=\"heading.default\">\n\t\t\t\t<div class=\"elementor-widget-container\">\n\t\t\t<p class=\"elementor-heading-title elementor-size-default\">Wir bei Clove sind stolz auf unsere Exzellenz und die Einhaltung der h\u00f6chsten Standards in der Dentalbranche. Unsere Zertifikate belegen unser Engagement f\u00fcr Qualit\u00e4t, Sicherheit und Innovation. Entdecken Sie unsere Zertifizierungen, die unser Engagement f\u00fcr die Bereitstellung au\u00dfergew\u00f6hnlicher Produkte widerspiegeln.<\/p>\t\t<\/div>\n\t\t\t\t<\/div>\n\t\t\t\t<div class=\"elementor-element elementor-element-e6e1a0f elementor-widget elementor-widget-spacer\" data-id=\"e6e1a0f\" data-element_type=\"widget\" data-widget_type=\"spacer.default\">\n\t\t\t\t<div class=\"elementor-widget-container\">\n\t\t\t\t\t<div class=\"elementor-spacer\">\n\t\t\t<div class=\"elementor-spacer-inner\"><\/div>\n\t\t<\/div>\n\t\t\t\t<\/div>\n\t\t\t\t<\/div>\n\t\t\t\t<div class=\"elementor-element elementor-element-c0ae140 elementor-widget elementor-widget-image-gallery\" data-id=\"c0ae140\" data-element_type=\"widget\" data-widget_type=\"image-gallery.default\">\n\t\t\t\t<div class=\"elementor-widget-container\">\n\t\t\t<style>\/*! elementor - v3.19.0 - 29-01-2024 *\/\n.elementor-image-gallery .gallery-item{display:inline-block;text-align:center;vertical-align:top;width:100%;max-width:100%;margin:0 auto}.elementor-image-gallery .gallery-item img{margin:0 auto}.elementor-image-gallery .gallery-item .gallery-caption{margin:0}.elementor-image-gallery figure img{display:block}.elementor-image-gallery figure figcaption{width:100%}.gallery-spacing-custom .elementor-image-gallery .gallery-icon{padding:0}@media (min-width:768px){.elementor-image-gallery .gallery-columns-2 .gallery-item{max-width:50%}.elementor-image-gallery .gallery-columns-3 .gallery-item{max-width:33.33%}.elementor-image-gallery .gallery-columns-4 .gallery-item{max-width:25%}.elementor-image-gallery .gallery-columns-5 .gallery-item{max-width:20%}.elementor-image-gallery .gallery-columns-6 .gallery-item{max-width:16.666%}.elementor-image-gallery .gallery-columns-7 .gallery-item{max-width:14.28%}.elementor-image-gallery .gallery-columns-8 .gallery-item{max-width:12.5%}.elementor-image-gallery .gallery-columns-9 .gallery-item{max-width:11.11%}.elementor-image-gallery .gallery-columns-10 .gallery-item{max-width:10%}}@media (min-width:480px) and (max-width:767px){.elementor-image-gallery .gallery.gallery-columns-2 .gallery-item,.elementor-image-gallery .gallery.gallery-columns-3 .gallery-item,.elementor-image-gallery .gallery.gallery-columns-4 .gallery-item,.elementor-image-gallery .gallery.gallery-columns-5 .gallery-item,.elementor-image-gallery .gallery.gallery-columns-6 .gallery-item,.elementor-image-gallery .gallery.gallery-columns-7 .gallery-item,.elementor-image-gallery .gallery.gallery-columns-8 .gallery-item,.elementor-image-gallery .gallery.gallery-columns-9 .gallery-item,.elementor-image-gallery .gallery.gallery-columns-10 .gallery-item{max-width:50%}}@media (max-width:479px){.elementor-image-gallery .gallery.gallery-columns-2 .gallery-item,.elementor-image-gallery .gallery.gallery-columns-3 .gallery-item,.elementor-image-gallery .gallery.gallery-columns-4 .gallery-item,.elementor-image-gallery .gallery.gallery-columns-5 .gallery-item,.elementor-image-gallery .gallery.gallery-columns-6 .gallery-item,.elementor-image-gallery .gallery.gallery-columns-7 .gallery-item,.elementor-image-gallery .gallery.gallery-columns-8 .gallery-item,.elementor-image-gallery .gallery.gallery-columns-9 .gallery-item,.elementor-image-gallery .gallery.gallery-columns-10 .gallery-item{max-width:100%}}<\/style>\t\t<div class=\"elementor-image-gallery\">\n\t\t\t<div id='gallery-1' class='gallery galleryid-247 gallery-columns-4 gallery-size-thumbnail'><figure class='gallery-item'>\n\t\t\t<div class='gallery-icon landscape'>\n\t\t\t\t<a data-elementor-open-lightbox=\"yes\" data-elementor-lightbox-slideshow=\"c0ae140\" data-elementor-lightbox-title=\"4\" data-e-action-hash=\"#elementor-action%3Aaction%3Dlightbox%26settings%3DeyJpZCI6NjgzLCJ1cmwiOiJodHRwczpcL1wvY2xvdmVkZW50YWwuY29cL3dwLWNvbnRlbnRcL3VwbG9hZHNcLzIwMjRcLzAxXC80LnBuZyIsInNsaWRlc2hvdyI6ImMwYWUxNDAifQ%3D%3D\" href='https:\/\/clovedental.co\/wp-content\/uploads\/2024\/01\/4.png'><img decoding=\"async\" width=\"150\" height=\"150\" src=\"https:\/\/clovedental.co\/wp-content\/uploads\/2024\/01\/4-150x150.png\" class=\"attachment-thumbnail size-thumbnail\" alt=\"\" srcset=\"https:\/\/clovedental.co\/wp-content\/uploads\/2024\/01\/4-150x150.png 150w, https:\/\/clovedental.co\/wp-content\/uploads\/2024\/01\/4-300x300.png 300w, https:\/\/clovedental.co\/wp-content\/uploads\/2024\/01\/4.png 500w\" sizes=\"(max-width: 150px) 100vw, 150px\" \/><\/a>\n\t\t\t<\/div><\/figure><figure class='gallery-item'>\n\t\t\t<div class='gallery-icon landscape'>\n\t\t\t\t<a data-elementor-open-lightbox=\"yes\" data-elementor-lightbox-slideshow=\"c0ae140\" data-elementor-lightbox-title=\"1\" data-e-action-hash=\"#elementor-action%3Aaction%3Dlightbox%26settings%3DeyJpZCI6Njg2LCJ1cmwiOiJodHRwczpcL1wvY2xvdmVkZW50YWwuY29cL3dwLWNvbnRlbnRcL3VwbG9hZHNcLzIwMjRcLzAxXC8xLnBuZyIsInNsaWRlc2hvdyI6ImMwYWUxNDAifQ%3D%3D\" href='https:\/\/clovedental.co\/wp-content\/uploads\/2024\/01\/1.png'><img decoding=\"async\" width=\"150\" height=\"150\" src=\"https:\/\/clovedental.co\/wp-content\/uploads\/2024\/01\/1-150x150.png\" class=\"attachment-thumbnail size-thumbnail\" alt=\"\" srcset=\"https:\/\/clovedental.co\/wp-content\/uploads\/2024\/01\/1-150x150.png 150w, https:\/\/clovedental.co\/wp-content\/uploads\/2024\/01\/1-300x300.png 300w, https:\/\/clovedental.co\/wp-content\/uploads\/2024\/01\/1.png 500w\" sizes=\"(max-width: 150px) 100vw, 150px\" \/><\/a>\n\t\t\t<\/div><\/figure><figure class='gallery-item'>\n\t\t\t<div class='gallery-icon landscape'>\n\t\t\t\t<a data-elementor-open-lightbox=\"yes\" data-elementor-lightbox-slideshow=\"c0ae140\" data-elementor-lightbox-title=\"2\" data-e-action-hash=\"#elementor-action%3Aaction%3Dlightbox%26settings%3DeyJpZCI6Njg5LCJ1cmwiOiJodHRwczpcL1wvY2xvdmVkZW50YWwuY29cL3dwLWNvbnRlbnRcL3VwbG9hZHNcLzIwMjRcLzAxXC8yLnBuZyIsInNsaWRlc2hvdyI6ImMwYWUxNDAifQ%3D%3D\" href='https:\/\/clovedental.co\/wp-content\/uploads\/2024\/01\/2.png'><img decoding=\"async\" width=\"150\" height=\"150\" src=\"https:\/\/clovedental.co\/wp-content\/uploads\/2024\/01\/2-150x150.png\" class=\"attachment-thumbnail size-thumbnail\" alt=\"\" srcset=\"https:\/\/clovedental.co\/wp-content\/uploads\/2024\/01\/2-150x150.png 150w, https:\/\/clovedental.co\/wp-content\/uploads\/2024\/01\/2-300x300.png 300w, https:\/\/clovedental.co\/wp-content\/uploads\/2024\/01\/2.png 500w\" sizes=\"(max-width: 150px) 100vw, 150px\" \/><\/a>\n\t\t\t<\/div><\/figure><figure class='gallery-item'>\n\t\t\t<div class='gallery-icon landscape'>\n\t\t\t\t<a data-elementor-open-lightbox=\"yes\" data-elementor-lightbox-slideshow=\"c0ae140\" data-elementor-lightbox-title=\"3\" data-e-action-hash=\"#elementor-action%3Aaction%3Dlightbox%26settings%3DeyJpZCI6NjkyLCJ1cmwiOiJodHRwczpcL1wvY2xvdmVkZW50YWwuY29cL3dwLWNvbnRlbnRcL3VwbG9hZHNcLzIwMjRcLzAxXC8zLnBuZyIsInNsaWRlc2hvdyI6ImMwYWUxNDAifQ%3D%3D\" href='https:\/\/clovedental.co\/wp-content\/uploads\/2024\/01\/3.png'><img loading=\"lazy\" decoding=\"async\" width=\"150\" height=\"150\" src=\"https:\/\/clovedental.co\/wp-content\/uploads\/2024\/01\/3-150x150.png\" class=\"attachment-thumbnail size-thumbnail\" alt=\"\" srcset=\"https:\/\/clovedental.co\/wp-content\/uploads\/2024\/01\/3-150x150.png 150w, https:\/\/clovedental.co\/wp-content\/uploads\/2024\/01\/3-300x300.png 300w, https:\/\/clovedental.co\/wp-content\/uploads\/2024\/01\/3.png 500w\" sizes=\"(max-width: 150px) 100vw, 150px\" \/><\/a>\n\t\t\t<\/div><\/figure>\n\t\t<\/div>\n\t\t<\/div>\n\t\t\t\t<\/div>\n\t\t\t\t<\/div>\n\t\t\t\t<div class=\"elementor-element elementor-element-7e95d6a elementor-widget elementor-widget-spacer\" data-id=\"7e95d6a\" data-element_type=\"widget\" data-widget_type=\"spacer.default\">\n\t\t\t\t<div class=\"elementor-widget-container\">\n\t\t\t\t\t<div class=\"elementor-spacer\">\n\t\t\t<div class=\"elementor-spacer-inner\"><\/div>\n\t\t<\/div>\n\t\t\t\t<\/div>\n\t\t\t\t<\/div>\n\t\t\t\t\t<\/div>\n\t\t<\/div>\n\t\t\t\t\t<\/div>\n\t\t<\/section>\n\t\t\t\t<\/div>\n\t\t","protected":false},"excerpt":{"rendered":"<p>Bescheinigungen Wir bei Clove sind stolz auf unsere Exzellenz und die Einhaltung der h\u00f6chsten Standards in der Dentalbranche. Unsere Zertifikate belegen unser Engagement f\u00fcr Qualit\u00e4t, Sicherheit und Innovation. Entdecken Sie unsere Zertifizierungen, die unser Engagement f\u00fcr die Bereitstellung au\u00dfergew\u00f6hnlicher Produkte widerspiegeln.<\/p>\n","protected":false},"author":2,"featured_media":0,"parent":0,"menu_order":0,"comment_status":"closed","ping_status":"closed","template":"","meta":{"site-sidebar-layout":"no-sidebar","site-content-layout":"","ast-site-content-layout":"","site-content-style":"default","site-sidebar-style":"default","ast-global-header-display":"","ast-banner-title-visibility":"","ast-main-header-display":"","ast-hfb-above-header-display":"","ast-hfb-below-header-display":"","ast-hfb-mobile-header-display":"","site-post-title":"disabled","ast-breadcrumbs-content":"","ast-featured-img":"disabled","footer-sml-layout":"","theme-transparent-header-meta":"default","adv-header-id-meta":"","stick-header-meta":"","header-above-stick-meta":"","header-main-stick-meta":"","header-below-stick-meta":"","astra-migrate-meta-layouts":"","ast-page-background-enabled":"default","ast-page-background-meta":{"desktop":{"background-color":"var(--ast-global-color-4)","background-image":"","background-repeat":"repeat","background-position":"center center","background-size":"auto","background-attachment":"scroll","background-type":"","background-media":"","overlay-type":"","overlay-color":"","overlay-gradient":""},"tablet":{"background-color":"","background-image":"","background-repeat":"repeat","background-position":"center center","background-size":"auto","background-attachment":"scroll","background-type":"","background-media":"","overlay-type":"","overlay-color":"","overlay-gradient":""},"mobile":{"background-color":"","background-image":"","background-repeat":"repeat","background-position":"center center","background-size":"auto","background-attachment":"scroll","background-type":"","background-media":"","overlay-type":"","overlay-color":"","overlay-gradient":""}},"ast-content-background-meta":{"desktop":{"background-color":"var(--ast-global-color-5)","background-image":"","background-repeat":"repeat","background-position":"center center","background-size":"auto","background-attachment":"scroll","background-type":"","background-media":"","overlay-type":"","overlay-color":"","overlay-gradient":""},"tablet":{"background-color":"var(--ast-global-color-5)","background-image":"","background-repeat":"repeat","background-position":"center center","background-size":"auto","background-attachment":"scroll","background-type":"","background-media":"","overlay-type":"","overlay-color":"","overlay-gradient":""},"mobile":{"background-color":"var(--ast-global-color-5)","background-image":"","background-repeat":"repeat","background-position":"center center","background-size":"auto","background-attachment":"scroll","background-type":"","background-media":"","overlay-type":"","overlay-color":"","overlay-gradient":""}},"footnotes":""},"class_list":["post-247","page","type-page","status-publish","hentry"],"acf":[],"yoast_head":"<!-- This site is optimized with the Yoast SEO plugin v21.9.1 - https:\/\/yoast.com\/wordpress\/plugins\/seo\/ -->\n<title>Bescheinigungen | clovedental.co<\/title>\n<meta name=\"robots\" content=\"index, follow, max-snippet:-1, max-image-preview:large, max-video-preview:-1\" \/>\n<link rel=\"canonical\" href=\"https:\/\/clovedental.co\/de\/bescheinigungen\/\" \/>\n<meta property=\"og:locale\" content=\"de_DE\" \/>\n<meta property=\"og:type\" content=\"article\" \/>\n<meta property=\"og:title\" content=\"Bescheinigungen | clovedental.co\" \/>\n<meta property=\"og:description\" content=\"Bescheinigungen Wir bei Clove sind stolz auf unsere Exzellenz und die Einhaltung der h\u00f6chsten Standards in der Dentalbranche. Unsere Zertifikate belegen unser Engagement f\u00fcr Qualit\u00e4t, Sicherheit und Innovation. Entdecken Sie unsere Zertifizierungen, die unser Engagement f\u00fcr die Bereitstellung au\u00dfergew\u00f6hnlicher Produkte widerspiegeln.\" \/>\n<meta property=\"og:url\" content=\"https:\/\/clovedental.co\/de\/bescheinigungen\/\" \/>\n<meta property=\"og:site_name\" content=\"clovedental.co\" \/>\n<meta property=\"article:modified_time\" content=\"2024-01-02T22:43:46+00:00\" \/>\n<meta property=\"og:image\" content=\"http:\/\/clovedental.co\/wp-content\/uploads\/2024\/01\/4-150x150.png\" \/>\n<meta name=\"twitter:card\" content=\"summary_large_image\" \/>\n<script type=\"application\/ld+json\" class=\"yoast-schema-graph\">{\"@context\":\"https:\/\/schema.org\",\"@graph\":[{\"@type\":\"WebPage\",\"@id\":\"https:\/\/clovedental.co\/de\/bescheinigungen\/\",\"url\":\"https:\/\/clovedental.co\/de\/bescheinigungen\/\",\"name\":\"Bescheinigungen | clovedental.co\",\"isPartOf\":{\"@id\":\"https:\/\/clovedental.co\/de\/#website\"},\"datePublished\":\"2023-12-09T14:34:25+00:00\",\"dateModified\":\"2024-01-02T22:43:46+00:00\",\"breadcrumb\":{\"@id\":\"https:\/\/clovedental.co\/de\/bescheinigungen\/#breadcrumb\"},\"inLanguage\":\"de\",\"potentialAction\":[{\"@type\":\"ReadAction\",\"target\":[\"https:\/\/clovedental.co\/de\/bescheinigungen\/\"]}]},{\"@type\":\"BreadcrumbList\",\"@id\":\"https:\/\/clovedental.co\/de\/bescheinigungen\/#breadcrumb\",\"itemListElement\":[{\"@type\":\"ListItem\",\"position\":1,\"name\":\"Strona g\u0142\u00f3wna\",\"item\":\"https:\/\/clovedental.co\/de\/\"},{\"@type\":\"ListItem\",\"position\":2,\"name\":\"Bescheinigungen\"}]},{\"@type\":\"WebSite\",\"@id\":\"https:\/\/clovedental.co\/de\/#website\",\"url\":\"https:\/\/clovedental.co\/de\/\",\"name\":\"Manufacturer of Dental and Surgical Instruments\",\"description\":\"Details are the Key\",\"publisher\":{\"@id\":\"https:\/\/clovedental.co\/de\/#organization\"},\"alternateName\":\"Dental and Surgical Instruments\",\"potentialAction\":[{\"@type\":\"SearchAction\",\"target\":{\"@type\":\"EntryPoint\",\"urlTemplate\":\"https:\/\/clovedental.co\/de\/?s={search_term_string}\"},\"query-input\":\"required name=search_term_string\"}],\"inLanguage\":\"de\"},{\"@type\":\"Organization\",\"@id\":\"https:\/\/clovedental.co\/de\/#organization\",\"name\":\"clovedental.co\",\"alternateName\":\"Clove\",\"url\":\"https:\/\/clovedental.co\/de\/\",\"logo\":{\"@type\":\"ImageObject\",\"inLanguage\":\"de\",\"@id\":\"https:\/\/clovedental.co\/de\/#\/schema\/logo\/image\/\",\"url\":\"https:\/\/clovedental.co\/wp-content\/uploads\/2023\/12\/LOGO_CLOVE.png\",\"contentUrl\":\"https:\/\/clovedental.co\/wp-content\/uploads\/2023\/12\/LOGO_CLOVE.png\",\"width\":1400,\"height\":1400,\"caption\":\"clovedental.co\"},\"image\":{\"@id\":\"https:\/\/clovedental.co\/de\/#\/schema\/logo\/image\/\"}}]}<\/script>\n<!-- \/ Yoast SEO plugin. -->","yoast_head_json":{"title":"Bescheinigungen | clovedental.co","robots":{"index":"index","follow":"follow","max-snippet":"max-snippet:-1","max-image-preview":"max-image-preview:large","max-video-preview":"max-video-preview:-1"},"canonical":"https:\/\/clovedental.co\/de\/bescheinigungen\/","og_locale":"de_DE","og_type":"article","og_title":"Bescheinigungen | clovedental.co","og_description":"Bescheinigungen Wir bei Clove sind stolz auf unsere Exzellenz und die Einhaltung der h\u00f6chsten Standards in der Dentalbranche. Unsere Zertifikate belegen unser Engagement f\u00fcr Qualit\u00e4t, Sicherheit und Innovation. Entdecken Sie unsere Zertifizierungen, die unser Engagement f\u00fcr die Bereitstellung au\u00dfergew\u00f6hnlicher Produkte widerspiegeln.","og_url":"https:\/\/clovedental.co\/de\/bescheinigungen\/","og_site_name":"clovedental.co","article_modified_time":"2024-01-02T22:43:46+00:00","og_image":[{"url":"http:\/\/clovedental.co\/wp-content\/uploads\/2024\/01\/4-150x150.png"}],"twitter_card":"summary_large_image","schema":{"@context":"https:\/\/schema.org","@graph":[{"@type":"WebPage","@id":"https:\/\/clovedental.co\/de\/bescheinigungen\/","url":"https:\/\/clovedental.co\/de\/bescheinigungen\/","name":"Bescheinigungen | clovedental.co","isPartOf":{"@id":"https:\/\/clovedental.co\/de\/#website"},"datePublished":"2023-12-09T14:34:25+00:00","dateModified":"2024-01-02T22:43:46+00:00","breadcrumb":{"@id":"https:\/\/clovedental.co\/de\/bescheinigungen\/#breadcrumb"},"inLanguage":"de","potentialAction":[{"@type":"ReadAction","target":["https:\/\/clovedental.co\/de\/bescheinigungen\/"]}]},{"@type":"BreadcrumbList","@id":"https:\/\/clovedental.co\/de\/bescheinigungen\/#breadcrumb","itemListElement":[{"@type":"ListItem","position":1,"name":"Strona g\u0142\u00f3wna","item":"https:\/\/clovedental.co\/de\/"},{"@type":"ListItem","position":2,"name":"Bescheinigungen"}]},{"@type":"WebSite","@id":"https:\/\/clovedental.co\/de\/#website","url":"https:\/\/clovedental.co\/de\/","name":"Manufacturer of Dental and Surgical Instruments","description":"Details are the Key","publisher":{"@id":"https:\/\/clovedental.co\/de\/#organization"},"alternateName":"Dental and Surgical Instruments","potentialAction":[{"@type":"SearchAction","target":{"@type":"EntryPoint","urlTemplate":"https:\/\/clovedental.co\/de\/?s={search_term_string}"},"query-input":"required name=search_term_string"}],"inLanguage":"de"},{"@type":"Organization","@id":"https:\/\/clovedental.co\/de\/#organization","name":"clovedental.co","alternateName":"Clove","url":"https:\/\/clovedental.co\/de\/","logo":{"@type":"ImageObject","inLanguage":"de","@id":"https:\/\/clovedental.co\/de\/#\/schema\/logo\/image\/","url":"https:\/\/clovedental.co\/wp-content\/uploads\/2023\/12\/LOGO_CLOVE.png","contentUrl":"https:\/\/clovedental.co\/wp-content\/uploads\/2023\/12\/LOGO_CLOVE.png","width":1400,"height":1400,"caption":"clovedental.co"},"image":{"@id":"https:\/\/clovedental.co\/de\/#\/schema\/logo\/image\/"}}]}},"_links":{"self":[{"href":"https:\/\/clovedental.co\/de\/wp-json\/wp\/v2\/pages\/247","targetHints":{"allow":["GET"]}}],"collection":[{"href":"https:\/\/clovedental.co\/de\/wp-json\/wp\/v2\/pages"}],"about":[{"href":"https:\/\/clovedental.co\/de\/wp-json\/wp\/v2\/types\/page"}],"author":[{"embeddable":true,"href":"https:\/\/clovedental.co\/de\/wp-json\/wp\/v2\/users\/2"}],"replies":[{"embeddable":true,"href":"https:\/\/clovedental.co\/de\/wp-json\/wp\/v2\/comments?post=247"}],"version-history":[{"count":4,"href":"https:\/\/clovedental.co\/de\/wp-json\/wp\/v2\/pages\/247\/revisions"}],"predecessor-version":[{"id":702,"href":"https:\/\/clovedental.co\/de\/wp-json\/wp\/v2\/pages\/247\/revisions\/702"}],"wp:attachment":[{"href":"https:\/\/clovedental.co\/de\/wp-json\/wp\/v2\/media?parent=247"}],"curies":[{"name":"wp","href":"https:\/\/api.w.org\/{rel}","templated":true}]}}