{"id":4795,"date":"2024-01-10T08:36:28","date_gmt":"2024-01-10T08:36:28","guid":{"rendered":"https:\/\/clovedental.co\/product\/doppelseitiger-kieferorthopaedischer-zahnmessschieber-0-80-mm\/"},"modified":"2024-01-10T08:50:50","modified_gmt":"2024-01-10T08:50:50","slug":"doppelseitiger-kieferorthopaedischer-zahnmessschieber-0-80-mm","status":"publish","type":"product","link":"https:\/\/clovedental.co\/de\/produkt\/doppelseitiger-kieferorthopaedischer-zahnmessschieber-0-80-mm\/","title":{"rendered":"Doppelseitiger kieferorthop\u00e4discher Zahnmessschieber 0-80 mm"},"content":{"rendered":"<p class=\"p1\"><span class=\"s1\" style=\"font-family: arial, helvetica, sans-serif; font-size: 10pt;\">Precision <strong>Dental Caliper<\/strong> Double- Seitlicher Typ Z\u00fcrcher f\u00fcr Au\u00dfen- und Innenmessungen mit einer Begrenzung im Bereich von 0-80 mm. Der <span style=\"text-decoration: underline;\">kieferorthop\u00e4dische Messschieber<\/span> mit Nonius-Anzeige ist immer noch einer der genauesten Messschieber zur Messung der Zahnbreite. Es wird von medizinischem Fachpersonal in Zahnarztpraxen eingesetzt. Ein universelles Werkzeug mit einem Zertifikat, das eine hohe Genauigkeitsklasse best\u00e4tigt. Das Design des Instruments gew\u00e4hrleistet eine pr\u00e4zise Ablesung der Messung.<span class=\"Apple-converted-space\"> <\/span><\/span><\/p>\n<p><\/br><\/p>\n<h2 class=\"p1\"><span class=\"s1\" style=\"font-size: 10pt; font-family: arial, helvetica, sans-serif;\">Spezifikation des Zurcher 0-80 mm Nonius-Zahnmessschiebers<\/span><\/h2>\n<p><\/br> <\/p>\n<p class=\"p1 \"><span class=\"s1\" style=\"font-family: arial, helvetica, sans-serif; font-size: 10pt;\"><em>Interner Messschieber<\/em> hat eine lange L\u00e4nge Arm und Kiefer mit Toleranz. Es ist mit einer Millimeterskala ausgestattet, wobei ein station\u00e4rer Querarm den Anfang der Messskala markiert und der andere sich entlang der F\u00fchrung bewegt. Die Ablesegenauigkeit wird direkt an der Millimeterskala zwischen den Armen ermittelt. Ein charakteristisches Merkmal eines pr\u00e4zisen kieferorthop\u00e4dischen Messschiebers ist die Dicke der Messerbacken, die so nah wie m\u00f6glich an den anatomischen Kontaktpunkten der Z\u00e4hne platziert werden sollten.<span class=\"Apple-converted-space\"> <\/span>< \/span><\/p>\n<p><\/br>< ul><\/br><\/p>\n<li class=\"p1\"><span class=\"s1\" style=\"Schriftfamilie: Arial, Helvetica, Sans-Serif; Schriftart- Gr\u00f6\u00dfe: 10pt;\">Gesamtl\u00e4nge 125 mm<span class=\"Apple-converted-space\"> <\/span><\/span><\/li>\n<p><\/br><\/p>\n<li class=\"p1\"><span class= \"s1\" style=\"Schriftfamilie: Arial, Helvetica, Sans-Serif; Schriftgr\u00f6\u00dfe: 10pt;\">Messbereich 0-80 mm<span class=\"Apple-converted-space\"> <\/span><\/ span><\/li>\n<p><\/br><\/p>\n<li class=\"p1\"><span class=\"s1\" style=\"Schriftfamilie: Arial, Helvetica, Sans-Serif; Schriftgr\u00f6\u00dfe: 10pt;\">Messunsicherheit (Messfehler) bis zu 0,1 mm<\/span ><\/li>\n<p><\/br><\/p>\n<li class=\"p1\"><span class=\"s1\" style=\"font-family: arial, helvetica, sans-serif; Schriftgr\u00f6\u00dfe: 10pt;\">Handbuch, Handbuch <\/span><\/li>\n<p><\/br><\/ul>\n<p><\/br><\/p>\n<h2 class=\"p2\"><span style=\"font-size: 10pt; Schriftfamilie: Arial, Helvetica, sans-serif;\">Vorteile der Verwendung eines kieferorthop\u00e4dischen Messschiebers<\/span><\/h2>\n<p><\/br><\/p>\n<ul><\/br><\/p>\n<li class=\"p1\"><span class=\"s1\" style=\"font - Familie: Arial, Helvetica, Sans-Serif; Schriftgr\u00f6\u00dfe: 10pt;\">Pr\u00e4zisionstipps f\u00fcr Au\u00dfen- und Innenmessungen<\/span><\/li>\n<p><\/br><\/p>\n<li class=\"p1\"><span class=\"s1\" style=\"font-family: arial , Helvetica, serifenlos; Schriftgr\u00f6\u00dfe: 10pt;\">genaue Diagnoseablesung w\u00e4hrend des Betriebs<span class=\"Apple-converted-space\"> <\/span><\/span><\/li>\n<p><\/br><\/p>\n<li class=\"p1\">< span class=\"s1\" style=\"Schriftfamilie: Arial, Helvetica, Sans-Serif; Schriftgr\u00f6\u00dfe: 10pt;\">ideal f\u00fcr intraorale Messungen<\/span><\/li>\n<p><\/br><\/p>\n<li class=\"p1\"><span class=\"s1\" style=\"font-family: arial, helvetica, serifenlos; Schriftgr\u00f6\u00dfe: 10pt;\">verf\u00fcgt \u00fcber eine Skala zur Messung des horizontalen \u00dcberbisses und einen Tiefenmesser<\/span><\/li>\n<p><\/br><\/ul>\n<p><\/br><\/p>\n<p class=\"p1\"><span-Klasse =\"s1 \" style=\"Schriftfamilie: Arial, Helvetica, Sans-Serif; Schriftgr\u00f6\u00dfe: 10pt;\">Das Werkzeug ist aus hochwertigem Edelstahl gefertigt. Es verf\u00fcgt \u00fcber Zertifikate und erf\u00fcllt alle EU-Normen und -Richtlinien. Das Produkt ist CE- und ISO-gekennzeichnet. F\u00fcr den wiederholten Gebrauch und die Sterilisation vorgesehen. Das Instrument erf\u00fcllt seinen Zweck perfekt und hat ein sehr einfaches Funktionsprinzip anhand einer Anleitung.<\/span><\/p>\n","protected":false},"excerpt":{"rendered":"<p>Precision Dental Caliper Double- Seitlicher Typ Z\u00fcrcher f\u00fcr Au\u00dfen- und Innenmessungen mit einer Begrenzung im Bereich von 0-80 mm. Der kieferorthop\u00e4dische Messschieber mit Nonius-Anzeige ist immer noch einer der genauesten Messschieber zur Messung der Zahnbreite. Es wird von medizinischem Fachpersonal in Zahnarztpraxen eingesetzt. Ein universelles Werkzeug mit einem Zertifikat, das eine hohe Genauigkeitsklasse best\u00e4tigt. Das &hellip;<\/p>\n<p class=\"read-more\"> <a class=\"\" href=\"https:\/\/clovedental.co\/de\/produkt\/doppelseitiger-kieferorthopaedischer-zahnmessschieber-0-80-mm\/\"> <span class=\"screen-reader-text\">Doppelseitiger kieferorthop\u00e4discher Zahnmessschieber 0-80 mm<\/span> Weiterlesen &raquo;<\/a><\/p>\n","protected":false},"featured_media":5496,"template":"","meta":{"site-sidebar-layout":"default","site-content-layout":"","ast-site-content-layout":"","site-content-style":"default","site-sidebar-style":"default","ast-global-header-display":"","ast-banner-title-visibility":"","ast-main-header-display":"","ast-hfb-above-header-display":"","ast-hfb-below-header-display":"","ast-hfb-mobile-header-display":"","site-post-title":"","ast-breadcrumbs-content":"","ast-featured-img":"","footer-sml-layout":"","theme-transparent-header-meta":"default","adv-header-id-meta":"","stick-header-meta":"","header-above-stick-meta":"","header-main-stick-meta":"","header-below-stick-meta":"","astra-migrate-meta-layouts":"","ast-page-background-enabled":"default","ast-page-background-meta":{"desktop":{"background-color":"var(--ast-global-color-4)","background-image":"","background-repeat":"repeat","background-position":"center center","background-size":"auto","background-attachment":"scroll","background-type":"","background-media":"","overlay-type":"","overlay-color":"","overlay-gradient":""},"tablet":{"background-color":"","background-image":"","background-repeat":"repeat","background-position":"center center","background-size":"auto","background-attachment":"scroll","background-type":"","background-media":"","overlay-type":"","overlay-color":"","overlay-gradient":""},"mobile":{"background-color":"","background-image":"","background-repeat":"repeat","background-position":"center center","background-size":"auto","background-attachment":"scroll","background-type":"","background-media":"","overlay-type":"","overlay-color":"","overlay-gradient":""}},"ast-content-background-meta":{"desktop":{"background-color":"var(--ast-global-color-5)","background-image":"","background-repeat":"repeat","background-position":"center center","background-size":"auto","background-attachment":"scroll","background-type":"","background-media":"","overlay-type":"","overlay-color":"","overlay-gradient":""},"tablet":{"background-color":"var(--ast-global-color-5)","background-image":"","background-repeat":"repeat","background-position":"center center","background-size":"auto","background-attachment":"scroll","background-type":"","background-media":"","overlay-type":"","overlay-color":"","overlay-gradient":""},"mobile":{"background-color":"var(--ast-global-color-5)","background-image":"","background-repeat":"repeat","background-position":"center center","background-size":"auto","background-attachment":"scroll","background-type":"","background-media":"","overlay-type":"","overlay-color":"","overlay-gradient":""}}},"product_cat":[431],"product_tag":[],"code":[51],"class_list":{"0":"post-4795","1":"product","2":"type-product","3":"status-publish","4":"has-post-thumbnail","6":"product_cat-kieferorthopadie","7":"code-09-105-017","8":"desktop-align-left","9":"tablet-align-left","10":"mobile-align-left","12":"first","13":"instock","14":"product-type-simple"},"acf":[],"yoast_head":"<!-- This site is optimized with the Yoast SEO plugin v21.9.1 - https:\/\/yoast.com\/wordpress\/plugins\/seo\/ -->\n<title>Doppelseitiger kieferorthop\u00e4discher Zahnmessschieber 0-80 mm | clovedental.co<\/title>\n<meta name=\"robots\" content=\"index, follow, max-snippet:-1, max-image-preview:large, max-video-preview:-1\" \/>\n<link rel=\"canonical\" href=\"https:\/\/clovedental.co\/de\/produkt\/doppelseitiger-kieferorthopaedischer-zahnmessschieber-0-80-mm\/\" \/>\n<meta property=\"og:locale\" content=\"de_DE\" \/>\n<meta property=\"og:type\" content=\"article\" \/>\n<meta property=\"og:title\" content=\"Doppelseitiger kieferorthop\u00e4discher Zahnmessschieber 0-80 mm | clovedental.co\" \/>\n<meta property=\"og:description\" content=\"Precision Dental Caliper Double- Seitlicher Typ Z\u00fcrcher f\u00fcr Au\u00dfen- und Innenmessungen mit einer Begrenzung im Bereich von 0-80 mm. Der kieferorthop\u00e4dische Messschieber mit Nonius-Anzeige ist immer noch einer der genauesten Messschieber zur Messung der Zahnbreite. Es wird von medizinischem Fachpersonal in Zahnarztpraxen eingesetzt. Ein universelles Werkzeug mit einem Zertifikat, das eine hohe Genauigkeitsklasse best\u00e4tigt. Das &hellip; Doppelseitiger kieferorthop\u00e4discher Zahnmessschieber 0-80 mm Weiterlesen &raquo;\" \/>\n<meta property=\"og:url\" content=\"https:\/\/clovedental.co\/de\/produkt\/doppelseitiger-kieferorthopaedischer-zahnmessschieber-0-80-mm\/\" \/>\n<meta property=\"og:site_name\" content=\"clovedental.co\" \/>\n<meta property=\"article:modified_time\" content=\"2024-01-10T08:50:50+00:00\" \/>\n<meta property=\"og:image\" content=\"http:\/\/clovedental.co\/wp-content\/uploads\/2024\/01\/c7259fb0-bee0-4f4c-85df-813177e13e22.jpeg\" \/>\n\t<meta property=\"og:image:width\" content=\"1000\" \/>\n\t<meta property=\"og:image:height\" content=\"1000\" \/>\n\t<meta property=\"og:image:type\" content=\"image\/jpeg\" \/>\n<meta name=\"twitter:card\" content=\"summary_large_image\" \/>\n<meta name=\"twitter:label1\" content=\"Gesch\u00e4tzte Lesezeit\" \/>\n\t<meta name=\"twitter:data1\" content=\"1\u00a0Minute\" \/>\n<script type=\"application\/ld+json\" class=\"yoast-schema-graph\">{\"@context\":\"https:\/\/schema.org\",\"@graph\":[{\"@type\":\"WebPage\",\"@id\":\"https:\/\/clovedental.co\/de\/produkt\/doppelseitiger-kieferorthopaedischer-zahnmessschieber-0-80-mm\/\",\"url\":\"https:\/\/clovedental.co\/de\/produkt\/doppelseitiger-kieferorthopaedischer-zahnmessschieber-0-80-mm\/\",\"name\":\"Doppelseitiger kieferorthop\u00e4discher Zahnmessschieber 0-80 mm | clovedental.co\",\"isPartOf\":{\"@id\":\"https:\/\/clovedental.co\/de\/#website\"},\"datePublished\":\"2024-01-10T08:36:28+00:00\",\"dateModified\":\"2024-01-10T08:50:50+00:00\",\"breadcrumb\":{\"@id\":\"https:\/\/clovedental.co\/de\/produkt\/doppelseitiger-kieferorthopaedischer-zahnmessschieber-0-80-mm\/#breadcrumb\"},\"inLanguage\":\"de\",\"potentialAction\":[{\"@type\":\"ReadAction\",\"target\":[\"https:\/\/clovedental.co\/de\/produkt\/doppelseitiger-kieferorthopaedischer-zahnmessschieber-0-80-mm\/\"]}]},{\"@type\":\"BreadcrumbList\",\"@id\":\"https:\/\/clovedental.co\/de\/produkt\/doppelseitiger-kieferorthopaedischer-zahnmessschieber-0-80-mm\/#breadcrumb\",\"itemListElement\":[{\"@type\":\"ListItem\",\"position\":1,\"name\":\"Strona g\u0142\u00f3wna\",\"item\":\"https:\/\/clovedental.co\/de\/\"},{\"@type\":\"ListItem\",\"position\":2,\"name\":\"Shop\",\"item\":\"https:\/\/clovedental.co\/products\/shop\/\"},{\"@type\":\"ListItem\",\"position\":3,\"name\":\"Doppelseitiger kieferorthop\u00e4discher Zahnmessschieber 0-80 mm\"}]},{\"@type\":\"WebSite\",\"@id\":\"https:\/\/clovedental.co\/de\/#website\",\"url\":\"https:\/\/clovedental.co\/de\/\",\"name\":\"Manufacturer of Dental and Surgical Instruments\",\"description\":\"Details are the Key\",\"publisher\":{\"@id\":\"https:\/\/clovedental.co\/de\/#organization\"},\"alternateName\":\"Dental and Surgical Instruments\",\"potentialAction\":[{\"@type\":\"SearchAction\",\"target\":{\"@type\":\"EntryPoint\",\"urlTemplate\":\"https:\/\/clovedental.co\/de\/?s={search_term_string}\"},\"query-input\":\"required name=search_term_string\"}],\"inLanguage\":\"de\"},{\"@type\":\"Organization\",\"@id\":\"https:\/\/clovedental.co\/de\/#organization\",\"name\":\"clovedental.co\",\"alternateName\":\"Clove\",\"url\":\"https:\/\/clovedental.co\/de\/\",\"logo\":{\"@type\":\"ImageObject\",\"inLanguage\":\"de\",\"@id\":\"https:\/\/clovedental.co\/de\/#\/schema\/logo\/image\/\",\"url\":\"https:\/\/clovedental.co\/wp-content\/uploads\/2023\/12\/LOGO_CLOVE.png\",\"contentUrl\":\"https:\/\/clovedental.co\/wp-content\/uploads\/2023\/12\/LOGO_CLOVE.png\",\"width\":1400,\"height\":1400,\"caption\":\"clovedental.co\"},\"image\":{\"@id\":\"https:\/\/clovedental.co\/de\/#\/schema\/logo\/image\/\"}}]}<\/script>\n<!-- \/ Yoast SEO plugin. -->","yoast_head_json":{"title":"Doppelseitiger kieferorthop\u00e4discher Zahnmessschieber 0-80 mm | clovedental.co","robots":{"index":"index","follow":"follow","max-snippet":"max-snippet:-1","max-image-preview":"max-image-preview:large","max-video-preview":"max-video-preview:-1"},"canonical":"https:\/\/clovedental.co\/de\/produkt\/doppelseitiger-kieferorthopaedischer-zahnmessschieber-0-80-mm\/","og_locale":"de_DE","og_type":"article","og_title":"Doppelseitiger kieferorthop\u00e4discher Zahnmessschieber 0-80 mm | clovedental.co","og_description":"Precision Dental Caliper Double- Seitlicher Typ Z\u00fcrcher f\u00fcr Au\u00dfen- und Innenmessungen mit einer Begrenzung im Bereich von 0-80 mm. Der kieferorthop\u00e4dische Messschieber mit Nonius-Anzeige ist immer noch einer der genauesten Messschieber zur Messung der Zahnbreite. Es wird von medizinischem Fachpersonal in Zahnarztpraxen eingesetzt. Ein universelles Werkzeug mit einem Zertifikat, das eine hohe Genauigkeitsklasse best\u00e4tigt. Das &hellip; Doppelseitiger kieferorthop\u00e4discher Zahnmessschieber 0-80 mm Weiterlesen &raquo;","og_url":"https:\/\/clovedental.co\/de\/produkt\/doppelseitiger-kieferorthopaedischer-zahnmessschieber-0-80-mm\/","og_site_name":"clovedental.co","article_modified_time":"2024-01-10T08:50:50+00:00","og_image":[{"width":1000,"height":1000,"url":"http:\/\/clovedental.co\/wp-content\/uploads\/2024\/01\/c7259fb0-bee0-4f4c-85df-813177e13e22.jpeg","type":"image\/jpeg"}],"twitter_card":"summary_large_image","twitter_misc":{"Gesch\u00e4tzte Lesezeit":"1\u00a0Minute"},"schema":{"@context":"https:\/\/schema.org","@graph":[{"@type":"WebPage","@id":"https:\/\/clovedental.co\/de\/produkt\/doppelseitiger-kieferorthopaedischer-zahnmessschieber-0-80-mm\/","url":"https:\/\/clovedental.co\/de\/produkt\/doppelseitiger-kieferorthopaedischer-zahnmessschieber-0-80-mm\/","name":"Doppelseitiger kieferorthop\u00e4discher Zahnmessschieber 0-80 mm | clovedental.co","isPartOf":{"@id":"https:\/\/clovedental.co\/de\/#website"},"datePublished":"2024-01-10T08:36:28+00:00","dateModified":"2024-01-10T08:50:50+00:00","breadcrumb":{"@id":"https:\/\/clovedental.co\/de\/produkt\/doppelseitiger-kieferorthopaedischer-zahnmessschieber-0-80-mm\/#breadcrumb"},"inLanguage":"de","potentialAction":[{"@type":"ReadAction","target":["https:\/\/clovedental.co\/de\/produkt\/doppelseitiger-kieferorthopaedischer-zahnmessschieber-0-80-mm\/"]}]},{"@type":"BreadcrumbList","@id":"https:\/\/clovedental.co\/de\/produkt\/doppelseitiger-kieferorthopaedischer-zahnmessschieber-0-80-mm\/#breadcrumb","itemListElement":[{"@type":"ListItem","position":1,"name":"Strona g\u0142\u00f3wna","item":"https:\/\/clovedental.co\/de\/"},{"@type":"ListItem","position":2,"name":"Shop","item":"https:\/\/clovedental.co\/products\/shop\/"},{"@type":"ListItem","position":3,"name":"Doppelseitiger kieferorthop\u00e4discher Zahnmessschieber 0-80 mm"}]},{"@type":"WebSite","@id":"https:\/\/clovedental.co\/de\/#website","url":"https:\/\/clovedental.co\/de\/","name":"Manufacturer of Dental and Surgical Instruments","description":"Details are the Key","publisher":{"@id":"https:\/\/clovedental.co\/de\/#organization"},"alternateName":"Dental and Surgical Instruments","potentialAction":[{"@type":"SearchAction","target":{"@type":"EntryPoint","urlTemplate":"https:\/\/clovedental.co\/de\/?s={search_term_string}"},"query-input":"required name=search_term_string"}],"inLanguage":"de"},{"@type":"Organization","@id":"https:\/\/clovedental.co\/de\/#organization","name":"clovedental.co","alternateName":"Clove","url":"https:\/\/clovedental.co\/de\/","logo":{"@type":"ImageObject","inLanguage":"de","@id":"https:\/\/clovedental.co\/de\/#\/schema\/logo\/image\/","url":"https:\/\/clovedental.co\/wp-content\/uploads\/2023\/12\/LOGO_CLOVE.png","contentUrl":"https:\/\/clovedental.co\/wp-content\/uploads\/2023\/12\/LOGO_CLOVE.png","width":1400,"height":1400,"caption":"clovedental.co"},"image":{"@id":"https:\/\/clovedental.co\/de\/#\/schema\/logo\/image\/"}}]}},"_links":{"self":[{"href":"https:\/\/clovedental.co\/de\/wp-json\/wp\/v2\/product\/4795","targetHints":{"allow":["GET"]}}],"collection":[{"href":"https:\/\/clovedental.co\/de\/wp-json\/wp\/v2\/product"}],"about":[{"href":"https:\/\/clovedental.co\/de\/wp-json\/wp\/v2\/types\/product"}],"wp:featuredmedia":[{"embeddable":true,"href":"https:\/\/clovedental.co\/de\/wp-json\/wp\/v2\/media\/5496"}],"wp:attachment":[{"href":"https:\/\/clovedental.co\/de\/wp-json\/wp\/v2\/media?parent=4795"}],"wp:term":[{"taxonomy":"product_cat","embeddable":true,"href":"https:\/\/clovedental.co\/de\/wp-json\/wp\/v2\/product_cat?post=4795"},{"taxonomy":"product_tag","embeddable":true,"href":"https:\/\/clovedental.co\/de\/wp-json\/wp\/v2\/product_tag?post=4795"},{"taxonomy":"code","embeddable":true,"href":"https:\/\/clovedental.co\/de\/wp-json\/wp\/v2\/code?post=4795"}],"curies":[{"name":"wp","href":"https:\/\/api.w.org\/{rel}","templated":true}]}}