{"id":4796,"date":"2024-01-10T08:36:46","date_gmt":"2024-01-10T08:36:46","guid":{"rendered":"https:\/\/clovedental.co\/product\/kieferorthopaedische-zange-zum-schneiden-von-hartem-draht\/"},"modified":"2024-01-10T08:50:50","modified_gmt":"2024-01-10T08:50:50","slug":"kieferorthopaedische-zange-zum-schneiden-von-hartem-draht","status":"publish","type":"product","link":"https:\/\/clovedental.co\/de\/produkt\/kieferorthopaedische-zange-zum-schneiden-von-hartem-draht\/","title":{"rendered":"Kieferorthop\u00e4dische Zange zum Schneiden von hartem Draht"},"content":{"rendered":"<p style=\"text-align: left;\"><span style=\"font-size: 10pt; font-family: arial, helvetica, sans-serif;\"><strong>Kieferorthop\u00e4dische Pinzette zum Schneiden von hartem Draht<\/strong >ist ein chirurgisches Werkzeug, das speziell zum Schneiden harter Materialien f\u00fcr die Herstellung medizinischer Ger\u00e4te und vor allem zum pr\u00e4zisen und schnellen Schneiden harter kieferorthop\u00e4discher Dr\u00e4hte und flexibler Ligaturen entwickelt wurde. Das Kastenscharnierdesign sorgt daf\u00fcr, dass die Zange l\u00e4nger h\u00e4lt. Die Schneidspitzen der <em>Zahnzange zum Schneiden von hartem Draht<\/em> sind parallel angeordnet und aus Edelstahl gefertigt. Die Schneidfl\u00e4che enth\u00e4lt zus\u00e4tzlich gesinterte Hartmetalleins\u00e4tze, was sie sehr widerstandsf\u00e4hig gegen mechanische Besch\u00e4digungen, hochwertig und langlebig macht. 15\u00b0-Winkel-Hartdraht-Schneidzangen<strong><\/strong>haben einen \u00e4u\u00dferst praktischen und schlanken Spitzenschliff in einem Winkel von 15\u00b0 und einen langen Griff, der das Erreichen schwer zug\u00e4nglicher Stellen, z. B. Backenz\u00e4hne, erleichtert.<\/ span><\/p>\n<p>< \/br><\/p>\n<h1 style=\"text-align: left;\"><span style=\"font-size: 10pt; font-family: arial, helvetica, sans-serif;\">Parameter von Zahnzange zum Schneiden von hartem Draht:< \/span><\/h1>\n<p><\/br><\/p>\n<ul style=\"text-align: left;\"><\/br><\/p>\n<li><span style=\"font-size: 10pt; Schriftfamilie: Arial, Helvetica, Sans-Serif;\">Standardproduktl\u00e4nge: 14 cm<\/span><\/li>\n<p><\/br><\/p>\n<li><span style=\"Schriftgr\u00f6\u00dfe: 10pt; Schriftfamilie: Arial , Helvetica, Sans-Serif;\" >Premium-Produktl\u00e4nge: 12,5 cm<\/span><\/li>\n<p><\/br><\/p>\n<li><span style=\"font-size: 10pt; Font-family: arial, helvetica, sans -serif;\">Teilbreite Arbeitsteil 4 mm<\/span><\/li>\n<p><\/br><\/p>\n<li><span style=\"font-size: 10pt; Font-family: arial, helvetica, sans-serif;\" >L\u00e4nge des Arbeitsteils 9 mm Spannweite><\/li>\n<p><\/br><\/p>\n<li><span style=\"font-size: 10pt; Font-family: arial, helvetica, sans-serif;\">Schneidfl\u00e4che enthaltend gesintert Hartmetalleins\u00e4tze<\/span>< \/li><\/br>\n<li><span style=\"font-size: 13.3333px; Schriftfamilie: Arial, Helvetica, Sans-Serif;\">deutscher Edelstahl (Standard)<\/span><\/li>\n<p><\/br><\/p>\n<li><span style=\"font-size: 13.3333px; Schriftfamilie: Arial, Helvetica, Sans-Serif;\">Japanischer Edelstahl \u2013 AISI 420 (Premium)<\/span><\/li>\n<p><\/br><\/ul>\n<p><\/br><\/p>\n<h2 style=\"text- align: left;\"><span style=\"font-size: 10pt; Schriftfamilie: Arial, Helvetica, Sans-Serif;\">Vorteile der Verwendung einer kieferorthop\u00e4dischen Pinzette zum Schneiden von hartem Draht:<\/span><\/h2>\n<p><\/br><\/p>\n<ul style=\"text-align: left;\">< \/ br><\/p>\n<li><span style=\"font-size: 10pt; Schriftfamilie: Arial, Helvetica, Sans-Serif;\">hoher deutscher Verarbeitungsstandard<\/span><\/li>\n<p><\/br><\/p>\n<li><span style=\"font-size: 10pt; Schriftfamilie: Arial, Helvetica, Sans-Serif;\">Hohe Qualit\u00e4t und Langlebigkeit des Tools<\/span><\/li>\n<p><\/br><\/p>\n<li><span style=\"font-size: 10pt; Schriftfamilie: Arial, Helvetica, Sans-Serif;\">Schnittfl\u00e4che zus\u00e4tzlich geh\u00e4rtet<\/span><\/li>\n<p><\/br><\/p>\n<li><span style=\"font-size: 10pt; Schriftfamilie: Arial, Helvetica, Sans-Serif;\">kann wiederholt desinfiziert und autoklaviert werden<\/span><\/li>\n<p><\/br><\/p>\n<li><span style=\"font-size: 10pt; Schriftfamilie: Arial, Helvetica, Sans-Serif;\">Zwei Jahre Herstellergarantie<\/span><\/li>\n<p><\/br><\/ul>\n<p><\/br><\/p>\n<p style=\"text-align: left; \" ><span style=\"font-size: 10pt; Schriftfamilie: Arial, Helvetica, Sans-Serif;\">Eine Reihe chirurgischer Instrumente in deutscher Qualit\u00e4t, zus\u00e4tzlich mit Eins\u00e4tzen aus gesintertem Hartmetall. Sie zeichnen sich durch hohe Ergonomie und Qualit\u00e4t aus. Die Instrumente m\u00fcssen vor dem ersten Gebrauch von einer qualifizierten Person sterilisiert werden . Sie verf\u00fcgen \u00fcber ISO-Qualit\u00e4tszertifikate 9001:2008 und CE.<\/span><\/p>\n","protected":false},"excerpt":{"rendered":"<p>Kieferorthop\u00e4dische Pinzette zum Schneiden von hartem Drahtist ein chirurgisches Werkzeug, das speziell zum Schneiden harter Materialien f\u00fcr die Herstellung medizinischer Ger\u00e4te und vor allem zum pr\u00e4zisen und schnellen Schneiden harter kieferorthop\u00e4discher Dr\u00e4hte und flexibler Ligaturen entwickelt wurde. Das Kastenscharnierdesign sorgt daf\u00fcr, dass die Zange l\u00e4nger h\u00e4lt. Die Schneidspitzen der Zahnzange zum Schneiden von hartem Draht &hellip;<\/p>\n<p class=\"read-more\"> <a class=\"\" href=\"https:\/\/clovedental.co\/de\/produkt\/kieferorthopaedische-zange-zum-schneiden-von-hartem-draht\/\"> <span class=\"screen-reader-text\">Kieferorthop\u00e4dische Zange zum Schneiden von hartem Draht<\/span> Weiterlesen &raquo;<\/a><\/p>\n","protected":false},"featured_media":5508,"template":"","meta":{"site-sidebar-layout":"default","site-content-layout":"","ast-site-content-layout":"","site-content-style":"default","site-sidebar-style":"default","ast-global-header-display":"","ast-banner-title-visibility":"","ast-main-header-display":"","ast-hfb-above-header-display":"","ast-hfb-below-header-display":"","ast-hfb-mobile-header-display":"","site-post-title":"","ast-breadcrumbs-content":"","ast-featured-img":"","footer-sml-layout":"","theme-transparent-header-meta":"default","adv-header-id-meta":"","stick-header-meta":"","header-above-stick-meta":"","header-main-stick-meta":"","header-below-stick-meta":"","astra-migrate-meta-layouts":"","ast-page-background-enabled":"default","ast-page-background-meta":{"desktop":{"background-color":"var(--ast-global-color-4)","background-image":"","background-repeat":"repeat","background-position":"center center","background-size":"auto","background-attachment":"scroll","background-type":"","background-media":"","overlay-type":"","overlay-color":"","overlay-gradient":""},"tablet":{"background-color":"","background-image":"","background-repeat":"repeat","background-position":"center center","background-size":"auto","background-attachment":"scroll","background-type":"","background-media":"","overlay-type":"","overlay-color":"","overlay-gradient":""},"mobile":{"background-color":"","background-image":"","background-repeat":"repeat","background-position":"center center","background-size":"auto","background-attachment":"scroll","background-type":"","background-media":"","overlay-type":"","overlay-color":"","overlay-gradient":""}},"ast-content-background-meta":{"desktop":{"background-color":"var(--ast-global-color-5)","background-image":"","background-repeat":"repeat","background-position":"center center","background-size":"auto","background-attachment":"scroll","background-type":"","background-media":"","overlay-type":"","overlay-color":"","overlay-gradient":""},"tablet":{"background-color":"var(--ast-global-color-5)","background-image":"","background-repeat":"repeat","background-position":"center center","background-size":"auto","background-attachment":"scroll","background-type":"","background-media":"","overlay-type":"","overlay-color":"","overlay-gradient":""},"mobile":{"background-color":"var(--ast-global-color-5)","background-image":"","background-repeat":"repeat","background-position":"center center","background-size":"auto","background-attachment":"scroll","background-type":"","background-media":"","overlay-type":"","overlay-color":"","overlay-gradient":""}}},"product_cat":[431],"product_tag":[],"code":[100],"class_list":{"0":"post-4796","1":"product","2":"type-product","3":"status-publish","4":"has-post-thumbnail","6":"product_cat-kieferorthopadie","7":"code-09-105-159","8":"desktop-align-left","9":"tablet-align-left","10":"mobile-align-left","12":"first","13":"instock","14":"product-type-simple"},"acf":[],"yoast_head":"<!-- This site is optimized with the Yoast SEO plugin v21.9.1 - https:\/\/yoast.com\/wordpress\/plugins\/seo\/ -->\n<title>Kieferorthop\u00e4dische Zange zum Schneiden von hartem Draht | clovedental.co<\/title>\n<meta name=\"robots\" content=\"index, follow, max-snippet:-1, max-image-preview:large, max-video-preview:-1\" \/>\n<link rel=\"canonical\" href=\"https:\/\/clovedental.co\/de\/produkt\/kieferorthopaedische-zange-zum-schneiden-von-hartem-draht\/\" \/>\n<meta property=\"og:locale\" content=\"de_DE\" \/>\n<meta property=\"og:type\" content=\"article\" \/>\n<meta property=\"og:title\" content=\"Kieferorthop\u00e4dische Zange zum Schneiden von hartem Draht | clovedental.co\" \/>\n<meta property=\"og:description\" content=\"Kieferorthop\u00e4dische Pinzette zum Schneiden von hartem Drahtist ein chirurgisches Werkzeug, das speziell zum Schneiden harter Materialien f\u00fcr die Herstellung medizinischer Ger\u00e4te und vor allem zum pr\u00e4zisen und schnellen Schneiden harter kieferorthop\u00e4discher Dr\u00e4hte und flexibler Ligaturen entwickelt wurde. Das Kastenscharnierdesign sorgt daf\u00fcr, dass die Zange l\u00e4nger h\u00e4lt. Die Schneidspitzen der Zahnzange zum Schneiden von hartem Draht &hellip; Kieferorthop\u00e4dische Zange zum Schneiden von hartem Draht Weiterlesen &raquo;\" \/>\n<meta property=\"og:url\" content=\"https:\/\/clovedental.co\/de\/produkt\/kieferorthopaedische-zange-zum-schneiden-von-hartem-draht\/\" \/>\n<meta property=\"og:site_name\" content=\"clovedental.co\" \/>\n<meta property=\"article:modified_time\" content=\"2024-01-10T08:50:50+00:00\" \/>\n<meta property=\"og:image\" content=\"http:\/\/clovedental.co\/wp-content\/uploads\/2024\/01\/97bf729d-787f-4f23-922c-2646fee87806.jpeg\" \/>\n\t<meta property=\"og:image:width\" content=\"1200\" \/>\n\t<meta property=\"og:image:height\" content=\"1200\" \/>\n\t<meta property=\"og:image:type\" content=\"image\/jpeg\" \/>\n<meta name=\"twitter:card\" content=\"summary_large_image\" \/>\n<meta name=\"twitter:label1\" content=\"Gesch\u00e4tzte Lesezeit\" \/>\n\t<meta name=\"twitter:data1\" content=\"1\u00a0Minute\" \/>\n<script type=\"application\/ld+json\" class=\"yoast-schema-graph\">{\"@context\":\"https:\/\/schema.org\",\"@graph\":[{\"@type\":\"WebPage\",\"@id\":\"https:\/\/clovedental.co\/de\/produkt\/kieferorthopaedische-zange-zum-schneiden-von-hartem-draht\/\",\"url\":\"https:\/\/clovedental.co\/de\/produkt\/kieferorthopaedische-zange-zum-schneiden-von-hartem-draht\/\",\"name\":\"Kieferorthop\u00e4dische Zange zum Schneiden von hartem Draht | clovedental.co\",\"isPartOf\":{\"@id\":\"https:\/\/clovedental.co\/de\/#website\"},\"datePublished\":\"2024-01-10T08:36:46+00:00\",\"dateModified\":\"2024-01-10T08:50:50+00:00\",\"breadcrumb\":{\"@id\":\"https:\/\/clovedental.co\/de\/produkt\/kieferorthopaedische-zange-zum-schneiden-von-hartem-draht\/#breadcrumb\"},\"inLanguage\":\"de\",\"potentialAction\":[{\"@type\":\"ReadAction\",\"target\":[\"https:\/\/clovedental.co\/de\/produkt\/kieferorthopaedische-zange-zum-schneiden-von-hartem-draht\/\"]}]},{\"@type\":\"BreadcrumbList\",\"@id\":\"https:\/\/clovedental.co\/de\/produkt\/kieferorthopaedische-zange-zum-schneiden-von-hartem-draht\/#breadcrumb\",\"itemListElement\":[{\"@type\":\"ListItem\",\"position\":1,\"name\":\"Strona g\u0142\u00f3wna\",\"item\":\"https:\/\/clovedental.co\/de\/\"},{\"@type\":\"ListItem\",\"position\":2,\"name\":\"Shop\",\"item\":\"https:\/\/clovedental.co\/products\/shop\/\"},{\"@type\":\"ListItem\",\"position\":3,\"name\":\"Kieferorthop\u00e4dische Zange zum Schneiden von hartem Draht\"}]},{\"@type\":\"WebSite\",\"@id\":\"https:\/\/clovedental.co\/de\/#website\",\"url\":\"https:\/\/clovedental.co\/de\/\",\"name\":\"Manufacturer of Dental and Surgical Instruments\",\"description\":\"Details are the Key\",\"publisher\":{\"@id\":\"https:\/\/clovedental.co\/de\/#organization\"},\"alternateName\":\"Dental and Surgical Instruments\",\"potentialAction\":[{\"@type\":\"SearchAction\",\"target\":{\"@type\":\"EntryPoint\",\"urlTemplate\":\"https:\/\/clovedental.co\/de\/?s={search_term_string}\"},\"query-input\":\"required name=search_term_string\"}],\"inLanguage\":\"de\"},{\"@type\":\"Organization\",\"@id\":\"https:\/\/clovedental.co\/de\/#organization\",\"name\":\"clovedental.co\",\"alternateName\":\"Clove\",\"url\":\"https:\/\/clovedental.co\/de\/\",\"logo\":{\"@type\":\"ImageObject\",\"inLanguage\":\"de\",\"@id\":\"https:\/\/clovedental.co\/de\/#\/schema\/logo\/image\/\",\"url\":\"https:\/\/clovedental.co\/wp-content\/uploads\/2023\/12\/LOGO_CLOVE.png\",\"contentUrl\":\"https:\/\/clovedental.co\/wp-content\/uploads\/2023\/12\/LOGO_CLOVE.png\",\"width\":1400,\"height\":1400,\"caption\":\"clovedental.co\"},\"image\":{\"@id\":\"https:\/\/clovedental.co\/de\/#\/schema\/logo\/image\/\"}}]}<\/script>\n<!-- \/ Yoast SEO plugin. -->","yoast_head_json":{"title":"Kieferorthop\u00e4dische Zange zum Schneiden von hartem Draht | clovedental.co","robots":{"index":"index","follow":"follow","max-snippet":"max-snippet:-1","max-image-preview":"max-image-preview:large","max-video-preview":"max-video-preview:-1"},"canonical":"https:\/\/clovedental.co\/de\/produkt\/kieferorthopaedische-zange-zum-schneiden-von-hartem-draht\/","og_locale":"de_DE","og_type":"article","og_title":"Kieferorthop\u00e4dische Zange zum Schneiden von hartem Draht | clovedental.co","og_description":"Kieferorthop\u00e4dische Pinzette zum Schneiden von hartem Drahtist ein chirurgisches Werkzeug, das speziell zum Schneiden harter Materialien f\u00fcr die Herstellung medizinischer Ger\u00e4te und vor allem zum pr\u00e4zisen und schnellen Schneiden harter kieferorthop\u00e4discher Dr\u00e4hte und flexibler Ligaturen entwickelt wurde. Das Kastenscharnierdesign sorgt daf\u00fcr, dass die Zange l\u00e4nger h\u00e4lt. Die Schneidspitzen der Zahnzange zum Schneiden von hartem Draht &hellip; Kieferorthop\u00e4dische Zange zum Schneiden von hartem Draht Weiterlesen &raquo;","og_url":"https:\/\/clovedental.co\/de\/produkt\/kieferorthopaedische-zange-zum-schneiden-von-hartem-draht\/","og_site_name":"clovedental.co","article_modified_time":"2024-01-10T08:50:50+00:00","og_image":[{"width":1200,"height":1200,"url":"http:\/\/clovedental.co\/wp-content\/uploads\/2024\/01\/97bf729d-787f-4f23-922c-2646fee87806.jpeg","type":"image\/jpeg"}],"twitter_card":"summary_large_image","twitter_misc":{"Gesch\u00e4tzte Lesezeit":"1\u00a0Minute"},"schema":{"@context":"https:\/\/schema.org","@graph":[{"@type":"WebPage","@id":"https:\/\/clovedental.co\/de\/produkt\/kieferorthopaedische-zange-zum-schneiden-von-hartem-draht\/","url":"https:\/\/clovedental.co\/de\/produkt\/kieferorthopaedische-zange-zum-schneiden-von-hartem-draht\/","name":"Kieferorthop\u00e4dische Zange zum Schneiden von hartem Draht | clovedental.co","isPartOf":{"@id":"https:\/\/clovedental.co\/de\/#website"},"datePublished":"2024-01-10T08:36:46+00:00","dateModified":"2024-01-10T08:50:50+00:00","breadcrumb":{"@id":"https:\/\/clovedental.co\/de\/produkt\/kieferorthopaedische-zange-zum-schneiden-von-hartem-draht\/#breadcrumb"},"inLanguage":"de","potentialAction":[{"@type":"ReadAction","target":["https:\/\/clovedental.co\/de\/produkt\/kieferorthopaedische-zange-zum-schneiden-von-hartem-draht\/"]}]},{"@type":"BreadcrumbList","@id":"https:\/\/clovedental.co\/de\/produkt\/kieferorthopaedische-zange-zum-schneiden-von-hartem-draht\/#breadcrumb","itemListElement":[{"@type":"ListItem","position":1,"name":"Strona g\u0142\u00f3wna","item":"https:\/\/clovedental.co\/de\/"},{"@type":"ListItem","position":2,"name":"Shop","item":"https:\/\/clovedental.co\/products\/shop\/"},{"@type":"ListItem","position":3,"name":"Kieferorthop\u00e4dische Zange zum Schneiden von hartem Draht"}]},{"@type":"WebSite","@id":"https:\/\/clovedental.co\/de\/#website","url":"https:\/\/clovedental.co\/de\/","name":"Manufacturer of Dental and Surgical Instruments","description":"Details are the Key","publisher":{"@id":"https:\/\/clovedental.co\/de\/#organization"},"alternateName":"Dental and Surgical Instruments","potentialAction":[{"@type":"SearchAction","target":{"@type":"EntryPoint","urlTemplate":"https:\/\/clovedental.co\/de\/?s={search_term_string}"},"query-input":"required name=search_term_string"}],"inLanguage":"de"},{"@type":"Organization","@id":"https:\/\/clovedental.co\/de\/#organization","name":"clovedental.co","alternateName":"Clove","url":"https:\/\/clovedental.co\/de\/","logo":{"@type":"ImageObject","inLanguage":"de","@id":"https:\/\/clovedental.co\/de\/#\/schema\/logo\/image\/","url":"https:\/\/clovedental.co\/wp-content\/uploads\/2023\/12\/LOGO_CLOVE.png","contentUrl":"https:\/\/clovedental.co\/wp-content\/uploads\/2023\/12\/LOGO_CLOVE.png","width":1400,"height":1400,"caption":"clovedental.co"},"image":{"@id":"https:\/\/clovedental.co\/de\/#\/schema\/logo\/image\/"}}]}},"_links":{"self":[{"href":"https:\/\/clovedental.co\/de\/wp-json\/wp\/v2\/product\/4796","targetHints":{"allow":["GET"]}}],"collection":[{"href":"https:\/\/clovedental.co\/de\/wp-json\/wp\/v2\/product"}],"about":[{"href":"https:\/\/clovedental.co\/de\/wp-json\/wp\/v2\/types\/product"}],"wp:featuredmedia":[{"embeddable":true,"href":"https:\/\/clovedental.co\/de\/wp-json\/wp\/v2\/media\/5508"}],"wp:attachment":[{"href":"https:\/\/clovedental.co\/de\/wp-json\/wp\/v2\/media?parent=4796"}],"wp:term":[{"taxonomy":"product_cat","embeddable":true,"href":"https:\/\/clovedental.co\/de\/wp-json\/wp\/v2\/product_cat?post=4796"},{"taxonomy":"product_tag","embeddable":true,"href":"https:\/\/clovedental.co\/de\/wp-json\/wp\/v2\/product_tag?post=4796"},{"taxonomy":"code","embeddable":true,"href":"https:\/\/clovedental.co\/de\/wp-json\/wp\/v2\/code?post=4796"}],"curies":[{"name":"wp","href":"https:\/\/api.w.org\/{rel}","templated":true}]}}