{"id":4797,"date":"2024-01-10T08:36:54","date_gmt":"2024-01-10T08:36:54","guid":{"rendered":"https:\/\/clovedental.co\/product\/kieferorthopaedische-zange-zum-schneiden-von-ligaturen-groesse-13-cm\/"},"modified":"2024-01-10T08:50:51","modified_gmt":"2024-01-10T08:50:51","slug":"kieferorthopaedische-zange-zum-schneiden-von-ligaturen-groesse-13-cm","status":"publish","type":"product","link":"https:\/\/clovedental.co\/de\/produkt\/kieferorthopaedische-zange-zum-schneiden-von-ligaturen-groesse-13-cm\/","title":{"rendered":"Kieferorthop\u00e4dische Zange zum Schneiden von Ligaturen, Gr\u00f6\u00dfe: 13 cm"},"content":{"rendered":"<p style=\"text-align: left;\"><span style=\"font-size: 10pt; font-family: arial, helvetica, sans-serif;\"><strong>Kieferorthop\u00e4dische Pinzette zum Schneiden von Ligaturen<\/strong> haupts\u00e4chlich in der Kieferorthop\u00e4die eingesetzt. Die Vorderseite der Zange in Standardgr\u00f6\u00dfe hat eine konkave Form, die beim Schneiden des Ligaturdrahtes maximale Sicht und Zug\u00e4nglichkeit zu den entsprechenden Bereichen bietet. <span style=\"text-decoration: underline;\">Ligaturschneidezangen<\/span> bestehen aus einem ergonomischen und gut sitzenden Griff und einem Arbeitsteil mit gesinterten Hartmetalleins\u00e4tzen. Die Schneidplatten aus Edelstahl sind parallel angeordnet und die Schneidfl\u00e4che enth\u00e4lt zus\u00e4tzlich gesinterte Hartmetalleins\u00e4tze. Sie zeichnen sich durch eine hohe Widerstandsf\u00e4higkeit gegen mechanische Besch\u00e4digungen sowie eine hohe Qualit\u00e4t und Langlebigkeit aus.<\/span><\/p>\n<p><\/br><\/p>\n<h1 style=\"text-align: left;\"><span style=\"font-size: 10pt ; Schriftartenfamilie: Arial, Helvetica, Sans-Serif;\"><strong>Parameter<\/strong><strong>kieferorthop\u00e4discher Pinzetten zum Schneiden von Ligaturen<\/strong><strong>:<\/strong><\/ span><\/ h1><\/br><\/p>\n<ul style=\"text-align: left;\"><\/br><\/p>\n<li><span style=\"font-size: 10pt; Font-family: arial, helvetica, sans -serif;\" >Standardproduktl\u00e4nge: 15 cm<\/span><\/li>\n<p><\/br><\/p>\n<li><span style=\"font-size: 10pt; Font-family: arial, helvetica, sans-serif;\"> Premiumproduktl\u00e4nge: 13 cm<\/span><\/li>\n<p><\/br><\/p>\n<li><span style=\"font-size: 10pt; Font-family: arial, helvetica, sans-serif;\">hochgradig geh\u00e4rtet \u2013 inklusive gesinterter Hartmetalleins\u00e4tze< \/span><\/li>\n<p><\/br><\/p>\n<li><span style=\"Schriftgr\u00f6\u00dfe: 10pt; Schriftfamilie: Arial, Helvetica, Sans-Serif;\">Schnittst\u00e4rke des Ligaturdrahtes \u2013 0,10 mm x 0,15 mm <\/span><\/li>\n<p><\/br><\/p>\n<li><span style=\"font-size: 10pt; Font-family: arial, helvetica, sans-serif;\">ergonomische Griffe perfekt ausbalanciert<\/span span>< \/li><\/br>\n<li><span style=\"font-size: 10pt; Schriftfamilie: Arial, Helvetica, Sans-Serif;\">Glatte, seidenmatte Oberfl\u00e4che<\/span><\/li>\n<p><\/br><\/p>\n<li><span style=\"font-size: 10pt; Schriftfamilie: Arial, Helvetica, Sans-Serif;\">Franz\u00f6sischer Chirurgenstahl<\/span><\/li>\n<p><\/br><\/ul>\n<p><\/br><\/p>\n<h2 style=\"text-align: left;\"> <span style=\"font-size: 10pt; Schriftfamilie: Arial, Helvetica, Sans-Serif;\"><strong>Vorteile der Verwendung<\/strong><strong>Zangen<\/strong><strong>zum Schneiden von Ligaturen<\/strong><strong>:<\/strong> <\/span><\/h2>\n<p><\/br><\/p>\n<ul style=\"text-align: left;\"><\/br><\/p>\n<li><span style=\"font-size: 10pt; Schriftfamilie: Arial, Helvetica, Sans-Serif;\">Gr\u00f6\u00dfe, Form und Gewicht der Griffe erm\u00f6glichen eine komfortable Nutzung<\/span><\/li>\n<p><\/br><\/p>\n<li><span style=\"font-size: 10pt; Schriftfamilie: Arial, Helvetica, Sans-Serif;\">Perfekte und parallele Anordnung der Spitzen und Haltbarkeit machen das Arbeiten \u00e4u\u00dferst reibungslos<\/span><\/li>\n<p><\/br><\/p>\n<li><span style=\"font- Gr\u00f6\u00dfe: 10pt; Schriftfamilie: Arial, Helvetica, Sans-Serif;\">Die Werkzeuge sind vollst\u00e4ndig von Hand poliert, sie haben glatte, profilierte Kanten, was den Arbeitskomfort erleichtert<\/span><\/li>\n<p><\/br><\/p>\n<li><span style= \"Schriftgr\u00f6\u00dfe: 10pt; Schriftfamilie: Arial, Helvetica, Sans-Serif;\">handgefertigt ohne Lichtreflexe<\/span><\/li>\n<p><\/br><\/p>\n<li><span style=\"font-size: 10pt; Schriftfamilie: Arial, Helvetica, Sans-Serif;\">M\u00f6glichkeit der wiederholten Desinfektion und Sterilisation im Autoklaven<\/span><\/li>\n<p><\/br><\/p>\n<li><span style=\"font-size: 10pt; Schriftfamilie: Arial, Helvetica, Sans-Serif;\">F\u00fcnf Jahre Herstellergarantie<\/span><\/li>\n<p><\/br><\/ul>\n<p><\/br><\/p>\n<p style=\"text-align: left; \"> <span style=\"font-size: 10pt; Schriftfamilie: Arial, Helvetica, Sans-Serif;\"><em>Ligaturschneidezangen<\/em> bestehen aus hochwertigem chirurgischem Stahl und sind f\u00fcr eine qualifizierte Person bestimmt. Vor dem ersten Gebrauch muss das Werkzeug sterilisiert und desinfiziert werden Prozess im Autoklaven. Sie sind CE- und ISO 9001:2008-zertifiziert.<\/span><\/p>\n","protected":false},"excerpt":{"rendered":"<p>Kieferorthop\u00e4dische Pinzette zum Schneiden von Ligaturen haupts\u00e4chlich in der Kieferorthop\u00e4die eingesetzt. Die Vorderseite der Zange in Standardgr\u00f6\u00dfe hat eine konkave Form, die beim Schneiden des Ligaturdrahtes maximale Sicht und Zug\u00e4nglichkeit zu den entsprechenden Bereichen bietet. Ligaturschneidezangen bestehen aus einem ergonomischen und gut sitzenden Griff und einem Arbeitsteil mit gesinterten Hartmetalleins\u00e4tzen. Die Schneidplatten aus Edelstahl sind &hellip;<\/p>\n<p class=\"read-more\"> <a class=\"\" href=\"https:\/\/clovedental.co\/de\/produkt\/kieferorthopaedische-zange-zum-schneiden-von-ligaturen-groesse-13-cm\/\"> <span class=\"screen-reader-text\">Kieferorthop\u00e4dische Zange zum Schneiden von Ligaturen, Gr\u00f6\u00dfe: 13 cm<\/span> Weiterlesen &raquo;<\/a><\/p>\n","protected":false},"featured_media":5548,"template":"","meta":{"site-sidebar-layout":"default","site-content-layout":"","ast-site-content-layout":"","site-content-style":"default","site-sidebar-style":"default","ast-global-header-display":"","ast-banner-title-visibility":"","ast-main-header-display":"","ast-hfb-above-header-display":"","ast-hfb-below-header-display":"","ast-hfb-mobile-header-display":"","site-post-title":"","ast-breadcrumbs-content":"","ast-featured-img":"","footer-sml-layout":"","theme-transparent-header-meta":"default","adv-header-id-meta":"","stick-header-meta":"","header-above-stick-meta":"","header-main-stick-meta":"","header-below-stick-meta":"","astra-migrate-meta-layouts":"","ast-page-background-enabled":"default","ast-page-background-meta":{"desktop":{"background-color":"var(--ast-global-color-4)","background-image":"","background-repeat":"repeat","background-position":"center center","background-size":"auto","background-attachment":"scroll","background-type":"","background-media":"","overlay-type":"","overlay-color":"","overlay-gradient":""},"tablet":{"background-color":"","background-image":"","background-repeat":"repeat","background-position":"center center","background-size":"auto","background-attachment":"scroll","background-type":"","background-media":"","overlay-type":"","overlay-color":"","overlay-gradient":""},"mobile":{"background-color":"","background-image":"","background-repeat":"repeat","background-position":"center center","background-size":"auto","background-attachment":"scroll","background-type":"","background-media":"","overlay-type":"","overlay-color":"","overlay-gradient":""}},"ast-content-background-meta":{"desktop":{"background-color":"var(--ast-global-color-5)","background-image":"","background-repeat":"repeat","background-position":"center center","background-size":"auto","background-attachment":"scroll","background-type":"","background-media":"","overlay-type":"","overlay-color":"","overlay-gradient":""},"tablet":{"background-color":"var(--ast-global-color-5)","background-image":"","background-repeat":"repeat","background-position":"center center","background-size":"auto","background-attachment":"scroll","background-type":"","background-media":"","overlay-type":"","overlay-color":"","overlay-gradient":""},"mobile":{"background-color":"var(--ast-global-color-5)","background-image":"","background-repeat":"repeat","background-position":"center center","background-size":"auto","background-attachment":"scroll","background-type":"","background-media":"","overlay-type":"","overlay-color":"","overlay-gradient":""}}},"product_cat":[431],"product_tag":[],"code":[],"class_list":{"0":"post-4797","1":"product","2":"type-product","3":"status-publish","4":"has-post-thumbnail","6":"product_cat-kieferorthopadie","7":"desktop-align-left","8":"tablet-align-left","9":"mobile-align-left","11":"first","12":"instock","13":"product-type-simple"},"acf":[],"yoast_head":"<!-- This site is optimized with the Yoast SEO plugin v21.9.1 - https:\/\/yoast.com\/wordpress\/plugins\/seo\/ -->\n<title>Kieferorthop\u00e4dische Zange zum Schneiden von Ligaturen, Gr\u00f6\u00dfe: 13 cm | clovedental.co<\/title>\n<meta name=\"robots\" content=\"index, follow, max-snippet:-1, max-image-preview:large, max-video-preview:-1\" \/>\n<link rel=\"canonical\" href=\"https:\/\/clovedental.co\/de\/produkt\/kieferorthopaedische-zange-zum-schneiden-von-ligaturen-groesse-13-cm\/\" \/>\n<meta property=\"og:locale\" content=\"de_DE\" \/>\n<meta property=\"og:type\" content=\"article\" \/>\n<meta property=\"og:title\" content=\"Kieferorthop\u00e4dische Zange zum Schneiden von Ligaturen, Gr\u00f6\u00dfe: 13 cm | clovedental.co\" \/>\n<meta property=\"og:description\" content=\"Kieferorthop\u00e4dische Pinzette zum Schneiden von Ligaturen haupts\u00e4chlich in der Kieferorthop\u00e4die eingesetzt. Die Vorderseite der Zange in Standardgr\u00f6\u00dfe hat eine konkave Form, die beim Schneiden des Ligaturdrahtes maximale Sicht und Zug\u00e4nglichkeit zu den entsprechenden Bereichen bietet. Ligaturschneidezangen bestehen aus einem ergonomischen und gut sitzenden Griff und einem Arbeitsteil mit gesinterten Hartmetalleins\u00e4tzen. Die Schneidplatten aus Edelstahl sind &hellip; Kieferorthop\u00e4dische Zange zum Schneiden von Ligaturen, Gr\u00f6\u00dfe: 13 cm Weiterlesen &raquo;\" \/>\n<meta property=\"og:url\" content=\"https:\/\/clovedental.co\/de\/produkt\/kieferorthopaedische-zange-zum-schneiden-von-ligaturen-groesse-13-cm\/\" \/>\n<meta property=\"og:site_name\" content=\"clovedental.co\" \/>\n<meta property=\"article:modified_time\" content=\"2024-01-10T08:50:51+00:00\" \/>\n<meta property=\"og:image\" content=\"http:\/\/clovedental.co\/wp-content\/uploads\/2024\/01\/550a2b4a-b330-4fb6-8ad2-594fca360ba1.jpeg\" \/>\n\t<meta property=\"og:image:width\" content=\"1200\" \/>\n\t<meta property=\"og:image:height\" content=\"1200\" \/>\n\t<meta property=\"og:image:type\" content=\"image\/jpeg\" \/>\n<meta name=\"twitter:card\" content=\"summary_large_image\" \/>\n<meta name=\"twitter:label1\" content=\"Gesch\u00e4tzte Lesezeit\" \/>\n\t<meta name=\"twitter:data1\" content=\"1\u00a0Minute\" \/>\n<script type=\"application\/ld+json\" class=\"yoast-schema-graph\">{\"@context\":\"https:\/\/schema.org\",\"@graph\":[{\"@type\":\"WebPage\",\"@id\":\"https:\/\/clovedental.co\/de\/produkt\/kieferorthopaedische-zange-zum-schneiden-von-ligaturen-groesse-13-cm\/\",\"url\":\"https:\/\/clovedental.co\/de\/produkt\/kieferorthopaedische-zange-zum-schneiden-von-ligaturen-groesse-13-cm\/\",\"name\":\"Kieferorthop\u00e4dische Zange zum Schneiden von Ligaturen, Gr\u00f6\u00dfe: 13 cm | clovedental.co\",\"isPartOf\":{\"@id\":\"https:\/\/clovedental.co\/de\/#website\"},\"datePublished\":\"2024-01-10T08:36:54+00:00\",\"dateModified\":\"2024-01-10T08:50:51+00:00\",\"breadcrumb\":{\"@id\":\"https:\/\/clovedental.co\/de\/produkt\/kieferorthopaedische-zange-zum-schneiden-von-ligaturen-groesse-13-cm\/#breadcrumb\"},\"inLanguage\":\"de\",\"potentialAction\":[{\"@type\":\"ReadAction\",\"target\":[\"https:\/\/clovedental.co\/de\/produkt\/kieferorthopaedische-zange-zum-schneiden-von-ligaturen-groesse-13-cm\/\"]}]},{\"@type\":\"BreadcrumbList\",\"@id\":\"https:\/\/clovedental.co\/de\/produkt\/kieferorthopaedische-zange-zum-schneiden-von-ligaturen-groesse-13-cm\/#breadcrumb\",\"itemListElement\":[{\"@type\":\"ListItem\",\"position\":1,\"name\":\"Strona g\u0142\u00f3wna\",\"item\":\"https:\/\/clovedental.co\/de\/\"},{\"@type\":\"ListItem\",\"position\":2,\"name\":\"Shop\",\"item\":\"https:\/\/clovedental.co\/products\/shop\/\"},{\"@type\":\"ListItem\",\"position\":3,\"name\":\"Kieferorthop\u00e4dische Zange zum Schneiden von Ligaturen, Gr\u00f6\u00dfe: 13 cm\"}]},{\"@type\":\"WebSite\",\"@id\":\"https:\/\/clovedental.co\/de\/#website\",\"url\":\"https:\/\/clovedental.co\/de\/\",\"name\":\"Manufacturer of Dental and Surgical Instruments\",\"description\":\"Details are the Key\",\"publisher\":{\"@id\":\"https:\/\/clovedental.co\/de\/#organization\"},\"alternateName\":\"Dental and Surgical Instruments\",\"potentialAction\":[{\"@type\":\"SearchAction\",\"target\":{\"@type\":\"EntryPoint\",\"urlTemplate\":\"https:\/\/clovedental.co\/de\/?s={search_term_string}\"},\"query-input\":\"required name=search_term_string\"}],\"inLanguage\":\"de\"},{\"@type\":\"Organization\",\"@id\":\"https:\/\/clovedental.co\/de\/#organization\",\"name\":\"clovedental.co\",\"alternateName\":\"Clove\",\"url\":\"https:\/\/clovedental.co\/de\/\",\"logo\":{\"@type\":\"ImageObject\",\"inLanguage\":\"de\",\"@id\":\"https:\/\/clovedental.co\/de\/#\/schema\/logo\/image\/\",\"url\":\"https:\/\/clovedental.co\/wp-content\/uploads\/2023\/12\/LOGO_CLOVE.png\",\"contentUrl\":\"https:\/\/clovedental.co\/wp-content\/uploads\/2023\/12\/LOGO_CLOVE.png\",\"width\":1400,\"height\":1400,\"caption\":\"clovedental.co\"},\"image\":{\"@id\":\"https:\/\/clovedental.co\/de\/#\/schema\/logo\/image\/\"}}]}<\/script>\n<!-- \/ Yoast SEO plugin. -->","yoast_head_json":{"title":"Kieferorthop\u00e4dische Zange zum Schneiden von Ligaturen, Gr\u00f6\u00dfe: 13 cm | clovedental.co","robots":{"index":"index","follow":"follow","max-snippet":"max-snippet:-1","max-image-preview":"max-image-preview:large","max-video-preview":"max-video-preview:-1"},"canonical":"https:\/\/clovedental.co\/de\/produkt\/kieferorthopaedische-zange-zum-schneiden-von-ligaturen-groesse-13-cm\/","og_locale":"de_DE","og_type":"article","og_title":"Kieferorthop\u00e4dische Zange zum Schneiden von Ligaturen, Gr\u00f6\u00dfe: 13 cm | clovedental.co","og_description":"Kieferorthop\u00e4dische Pinzette zum Schneiden von Ligaturen haupts\u00e4chlich in der Kieferorthop\u00e4die eingesetzt. Die Vorderseite der Zange in Standardgr\u00f6\u00dfe hat eine konkave Form, die beim Schneiden des Ligaturdrahtes maximale Sicht und Zug\u00e4nglichkeit zu den entsprechenden Bereichen bietet. Ligaturschneidezangen bestehen aus einem ergonomischen und gut sitzenden Griff und einem Arbeitsteil mit gesinterten Hartmetalleins\u00e4tzen. Die Schneidplatten aus Edelstahl sind &hellip; Kieferorthop\u00e4dische Zange zum Schneiden von Ligaturen, Gr\u00f6\u00dfe: 13 cm Weiterlesen &raquo;","og_url":"https:\/\/clovedental.co\/de\/produkt\/kieferorthopaedische-zange-zum-schneiden-von-ligaturen-groesse-13-cm\/","og_site_name":"clovedental.co","article_modified_time":"2024-01-10T08:50:51+00:00","og_image":[{"width":1200,"height":1200,"url":"http:\/\/clovedental.co\/wp-content\/uploads\/2024\/01\/550a2b4a-b330-4fb6-8ad2-594fca360ba1.jpeg","type":"image\/jpeg"}],"twitter_card":"summary_large_image","twitter_misc":{"Gesch\u00e4tzte Lesezeit":"1\u00a0Minute"},"schema":{"@context":"https:\/\/schema.org","@graph":[{"@type":"WebPage","@id":"https:\/\/clovedental.co\/de\/produkt\/kieferorthopaedische-zange-zum-schneiden-von-ligaturen-groesse-13-cm\/","url":"https:\/\/clovedental.co\/de\/produkt\/kieferorthopaedische-zange-zum-schneiden-von-ligaturen-groesse-13-cm\/","name":"Kieferorthop\u00e4dische Zange zum Schneiden von Ligaturen, Gr\u00f6\u00dfe: 13 cm | clovedental.co","isPartOf":{"@id":"https:\/\/clovedental.co\/de\/#website"},"datePublished":"2024-01-10T08:36:54+00:00","dateModified":"2024-01-10T08:50:51+00:00","breadcrumb":{"@id":"https:\/\/clovedental.co\/de\/produkt\/kieferorthopaedische-zange-zum-schneiden-von-ligaturen-groesse-13-cm\/#breadcrumb"},"inLanguage":"de","potentialAction":[{"@type":"ReadAction","target":["https:\/\/clovedental.co\/de\/produkt\/kieferorthopaedische-zange-zum-schneiden-von-ligaturen-groesse-13-cm\/"]}]},{"@type":"BreadcrumbList","@id":"https:\/\/clovedental.co\/de\/produkt\/kieferorthopaedische-zange-zum-schneiden-von-ligaturen-groesse-13-cm\/#breadcrumb","itemListElement":[{"@type":"ListItem","position":1,"name":"Strona g\u0142\u00f3wna","item":"https:\/\/clovedental.co\/de\/"},{"@type":"ListItem","position":2,"name":"Shop","item":"https:\/\/clovedental.co\/products\/shop\/"},{"@type":"ListItem","position":3,"name":"Kieferorthop\u00e4dische Zange zum Schneiden von Ligaturen, Gr\u00f6\u00dfe: 13 cm"}]},{"@type":"WebSite","@id":"https:\/\/clovedental.co\/de\/#website","url":"https:\/\/clovedental.co\/de\/","name":"Manufacturer of Dental and Surgical Instruments","description":"Details are the Key","publisher":{"@id":"https:\/\/clovedental.co\/de\/#organization"},"alternateName":"Dental and Surgical Instruments","potentialAction":[{"@type":"SearchAction","target":{"@type":"EntryPoint","urlTemplate":"https:\/\/clovedental.co\/de\/?s={search_term_string}"},"query-input":"required name=search_term_string"}],"inLanguage":"de"},{"@type":"Organization","@id":"https:\/\/clovedental.co\/de\/#organization","name":"clovedental.co","alternateName":"Clove","url":"https:\/\/clovedental.co\/de\/","logo":{"@type":"ImageObject","inLanguage":"de","@id":"https:\/\/clovedental.co\/de\/#\/schema\/logo\/image\/","url":"https:\/\/clovedental.co\/wp-content\/uploads\/2023\/12\/LOGO_CLOVE.png","contentUrl":"https:\/\/clovedental.co\/wp-content\/uploads\/2023\/12\/LOGO_CLOVE.png","width":1400,"height":1400,"caption":"clovedental.co"},"image":{"@id":"https:\/\/clovedental.co\/de\/#\/schema\/logo\/image\/"}}]}},"_links":{"self":[{"href":"https:\/\/clovedental.co\/de\/wp-json\/wp\/v2\/product\/4797","targetHints":{"allow":["GET"]}}],"collection":[{"href":"https:\/\/clovedental.co\/de\/wp-json\/wp\/v2\/product"}],"about":[{"href":"https:\/\/clovedental.co\/de\/wp-json\/wp\/v2\/types\/product"}],"wp:featuredmedia":[{"embeddable":true,"href":"https:\/\/clovedental.co\/de\/wp-json\/wp\/v2\/media\/5548"}],"wp:attachment":[{"href":"https:\/\/clovedental.co\/de\/wp-json\/wp\/v2\/media?parent=4797"}],"wp:term":[{"taxonomy":"product_cat","embeddable":true,"href":"https:\/\/clovedental.co\/de\/wp-json\/wp\/v2\/product_cat?post=4797"},{"taxonomy":"product_tag","embeddable":true,"href":"https:\/\/clovedental.co\/de\/wp-json\/wp\/v2\/product_tag?post=4797"},{"taxonomy":"code","embeddable":true,"href":"https:\/\/clovedental.co\/de\/wp-json\/wp\/v2\/code?post=4797"}],"curies":[{"name":"wp","href":"https:\/\/api.w.org\/{rel}","templated":true}]}}