{"id":4798,"date":"2024-01-10T08:36:54","date_gmt":"2024-01-10T08:36:54","guid":{"rendered":"https:\/\/clovedental.co\/product\/weingart-universalzange-zum-anbringen-von-brackets-und-boegen\/"},"modified":"2024-01-10T08:50:51","modified_gmt":"2024-01-10T08:50:51","slug":"weingart-universalzange-zum-anbringen-von-brackets-und-boegen","status":"publish","type":"product","link":"https:\/\/clovedental.co\/de\/produkt\/weingart-universalzange-zum-anbringen-von-brackets-und-boegen\/","title":{"rendered":"Weingart Universalzange zum Anbringen von Brackets und B\u00f6gen"},"content":{"rendered":"<p style=\"text-align:left;\"><span style=\"font-size:10pt;font-family:arial, helvetica, sans-serif;\"><em>Medizinische Mehrzweckpinzette<\/em> <strong >Weingart<\/strong> <span style=\"text-decoration:underline;\">zum Anbringen und Entfernen von Klammern und B\u00f6gen<\/span> werden zum Setzen oder Entfernen des Bogens und zum Biegen seiner Enden verwendet. Dabei handelt es sich um eine universelle, praktische Zange mit eckigen, konischen K\u00f6pfen. Sie bestehen aus ergonomischen Griffen und gezahnten, abgerundeten Pr\u00e4zisionsspitzen. <em>Weingart<\/em>-Pinzetten verf\u00fcgen \u00fcber speziell profilierte, schmale Spitzen, um den Zugang zu schwer zug\u00e4nglichen Stellen zu erleichtern. Die Spitzen mit Rillen auf der gesamten Oberfl\u00e4che erm\u00f6glichen einen festen Halt von B\u00f6gen und Hilfselementen, ohne diese zu besch\u00e4digen. Sie eignen sich perfekt f\u00fcr die Kieferorthop\u00e4die.<\/span><\/p>\n<p><\/br><\/p>\n<h1 style=\"text-align:left;\"><span style=\"font-size:10pt;font-family:arial, helvetica, sans-serif;\">Details zur Weingart-Multifunktionszange zum Anbringen von Brackets und B\u00f6gen<\/span><\/h1>\n<p><\/br><\/p>\n<ul style=\"text-align:left;\"><\/br><\/p>\n<li> <span style =\"font-family:arial, helvetica, sans-serif;\"><span style=\"font-size:13.3333px;\">2 Arten von kieferorthop\u00e4dischen Pinzetten verf\u00fcgbar: Standard und Premium TC aus hochwertigem Chirurgenstahl< \/span><\/ span><\/li>\n<p><\/br><\/p>\n<li><span style=\"font-size:10pt;font-family:arial, helvetica, sans-serif;\">Typ: universal, orthodontisch<\/ span><\/li ><\/br>\n<li><span style=\"font-size:10pt;font-family:arial, helvetica, sans-serif;\">Dicke des geformten Drahtes -. 0,30 mm x 0,50 mm<\/span><\/li>\n<p><\/br><\/p>\n<li><span style=\"font-size:10pt;font-family:arial, helvetica, sans-serif;\">ergonomische Griffe<\/span ><\/li>\n<p><\/br><\/p>\n<li><span style=\"font-size:10pt;font-family:arial, helvetica, sans-serif;\">schlankes Arbeitsteil<\/span><\/li>\n<p><\/ br><\/p>\n<li><span style=\"font-size:10pt;font-family:arial, helvetica, sans-serif;\">abgerundete gezackte Spitzen<\/span><\/li>\n<p><\/br><\/p>\n<li><span style=\"font-size:10pt;font-family:arial, helvetica, sans-serif;\">glatte, satinierte Oberfl\u00e4che<\/span><\/li>\n<p><\/br><\/p>\n<li><span style=\"font-size :10pt;font-family:arial, helvetica, sans-serif;\">franz\u00f6sischer Chirurgenstahl<\/span><\/li>\n<p><\/br><\/ul>\n<p><\/br><\/p>\n<h2><span style=\"font- size:10pt;font-family:arial, helvetica, sans-serif;\">Vorteile der multifunktionalen kieferorthop\u00e4dischen Pinzette von Weingart<\/span><\/h2>\n<p><\/br><\/p>\n<ul style=\"text-align:left;\">< \/ br><\/p>\n<li><span style=\"font-size:10pt;font-family:arial, helvetica, sans-serif;\">konische Schn\u00e4bel passen problemlos an schwer zug\u00e4ngliche Stellen<\/span><\/li>\n<p><\/br><\/p>\n<li><span style=\"font-size:10pt;font-family:arial, helvetica , serifenlos;\">pr\u00e4zise, \u200b\u200bparallele Anordnung der Enden, die die Arbeit reibungslos macht<\/span><\/li>\n<p><\/br><\/p>\n<li><span style=\"font-size:10pt;font-family:arial , helvetica , sans-serif;\">Spitzen sind aus Sicherheitsgr\u00fcnden abgerundet<\/span><\/li>\n<p><\/br><\/p>\n<li><span style=\"font-size:10pt;font-family:arial, helvetica, sans -serif ;\">gezackte Spitzen halten den Draht fest, ohne ihn zu besch\u00e4digen<\/span><\/li>\n<p><\/br><\/p>\n<li><span style=\"font-size:10pt;font-family:arial, helvetica, sans- serif;\" >ber\u00fchrungslose Pinzettenspitzen sorgen f\u00fcr Lippensicherheit<\/span><\/li>\n<p><\/br><\/p>\n<li><span style=\"font-size:10pt;font-family:arial, helvetica, sans-serif; \">Scharniertes Design in Box sorgt f\u00fcr Haltbarkeit<\/span><\/li>\n<p><\/br><\/p>\n<li><span style=\"font-size:10pt;font-family:arial, helvetica, sans-serif;\">M\u00f6glichkeit der Wiederholung Desinfektion und Sterilisation im Autoklaven <\/span><\/li>\n<p><\/br><\/p>\n<li><span style=\"font-size:10pt;font-family:arial, helvetica, sans-serif;\">ein Jahr Herstellergarantie Garantie<\/span><\/li ><\/br><\/ul>\n<p><\/br><\/p>\n<p style=\"text-align:left;\"><span style=\"font-size:10pt;font-family:arial , Helvetica, Sans-Serif;\" >Ein kieferorthop\u00e4disches Werkzeug, das in Zahnarzt- und Kieferorthop\u00e4diepraxen verwendet wird. <strong>Weingart-Multifunktionspinzetten<\/strong> m\u00fcssen bei der ersten Verwendung sterilisiert werden. Zertifiziertes Produkt \u2013 ISO 9001:2008 und CE.<\/span><\/p>\n","protected":false},"excerpt":{"rendered":"<p>Medizinische Mehrzweckpinzette Weingart zum Anbringen und Entfernen von Klammern und B\u00f6gen werden zum Setzen oder Entfernen des Bogens und zum Biegen seiner Enden verwendet. Dabei handelt es sich um eine universelle, praktische Zange mit eckigen, konischen K\u00f6pfen. Sie bestehen aus ergonomischen Griffen und gezahnten, abgerundeten Pr\u00e4zisionsspitzen. Weingart-Pinzetten verf\u00fcgen \u00fcber speziell profilierte, schmale Spitzen, um den &hellip;<\/p>\n<p class=\"read-more\"> <a class=\"\" href=\"https:\/\/clovedental.co\/de\/produkt\/weingart-universalzange-zum-anbringen-von-brackets-und-boegen\/\"> <span class=\"screen-reader-text\">Weingart Universalzange zum Anbringen von Brackets und B\u00f6gen<\/span> Weiterlesen &raquo;<\/a><\/p>\n","protected":false},"featured_media":5559,"template":"","meta":{"site-sidebar-layout":"default","site-content-layout":"","ast-site-content-layout":"","site-content-style":"default","site-sidebar-style":"default","ast-global-header-display":"","ast-banner-title-visibility":"","ast-main-header-display":"","ast-hfb-above-header-display":"","ast-hfb-below-header-display":"","ast-hfb-mobile-header-display":"","site-post-title":"","ast-breadcrumbs-content":"","ast-featured-img":"","footer-sml-layout":"","theme-transparent-header-meta":"default","adv-header-id-meta":"","stick-header-meta":"","header-above-stick-meta":"","header-main-stick-meta":"","header-below-stick-meta":"","astra-migrate-meta-layouts":"","ast-page-background-enabled":"default","ast-page-background-meta":{"desktop":{"background-color":"var(--ast-global-color-4)","background-image":"","background-repeat":"repeat","background-position":"center center","background-size":"auto","background-attachment":"scroll","background-type":"","background-media":"","overlay-type":"","overlay-color":"","overlay-gradient":""},"tablet":{"background-color":"","background-image":"","background-repeat":"repeat","background-position":"center center","background-size":"auto","background-attachment":"scroll","background-type":"","background-media":"","overlay-type":"","overlay-color":"","overlay-gradient":""},"mobile":{"background-color":"","background-image":"","background-repeat":"repeat","background-position":"center center","background-size":"auto","background-attachment":"scroll","background-type":"","background-media":"","overlay-type":"","overlay-color":"","overlay-gradient":""}},"ast-content-background-meta":{"desktop":{"background-color":"var(--ast-global-color-5)","background-image":"","background-repeat":"repeat","background-position":"center center","background-size":"auto","background-attachment":"scroll","background-type":"","background-media":"","overlay-type":"","overlay-color":"","overlay-gradient":""},"tablet":{"background-color":"var(--ast-global-color-5)","background-image":"","background-repeat":"repeat","background-position":"center center","background-size":"auto","background-attachment":"scroll","background-type":"","background-media":"","overlay-type":"","overlay-color":"","overlay-gradient":""},"mobile":{"background-color":"var(--ast-global-color-5)","background-image":"","background-repeat":"repeat","background-position":"center center","background-size":"auto","background-attachment":"scroll","background-type":"","background-media":"","overlay-type":"","overlay-color":"","overlay-gradient":""}}},"product_cat":[431],"product_tag":[],"code":[127],"class_list":{"0":"post-4798","1":"product","2":"type-product","3":"status-publish","4":"has-post-thumbnail","6":"product_cat-kieferorthopadie","7":"code-09-105-085-1","8":"desktop-align-left","9":"tablet-align-left","10":"mobile-align-left","12":"first","13":"instock","14":"product-type-simple"},"acf":[],"yoast_head":"<!-- This site is optimized with the Yoast SEO plugin v21.9.1 - https:\/\/yoast.com\/wordpress\/plugins\/seo\/ -->\n<title>Weingart Universalzange zum Anbringen von Brackets und B\u00f6gen | clovedental.co<\/title>\n<meta name=\"robots\" content=\"index, follow, max-snippet:-1, max-image-preview:large, max-video-preview:-1\" \/>\n<link rel=\"canonical\" href=\"https:\/\/clovedental.co\/de\/produkt\/weingart-universalzange-zum-anbringen-von-brackets-und-boegen\/\" \/>\n<meta property=\"og:locale\" content=\"de_DE\" \/>\n<meta property=\"og:type\" content=\"article\" \/>\n<meta property=\"og:title\" content=\"Weingart Universalzange zum Anbringen von Brackets und B\u00f6gen | clovedental.co\" \/>\n<meta property=\"og:description\" content=\"Medizinische Mehrzweckpinzette Weingart zum Anbringen und Entfernen von Klammern und B\u00f6gen werden zum Setzen oder Entfernen des Bogens und zum Biegen seiner Enden verwendet. Dabei handelt es sich um eine universelle, praktische Zange mit eckigen, konischen K\u00f6pfen. Sie bestehen aus ergonomischen Griffen und gezahnten, abgerundeten Pr\u00e4zisionsspitzen. Weingart-Pinzetten verf\u00fcgen \u00fcber speziell profilierte, schmale Spitzen, um den &hellip; Weingart Universalzange zum Anbringen von Brackets und B\u00f6gen Weiterlesen &raquo;\" \/>\n<meta property=\"og:url\" content=\"https:\/\/clovedental.co\/de\/produkt\/weingart-universalzange-zum-anbringen-von-brackets-und-boegen\/\" \/>\n<meta property=\"og:site_name\" content=\"clovedental.co\" \/>\n<meta property=\"article:modified_time\" content=\"2024-01-10T08:50:51+00:00\" \/>\n<meta property=\"og:image\" content=\"http:\/\/clovedental.co\/wp-content\/uploads\/2024\/01\/80bf6bc8-1edd-4570-839d-f621724e4a92.png\" \/>\n\t<meta property=\"og:image:width\" content=\"1200\" \/>\n\t<meta property=\"og:image:height\" content=\"1200\" \/>\n\t<meta property=\"og:image:type\" content=\"image\/png\" \/>\n<meta name=\"twitter:card\" content=\"summary_large_image\" \/>\n<meta name=\"twitter:label1\" content=\"Gesch\u00e4tzte Lesezeit\" \/>\n\t<meta name=\"twitter:data1\" content=\"1\u00a0Minute\" \/>\n<script type=\"application\/ld+json\" class=\"yoast-schema-graph\">{\"@context\":\"https:\/\/schema.org\",\"@graph\":[{\"@type\":\"WebPage\",\"@id\":\"https:\/\/clovedental.co\/de\/produkt\/weingart-universalzange-zum-anbringen-von-brackets-und-boegen\/\",\"url\":\"https:\/\/clovedental.co\/de\/produkt\/weingart-universalzange-zum-anbringen-von-brackets-und-boegen\/\",\"name\":\"Weingart Universalzange zum Anbringen von Brackets und B\u00f6gen | clovedental.co\",\"isPartOf\":{\"@id\":\"https:\/\/clovedental.co\/de\/#website\"},\"datePublished\":\"2024-01-10T08:36:54+00:00\",\"dateModified\":\"2024-01-10T08:50:51+00:00\",\"breadcrumb\":{\"@id\":\"https:\/\/clovedental.co\/de\/produkt\/weingart-universalzange-zum-anbringen-von-brackets-und-boegen\/#breadcrumb\"},\"inLanguage\":\"de\",\"potentialAction\":[{\"@type\":\"ReadAction\",\"target\":[\"https:\/\/clovedental.co\/de\/produkt\/weingart-universalzange-zum-anbringen-von-brackets-und-boegen\/\"]}]},{\"@type\":\"BreadcrumbList\",\"@id\":\"https:\/\/clovedental.co\/de\/produkt\/weingart-universalzange-zum-anbringen-von-brackets-und-boegen\/#breadcrumb\",\"itemListElement\":[{\"@type\":\"ListItem\",\"position\":1,\"name\":\"Strona g\u0142\u00f3wna\",\"item\":\"https:\/\/clovedental.co\/de\/\"},{\"@type\":\"ListItem\",\"position\":2,\"name\":\"Shop\",\"item\":\"https:\/\/clovedental.co\/products\/shop\/\"},{\"@type\":\"ListItem\",\"position\":3,\"name\":\"Weingart Universalzange zum Anbringen von Brackets und B\u00f6gen\"}]},{\"@type\":\"WebSite\",\"@id\":\"https:\/\/clovedental.co\/de\/#website\",\"url\":\"https:\/\/clovedental.co\/de\/\",\"name\":\"Manufacturer of Dental and Surgical Instruments\",\"description\":\"Details are the Key\",\"publisher\":{\"@id\":\"https:\/\/clovedental.co\/de\/#organization\"},\"alternateName\":\"Dental and Surgical Instruments\",\"potentialAction\":[{\"@type\":\"SearchAction\",\"target\":{\"@type\":\"EntryPoint\",\"urlTemplate\":\"https:\/\/clovedental.co\/de\/?s={search_term_string}\"},\"query-input\":\"required name=search_term_string\"}],\"inLanguage\":\"de\"},{\"@type\":\"Organization\",\"@id\":\"https:\/\/clovedental.co\/de\/#organization\",\"name\":\"clovedental.co\",\"alternateName\":\"Clove\",\"url\":\"https:\/\/clovedental.co\/de\/\",\"logo\":{\"@type\":\"ImageObject\",\"inLanguage\":\"de\",\"@id\":\"https:\/\/clovedental.co\/de\/#\/schema\/logo\/image\/\",\"url\":\"https:\/\/clovedental.co\/wp-content\/uploads\/2023\/12\/LOGO_CLOVE.png\",\"contentUrl\":\"https:\/\/clovedental.co\/wp-content\/uploads\/2023\/12\/LOGO_CLOVE.png\",\"width\":1400,\"height\":1400,\"caption\":\"clovedental.co\"},\"image\":{\"@id\":\"https:\/\/clovedental.co\/de\/#\/schema\/logo\/image\/\"}}]}<\/script>\n<!-- \/ Yoast SEO plugin. -->","yoast_head_json":{"title":"Weingart Universalzange zum Anbringen von Brackets und B\u00f6gen | clovedental.co","robots":{"index":"index","follow":"follow","max-snippet":"max-snippet:-1","max-image-preview":"max-image-preview:large","max-video-preview":"max-video-preview:-1"},"canonical":"https:\/\/clovedental.co\/de\/produkt\/weingart-universalzange-zum-anbringen-von-brackets-und-boegen\/","og_locale":"de_DE","og_type":"article","og_title":"Weingart Universalzange zum Anbringen von Brackets und B\u00f6gen | clovedental.co","og_description":"Medizinische Mehrzweckpinzette Weingart zum Anbringen und Entfernen von Klammern und B\u00f6gen werden zum Setzen oder Entfernen des Bogens und zum Biegen seiner Enden verwendet. Dabei handelt es sich um eine universelle, praktische Zange mit eckigen, konischen K\u00f6pfen. Sie bestehen aus ergonomischen Griffen und gezahnten, abgerundeten Pr\u00e4zisionsspitzen. Weingart-Pinzetten verf\u00fcgen \u00fcber speziell profilierte, schmale Spitzen, um den &hellip; Weingart Universalzange zum Anbringen von Brackets und B\u00f6gen Weiterlesen &raquo;","og_url":"https:\/\/clovedental.co\/de\/produkt\/weingart-universalzange-zum-anbringen-von-brackets-und-boegen\/","og_site_name":"clovedental.co","article_modified_time":"2024-01-10T08:50:51+00:00","og_image":[{"width":1200,"height":1200,"url":"http:\/\/clovedental.co\/wp-content\/uploads\/2024\/01\/80bf6bc8-1edd-4570-839d-f621724e4a92.png","type":"image\/png"}],"twitter_card":"summary_large_image","twitter_misc":{"Gesch\u00e4tzte Lesezeit":"1\u00a0Minute"},"schema":{"@context":"https:\/\/schema.org","@graph":[{"@type":"WebPage","@id":"https:\/\/clovedental.co\/de\/produkt\/weingart-universalzange-zum-anbringen-von-brackets-und-boegen\/","url":"https:\/\/clovedental.co\/de\/produkt\/weingart-universalzange-zum-anbringen-von-brackets-und-boegen\/","name":"Weingart Universalzange zum Anbringen von Brackets und B\u00f6gen | clovedental.co","isPartOf":{"@id":"https:\/\/clovedental.co\/de\/#website"},"datePublished":"2024-01-10T08:36:54+00:00","dateModified":"2024-01-10T08:50:51+00:00","breadcrumb":{"@id":"https:\/\/clovedental.co\/de\/produkt\/weingart-universalzange-zum-anbringen-von-brackets-und-boegen\/#breadcrumb"},"inLanguage":"de","potentialAction":[{"@type":"ReadAction","target":["https:\/\/clovedental.co\/de\/produkt\/weingart-universalzange-zum-anbringen-von-brackets-und-boegen\/"]}]},{"@type":"BreadcrumbList","@id":"https:\/\/clovedental.co\/de\/produkt\/weingart-universalzange-zum-anbringen-von-brackets-und-boegen\/#breadcrumb","itemListElement":[{"@type":"ListItem","position":1,"name":"Strona g\u0142\u00f3wna","item":"https:\/\/clovedental.co\/de\/"},{"@type":"ListItem","position":2,"name":"Shop","item":"https:\/\/clovedental.co\/products\/shop\/"},{"@type":"ListItem","position":3,"name":"Weingart Universalzange zum Anbringen von Brackets und B\u00f6gen"}]},{"@type":"WebSite","@id":"https:\/\/clovedental.co\/de\/#website","url":"https:\/\/clovedental.co\/de\/","name":"Manufacturer of Dental and Surgical Instruments","description":"Details are the Key","publisher":{"@id":"https:\/\/clovedental.co\/de\/#organization"},"alternateName":"Dental and Surgical Instruments","potentialAction":[{"@type":"SearchAction","target":{"@type":"EntryPoint","urlTemplate":"https:\/\/clovedental.co\/de\/?s={search_term_string}"},"query-input":"required name=search_term_string"}],"inLanguage":"de"},{"@type":"Organization","@id":"https:\/\/clovedental.co\/de\/#organization","name":"clovedental.co","alternateName":"Clove","url":"https:\/\/clovedental.co\/de\/","logo":{"@type":"ImageObject","inLanguage":"de","@id":"https:\/\/clovedental.co\/de\/#\/schema\/logo\/image\/","url":"https:\/\/clovedental.co\/wp-content\/uploads\/2023\/12\/LOGO_CLOVE.png","contentUrl":"https:\/\/clovedental.co\/wp-content\/uploads\/2023\/12\/LOGO_CLOVE.png","width":1400,"height":1400,"caption":"clovedental.co"},"image":{"@id":"https:\/\/clovedental.co\/de\/#\/schema\/logo\/image\/"}}]}},"_links":{"self":[{"href":"https:\/\/clovedental.co\/de\/wp-json\/wp\/v2\/product\/4798","targetHints":{"allow":["GET"]}}],"collection":[{"href":"https:\/\/clovedental.co\/de\/wp-json\/wp\/v2\/product"}],"about":[{"href":"https:\/\/clovedental.co\/de\/wp-json\/wp\/v2\/types\/product"}],"wp:featuredmedia":[{"embeddable":true,"href":"https:\/\/clovedental.co\/de\/wp-json\/wp\/v2\/media\/5559"}],"wp:attachment":[{"href":"https:\/\/clovedental.co\/de\/wp-json\/wp\/v2\/media?parent=4798"}],"wp:term":[{"taxonomy":"product_cat","embeddable":true,"href":"https:\/\/clovedental.co\/de\/wp-json\/wp\/v2\/product_cat?post=4798"},{"taxonomy":"product_tag","embeddable":true,"href":"https:\/\/clovedental.co\/de\/wp-json\/wp\/v2\/product_tag?post=4798"},{"taxonomy":"code","embeddable":true,"href":"https:\/\/clovedental.co\/de\/wp-json\/wp\/v2\/code?post=4798"}],"curies":[{"name":"wp","href":"https:\/\/api.w.org\/{rel}","templated":true}]}}