{"id":4800,"date":"2024-01-10T08:37:04","date_gmt":"2024-01-10T08:37:04","guid":{"rendered":"https:\/\/clovedental.co\/product\/kramponzange-dolphins-zum-schneiden-und-biegen-von-draht\/"},"modified":"2024-01-10T08:50:55","modified_gmt":"2024-01-10T08:50:55","slug":"kramponzange-dolphins-zum-schneiden-und-biegen-von-draht","status":"publish","type":"product","link":"https:\/\/clovedental.co\/de\/produkt\/kramponzange-dolphins-zum-schneiden-und-biegen-von-draht\/","title":{"rendered":"Kramponzange Dolphins zum Schneiden und Biegen von Draht"},"content":{"rendered":"<p style=\"text-align: left;\"><span style=\"font-size: 10pt; font-family: arial, helvetica, sans-serif;\"><strong>Delifnki Universal-Prothesenzange<\/strong> verwendet in der Kieferorthop\u00e4die zum Richten, Biegen und Schneiden von Dr\u00e4hten. Delfinki-Zangen bestehen aus perfekt ausbalancierten Griffen und langen konischen Spitzen, die zum Biegen und Schneiden von Dr\u00e4hten dienen. Die Arbeitsspitze der Pinzette hat eine flache, gebogene Form, die \u201eDelfine\u201c genannt wird.<\/span><\/p>\n<p><\/br><\/p>\n<h2 style=\"text-align: left;\"><span style=\"font-size : 10pt; Schriftfamilie: Arial, Helvetica, Sans-Serif;\">Parameter der Krampon-Pinzette Dolphins zum Schneiden und Biegen von Draht<\/span><\/h2>\n<p><\/br><\/p>\n<ul style=\"text-align: left; \"><\/ br><\/p>\n<li><span style=\"font-size: 10pt; Font-family: arial, helvetica, sans-serif;\">Gesamtl\u00e4nge 150 mm<\/span><\/li>\n<p><\/br> <\/p>\n<li>< span style=\"font-size: 10pt; font-family: arial, helvetica, sans-serif;\">lange, konische Spitzen<\/span><\/li>\n<p><\/br><\/p>\n<li><span style= \"Schriftgr\u00f6\u00dfe: 10pt; Schriftfamilie: Arial, Helvetica, Sans-Serif;\">maximale Schneiddrahtst\u00e4rke 0,7 mm<\/span><\/li>\n<p><\/br><\/p>\n<li><span style=\"font-size : 10pt; Schriftfamilie: Arial, Helvetica, Sans-Serif;\">maximale Biegedrahtst\u00e4rke 0,9 mm<\/span><\/li>\n<p><\/br><\/p>\n<li><span style=\"font-size: 10pt ; Schriftart -Familie: Arial, Helvetica, Sans-Serif;\">ergonomische Griffe perfekt ausbalanciert<\/span><\/li>\n<p><\/br><\/p>\n<li><span style=\"font-size: 10pt; Schriftfamilie: Arial, Helvetica, Sans-Serif;\">Glatte, seidenmatte Oberfl\u00e4che<\/span><\/li>\n<p><\/br><\/p>\n<li><span style=\"font-size: 10pt; Schriftfamilie: Arial, Helvetica, Sans-Serif;\">Franz\u00f6sischer Chirurgenstahl<\/span><\/li>\n<p><\/br><\/ul>\n<p><\/br><\/p>\n<h2 style=\"text-align: left;\"> <span style=\"font-size: 10pt; Schriftfamilie: Arial, Helvetica, Sans-Serif;\">Vorteile der Verwendung von Delfinki-Prothesenzangen<\/span><\/h2>\n<p><\/br><\/p>\n<ul style=\"text-align: left;\"><\/br>< li><span style=\"Schriftgr\u00f6\u00dfe: 10pt; Schriftfamilie: Arial, Helvetica, Sans-Serif;\">Griffe wurden entwickelt, um den Benutzerkomfort zu verbessern<\/span><\/li>\n<p><\/br><\/p>\n<li><span style=\"font-size: 10pt; Schriftfamilie: Arial, Helvetica, Sans-Serif;\">besteht aus hochwertigem Chirurgenstahl<\/span><\/li>\n<p><\/br><\/p>\n<li><span style=\"font-size: 10pt; Schriftfamilie: Arial, Helvetica, Sans-Serif;\">Mehrzweckh\u00e4kchen mit gesch\u00e4rften Schn\u00e4beln<\/span><\/li>\n<p><\/br><\/p>\n<li><span style=\"font-size: 10pt; Schriftfamilie: Arial, Helvetica, sans-serif;\">handgefertigt ohne Blendung<\/span><\/li>\n<p><\/br><\/p>\n<li><span style=\"font-size: 10pt; Schriftfamilie: Arial, Helvetica, Sans-Serif;\">M\u00f6glichkeit der wiederholten Desinfektion und Sterilisation in einem Autoklaven bei einer Temperatur von 134\u030a<\/span><\/li>\n<p><\/br><\/p>\n<li><span style=\"font- Gr\u00f6\u00dfe: 10pt; Schriftfamilie: Arial, Helvetica, Sans-Serif;\">Ein Jahr Herstellergarantie<\/span><\/li>\n<p><\/br><\/ul>\n<p><\/br><\/p>\n<p style=\"text-align: left; \"> <span style=\"font-size: 10pt; Schriftfamilie: arial, helvetica, sans-serif;\"><em>Krampon-Pinzetten Dolphins<\/em>sind f\u00fcr eine qualifizierte Person bestimmt. Vor dem ersten Gebrauch sollte das Werkzeug in einem Autoklaven sterilisiert und desinfiziert werden. Sie sind CE-zertifiziert und ISO 9001:2008 zertifiziert.<\/span><\/p>\n","protected":false},"excerpt":{"rendered":"<p>Delifnki Universal-Prothesenzange verwendet in der Kieferorthop\u00e4die zum Richten, Biegen und Schneiden von Dr\u00e4hten. Delfinki-Zangen bestehen aus perfekt ausbalancierten Griffen und langen konischen Spitzen, die zum Biegen und Schneiden von Dr\u00e4hten dienen. Die Arbeitsspitze der Pinzette hat eine flache, gebogene Form, die \u201eDelfine\u201c genannt wird. Parameter der Krampon-Pinzette Dolphins zum Schneiden und Biegen von Draht Gesamtl\u00e4nge &hellip;<\/p>\n<p class=\"read-more\"> <a class=\"\" href=\"https:\/\/clovedental.co\/de\/produkt\/kramponzange-dolphins-zum-schneiden-und-biegen-von-draht\/\"> <span class=\"screen-reader-text\">Kramponzange Dolphins zum Schneiden und Biegen von Draht<\/span> Weiterlesen &raquo;<\/a><\/p>\n","protected":false},"featured_media":6056,"template":"","meta":{"site-sidebar-layout":"default","site-content-layout":"","ast-site-content-layout":"default","site-content-style":"default","site-sidebar-style":"default","ast-global-header-display":"","ast-banner-title-visibility":"","ast-main-header-display":"","ast-hfb-above-header-display":"","ast-hfb-below-header-display":"","ast-hfb-mobile-header-display":"","site-post-title":"","ast-breadcrumbs-content":"","ast-featured-img":"","footer-sml-layout":"","theme-transparent-header-meta":"default","adv-header-id-meta":"","stick-header-meta":"","header-above-stick-meta":"","header-main-stick-meta":"","header-below-stick-meta":"","astra-migrate-meta-layouts":"","ast-page-background-enabled":"default","ast-page-background-meta":{"desktop":{"background-color":"var(--ast-global-color-4)","background-image":"","background-repeat":"repeat","background-position":"center center","background-size":"auto","background-attachment":"scroll","background-type":"","background-media":"","overlay-type":"","overlay-color":"","overlay-gradient":""},"tablet":{"background-color":"","background-image":"","background-repeat":"repeat","background-position":"center center","background-size":"auto","background-attachment":"scroll","background-type":"","background-media":"","overlay-type":"","overlay-color":"","overlay-gradient":""},"mobile":{"background-color":"","background-image":"","background-repeat":"repeat","background-position":"center center","background-size":"auto","background-attachment":"scroll","background-type":"","background-media":"","overlay-type":"","overlay-color":"","overlay-gradient":""}},"ast-content-background-meta":{"desktop":{"background-color":"var(--ast-global-color-5)","background-image":"","background-repeat":"repeat","background-position":"center center","background-size":"auto","background-attachment":"scroll","background-type":"","background-media":"","overlay-type":"","overlay-color":"","overlay-gradient":""},"tablet":{"background-color":"var(--ast-global-color-5)","background-image":"","background-repeat":"repeat","background-position":"center center","background-size":"auto","background-attachment":"scroll","background-type":"","background-media":"","overlay-type":"","overlay-color":"","overlay-gradient":""},"mobile":{"background-color":"var(--ast-global-color-5)","background-image":"","background-repeat":"repeat","background-position":"center center","background-size":"auto","background-attachment":"scroll","background-type":"","background-media":"","overlay-type":"","overlay-color":"","overlay-gradient":""}}},"product_cat":[431],"product_tag":[],"code":[129],"class_list":{"0":"post-4800","1":"product","2":"type-product","3":"status-publish","4":"has-post-thumbnail","6":"product_cat-kieferorthopadie","7":"code-09-105-156","8":"desktop-align-left","9":"tablet-align-left","10":"mobile-align-left","12":"first","13":"instock","14":"product-type-simple"},"acf":[],"yoast_head":"<!-- This site is optimized with the Yoast SEO plugin v21.9.1 - https:\/\/yoast.com\/wordpress\/plugins\/seo\/ -->\n<title>Kramponzange Dolphins zum Schneiden und Biegen von Draht | clovedental.co<\/title>\n<meta name=\"robots\" content=\"index, follow, max-snippet:-1, max-image-preview:large, max-video-preview:-1\" \/>\n<link rel=\"canonical\" href=\"https:\/\/clovedental.co\/de\/produkt\/kramponzange-dolphins-zum-schneiden-und-biegen-von-draht\/\" \/>\n<meta property=\"og:locale\" content=\"de_DE\" \/>\n<meta property=\"og:type\" content=\"article\" \/>\n<meta property=\"og:title\" content=\"Kramponzange Dolphins zum Schneiden und Biegen von Draht | clovedental.co\" \/>\n<meta property=\"og:description\" content=\"Delifnki Universal-Prothesenzange verwendet in der Kieferorthop\u00e4die zum Richten, Biegen und Schneiden von Dr\u00e4hten. Delfinki-Zangen bestehen aus perfekt ausbalancierten Griffen und langen konischen Spitzen, die zum Biegen und Schneiden von Dr\u00e4hten dienen. Die Arbeitsspitze der Pinzette hat eine flache, gebogene Form, die \u201eDelfine\u201c genannt wird. Parameter der Krampon-Pinzette Dolphins zum Schneiden und Biegen von Draht Gesamtl\u00e4nge &hellip; Kramponzange Dolphins zum Schneiden und Biegen von Draht Weiterlesen &raquo;\" \/>\n<meta property=\"og:url\" content=\"https:\/\/clovedental.co\/de\/produkt\/kramponzange-dolphins-zum-schneiden-und-biegen-von-draht\/\" \/>\n<meta property=\"og:site_name\" content=\"clovedental.co\" \/>\n<meta property=\"article:modified_time\" content=\"2024-01-10T08:50:55+00:00\" \/>\n<meta property=\"og:image\" content=\"http:\/\/clovedental.co\/wp-content\/uploads\/2024\/01\/e06ddf79-dc08-44a2-ade4-36b118cab49e.jpeg\" \/>\n\t<meta property=\"og:image:width\" content=\"1000\" \/>\n\t<meta property=\"og:image:height\" content=\"1000\" \/>\n\t<meta property=\"og:image:type\" content=\"image\/jpeg\" \/>\n<meta name=\"twitter:card\" content=\"summary_large_image\" \/>\n<meta name=\"twitter:label1\" content=\"Gesch\u00e4tzte Lesezeit\" \/>\n\t<meta name=\"twitter:data1\" content=\"1\u00a0Minute\" \/>\n<script type=\"application\/ld+json\" class=\"yoast-schema-graph\">{\"@context\":\"https:\/\/schema.org\",\"@graph\":[{\"@type\":\"WebPage\",\"@id\":\"https:\/\/clovedental.co\/de\/produkt\/kramponzange-dolphins-zum-schneiden-und-biegen-von-draht\/\",\"url\":\"https:\/\/clovedental.co\/de\/produkt\/kramponzange-dolphins-zum-schneiden-und-biegen-von-draht\/\",\"name\":\"Kramponzange Dolphins zum Schneiden und Biegen von Draht | clovedental.co\",\"isPartOf\":{\"@id\":\"https:\/\/clovedental.co\/de\/#website\"},\"datePublished\":\"2024-01-10T08:37:04+00:00\",\"dateModified\":\"2024-01-10T08:50:55+00:00\",\"breadcrumb\":{\"@id\":\"https:\/\/clovedental.co\/de\/produkt\/kramponzange-dolphins-zum-schneiden-und-biegen-von-draht\/#breadcrumb\"},\"inLanguage\":\"de\",\"potentialAction\":[{\"@type\":\"ReadAction\",\"target\":[\"https:\/\/clovedental.co\/de\/produkt\/kramponzange-dolphins-zum-schneiden-und-biegen-von-draht\/\"]}]},{\"@type\":\"BreadcrumbList\",\"@id\":\"https:\/\/clovedental.co\/de\/produkt\/kramponzange-dolphins-zum-schneiden-und-biegen-von-draht\/#breadcrumb\",\"itemListElement\":[{\"@type\":\"ListItem\",\"position\":1,\"name\":\"Strona g\u0142\u00f3wna\",\"item\":\"https:\/\/clovedental.co\/de\/\"},{\"@type\":\"ListItem\",\"position\":2,\"name\":\"Shop\",\"item\":\"https:\/\/clovedental.co\/products\/shop\/\"},{\"@type\":\"ListItem\",\"position\":3,\"name\":\"Kramponzange Dolphins zum Schneiden und Biegen von Draht\"}]},{\"@type\":\"WebSite\",\"@id\":\"https:\/\/clovedental.co\/de\/#website\",\"url\":\"https:\/\/clovedental.co\/de\/\",\"name\":\"Manufacturer of Dental and Surgical Instruments\",\"description\":\"Details are the Key\",\"publisher\":{\"@id\":\"https:\/\/clovedental.co\/de\/#organization\"},\"alternateName\":\"Dental and Surgical Instruments\",\"potentialAction\":[{\"@type\":\"SearchAction\",\"target\":{\"@type\":\"EntryPoint\",\"urlTemplate\":\"https:\/\/clovedental.co\/de\/?s={search_term_string}\"},\"query-input\":\"required name=search_term_string\"}],\"inLanguage\":\"de\"},{\"@type\":\"Organization\",\"@id\":\"https:\/\/clovedental.co\/de\/#organization\",\"name\":\"clovedental.co\",\"alternateName\":\"Clove\",\"url\":\"https:\/\/clovedental.co\/de\/\",\"logo\":{\"@type\":\"ImageObject\",\"inLanguage\":\"de\",\"@id\":\"https:\/\/clovedental.co\/de\/#\/schema\/logo\/image\/\",\"url\":\"https:\/\/clovedental.co\/wp-content\/uploads\/2023\/12\/LOGO_CLOVE.png\",\"contentUrl\":\"https:\/\/clovedental.co\/wp-content\/uploads\/2023\/12\/LOGO_CLOVE.png\",\"width\":1400,\"height\":1400,\"caption\":\"clovedental.co\"},\"image\":{\"@id\":\"https:\/\/clovedental.co\/de\/#\/schema\/logo\/image\/\"}}]}<\/script>\n<!-- \/ Yoast SEO plugin. -->","yoast_head_json":{"title":"Kramponzange Dolphins zum Schneiden und Biegen von Draht | clovedental.co","robots":{"index":"index","follow":"follow","max-snippet":"max-snippet:-1","max-image-preview":"max-image-preview:large","max-video-preview":"max-video-preview:-1"},"canonical":"https:\/\/clovedental.co\/de\/produkt\/kramponzange-dolphins-zum-schneiden-und-biegen-von-draht\/","og_locale":"de_DE","og_type":"article","og_title":"Kramponzange Dolphins zum Schneiden und Biegen von Draht | clovedental.co","og_description":"Delifnki Universal-Prothesenzange verwendet in der Kieferorthop\u00e4die zum Richten, Biegen und Schneiden von Dr\u00e4hten. Delfinki-Zangen bestehen aus perfekt ausbalancierten Griffen und langen konischen Spitzen, die zum Biegen und Schneiden von Dr\u00e4hten dienen. Die Arbeitsspitze der Pinzette hat eine flache, gebogene Form, die \u201eDelfine\u201c genannt wird. Parameter der Krampon-Pinzette Dolphins zum Schneiden und Biegen von Draht Gesamtl\u00e4nge &hellip; Kramponzange Dolphins zum Schneiden und Biegen von Draht Weiterlesen &raquo;","og_url":"https:\/\/clovedental.co\/de\/produkt\/kramponzange-dolphins-zum-schneiden-und-biegen-von-draht\/","og_site_name":"clovedental.co","article_modified_time":"2024-01-10T08:50:55+00:00","og_image":[{"width":1000,"height":1000,"url":"http:\/\/clovedental.co\/wp-content\/uploads\/2024\/01\/e06ddf79-dc08-44a2-ade4-36b118cab49e.jpeg","type":"image\/jpeg"}],"twitter_card":"summary_large_image","twitter_misc":{"Gesch\u00e4tzte Lesezeit":"1\u00a0Minute"},"schema":{"@context":"https:\/\/schema.org","@graph":[{"@type":"WebPage","@id":"https:\/\/clovedental.co\/de\/produkt\/kramponzange-dolphins-zum-schneiden-und-biegen-von-draht\/","url":"https:\/\/clovedental.co\/de\/produkt\/kramponzange-dolphins-zum-schneiden-und-biegen-von-draht\/","name":"Kramponzange Dolphins zum Schneiden und Biegen von Draht | clovedental.co","isPartOf":{"@id":"https:\/\/clovedental.co\/de\/#website"},"datePublished":"2024-01-10T08:37:04+00:00","dateModified":"2024-01-10T08:50:55+00:00","breadcrumb":{"@id":"https:\/\/clovedental.co\/de\/produkt\/kramponzange-dolphins-zum-schneiden-und-biegen-von-draht\/#breadcrumb"},"inLanguage":"de","potentialAction":[{"@type":"ReadAction","target":["https:\/\/clovedental.co\/de\/produkt\/kramponzange-dolphins-zum-schneiden-und-biegen-von-draht\/"]}]},{"@type":"BreadcrumbList","@id":"https:\/\/clovedental.co\/de\/produkt\/kramponzange-dolphins-zum-schneiden-und-biegen-von-draht\/#breadcrumb","itemListElement":[{"@type":"ListItem","position":1,"name":"Strona g\u0142\u00f3wna","item":"https:\/\/clovedental.co\/de\/"},{"@type":"ListItem","position":2,"name":"Shop","item":"https:\/\/clovedental.co\/products\/shop\/"},{"@type":"ListItem","position":3,"name":"Kramponzange Dolphins zum Schneiden und Biegen von Draht"}]},{"@type":"WebSite","@id":"https:\/\/clovedental.co\/de\/#website","url":"https:\/\/clovedental.co\/de\/","name":"Manufacturer of Dental and Surgical Instruments","description":"Details are the Key","publisher":{"@id":"https:\/\/clovedental.co\/de\/#organization"},"alternateName":"Dental and Surgical Instruments","potentialAction":[{"@type":"SearchAction","target":{"@type":"EntryPoint","urlTemplate":"https:\/\/clovedental.co\/de\/?s={search_term_string}"},"query-input":"required name=search_term_string"}],"inLanguage":"de"},{"@type":"Organization","@id":"https:\/\/clovedental.co\/de\/#organization","name":"clovedental.co","alternateName":"Clove","url":"https:\/\/clovedental.co\/de\/","logo":{"@type":"ImageObject","inLanguage":"de","@id":"https:\/\/clovedental.co\/de\/#\/schema\/logo\/image\/","url":"https:\/\/clovedental.co\/wp-content\/uploads\/2023\/12\/LOGO_CLOVE.png","contentUrl":"https:\/\/clovedental.co\/wp-content\/uploads\/2023\/12\/LOGO_CLOVE.png","width":1400,"height":1400,"caption":"clovedental.co"},"image":{"@id":"https:\/\/clovedental.co\/de\/#\/schema\/logo\/image\/"}}]}},"_links":{"self":[{"href":"https:\/\/clovedental.co\/de\/wp-json\/wp\/v2\/product\/4800","targetHints":{"allow":["GET"]}}],"collection":[{"href":"https:\/\/clovedental.co\/de\/wp-json\/wp\/v2\/product"}],"about":[{"href":"https:\/\/clovedental.co\/de\/wp-json\/wp\/v2\/types\/product"}],"wp:featuredmedia":[{"embeddable":true,"href":"https:\/\/clovedental.co\/de\/wp-json\/wp\/v2\/media\/6056"}],"wp:attachment":[{"href":"https:\/\/clovedental.co\/de\/wp-json\/wp\/v2\/media?parent=4800"}],"wp:term":[{"taxonomy":"product_cat","embeddable":true,"href":"https:\/\/clovedental.co\/de\/wp-json\/wp\/v2\/product_cat?post=4800"},{"taxonomy":"product_tag","embeddable":true,"href":"https:\/\/clovedental.co\/de\/wp-json\/wp\/v2\/product_tag?post=4800"},{"taxonomy":"code","embeddable":true,"href":"https:\/\/clovedental.co\/de\/wp-json\/wp\/v2\/code?post=4800"}],"curies":[{"name":"wp","href":"https:\/\/api.w.org\/{rel}","templated":true}]}}