{"id":4802,"date":"2024-01-10T08:37:38","date_gmt":"2024-01-10T08:37:38","guid":{"rendered":"https:\/\/clovedental.co\/product\/furrer-gerade-kieferorthopaedische-pinzette-16-cm\/"},"modified":"2024-01-10T08:50:56","modified_gmt":"2024-01-10T08:50:56","slug":"furrer-gerade-kieferorthopaedische-pinzette-16-cm","status":"publish","type":"product","link":"https:\/\/clovedental.co\/de\/produkt\/furrer-gerade-kieferorthopaedische-pinzette-16-cm\/","title":{"rendered":"Furrer gerade kieferorthop\u00e4dische Pinzette, 16 cm"},"content":{"rendered":"<p style=\"text-align:justify;\"><span style=\"font-family:arial, helvetica, sans-serif;font-size:10pt;\">Kieferorthop\u00e4dische Pinzetten von Furrer sind ein spezielles medizinisches Instrument zur Entfernung von Kupfer Ringe, Kronen und provisorische Kronen. Zu diesem Zweck ist er mit einer scharfkantigen Zange ausgestattet, die ein pr\u00e4zises und einfaches Entfernen von Ringen oder Kronen gew\u00e4hrleistet. Mit der Schraubensicherung k\u00f6nnen Sie das Instrument verriegeln, was den Komfort und die Sicherheit bei der Verwendung des Werkzeugs erh\u00f6ht. Ergonomische Griffe sorgen f\u00fcr hohen Bedienkomfort. Das Werkzeug besteht aus japanischem Stahl h\u00f6chster Qualit\u00e4t mit sehr guten Korrosionsschutzeigenschaften (AISI 420). Kann mehrfach sterilisiert werden.<\/span><\/p>\n<p><\/br><\/p>\n<h1 style=\"text-align:justify;\"><span style=\"font-family:arial, helvetica, sans-serif;font- Gr\u00f6\u00dfe: 10pt;\">Parameter kieferorthop\u00e4dische Pinzette, Furrer<\/span><\/h1>\n<p><\/br><\/p>\n<ul><\/br><\/p>\n<li style=\"text-align:justify;\"><span style=\"font- Familie: Arial, Helvetica, Sans-Serif;font-size:10pt;\">Typ: Kieferorthop\u00e4dische Pinzette, Furrer, gerade<\/span><\/li>\n<p><\/br><\/p>\n<li style=\"text-align:justify;\" >< span style=\"font-family:arial, helvetica, sans-serif;font-size:10pt;\">Zweck: Kupferringe entfernen<\/span><\/li>\n<p><\/br><\/p>\n<li style=\"text- align: justify;\"><span style=\"font-family:arial, helvetica, sans-serif;font-size:10pt;\">Verf\u00fcgbare L\u00e4nge: 16 cm<\/span><\/li>\n<p><\/br><\/p>\n<li style= \"text-align:justify;\"><span style=\"font-family:arial, helvetica, sans-serif;font-size:10pt;\">Handgemacht<\/span><\/li>\n<p><\/br>< li style=\"text-align:justify;\"><span style=\"font-family:arial, helvetica, sans-serif;font-size:10pt;\">Japanischer Edelstahl (AISI 420)<\/span><\/ li ><\/br><\/p>\n<li style=\"text-align:justify;\"><span style=\"font-family:arial, helvetica, sans-serif;font-size:10pt;\">Wiederverwendbares Produkt<\/span> <\/li>\n<p><\/br><\/p>\n<li style=\"text-align:justify;\"><span style=\"font-family:arial, helvetica, sans-serif;font-size:10pt;\">Nicht steriles Produkt <\/li>\n<p><\/br><\/p>\n<li span><\/li>\n<p><\/br><\/ul>\n<p><\/br><\/p>\n<h2 style=\"text-align:justify;\"><span style=\"font-family: arial, helvetica, sans-serif;font- size:10pt;\">Nutzungsvorteile<\/span><\/h2>\n<p><\/br><\/p>\n<ul><\/br><\/p>\n<li style=\"text-align:justify;\" ><span style=\"font-family:arial , helvetica, sans-serif;font-size:10pt;\">Eine Pr\u00e4zisionszange sorgt f\u00fcr Sicherheit und Bedienkomfort<\/span><\/li>\n<p><\/br>< li style=\"text-align:justify;\">< span style=\"font-family:arial, helvetica,\n<\/p>\n","protected":false},"excerpt":{"rendered":"<p>Kieferorthop\u00e4dische Pinzetten von Furrer sind ein spezielles medizinisches Instrument zur Entfernung von Kupfer Ringe, Kronen und provisorische Kronen. Zu diesem Zweck ist er mit einer scharfkantigen Zange ausgestattet, die ein pr\u00e4zises und einfaches Entfernen von Ringen oder Kronen gew\u00e4hrleistet. Mit der Schraubensicherung k\u00f6nnen Sie das Instrument verriegeln, was den Komfort und die Sicherheit bei der &hellip;<\/p>\n<p class=\"read-more\"> <a class=\"\" href=\"https:\/\/clovedental.co\/de\/produkt\/furrer-gerade-kieferorthopaedische-pinzette-16-cm\/\"> <span class=\"screen-reader-text\">Furrer gerade kieferorthop\u00e4dische Pinzette, 16 cm<\/span> Weiterlesen &raquo;<\/a><\/p>\n","protected":false},"featured_media":5707,"template":"","meta":{"site-sidebar-layout":"default","site-content-layout":"","ast-site-content-layout":"","site-content-style":"default","site-sidebar-style":"default","ast-global-header-display":"","ast-banner-title-visibility":"","ast-main-header-display":"","ast-hfb-above-header-display":"","ast-hfb-below-header-display":"","ast-hfb-mobile-header-display":"","site-post-title":"","ast-breadcrumbs-content":"","ast-featured-img":"","footer-sml-layout":"","theme-transparent-header-meta":"default","adv-header-id-meta":"","stick-header-meta":"","header-above-stick-meta":"","header-main-stick-meta":"","header-below-stick-meta":"","astra-migrate-meta-layouts":"","ast-page-background-enabled":"default","ast-page-background-meta":{"desktop":{"background-color":"var(--ast-global-color-4)","background-image":"","background-repeat":"repeat","background-position":"center center","background-size":"auto","background-attachment":"scroll","background-type":"","background-media":"","overlay-type":"","overlay-color":"","overlay-gradient":""},"tablet":{"background-color":"","background-image":"","background-repeat":"repeat","background-position":"center center","background-size":"auto","background-attachment":"scroll","background-type":"","background-media":"","overlay-type":"","overlay-color":"","overlay-gradient":""},"mobile":{"background-color":"","background-image":"","background-repeat":"repeat","background-position":"center center","background-size":"auto","background-attachment":"scroll","background-type":"","background-media":"","overlay-type":"","overlay-color":"","overlay-gradient":""}},"ast-content-background-meta":{"desktop":{"background-color":"var(--ast-global-color-5)","background-image":"","background-repeat":"repeat","background-position":"center center","background-size":"auto","background-attachment":"scroll","background-type":"","background-media":"","overlay-type":"","overlay-color":"","overlay-gradient":""},"tablet":{"background-color":"var(--ast-global-color-5)","background-image":"","background-repeat":"repeat","background-position":"center center","background-size":"auto","background-attachment":"scroll","background-type":"","background-media":"","overlay-type":"","overlay-color":"","overlay-gradient":""},"mobile":{"background-color":"var(--ast-global-color-5)","background-image":"","background-repeat":"repeat","background-position":"center center","background-size":"auto","background-attachment":"scroll","background-type":"","background-media":"","overlay-type":"","overlay-color":"","overlay-gradient":""}}},"product_cat":[431],"product_tag":[],"code":[222],"class_list":{"0":"post-4802","1":"product","2":"type-product","3":"status-publish","4":"has-post-thumbnail","6":"product_cat-kieferorthopadie","7":"code-09-103-236","8":"desktop-align-left","9":"tablet-align-left","10":"mobile-align-left","12":"first","13":"instock","14":"product-type-simple"},"acf":[],"yoast_head":"<!-- This site is optimized with the Yoast SEO plugin v21.9.1 - https:\/\/yoast.com\/wordpress\/plugins\/seo\/ -->\n<title>Furrer gerade kieferorthop\u00e4dische Pinzette, 16 cm | clovedental.co<\/title>\n<meta name=\"robots\" content=\"index, follow, max-snippet:-1, max-image-preview:large, max-video-preview:-1\" \/>\n<link rel=\"canonical\" href=\"https:\/\/clovedental.co\/de\/produkt\/furrer-gerade-kieferorthopaedische-pinzette-16-cm\/\" \/>\n<meta property=\"og:locale\" content=\"de_DE\" \/>\n<meta property=\"og:type\" content=\"article\" \/>\n<meta property=\"og:title\" content=\"Furrer gerade kieferorthop\u00e4dische Pinzette, 16 cm | clovedental.co\" \/>\n<meta property=\"og:description\" content=\"Kieferorthop\u00e4dische Pinzetten von Furrer sind ein spezielles medizinisches Instrument zur Entfernung von Kupfer Ringe, Kronen und provisorische Kronen. Zu diesem Zweck ist er mit einer scharfkantigen Zange ausgestattet, die ein pr\u00e4zises und einfaches Entfernen von Ringen oder Kronen gew\u00e4hrleistet. Mit der Schraubensicherung k\u00f6nnen Sie das Instrument verriegeln, was den Komfort und die Sicherheit bei der &hellip; Furrer gerade kieferorthop\u00e4dische Pinzette, 16 cm Weiterlesen &raquo;\" \/>\n<meta property=\"og:url\" content=\"https:\/\/clovedental.co\/de\/produkt\/furrer-gerade-kieferorthopaedische-pinzette-16-cm\/\" \/>\n<meta property=\"og:site_name\" content=\"clovedental.co\" \/>\n<meta property=\"article:modified_time\" content=\"2024-01-10T08:50:56+00:00\" \/>\n<meta property=\"og:image\" content=\"http:\/\/clovedental.co\/wp-content\/uploads\/2024\/01\/8e932846-ee84-4e08-b8a6-eeabd692c4c8.jpeg\" \/>\n\t<meta property=\"og:image:width\" content=\"1000\" \/>\n\t<meta property=\"og:image:height\" content=\"1000\" \/>\n\t<meta property=\"og:image:type\" content=\"image\/jpeg\" \/>\n<meta name=\"twitter:card\" content=\"summary_large_image\" \/>\n<meta name=\"twitter:label1\" content=\"Gesch\u00e4tzte Lesezeit\" \/>\n\t<meta name=\"twitter:data1\" content=\"1\u00a0Minute\" \/>\n<script type=\"application\/ld+json\" class=\"yoast-schema-graph\">{\"@context\":\"https:\/\/schema.org\",\"@graph\":[{\"@type\":\"WebPage\",\"@id\":\"https:\/\/clovedental.co\/de\/produkt\/furrer-gerade-kieferorthopaedische-pinzette-16-cm\/\",\"url\":\"https:\/\/clovedental.co\/de\/produkt\/furrer-gerade-kieferorthopaedische-pinzette-16-cm\/\",\"name\":\"Furrer gerade kieferorthop\u00e4dische Pinzette, 16 cm | clovedental.co\",\"isPartOf\":{\"@id\":\"https:\/\/clovedental.co\/de\/#website\"},\"datePublished\":\"2024-01-10T08:37:38+00:00\",\"dateModified\":\"2024-01-10T08:50:56+00:00\",\"breadcrumb\":{\"@id\":\"https:\/\/clovedental.co\/de\/produkt\/furrer-gerade-kieferorthopaedische-pinzette-16-cm\/#breadcrumb\"},\"inLanguage\":\"de\",\"potentialAction\":[{\"@type\":\"ReadAction\",\"target\":[\"https:\/\/clovedental.co\/de\/produkt\/furrer-gerade-kieferorthopaedische-pinzette-16-cm\/\"]}]},{\"@type\":\"BreadcrumbList\",\"@id\":\"https:\/\/clovedental.co\/de\/produkt\/furrer-gerade-kieferorthopaedische-pinzette-16-cm\/#breadcrumb\",\"itemListElement\":[{\"@type\":\"ListItem\",\"position\":1,\"name\":\"Strona g\u0142\u00f3wna\",\"item\":\"https:\/\/clovedental.co\/de\/\"},{\"@type\":\"ListItem\",\"position\":2,\"name\":\"Shop\",\"item\":\"https:\/\/clovedental.co\/products\/shop\/\"},{\"@type\":\"ListItem\",\"position\":3,\"name\":\"Furrer gerade kieferorthop\u00e4dische Pinzette, 16 cm\"}]},{\"@type\":\"WebSite\",\"@id\":\"https:\/\/clovedental.co\/de\/#website\",\"url\":\"https:\/\/clovedental.co\/de\/\",\"name\":\"Manufacturer of Dental and Surgical Instruments\",\"description\":\"Details are the Key\",\"publisher\":{\"@id\":\"https:\/\/clovedental.co\/de\/#organization\"},\"alternateName\":\"Dental and Surgical Instruments\",\"potentialAction\":[{\"@type\":\"SearchAction\",\"target\":{\"@type\":\"EntryPoint\",\"urlTemplate\":\"https:\/\/clovedental.co\/de\/?s={search_term_string}\"},\"query-input\":\"required name=search_term_string\"}],\"inLanguage\":\"de\"},{\"@type\":\"Organization\",\"@id\":\"https:\/\/clovedental.co\/de\/#organization\",\"name\":\"clovedental.co\",\"alternateName\":\"Clove\",\"url\":\"https:\/\/clovedental.co\/de\/\",\"logo\":{\"@type\":\"ImageObject\",\"inLanguage\":\"de\",\"@id\":\"https:\/\/clovedental.co\/de\/#\/schema\/logo\/image\/\",\"url\":\"https:\/\/clovedental.co\/wp-content\/uploads\/2023\/12\/LOGO_CLOVE.png\",\"contentUrl\":\"https:\/\/clovedental.co\/wp-content\/uploads\/2023\/12\/LOGO_CLOVE.png\",\"width\":1400,\"height\":1400,\"caption\":\"clovedental.co\"},\"image\":{\"@id\":\"https:\/\/clovedental.co\/de\/#\/schema\/logo\/image\/\"}}]}<\/script>\n<!-- \/ Yoast SEO plugin. -->","yoast_head_json":{"title":"Furrer gerade kieferorthop\u00e4dische Pinzette, 16 cm | clovedental.co","robots":{"index":"index","follow":"follow","max-snippet":"max-snippet:-1","max-image-preview":"max-image-preview:large","max-video-preview":"max-video-preview:-1"},"canonical":"https:\/\/clovedental.co\/de\/produkt\/furrer-gerade-kieferorthopaedische-pinzette-16-cm\/","og_locale":"de_DE","og_type":"article","og_title":"Furrer gerade kieferorthop\u00e4dische Pinzette, 16 cm | clovedental.co","og_description":"Kieferorthop\u00e4dische Pinzetten von Furrer sind ein spezielles medizinisches Instrument zur Entfernung von Kupfer Ringe, Kronen und provisorische Kronen. Zu diesem Zweck ist er mit einer scharfkantigen Zange ausgestattet, die ein pr\u00e4zises und einfaches Entfernen von Ringen oder Kronen gew\u00e4hrleistet. Mit der Schraubensicherung k\u00f6nnen Sie das Instrument verriegeln, was den Komfort und die Sicherheit bei der &hellip; Furrer gerade kieferorthop\u00e4dische Pinzette, 16 cm Weiterlesen &raquo;","og_url":"https:\/\/clovedental.co\/de\/produkt\/furrer-gerade-kieferorthopaedische-pinzette-16-cm\/","og_site_name":"clovedental.co","article_modified_time":"2024-01-10T08:50:56+00:00","og_image":[{"width":1000,"height":1000,"url":"http:\/\/clovedental.co\/wp-content\/uploads\/2024\/01\/8e932846-ee84-4e08-b8a6-eeabd692c4c8.jpeg","type":"image\/jpeg"}],"twitter_card":"summary_large_image","twitter_misc":{"Gesch\u00e4tzte Lesezeit":"1\u00a0Minute"},"schema":{"@context":"https:\/\/schema.org","@graph":[{"@type":"WebPage","@id":"https:\/\/clovedental.co\/de\/produkt\/furrer-gerade-kieferorthopaedische-pinzette-16-cm\/","url":"https:\/\/clovedental.co\/de\/produkt\/furrer-gerade-kieferorthopaedische-pinzette-16-cm\/","name":"Furrer gerade kieferorthop\u00e4dische Pinzette, 16 cm | clovedental.co","isPartOf":{"@id":"https:\/\/clovedental.co\/de\/#website"},"datePublished":"2024-01-10T08:37:38+00:00","dateModified":"2024-01-10T08:50:56+00:00","breadcrumb":{"@id":"https:\/\/clovedental.co\/de\/produkt\/furrer-gerade-kieferorthopaedische-pinzette-16-cm\/#breadcrumb"},"inLanguage":"de","potentialAction":[{"@type":"ReadAction","target":["https:\/\/clovedental.co\/de\/produkt\/furrer-gerade-kieferorthopaedische-pinzette-16-cm\/"]}]},{"@type":"BreadcrumbList","@id":"https:\/\/clovedental.co\/de\/produkt\/furrer-gerade-kieferorthopaedische-pinzette-16-cm\/#breadcrumb","itemListElement":[{"@type":"ListItem","position":1,"name":"Strona g\u0142\u00f3wna","item":"https:\/\/clovedental.co\/de\/"},{"@type":"ListItem","position":2,"name":"Shop","item":"https:\/\/clovedental.co\/products\/shop\/"},{"@type":"ListItem","position":3,"name":"Furrer gerade kieferorthop\u00e4dische Pinzette, 16 cm"}]},{"@type":"WebSite","@id":"https:\/\/clovedental.co\/de\/#website","url":"https:\/\/clovedental.co\/de\/","name":"Manufacturer of Dental and Surgical Instruments","description":"Details are the Key","publisher":{"@id":"https:\/\/clovedental.co\/de\/#organization"},"alternateName":"Dental and Surgical Instruments","potentialAction":[{"@type":"SearchAction","target":{"@type":"EntryPoint","urlTemplate":"https:\/\/clovedental.co\/de\/?s={search_term_string}"},"query-input":"required name=search_term_string"}],"inLanguage":"de"},{"@type":"Organization","@id":"https:\/\/clovedental.co\/de\/#organization","name":"clovedental.co","alternateName":"Clove","url":"https:\/\/clovedental.co\/de\/","logo":{"@type":"ImageObject","inLanguage":"de","@id":"https:\/\/clovedental.co\/de\/#\/schema\/logo\/image\/","url":"https:\/\/clovedental.co\/wp-content\/uploads\/2023\/12\/LOGO_CLOVE.png","contentUrl":"https:\/\/clovedental.co\/wp-content\/uploads\/2023\/12\/LOGO_CLOVE.png","width":1400,"height":1400,"caption":"clovedental.co"},"image":{"@id":"https:\/\/clovedental.co\/de\/#\/schema\/logo\/image\/"}}]}},"_links":{"self":[{"href":"https:\/\/clovedental.co\/de\/wp-json\/wp\/v2\/product\/4802","targetHints":{"allow":["GET"]}}],"collection":[{"href":"https:\/\/clovedental.co\/de\/wp-json\/wp\/v2\/product"}],"about":[{"href":"https:\/\/clovedental.co\/de\/wp-json\/wp\/v2\/types\/product"}],"wp:featuredmedia":[{"embeddable":true,"href":"https:\/\/clovedental.co\/de\/wp-json\/wp\/v2\/media\/5707"}],"wp:attachment":[{"href":"https:\/\/clovedental.co\/de\/wp-json\/wp\/v2\/media?parent=4802"}],"wp:term":[{"taxonomy":"product_cat","embeddable":true,"href":"https:\/\/clovedental.co\/de\/wp-json\/wp\/v2\/product_cat?post=4802"},{"taxonomy":"product_tag","embeddable":true,"href":"https:\/\/clovedental.co\/de\/wp-json\/wp\/v2\/product_tag?post=4802"},{"taxonomy":"code","embeddable":true,"href":"https:\/\/clovedental.co\/de\/wp-json\/wp\/v2\/code?post=4802"}],"curies":[{"name":"wp","href":"https:\/\/api.w.org\/{rel}","templated":true}]}}