{"id":4804,"date":"2024-01-10T08:37:55","date_gmt":"2024-01-10T08:37:55","guid":{"rendered":"https:\/\/clovedental.co\/product\/dreibackenzange-von-aderer-zum-biegen-von-klammern-und-draehten\/"},"modified":"2024-01-10T08:50:57","modified_gmt":"2024-01-10T08:50:57","slug":"dreibackenzange-von-aderer-zum-biegen-von-klammern-und-draehten","status":"publish","type":"product","link":"https:\/\/clovedental.co\/de\/produkt\/dreibackenzange-von-aderer-zum-biegen-von-klammern-und-draehten\/","title":{"rendered":"Dreibackenzange von Aderer zum Biegen von Klammern und Dr\u00e4hten"},"content":{"rendered":"<p class=\"Standard\" style=\"text-align: justify;\"><span style=\"font-size: 10pt; font-family: arial, helvetica, sans-serif;\">Die unverzichtbare Ausstattung jeder Zahnarztpraxis ist hochwertige kieferorthop\u00e4dische Werkzeuge. Ein solches Instrument ist die kieferorthop\u00e4dische Zange von Aderer \u2013 ein Multitasking-Werkzeug mit zahlreichen Vorteilen. Sie werden haupts\u00e4chlich zum Bearbeiten, Formen und Biegen von Dr\u00e4hten verwendet. Zu diesem Zweck sind Drahtzangen mit schlanken Arbeitsspitzen ausgestattet. Zus\u00e4tzlich sind die Enden bearbeitet, um den Draht beim Biegen nicht zu zerst\u00f6ren. Das Produkt ist in f\u00fcnf Varianten erh\u00e4ltlich. Ergonomische Armlehnen erh\u00f6hen den Arbeitskomfort und sind rutschfest. Das kieferorthop\u00e4dische Werkzeug besteht aus hochwertigem Chirurgenstahl mit sehr guten Korrosionsschutzeigenschaften. Die Premium-Pinzetten bestehen jedoch aus hochwertigem japanischen Stahl, zertifiziert AISI 420. M\u00f6glichkeit der wiederholten Sterilisation. <\/span><\/p>\n<p><\/br><\/p>\n<h1><span style=\"font-family: arial, helvetica, sans-serif; font-size: 10pt;\">Parameter kieferorthop\u00e4dische Zange<\/span><\/h1 ><\/br><\/p>\n<ul><\/br><\/p>\n<li><span style=\"Schriftfamilie: Arial, Helvetica, Sans-Serif; Schriftgr\u00f6\u00dfe: 10pt;\">Typ: Kieferorthop\u00e4die, Zahnzange, Aderer<\/ br> span><\/li>\n<p><\/br><\/p>\n<li><span style=\"Schriftfamilie: Arial, Helvetica, Sans-Serif; Schriftgr\u00f6\u00dfe: 10pt;\">Zweck: Manipulation von kieferorthop\u00e4dischem Draht<\/span> <\/li ><\/br>\n<li><span style=\"Schriftfamilie: Arial, Helvetica, Sans-Serif; Schriftgr\u00f6\u00dfe: 10pt;\">Typen:<\/span><\/li>\n<p><\/br> <\/ul ><\/br><\/p>\n<ul style=\"list-style-type: Circle;\"><\/br><\/p>\n<li><span style=\"Schriftfamilie: Arial, Helvetica, Sans-Serif; Schriftgr\u00f6\u00dfe : 10pt; \">Mini (\u25cf 0,36 mm bis 0,50 mm, \u25a0 max. 0,53 mm x 0,64 mm)<\/span><\/li>\n<p><\/br><\/p>\n<li><span style=\"Schriftfamilie: Arial, Helvetica , serifenlos; Schriftgr\u00f6\u00dfe: 10pt;\">Midi (\u25cf 0,36 mm bis 0,71 mm, \u25a0 max. 0,56 mm x 0,71 mm)<\/span><\/li>\n<p><\/br><\/p>\n<li ><span style= \u201eSchriftfamilie: Arial, Helvetica, Sans-Serif; Schriftgr\u00f6\u00dfe: 10pt;\u201c>Maxi (\u25cf 0,50 mm bis 0,91 mm, \u25a0 max. 0,56 mm x 0,71 mm)<\/span><\/li>\n<p><\/br><\/p>\n<li><span style=\"Schriftfamilie: Arial, Helvetica, Sans-Serif; Schriftgr\u00f6\u00dfe: 10pt;\">Standard<\/span ><\/li>\n<p><\/br><\/p>\n<li><span style=\"Schriftfamilie: Arial, Helvetica, Sans-Serif; Schriftgr\u00f6\u00dfe: 10pt;\">Premium<\/span><\/li>\n<p> <\/br> <\/ul>\n<p><\/br><\/p>\n<ul><\/br><\/p>\n<li><span style=\"Schriftfamilie: Arial, Helvetica, Sans-Serif; Schriftgr\u00f6\u00dfe: 10pt;\">Hochwertiger Edelstahl<\/span ><\/li>\n<p><\/br><\/p>\n<li><span style=\"Schriftfamilie: Arial, Helvetica, Sans-Serif; Schriftgr\u00f6\u00dfe: 10pt;\">Wiederverwendbare Produkte<\/span><\/li>\n<p><\/br><\/p>\n<li><span style=\"Schriftfamilie: Arial, Helvetica, Sans-Serif; Schriftgr\u00f6\u00dfe: 10pt;\">Produkte nicht steril<\/span><\/li>\n<p><\/br><\/ul>\n<p><\/br><\/p>\n<h2><span style=\"Schriftfamilie: Arial, Helvetica, Sans- Serife; Schriftgr\u00f6\u00dfe: 10pt;\">Nutzungsvorteile<\/span><\/h2>\n<p><\/br><\/p>\n<ul><\/br><\/p>\n<li><span style=\"Schriftfamilie: Arial, Helvetica, Sans-Serif; Schriftgr\u00f6\u00dfe: 10pt;\">Gro\u00dfe Auswahl an Varianten zur Auswahl<\/span><\/li>\n<p><\/br><\/p>\n<li><span style=\"Schriftfamilie: Arial, Helvetica, Sans-Serif; Schriftgr\u00f6\u00dfe: 10pt;\">Garantie f\u00fcr h\u00f6chste Verarbeitungsqualit\u00e4t<\/span><\/li>\n<p><\/br><\/p>\n<li><span style=\"Schriftfamilie: Arial, Helvetica, Sans-Serif; Schriftgr\u00f6\u00dfe: 10pt;\">M\u00f6glichkeit der Sterilisation in einem Autoklaven und einer Sterilisationswaschmaschine<\/span><\/li>\n<p><\/br><\/p>\n<li><span style=\"Schriftfamilie: Arial, Helvetica, Sans-Serif; Schriftgr\u00f6\u00dfe: 10pt;\">Hergestellt aus hochwertigem Edelstahl mit sehr guten Korrosionsschutzeigenschaften<\/span><\/li>\n<p><\/br><\/ul>\n<p><\/br><\/p>\n<p class=\"Standard\"-Stil =\"text -align: left;\"><span style=\"font-size: 10pt; Schriftfamilie: Arial, Helvetica, Sans-Serif;\">Das Produkt ist nach ISO9001\/2008, ISO13485\/2003, CE, FDA, AISI 420 zertifiziert.<\/span><\/p>\n","protected":false},"excerpt":{"rendered":"<p>Die unverzichtbare Ausstattung jeder Zahnarztpraxis ist hochwertige kieferorthop\u00e4dische Werkzeuge. Ein solches Instrument ist die kieferorthop\u00e4dische Zange von Aderer \u2013 ein Multitasking-Werkzeug mit zahlreichen Vorteilen. Sie werden haupts\u00e4chlich zum Bearbeiten, Formen und Biegen von Dr\u00e4hten verwendet. Zu diesem Zweck sind Drahtzangen mit schlanken Arbeitsspitzen ausgestattet. Zus\u00e4tzlich sind die Enden bearbeitet, um den Draht beim Biegen nicht &hellip;<\/p>\n<p class=\"read-more\"> <a class=\"\" href=\"https:\/\/clovedental.co\/de\/produkt\/dreibackenzange-von-aderer-zum-biegen-von-klammern-und-draehten\/\"> <span class=\"screen-reader-text\">Dreibackenzange von Aderer zum Biegen von Klammern und Dr\u00e4hten<\/span> Weiterlesen &raquo;<\/a><\/p>\n","protected":false},"featured_media":5830,"template":"","meta":{"site-sidebar-layout":"default","site-content-layout":"","ast-site-content-layout":"default","site-content-style":"default","site-sidebar-style":"default","ast-global-header-display":"","ast-banner-title-visibility":"","ast-main-header-display":"","ast-hfb-above-header-display":"","ast-hfb-below-header-display":"","ast-hfb-mobile-header-display":"","site-post-title":"","ast-breadcrumbs-content":"","ast-featured-img":"","footer-sml-layout":"","theme-transparent-header-meta":"default","adv-header-id-meta":"","stick-header-meta":"","header-above-stick-meta":"","header-main-stick-meta":"","header-below-stick-meta":"","astra-migrate-meta-layouts":"","ast-page-background-enabled":"default","ast-page-background-meta":{"desktop":{"background-color":"var(--ast-global-color-4)","background-image":"","background-repeat":"repeat","background-position":"center center","background-size":"auto","background-attachment":"scroll","background-type":"","background-media":"","overlay-type":"","overlay-color":"","overlay-gradient":""},"tablet":{"background-color":"","background-image":"","background-repeat":"repeat","background-position":"center center","background-size":"auto","background-attachment":"scroll","background-type":"","background-media":"","overlay-type":"","overlay-color":"","overlay-gradient":""},"mobile":{"background-color":"","background-image":"","background-repeat":"repeat","background-position":"center center","background-size":"auto","background-attachment":"scroll","background-type":"","background-media":"","overlay-type":"","overlay-color":"","overlay-gradient":""}},"ast-content-background-meta":{"desktop":{"background-color":"var(--ast-global-color-5)","background-image":"","background-repeat":"repeat","background-position":"center center","background-size":"auto","background-attachment":"scroll","background-type":"","background-media":"","overlay-type":"","overlay-color":"","overlay-gradient":""},"tablet":{"background-color":"var(--ast-global-color-5)","background-image":"","background-repeat":"repeat","background-position":"center center","background-size":"auto","background-attachment":"scroll","background-type":"","background-media":"","overlay-type":"","overlay-color":"","overlay-gradient":""},"mobile":{"background-color":"var(--ast-global-color-5)","background-image":"","background-repeat":"repeat","background-position":"center center","background-size":"auto","background-attachment":"scroll","background-type":"","background-media":"","overlay-type":"","overlay-color":"","overlay-gradient":""}}},"product_cat":[431],"product_tag":[],"code":[250],"class_list":{"0":"post-4804","1":"product","2":"type-product","3":"status-publish","4":"has-post-thumbnail","6":"product_cat-kieferorthopadie","7":"code-09-105-139","8":"desktop-align-left","9":"tablet-align-left","10":"mobile-align-left","12":"first","13":"instock","14":"product-type-simple"},"acf":[],"yoast_head":"<!-- This site is optimized with the Yoast SEO plugin v21.9.1 - https:\/\/yoast.com\/wordpress\/plugins\/seo\/ -->\n<title>Dreibackenzange von Aderer zum Biegen von Klammern und Dr\u00e4hten | clovedental.co<\/title>\n<meta name=\"robots\" content=\"index, follow, max-snippet:-1, max-image-preview:large, max-video-preview:-1\" \/>\n<link rel=\"canonical\" href=\"https:\/\/clovedental.co\/de\/produkt\/dreibackenzange-von-aderer-zum-biegen-von-klammern-und-draehten\/\" \/>\n<meta property=\"og:locale\" content=\"de_DE\" \/>\n<meta property=\"og:type\" content=\"article\" \/>\n<meta property=\"og:title\" content=\"Dreibackenzange von Aderer zum Biegen von Klammern und Dr\u00e4hten | clovedental.co\" \/>\n<meta property=\"og:description\" content=\"Die unverzichtbare Ausstattung jeder Zahnarztpraxis ist hochwertige kieferorthop\u00e4dische Werkzeuge. Ein solches Instrument ist die kieferorthop\u00e4dische Zange von Aderer \u2013 ein Multitasking-Werkzeug mit zahlreichen Vorteilen. Sie werden haupts\u00e4chlich zum Bearbeiten, Formen und Biegen von Dr\u00e4hten verwendet. Zu diesem Zweck sind Drahtzangen mit schlanken Arbeitsspitzen ausgestattet. Zus\u00e4tzlich sind die Enden bearbeitet, um den Draht beim Biegen nicht &hellip; Dreibackenzange von Aderer zum Biegen von Klammern und Dr\u00e4hten Weiterlesen &raquo;\" \/>\n<meta property=\"og:url\" content=\"https:\/\/clovedental.co\/de\/produkt\/dreibackenzange-von-aderer-zum-biegen-von-klammern-und-draehten\/\" \/>\n<meta property=\"og:site_name\" content=\"clovedental.co\" \/>\n<meta property=\"article:modified_time\" content=\"2024-01-10T08:50:57+00:00\" \/>\n<meta name=\"twitter:card\" content=\"summary_large_image\" \/>\n<meta name=\"twitter:label1\" content=\"Gesch\u00e4tzte Lesezeit\" \/>\n\t<meta name=\"twitter:data1\" content=\"1\u00a0Minute\" \/>\n<script type=\"application\/ld+json\" class=\"yoast-schema-graph\">{\"@context\":\"https:\/\/schema.org\",\"@graph\":[{\"@type\":\"WebPage\",\"@id\":\"https:\/\/clovedental.co\/de\/produkt\/dreibackenzange-von-aderer-zum-biegen-von-klammern-und-draehten\/\",\"url\":\"https:\/\/clovedental.co\/de\/produkt\/dreibackenzange-von-aderer-zum-biegen-von-klammern-und-draehten\/\",\"name\":\"Dreibackenzange von Aderer zum Biegen von Klammern und Dr\u00e4hten | clovedental.co\",\"isPartOf\":{\"@id\":\"https:\/\/clovedental.co\/de\/#website\"},\"datePublished\":\"2024-01-10T08:37:55+00:00\",\"dateModified\":\"2024-01-10T08:50:57+00:00\",\"breadcrumb\":{\"@id\":\"https:\/\/clovedental.co\/de\/produkt\/dreibackenzange-von-aderer-zum-biegen-von-klammern-und-draehten\/#breadcrumb\"},\"inLanguage\":\"de\",\"potentialAction\":[{\"@type\":\"ReadAction\",\"target\":[\"https:\/\/clovedental.co\/de\/produkt\/dreibackenzange-von-aderer-zum-biegen-von-klammern-und-draehten\/\"]}]},{\"@type\":\"BreadcrumbList\",\"@id\":\"https:\/\/clovedental.co\/de\/produkt\/dreibackenzange-von-aderer-zum-biegen-von-klammern-und-draehten\/#breadcrumb\",\"itemListElement\":[{\"@type\":\"ListItem\",\"position\":1,\"name\":\"Strona g\u0142\u00f3wna\",\"item\":\"https:\/\/clovedental.co\/de\/\"},{\"@type\":\"ListItem\",\"position\":2,\"name\":\"Shop\",\"item\":\"https:\/\/clovedental.co\/products\/shop\/\"},{\"@type\":\"ListItem\",\"position\":3,\"name\":\"Dreibackenzange von Aderer zum Biegen von Klammern und Dr\u00e4hten\"}]},{\"@type\":\"WebSite\",\"@id\":\"https:\/\/clovedental.co\/de\/#website\",\"url\":\"https:\/\/clovedental.co\/de\/\",\"name\":\"Manufacturer of Dental and Surgical Instruments\",\"description\":\"Details are the Key\",\"publisher\":{\"@id\":\"https:\/\/clovedental.co\/de\/#organization\"},\"alternateName\":\"Dental and Surgical Instruments\",\"potentialAction\":[{\"@type\":\"SearchAction\",\"target\":{\"@type\":\"EntryPoint\",\"urlTemplate\":\"https:\/\/clovedental.co\/de\/?s={search_term_string}\"},\"query-input\":\"required name=search_term_string\"}],\"inLanguage\":\"de\"},{\"@type\":\"Organization\",\"@id\":\"https:\/\/clovedental.co\/de\/#organization\",\"name\":\"clovedental.co\",\"alternateName\":\"Clove\",\"url\":\"https:\/\/clovedental.co\/de\/\",\"logo\":{\"@type\":\"ImageObject\",\"inLanguage\":\"de\",\"@id\":\"https:\/\/clovedental.co\/de\/#\/schema\/logo\/image\/\",\"url\":\"https:\/\/clovedental.co\/wp-content\/uploads\/2023\/12\/LOGO_CLOVE.png\",\"contentUrl\":\"https:\/\/clovedental.co\/wp-content\/uploads\/2023\/12\/LOGO_CLOVE.png\",\"width\":1400,\"height\":1400,\"caption\":\"clovedental.co\"},\"image\":{\"@id\":\"https:\/\/clovedental.co\/de\/#\/schema\/logo\/image\/\"}}]}<\/script>\n<!-- \/ Yoast SEO plugin. -->","yoast_head_json":{"title":"Dreibackenzange von Aderer zum Biegen von Klammern und Dr\u00e4hten | clovedental.co","robots":{"index":"index","follow":"follow","max-snippet":"max-snippet:-1","max-image-preview":"max-image-preview:large","max-video-preview":"max-video-preview:-1"},"canonical":"https:\/\/clovedental.co\/de\/produkt\/dreibackenzange-von-aderer-zum-biegen-von-klammern-und-draehten\/","og_locale":"de_DE","og_type":"article","og_title":"Dreibackenzange von Aderer zum Biegen von Klammern und Dr\u00e4hten | clovedental.co","og_description":"Die unverzichtbare Ausstattung jeder Zahnarztpraxis ist hochwertige kieferorthop\u00e4dische Werkzeuge. Ein solches Instrument ist die kieferorthop\u00e4dische Zange von Aderer \u2013 ein Multitasking-Werkzeug mit zahlreichen Vorteilen. Sie werden haupts\u00e4chlich zum Bearbeiten, Formen und Biegen von Dr\u00e4hten verwendet. Zu diesem Zweck sind Drahtzangen mit schlanken Arbeitsspitzen ausgestattet. Zus\u00e4tzlich sind die Enden bearbeitet, um den Draht beim Biegen nicht &hellip; Dreibackenzange von Aderer zum Biegen von Klammern und Dr\u00e4hten Weiterlesen &raquo;","og_url":"https:\/\/clovedental.co\/de\/produkt\/dreibackenzange-von-aderer-zum-biegen-von-klammern-und-draehten\/","og_site_name":"clovedental.co","article_modified_time":"2024-01-10T08:50:57+00:00","twitter_card":"summary_large_image","twitter_misc":{"Gesch\u00e4tzte Lesezeit":"1\u00a0Minute"},"schema":{"@context":"https:\/\/schema.org","@graph":[{"@type":"WebPage","@id":"https:\/\/clovedental.co\/de\/produkt\/dreibackenzange-von-aderer-zum-biegen-von-klammern-und-draehten\/","url":"https:\/\/clovedental.co\/de\/produkt\/dreibackenzange-von-aderer-zum-biegen-von-klammern-und-draehten\/","name":"Dreibackenzange von Aderer zum Biegen von Klammern und Dr\u00e4hten | clovedental.co","isPartOf":{"@id":"https:\/\/clovedental.co\/de\/#website"},"datePublished":"2024-01-10T08:37:55+00:00","dateModified":"2024-01-10T08:50:57+00:00","breadcrumb":{"@id":"https:\/\/clovedental.co\/de\/produkt\/dreibackenzange-von-aderer-zum-biegen-von-klammern-und-draehten\/#breadcrumb"},"inLanguage":"de","potentialAction":[{"@type":"ReadAction","target":["https:\/\/clovedental.co\/de\/produkt\/dreibackenzange-von-aderer-zum-biegen-von-klammern-und-draehten\/"]}]},{"@type":"BreadcrumbList","@id":"https:\/\/clovedental.co\/de\/produkt\/dreibackenzange-von-aderer-zum-biegen-von-klammern-und-draehten\/#breadcrumb","itemListElement":[{"@type":"ListItem","position":1,"name":"Strona g\u0142\u00f3wna","item":"https:\/\/clovedental.co\/de\/"},{"@type":"ListItem","position":2,"name":"Shop","item":"https:\/\/clovedental.co\/products\/shop\/"},{"@type":"ListItem","position":3,"name":"Dreibackenzange von Aderer zum Biegen von Klammern und Dr\u00e4hten"}]},{"@type":"WebSite","@id":"https:\/\/clovedental.co\/de\/#website","url":"https:\/\/clovedental.co\/de\/","name":"Manufacturer of Dental and Surgical Instruments","description":"Details are the Key","publisher":{"@id":"https:\/\/clovedental.co\/de\/#organization"},"alternateName":"Dental and Surgical Instruments","potentialAction":[{"@type":"SearchAction","target":{"@type":"EntryPoint","urlTemplate":"https:\/\/clovedental.co\/de\/?s={search_term_string}"},"query-input":"required name=search_term_string"}],"inLanguage":"de"},{"@type":"Organization","@id":"https:\/\/clovedental.co\/de\/#organization","name":"clovedental.co","alternateName":"Clove","url":"https:\/\/clovedental.co\/de\/","logo":{"@type":"ImageObject","inLanguage":"de","@id":"https:\/\/clovedental.co\/de\/#\/schema\/logo\/image\/","url":"https:\/\/clovedental.co\/wp-content\/uploads\/2023\/12\/LOGO_CLOVE.png","contentUrl":"https:\/\/clovedental.co\/wp-content\/uploads\/2023\/12\/LOGO_CLOVE.png","width":1400,"height":1400,"caption":"clovedental.co"},"image":{"@id":"https:\/\/clovedental.co\/de\/#\/schema\/logo\/image\/"}}]}},"_links":{"self":[{"href":"https:\/\/clovedental.co\/de\/wp-json\/wp\/v2\/product\/4804","targetHints":{"allow":["GET"]}}],"collection":[{"href":"https:\/\/clovedental.co\/de\/wp-json\/wp\/v2\/product"}],"about":[{"href":"https:\/\/clovedental.co\/de\/wp-json\/wp\/v2\/types\/product"}],"wp:featuredmedia":[{"embeddable":true,"href":"https:\/\/clovedental.co\/de\/wp-json\/wp\/v2\/media\/5830"}],"wp:attachment":[{"href":"https:\/\/clovedental.co\/de\/wp-json\/wp\/v2\/media?parent=4804"}],"wp:term":[{"taxonomy":"product_cat","embeddable":true,"href":"https:\/\/clovedental.co\/de\/wp-json\/wp\/v2\/product_cat?post=4804"},{"taxonomy":"product_tag","embeddable":true,"href":"https:\/\/clovedental.co\/de\/wp-json\/wp\/v2\/product_tag?post=4804"},{"taxonomy":"code","embeddable":true,"href":"https:\/\/clovedental.co\/de\/wp-json\/wp\/v2\/code?post=4804"}],"curies":[{"name":"wp","href":"https:\/\/api.w.org\/{rel}","templated":true}]}}