{"id":4805,"date":"2024-01-10T08:37:55","date_gmt":"2024-01-10T08:37:55","guid":{"rendered":"https:\/\/clovedental.co\/product\/gerade-und-gebogene-kieferorthopaedische-zange-zum-entfernen-von-brackets-art-des-arbeitsteils-gerade-groesse-130-mm\/"},"modified":"2024-01-10T08:50:57","modified_gmt":"2024-01-10T08:50:57","slug":"gerade-und-gebogene-kieferorthopaedische-zange-zum-entfernen-von-brackets-art-des-arbeitsteils-gerade-groesse-130-mm","status":"publish","type":"product","link":"https:\/\/clovedental.co\/de\/produkt\/gerade-und-gebogene-kieferorthopaedische-zange-zum-entfernen-von-brackets-art-des-arbeitsteils-gerade-groesse-130-mm\/","title":{"rendered":"Gerade und gebogene kieferorthop\u00e4dische Zange zum Entfernen von Brackets, Art des Arbeitsteils: Gerade, Gr\u00f6\u00dfe: 130 mm"},"content":{"rendered":"<p><span style=\"font-size:10pt;font-family:arial, helvetica, sans-serif;\"><span style=\"text-decoration:underline;\">Kieferorthop\u00e4dische Pinzette<\/span> gerade bestimmt f\u00fcr < em>zum Entfernen von Rei\u00dfverschl\u00fcssen<\/em>. Die schlanken Enden der Spitze erm\u00f6glichen ein komfortables Entfernen kieferorthop\u00e4discher Brackets \u2013 sowohl f\u00fcr den Patienten als auch f\u00fcr den Behandler. Bei der Herstellung des zertifizierten Werkzeugs (AISI 420) wurde hochwertiger japanischer Edelstahl verwendet, der Langlebigkeit und die M\u00f6glichkeit der Desinfektion und Sterilisation gew\u00e4hrleistet.<\/span><\/p>\n<p><\/br><\/p>\n<h1><span style=\"font-size:10pt; font-family:arial, helvetica, sans-serif;\"><strong>Parameter der Sperrenentfernungszange<\/strong><\/span><\/h1>\n<p><\/br><\/p>\n<ul> <\/br><\/p>\n<li><span style=\"font-size:10pt;font-family:arial, helvetica, sans-serif;\">Spitze: gerade oder gebogen (Winkelzange), 3mm \/ 4 mm<\/span> <\/li>\n<p><\/br>< li><span style=\"font-size:10pt;font-family:arial, helvetica, sans-serif;\">L\u00e4nge: 13\/15cm<\/span><\/li>\n<p>< \/br><\/p>\n<li><span style =\"font-size:10pt;font-family:arial, helvetica, sans-serif;\">Wiederverwendbares Produkt<\/span><\/li>\n<p><\/br><\/p>\n<li><span style=\"font-size:10pt ;font-family:arial, helvetica, sans-serif;\">Nicht steriles Produkt<\/span><\/li>\n<p><\/br><\/p>\n<li><span style=\"font-size :10pt;font-family:arial, helvetica, sans-serif;\">Zertifizierter japanischer Edelstahl (AISI 420)<\/span><\/li>\n<p><\/br><\/ul>\n<p><\/br><\/p>\n<h2><span style=\"font-size:10pt;font -family:arial, helvetica, sans-serif;\"><strong>Nutzungsvorteile<\/strong><\/span><\/h2>\n<p><\/br><\/p>\n<ul><\/ br><\/p>\n<li><span style=\"font -size:10pt;font-family:arial, helvetica, sans-serif;\">Arbeitskomfort dank d\u00fcnner Pinzettenspitzen<\/span><\/li>\n<p><\/br> <\/p>\n<li><span style=\"font-size:10pt ;font-family:arial, helvetica, sans-serif;\">Die richtige Formgebung des Werkzeugs erm\u00f6glicht eine pr\u00e4zisere Verwendung<\/span><\/li>\n<p><\/br> <\/p>\n<li><span style=\"font-size:10pt;font-family:arial, helvetica, sans-serif;\">M\u00f6glichkeit zur Desinfektion und Sterilisation durch die Verwendung von hochwertigem Stahl<\/span><\/li>\n<p> <\/br><\/ul>\n<p><\/br><\/p>\n<p><span style=\"font -size:10pt;font-family:arial, helvetica, sans-serif;\">Das Produkt ist nach ISO9001\/2008, ISO13485 zertifiziert \/2003, CE, FDA, AISI 420.<\/span><\/p>\n","protected":false},"excerpt":{"rendered":"<p>Kieferorthop\u00e4dische Pinzette gerade bestimmt f\u00fcr < em>zum Entfernen von Rei\u00dfverschl\u00fcssen. Die schlanken Enden der Spitze erm\u00f6glichen ein komfortables Entfernen kieferorthop\u00e4discher Brackets \u2013 sowohl f\u00fcr den Patienten als auch f\u00fcr den Behandler. Bei der Herstellung des zertifizierten Werkzeugs (AISI 420) wurde hochwertiger japanischer Edelstahl verwendet, der Langlebigkeit und die M\u00f6glichkeit der Desinfektion und Sterilisation gew\u00e4hrleistet. Parameter &hellip;<\/p>\n<p class=\"read-more\"> <a class=\"\" href=\"https:\/\/clovedental.co\/de\/produkt\/gerade-und-gebogene-kieferorthopaedische-zange-zum-entfernen-von-brackets-art-des-arbeitsteils-gerade-groesse-130-mm\/\"> <span class=\"screen-reader-text\">Gerade und gebogene kieferorthop\u00e4dische Zange zum Entfernen von Brackets, Art des Arbeitsteils: Gerade, Gr\u00f6\u00dfe: 130 mm<\/span> Weiterlesen &raquo;<\/a><\/p>\n","protected":false},"featured_media":5844,"template":"","meta":{"site-sidebar-layout":"default","site-content-layout":"","ast-site-content-layout":"default","site-content-style":"default","site-sidebar-style":"default","ast-global-header-display":"","ast-banner-title-visibility":"","ast-main-header-display":"","ast-hfb-above-header-display":"","ast-hfb-below-header-display":"","ast-hfb-mobile-header-display":"","site-post-title":"","ast-breadcrumbs-content":"","ast-featured-img":"","footer-sml-layout":"","theme-transparent-header-meta":"default","adv-header-id-meta":"","stick-header-meta":"","header-above-stick-meta":"","header-main-stick-meta":"","header-below-stick-meta":"","astra-migrate-meta-layouts":"","ast-page-background-enabled":"default","ast-page-background-meta":{"desktop":{"background-color":"var(--ast-global-color-4)","background-image":"","background-repeat":"repeat","background-position":"center center","background-size":"auto","background-attachment":"scroll","background-type":"","background-media":"","overlay-type":"","overlay-color":"","overlay-gradient":""},"tablet":{"background-color":"","background-image":"","background-repeat":"repeat","background-position":"center center","background-size":"auto","background-attachment":"scroll","background-type":"","background-media":"","overlay-type":"","overlay-color":"","overlay-gradient":""},"mobile":{"background-color":"","background-image":"","background-repeat":"repeat","background-position":"center center","background-size":"auto","background-attachment":"scroll","background-type":"","background-media":"","overlay-type":"","overlay-color":"","overlay-gradient":""}},"ast-content-background-meta":{"desktop":{"background-color":"var(--ast-global-color-5)","background-image":"","background-repeat":"repeat","background-position":"center center","background-size":"auto","background-attachment":"scroll","background-type":"","background-media":"","overlay-type":"","overlay-color":"","overlay-gradient":""},"tablet":{"background-color":"var(--ast-global-color-5)","background-image":"","background-repeat":"repeat","background-position":"center center","background-size":"auto","background-attachment":"scroll","background-type":"","background-media":"","overlay-type":"","overlay-color":"","overlay-gradient":""},"mobile":{"background-color":"var(--ast-global-color-5)","background-image":"","background-repeat":"repeat","background-position":"center center","background-size":"auto","background-attachment":"scroll","background-type":"","background-media":"","overlay-type":"","overlay-color":"","overlay-gradient":""}}},"product_cat":[431],"product_tag":[],"code":[251],"class_list":{"0":"post-4805","1":"product","2":"type-product","3":"status-publish","4":"has-post-thumbnail","6":"product_cat-kieferorthopadie","7":"code-09-105-066","8":"desktop-align-left","9":"tablet-align-left","10":"mobile-align-left","12":"first","13":"instock","14":"product-type-simple"},"acf":[],"yoast_head":"<!-- This site is optimized with the Yoast SEO plugin v21.9.1 - https:\/\/yoast.com\/wordpress\/plugins\/seo\/ -->\n<title>Gerade und gebogene kieferorthop\u00e4dische Zange zum Entfernen von Brackets, Art des Arbeitsteils: Gerade, Gr\u00f6\u00dfe: 130 mm | clovedental.co<\/title>\n<meta name=\"robots\" content=\"index, follow, max-snippet:-1, max-image-preview:large, max-video-preview:-1\" \/>\n<link rel=\"canonical\" href=\"https:\/\/clovedental.co\/de\/produkt\/gerade-und-gebogene-kieferorthopaedische-zange-zum-entfernen-von-brackets-art-des-arbeitsteils-gerade-groesse-130-mm\/\" \/>\n<meta property=\"og:locale\" content=\"de_DE\" \/>\n<meta property=\"og:type\" content=\"article\" \/>\n<meta property=\"og:title\" content=\"Gerade und gebogene kieferorthop\u00e4dische Zange zum Entfernen von Brackets, Art des Arbeitsteils: Gerade, Gr\u00f6\u00dfe: 130 mm | clovedental.co\" \/>\n<meta property=\"og:description\" content=\"Kieferorthop\u00e4dische Pinzette gerade bestimmt f\u00fcr &lt; em&gt;zum Entfernen von Rei\u00dfverschl\u00fcssen. Die schlanken Enden der Spitze erm\u00f6glichen ein komfortables Entfernen kieferorthop\u00e4discher Brackets \u2013 sowohl f\u00fcr den Patienten als auch f\u00fcr den Behandler. Bei der Herstellung des zertifizierten Werkzeugs (AISI 420) wurde hochwertiger japanischer Edelstahl verwendet, der Langlebigkeit und die M\u00f6glichkeit der Desinfektion und Sterilisation gew\u00e4hrleistet. Parameter &hellip; Gerade und gebogene kieferorthop\u00e4dische Zange zum Entfernen von Brackets, Art des Arbeitsteils: Gerade, Gr\u00f6\u00dfe: 130 mm Weiterlesen &raquo;\" \/>\n<meta property=\"og:url\" content=\"https:\/\/clovedental.co\/de\/produkt\/gerade-und-gebogene-kieferorthopaedische-zange-zum-entfernen-von-brackets-art-des-arbeitsteils-gerade-groesse-130-mm\/\" \/>\n<meta property=\"og:site_name\" content=\"clovedental.co\" \/>\n<meta property=\"article:modified_time\" content=\"2024-01-10T08:50:57+00:00\" \/>\n<meta name=\"twitter:card\" content=\"summary_large_image\" \/>\n<meta name=\"twitter:label1\" content=\"Gesch\u00e4tzte Lesezeit\" \/>\n\t<meta name=\"twitter:data1\" content=\"1\u00a0Minute\" \/>\n<script type=\"application\/ld+json\" class=\"yoast-schema-graph\">{\"@context\":\"https:\/\/schema.org\",\"@graph\":[{\"@type\":\"WebPage\",\"@id\":\"https:\/\/clovedental.co\/de\/produkt\/gerade-und-gebogene-kieferorthopaedische-zange-zum-entfernen-von-brackets-art-des-arbeitsteils-gerade-groesse-130-mm\/\",\"url\":\"https:\/\/clovedental.co\/de\/produkt\/gerade-und-gebogene-kieferorthopaedische-zange-zum-entfernen-von-brackets-art-des-arbeitsteils-gerade-groesse-130-mm\/\",\"name\":\"Gerade und gebogene kieferorthop\u00e4dische Zange zum Entfernen von Brackets, Art des Arbeitsteils: Gerade, Gr\u00f6\u00dfe: 130 mm | clovedental.co\",\"isPartOf\":{\"@id\":\"https:\/\/clovedental.co\/de\/#website\"},\"datePublished\":\"2024-01-10T08:37:55+00:00\",\"dateModified\":\"2024-01-10T08:50:57+00:00\",\"breadcrumb\":{\"@id\":\"https:\/\/clovedental.co\/de\/produkt\/gerade-und-gebogene-kieferorthopaedische-zange-zum-entfernen-von-brackets-art-des-arbeitsteils-gerade-groesse-130-mm\/#breadcrumb\"},\"inLanguage\":\"de\",\"potentialAction\":[{\"@type\":\"ReadAction\",\"target\":[\"https:\/\/clovedental.co\/de\/produkt\/gerade-und-gebogene-kieferorthopaedische-zange-zum-entfernen-von-brackets-art-des-arbeitsteils-gerade-groesse-130-mm\/\"]}]},{\"@type\":\"BreadcrumbList\",\"@id\":\"https:\/\/clovedental.co\/de\/produkt\/gerade-und-gebogene-kieferorthopaedische-zange-zum-entfernen-von-brackets-art-des-arbeitsteils-gerade-groesse-130-mm\/#breadcrumb\",\"itemListElement\":[{\"@type\":\"ListItem\",\"position\":1,\"name\":\"Strona g\u0142\u00f3wna\",\"item\":\"https:\/\/clovedental.co\/de\/\"},{\"@type\":\"ListItem\",\"position\":2,\"name\":\"Shop\",\"item\":\"https:\/\/clovedental.co\/products\/shop\/\"},{\"@type\":\"ListItem\",\"position\":3,\"name\":\"Gerade und gebogene kieferorthop\u00e4dische Zange zum Entfernen von Brackets, Art des Arbeitsteils: Gerade, Gr\u00f6\u00dfe: 130 mm\"}]},{\"@type\":\"WebSite\",\"@id\":\"https:\/\/clovedental.co\/de\/#website\",\"url\":\"https:\/\/clovedental.co\/de\/\",\"name\":\"Manufacturer of Dental and Surgical Instruments\",\"description\":\"Details are the Key\",\"publisher\":{\"@id\":\"https:\/\/clovedental.co\/de\/#organization\"},\"alternateName\":\"Dental and Surgical Instruments\",\"potentialAction\":[{\"@type\":\"SearchAction\",\"target\":{\"@type\":\"EntryPoint\",\"urlTemplate\":\"https:\/\/clovedental.co\/de\/?s={search_term_string}\"},\"query-input\":\"required name=search_term_string\"}],\"inLanguage\":\"de\"},{\"@type\":\"Organization\",\"@id\":\"https:\/\/clovedental.co\/de\/#organization\",\"name\":\"clovedental.co\",\"alternateName\":\"Clove\",\"url\":\"https:\/\/clovedental.co\/de\/\",\"logo\":{\"@type\":\"ImageObject\",\"inLanguage\":\"de\",\"@id\":\"https:\/\/clovedental.co\/de\/#\/schema\/logo\/image\/\",\"url\":\"https:\/\/clovedental.co\/wp-content\/uploads\/2023\/12\/LOGO_CLOVE.png\",\"contentUrl\":\"https:\/\/clovedental.co\/wp-content\/uploads\/2023\/12\/LOGO_CLOVE.png\",\"width\":1400,\"height\":1400,\"caption\":\"clovedental.co\"},\"image\":{\"@id\":\"https:\/\/clovedental.co\/de\/#\/schema\/logo\/image\/\"}}]}<\/script>\n<!-- \/ Yoast SEO plugin. -->","yoast_head_json":{"title":"Gerade und gebogene kieferorthop\u00e4dische Zange zum Entfernen von Brackets, Art des Arbeitsteils: Gerade, Gr\u00f6\u00dfe: 130 mm | clovedental.co","robots":{"index":"index","follow":"follow","max-snippet":"max-snippet:-1","max-image-preview":"max-image-preview:large","max-video-preview":"max-video-preview:-1"},"canonical":"https:\/\/clovedental.co\/de\/produkt\/gerade-und-gebogene-kieferorthopaedische-zange-zum-entfernen-von-brackets-art-des-arbeitsteils-gerade-groesse-130-mm\/","og_locale":"de_DE","og_type":"article","og_title":"Gerade und gebogene kieferorthop\u00e4dische Zange zum Entfernen von Brackets, Art des Arbeitsteils: Gerade, Gr\u00f6\u00dfe: 130 mm | clovedental.co","og_description":"Kieferorthop\u00e4dische Pinzette gerade bestimmt f\u00fcr < em>zum Entfernen von Rei\u00dfverschl\u00fcssen. Die schlanken Enden der Spitze erm\u00f6glichen ein komfortables Entfernen kieferorthop\u00e4discher Brackets \u2013 sowohl f\u00fcr den Patienten als auch f\u00fcr den Behandler. Bei der Herstellung des zertifizierten Werkzeugs (AISI 420) wurde hochwertiger japanischer Edelstahl verwendet, der Langlebigkeit und die M\u00f6glichkeit der Desinfektion und Sterilisation gew\u00e4hrleistet. Parameter &hellip; Gerade und gebogene kieferorthop\u00e4dische Zange zum Entfernen von Brackets, Art des Arbeitsteils: Gerade, Gr\u00f6\u00dfe: 130 mm Weiterlesen &raquo;","og_url":"https:\/\/clovedental.co\/de\/produkt\/gerade-und-gebogene-kieferorthopaedische-zange-zum-entfernen-von-brackets-art-des-arbeitsteils-gerade-groesse-130-mm\/","og_site_name":"clovedental.co","article_modified_time":"2024-01-10T08:50:57+00:00","twitter_card":"summary_large_image","twitter_misc":{"Gesch\u00e4tzte Lesezeit":"1\u00a0Minute"},"schema":{"@context":"https:\/\/schema.org","@graph":[{"@type":"WebPage","@id":"https:\/\/clovedental.co\/de\/produkt\/gerade-und-gebogene-kieferorthopaedische-zange-zum-entfernen-von-brackets-art-des-arbeitsteils-gerade-groesse-130-mm\/","url":"https:\/\/clovedental.co\/de\/produkt\/gerade-und-gebogene-kieferorthopaedische-zange-zum-entfernen-von-brackets-art-des-arbeitsteils-gerade-groesse-130-mm\/","name":"Gerade und gebogene kieferorthop\u00e4dische Zange zum Entfernen von Brackets, Art des Arbeitsteils: Gerade, Gr\u00f6\u00dfe: 130 mm | clovedental.co","isPartOf":{"@id":"https:\/\/clovedental.co\/de\/#website"},"datePublished":"2024-01-10T08:37:55+00:00","dateModified":"2024-01-10T08:50:57+00:00","breadcrumb":{"@id":"https:\/\/clovedental.co\/de\/produkt\/gerade-und-gebogene-kieferorthopaedische-zange-zum-entfernen-von-brackets-art-des-arbeitsteils-gerade-groesse-130-mm\/#breadcrumb"},"inLanguage":"de","potentialAction":[{"@type":"ReadAction","target":["https:\/\/clovedental.co\/de\/produkt\/gerade-und-gebogene-kieferorthopaedische-zange-zum-entfernen-von-brackets-art-des-arbeitsteils-gerade-groesse-130-mm\/"]}]},{"@type":"BreadcrumbList","@id":"https:\/\/clovedental.co\/de\/produkt\/gerade-und-gebogene-kieferorthopaedische-zange-zum-entfernen-von-brackets-art-des-arbeitsteils-gerade-groesse-130-mm\/#breadcrumb","itemListElement":[{"@type":"ListItem","position":1,"name":"Strona g\u0142\u00f3wna","item":"https:\/\/clovedental.co\/de\/"},{"@type":"ListItem","position":2,"name":"Shop","item":"https:\/\/clovedental.co\/products\/shop\/"},{"@type":"ListItem","position":3,"name":"Gerade und gebogene kieferorthop\u00e4dische Zange zum Entfernen von Brackets, Art des Arbeitsteils: Gerade, Gr\u00f6\u00dfe: 130 mm"}]},{"@type":"WebSite","@id":"https:\/\/clovedental.co\/de\/#website","url":"https:\/\/clovedental.co\/de\/","name":"Manufacturer of Dental and Surgical Instruments","description":"Details are the Key","publisher":{"@id":"https:\/\/clovedental.co\/de\/#organization"},"alternateName":"Dental and Surgical Instruments","potentialAction":[{"@type":"SearchAction","target":{"@type":"EntryPoint","urlTemplate":"https:\/\/clovedental.co\/de\/?s={search_term_string}"},"query-input":"required name=search_term_string"}],"inLanguage":"de"},{"@type":"Organization","@id":"https:\/\/clovedental.co\/de\/#organization","name":"clovedental.co","alternateName":"Clove","url":"https:\/\/clovedental.co\/de\/","logo":{"@type":"ImageObject","inLanguage":"de","@id":"https:\/\/clovedental.co\/de\/#\/schema\/logo\/image\/","url":"https:\/\/clovedental.co\/wp-content\/uploads\/2023\/12\/LOGO_CLOVE.png","contentUrl":"https:\/\/clovedental.co\/wp-content\/uploads\/2023\/12\/LOGO_CLOVE.png","width":1400,"height":1400,"caption":"clovedental.co"},"image":{"@id":"https:\/\/clovedental.co\/de\/#\/schema\/logo\/image\/"}}]}},"_links":{"self":[{"href":"https:\/\/clovedental.co\/de\/wp-json\/wp\/v2\/product\/4805","targetHints":{"allow":["GET"]}}],"collection":[{"href":"https:\/\/clovedental.co\/de\/wp-json\/wp\/v2\/product"}],"about":[{"href":"https:\/\/clovedental.co\/de\/wp-json\/wp\/v2\/types\/product"}],"wp:featuredmedia":[{"embeddable":true,"href":"https:\/\/clovedental.co\/de\/wp-json\/wp\/v2\/media\/5844"}],"wp:attachment":[{"href":"https:\/\/clovedental.co\/de\/wp-json\/wp\/v2\/media?parent=4805"}],"wp:term":[{"taxonomy":"product_cat","embeddable":true,"href":"https:\/\/clovedental.co\/de\/wp-json\/wp\/v2\/product_cat?post=4805"},{"taxonomy":"product_tag","embeddable":true,"href":"https:\/\/clovedental.co\/de\/wp-json\/wp\/v2\/product_tag?post=4805"},{"taxonomy":"code","embeddable":true,"href":"https:\/\/clovedental.co\/de\/wp-json\/wp\/v2\/code?post=4805"}],"curies":[{"name":"wp","href":"https:\/\/api.w.org\/{rel}","templated":true}]}}