{"id":4806,"date":"2024-01-10T08:37:55","date_gmt":"2024-01-10T08:37:55","guid":{"rendered":"https:\/\/clovedental.co\/product\/kieferorthopaedische-pinzette-tweed-arch-zum-biegen-von-randboegen-groesse-125-mm\/"},"modified":"2024-01-10T08:50:58","modified_gmt":"2024-01-10T08:50:58","slug":"kieferorthopaedische-pinzette-tweed-arch-zum-biegen-von-randboegen-groesse-125-mm","status":"publish","type":"product","link":"https:\/\/clovedental.co\/de\/produkt\/kieferorthopaedische-pinzette-tweed-arch-zum-biegen-von-randboegen-groesse-125-mm\/","title":{"rendered":"Kieferorthop\u00e4dische Pinzette Tweed Arch zum Biegen von Randb\u00f6gen, Gr\u00f6\u00dfe: 125 mm"},"content":{"rendered":"<p class=\"Standard\"><span style=\"font-size:10pt;font-family:arial, helvetica, sans-serif;\"><strong>Tweed-Bogenbiegezange<\/strong> mit speziell entwickeltem <strong> Flachschn\u00e4bel sind zum Biegen von Randb\u00f6gen vorgesehen. Die Produktspitzen sind mit Wolframcarbid veredelt, was ihre Haltbarkeit erh\u00f6ht und ein problemloses Biegen der Dr\u00e4hte erm\u00f6glicht. <em>Biegezangen<\/em> zeichnen sich durch die Verwendung von zertifiziertem japanischem Stahl h\u00f6chster Qualit\u00e4t (AISI 420) aus und gew\u00e4hrleisten so Korrosionsschutzeigenschaften. Pr\u00e4zise Veredelungsmethoden gew\u00e4hrleisten eine hohe Qualit\u00e4t des Werkzeugs.<\/span><\/p>\n<p><\/br><\/p>\n<h1 class=\"Standard\"><span style=\"font-size:10pt;font-family:arial, helvetica, sans -serif ;\"><strong>Parameter kieferorthop\u00e4discher Zangen zum Biegen von B\u00f6gen<\/strong><\/span><\/h1>\n<p><\/br><\/p>\n<ul><\/br><\/p>\n<li class=\"Standard\"><span style= \"font- size:10pt;font-family:arial, helvetica, sans-serif;\">Spitze: flach, 2 mm breit, Wolframkarbid<\/span><\/li>\n<p><\/br><\/p>\n<li class=\"Standard\"> <span style=\"font-size:10pt;font-family:arial, helvetica, sans-serif;\">L\u00e4nge: 12,5 cm<\/span><\/li>\n<p><\/br><\/p>\n<li class=\"Standard\">< span style=\"font-size:10pt;font-family:arial, helvetica, sans-serif;\">Nicht steriles Produkt<\/span><\/li>\n<p><\/br><\/p>\n<li class=\"Standard\"><span style=\"font-size:10pt;font-family:arial, helvetica, sans-serif;\">Wiederverwendbares Produkt<\/span><\/li>\n<p><\/br><\/p>\n<li class=\"Standard\"><span style=\" Schriftgr\u00f6\u00dfe:10pt;Schriftfamilie:Arial, Helvetica, Sans-Serif;\">Zertifizierter japanischer Edelstahl (AISI 420)<\/span><\/li>\n<p><\/br><\/ul>\n<p><\/br><\/p>\n<h2 class =\"Standard\"><span style=\"font-size:10pt;font-family:arial, helvetica, sans-serif;\"><strong>Nutzungsvorteile<\/strong><\/span><\/h2>\n<p>< \/br ><\/p>\n<ul><\/br><\/p>\n<li class=\"Standard\"><span style=\"font-size:10pt;font-family:arial, helvetica, sans-serif;\">Verst\u00e4rkung der Spitzen mit Wolframcarbid erh\u00f6ht ihre Haltbarkeit und erleichtert die Arbeit mit kieferorthop\u00e4dischen Dr\u00e4hten<\/span><\/li>\n<p><\/br><\/p>\n<li class=\"Standard\"><span style=\"font-size:10pt;font-family:arial, helvetica, sans- serif;\">Das geeignete Profil des Tools erm\u00f6glicht eine pr\u00e4zise Verwendung<\/span><\/li>\n<p><\/br><\/p>\n<li class=\"Standard\"><span style=\"font-size:10pt;font-family:arial, helvetica , \n<br \/>\n","protected":false},"excerpt":{"rendered":"<p>Tweed-Bogenbiegezange mit speziell entwickeltem Flachschn\u00e4bel sind zum Biegen von Randb\u00f6gen vorgesehen. Die Produktspitzen sind mit Wolframcarbid veredelt, was ihre Haltbarkeit erh\u00f6ht und ein problemloses Biegen der Dr\u00e4hte erm\u00f6glicht. Biegezangen zeichnen sich durch die Verwendung von zertifiziertem japanischem Stahl h\u00f6chster Qualit\u00e4t (AISI 420) aus und gew\u00e4hrleisten so Korrosionsschutzeigenschaften. Pr\u00e4zise Veredelungsmethoden gew\u00e4hrleisten eine hohe Qualit\u00e4t des Werkzeugs. &hellip;<\/p>\n<p class=\"read-more\"> <a class=\"\" href=\"https:\/\/clovedental.co\/de\/produkt\/kieferorthopaedische-pinzette-tweed-arch-zum-biegen-von-randboegen-groesse-125-mm\/\"> <span class=\"screen-reader-text\">Kieferorthop\u00e4dische Pinzette Tweed Arch zum Biegen von Randb\u00f6gen, Gr\u00f6\u00dfe: 125 mm<\/span> Weiterlesen &raquo;<\/a><\/p>\n","protected":false},"featured_media":5848,"template":"","meta":{"site-sidebar-layout":"default","site-content-layout":"","ast-site-content-layout":"default","site-content-style":"default","site-sidebar-style":"default","ast-global-header-display":"","ast-banner-title-visibility":"","ast-main-header-display":"","ast-hfb-above-header-display":"","ast-hfb-below-header-display":"","ast-hfb-mobile-header-display":"","site-post-title":"","ast-breadcrumbs-content":"","ast-featured-img":"","footer-sml-layout":"","theme-transparent-header-meta":"default","adv-header-id-meta":"","stick-header-meta":"","header-above-stick-meta":"","header-main-stick-meta":"","header-below-stick-meta":"","astra-migrate-meta-layouts":"","ast-page-background-enabled":"default","ast-page-background-meta":{"desktop":{"background-color":"var(--ast-global-color-4)","background-image":"","background-repeat":"repeat","background-position":"center center","background-size":"auto","background-attachment":"scroll","background-type":"","background-media":"","overlay-type":"","overlay-color":"","overlay-gradient":""},"tablet":{"background-color":"","background-image":"","background-repeat":"repeat","background-position":"center center","background-size":"auto","background-attachment":"scroll","background-type":"","background-media":"","overlay-type":"","overlay-color":"","overlay-gradient":""},"mobile":{"background-color":"","background-image":"","background-repeat":"repeat","background-position":"center center","background-size":"auto","background-attachment":"scroll","background-type":"","background-media":"","overlay-type":"","overlay-color":"","overlay-gradient":""}},"ast-content-background-meta":{"desktop":{"background-color":"var(--ast-global-color-5)","background-image":"","background-repeat":"repeat","background-position":"center center","background-size":"auto","background-attachment":"scroll","background-type":"","background-media":"","overlay-type":"","overlay-color":"","overlay-gradient":""},"tablet":{"background-color":"var(--ast-global-color-5)","background-image":"","background-repeat":"repeat","background-position":"center center","background-size":"auto","background-attachment":"scroll","background-type":"","background-media":"","overlay-type":"","overlay-color":"","overlay-gradient":""},"mobile":{"background-color":"var(--ast-global-color-5)","background-image":"","background-repeat":"repeat","background-position":"center center","background-size":"auto","background-attachment":"scroll","background-type":"","background-media":"","overlay-type":"","overlay-color":"","overlay-gradient":""}}},"product_cat":[431],"product_tag":[],"code":[252],"class_list":{"0":"post-4806","1":"product","2":"type-product","3":"status-publish","4":"has-post-thumbnail","6":"product_cat-kieferorthopadie","7":"code-09-105-104","8":"desktop-align-left","9":"tablet-align-left","10":"mobile-align-left","12":"first","13":"instock","14":"product-type-simple"},"acf":[],"yoast_head":"<!-- This site is optimized with the Yoast SEO plugin v21.9.1 - https:\/\/yoast.com\/wordpress\/plugins\/seo\/ -->\n<title>Kieferorthop\u00e4dische Pinzette Tweed Arch zum Biegen von Randb\u00f6gen, Gr\u00f6\u00dfe: 125 mm | clovedental.co<\/title>\n<meta name=\"robots\" content=\"index, follow, max-snippet:-1, max-image-preview:large, max-video-preview:-1\" \/>\n<link rel=\"canonical\" href=\"https:\/\/clovedental.co\/de\/produkt\/kieferorthopaedische-pinzette-tweed-arch-zum-biegen-von-randboegen-groesse-125-mm\/\" \/>\n<meta property=\"og:locale\" content=\"de_DE\" \/>\n<meta property=\"og:type\" content=\"article\" \/>\n<meta property=\"og:title\" content=\"Kieferorthop\u00e4dische Pinzette Tweed Arch zum Biegen von Randb\u00f6gen, Gr\u00f6\u00dfe: 125 mm | clovedental.co\" \/>\n<meta property=\"og:description\" content=\"Tweed-Bogenbiegezange mit speziell entwickeltem Flachschn\u00e4bel sind zum Biegen von Randb\u00f6gen vorgesehen. Die Produktspitzen sind mit Wolframcarbid veredelt, was ihre Haltbarkeit erh\u00f6ht und ein problemloses Biegen der Dr\u00e4hte erm\u00f6glicht. Biegezangen zeichnen sich durch die Verwendung von zertifiziertem japanischem Stahl h\u00f6chster Qualit\u00e4t (AISI 420) aus und gew\u00e4hrleisten so Korrosionsschutzeigenschaften. Pr\u00e4zise Veredelungsmethoden gew\u00e4hrleisten eine hohe Qualit\u00e4t des Werkzeugs. &hellip; Kieferorthop\u00e4dische Pinzette Tweed Arch zum Biegen von Randb\u00f6gen, Gr\u00f6\u00dfe: 125 mm Weiterlesen &raquo;\" \/>\n<meta property=\"og:url\" content=\"https:\/\/clovedental.co\/de\/produkt\/kieferorthopaedische-pinzette-tweed-arch-zum-biegen-von-randboegen-groesse-125-mm\/\" \/>\n<meta property=\"og:site_name\" content=\"clovedental.co\" \/>\n<meta property=\"article:modified_time\" content=\"2024-01-10T08:50:58+00:00\" \/>\n<meta name=\"twitter:card\" content=\"summary_large_image\" \/>\n<meta name=\"twitter:label1\" content=\"Gesch\u00e4tzte Lesezeit\" \/>\n\t<meta name=\"twitter:data1\" content=\"1\u00a0Minute\" \/>\n<script type=\"application\/ld+json\" class=\"yoast-schema-graph\">{\"@context\":\"https:\/\/schema.org\",\"@graph\":[{\"@type\":\"WebPage\",\"@id\":\"https:\/\/clovedental.co\/de\/produkt\/kieferorthopaedische-pinzette-tweed-arch-zum-biegen-von-randboegen-groesse-125-mm\/\",\"url\":\"https:\/\/clovedental.co\/de\/produkt\/kieferorthopaedische-pinzette-tweed-arch-zum-biegen-von-randboegen-groesse-125-mm\/\",\"name\":\"Kieferorthop\u00e4dische Pinzette Tweed Arch zum Biegen von Randb\u00f6gen, Gr\u00f6\u00dfe: 125 mm | clovedental.co\",\"isPartOf\":{\"@id\":\"https:\/\/clovedental.co\/de\/#website\"},\"datePublished\":\"2024-01-10T08:37:55+00:00\",\"dateModified\":\"2024-01-10T08:50:58+00:00\",\"breadcrumb\":{\"@id\":\"https:\/\/clovedental.co\/de\/produkt\/kieferorthopaedische-pinzette-tweed-arch-zum-biegen-von-randboegen-groesse-125-mm\/#breadcrumb\"},\"inLanguage\":\"de\",\"potentialAction\":[{\"@type\":\"ReadAction\",\"target\":[\"https:\/\/clovedental.co\/de\/produkt\/kieferorthopaedische-pinzette-tweed-arch-zum-biegen-von-randboegen-groesse-125-mm\/\"]}]},{\"@type\":\"BreadcrumbList\",\"@id\":\"https:\/\/clovedental.co\/de\/produkt\/kieferorthopaedische-pinzette-tweed-arch-zum-biegen-von-randboegen-groesse-125-mm\/#breadcrumb\",\"itemListElement\":[{\"@type\":\"ListItem\",\"position\":1,\"name\":\"Strona g\u0142\u00f3wna\",\"item\":\"https:\/\/clovedental.co\/de\/\"},{\"@type\":\"ListItem\",\"position\":2,\"name\":\"Shop\",\"item\":\"https:\/\/clovedental.co\/products\/shop\/\"},{\"@type\":\"ListItem\",\"position\":3,\"name\":\"Kieferorthop\u00e4dische Pinzette Tweed Arch zum Biegen von Randb\u00f6gen, Gr\u00f6\u00dfe: 125 mm\"}]},{\"@type\":\"WebSite\",\"@id\":\"https:\/\/clovedental.co\/de\/#website\",\"url\":\"https:\/\/clovedental.co\/de\/\",\"name\":\"Manufacturer of Dental and Surgical Instruments\",\"description\":\"Details are the Key\",\"publisher\":{\"@id\":\"https:\/\/clovedental.co\/de\/#organization\"},\"alternateName\":\"Dental and Surgical Instruments\",\"potentialAction\":[{\"@type\":\"SearchAction\",\"target\":{\"@type\":\"EntryPoint\",\"urlTemplate\":\"https:\/\/clovedental.co\/de\/?s={search_term_string}\"},\"query-input\":\"required name=search_term_string\"}],\"inLanguage\":\"de\"},{\"@type\":\"Organization\",\"@id\":\"https:\/\/clovedental.co\/de\/#organization\",\"name\":\"clovedental.co\",\"alternateName\":\"Clove\",\"url\":\"https:\/\/clovedental.co\/de\/\",\"logo\":{\"@type\":\"ImageObject\",\"inLanguage\":\"de\",\"@id\":\"https:\/\/clovedental.co\/de\/#\/schema\/logo\/image\/\",\"url\":\"https:\/\/clovedental.co\/wp-content\/uploads\/2023\/12\/LOGO_CLOVE.png\",\"contentUrl\":\"https:\/\/clovedental.co\/wp-content\/uploads\/2023\/12\/LOGO_CLOVE.png\",\"width\":1400,\"height\":1400,\"caption\":\"clovedental.co\"},\"image\":{\"@id\":\"https:\/\/clovedental.co\/de\/#\/schema\/logo\/image\/\"}}]}<\/script>\n<!-- \/ Yoast SEO plugin. -->","yoast_head_json":{"title":"Kieferorthop\u00e4dische Pinzette Tweed Arch zum Biegen von Randb\u00f6gen, Gr\u00f6\u00dfe: 125 mm | clovedental.co","robots":{"index":"index","follow":"follow","max-snippet":"max-snippet:-1","max-image-preview":"max-image-preview:large","max-video-preview":"max-video-preview:-1"},"canonical":"https:\/\/clovedental.co\/de\/produkt\/kieferorthopaedische-pinzette-tweed-arch-zum-biegen-von-randboegen-groesse-125-mm\/","og_locale":"de_DE","og_type":"article","og_title":"Kieferorthop\u00e4dische Pinzette Tweed Arch zum Biegen von Randb\u00f6gen, Gr\u00f6\u00dfe: 125 mm | clovedental.co","og_description":"Tweed-Bogenbiegezange mit speziell entwickeltem Flachschn\u00e4bel sind zum Biegen von Randb\u00f6gen vorgesehen. Die Produktspitzen sind mit Wolframcarbid veredelt, was ihre Haltbarkeit erh\u00f6ht und ein problemloses Biegen der Dr\u00e4hte erm\u00f6glicht. Biegezangen zeichnen sich durch die Verwendung von zertifiziertem japanischem Stahl h\u00f6chster Qualit\u00e4t (AISI 420) aus und gew\u00e4hrleisten so Korrosionsschutzeigenschaften. Pr\u00e4zise Veredelungsmethoden gew\u00e4hrleisten eine hohe Qualit\u00e4t des Werkzeugs. &hellip; Kieferorthop\u00e4dische Pinzette Tweed Arch zum Biegen von Randb\u00f6gen, Gr\u00f6\u00dfe: 125 mm Weiterlesen &raquo;","og_url":"https:\/\/clovedental.co\/de\/produkt\/kieferorthopaedische-pinzette-tweed-arch-zum-biegen-von-randboegen-groesse-125-mm\/","og_site_name":"clovedental.co","article_modified_time":"2024-01-10T08:50:58+00:00","twitter_card":"summary_large_image","twitter_misc":{"Gesch\u00e4tzte Lesezeit":"1\u00a0Minute"},"schema":{"@context":"https:\/\/schema.org","@graph":[{"@type":"WebPage","@id":"https:\/\/clovedental.co\/de\/produkt\/kieferorthopaedische-pinzette-tweed-arch-zum-biegen-von-randboegen-groesse-125-mm\/","url":"https:\/\/clovedental.co\/de\/produkt\/kieferorthopaedische-pinzette-tweed-arch-zum-biegen-von-randboegen-groesse-125-mm\/","name":"Kieferorthop\u00e4dische Pinzette Tweed Arch zum Biegen von Randb\u00f6gen, Gr\u00f6\u00dfe: 125 mm | clovedental.co","isPartOf":{"@id":"https:\/\/clovedental.co\/de\/#website"},"datePublished":"2024-01-10T08:37:55+00:00","dateModified":"2024-01-10T08:50:58+00:00","breadcrumb":{"@id":"https:\/\/clovedental.co\/de\/produkt\/kieferorthopaedische-pinzette-tweed-arch-zum-biegen-von-randboegen-groesse-125-mm\/#breadcrumb"},"inLanguage":"de","potentialAction":[{"@type":"ReadAction","target":["https:\/\/clovedental.co\/de\/produkt\/kieferorthopaedische-pinzette-tweed-arch-zum-biegen-von-randboegen-groesse-125-mm\/"]}]},{"@type":"BreadcrumbList","@id":"https:\/\/clovedental.co\/de\/produkt\/kieferorthopaedische-pinzette-tweed-arch-zum-biegen-von-randboegen-groesse-125-mm\/#breadcrumb","itemListElement":[{"@type":"ListItem","position":1,"name":"Strona g\u0142\u00f3wna","item":"https:\/\/clovedental.co\/de\/"},{"@type":"ListItem","position":2,"name":"Shop","item":"https:\/\/clovedental.co\/products\/shop\/"},{"@type":"ListItem","position":3,"name":"Kieferorthop\u00e4dische Pinzette Tweed Arch zum Biegen von Randb\u00f6gen, Gr\u00f6\u00dfe: 125 mm"}]},{"@type":"WebSite","@id":"https:\/\/clovedental.co\/de\/#website","url":"https:\/\/clovedental.co\/de\/","name":"Manufacturer of Dental and Surgical Instruments","description":"Details are the Key","publisher":{"@id":"https:\/\/clovedental.co\/de\/#organization"},"alternateName":"Dental and Surgical Instruments","potentialAction":[{"@type":"SearchAction","target":{"@type":"EntryPoint","urlTemplate":"https:\/\/clovedental.co\/de\/?s={search_term_string}"},"query-input":"required name=search_term_string"}],"inLanguage":"de"},{"@type":"Organization","@id":"https:\/\/clovedental.co\/de\/#organization","name":"clovedental.co","alternateName":"Clove","url":"https:\/\/clovedental.co\/de\/","logo":{"@type":"ImageObject","inLanguage":"de","@id":"https:\/\/clovedental.co\/de\/#\/schema\/logo\/image\/","url":"https:\/\/clovedental.co\/wp-content\/uploads\/2023\/12\/LOGO_CLOVE.png","contentUrl":"https:\/\/clovedental.co\/wp-content\/uploads\/2023\/12\/LOGO_CLOVE.png","width":1400,"height":1400,"caption":"clovedental.co"},"image":{"@id":"https:\/\/clovedental.co\/de\/#\/schema\/logo\/image\/"}}]}},"_links":{"self":[{"href":"https:\/\/clovedental.co\/de\/wp-json\/wp\/v2\/product\/4806","targetHints":{"allow":["GET"]}}],"collection":[{"href":"https:\/\/clovedental.co\/de\/wp-json\/wp\/v2\/product"}],"about":[{"href":"https:\/\/clovedental.co\/de\/wp-json\/wp\/v2\/types\/product"}],"wp:featuredmedia":[{"embeddable":true,"href":"https:\/\/clovedental.co\/de\/wp-json\/wp\/v2\/media\/5848"}],"wp:attachment":[{"href":"https:\/\/clovedental.co\/de\/wp-json\/wp\/v2\/media?parent=4806"}],"wp:term":[{"taxonomy":"product_cat","embeddable":true,"href":"https:\/\/clovedental.co\/de\/wp-json\/wp\/v2\/product_cat?post=4806"},{"taxonomy":"product_tag","embeddable":true,"href":"https:\/\/clovedental.co\/de\/wp-json\/wp\/v2\/product_tag?post=4806"},{"taxonomy":"code","embeddable":true,"href":"https:\/\/clovedental.co\/de\/wp-json\/wp\/v2\/code?post=4806"}],"curies":[{"name":"wp","href":"https:\/\/api.w.org\/{rel}","templated":true}]}}