{"id":4807,"date":"2024-01-10T08:37:55","date_gmt":"2024-01-10T08:37:55","guid":{"rendered":"https:\/\/clovedental.co\/product\/kieferorthopaedische-pinzette-zum-schneiden-von-weichem-draht\/"},"modified":"2024-01-10T08:50:58","modified_gmt":"2024-01-10T08:50:58","slug":"kieferorthopaedische-pinzette-zum-schneiden-von-weichem-draht","status":"publish","type":"product","link":"https:\/\/clovedental.co\/de\/produkt\/kieferorthopaedische-pinzette-zum-schneiden-von-weichem-draht\/","title":{"rendered":"Kieferorthop\u00e4dische Pinzette zum Schneiden von weichem Draht"},"content":{"rendered":"<p class=\"Standard\"><span style=\"font-family:arial, helvetica, sans-serif;font-size:10pt;\"><em>Kieferorthop\u00e4dische Zange<\/em> bestimmt f\u00fcr <span style=\"text - Dekoration:underline;\">zum Schneiden von weichem Draht<\/span>. Zange zum Schneiden weicher Materialien, die ein pr\u00e4zises Schneiden von kieferorthop\u00e4dischen Dr\u00e4hten und Ligaturen erm\u00f6glicht. F\u00fcr die Herstellung des Werkzeugs wurde hochwertiger, zertifizierter japanischer Stahl (AISI 420) verwendet. Die pr\u00e4zise Verarbeitung der Zange gew\u00e4hrleistet ihre Zuverl\u00e4ssigkeit und Arbeitskomfort unter verschiedenen Bedingungen. Die Spitzen der Pinzette sind mit Wolframkarbid verst\u00e4rkt, was ihre Haltbarkeit und Genauigkeit erh\u00f6ht.<\/span><\/p>\n<p><\/br><\/p>\n<h1 class=\"Standard\"><span style=\"font-family:arial, helvetica , serifenlos; Schriftgr\u00f6\u00dfe: 10pt;\"><strong>Parameter kieferorthop\u00e4discher Zangen zum Schneiden von weichem Draht<\/strong><\/span><\/h1>\n<p><\/br><\/p>\n<ul><\/br><\/p>\n<li class =\"Standard\">< span style=\"font-family:arial, helvetica, sans-serif;font-size:10pt;\">Spitze: Wolframkarbid<\/span><\/li>\n<p><\/br><\/p>\n<li class= \"Standard\"><span style=\"font-family:arial, helvetica, sans-serif;font-size:10pt;\">L\u00e4nge: 12,5 cm<\/span><\/li>\n<p><\/br><\/p>\n<li class=\" Standard\"><span style=\"font-family:arial, helvetica, sans-serif;font-size:10pt;\">Zertifizierter japanischer Edelstahl (AISI 420)<\/span><\/li>\n<p><\/br><\/p>\n<li class=\"Standard \"><span style=\"font-family:arial, helvetica, sans-serif;font-size:10pt;\">Wiederverwendbares Produkt<\/span><\/li>\n<p><\/br><\/p>\n<li class=\" Standard\"> <span style=\"font-family:arial, helvetica, sans-serif;font-size:10pt;\">Nicht steriles Produkt<\/span><\/li>\n<p><\/br><\/ul>\n<p><\/ br><\/p>\n<h2 class =\"Standard\"><span style=\"font-family:arial, helvetica, sans-serif;font-size:10pt;\"><strong>Nutzungsvorteile<\/strong><\/span>< \/h2><\/br ><\/p>\n<ul><\/br><\/p>\n<li class=\"Standard\"><span style=\"font-family:arial, helvetica, sans-serif;font-size:10pt;\">Karbidverst\u00e4rkt Spitzen sorgen f\u00fcr l\u00e4ngere Haltbarkeit und pr\u00e4zises Schneiden kieferorthop\u00e4discher Dr\u00e4hte<\/span><\/li>\n<p><\/br><\/p>\n<li class=\"Standard\"><span style=\"font-family:arial, helvetica, sans-serif;font-size: 10pt;\">Korrosionsschutzeigenschaften des in der Produktion verwendeten Stahls erm\u00f6glichen Desinfektion und Sterilisation<\/span><\/li>\n<p><\/br><\/p>\n<li class=\"Standard\"><span style=\"font-family:arial, helvetica, sans-serif;font-size: 10pt;\">Hochwertige Verarbeitung<\/span><\/li>\n<p><\/br><\/ul>\n<p><\/br><\/p>\n<p class=\"Standard\"><span style=\"font- Familie:Arial, Helvetica,\n<\/p>\n","protected":false},"excerpt":{"rendered":"<p>Kieferorthop\u00e4dische Zange bestimmt f\u00fcr zum Schneiden von weichem Draht. Zange zum Schneiden weicher Materialien, die ein pr\u00e4zises Schneiden von kieferorthop\u00e4dischen Dr\u00e4hten und Ligaturen erm\u00f6glicht. F\u00fcr die Herstellung des Werkzeugs wurde hochwertiger, zertifizierter japanischer Stahl (AISI 420) verwendet. Die pr\u00e4zise Verarbeitung der Zange gew\u00e4hrleistet ihre Zuverl\u00e4ssigkeit und Arbeitskomfort unter verschiedenen Bedingungen. Die Spitzen der Pinzette sind &hellip;<\/p>\n<p class=\"read-more\"> <a class=\"\" href=\"https:\/\/clovedental.co\/de\/produkt\/kieferorthopaedische-pinzette-zum-schneiden-von-weichem-draht\/\"> <span class=\"screen-reader-text\">Kieferorthop\u00e4dische Pinzette zum Schneiden von weichem Draht<\/span> Weiterlesen &raquo;<\/a><\/p>\n","protected":false},"featured_media":5846,"template":"","meta":{"site-sidebar-layout":"default","site-content-layout":"","ast-site-content-layout":"default","site-content-style":"default","site-sidebar-style":"default","ast-global-header-display":"","ast-banner-title-visibility":"","ast-main-header-display":"","ast-hfb-above-header-display":"","ast-hfb-below-header-display":"","ast-hfb-mobile-header-display":"","site-post-title":"","ast-breadcrumbs-content":"","ast-featured-img":"","footer-sml-layout":"","theme-transparent-header-meta":"default","adv-header-id-meta":"","stick-header-meta":"","header-above-stick-meta":"","header-main-stick-meta":"","header-below-stick-meta":"","astra-migrate-meta-layouts":"","ast-page-background-enabled":"default","ast-page-background-meta":{"desktop":{"background-color":"var(--ast-global-color-4)","background-image":"","background-repeat":"repeat","background-position":"center center","background-size":"auto","background-attachment":"scroll","background-type":"","background-media":"","overlay-type":"","overlay-color":"","overlay-gradient":""},"tablet":{"background-color":"","background-image":"","background-repeat":"repeat","background-position":"center center","background-size":"auto","background-attachment":"scroll","background-type":"","background-media":"","overlay-type":"","overlay-color":"","overlay-gradient":""},"mobile":{"background-color":"","background-image":"","background-repeat":"repeat","background-position":"center center","background-size":"auto","background-attachment":"scroll","background-type":"","background-media":"","overlay-type":"","overlay-color":"","overlay-gradient":""}},"ast-content-background-meta":{"desktop":{"background-color":"var(--ast-global-color-5)","background-image":"","background-repeat":"repeat","background-position":"center center","background-size":"auto","background-attachment":"scroll","background-type":"","background-media":"","overlay-type":"","overlay-color":"","overlay-gradient":""},"tablet":{"background-color":"var(--ast-global-color-5)","background-image":"","background-repeat":"repeat","background-position":"center center","background-size":"auto","background-attachment":"scroll","background-type":"","background-media":"","overlay-type":"","overlay-color":"","overlay-gradient":""},"mobile":{"background-color":"var(--ast-global-color-5)","background-image":"","background-repeat":"repeat","background-position":"center center","background-size":"auto","background-attachment":"scroll","background-type":"","background-media":"","overlay-type":"","overlay-color":"","overlay-gradient":""}}},"product_cat":[431],"product_tag":[],"code":[253],"class_list":{"0":"post-4807","1":"product","2":"type-product","3":"status-publish","4":"has-post-thumbnail","6":"product_cat-kieferorthopadie","7":"code-09-105-159-2","8":"desktop-align-left","9":"tablet-align-left","10":"mobile-align-left","12":"first","13":"instock","14":"product-type-simple"},"acf":[],"yoast_head":"<!-- This site is optimized with the Yoast SEO plugin v21.9.1 - https:\/\/yoast.com\/wordpress\/plugins\/seo\/ -->\n<title>Kieferorthop\u00e4dische Pinzette zum Schneiden von weichem Draht | clovedental.co<\/title>\n<meta name=\"robots\" content=\"index, follow, max-snippet:-1, max-image-preview:large, max-video-preview:-1\" \/>\n<link rel=\"canonical\" href=\"https:\/\/clovedental.co\/de\/produkt\/kieferorthopaedische-pinzette-zum-schneiden-von-weichem-draht\/\" \/>\n<meta property=\"og:locale\" content=\"de_DE\" \/>\n<meta property=\"og:type\" content=\"article\" \/>\n<meta property=\"og:title\" content=\"Kieferorthop\u00e4dische Pinzette zum Schneiden von weichem Draht | clovedental.co\" \/>\n<meta property=\"og:description\" content=\"Kieferorthop\u00e4dische Zange bestimmt f\u00fcr zum Schneiden von weichem Draht. Zange zum Schneiden weicher Materialien, die ein pr\u00e4zises Schneiden von kieferorthop\u00e4dischen Dr\u00e4hten und Ligaturen erm\u00f6glicht. F\u00fcr die Herstellung des Werkzeugs wurde hochwertiger, zertifizierter japanischer Stahl (AISI 420) verwendet. Die pr\u00e4zise Verarbeitung der Zange gew\u00e4hrleistet ihre Zuverl\u00e4ssigkeit und Arbeitskomfort unter verschiedenen Bedingungen. Die Spitzen der Pinzette sind &hellip; Kieferorthop\u00e4dische Pinzette zum Schneiden von weichem Draht Weiterlesen &raquo;\" \/>\n<meta property=\"og:url\" content=\"https:\/\/clovedental.co\/de\/produkt\/kieferorthopaedische-pinzette-zum-schneiden-von-weichem-draht\/\" \/>\n<meta property=\"og:site_name\" content=\"clovedental.co\" \/>\n<meta property=\"article:modified_time\" content=\"2024-01-10T08:50:58+00:00\" \/>\n<meta property=\"og:image\" content=\"http:\/\/clovedental.co\/wp-content\/uploads\/2024\/01\/439c4c59-5d06-4928-962f-387b93d658f2.jpeg\" \/>\n\t<meta property=\"og:image:width\" content=\"1200\" \/>\n\t<meta property=\"og:image:height\" content=\"1200\" \/>\n\t<meta property=\"og:image:type\" content=\"image\/jpeg\" \/>\n<meta name=\"twitter:card\" content=\"summary_large_image\" \/>\n<meta name=\"twitter:label1\" content=\"Gesch\u00e4tzte Lesezeit\" \/>\n\t<meta name=\"twitter:data1\" content=\"1\u00a0Minute\" \/>\n<script type=\"application\/ld+json\" class=\"yoast-schema-graph\">{\"@context\":\"https:\/\/schema.org\",\"@graph\":[{\"@type\":\"WebPage\",\"@id\":\"https:\/\/clovedental.co\/de\/produkt\/kieferorthopaedische-pinzette-zum-schneiden-von-weichem-draht\/\",\"url\":\"https:\/\/clovedental.co\/de\/produkt\/kieferorthopaedische-pinzette-zum-schneiden-von-weichem-draht\/\",\"name\":\"Kieferorthop\u00e4dische Pinzette zum Schneiden von weichem Draht | clovedental.co\",\"isPartOf\":{\"@id\":\"https:\/\/clovedental.co\/de\/#website\"},\"datePublished\":\"2024-01-10T08:37:55+00:00\",\"dateModified\":\"2024-01-10T08:50:58+00:00\",\"breadcrumb\":{\"@id\":\"https:\/\/clovedental.co\/de\/produkt\/kieferorthopaedische-pinzette-zum-schneiden-von-weichem-draht\/#breadcrumb\"},\"inLanguage\":\"de\",\"potentialAction\":[{\"@type\":\"ReadAction\",\"target\":[\"https:\/\/clovedental.co\/de\/produkt\/kieferorthopaedische-pinzette-zum-schneiden-von-weichem-draht\/\"]}]},{\"@type\":\"BreadcrumbList\",\"@id\":\"https:\/\/clovedental.co\/de\/produkt\/kieferorthopaedische-pinzette-zum-schneiden-von-weichem-draht\/#breadcrumb\",\"itemListElement\":[{\"@type\":\"ListItem\",\"position\":1,\"name\":\"Strona g\u0142\u00f3wna\",\"item\":\"https:\/\/clovedental.co\/de\/\"},{\"@type\":\"ListItem\",\"position\":2,\"name\":\"Shop\",\"item\":\"https:\/\/clovedental.co\/products\/shop\/\"},{\"@type\":\"ListItem\",\"position\":3,\"name\":\"Kieferorthop\u00e4dische Pinzette zum Schneiden von weichem Draht\"}]},{\"@type\":\"WebSite\",\"@id\":\"https:\/\/clovedental.co\/de\/#website\",\"url\":\"https:\/\/clovedental.co\/de\/\",\"name\":\"Manufacturer of Dental and Surgical Instruments\",\"description\":\"Details are the Key\",\"publisher\":{\"@id\":\"https:\/\/clovedental.co\/de\/#organization\"},\"alternateName\":\"Dental and Surgical Instruments\",\"potentialAction\":[{\"@type\":\"SearchAction\",\"target\":{\"@type\":\"EntryPoint\",\"urlTemplate\":\"https:\/\/clovedental.co\/de\/?s={search_term_string}\"},\"query-input\":\"required name=search_term_string\"}],\"inLanguage\":\"de\"},{\"@type\":\"Organization\",\"@id\":\"https:\/\/clovedental.co\/de\/#organization\",\"name\":\"clovedental.co\",\"alternateName\":\"Clove\",\"url\":\"https:\/\/clovedental.co\/de\/\",\"logo\":{\"@type\":\"ImageObject\",\"inLanguage\":\"de\",\"@id\":\"https:\/\/clovedental.co\/de\/#\/schema\/logo\/image\/\",\"url\":\"https:\/\/clovedental.co\/wp-content\/uploads\/2023\/12\/LOGO_CLOVE.png\",\"contentUrl\":\"https:\/\/clovedental.co\/wp-content\/uploads\/2023\/12\/LOGO_CLOVE.png\",\"width\":1400,\"height\":1400,\"caption\":\"clovedental.co\"},\"image\":{\"@id\":\"https:\/\/clovedental.co\/de\/#\/schema\/logo\/image\/\"}}]}<\/script>\n<!-- \/ Yoast SEO plugin. -->","yoast_head_json":{"title":"Kieferorthop\u00e4dische Pinzette zum Schneiden von weichem Draht | clovedental.co","robots":{"index":"index","follow":"follow","max-snippet":"max-snippet:-1","max-image-preview":"max-image-preview:large","max-video-preview":"max-video-preview:-1"},"canonical":"https:\/\/clovedental.co\/de\/produkt\/kieferorthopaedische-pinzette-zum-schneiden-von-weichem-draht\/","og_locale":"de_DE","og_type":"article","og_title":"Kieferorthop\u00e4dische Pinzette zum Schneiden von weichem Draht | clovedental.co","og_description":"Kieferorthop\u00e4dische Zange bestimmt f\u00fcr zum Schneiden von weichem Draht. Zange zum Schneiden weicher Materialien, die ein pr\u00e4zises Schneiden von kieferorthop\u00e4dischen Dr\u00e4hten und Ligaturen erm\u00f6glicht. F\u00fcr die Herstellung des Werkzeugs wurde hochwertiger, zertifizierter japanischer Stahl (AISI 420) verwendet. Die pr\u00e4zise Verarbeitung der Zange gew\u00e4hrleistet ihre Zuverl\u00e4ssigkeit und Arbeitskomfort unter verschiedenen Bedingungen. Die Spitzen der Pinzette sind &hellip; Kieferorthop\u00e4dische Pinzette zum Schneiden von weichem Draht Weiterlesen &raquo;","og_url":"https:\/\/clovedental.co\/de\/produkt\/kieferorthopaedische-pinzette-zum-schneiden-von-weichem-draht\/","og_site_name":"clovedental.co","article_modified_time":"2024-01-10T08:50:58+00:00","og_image":[{"width":1200,"height":1200,"url":"http:\/\/clovedental.co\/wp-content\/uploads\/2024\/01\/439c4c59-5d06-4928-962f-387b93d658f2.jpeg","type":"image\/jpeg"}],"twitter_card":"summary_large_image","twitter_misc":{"Gesch\u00e4tzte Lesezeit":"1\u00a0Minute"},"schema":{"@context":"https:\/\/schema.org","@graph":[{"@type":"WebPage","@id":"https:\/\/clovedental.co\/de\/produkt\/kieferorthopaedische-pinzette-zum-schneiden-von-weichem-draht\/","url":"https:\/\/clovedental.co\/de\/produkt\/kieferorthopaedische-pinzette-zum-schneiden-von-weichem-draht\/","name":"Kieferorthop\u00e4dische Pinzette zum Schneiden von weichem Draht | clovedental.co","isPartOf":{"@id":"https:\/\/clovedental.co\/de\/#website"},"datePublished":"2024-01-10T08:37:55+00:00","dateModified":"2024-01-10T08:50:58+00:00","breadcrumb":{"@id":"https:\/\/clovedental.co\/de\/produkt\/kieferorthopaedische-pinzette-zum-schneiden-von-weichem-draht\/#breadcrumb"},"inLanguage":"de","potentialAction":[{"@type":"ReadAction","target":["https:\/\/clovedental.co\/de\/produkt\/kieferorthopaedische-pinzette-zum-schneiden-von-weichem-draht\/"]}]},{"@type":"BreadcrumbList","@id":"https:\/\/clovedental.co\/de\/produkt\/kieferorthopaedische-pinzette-zum-schneiden-von-weichem-draht\/#breadcrumb","itemListElement":[{"@type":"ListItem","position":1,"name":"Strona g\u0142\u00f3wna","item":"https:\/\/clovedental.co\/de\/"},{"@type":"ListItem","position":2,"name":"Shop","item":"https:\/\/clovedental.co\/products\/shop\/"},{"@type":"ListItem","position":3,"name":"Kieferorthop\u00e4dische Pinzette zum Schneiden von weichem Draht"}]},{"@type":"WebSite","@id":"https:\/\/clovedental.co\/de\/#website","url":"https:\/\/clovedental.co\/de\/","name":"Manufacturer of Dental and Surgical Instruments","description":"Details are the Key","publisher":{"@id":"https:\/\/clovedental.co\/de\/#organization"},"alternateName":"Dental and Surgical Instruments","potentialAction":[{"@type":"SearchAction","target":{"@type":"EntryPoint","urlTemplate":"https:\/\/clovedental.co\/de\/?s={search_term_string}"},"query-input":"required name=search_term_string"}],"inLanguage":"de"},{"@type":"Organization","@id":"https:\/\/clovedental.co\/de\/#organization","name":"clovedental.co","alternateName":"Clove","url":"https:\/\/clovedental.co\/de\/","logo":{"@type":"ImageObject","inLanguage":"de","@id":"https:\/\/clovedental.co\/de\/#\/schema\/logo\/image\/","url":"https:\/\/clovedental.co\/wp-content\/uploads\/2023\/12\/LOGO_CLOVE.png","contentUrl":"https:\/\/clovedental.co\/wp-content\/uploads\/2023\/12\/LOGO_CLOVE.png","width":1400,"height":1400,"caption":"clovedental.co"},"image":{"@id":"https:\/\/clovedental.co\/de\/#\/schema\/logo\/image\/"}}]}},"_links":{"self":[{"href":"https:\/\/clovedental.co\/de\/wp-json\/wp\/v2\/product\/4807","targetHints":{"allow":["GET"]}}],"collection":[{"href":"https:\/\/clovedental.co\/de\/wp-json\/wp\/v2\/product"}],"about":[{"href":"https:\/\/clovedental.co\/de\/wp-json\/wp\/v2\/types\/product"}],"wp:featuredmedia":[{"embeddable":true,"href":"https:\/\/clovedental.co\/de\/wp-json\/wp\/v2\/media\/5846"}],"wp:attachment":[{"href":"https:\/\/clovedental.co\/de\/wp-json\/wp\/v2\/media?parent=4807"}],"wp:term":[{"taxonomy":"product_cat","embeddable":true,"href":"https:\/\/clovedental.co\/de\/wp-json\/wp\/v2\/product_cat?post=4807"},{"taxonomy":"product_tag","embeddable":true,"href":"https:\/\/clovedental.co\/de\/wp-json\/wp\/v2\/product_tag?post=4807"},{"taxonomy":"code","embeddable":true,"href":"https:\/\/clovedental.co\/de\/wp-json\/wp\/v2\/code?post=4807"}],"curies":[{"name":"wp","href":"https:\/\/api.w.org\/{rel}","templated":true}]}}