{"id":4808,"date":"2024-01-10T08:37:55","date_gmt":"2024-01-10T08:37:55","guid":{"rendered":"https:\/\/clovedental.co\/product\/wie-gerade-kieferorthopaedische-pinzette-fuer-ringe-und-ligaturen\/"},"modified":"2024-01-10T08:50:59","modified_gmt":"2024-01-10T08:50:59","slug":"wie-gerade-kieferorthopaedische-pinzette-fuer-ringe-und-ligaturen","status":"publish","type":"product","link":"https:\/\/clovedental.co\/de\/produkt\/wie-gerade-kieferorthopaedische-pinzette-fuer-ringe-und-ligaturen\/","title":{"rendered":"WIE gerade kieferorthop\u00e4dische Pinzette f\u00fcr Ringe und Ligaturen"},"content":{"rendered":"<p class=\"Standard\"><span style=\"font-family:arial, helvetica, sans-serif;font-size:10pt;\"><span style=\"text-decoration:underline;\">Kieferorthop\u00e4dische Pinzette<\/ span>gerade HOW-Typ sind f\u00fcr die Befestigung von B\u00f6gen und Brackets vorgesehen. Die gerillte Innenfl\u00e4che der Pinzettenspitze erm\u00f6glicht ein pr\u00e4zises Arbeiten mit kieferorthop\u00e4dischen Dr\u00e4hten. Das Ende des Ger\u00e4ts ist mit einer Unterbrechung versehen, um Sch\u00e4den an den Lippen des Patienten zu vermeiden. Ein richtig profilierter Griff erm\u00f6glicht Ihnen ein bequemes Arbeiten mit der Pinzette in verschiedenen Winkeln und unter verschiedenen Bedingungen.<\/span><\/p>\n<p><\/br><\/p>\n<h1 class=\"Standard\"><span style=\"font-family:arial , helvetica, sans- serif;font-size:10pt;\"><strong>Parameter der geraden kieferorthop\u00e4dischen Pinzette HOW f\u00fcr Ringe und Ligaturen<\/strong><\/span><\/h1>\n<p><\/br><\/p>\n<ul><\/br ><\/p>\n<li class=\" Standard\"><span style=\"font-family:arial, helvetica, sans-serif;font-size:10pt;\">Tipp: gerillte Oberfl\u00e4che, L\u00fccke zwischen den Armen<\/span><\/li>\n<p> <\/br><\/p>\n<li class=\"Standard\"><span style=\"font-family:arial, helvetica, sans-serif;font-size:10pt;\">L\u00e4nge: 14cm<\/span><\/li>\n<p><\/ br><\/p>\n<li class= \"Standard\"><span style=\"font-family:arial, helvetica, sans-serif;font-size:10pt;\">Wiederverwendbares Produkt<\/span><\/li>\n<p><\/br>< li class=\"Standard \"><span style=\"font-family:arial, helvetica, sans-serif;font-size:10pt;\">Nicht steriles Produkt<\/span><\/li>\n<p><\/br><\/p>\n<li class=\"Standard\">< span style=\"font-family:arial, helvetica, sans-serif;font-size:10pt;\">Zertifizierter japanischer Edelstahl (AISI 420).<\/span><\/li>\n<p><\/ br><\/ul>\n<p> <\/br><\/p>\n<h2 class=\"Standard\"><span style=\"font-family:arial, helvetica, sans-serif;font-size:10pt;\"><strong>Nutzungsvorteile< \/strong><\/span> <\/h2>\n<p><\/br><\/p>\n<ul><\/br><\/p>\n<li class=\"Standard\"><span style=\"font-family:arial, helvetica, sans-serif;font-size :10pt;\">Gerillte Oberfl\u00e4che an den Enden der Pinzette sorgt f\u00fcr mehr Komfort bei der Verwendung kieferorthop\u00e4discher Dr\u00e4hte<\/span><\/li>\n<p><\/br><\/p>\n<li class=\"Standard\"><span style=\"font-family:arial , helvetica, sans-serif;font-size :10pt;\">Der Abstand zwischen den Zangenarmen verhindert eine versehentliche Besch\u00e4digung der Lippen des Patienten<\/span><\/li>\n<p><\/br><\/p>\n<li class=\"Standard\"> <span style=\"font-family:arial, helvetica, sans-serif ;font-size:10pt;\">Produkt zur Desinfektion und Sterilisation dank der Verwendung von japanischem Edelstahl<\/span><\/li>\n<p><\/br ><\/p>\n<li class=\"Standard\"><span style=\"font-family:arial , helvetica, sans-serif;font-size: \n<br \/>\n","protected":false},"excerpt":{"rendered":"<p>Kieferorthop\u00e4dische Pinzettegerade HOW-Typ sind f\u00fcr die Befestigung von B\u00f6gen und Brackets vorgesehen. Die gerillte Innenfl\u00e4che der Pinzettenspitze erm\u00f6glicht ein pr\u00e4zises Arbeiten mit kieferorthop\u00e4dischen Dr\u00e4hten. Das Ende des Ger\u00e4ts ist mit einer Unterbrechung versehen, um Sch\u00e4den an den Lippen des Patienten zu vermeiden. Ein richtig profilierter Griff erm\u00f6glicht Ihnen ein bequemes Arbeiten mit der Pinzette in &hellip;<\/p>\n<p class=\"read-more\"> <a class=\"\" href=\"https:\/\/clovedental.co\/de\/produkt\/wie-gerade-kieferorthopaedische-pinzette-fuer-ringe-und-ligaturen\/\"> <span class=\"screen-reader-text\">WIE gerade kieferorthop\u00e4dische Pinzette f\u00fcr Ringe und Ligaturen<\/span> Weiterlesen &raquo;<\/a><\/p>\n","protected":false},"featured_media":5850,"template":"","meta":{"site-sidebar-layout":"default","site-content-layout":"","ast-site-content-layout":"default","site-content-style":"default","site-sidebar-style":"default","ast-global-header-display":"","ast-banner-title-visibility":"","ast-main-header-display":"","ast-hfb-above-header-display":"","ast-hfb-below-header-display":"","ast-hfb-mobile-header-display":"","site-post-title":"","ast-breadcrumbs-content":"","ast-featured-img":"","footer-sml-layout":"","theme-transparent-header-meta":"default","adv-header-id-meta":"","stick-header-meta":"","header-above-stick-meta":"","header-main-stick-meta":"","header-below-stick-meta":"","astra-migrate-meta-layouts":"","ast-page-background-enabled":"default","ast-page-background-meta":{"desktop":{"background-color":"var(--ast-global-color-4)","background-image":"","background-repeat":"repeat","background-position":"center center","background-size":"auto","background-attachment":"scroll","background-type":"","background-media":"","overlay-type":"","overlay-color":"","overlay-gradient":""},"tablet":{"background-color":"","background-image":"","background-repeat":"repeat","background-position":"center center","background-size":"auto","background-attachment":"scroll","background-type":"","background-media":"","overlay-type":"","overlay-color":"","overlay-gradient":""},"mobile":{"background-color":"","background-image":"","background-repeat":"repeat","background-position":"center center","background-size":"auto","background-attachment":"scroll","background-type":"","background-media":"","overlay-type":"","overlay-color":"","overlay-gradient":""}},"ast-content-background-meta":{"desktop":{"background-color":"var(--ast-global-color-5)","background-image":"","background-repeat":"repeat","background-position":"center center","background-size":"auto","background-attachment":"scroll","background-type":"","background-media":"","overlay-type":"","overlay-color":"","overlay-gradient":""},"tablet":{"background-color":"var(--ast-global-color-5)","background-image":"","background-repeat":"repeat","background-position":"center center","background-size":"auto","background-attachment":"scroll","background-type":"","background-media":"","overlay-type":"","overlay-color":"","overlay-gradient":""},"mobile":{"background-color":"var(--ast-global-color-5)","background-image":"","background-repeat":"repeat","background-position":"center center","background-size":"auto","background-attachment":"scroll","background-type":"","background-media":"","overlay-type":"","overlay-color":"","overlay-gradient":""}}},"product_cat":[431],"product_tag":[],"code":[254],"class_list":{"0":"post-4808","1":"product","2":"type-product","3":"status-publish","4":"has-post-thumbnail","6":"product_cat-kieferorthopadie","7":"code-09-105-091","8":"desktop-align-left","9":"tablet-align-left","10":"mobile-align-left","12":"first","13":"instock","14":"product-type-simple"},"acf":[],"yoast_head":"<!-- This site is optimized with the Yoast SEO plugin v21.9.1 - https:\/\/yoast.com\/wordpress\/plugins\/seo\/ -->\n<title>WIE gerade kieferorthop\u00e4dische Pinzette f\u00fcr Ringe und Ligaturen | clovedental.co<\/title>\n<meta name=\"robots\" content=\"index, follow, max-snippet:-1, max-image-preview:large, max-video-preview:-1\" \/>\n<link rel=\"canonical\" href=\"https:\/\/clovedental.co\/de\/produkt\/wie-gerade-kieferorthopaedische-pinzette-fuer-ringe-und-ligaturen\/\" \/>\n<meta property=\"og:locale\" content=\"de_DE\" \/>\n<meta property=\"og:type\" content=\"article\" \/>\n<meta property=\"og:title\" content=\"WIE gerade kieferorthop\u00e4dische Pinzette f\u00fcr Ringe und Ligaturen | clovedental.co\" \/>\n<meta property=\"og:description\" content=\"Kieferorthop\u00e4dische Pinzettegerade HOW-Typ sind f\u00fcr die Befestigung von B\u00f6gen und Brackets vorgesehen. Die gerillte Innenfl\u00e4che der Pinzettenspitze erm\u00f6glicht ein pr\u00e4zises Arbeiten mit kieferorthop\u00e4dischen Dr\u00e4hten. Das Ende des Ger\u00e4ts ist mit einer Unterbrechung versehen, um Sch\u00e4den an den Lippen des Patienten zu vermeiden. Ein richtig profilierter Griff erm\u00f6glicht Ihnen ein bequemes Arbeiten mit der Pinzette in &hellip; WIE gerade kieferorthop\u00e4dische Pinzette f\u00fcr Ringe und Ligaturen Weiterlesen &raquo;\" \/>\n<meta property=\"og:url\" content=\"https:\/\/clovedental.co\/de\/produkt\/wie-gerade-kieferorthopaedische-pinzette-fuer-ringe-und-ligaturen\/\" \/>\n<meta property=\"og:site_name\" content=\"clovedental.co\" \/>\n<meta property=\"article:modified_time\" content=\"2024-01-10T08:50:59+00:00\" \/>\n<meta name=\"twitter:card\" content=\"summary_large_image\" \/>\n<meta name=\"twitter:label1\" content=\"Gesch\u00e4tzte Lesezeit\" \/>\n\t<meta name=\"twitter:data1\" content=\"1\u00a0Minute\" \/>\n<script type=\"application\/ld+json\" class=\"yoast-schema-graph\">{\"@context\":\"https:\/\/schema.org\",\"@graph\":[{\"@type\":\"WebPage\",\"@id\":\"https:\/\/clovedental.co\/de\/produkt\/wie-gerade-kieferorthopaedische-pinzette-fuer-ringe-und-ligaturen\/\",\"url\":\"https:\/\/clovedental.co\/de\/produkt\/wie-gerade-kieferorthopaedische-pinzette-fuer-ringe-und-ligaturen\/\",\"name\":\"WIE gerade kieferorthop\u00e4dische Pinzette f\u00fcr Ringe und Ligaturen | clovedental.co\",\"isPartOf\":{\"@id\":\"https:\/\/clovedental.co\/de\/#website\"},\"datePublished\":\"2024-01-10T08:37:55+00:00\",\"dateModified\":\"2024-01-10T08:50:59+00:00\",\"breadcrumb\":{\"@id\":\"https:\/\/clovedental.co\/de\/produkt\/wie-gerade-kieferorthopaedische-pinzette-fuer-ringe-und-ligaturen\/#breadcrumb\"},\"inLanguage\":\"de\",\"potentialAction\":[{\"@type\":\"ReadAction\",\"target\":[\"https:\/\/clovedental.co\/de\/produkt\/wie-gerade-kieferorthopaedische-pinzette-fuer-ringe-und-ligaturen\/\"]}]},{\"@type\":\"BreadcrumbList\",\"@id\":\"https:\/\/clovedental.co\/de\/produkt\/wie-gerade-kieferorthopaedische-pinzette-fuer-ringe-und-ligaturen\/#breadcrumb\",\"itemListElement\":[{\"@type\":\"ListItem\",\"position\":1,\"name\":\"Strona g\u0142\u00f3wna\",\"item\":\"https:\/\/clovedental.co\/de\/\"},{\"@type\":\"ListItem\",\"position\":2,\"name\":\"Shop\",\"item\":\"https:\/\/clovedental.co\/products\/shop\/\"},{\"@type\":\"ListItem\",\"position\":3,\"name\":\"WIE gerade kieferorthop\u00e4dische Pinzette f\u00fcr Ringe und Ligaturen\"}]},{\"@type\":\"WebSite\",\"@id\":\"https:\/\/clovedental.co\/de\/#website\",\"url\":\"https:\/\/clovedental.co\/de\/\",\"name\":\"Manufacturer of Dental and Surgical Instruments\",\"description\":\"Details are the Key\",\"publisher\":{\"@id\":\"https:\/\/clovedental.co\/de\/#organization\"},\"alternateName\":\"Dental and Surgical Instruments\",\"potentialAction\":[{\"@type\":\"SearchAction\",\"target\":{\"@type\":\"EntryPoint\",\"urlTemplate\":\"https:\/\/clovedental.co\/de\/?s={search_term_string}\"},\"query-input\":\"required name=search_term_string\"}],\"inLanguage\":\"de\"},{\"@type\":\"Organization\",\"@id\":\"https:\/\/clovedental.co\/de\/#organization\",\"name\":\"clovedental.co\",\"alternateName\":\"Clove\",\"url\":\"https:\/\/clovedental.co\/de\/\",\"logo\":{\"@type\":\"ImageObject\",\"inLanguage\":\"de\",\"@id\":\"https:\/\/clovedental.co\/de\/#\/schema\/logo\/image\/\",\"url\":\"https:\/\/clovedental.co\/wp-content\/uploads\/2023\/12\/LOGO_CLOVE.png\",\"contentUrl\":\"https:\/\/clovedental.co\/wp-content\/uploads\/2023\/12\/LOGO_CLOVE.png\",\"width\":1400,\"height\":1400,\"caption\":\"clovedental.co\"},\"image\":{\"@id\":\"https:\/\/clovedental.co\/de\/#\/schema\/logo\/image\/\"}}]}<\/script>\n<!-- \/ Yoast SEO plugin. -->","yoast_head_json":{"title":"WIE gerade kieferorthop\u00e4dische Pinzette f\u00fcr Ringe und Ligaturen | clovedental.co","robots":{"index":"index","follow":"follow","max-snippet":"max-snippet:-1","max-image-preview":"max-image-preview:large","max-video-preview":"max-video-preview:-1"},"canonical":"https:\/\/clovedental.co\/de\/produkt\/wie-gerade-kieferorthopaedische-pinzette-fuer-ringe-und-ligaturen\/","og_locale":"de_DE","og_type":"article","og_title":"WIE gerade kieferorthop\u00e4dische Pinzette f\u00fcr Ringe und Ligaturen | clovedental.co","og_description":"Kieferorthop\u00e4dische Pinzettegerade HOW-Typ sind f\u00fcr die Befestigung von B\u00f6gen und Brackets vorgesehen. Die gerillte Innenfl\u00e4che der Pinzettenspitze erm\u00f6glicht ein pr\u00e4zises Arbeiten mit kieferorthop\u00e4dischen Dr\u00e4hten. Das Ende des Ger\u00e4ts ist mit einer Unterbrechung versehen, um Sch\u00e4den an den Lippen des Patienten zu vermeiden. Ein richtig profilierter Griff erm\u00f6glicht Ihnen ein bequemes Arbeiten mit der Pinzette in &hellip; WIE gerade kieferorthop\u00e4dische Pinzette f\u00fcr Ringe und Ligaturen Weiterlesen &raquo;","og_url":"https:\/\/clovedental.co\/de\/produkt\/wie-gerade-kieferorthopaedische-pinzette-fuer-ringe-und-ligaturen\/","og_site_name":"clovedental.co","article_modified_time":"2024-01-10T08:50:59+00:00","twitter_card":"summary_large_image","twitter_misc":{"Gesch\u00e4tzte Lesezeit":"1\u00a0Minute"},"schema":{"@context":"https:\/\/schema.org","@graph":[{"@type":"WebPage","@id":"https:\/\/clovedental.co\/de\/produkt\/wie-gerade-kieferorthopaedische-pinzette-fuer-ringe-und-ligaturen\/","url":"https:\/\/clovedental.co\/de\/produkt\/wie-gerade-kieferorthopaedische-pinzette-fuer-ringe-und-ligaturen\/","name":"WIE gerade kieferorthop\u00e4dische Pinzette f\u00fcr Ringe und Ligaturen | clovedental.co","isPartOf":{"@id":"https:\/\/clovedental.co\/de\/#website"},"datePublished":"2024-01-10T08:37:55+00:00","dateModified":"2024-01-10T08:50:59+00:00","breadcrumb":{"@id":"https:\/\/clovedental.co\/de\/produkt\/wie-gerade-kieferorthopaedische-pinzette-fuer-ringe-und-ligaturen\/#breadcrumb"},"inLanguage":"de","potentialAction":[{"@type":"ReadAction","target":["https:\/\/clovedental.co\/de\/produkt\/wie-gerade-kieferorthopaedische-pinzette-fuer-ringe-und-ligaturen\/"]}]},{"@type":"BreadcrumbList","@id":"https:\/\/clovedental.co\/de\/produkt\/wie-gerade-kieferorthopaedische-pinzette-fuer-ringe-und-ligaturen\/#breadcrumb","itemListElement":[{"@type":"ListItem","position":1,"name":"Strona g\u0142\u00f3wna","item":"https:\/\/clovedental.co\/de\/"},{"@type":"ListItem","position":2,"name":"Shop","item":"https:\/\/clovedental.co\/products\/shop\/"},{"@type":"ListItem","position":3,"name":"WIE gerade kieferorthop\u00e4dische Pinzette f\u00fcr Ringe und Ligaturen"}]},{"@type":"WebSite","@id":"https:\/\/clovedental.co\/de\/#website","url":"https:\/\/clovedental.co\/de\/","name":"Manufacturer of Dental and Surgical Instruments","description":"Details are the Key","publisher":{"@id":"https:\/\/clovedental.co\/de\/#organization"},"alternateName":"Dental and Surgical Instruments","potentialAction":[{"@type":"SearchAction","target":{"@type":"EntryPoint","urlTemplate":"https:\/\/clovedental.co\/de\/?s={search_term_string}"},"query-input":"required name=search_term_string"}],"inLanguage":"de"},{"@type":"Organization","@id":"https:\/\/clovedental.co\/de\/#organization","name":"clovedental.co","alternateName":"Clove","url":"https:\/\/clovedental.co\/de\/","logo":{"@type":"ImageObject","inLanguage":"de","@id":"https:\/\/clovedental.co\/de\/#\/schema\/logo\/image\/","url":"https:\/\/clovedental.co\/wp-content\/uploads\/2023\/12\/LOGO_CLOVE.png","contentUrl":"https:\/\/clovedental.co\/wp-content\/uploads\/2023\/12\/LOGO_CLOVE.png","width":1400,"height":1400,"caption":"clovedental.co"},"image":{"@id":"https:\/\/clovedental.co\/de\/#\/schema\/logo\/image\/"}}]}},"_links":{"self":[{"href":"https:\/\/clovedental.co\/de\/wp-json\/wp\/v2\/product\/4808","targetHints":{"allow":["GET"]}}],"collection":[{"href":"https:\/\/clovedental.co\/de\/wp-json\/wp\/v2\/product"}],"about":[{"href":"https:\/\/clovedental.co\/de\/wp-json\/wp\/v2\/types\/product"}],"wp:featuredmedia":[{"embeddable":true,"href":"https:\/\/clovedental.co\/de\/wp-json\/wp\/v2\/media\/5850"}],"wp:attachment":[{"href":"https:\/\/clovedental.co\/de\/wp-json\/wp\/v2\/media?parent=4808"}],"wp:term":[{"taxonomy":"product_cat","embeddable":true,"href":"https:\/\/clovedental.co\/de\/wp-json\/wp\/v2\/product_cat?post=4808"},{"taxonomy":"product_tag","embeddable":true,"href":"https:\/\/clovedental.co\/de\/wp-json\/wp\/v2\/product_tag?post=4808"},{"taxonomy":"code","embeddable":true,"href":"https:\/\/clovedental.co\/de\/wp-json\/wp\/v2\/code?post=4808"}],"curies":[{"name":"wp","href":"https:\/\/api.w.org\/{rel}","templated":true}]}}