{"id":4809,"date":"2024-01-10T08:37:55","date_gmt":"2024-01-10T08:37:55","guid":{"rendered":"https:\/\/clovedental.co\/product\/gerade-kieferorthopaedische-zange-zum-festziehen-von-haken\/"},"modified":"2024-01-10T08:50:59","modified_gmt":"2024-01-10T08:50:59","slug":"gerade-kieferorthopaedische-zange-zum-festziehen-von-haken","status":"publish","type":"product","link":"https:\/\/clovedental.co\/de\/produkt\/gerade-kieferorthopaedische-zange-zum-festziehen-von-haken\/","title":{"rendered":"Gerade kieferorthop\u00e4dische Zange zum Festziehen von Haken"},"content":{"rendered":"<p class=\"Standard\"><span style=\"font-family:arial, helvetica, sans-serif;font-size:10pt;\"><em>Kieferorthop\u00e4dische Zange zum Festziehen von Haken<\/em> mit gerader Spitze. Die Zange ist so konzipiert und hergestellt, dass sie maximalen Komfort beim Halten des Hakens und beim Anbringen am Bogen gew\u00e4hrleistet. Dank der passenden L\u00e4nge der Griffe ist es m\u00f6glich, auch schwer zug\u00e4ngliche Stellen zu erreichen. F\u00fcr die Herstellung der Zange wurde hochwertiger, zertifizierter japanischer Stahl (AISI 420) verwendet. Die pr\u00e4zise Verarbeitung des Werkzeugs gew\u00e4hrleistet seine Haltbarkeit und Benutzerfreundlichkeit.<\/span><\/p>\n<p><\/br><\/p>\n<h1 class=\"Standard\"><span style=\"font-family:arial, helvetica, sans-serif ;Schriftgr\u00f6\u00dfe:10pt;\"><strong>Parameter gerader Zahnzangen zum Festziehen von Haken<\/strong><\/span><\/h1>\n<p><\/br><\/p>\n<ul><\/br><\/p>\n<li class=\"Standard\" ><span style =\"font-family:arial, helvetica, sans-serif;font-size:10pt;\">Spitze: gerade<\/span><\/li>\n<p><\/br><\/p>\n<li class=\"Standard\">< span style=\"font-family:arial, helvetica, sans-serif;font-size:10pt;\">L\u00e4nge: 12cm<\/span><\/li>\n<p><\/br><\/p>\n<li class=\"Standard\"><span-Stil =\"font-family:arial, helvetica, sans-serif;font-size:10pt;\">Zertifizierter japanischer Edelstahl (AISI 420)<\/span><\/li>\n<p><\/br><\/p>\n<li class=\"Standard\"> <span style =\"font-family:arial, helvetica, sans-serif;font-size:10pt;\">Nicht steriles Produkt<\/span><\/li>\n<p><\/br><\/p>\n<li class=\"Standard\">< span style=\"font -family:arial, helvetica, sans-serif;font-size:10pt;\">Wiederverwendbares Produkt<\/span><\/li>\n<p><\/br><\/ul>\n<p><\/br><\/p>\n<h2 class= \"Standard\"> <span style=\"font-family:arial, helvetica, sans-serif;font-size:10pt;\"><strong>Nutzungsvorteile<\/strong><\/span><\/h2>\n<p><\/br ><\/p>\n<ul>< \/br><\/p>\n<li class=\"Standard\"><span style=\"font-family:arial, helvetica, sans-serif;font-size:10pt;\">Bequemes Halten und Platzieren des Hakens<\/ span>< \/li><\/br>\n<li class=\"Standard\"><span style=\"font-family:arial, helvetica, sans-serif;font-size:10pt;\">Die entsprechende L\u00e4nge der Handles erm\u00f6glicht Sie erreichen schwer zug\u00e4ngliche Orte <\/span><\/li>\n<p><\/br><\/p>\n<li class=\"Standard\"><span style=\"font-family:arial, helvetica, sans-serif;font-size: 10pt;\">Die Verwendung von hochwertigem Stahl erm\u00f6glicht dank seiner Korrosionsschutzeigenschaften die Verwendung zur Desinfektion und Sterilisation des Werkzeugs<\/span><\/li>\n<p><\/br><\/p>\n<li class=\"Standard\"> <span style=\"font-family:arial, helvetica, sans-serif;font-size: \n<br \/>\n","protected":false},"excerpt":{"rendered":"<p>Kieferorthop\u00e4dische Zange zum Festziehen von Haken mit gerader Spitze. Die Zange ist so konzipiert und hergestellt, dass sie maximalen Komfort beim Halten des Hakens und beim Anbringen am Bogen gew\u00e4hrleistet. Dank der passenden L\u00e4nge der Griffe ist es m\u00f6glich, auch schwer zug\u00e4ngliche Stellen zu erreichen. F\u00fcr die Herstellung der Zange wurde hochwertiger, zertifizierter japanischer Stahl &hellip;<\/p>\n<p class=\"read-more\"> <a class=\"\" href=\"https:\/\/clovedental.co\/de\/produkt\/gerade-kieferorthopaedische-zange-zum-festziehen-von-haken\/\"> <span class=\"screen-reader-text\">Gerade kieferorthop\u00e4dische Zange zum Festziehen von Haken<\/span> Weiterlesen &raquo;<\/a><\/p>\n","protected":false},"featured_media":5852,"template":"","meta":{"site-sidebar-layout":"default","site-content-layout":"","ast-site-content-layout":"default","site-content-style":"default","site-sidebar-style":"default","ast-global-header-display":"","ast-banner-title-visibility":"","ast-main-header-display":"","ast-hfb-above-header-display":"","ast-hfb-below-header-display":"","ast-hfb-mobile-header-display":"","site-post-title":"","ast-breadcrumbs-content":"","ast-featured-img":"","footer-sml-layout":"","theme-transparent-header-meta":"default","adv-header-id-meta":"","stick-header-meta":"","header-above-stick-meta":"","header-main-stick-meta":"","header-below-stick-meta":"","astra-migrate-meta-layouts":"","ast-page-background-enabled":"default","ast-page-background-meta":{"desktop":{"background-color":"var(--ast-global-color-4)","background-image":"","background-repeat":"repeat","background-position":"center center","background-size":"auto","background-attachment":"scroll","background-type":"","background-media":"","overlay-type":"","overlay-color":"","overlay-gradient":""},"tablet":{"background-color":"","background-image":"","background-repeat":"repeat","background-position":"center center","background-size":"auto","background-attachment":"scroll","background-type":"","background-media":"","overlay-type":"","overlay-color":"","overlay-gradient":""},"mobile":{"background-color":"","background-image":"","background-repeat":"repeat","background-position":"center center","background-size":"auto","background-attachment":"scroll","background-type":"","background-media":"","overlay-type":"","overlay-color":"","overlay-gradient":""}},"ast-content-background-meta":{"desktop":{"background-color":"var(--ast-global-color-5)","background-image":"","background-repeat":"repeat","background-position":"center center","background-size":"auto","background-attachment":"scroll","background-type":"","background-media":"","overlay-type":"","overlay-color":"","overlay-gradient":""},"tablet":{"background-color":"var(--ast-global-color-5)","background-image":"","background-repeat":"repeat","background-position":"center center","background-size":"auto","background-attachment":"scroll","background-type":"","background-media":"","overlay-type":"","overlay-color":"","overlay-gradient":""},"mobile":{"background-color":"var(--ast-global-color-5)","background-image":"","background-repeat":"repeat","background-position":"center center","background-size":"auto","background-attachment":"scroll","background-type":"","background-media":"","overlay-type":"","overlay-color":"","overlay-gradient":""}}},"product_cat":[431],"product_tag":[],"code":[255],"class_list":{"0":"post-4809","1":"product","2":"type-product","3":"status-publish","4":"has-post-thumbnail","6":"product_cat-kieferorthopadie","7":"code-09-105-139-1","8":"desktop-align-left","9":"tablet-align-left","10":"mobile-align-left","12":"first","13":"instock","14":"product-type-simple"},"acf":[],"yoast_head":"<!-- This site is optimized with the Yoast SEO plugin v21.9.1 - https:\/\/yoast.com\/wordpress\/plugins\/seo\/ -->\n<title>Gerade kieferorthop\u00e4dische Zange zum Festziehen von Haken | clovedental.co<\/title>\n<meta name=\"robots\" content=\"index, follow, max-snippet:-1, max-image-preview:large, max-video-preview:-1\" \/>\n<link rel=\"canonical\" href=\"https:\/\/clovedental.co\/de\/produkt\/gerade-kieferorthopaedische-zange-zum-festziehen-von-haken\/\" \/>\n<meta property=\"og:locale\" content=\"de_DE\" \/>\n<meta property=\"og:type\" content=\"article\" \/>\n<meta property=\"og:title\" content=\"Gerade kieferorthop\u00e4dische Zange zum Festziehen von Haken | clovedental.co\" \/>\n<meta property=\"og:description\" content=\"Kieferorthop\u00e4dische Zange zum Festziehen von Haken mit gerader Spitze. Die Zange ist so konzipiert und hergestellt, dass sie maximalen Komfort beim Halten des Hakens und beim Anbringen am Bogen gew\u00e4hrleistet. Dank der passenden L\u00e4nge der Griffe ist es m\u00f6glich, auch schwer zug\u00e4ngliche Stellen zu erreichen. F\u00fcr die Herstellung der Zange wurde hochwertiger, zertifizierter japanischer Stahl &hellip; Gerade kieferorthop\u00e4dische Zange zum Festziehen von Haken Weiterlesen &raquo;\" \/>\n<meta property=\"og:url\" content=\"https:\/\/clovedental.co\/de\/produkt\/gerade-kieferorthopaedische-zange-zum-festziehen-von-haken\/\" \/>\n<meta property=\"og:site_name\" content=\"clovedental.co\" \/>\n<meta property=\"article:modified_time\" content=\"2024-01-10T08:50:59+00:00\" \/>\n<meta property=\"og:image\" content=\"http:\/\/clovedental.co\/wp-content\/uploads\/2024\/01\/650acc2c-184a-4798-9684-955d788b7e51.jpeg\" \/>\n\t<meta property=\"og:image:width\" content=\"1200\" \/>\n\t<meta property=\"og:image:height\" content=\"1200\" \/>\n\t<meta property=\"og:image:type\" content=\"image\/jpeg\" \/>\n<meta name=\"twitter:card\" content=\"summary_large_image\" \/>\n<meta name=\"twitter:label1\" content=\"Gesch\u00e4tzte Lesezeit\" \/>\n\t<meta name=\"twitter:data1\" content=\"1\u00a0Minute\" \/>\n<script type=\"application\/ld+json\" class=\"yoast-schema-graph\">{\"@context\":\"https:\/\/schema.org\",\"@graph\":[{\"@type\":\"WebPage\",\"@id\":\"https:\/\/clovedental.co\/de\/produkt\/gerade-kieferorthopaedische-zange-zum-festziehen-von-haken\/\",\"url\":\"https:\/\/clovedental.co\/de\/produkt\/gerade-kieferorthopaedische-zange-zum-festziehen-von-haken\/\",\"name\":\"Gerade kieferorthop\u00e4dische Zange zum Festziehen von Haken | clovedental.co\",\"isPartOf\":{\"@id\":\"https:\/\/clovedental.co\/de\/#website\"},\"datePublished\":\"2024-01-10T08:37:55+00:00\",\"dateModified\":\"2024-01-10T08:50:59+00:00\",\"breadcrumb\":{\"@id\":\"https:\/\/clovedental.co\/de\/produkt\/gerade-kieferorthopaedische-zange-zum-festziehen-von-haken\/#breadcrumb\"},\"inLanguage\":\"de\",\"potentialAction\":[{\"@type\":\"ReadAction\",\"target\":[\"https:\/\/clovedental.co\/de\/produkt\/gerade-kieferorthopaedische-zange-zum-festziehen-von-haken\/\"]}]},{\"@type\":\"BreadcrumbList\",\"@id\":\"https:\/\/clovedental.co\/de\/produkt\/gerade-kieferorthopaedische-zange-zum-festziehen-von-haken\/#breadcrumb\",\"itemListElement\":[{\"@type\":\"ListItem\",\"position\":1,\"name\":\"Strona g\u0142\u00f3wna\",\"item\":\"https:\/\/clovedental.co\/de\/\"},{\"@type\":\"ListItem\",\"position\":2,\"name\":\"Shop\",\"item\":\"https:\/\/clovedental.co\/products\/shop\/\"},{\"@type\":\"ListItem\",\"position\":3,\"name\":\"Gerade kieferorthop\u00e4dische Zange zum Festziehen von Haken\"}]},{\"@type\":\"WebSite\",\"@id\":\"https:\/\/clovedental.co\/de\/#website\",\"url\":\"https:\/\/clovedental.co\/de\/\",\"name\":\"Manufacturer of Dental and Surgical Instruments\",\"description\":\"Details are the Key\",\"publisher\":{\"@id\":\"https:\/\/clovedental.co\/de\/#organization\"},\"alternateName\":\"Dental and Surgical Instruments\",\"potentialAction\":[{\"@type\":\"SearchAction\",\"target\":{\"@type\":\"EntryPoint\",\"urlTemplate\":\"https:\/\/clovedental.co\/de\/?s={search_term_string}\"},\"query-input\":\"required name=search_term_string\"}],\"inLanguage\":\"de\"},{\"@type\":\"Organization\",\"@id\":\"https:\/\/clovedental.co\/de\/#organization\",\"name\":\"clovedental.co\",\"alternateName\":\"Clove\",\"url\":\"https:\/\/clovedental.co\/de\/\",\"logo\":{\"@type\":\"ImageObject\",\"inLanguage\":\"de\",\"@id\":\"https:\/\/clovedental.co\/de\/#\/schema\/logo\/image\/\",\"url\":\"https:\/\/clovedental.co\/wp-content\/uploads\/2023\/12\/LOGO_CLOVE.png\",\"contentUrl\":\"https:\/\/clovedental.co\/wp-content\/uploads\/2023\/12\/LOGO_CLOVE.png\",\"width\":1400,\"height\":1400,\"caption\":\"clovedental.co\"},\"image\":{\"@id\":\"https:\/\/clovedental.co\/de\/#\/schema\/logo\/image\/\"}}]}<\/script>\n<!-- \/ Yoast SEO plugin. -->","yoast_head_json":{"title":"Gerade kieferorthop\u00e4dische Zange zum Festziehen von Haken | clovedental.co","robots":{"index":"index","follow":"follow","max-snippet":"max-snippet:-1","max-image-preview":"max-image-preview:large","max-video-preview":"max-video-preview:-1"},"canonical":"https:\/\/clovedental.co\/de\/produkt\/gerade-kieferorthopaedische-zange-zum-festziehen-von-haken\/","og_locale":"de_DE","og_type":"article","og_title":"Gerade kieferorthop\u00e4dische Zange zum Festziehen von Haken | clovedental.co","og_description":"Kieferorthop\u00e4dische Zange zum Festziehen von Haken mit gerader Spitze. Die Zange ist so konzipiert und hergestellt, dass sie maximalen Komfort beim Halten des Hakens und beim Anbringen am Bogen gew\u00e4hrleistet. Dank der passenden L\u00e4nge der Griffe ist es m\u00f6glich, auch schwer zug\u00e4ngliche Stellen zu erreichen. F\u00fcr die Herstellung der Zange wurde hochwertiger, zertifizierter japanischer Stahl &hellip; Gerade kieferorthop\u00e4dische Zange zum Festziehen von Haken Weiterlesen &raquo;","og_url":"https:\/\/clovedental.co\/de\/produkt\/gerade-kieferorthopaedische-zange-zum-festziehen-von-haken\/","og_site_name":"clovedental.co","article_modified_time":"2024-01-10T08:50:59+00:00","og_image":[{"width":1200,"height":1200,"url":"http:\/\/clovedental.co\/wp-content\/uploads\/2024\/01\/650acc2c-184a-4798-9684-955d788b7e51.jpeg","type":"image\/jpeg"}],"twitter_card":"summary_large_image","twitter_misc":{"Gesch\u00e4tzte Lesezeit":"1\u00a0Minute"},"schema":{"@context":"https:\/\/schema.org","@graph":[{"@type":"WebPage","@id":"https:\/\/clovedental.co\/de\/produkt\/gerade-kieferorthopaedische-zange-zum-festziehen-von-haken\/","url":"https:\/\/clovedental.co\/de\/produkt\/gerade-kieferorthopaedische-zange-zum-festziehen-von-haken\/","name":"Gerade kieferorthop\u00e4dische Zange zum Festziehen von Haken | clovedental.co","isPartOf":{"@id":"https:\/\/clovedental.co\/de\/#website"},"datePublished":"2024-01-10T08:37:55+00:00","dateModified":"2024-01-10T08:50:59+00:00","breadcrumb":{"@id":"https:\/\/clovedental.co\/de\/produkt\/gerade-kieferorthopaedische-zange-zum-festziehen-von-haken\/#breadcrumb"},"inLanguage":"de","potentialAction":[{"@type":"ReadAction","target":["https:\/\/clovedental.co\/de\/produkt\/gerade-kieferorthopaedische-zange-zum-festziehen-von-haken\/"]}]},{"@type":"BreadcrumbList","@id":"https:\/\/clovedental.co\/de\/produkt\/gerade-kieferorthopaedische-zange-zum-festziehen-von-haken\/#breadcrumb","itemListElement":[{"@type":"ListItem","position":1,"name":"Strona g\u0142\u00f3wna","item":"https:\/\/clovedental.co\/de\/"},{"@type":"ListItem","position":2,"name":"Shop","item":"https:\/\/clovedental.co\/products\/shop\/"},{"@type":"ListItem","position":3,"name":"Gerade kieferorthop\u00e4dische Zange zum Festziehen von Haken"}]},{"@type":"WebSite","@id":"https:\/\/clovedental.co\/de\/#website","url":"https:\/\/clovedental.co\/de\/","name":"Manufacturer of Dental and Surgical Instruments","description":"Details are the Key","publisher":{"@id":"https:\/\/clovedental.co\/de\/#organization"},"alternateName":"Dental and Surgical Instruments","potentialAction":[{"@type":"SearchAction","target":{"@type":"EntryPoint","urlTemplate":"https:\/\/clovedental.co\/de\/?s={search_term_string}"},"query-input":"required name=search_term_string"}],"inLanguage":"de"},{"@type":"Organization","@id":"https:\/\/clovedental.co\/de\/#organization","name":"clovedental.co","alternateName":"Clove","url":"https:\/\/clovedental.co\/de\/","logo":{"@type":"ImageObject","inLanguage":"de","@id":"https:\/\/clovedental.co\/de\/#\/schema\/logo\/image\/","url":"https:\/\/clovedental.co\/wp-content\/uploads\/2023\/12\/LOGO_CLOVE.png","contentUrl":"https:\/\/clovedental.co\/wp-content\/uploads\/2023\/12\/LOGO_CLOVE.png","width":1400,"height":1400,"caption":"clovedental.co"},"image":{"@id":"https:\/\/clovedental.co\/de\/#\/schema\/logo\/image\/"}}]}},"_links":{"self":[{"href":"https:\/\/clovedental.co\/de\/wp-json\/wp\/v2\/product\/4809","targetHints":{"allow":["GET"]}}],"collection":[{"href":"https:\/\/clovedental.co\/de\/wp-json\/wp\/v2\/product"}],"about":[{"href":"https:\/\/clovedental.co\/de\/wp-json\/wp\/v2\/types\/product"}],"wp:featuredmedia":[{"embeddable":true,"href":"https:\/\/clovedental.co\/de\/wp-json\/wp\/v2\/media\/5852"}],"wp:attachment":[{"href":"https:\/\/clovedental.co\/de\/wp-json\/wp\/v2\/media?parent=4809"}],"wp:term":[{"taxonomy":"product_cat","embeddable":true,"href":"https:\/\/clovedental.co\/de\/wp-json\/wp\/v2\/product_cat?post=4809"},{"taxonomy":"product_tag","embeddable":true,"href":"https:\/\/clovedental.co\/de\/wp-json\/wp\/v2\/product_tag?post=4809"},{"taxonomy":"code","embeddable":true,"href":"https:\/\/clovedental.co\/de\/wp-json\/wp\/v2\/code?post=4809"}],"curies":[{"name":"wp","href":"https:\/\/api.w.org\/{rel}","templated":true}]}}