{"id":4810,"date":"2024-01-10T08:37:55","date_gmt":"2024-01-10T08:37:55","guid":{"rendered":"https:\/\/clovedental.co\/product\/junge-kieferorthopaedische-pinzette-zum-formen-von-schlingen\/"},"modified":"2024-01-10T08:50:59","modified_gmt":"2024-01-10T08:50:59","slug":"junge-kieferorthopaedische-pinzette-zum-formen-von-schlingen","status":"publish","type":"product","link":"https:\/\/clovedental.co\/de\/produkt\/junge-kieferorthopaedische-pinzette-zum-formen-von-schlingen\/","title":{"rendered":"Junge kieferorthop\u00e4dische Pinzette zum Formen von Schlingen"},"content":{"rendered":"<p class=\"Standard\"><span style=\"font-family:arial, helvetica, sans-serif;font-size:10pt;\"><span style=\"text-decoration:underline;\">Kieferorthop\u00e4dische Pinzette<\/ <strong>Young<\/strong> Span> wird zur Bildung von Schlaufen<\/em> aus f\u00fcr diesen Zweck vorgesehenen kieferorthop\u00e4dischen Dr\u00e4hten verwendet. Das Werkzeug wurde unter Ber\u00fccksichtigung seiner Ergonomie entwickelt, was den Komfort bei der Verwendung der Pinzette unter verschiedenen Bedingungen gew\u00e4hrleistet. Hergestellt aus zertifiziertem, hochwertigem japanischen Stahl (AISI 420), der hervorragende Korrosionsschutzeigenschaften gew\u00e4hrleistet.<\/span><\/p>\n<p><\/br><\/p>\n<h1 class=\"Standard\"><span style=\"font-family:arial , helvetica , sans-serif;font-size:10pt;\"><strong>Parameter der Young Dental Pinzette<\/strong><\/span><\/h1>\n<p><\/br><\/p>\n<ul><\/br><\/p>\n<li class= \u201eStandard\u201c ><span style=\"font-family:arial, helvetica, sans-serif;font-size:10pt;\">Tipp: Jung<\/span><\/li>\n<p><\/br><\/p>\n<li class=\"Standard \"> <span style=\"font-family:arial, helvetica, sans-serif;font-size:10pt;\">L\u00e4nge: 13,5 cm<\/span><\/li>\n<p><\/br><\/p>\n<li class=\"Standard\" > <span style=\"font-family:arial, helvetica, sans-serif;font-size:10pt;\">Wiederverwendbares Produkt<\/span><\/li>\n<p><\/br><\/p>\n<li class=\"Standard\"><span style=\"font-family:arial, helvetica, sans-serif;font-size:10pt;\">Nicht steriles Produkt<\/span><\/li>\n<p><\/br><\/p>\n<li class=\"Standard\"><span Stil =\"font-family:arial, helvetica, sans-serif;font-size:10pt;\">Zertifizierter, hochwertiger japanischer Edelstahl (AISI 420)<\/span><\/li>\n<p><\/br><\/ul>\n<p> <\/br ><\/p>\n<h2 class=\"Standard\"><span style=\"font-family:arial, helvetica, sans-serif;font-size:10pt;\"><strong>Nutzungsvorteile<\/strong><\/span ><\/h2 ><\/br><\/p>\n<ul><\/br><\/p>\n<li class=\"Standard\"><span style=\"font-family:arial, helvetica, sans-serif;font-size:10pt;\">The Die ergonomische Form der Pinzette erm\u00f6glicht bequemes Arbeiten unter verschiedenen Bedingungen<\/span><\/li>\n<p><\/br><\/p>\n<li class=\"Standard\"><span style=\"font-family:arial, helvetica, sans-serif;font- size:10pt;\"> Die Korrosionsschutzeigenschaften des verwendeten Stahls erm\u00f6glichen eine Desinfektion und Sterilisation des medizinischen Instruments<\/span><\/li>\n<p><\/br><\/p>\n<li class=\"Standard\"><span style=\"font -family:arial, helvetica, sans-serif;font- size:10pt;\">Hochwertige Verarbeitung erm\u00f6glicht das problemlose Formen von Schlaufen aus speziell entwickelten Dr\u00e4hten<\/span><\/li>\n<p><\/br><\/ul>\n<p> <\/br><\/p>\n<p class=\"Standard\"><span style =\"font-family:arial, helvetica, sans-serif;font-size:\n<\/p>\n","protected":false},"excerpt":{"rendered":"<p>Kieferorthop\u00e4dische Pinzette wird zur Bildung von Schlaufen aus f\u00fcr diesen Zweck vorgesehenen kieferorthop\u00e4dischen Dr\u00e4hten verwendet. Das Werkzeug wurde unter Ber\u00fccksichtigung seiner Ergonomie entwickelt, was den Komfort bei der Verwendung der Pinzette unter verschiedenen Bedingungen gew\u00e4hrleistet. Hergestellt aus zertifiziertem, hochwertigem japanischen Stahl (AISI 420), der hervorragende Korrosionsschutzeigenschaften gew\u00e4hrleistet. Parameter der Young Dental Pinzette Tipp: Jung L\u00e4nge: &hellip;<\/p>\n<p class=\"read-more\"> <a class=\"\" href=\"https:\/\/clovedental.co\/de\/produkt\/junge-kieferorthopaedische-pinzette-zum-formen-von-schlingen\/\"> <span class=\"screen-reader-text\">Junge kieferorthop\u00e4dische Pinzette zum Formen von Schlingen<\/span> Weiterlesen &raquo;<\/a><\/p>\n","protected":false},"featured_media":5854,"template":"","meta":{"site-sidebar-layout":"default","site-content-layout":"","ast-site-content-layout":"default","site-content-style":"default","site-sidebar-style":"default","ast-global-header-display":"","ast-banner-title-visibility":"","ast-main-header-display":"","ast-hfb-above-header-display":"","ast-hfb-below-header-display":"","ast-hfb-mobile-header-display":"","site-post-title":"","ast-breadcrumbs-content":"","ast-featured-img":"","footer-sml-layout":"","theme-transparent-header-meta":"default","adv-header-id-meta":"","stick-header-meta":"","header-above-stick-meta":"","header-main-stick-meta":"","header-below-stick-meta":"","astra-migrate-meta-layouts":"","ast-page-background-enabled":"default","ast-page-background-meta":{"desktop":{"background-color":"var(--ast-global-color-4)","background-image":"","background-repeat":"repeat","background-position":"center center","background-size":"auto","background-attachment":"scroll","background-type":"","background-media":"","overlay-type":"","overlay-color":"","overlay-gradient":""},"tablet":{"background-color":"","background-image":"","background-repeat":"repeat","background-position":"center center","background-size":"auto","background-attachment":"scroll","background-type":"","background-media":"","overlay-type":"","overlay-color":"","overlay-gradient":""},"mobile":{"background-color":"","background-image":"","background-repeat":"repeat","background-position":"center center","background-size":"auto","background-attachment":"scroll","background-type":"","background-media":"","overlay-type":"","overlay-color":"","overlay-gradient":""}},"ast-content-background-meta":{"desktop":{"background-color":"var(--ast-global-color-5)","background-image":"","background-repeat":"repeat","background-position":"center center","background-size":"auto","background-attachment":"scroll","background-type":"","background-media":"","overlay-type":"","overlay-color":"","overlay-gradient":""},"tablet":{"background-color":"var(--ast-global-color-5)","background-image":"","background-repeat":"repeat","background-position":"center center","background-size":"auto","background-attachment":"scroll","background-type":"","background-media":"","overlay-type":"","overlay-color":"","overlay-gradient":""},"mobile":{"background-color":"var(--ast-global-color-5)","background-image":"","background-repeat":"repeat","background-position":"center center","background-size":"auto","background-attachment":"scroll","background-type":"","background-media":"","overlay-type":"","overlay-color":"","overlay-gradient":""}}},"product_cat":[431],"product_tag":[],"code":[256],"class_list":{"0":"post-4810","1":"product","2":"type-product","3":"status-publish","4":"has-post-thumbnail","6":"product_cat-kieferorthopadie","7":"code-09-105-216","8":"desktop-align-left","9":"tablet-align-left","10":"mobile-align-left","12":"first","13":"instock","14":"product-type-simple"},"acf":[],"yoast_head":"<!-- This site is optimized with the Yoast SEO plugin v21.9.1 - https:\/\/yoast.com\/wordpress\/plugins\/seo\/ -->\n<title>Junge kieferorthop\u00e4dische Pinzette zum Formen von Schlingen | clovedental.co<\/title>\n<meta name=\"robots\" content=\"index, follow, max-snippet:-1, max-image-preview:large, max-video-preview:-1\" \/>\n<link rel=\"canonical\" href=\"https:\/\/clovedental.co\/de\/produkt\/junge-kieferorthopaedische-pinzette-zum-formen-von-schlingen\/\" \/>\n<meta property=\"og:locale\" content=\"de_DE\" \/>\n<meta property=\"og:type\" content=\"article\" \/>\n<meta property=\"og:title\" content=\"Junge kieferorthop\u00e4dische Pinzette zum Formen von Schlingen | clovedental.co\" \/>\n<meta property=\"og:description\" content=\"Kieferorthop\u00e4dische Pinzette wird zur Bildung von Schlaufen aus f\u00fcr diesen Zweck vorgesehenen kieferorthop\u00e4dischen Dr\u00e4hten verwendet. Das Werkzeug wurde unter Ber\u00fccksichtigung seiner Ergonomie entwickelt, was den Komfort bei der Verwendung der Pinzette unter verschiedenen Bedingungen gew\u00e4hrleistet. Hergestellt aus zertifiziertem, hochwertigem japanischen Stahl (AISI 420), der hervorragende Korrosionsschutzeigenschaften gew\u00e4hrleistet. Parameter der Young Dental Pinzette Tipp: Jung L\u00e4nge: &hellip; Junge kieferorthop\u00e4dische Pinzette zum Formen von Schlingen Weiterlesen &raquo;\" \/>\n<meta property=\"og:url\" content=\"https:\/\/clovedental.co\/de\/produkt\/junge-kieferorthopaedische-pinzette-zum-formen-von-schlingen\/\" \/>\n<meta property=\"og:site_name\" content=\"clovedental.co\" \/>\n<meta property=\"article:modified_time\" content=\"2024-01-10T08:50:59+00:00\" \/>\n<meta property=\"og:image\" content=\"http:\/\/clovedental.co\/wp-content\/uploads\/2024\/01\/525421f7-9958-468b-bb5b-ae38cfcf67c7.jpeg\" \/>\n\t<meta property=\"og:image:width\" content=\"1200\" \/>\n\t<meta property=\"og:image:height\" content=\"1200\" \/>\n\t<meta property=\"og:image:type\" content=\"image\/jpeg\" \/>\n<meta name=\"twitter:card\" content=\"summary_large_image\" \/>\n<meta name=\"twitter:label1\" content=\"Gesch\u00e4tzte Lesezeit\" \/>\n\t<meta name=\"twitter:data1\" content=\"1\u00a0Minute\" \/>\n<script type=\"application\/ld+json\" class=\"yoast-schema-graph\">{\"@context\":\"https:\/\/schema.org\",\"@graph\":[{\"@type\":\"WebPage\",\"@id\":\"https:\/\/clovedental.co\/de\/produkt\/junge-kieferorthopaedische-pinzette-zum-formen-von-schlingen\/\",\"url\":\"https:\/\/clovedental.co\/de\/produkt\/junge-kieferorthopaedische-pinzette-zum-formen-von-schlingen\/\",\"name\":\"Junge kieferorthop\u00e4dische Pinzette zum Formen von Schlingen | clovedental.co\",\"isPartOf\":{\"@id\":\"https:\/\/clovedental.co\/de\/#website\"},\"datePublished\":\"2024-01-10T08:37:55+00:00\",\"dateModified\":\"2024-01-10T08:50:59+00:00\",\"breadcrumb\":{\"@id\":\"https:\/\/clovedental.co\/de\/produkt\/junge-kieferorthopaedische-pinzette-zum-formen-von-schlingen\/#breadcrumb\"},\"inLanguage\":\"de\",\"potentialAction\":[{\"@type\":\"ReadAction\",\"target\":[\"https:\/\/clovedental.co\/de\/produkt\/junge-kieferorthopaedische-pinzette-zum-formen-von-schlingen\/\"]}]},{\"@type\":\"BreadcrumbList\",\"@id\":\"https:\/\/clovedental.co\/de\/produkt\/junge-kieferorthopaedische-pinzette-zum-formen-von-schlingen\/#breadcrumb\",\"itemListElement\":[{\"@type\":\"ListItem\",\"position\":1,\"name\":\"Strona g\u0142\u00f3wna\",\"item\":\"https:\/\/clovedental.co\/de\/\"},{\"@type\":\"ListItem\",\"position\":2,\"name\":\"Shop\",\"item\":\"https:\/\/clovedental.co\/products\/shop\/\"},{\"@type\":\"ListItem\",\"position\":3,\"name\":\"Junge kieferorthop\u00e4dische Pinzette zum Formen von Schlingen\"}]},{\"@type\":\"WebSite\",\"@id\":\"https:\/\/clovedental.co\/de\/#website\",\"url\":\"https:\/\/clovedental.co\/de\/\",\"name\":\"Manufacturer of Dental and Surgical Instruments\",\"description\":\"Details are the Key\",\"publisher\":{\"@id\":\"https:\/\/clovedental.co\/de\/#organization\"},\"alternateName\":\"Dental and Surgical Instruments\",\"potentialAction\":[{\"@type\":\"SearchAction\",\"target\":{\"@type\":\"EntryPoint\",\"urlTemplate\":\"https:\/\/clovedental.co\/de\/?s={search_term_string}\"},\"query-input\":\"required name=search_term_string\"}],\"inLanguage\":\"de\"},{\"@type\":\"Organization\",\"@id\":\"https:\/\/clovedental.co\/de\/#organization\",\"name\":\"clovedental.co\",\"alternateName\":\"Clove\",\"url\":\"https:\/\/clovedental.co\/de\/\",\"logo\":{\"@type\":\"ImageObject\",\"inLanguage\":\"de\",\"@id\":\"https:\/\/clovedental.co\/de\/#\/schema\/logo\/image\/\",\"url\":\"https:\/\/clovedental.co\/wp-content\/uploads\/2023\/12\/LOGO_CLOVE.png\",\"contentUrl\":\"https:\/\/clovedental.co\/wp-content\/uploads\/2023\/12\/LOGO_CLOVE.png\",\"width\":1400,\"height\":1400,\"caption\":\"clovedental.co\"},\"image\":{\"@id\":\"https:\/\/clovedental.co\/de\/#\/schema\/logo\/image\/\"}}]}<\/script>\n<!-- \/ Yoast SEO plugin. -->","yoast_head_json":{"title":"Junge kieferorthop\u00e4dische Pinzette zum Formen von Schlingen | clovedental.co","robots":{"index":"index","follow":"follow","max-snippet":"max-snippet:-1","max-image-preview":"max-image-preview:large","max-video-preview":"max-video-preview:-1"},"canonical":"https:\/\/clovedental.co\/de\/produkt\/junge-kieferorthopaedische-pinzette-zum-formen-von-schlingen\/","og_locale":"de_DE","og_type":"article","og_title":"Junge kieferorthop\u00e4dische Pinzette zum Formen von Schlingen | clovedental.co","og_description":"Kieferorthop\u00e4dische Pinzette wird zur Bildung von Schlaufen aus f\u00fcr diesen Zweck vorgesehenen kieferorthop\u00e4dischen Dr\u00e4hten verwendet. Das Werkzeug wurde unter Ber\u00fccksichtigung seiner Ergonomie entwickelt, was den Komfort bei der Verwendung der Pinzette unter verschiedenen Bedingungen gew\u00e4hrleistet. Hergestellt aus zertifiziertem, hochwertigem japanischen Stahl (AISI 420), der hervorragende Korrosionsschutzeigenschaften gew\u00e4hrleistet. Parameter der Young Dental Pinzette Tipp: Jung L\u00e4nge: &hellip; Junge kieferorthop\u00e4dische Pinzette zum Formen von Schlingen Weiterlesen &raquo;","og_url":"https:\/\/clovedental.co\/de\/produkt\/junge-kieferorthopaedische-pinzette-zum-formen-von-schlingen\/","og_site_name":"clovedental.co","article_modified_time":"2024-01-10T08:50:59+00:00","og_image":[{"width":1200,"height":1200,"url":"http:\/\/clovedental.co\/wp-content\/uploads\/2024\/01\/525421f7-9958-468b-bb5b-ae38cfcf67c7.jpeg","type":"image\/jpeg"}],"twitter_card":"summary_large_image","twitter_misc":{"Gesch\u00e4tzte Lesezeit":"1\u00a0Minute"},"schema":{"@context":"https:\/\/schema.org","@graph":[{"@type":"WebPage","@id":"https:\/\/clovedental.co\/de\/produkt\/junge-kieferorthopaedische-pinzette-zum-formen-von-schlingen\/","url":"https:\/\/clovedental.co\/de\/produkt\/junge-kieferorthopaedische-pinzette-zum-formen-von-schlingen\/","name":"Junge kieferorthop\u00e4dische Pinzette zum Formen von Schlingen | clovedental.co","isPartOf":{"@id":"https:\/\/clovedental.co\/de\/#website"},"datePublished":"2024-01-10T08:37:55+00:00","dateModified":"2024-01-10T08:50:59+00:00","breadcrumb":{"@id":"https:\/\/clovedental.co\/de\/produkt\/junge-kieferorthopaedische-pinzette-zum-formen-von-schlingen\/#breadcrumb"},"inLanguage":"de","potentialAction":[{"@type":"ReadAction","target":["https:\/\/clovedental.co\/de\/produkt\/junge-kieferorthopaedische-pinzette-zum-formen-von-schlingen\/"]}]},{"@type":"BreadcrumbList","@id":"https:\/\/clovedental.co\/de\/produkt\/junge-kieferorthopaedische-pinzette-zum-formen-von-schlingen\/#breadcrumb","itemListElement":[{"@type":"ListItem","position":1,"name":"Strona g\u0142\u00f3wna","item":"https:\/\/clovedental.co\/de\/"},{"@type":"ListItem","position":2,"name":"Shop","item":"https:\/\/clovedental.co\/products\/shop\/"},{"@type":"ListItem","position":3,"name":"Junge kieferorthop\u00e4dische Pinzette zum Formen von Schlingen"}]},{"@type":"WebSite","@id":"https:\/\/clovedental.co\/de\/#website","url":"https:\/\/clovedental.co\/de\/","name":"Manufacturer of Dental and Surgical Instruments","description":"Details are the Key","publisher":{"@id":"https:\/\/clovedental.co\/de\/#organization"},"alternateName":"Dental and Surgical Instruments","potentialAction":[{"@type":"SearchAction","target":{"@type":"EntryPoint","urlTemplate":"https:\/\/clovedental.co\/de\/?s={search_term_string}"},"query-input":"required name=search_term_string"}],"inLanguage":"de"},{"@type":"Organization","@id":"https:\/\/clovedental.co\/de\/#organization","name":"clovedental.co","alternateName":"Clove","url":"https:\/\/clovedental.co\/de\/","logo":{"@type":"ImageObject","inLanguage":"de","@id":"https:\/\/clovedental.co\/de\/#\/schema\/logo\/image\/","url":"https:\/\/clovedental.co\/wp-content\/uploads\/2023\/12\/LOGO_CLOVE.png","contentUrl":"https:\/\/clovedental.co\/wp-content\/uploads\/2023\/12\/LOGO_CLOVE.png","width":1400,"height":1400,"caption":"clovedental.co"},"image":{"@id":"https:\/\/clovedental.co\/de\/#\/schema\/logo\/image\/"}}]}},"_links":{"self":[{"href":"https:\/\/clovedental.co\/de\/wp-json\/wp\/v2\/product\/4810","targetHints":{"allow":["GET"]}}],"collection":[{"href":"https:\/\/clovedental.co\/de\/wp-json\/wp\/v2\/product"}],"about":[{"href":"https:\/\/clovedental.co\/de\/wp-json\/wp\/v2\/types\/product"}],"wp:featuredmedia":[{"embeddable":true,"href":"https:\/\/clovedental.co\/de\/wp-json\/wp\/v2\/media\/5854"}],"wp:attachment":[{"href":"https:\/\/clovedental.co\/de\/wp-json\/wp\/v2\/media?parent=4810"}],"wp:term":[{"taxonomy":"product_cat","embeddable":true,"href":"https:\/\/clovedental.co\/de\/wp-json\/wp\/v2\/product_cat?post=4810"},{"taxonomy":"product_tag","embeddable":true,"href":"https:\/\/clovedental.co\/de\/wp-json\/wp\/v2\/product_tag?post=4810"},{"taxonomy":"code","embeddable":true,"href":"https:\/\/clovedental.co\/de\/wp-json\/wp\/v2\/code?post=4810"}],"curies":[{"name":"wp","href":"https:\/\/api.w.org\/{rel}","templated":true}]}}