{"id":4812,"date":"2024-01-10T08:37:55","date_gmt":"2024-01-10T08:37:55","guid":{"rendered":"https:\/\/clovedental.co\/product\/runde-kieferorthopaedische-pinzette-zum-biegen-des-drahtes-und-formen-von-schlaufen-groesse-12-mm\/"},"modified":"2024-01-10T08:51:00","modified_gmt":"2024-01-10T08:51:00","slug":"runde-kieferorthopaedische-pinzette-zum-biegen-des-drahtes-und-formen-von-schlaufen-groesse-12-mm","status":"publish","type":"product","link":"https:\/\/clovedental.co\/de\/produkt\/runde-kieferorthopaedische-pinzette-zum-biegen-des-drahtes-und-formen-von-schlaufen-groesse-12-mm\/","title":{"rendered":"Runde kieferorthop\u00e4dische Pinzette zum Biegen des Drahtes und Formen von Schlaufen, Gr\u00f6\u00dfe: 12 mm"},"content":{"rendered":"<p><span style=\"font-family:arial, helvetica, sans-serif;font-size:10pt;\"><span style=\"text-decoration:underline;\">Kieferorthop\u00e4dische Pinzette<\/span> rund gedacht f\u00fcr < em>zum Biegen von kieferorthop\u00e4dischem Draht und zum Formen einer Schlaufe daraus<\/em>. Die entsprechend profilierte Spitze erm\u00f6glicht den bequemen Einsatz der Pinzette in verschiedenen Winkeln. <strong>Zahnzangen<\/strong> bestehen aus hochwertigem, zertifiziertem japanischem Stahl (AISI 420), der entsprechende Korrosionsschutzeigenschaften gew\u00e4hrleistet und eine Desinfektion und Sterilisation des Ger\u00e4ts erm\u00f6glicht.<\/span><\/p>\n<p><\/br ><\/p>\n<h1><span style=\"font-family:arial, helvetica, sans-serif;font-size:10pt;\"><strong>Parameter runder Zahnzangen zum Biegen von Dr\u00e4hten und Formen von Schlaufen<\/strong><\/span ><\/h1>\n<p><\/ br><\/p>\n<ul><\/br><\/p>\n<li><span style=\"font-family:arial, helvetica, sans-serif;font-size:10pt;\">Spitze: rund (auf beiden Seiten) zwei Gr\u00f6\u00dfen \u2013 12 mm, 19 mm<\/span><\/li>\n<p><\/br><\/p>\n<li><span style=\"font-family:arial, helvetica, sans-serif;font-size:10pt;\">L\u00e4nge: 13 cm<\/span><\/ li><\/br>\n<li><span style=\"font-family:arial, helvetica, sans-serif;font-size:10pt;\">Wiederverwendbares Produkt<\/span><\/li ><\/br>< li><span style=\"font-family:arial, helvetica, sans-serif;font-size:10pt;\">Nicht steriles Produkt<\/span><\/li>\n<p><\/br>< \/ul><\/br>< h2><span style=\"font-family:arial, helvetica, sans-serif;font-size:10pt;\"><strong>Vorteile der Verwendung einer Pinzette zum Biegen von Draht und Formen von Schlaufen<\/ strong><\/span><\/h2 ><\/br><\/p>\n<ul><\/br><\/p>\n<li><span style=\"font-family:arial, helvetica, sans-serif;font-size:10pt;\">Die Die abgerundete Spitze der Pinzette erm\u00f6glicht das bequeme Formen von Schlaufen und das Biegen von kieferorthop\u00e4dischen Dr\u00e4hten, die f\u00fcr diesen Zweck vorgesehen sind<\/span><\/li>\n<p><\/br><\/p>\n<li><span style=\"font-family:arial, helvetica, sans-serif ;font-size:10pt;\">Die passende L\u00e4nge des Werkzeugs sorgt f\u00fcr komfortables Arbeiten unter verschiedenen Bedingungen<\/span><\/li>\n<p><\/br><\/p>\n<li><span style=\"font-family:arial, helvetica, sans -serif;font-size:10pt;\">Die Verwendung von zertifiziertem japanischem Edelstahl gew\u00e4hrleistet die Haltbarkeit des Werkzeugs und die M\u00f6glichkeit seiner Sterilisation und Desinfektion<\/span><\/li>\n<p><\/br><\/ul>\n<p><\/br ><\/p>\n<p><span style=\"font-family:arial, helvetica, sans-serif;font -size:10pt;\">Das Produkt ist nach ISO9001\/2008, ISO13485\/2003, CE, FDA, AISI 420 zertifiziert<\/ span><\/p>\n","protected":false},"excerpt":{"rendered":"<p>Kieferorthop\u00e4dische Pinzette rund gedacht f\u00fcr < em>zum Biegen von kieferorthop\u00e4dischem Draht und zum Formen einer Schlaufe daraus. Die entsprechend profilierte Spitze erm\u00f6glicht den bequemen Einsatz der Pinzette in verschiedenen Winkeln. Zahnzangen bestehen aus hochwertigem, zertifiziertem japanischem Stahl (AISI 420), der entsprechende Korrosionsschutzeigenschaften gew\u00e4hrleistet und eine Desinfektion und Sterilisation des Ger\u00e4ts erm\u00f6glicht. Parameter runder Zahnzangen zum &hellip;<\/p>\n<p class=\"read-more\"> <a class=\"\" href=\"https:\/\/clovedental.co\/de\/produkt\/runde-kieferorthopaedische-pinzette-zum-biegen-des-drahtes-und-formen-von-schlaufen-groesse-12-mm\/\"> <span class=\"screen-reader-text\">Runde kieferorthop\u00e4dische Pinzette zum Biegen des Drahtes und Formen von Schlaufen, Gr\u00f6\u00dfe: 12 mm<\/span> Weiterlesen &raquo;<\/a><\/p>\n","protected":false},"featured_media":5786,"template":"","meta":{"site-sidebar-layout":"default","site-content-layout":"","ast-site-content-layout":"default","site-content-style":"default","site-sidebar-style":"default","ast-global-header-display":"","ast-banner-title-visibility":"","ast-main-header-display":"","ast-hfb-above-header-display":"","ast-hfb-below-header-display":"","ast-hfb-mobile-header-display":"","site-post-title":"","ast-breadcrumbs-content":"","ast-featured-img":"","footer-sml-layout":"","theme-transparent-header-meta":"default","adv-header-id-meta":"","stick-header-meta":"","header-above-stick-meta":"","header-main-stick-meta":"","header-below-stick-meta":"","astra-migrate-meta-layouts":"","ast-page-background-enabled":"default","ast-page-background-meta":{"desktop":{"background-color":"var(--ast-global-color-4)","background-image":"","background-repeat":"repeat","background-position":"center center","background-size":"auto","background-attachment":"scroll","background-type":"","background-media":"","overlay-type":"","overlay-color":"","overlay-gradient":""},"tablet":{"background-color":"","background-image":"","background-repeat":"repeat","background-position":"center center","background-size":"auto","background-attachment":"scroll","background-type":"","background-media":"","overlay-type":"","overlay-color":"","overlay-gradient":""},"mobile":{"background-color":"","background-image":"","background-repeat":"repeat","background-position":"center center","background-size":"auto","background-attachment":"scroll","background-type":"","background-media":"","overlay-type":"","overlay-color":"","overlay-gradient":""}},"ast-content-background-meta":{"desktop":{"background-color":"var(--ast-global-color-5)","background-image":"","background-repeat":"repeat","background-position":"center center","background-size":"auto","background-attachment":"scroll","background-type":"","background-media":"","overlay-type":"","overlay-color":"","overlay-gradient":""},"tablet":{"background-color":"var(--ast-global-color-5)","background-image":"","background-repeat":"repeat","background-position":"center center","background-size":"auto","background-attachment":"scroll","background-type":"","background-media":"","overlay-type":"","overlay-color":"","overlay-gradient":""},"mobile":{"background-color":"var(--ast-global-color-5)","background-image":"","background-repeat":"repeat","background-position":"center center","background-size":"auto","background-attachment":"scroll","background-type":"","background-media":"","overlay-type":"","overlay-color":"","overlay-gradient":""}}},"product_cat":[431],"product_tag":[],"code":[258],"class_list":{"0":"post-4812","1":"product","2":"type-product","3":"status-publish","4":"has-post-thumbnail","6":"product_cat-kieferorthopadie","7":"code-09-105-212","8":"desktop-align-left","9":"tablet-align-left","10":"mobile-align-left","12":"first","13":"instock","14":"product-type-simple"},"acf":[],"yoast_head":"<!-- This site is optimized with the Yoast SEO plugin v21.9.1 - https:\/\/yoast.com\/wordpress\/plugins\/seo\/ -->\n<title>Runde kieferorthop\u00e4dische Pinzette zum Biegen des Drahtes und Formen von Schlaufen, Gr\u00f6\u00dfe: 12 mm | clovedental.co<\/title>\n<meta name=\"robots\" content=\"index, follow, max-snippet:-1, max-image-preview:large, max-video-preview:-1\" \/>\n<link rel=\"canonical\" href=\"https:\/\/clovedental.co\/de\/produkt\/runde-kieferorthopaedische-pinzette-zum-biegen-des-drahtes-und-formen-von-schlaufen-groesse-12-mm\/\" \/>\n<meta property=\"og:locale\" content=\"de_DE\" \/>\n<meta property=\"og:type\" content=\"article\" \/>\n<meta property=\"og:title\" content=\"Runde kieferorthop\u00e4dische Pinzette zum Biegen des Drahtes und Formen von Schlaufen, Gr\u00f6\u00dfe: 12 mm | clovedental.co\" \/>\n<meta property=\"og:description\" content=\"Kieferorthop\u00e4dische Pinzette rund gedacht f\u00fcr &lt; em&gt;zum Biegen von kieferorthop\u00e4dischem Draht und zum Formen einer Schlaufe daraus. Die entsprechend profilierte Spitze erm\u00f6glicht den bequemen Einsatz der Pinzette in verschiedenen Winkeln. Zahnzangen bestehen aus hochwertigem, zertifiziertem japanischem Stahl (AISI 420), der entsprechende Korrosionsschutzeigenschaften gew\u00e4hrleistet und eine Desinfektion und Sterilisation des Ger\u00e4ts erm\u00f6glicht. Parameter runder Zahnzangen zum &hellip; Runde kieferorthop\u00e4dische Pinzette zum Biegen des Drahtes und Formen von Schlaufen, Gr\u00f6\u00dfe: 12 mm Weiterlesen &raquo;\" \/>\n<meta property=\"og:url\" content=\"https:\/\/clovedental.co\/de\/produkt\/runde-kieferorthopaedische-pinzette-zum-biegen-des-drahtes-und-formen-von-schlaufen-groesse-12-mm\/\" \/>\n<meta property=\"og:site_name\" content=\"clovedental.co\" \/>\n<meta property=\"article:modified_time\" content=\"2024-01-10T08:51:00+00:00\" \/>\n<meta name=\"twitter:card\" content=\"summary_large_image\" \/>\n<meta name=\"twitter:label1\" content=\"Gesch\u00e4tzte Lesezeit\" \/>\n\t<meta name=\"twitter:data1\" content=\"1\u00a0Minute\" \/>\n<script type=\"application\/ld+json\" class=\"yoast-schema-graph\">{\"@context\":\"https:\/\/schema.org\",\"@graph\":[{\"@type\":\"WebPage\",\"@id\":\"https:\/\/clovedental.co\/de\/produkt\/runde-kieferorthopaedische-pinzette-zum-biegen-des-drahtes-und-formen-von-schlaufen-groesse-12-mm\/\",\"url\":\"https:\/\/clovedental.co\/de\/produkt\/runde-kieferorthopaedische-pinzette-zum-biegen-des-drahtes-und-formen-von-schlaufen-groesse-12-mm\/\",\"name\":\"Runde kieferorthop\u00e4dische Pinzette zum Biegen des Drahtes und Formen von Schlaufen, Gr\u00f6\u00dfe: 12 mm | clovedental.co\",\"isPartOf\":{\"@id\":\"https:\/\/clovedental.co\/de\/#website\"},\"datePublished\":\"2024-01-10T08:37:55+00:00\",\"dateModified\":\"2024-01-10T08:51:00+00:00\",\"breadcrumb\":{\"@id\":\"https:\/\/clovedental.co\/de\/produkt\/runde-kieferorthopaedische-pinzette-zum-biegen-des-drahtes-und-formen-von-schlaufen-groesse-12-mm\/#breadcrumb\"},\"inLanguage\":\"de\",\"potentialAction\":[{\"@type\":\"ReadAction\",\"target\":[\"https:\/\/clovedental.co\/de\/produkt\/runde-kieferorthopaedische-pinzette-zum-biegen-des-drahtes-und-formen-von-schlaufen-groesse-12-mm\/\"]}]},{\"@type\":\"BreadcrumbList\",\"@id\":\"https:\/\/clovedental.co\/de\/produkt\/runde-kieferorthopaedische-pinzette-zum-biegen-des-drahtes-und-formen-von-schlaufen-groesse-12-mm\/#breadcrumb\",\"itemListElement\":[{\"@type\":\"ListItem\",\"position\":1,\"name\":\"Strona g\u0142\u00f3wna\",\"item\":\"https:\/\/clovedental.co\/de\/\"},{\"@type\":\"ListItem\",\"position\":2,\"name\":\"Shop\",\"item\":\"https:\/\/clovedental.co\/products\/shop\/\"},{\"@type\":\"ListItem\",\"position\":3,\"name\":\"Runde kieferorthop\u00e4dische Pinzette zum Biegen des Drahtes und Formen von Schlaufen, Gr\u00f6\u00dfe: 12 mm\"}]},{\"@type\":\"WebSite\",\"@id\":\"https:\/\/clovedental.co\/de\/#website\",\"url\":\"https:\/\/clovedental.co\/de\/\",\"name\":\"Manufacturer of Dental and Surgical Instruments\",\"description\":\"Details are the Key\",\"publisher\":{\"@id\":\"https:\/\/clovedental.co\/de\/#organization\"},\"alternateName\":\"Dental and Surgical Instruments\",\"potentialAction\":[{\"@type\":\"SearchAction\",\"target\":{\"@type\":\"EntryPoint\",\"urlTemplate\":\"https:\/\/clovedental.co\/de\/?s={search_term_string}\"},\"query-input\":\"required name=search_term_string\"}],\"inLanguage\":\"de\"},{\"@type\":\"Organization\",\"@id\":\"https:\/\/clovedental.co\/de\/#organization\",\"name\":\"clovedental.co\",\"alternateName\":\"Clove\",\"url\":\"https:\/\/clovedental.co\/de\/\",\"logo\":{\"@type\":\"ImageObject\",\"inLanguage\":\"de\",\"@id\":\"https:\/\/clovedental.co\/de\/#\/schema\/logo\/image\/\",\"url\":\"https:\/\/clovedental.co\/wp-content\/uploads\/2023\/12\/LOGO_CLOVE.png\",\"contentUrl\":\"https:\/\/clovedental.co\/wp-content\/uploads\/2023\/12\/LOGO_CLOVE.png\",\"width\":1400,\"height\":1400,\"caption\":\"clovedental.co\"},\"image\":{\"@id\":\"https:\/\/clovedental.co\/de\/#\/schema\/logo\/image\/\"}}]}<\/script>\n<!-- \/ Yoast SEO plugin. -->","yoast_head_json":{"title":"Runde kieferorthop\u00e4dische Pinzette zum Biegen des Drahtes und Formen von Schlaufen, Gr\u00f6\u00dfe: 12 mm | clovedental.co","robots":{"index":"index","follow":"follow","max-snippet":"max-snippet:-1","max-image-preview":"max-image-preview:large","max-video-preview":"max-video-preview:-1"},"canonical":"https:\/\/clovedental.co\/de\/produkt\/runde-kieferorthopaedische-pinzette-zum-biegen-des-drahtes-und-formen-von-schlaufen-groesse-12-mm\/","og_locale":"de_DE","og_type":"article","og_title":"Runde kieferorthop\u00e4dische Pinzette zum Biegen des Drahtes und Formen von Schlaufen, Gr\u00f6\u00dfe: 12 mm | clovedental.co","og_description":"Kieferorthop\u00e4dische Pinzette rund gedacht f\u00fcr < em>zum Biegen von kieferorthop\u00e4dischem Draht und zum Formen einer Schlaufe daraus. Die entsprechend profilierte Spitze erm\u00f6glicht den bequemen Einsatz der Pinzette in verschiedenen Winkeln. Zahnzangen bestehen aus hochwertigem, zertifiziertem japanischem Stahl (AISI 420), der entsprechende Korrosionsschutzeigenschaften gew\u00e4hrleistet und eine Desinfektion und Sterilisation des Ger\u00e4ts erm\u00f6glicht. Parameter runder Zahnzangen zum &hellip; Runde kieferorthop\u00e4dische Pinzette zum Biegen des Drahtes und Formen von Schlaufen, Gr\u00f6\u00dfe: 12 mm Weiterlesen &raquo;","og_url":"https:\/\/clovedental.co\/de\/produkt\/runde-kieferorthopaedische-pinzette-zum-biegen-des-drahtes-und-formen-von-schlaufen-groesse-12-mm\/","og_site_name":"clovedental.co","article_modified_time":"2024-01-10T08:51:00+00:00","twitter_card":"summary_large_image","twitter_misc":{"Gesch\u00e4tzte Lesezeit":"1\u00a0Minute"},"schema":{"@context":"https:\/\/schema.org","@graph":[{"@type":"WebPage","@id":"https:\/\/clovedental.co\/de\/produkt\/runde-kieferorthopaedische-pinzette-zum-biegen-des-drahtes-und-formen-von-schlaufen-groesse-12-mm\/","url":"https:\/\/clovedental.co\/de\/produkt\/runde-kieferorthopaedische-pinzette-zum-biegen-des-drahtes-und-formen-von-schlaufen-groesse-12-mm\/","name":"Runde kieferorthop\u00e4dische Pinzette zum Biegen des Drahtes und Formen von Schlaufen, Gr\u00f6\u00dfe: 12 mm | clovedental.co","isPartOf":{"@id":"https:\/\/clovedental.co\/de\/#website"},"datePublished":"2024-01-10T08:37:55+00:00","dateModified":"2024-01-10T08:51:00+00:00","breadcrumb":{"@id":"https:\/\/clovedental.co\/de\/produkt\/runde-kieferorthopaedische-pinzette-zum-biegen-des-drahtes-und-formen-von-schlaufen-groesse-12-mm\/#breadcrumb"},"inLanguage":"de","potentialAction":[{"@type":"ReadAction","target":["https:\/\/clovedental.co\/de\/produkt\/runde-kieferorthopaedische-pinzette-zum-biegen-des-drahtes-und-formen-von-schlaufen-groesse-12-mm\/"]}]},{"@type":"BreadcrumbList","@id":"https:\/\/clovedental.co\/de\/produkt\/runde-kieferorthopaedische-pinzette-zum-biegen-des-drahtes-und-formen-von-schlaufen-groesse-12-mm\/#breadcrumb","itemListElement":[{"@type":"ListItem","position":1,"name":"Strona g\u0142\u00f3wna","item":"https:\/\/clovedental.co\/de\/"},{"@type":"ListItem","position":2,"name":"Shop","item":"https:\/\/clovedental.co\/products\/shop\/"},{"@type":"ListItem","position":3,"name":"Runde kieferorthop\u00e4dische Pinzette zum Biegen des Drahtes und Formen von Schlaufen, Gr\u00f6\u00dfe: 12 mm"}]},{"@type":"WebSite","@id":"https:\/\/clovedental.co\/de\/#website","url":"https:\/\/clovedental.co\/de\/","name":"Manufacturer of Dental and Surgical Instruments","description":"Details are the Key","publisher":{"@id":"https:\/\/clovedental.co\/de\/#organization"},"alternateName":"Dental and Surgical Instruments","potentialAction":[{"@type":"SearchAction","target":{"@type":"EntryPoint","urlTemplate":"https:\/\/clovedental.co\/de\/?s={search_term_string}"},"query-input":"required name=search_term_string"}],"inLanguage":"de"},{"@type":"Organization","@id":"https:\/\/clovedental.co\/de\/#organization","name":"clovedental.co","alternateName":"Clove","url":"https:\/\/clovedental.co\/de\/","logo":{"@type":"ImageObject","inLanguage":"de","@id":"https:\/\/clovedental.co\/de\/#\/schema\/logo\/image\/","url":"https:\/\/clovedental.co\/wp-content\/uploads\/2023\/12\/LOGO_CLOVE.png","contentUrl":"https:\/\/clovedental.co\/wp-content\/uploads\/2023\/12\/LOGO_CLOVE.png","width":1400,"height":1400,"caption":"clovedental.co"},"image":{"@id":"https:\/\/clovedental.co\/de\/#\/schema\/logo\/image\/"}}]}},"_links":{"self":[{"href":"https:\/\/clovedental.co\/de\/wp-json\/wp\/v2\/product\/4812","targetHints":{"allow":["GET"]}}],"collection":[{"href":"https:\/\/clovedental.co\/de\/wp-json\/wp\/v2\/product"}],"about":[{"href":"https:\/\/clovedental.co\/de\/wp-json\/wp\/v2\/types\/product"}],"wp:featuredmedia":[{"embeddable":true,"href":"https:\/\/clovedental.co\/de\/wp-json\/wp\/v2\/media\/5786"}],"wp:attachment":[{"href":"https:\/\/clovedental.co\/de\/wp-json\/wp\/v2\/media?parent=4812"}],"wp:term":[{"taxonomy":"product_cat","embeddable":true,"href":"https:\/\/clovedental.co\/de\/wp-json\/wp\/v2\/product_cat?post=4812"},{"taxonomy":"product_tag","embeddable":true,"href":"https:\/\/clovedental.co\/de\/wp-json\/wp\/v2\/product_tag?post=4812"},{"taxonomy":"code","embeddable":true,"href":"https:\/\/clovedental.co\/de\/wp-json\/wp\/v2\/code?post=4812"}],"curies":[{"name":"wp","href":"https:\/\/api.w.org\/{rel}","templated":true}]}}