{"id":4814,"date":"2024-01-10T08:37:55","date_gmt":"2024-01-10T08:37:55","guid":{"rendered":"https:\/\/clovedental.co\/product\/kieferorthopaedische-zange-vom-typ-de-la-rosa-zum-formen-konturierter-boegen\/"},"modified":"2024-01-10T08:51:01","modified_gmt":"2024-01-10T08:51:01","slug":"kieferorthopaedische-zange-vom-typ-de-la-rosa-zum-formen-konturierter-boegen","status":"publish","type":"product","link":"https:\/\/clovedental.co\/de\/produkt\/kieferorthopaedische-zange-vom-typ-de-la-rosa-zum-formen-konturierter-boegen\/","title":{"rendered":"Kieferorthop\u00e4dische Zange vom Typ De La Rosa zum Formen konturierter B\u00f6gen"},"content":{"rendered":"<p><span style=\"font-family:arial, helvetica, sans-serif;font-size:10pt;\">Zahnzangen mit konkav-konvexer Spitze, Typ De La Rosa, werden zum Formen von Drahtb\u00f6gen verwendet. Sie eignen sich hervorragend f\u00fcr die Arbeit mit Ligaturhaltern und Charles-Hawley-B\u00f6gen sowie f\u00fcr die Verbreiterung und Verengung von B\u00f6gen. Die pr\u00e4zise Formgebung der Spitze gew\u00e4hrleistet eine hohe Pr\u00e4zision bei der Anwendung. Hochwertige Verarbeitung und zertifizierter japanischer Edelstahl (AISI 420) sorgen f\u00fcr Langlebigkeit und Korrosionsbest\u00e4ndigkeit der Zange.<\/span><\/p>\n<p><\/br><\/p>\n<p><span style=\"font-family:arial, helvetica, sans -serif;font-size:10pt;\">Forcieren und Konturieren von B\u00f6gen, ohne Rillen mit konkav-konvexen Spitzen. Es erm\u00f6glicht Ihnen, B\u00f6gen ohne Drehmoment zu formen und zu konturieren. <\/span><\/p>\n<p><\/br><\/p>\n<h1><span style=\"font-family:arial, helvetica, sans-serif;font-size:10pt;\"><strong>Parameter konkav-konvexer Zahnzangen DeLaRosa<\/strong><\/span><\/h1>\n<p><\/br><\/p>\n<ul><\/br><\/p>\n<li><span style=\"font-family:arial, helvetica, sans-serif;font-size:10pt; \">Tipp: De-La-Rosa, konkav-konvex<\/span><\/li>\n<p><\/br><\/p>\n<li><span style=\"font-family:arial, helvetica, sans-serif;font-size:10pt ;\">L\u00e4nge: 12,5 cm<\/span><\/li>\n<p><\/br><\/p>\n<li><span style=\"font-family:arial, helvetica, sans-serif;font-size:10pt;\">max 0,70 mm (.028&#8243;)<\/span><\/li>\n<p><\/br><\/p>\n<li><span style=\"font-family:arial, helvetica, sans-serif;font-size:10pt;\">Nicht steriles Produkt< \/ span><\/li>\n<p><\/br><\/p>\n<li><span style=\"font-family:arial, helvetica, sans-serif;font-size:10pt;\">Wiederverwendbares Produkt<\/span><\/li>\n<p>< \/br><\/ul>\n<p><\/br><\/p>\n<h2><span style=\"font-family:arial, helvetica, sans-serif;font-size:10pt;\"><strong>Nutzungsvorteile<\/strong>< \/ span><\/h2>\n<p><\/br><\/p>\n<ul><\/br><\/p>\n<li><span style=\"font-family:arial, helvetica, sans-serif;font-size:10pt;\">Konkav-konvexe Spitze profiliert sorgt f\u00fcr Benutzerfreundlichkeit<\/span><\/li>\n<p><\/br><\/p>\n<li><span style=\"font-family:arial, helvetica, sans-serif;font-size:10pt;\">Verwendung von hoher Qualit\u00e4t , zertifizierter japanischer Stahl sorgt f\u00fcr Haltbarkeit und Korrosionsschutzeigenschaften<\/span><\/li>\n<p><\/br><\/p>\n<li><span style=\"font-family:arial, helvetica, sans-serif;font-size:10pt;\" >Eine entsprechende Ergonomie der Zange verbessert den Bedienkomfort unter verschiedenen Arbeitsbedingungen<\/span><\/li>\n<p><\/br><\/ul>\n<p><\/br><\/p>\n<p><span style=\"font-family:arial, helvetica, sans-serif;font-size :10pt;\">Das Produkt ist zertifiziert nach ISO9001\/2008, ISO13485\/2003, CE, FDA,<\/p>\n","protected":false},"excerpt":{"rendered":"<p>Zahnzangen mit konkav-konvexer Spitze, Typ De La Rosa, werden zum Formen von Drahtb\u00f6gen verwendet. Sie eignen sich hervorragend f\u00fcr die Arbeit mit Ligaturhaltern und Charles-Hawley-B\u00f6gen sowie f\u00fcr die Verbreiterung und Verengung von B\u00f6gen. Die pr\u00e4zise Formgebung der Spitze gew\u00e4hrleistet eine hohe Pr\u00e4zision bei der Anwendung. Hochwertige Verarbeitung und zertifizierter japanischer Edelstahl (AISI 420) sorgen f\u00fcr &hellip;<\/p>\n<p class=\"read-more\"> <a class=\"\" href=\"https:\/\/clovedental.co\/de\/produkt\/kieferorthopaedische-zange-vom-typ-de-la-rosa-zum-formen-konturierter-boegen\/\"> <span class=\"screen-reader-text\">Kieferorthop\u00e4dische Zange vom Typ De La Rosa zum Formen konturierter B\u00f6gen<\/span> Weiterlesen &raquo;<\/a><\/p>\n","protected":false},"featured_media":5757,"template":"","meta":{"site-sidebar-layout":"default","site-content-layout":"","ast-site-content-layout":"","site-content-style":"default","site-sidebar-style":"default","ast-global-header-display":"","ast-banner-title-visibility":"","ast-main-header-display":"","ast-hfb-above-header-display":"","ast-hfb-below-header-display":"","ast-hfb-mobile-header-display":"","site-post-title":"","ast-breadcrumbs-content":"","ast-featured-img":"","footer-sml-layout":"","theme-transparent-header-meta":"default","adv-header-id-meta":"","stick-header-meta":"","header-above-stick-meta":"","header-main-stick-meta":"","header-below-stick-meta":"","astra-migrate-meta-layouts":"","ast-page-background-enabled":"default","ast-page-background-meta":{"desktop":{"background-color":"var(--ast-global-color-4)","background-image":"","background-repeat":"repeat","background-position":"center center","background-size":"auto","background-attachment":"scroll","background-type":"","background-media":"","overlay-type":"","overlay-color":"","overlay-gradient":""},"tablet":{"background-color":"","background-image":"","background-repeat":"repeat","background-position":"center center","background-size":"auto","background-attachment":"scroll","background-type":"","background-media":"","overlay-type":"","overlay-color":"","overlay-gradient":""},"mobile":{"background-color":"","background-image":"","background-repeat":"repeat","background-position":"center center","background-size":"auto","background-attachment":"scroll","background-type":"","background-media":"","overlay-type":"","overlay-color":"","overlay-gradient":""}},"ast-content-background-meta":{"desktop":{"background-color":"var(--ast-global-color-5)","background-image":"","background-repeat":"repeat","background-position":"center center","background-size":"auto","background-attachment":"scroll","background-type":"","background-media":"","overlay-type":"","overlay-color":"","overlay-gradient":""},"tablet":{"background-color":"var(--ast-global-color-5)","background-image":"","background-repeat":"repeat","background-position":"center center","background-size":"auto","background-attachment":"scroll","background-type":"","background-media":"","overlay-type":"","overlay-color":"","overlay-gradient":""},"mobile":{"background-color":"var(--ast-global-color-5)","background-image":"","background-repeat":"repeat","background-position":"center center","background-size":"auto","background-attachment":"scroll","background-type":"","background-media":"","overlay-type":"","overlay-color":"","overlay-gradient":""}}},"product_cat":[431],"product_tag":[],"code":[260],"class_list":{"0":"post-4814","1":"product","2":"type-product","3":"status-publish","4":"has-post-thumbnail","6":"product_cat-kieferorthopadie","7":"code-09-105-098","8":"desktop-align-left","9":"tablet-align-left","10":"mobile-align-left","12":"first","13":"instock","14":"product-type-simple"},"acf":[],"yoast_head":"<!-- This site is optimized with the Yoast SEO plugin v21.9.1 - https:\/\/yoast.com\/wordpress\/plugins\/seo\/ -->\n<title>Kieferorthop\u00e4dische Zange vom Typ De La Rosa zum Formen konturierter B\u00f6gen | clovedental.co<\/title>\n<meta name=\"robots\" content=\"index, follow, max-snippet:-1, max-image-preview:large, max-video-preview:-1\" \/>\n<link rel=\"canonical\" href=\"https:\/\/clovedental.co\/de\/produkt\/kieferorthopaedische-zange-vom-typ-de-la-rosa-zum-formen-konturierter-boegen\/\" \/>\n<meta property=\"og:locale\" content=\"de_DE\" \/>\n<meta property=\"og:type\" content=\"article\" \/>\n<meta property=\"og:title\" content=\"Kieferorthop\u00e4dische Zange vom Typ De La Rosa zum Formen konturierter B\u00f6gen | clovedental.co\" \/>\n<meta property=\"og:description\" content=\"Zahnzangen mit konkav-konvexer Spitze, Typ De La Rosa, werden zum Formen von Drahtb\u00f6gen verwendet. Sie eignen sich hervorragend f\u00fcr die Arbeit mit Ligaturhaltern und Charles-Hawley-B\u00f6gen sowie f\u00fcr die Verbreiterung und Verengung von B\u00f6gen. Die pr\u00e4zise Formgebung der Spitze gew\u00e4hrleistet eine hohe Pr\u00e4zision bei der Anwendung. Hochwertige Verarbeitung und zertifizierter japanischer Edelstahl (AISI 420) sorgen f\u00fcr &hellip; Kieferorthop\u00e4dische Zange vom Typ De La Rosa zum Formen konturierter B\u00f6gen Weiterlesen &raquo;\" \/>\n<meta property=\"og:url\" content=\"https:\/\/clovedental.co\/de\/produkt\/kieferorthopaedische-zange-vom-typ-de-la-rosa-zum-formen-konturierter-boegen\/\" \/>\n<meta property=\"og:site_name\" content=\"clovedental.co\" \/>\n<meta property=\"article:modified_time\" content=\"2024-01-10T08:51:01+00:00\" \/>\n<meta name=\"twitter:card\" content=\"summary_large_image\" \/>\n<meta name=\"twitter:label1\" content=\"Gesch\u00e4tzte Lesezeit\" \/>\n\t<meta name=\"twitter:data1\" content=\"1\u00a0Minute\" \/>\n<script type=\"application\/ld+json\" class=\"yoast-schema-graph\">{\"@context\":\"https:\/\/schema.org\",\"@graph\":[{\"@type\":\"WebPage\",\"@id\":\"https:\/\/clovedental.co\/de\/produkt\/kieferorthopaedische-zange-vom-typ-de-la-rosa-zum-formen-konturierter-boegen\/\",\"url\":\"https:\/\/clovedental.co\/de\/produkt\/kieferorthopaedische-zange-vom-typ-de-la-rosa-zum-formen-konturierter-boegen\/\",\"name\":\"Kieferorthop\u00e4dische Zange vom Typ De La Rosa zum Formen konturierter B\u00f6gen | clovedental.co\",\"isPartOf\":{\"@id\":\"https:\/\/clovedental.co\/de\/#website\"},\"datePublished\":\"2024-01-10T08:37:55+00:00\",\"dateModified\":\"2024-01-10T08:51:01+00:00\",\"breadcrumb\":{\"@id\":\"https:\/\/clovedental.co\/de\/produkt\/kieferorthopaedische-zange-vom-typ-de-la-rosa-zum-formen-konturierter-boegen\/#breadcrumb\"},\"inLanguage\":\"de\",\"potentialAction\":[{\"@type\":\"ReadAction\",\"target\":[\"https:\/\/clovedental.co\/de\/produkt\/kieferorthopaedische-zange-vom-typ-de-la-rosa-zum-formen-konturierter-boegen\/\"]}]},{\"@type\":\"BreadcrumbList\",\"@id\":\"https:\/\/clovedental.co\/de\/produkt\/kieferorthopaedische-zange-vom-typ-de-la-rosa-zum-formen-konturierter-boegen\/#breadcrumb\",\"itemListElement\":[{\"@type\":\"ListItem\",\"position\":1,\"name\":\"Strona g\u0142\u00f3wna\",\"item\":\"https:\/\/clovedental.co\/de\/\"},{\"@type\":\"ListItem\",\"position\":2,\"name\":\"Shop\",\"item\":\"https:\/\/clovedental.co\/products\/shop\/\"},{\"@type\":\"ListItem\",\"position\":3,\"name\":\"Kieferorthop\u00e4dische Zange vom Typ De La Rosa zum Formen konturierter B\u00f6gen\"}]},{\"@type\":\"WebSite\",\"@id\":\"https:\/\/clovedental.co\/de\/#website\",\"url\":\"https:\/\/clovedental.co\/de\/\",\"name\":\"Manufacturer of Dental and Surgical Instruments\",\"description\":\"Details are the Key\",\"publisher\":{\"@id\":\"https:\/\/clovedental.co\/de\/#organization\"},\"alternateName\":\"Dental and Surgical Instruments\",\"potentialAction\":[{\"@type\":\"SearchAction\",\"target\":{\"@type\":\"EntryPoint\",\"urlTemplate\":\"https:\/\/clovedental.co\/de\/?s={search_term_string}\"},\"query-input\":\"required name=search_term_string\"}],\"inLanguage\":\"de\"},{\"@type\":\"Organization\",\"@id\":\"https:\/\/clovedental.co\/de\/#organization\",\"name\":\"clovedental.co\",\"alternateName\":\"Clove\",\"url\":\"https:\/\/clovedental.co\/de\/\",\"logo\":{\"@type\":\"ImageObject\",\"inLanguage\":\"de\",\"@id\":\"https:\/\/clovedental.co\/de\/#\/schema\/logo\/image\/\",\"url\":\"https:\/\/clovedental.co\/wp-content\/uploads\/2023\/12\/LOGO_CLOVE.png\",\"contentUrl\":\"https:\/\/clovedental.co\/wp-content\/uploads\/2023\/12\/LOGO_CLOVE.png\",\"width\":1400,\"height\":1400,\"caption\":\"clovedental.co\"},\"image\":{\"@id\":\"https:\/\/clovedental.co\/de\/#\/schema\/logo\/image\/\"}}]}<\/script>\n<!-- \/ Yoast SEO plugin. -->","yoast_head_json":{"title":"Kieferorthop\u00e4dische Zange vom Typ De La Rosa zum Formen konturierter B\u00f6gen | clovedental.co","robots":{"index":"index","follow":"follow","max-snippet":"max-snippet:-1","max-image-preview":"max-image-preview:large","max-video-preview":"max-video-preview:-1"},"canonical":"https:\/\/clovedental.co\/de\/produkt\/kieferorthopaedische-zange-vom-typ-de-la-rosa-zum-formen-konturierter-boegen\/","og_locale":"de_DE","og_type":"article","og_title":"Kieferorthop\u00e4dische Zange vom Typ De La Rosa zum Formen konturierter B\u00f6gen | clovedental.co","og_description":"Zahnzangen mit konkav-konvexer Spitze, Typ De La Rosa, werden zum Formen von Drahtb\u00f6gen verwendet. Sie eignen sich hervorragend f\u00fcr die Arbeit mit Ligaturhaltern und Charles-Hawley-B\u00f6gen sowie f\u00fcr die Verbreiterung und Verengung von B\u00f6gen. Die pr\u00e4zise Formgebung der Spitze gew\u00e4hrleistet eine hohe Pr\u00e4zision bei der Anwendung. Hochwertige Verarbeitung und zertifizierter japanischer Edelstahl (AISI 420) sorgen f\u00fcr &hellip; Kieferorthop\u00e4dische Zange vom Typ De La Rosa zum Formen konturierter B\u00f6gen Weiterlesen &raquo;","og_url":"https:\/\/clovedental.co\/de\/produkt\/kieferorthopaedische-zange-vom-typ-de-la-rosa-zum-formen-konturierter-boegen\/","og_site_name":"clovedental.co","article_modified_time":"2024-01-10T08:51:01+00:00","twitter_card":"summary_large_image","twitter_misc":{"Gesch\u00e4tzte Lesezeit":"1\u00a0Minute"},"schema":{"@context":"https:\/\/schema.org","@graph":[{"@type":"WebPage","@id":"https:\/\/clovedental.co\/de\/produkt\/kieferorthopaedische-zange-vom-typ-de-la-rosa-zum-formen-konturierter-boegen\/","url":"https:\/\/clovedental.co\/de\/produkt\/kieferorthopaedische-zange-vom-typ-de-la-rosa-zum-formen-konturierter-boegen\/","name":"Kieferorthop\u00e4dische Zange vom Typ De La Rosa zum Formen konturierter B\u00f6gen | clovedental.co","isPartOf":{"@id":"https:\/\/clovedental.co\/de\/#website"},"datePublished":"2024-01-10T08:37:55+00:00","dateModified":"2024-01-10T08:51:01+00:00","breadcrumb":{"@id":"https:\/\/clovedental.co\/de\/produkt\/kieferorthopaedische-zange-vom-typ-de-la-rosa-zum-formen-konturierter-boegen\/#breadcrumb"},"inLanguage":"de","potentialAction":[{"@type":"ReadAction","target":["https:\/\/clovedental.co\/de\/produkt\/kieferorthopaedische-zange-vom-typ-de-la-rosa-zum-formen-konturierter-boegen\/"]}]},{"@type":"BreadcrumbList","@id":"https:\/\/clovedental.co\/de\/produkt\/kieferorthopaedische-zange-vom-typ-de-la-rosa-zum-formen-konturierter-boegen\/#breadcrumb","itemListElement":[{"@type":"ListItem","position":1,"name":"Strona g\u0142\u00f3wna","item":"https:\/\/clovedental.co\/de\/"},{"@type":"ListItem","position":2,"name":"Shop","item":"https:\/\/clovedental.co\/products\/shop\/"},{"@type":"ListItem","position":3,"name":"Kieferorthop\u00e4dische Zange vom Typ De La Rosa zum Formen konturierter B\u00f6gen"}]},{"@type":"WebSite","@id":"https:\/\/clovedental.co\/de\/#website","url":"https:\/\/clovedental.co\/de\/","name":"Manufacturer of Dental and Surgical Instruments","description":"Details are the Key","publisher":{"@id":"https:\/\/clovedental.co\/de\/#organization"},"alternateName":"Dental and Surgical Instruments","potentialAction":[{"@type":"SearchAction","target":{"@type":"EntryPoint","urlTemplate":"https:\/\/clovedental.co\/de\/?s={search_term_string}"},"query-input":"required name=search_term_string"}],"inLanguage":"de"},{"@type":"Organization","@id":"https:\/\/clovedental.co\/de\/#organization","name":"clovedental.co","alternateName":"Clove","url":"https:\/\/clovedental.co\/de\/","logo":{"@type":"ImageObject","inLanguage":"de","@id":"https:\/\/clovedental.co\/de\/#\/schema\/logo\/image\/","url":"https:\/\/clovedental.co\/wp-content\/uploads\/2023\/12\/LOGO_CLOVE.png","contentUrl":"https:\/\/clovedental.co\/wp-content\/uploads\/2023\/12\/LOGO_CLOVE.png","width":1400,"height":1400,"caption":"clovedental.co"},"image":{"@id":"https:\/\/clovedental.co\/de\/#\/schema\/logo\/image\/"}}]}},"_links":{"self":[{"href":"https:\/\/clovedental.co\/de\/wp-json\/wp\/v2\/product\/4814","targetHints":{"allow":["GET"]}}],"collection":[{"href":"https:\/\/clovedental.co\/de\/wp-json\/wp\/v2\/product"}],"about":[{"href":"https:\/\/clovedental.co\/de\/wp-json\/wp\/v2\/types\/product"}],"wp:featuredmedia":[{"embeddable":true,"href":"https:\/\/clovedental.co\/de\/wp-json\/wp\/v2\/media\/5757"}],"wp:attachment":[{"href":"https:\/\/clovedental.co\/de\/wp-json\/wp\/v2\/media?parent=4814"}],"wp:term":[{"taxonomy":"product_cat","embeddable":true,"href":"https:\/\/clovedental.co\/de\/wp-json\/wp\/v2\/product_cat?post=4814"},{"taxonomy":"product_tag","embeddable":true,"href":"https:\/\/clovedental.co\/de\/wp-json\/wp\/v2\/product_tag?post=4814"},{"taxonomy":"code","embeddable":true,"href":"https:\/\/clovedental.co\/de\/wp-json\/wp\/v2\/code?post=4814"}],"curies":[{"name":"wp","href":"https:\/\/api.w.org\/{rel}","templated":true}]}}