{"id":4816,"date":"2024-01-10T08:37:55","date_gmt":"2024-01-10T08:37:55","guid":{"rendered":"https:\/\/clovedental.co\/product\/kieferorthopaedische-zange-zum-abschneiden-der-distalen-enden-des-tc-drahts-groesse-9-mm\/"},"modified":"2024-01-10T08:51:02","modified_gmt":"2024-01-10T08:51:02","slug":"kieferorthopaedische-zange-zum-abschneiden-der-distalen-enden-des-tc-drahts-groesse-9-mm","status":"publish","type":"product","link":"https:\/\/clovedental.co\/de\/produkt\/kieferorthopaedische-zange-zum-abschneiden-der-distalen-enden-des-tc-drahts-groesse-9-mm\/","title":{"rendered":"Kieferorthop\u00e4dische Zange zum Abschneiden der distalen Enden des TC-Drahts, Gr\u00f6\u00dfe: 9 mm"},"content":{"rendered":"<p><span style=\"font-family:arial, helvetica, sans-serif;font-size:10pt;\"><span style=\"text-decoration:underline;\">Zahnzange<\/span> Minityp f\u00fcr zum Abschneiden weiterer Drahtenden verwenden. Die geringe Gr\u00f6\u00dfe der Pinzette erm\u00f6glicht den Zugang zu engen, schwer zug\u00e4nglichen Bereichen. Mit einer richtig gestalteten Spitze k\u00f6nnen Sie die abgeschnittenen Enden festhalten und sicher entfernen. Dar\u00fcber hinaus besteht der Einsatz aus Wolframkarbid, was eine hohe Haltbarkeit und eine h\u00f6here Pr\u00e4zision im Betrieb gew\u00e4hrleistet. <em>Kieferorthop\u00e4dische Zange<\/em>, hergestellt aus hochwertigem, zertifiziertem Chirurgenstahl (AISI 420).<\/span><\/p>\n<p><\/br><\/p>\n<h1><span style=\"font-family:arial, helvetica , sans-serif;font-size:10pt;\">Parameter der Minipinzette zum Abschneiden distaler Drahtenden<\/span><\/h1>\n<p><\/br><\/p>\n<ul><\/br><\/p>\n<li><span style=\" Schriftart -Familie:Arial, Helvetica, Sans-Serif;Schriftgr\u00f6\u00dfe:10pt;\">Typ: <em>kieferorthop\u00e4dische Pinzette<\/em> zum Schneiden von Draht (distale Spitzen)<\/span><\/li>\n<p><\/br> < li><span style=\"font-family:arial, helvetica, sans-serif;font-size:10pt;\">Spitze: mini, Wolframkarbid<\/span><\/li>\n<p><\/br><\/p>\n<li>< span style=\"font-family:arial, helvetica, sans-serif;font-size:10pt;\">L\u00e4nge: 8mm = 12cm, 9mm = 12,5cm<\/span><\/li>\n<p><\/br><\/p>\n<li>< span style=\"font-family:arial, helvetica, sans-serif;font-size:10pt;\">Wiederverwendbares Produkt<\/span><\/li>\n<p><\/br><\/p>\n<li><span style=\"font-family: arial, helvetica, sans-serif;font-size:10pt;\">Unsteriles Produkt<\/span><\/li>\n<p><\/br><\/ul>\n<p><\/br><\/p>\n<h2><span style=\"font- Familie :arial, helvetica, sans-serif;font-size:10pt;\">Vorteile der Verwendung einer Pinzette zum Abschneiden der Enden kieferorthop\u00e4discher Dr\u00e4hte<\/span><\/h2>\n<p><\/br><\/p>\n<ul><\/br>< li><span style=\"font-family:arial, helvetica, sans-serif;font-size:10pt;\">Wolframkarbidspitze sorgt f\u00fcr \u00fcberdurchschnittliche Haltbarkeit und Pr\u00e4zision<\/span><\/li>\n<p><\/br>< li><span style=\"font-family:arial, helvetica, sans-serif;font-size:10pt;\">Die entsprechende Formgebung des Werkzeugs erleichtert die Arbeit unabh\u00e4ngig von den Bedingungen<\/span><\/li>\n<p><\/ br><\/p>\n<li><span style= \"font-family:arial, helvetica, sans-serif;font-size:10pt;\">Hochwertiger, zertifizierter japanischer Stahl (AISI 420) gew\u00e4hrleistet hervorragende Korrosionsschutzeigenschaften und erm\u00f6glicht so Desinfektion und Sterilisation des Produkts<\/span><\/li>\n<p>< \/br><\/ul>\n<p><\/br><\/p>\n<p><span style=\"font-family:arial, helvetica, sans-serif;font-size: 10pt;\">Das Produkt ist zertifiziert nach ISO9001\/2008, ISO13485\/2003, CE, FDA, AISI 420.<\/span><\/p>\n","protected":false},"excerpt":{"rendered":"<p>Zahnzange Minityp f\u00fcr zum Abschneiden weiterer Drahtenden verwenden. Die geringe Gr\u00f6\u00dfe der Pinzette erm\u00f6glicht den Zugang zu engen, schwer zug\u00e4nglichen Bereichen. Mit einer richtig gestalteten Spitze k\u00f6nnen Sie die abgeschnittenen Enden festhalten und sicher entfernen. Dar\u00fcber hinaus besteht der Einsatz aus Wolframkarbid, was eine hohe Haltbarkeit und eine h\u00f6here Pr\u00e4zision im Betrieb gew\u00e4hrleistet. Kieferorthop\u00e4dische Zange, &hellip;<\/p>\n<p class=\"read-more\"> <a class=\"\" href=\"https:\/\/clovedental.co\/de\/produkt\/kieferorthopaedische-zange-zum-abschneiden-der-distalen-enden-des-tc-drahts-groesse-9-mm\/\"> <span class=\"screen-reader-text\">Kieferorthop\u00e4dische Zange zum Abschneiden der distalen Enden des TC-Drahts, Gr\u00f6\u00dfe: 9 mm<\/span> Weiterlesen &raquo;<\/a><\/p>\n","protected":false},"featured_media":5791,"template":"","meta":{"site-sidebar-layout":"default","site-content-layout":"","ast-site-content-layout":"default","site-content-style":"default","site-sidebar-style":"default","ast-global-header-display":"","ast-banner-title-visibility":"","ast-main-header-display":"","ast-hfb-above-header-display":"","ast-hfb-below-header-display":"","ast-hfb-mobile-header-display":"","site-post-title":"","ast-breadcrumbs-content":"","ast-featured-img":"","footer-sml-layout":"","theme-transparent-header-meta":"default","adv-header-id-meta":"","stick-header-meta":"","header-above-stick-meta":"","header-main-stick-meta":"","header-below-stick-meta":"","astra-migrate-meta-layouts":"","ast-page-background-enabled":"default","ast-page-background-meta":{"desktop":{"background-color":"var(--ast-global-color-4)","background-image":"","background-repeat":"repeat","background-position":"center center","background-size":"auto","background-attachment":"scroll","background-type":"","background-media":"","overlay-type":"","overlay-color":"","overlay-gradient":""},"tablet":{"background-color":"","background-image":"","background-repeat":"repeat","background-position":"center center","background-size":"auto","background-attachment":"scroll","background-type":"","background-media":"","overlay-type":"","overlay-color":"","overlay-gradient":""},"mobile":{"background-color":"","background-image":"","background-repeat":"repeat","background-position":"center center","background-size":"auto","background-attachment":"scroll","background-type":"","background-media":"","overlay-type":"","overlay-color":"","overlay-gradient":""}},"ast-content-background-meta":{"desktop":{"background-color":"var(--ast-global-color-5)","background-image":"","background-repeat":"repeat","background-position":"center center","background-size":"auto","background-attachment":"scroll","background-type":"","background-media":"","overlay-type":"","overlay-color":"","overlay-gradient":""},"tablet":{"background-color":"var(--ast-global-color-5)","background-image":"","background-repeat":"repeat","background-position":"center center","background-size":"auto","background-attachment":"scroll","background-type":"","background-media":"","overlay-type":"","overlay-color":"","overlay-gradient":""},"mobile":{"background-color":"var(--ast-global-color-5)","background-image":"","background-repeat":"repeat","background-position":"center center","background-size":"auto","background-attachment":"scroll","background-type":"","background-media":"","overlay-type":"","overlay-color":"","overlay-gradient":""}}},"product_cat":[431],"product_tag":[],"code":[262],"class_list":{"0":"post-4816","1":"product","2":"type-product","3":"status-publish","4":"has-post-thumbnail","6":"product_cat-kieferorthopadie","7":"code-09-105-081","8":"desktop-align-left","9":"tablet-align-left","10":"mobile-align-left","12":"first","13":"instock","14":"product-type-simple"},"acf":[],"yoast_head":"<!-- This site is optimized with the Yoast SEO plugin v21.9.1 - https:\/\/yoast.com\/wordpress\/plugins\/seo\/ -->\n<title>Kieferorthop\u00e4dische Zange zum Abschneiden der distalen Enden des TC-Drahts, Gr\u00f6\u00dfe: 9 mm | clovedental.co<\/title>\n<meta name=\"robots\" content=\"index, follow, max-snippet:-1, max-image-preview:large, max-video-preview:-1\" \/>\n<link rel=\"canonical\" href=\"https:\/\/clovedental.co\/de\/produkt\/kieferorthopaedische-zange-zum-abschneiden-der-distalen-enden-des-tc-drahts-groesse-9-mm\/\" \/>\n<meta property=\"og:locale\" content=\"de_DE\" \/>\n<meta property=\"og:type\" content=\"article\" \/>\n<meta property=\"og:title\" content=\"Kieferorthop\u00e4dische Zange zum Abschneiden der distalen Enden des TC-Drahts, Gr\u00f6\u00dfe: 9 mm | clovedental.co\" \/>\n<meta property=\"og:description\" content=\"Zahnzange Minityp f\u00fcr zum Abschneiden weiterer Drahtenden verwenden. Die geringe Gr\u00f6\u00dfe der Pinzette erm\u00f6glicht den Zugang zu engen, schwer zug\u00e4nglichen Bereichen. Mit einer richtig gestalteten Spitze k\u00f6nnen Sie die abgeschnittenen Enden festhalten und sicher entfernen. Dar\u00fcber hinaus besteht der Einsatz aus Wolframkarbid, was eine hohe Haltbarkeit und eine h\u00f6here Pr\u00e4zision im Betrieb gew\u00e4hrleistet. Kieferorthop\u00e4dische Zange, &hellip; Kieferorthop\u00e4dische Zange zum Abschneiden der distalen Enden des TC-Drahts, Gr\u00f6\u00dfe: 9 mm Weiterlesen &raquo;\" \/>\n<meta property=\"og:url\" content=\"https:\/\/clovedental.co\/de\/produkt\/kieferorthopaedische-zange-zum-abschneiden-der-distalen-enden-des-tc-drahts-groesse-9-mm\/\" \/>\n<meta property=\"og:site_name\" content=\"clovedental.co\" \/>\n<meta property=\"article:modified_time\" content=\"2024-01-10T08:51:02+00:00\" \/>\n<meta name=\"twitter:card\" content=\"summary_large_image\" \/>\n<meta name=\"twitter:label1\" content=\"Gesch\u00e4tzte Lesezeit\" \/>\n\t<meta name=\"twitter:data1\" content=\"1\u00a0Minute\" \/>\n<script type=\"application\/ld+json\" class=\"yoast-schema-graph\">{\"@context\":\"https:\/\/schema.org\",\"@graph\":[{\"@type\":\"WebPage\",\"@id\":\"https:\/\/clovedental.co\/de\/produkt\/kieferorthopaedische-zange-zum-abschneiden-der-distalen-enden-des-tc-drahts-groesse-9-mm\/\",\"url\":\"https:\/\/clovedental.co\/de\/produkt\/kieferorthopaedische-zange-zum-abschneiden-der-distalen-enden-des-tc-drahts-groesse-9-mm\/\",\"name\":\"Kieferorthop\u00e4dische Zange zum Abschneiden der distalen Enden des TC-Drahts, Gr\u00f6\u00dfe: 9 mm | clovedental.co\",\"isPartOf\":{\"@id\":\"https:\/\/clovedental.co\/de\/#website\"},\"datePublished\":\"2024-01-10T08:37:55+00:00\",\"dateModified\":\"2024-01-10T08:51:02+00:00\",\"breadcrumb\":{\"@id\":\"https:\/\/clovedental.co\/de\/produkt\/kieferorthopaedische-zange-zum-abschneiden-der-distalen-enden-des-tc-drahts-groesse-9-mm\/#breadcrumb\"},\"inLanguage\":\"de\",\"potentialAction\":[{\"@type\":\"ReadAction\",\"target\":[\"https:\/\/clovedental.co\/de\/produkt\/kieferorthopaedische-zange-zum-abschneiden-der-distalen-enden-des-tc-drahts-groesse-9-mm\/\"]}]},{\"@type\":\"BreadcrumbList\",\"@id\":\"https:\/\/clovedental.co\/de\/produkt\/kieferorthopaedische-zange-zum-abschneiden-der-distalen-enden-des-tc-drahts-groesse-9-mm\/#breadcrumb\",\"itemListElement\":[{\"@type\":\"ListItem\",\"position\":1,\"name\":\"Strona g\u0142\u00f3wna\",\"item\":\"https:\/\/clovedental.co\/de\/\"},{\"@type\":\"ListItem\",\"position\":2,\"name\":\"Shop\",\"item\":\"https:\/\/clovedental.co\/products\/shop\/\"},{\"@type\":\"ListItem\",\"position\":3,\"name\":\"Kieferorthop\u00e4dische Zange zum Abschneiden der distalen Enden des TC-Drahts, Gr\u00f6\u00dfe: 9 mm\"}]},{\"@type\":\"WebSite\",\"@id\":\"https:\/\/clovedental.co\/de\/#website\",\"url\":\"https:\/\/clovedental.co\/de\/\",\"name\":\"Manufacturer of Dental and Surgical Instruments\",\"description\":\"Details are the Key\",\"publisher\":{\"@id\":\"https:\/\/clovedental.co\/de\/#organization\"},\"alternateName\":\"Dental and Surgical Instruments\",\"potentialAction\":[{\"@type\":\"SearchAction\",\"target\":{\"@type\":\"EntryPoint\",\"urlTemplate\":\"https:\/\/clovedental.co\/de\/?s={search_term_string}\"},\"query-input\":\"required name=search_term_string\"}],\"inLanguage\":\"de\"},{\"@type\":\"Organization\",\"@id\":\"https:\/\/clovedental.co\/de\/#organization\",\"name\":\"clovedental.co\",\"alternateName\":\"Clove\",\"url\":\"https:\/\/clovedental.co\/de\/\",\"logo\":{\"@type\":\"ImageObject\",\"inLanguage\":\"de\",\"@id\":\"https:\/\/clovedental.co\/de\/#\/schema\/logo\/image\/\",\"url\":\"https:\/\/clovedental.co\/wp-content\/uploads\/2023\/12\/LOGO_CLOVE.png\",\"contentUrl\":\"https:\/\/clovedental.co\/wp-content\/uploads\/2023\/12\/LOGO_CLOVE.png\",\"width\":1400,\"height\":1400,\"caption\":\"clovedental.co\"},\"image\":{\"@id\":\"https:\/\/clovedental.co\/de\/#\/schema\/logo\/image\/\"}}]}<\/script>\n<!-- \/ Yoast SEO plugin. -->","yoast_head_json":{"title":"Kieferorthop\u00e4dische Zange zum Abschneiden der distalen Enden des TC-Drahts, Gr\u00f6\u00dfe: 9 mm | clovedental.co","robots":{"index":"index","follow":"follow","max-snippet":"max-snippet:-1","max-image-preview":"max-image-preview:large","max-video-preview":"max-video-preview:-1"},"canonical":"https:\/\/clovedental.co\/de\/produkt\/kieferorthopaedische-zange-zum-abschneiden-der-distalen-enden-des-tc-drahts-groesse-9-mm\/","og_locale":"de_DE","og_type":"article","og_title":"Kieferorthop\u00e4dische Zange zum Abschneiden der distalen Enden des TC-Drahts, Gr\u00f6\u00dfe: 9 mm | clovedental.co","og_description":"Zahnzange Minityp f\u00fcr zum Abschneiden weiterer Drahtenden verwenden. Die geringe Gr\u00f6\u00dfe der Pinzette erm\u00f6glicht den Zugang zu engen, schwer zug\u00e4nglichen Bereichen. Mit einer richtig gestalteten Spitze k\u00f6nnen Sie die abgeschnittenen Enden festhalten und sicher entfernen. Dar\u00fcber hinaus besteht der Einsatz aus Wolframkarbid, was eine hohe Haltbarkeit und eine h\u00f6here Pr\u00e4zision im Betrieb gew\u00e4hrleistet. Kieferorthop\u00e4dische Zange, &hellip; Kieferorthop\u00e4dische Zange zum Abschneiden der distalen Enden des TC-Drahts, Gr\u00f6\u00dfe: 9 mm Weiterlesen &raquo;","og_url":"https:\/\/clovedental.co\/de\/produkt\/kieferorthopaedische-zange-zum-abschneiden-der-distalen-enden-des-tc-drahts-groesse-9-mm\/","og_site_name":"clovedental.co","article_modified_time":"2024-01-10T08:51:02+00:00","twitter_card":"summary_large_image","twitter_misc":{"Gesch\u00e4tzte Lesezeit":"1\u00a0Minute"},"schema":{"@context":"https:\/\/schema.org","@graph":[{"@type":"WebPage","@id":"https:\/\/clovedental.co\/de\/produkt\/kieferorthopaedische-zange-zum-abschneiden-der-distalen-enden-des-tc-drahts-groesse-9-mm\/","url":"https:\/\/clovedental.co\/de\/produkt\/kieferorthopaedische-zange-zum-abschneiden-der-distalen-enden-des-tc-drahts-groesse-9-mm\/","name":"Kieferorthop\u00e4dische Zange zum Abschneiden der distalen Enden des TC-Drahts, Gr\u00f6\u00dfe: 9 mm | clovedental.co","isPartOf":{"@id":"https:\/\/clovedental.co\/de\/#website"},"datePublished":"2024-01-10T08:37:55+00:00","dateModified":"2024-01-10T08:51:02+00:00","breadcrumb":{"@id":"https:\/\/clovedental.co\/de\/produkt\/kieferorthopaedische-zange-zum-abschneiden-der-distalen-enden-des-tc-drahts-groesse-9-mm\/#breadcrumb"},"inLanguage":"de","potentialAction":[{"@type":"ReadAction","target":["https:\/\/clovedental.co\/de\/produkt\/kieferorthopaedische-zange-zum-abschneiden-der-distalen-enden-des-tc-drahts-groesse-9-mm\/"]}]},{"@type":"BreadcrumbList","@id":"https:\/\/clovedental.co\/de\/produkt\/kieferorthopaedische-zange-zum-abschneiden-der-distalen-enden-des-tc-drahts-groesse-9-mm\/#breadcrumb","itemListElement":[{"@type":"ListItem","position":1,"name":"Strona g\u0142\u00f3wna","item":"https:\/\/clovedental.co\/de\/"},{"@type":"ListItem","position":2,"name":"Shop","item":"https:\/\/clovedental.co\/products\/shop\/"},{"@type":"ListItem","position":3,"name":"Kieferorthop\u00e4dische Zange zum Abschneiden der distalen Enden des TC-Drahts, Gr\u00f6\u00dfe: 9 mm"}]},{"@type":"WebSite","@id":"https:\/\/clovedental.co\/de\/#website","url":"https:\/\/clovedental.co\/de\/","name":"Manufacturer of Dental and Surgical Instruments","description":"Details are the Key","publisher":{"@id":"https:\/\/clovedental.co\/de\/#organization"},"alternateName":"Dental and Surgical Instruments","potentialAction":[{"@type":"SearchAction","target":{"@type":"EntryPoint","urlTemplate":"https:\/\/clovedental.co\/de\/?s={search_term_string}"},"query-input":"required name=search_term_string"}],"inLanguage":"de"},{"@type":"Organization","@id":"https:\/\/clovedental.co\/de\/#organization","name":"clovedental.co","alternateName":"Clove","url":"https:\/\/clovedental.co\/de\/","logo":{"@type":"ImageObject","inLanguage":"de","@id":"https:\/\/clovedental.co\/de\/#\/schema\/logo\/image\/","url":"https:\/\/clovedental.co\/wp-content\/uploads\/2023\/12\/LOGO_CLOVE.png","contentUrl":"https:\/\/clovedental.co\/wp-content\/uploads\/2023\/12\/LOGO_CLOVE.png","width":1400,"height":1400,"caption":"clovedental.co"},"image":{"@id":"https:\/\/clovedental.co\/de\/#\/schema\/logo\/image\/"}}]}},"_links":{"self":[{"href":"https:\/\/clovedental.co\/de\/wp-json\/wp\/v2\/product\/4816","targetHints":{"allow":["GET"]}}],"collection":[{"href":"https:\/\/clovedental.co\/de\/wp-json\/wp\/v2\/product"}],"about":[{"href":"https:\/\/clovedental.co\/de\/wp-json\/wp\/v2\/types\/product"}],"wp:featuredmedia":[{"embeddable":true,"href":"https:\/\/clovedental.co\/de\/wp-json\/wp\/v2\/media\/5791"}],"wp:attachment":[{"href":"https:\/\/clovedental.co\/de\/wp-json\/wp\/v2\/media?parent=4816"}],"wp:term":[{"taxonomy":"product_cat","embeddable":true,"href":"https:\/\/clovedental.co\/de\/wp-json\/wp\/v2\/product_cat?post=4816"},{"taxonomy":"product_tag","embeddable":true,"href":"https:\/\/clovedental.co\/de\/wp-json\/wp\/v2\/product_tag?post=4816"},{"taxonomy":"code","embeddable":true,"href":"https:\/\/clovedental.co\/de\/wp-json\/wp\/v2\/code?post=4816"}],"curies":[{"name":"wp","href":"https:\/\/api.w.org\/{rel}","templated":true}]}}