{"id":4817,"date":"2024-01-10T08:37:55","date_gmt":"2024-01-10T08:37:55","guid":{"rendered":"https:\/\/clovedental.co\/product\/kieferorthopaedische-pinzette-von-adams-zum-biegen-von-draehten-und-boegen\/"},"modified":"2024-01-10T08:51:02","modified_gmt":"2024-01-10T08:51:02","slug":"kieferorthopaedische-pinzette-von-adams-zum-biegen-von-draehten-und-boegen","status":"publish","type":"product","link":"https:\/\/clovedental.co\/de\/produkt\/kieferorthopaedische-pinzette-von-adams-zum-biegen-von-draehten-und-boegen\/","title":{"rendered":"Kieferorthop\u00e4dische Pinzette von Adams zum Biegen von Dr\u00e4hten und B\u00f6gen"},"content":{"rendered":"<p><span style=\"font-family: arial, helvetica, sans-serif; font-size: 10pt;\"><strong>Adams-Zahnzangen<\/strong> sind ein spezielles kieferorthop\u00e4disches Werkzeug zum Biegen von Dr\u00e4hten und Drahtb\u00f6gen eine Spitze in der Ausf\u00fchrung flach-flach oder flach-rund. Zangen werden bei Eingriffen im Zusammenhang mit der Durchf\u00fchrung einer kieferorthop\u00e4dischen Behandlung eingesetzt. Die hohe Pr\u00e4zision der Verarbeitung des Instruments garantiert eine hohe Effektivit\u00e4t im Einsatz. Dar\u00fcber hinaus erh\u00f6hen ergonomische Arme den Arbeitskomfort. F\u00fcr die Herstellung der Adams Premium Zangen wurde hochwertiger, zertifizierter japanischer Edelstahl (AISI 420) verwendet. Das Produkt kann sterilisiert und desinfiziert werden.<\/span><\/p>\n<p><\/br><\/p>\n<h1><span style=\"Schriftfamilie: Arial, Helvetica, Sans-Serif; Schriftgr\u00f6\u00dfe: 10pt;\">Parameter von Zahnzange Typ Adams<\/span><\/h1>\n<p><\/br><\/p>\n<ul><\/br><\/p>\n<li><span style=\"Schriftfamilie: Arial, Helvetica, Sans-Serif; Schriftgr\u00f6\u00dfe: 10pt;\" >Typ: Adams, flach-flach, flach-rund, gro\u00df, klein, Premium, Standard<\/span><\/li>\n<p><\/br><\/p>\n<li><span style=\"Schriftfamilie: Arial, Helvetica, Sans- serif; Schriftgr\u00f6\u00dfe: 10pt;\">Zweck: Formen und Biegen von Dr\u00e4hten<\/span><\/li>\n<p><\/br><\/p>\n<li><span style=\"Schriftfamilie: Arial, Helvetica, Sans-Serif; Schriftart- Gr\u00f6\u00dfe: 10pt;\">L\u00e4nge: 12,3 cm<\/span><\/li>\n<p><\/br><\/p>\n<li><span style=\"Schriftfamilie: Arial, Helvetica, Sans-Serif; Schriftgr\u00f6\u00dfe: 10pt;\"> Verf\u00fcgbare Typen:<\/span><\/li>\n<p><\/br><\/ul>\n<p><\/br><\/p>\n<ul style=\"list-style-type: Circle;\"><\/br><\/p>\n<li><span style=\" Schriftfamilie: Arial, Helvetica, Sans-Serif; Schriftgr\u00f6\u00dfe: 10pt;\">Premium (flache Spitze)<\/span><\/li>\n<p><\/br><\/p>\n<li><span style=\"font-family: arial, helvetica, sans-serif; Schriftgr\u00f6\u00dfe: 10pt;\">Standard (flach-flache Spitzen)<\/span><\/li>\n<p><\/br><\/p>\n<li><span style=\"font-family: arial, helvetica , serifenlos; Schriftgr\u00f6\u00dfe: 10pt;\">Klein flach<\/span><\/li>\n<p><\/br><\/p>\n<li><span style=\"Schriftfamilie: Arial, Helvetica, Sans-Serif; Schriftgr\u00f6\u00dfe: 10pt;\">Klein, flach, rund<\/span><\/li>\n<p><\/br><\/p>\n<li><span style=\"Schriftfamilie: Arial, Helvetica, Sans-Serif; Schriftgr\u00f6\u00dfe: 10pt;\">Gro\u00dfes Flat-Flat<\/span><\/li>\n<p><\/br><\/p>\n<li><span style=\"Schriftfamilie: Arial, Helvetica, Sans-Serif; Schriftgr\u00f6\u00dfe: 10pt;\">Gro\u00df, flach, rund<\/span><\/li>\n<p><\/br><\/ul>\n<p><\/br><\/p>\n<ul><\/br><\/p>\n<li><span style=\"font-family : Arial, Helvetica, Sans-Serif; Schriftgr\u00f6\u00dfe: 10pt;\">Nicht steriles Produkt<\/span><\/li>\n<p><\/br><\/p>\n<li><span style=\"Schriftfamilie: Arial, Helvetica, Sans-Serif; Schriftgr\u00f6\u00dfe: 10pt;\">Wiederverwendbares Produkt<\/span><\/li>\n<p><\/br><\/ul>\n<p><\/br><\/p>\n<h2><span style=\"Schriftfamilie: Arial, Helvetica, Sans-Serif; Schriftgr\u00f6\u00dfe: 10pt;\">Nutzungsvorteile<\/span><\/h2>\n<p><\/br><\/p>\n<ul><\/br><\/p>\n<li><span style=\"Schriftfamilie: Arial, Helvetica, Sans-Serif; Schriftgr\u00f6\u00dfe: 10pt;\">Zange mit viel Liebe zum Detail gefertigt, pr\u00e4zise Verarbeitung der Spitzen erm\u00f6glicht eine komfortable Nutzung des Instruments<\/span><\/li>\n<p><\/br><\/p>\n<li><span style=\"font-family : Arial, Helvetica, Sans-Serif; Schriftgr\u00f6\u00dfe: 10pt;\">Hochwertiger, zertifizierter japanischer Stahl (AISI 420) sorgt f\u00fcr hervorragende Korrosionsschutzeigenschaften<\/span><\/li>\n<p><\/br><\/p>\n<li><span style=\"font-family: arial , Helvetica, serifenlos; Schriftgr\u00f6\u00dfe: 10pt;\">Das Produkt kann gem\u00e4\u00df den Empfehlungen des Herstellers wiederholt sterilisiert und desinfiziert werden<\/span><\/li>\n<p><\/br><\/ul>\n<p><\/br><\/p>\n<p><span style=\"font -Familie: Arial, Helvetica, Sans-Serif; Schriftgr\u00f6\u00dfe: 10pt;\">Das Produkt ist nach ISO9001\/2008, ISO13485\/2003, CE, FDA, AISI 420 zertifiziert.<\/span><\/p>\n","protected":false},"excerpt":{"rendered":"<p>Adams-Zahnzangen sind ein spezielles kieferorthop\u00e4disches Werkzeug zum Biegen von Dr\u00e4hten und Drahtb\u00f6gen eine Spitze in der Ausf\u00fchrung flach-flach oder flach-rund. Zangen werden bei Eingriffen im Zusammenhang mit der Durchf\u00fchrung einer kieferorthop\u00e4dischen Behandlung eingesetzt. Die hohe Pr\u00e4zision der Verarbeitung des Instruments garantiert eine hohe Effektivit\u00e4t im Einsatz. Dar\u00fcber hinaus erh\u00f6hen ergonomische Arme den Arbeitskomfort. F\u00fcr die &hellip;<\/p>\n<p class=\"read-more\"> <a class=\"\" href=\"https:\/\/clovedental.co\/de\/produkt\/kieferorthopaedische-pinzette-von-adams-zum-biegen-von-draehten-und-boegen\/\"> <span class=\"screen-reader-text\">Kieferorthop\u00e4dische Pinzette von Adams zum Biegen von Dr\u00e4hten und B\u00f6gen<\/span> Weiterlesen &raquo;<\/a><\/p>\n","protected":false},"featured_media":5759,"template":"","meta":{"site-sidebar-layout":"default","site-content-layout":"","ast-site-content-layout":"","site-content-style":"default","site-sidebar-style":"default","ast-global-header-display":"","ast-banner-title-visibility":"","ast-main-header-display":"","ast-hfb-above-header-display":"","ast-hfb-below-header-display":"","ast-hfb-mobile-header-display":"","site-post-title":"","ast-breadcrumbs-content":"","ast-featured-img":"","footer-sml-layout":"","theme-transparent-header-meta":"default","adv-header-id-meta":"","stick-header-meta":"","header-above-stick-meta":"","header-main-stick-meta":"","header-below-stick-meta":"","astra-migrate-meta-layouts":"","ast-page-background-enabled":"default","ast-page-background-meta":{"desktop":{"background-color":"var(--ast-global-color-4)","background-image":"","background-repeat":"repeat","background-position":"center center","background-size":"auto","background-attachment":"scroll","background-type":"","background-media":"","overlay-type":"","overlay-color":"","overlay-gradient":""},"tablet":{"background-color":"","background-image":"","background-repeat":"repeat","background-position":"center center","background-size":"auto","background-attachment":"scroll","background-type":"","background-media":"","overlay-type":"","overlay-color":"","overlay-gradient":""},"mobile":{"background-color":"","background-image":"","background-repeat":"repeat","background-position":"center center","background-size":"auto","background-attachment":"scroll","background-type":"","background-media":"","overlay-type":"","overlay-color":"","overlay-gradient":""}},"ast-content-background-meta":{"desktop":{"background-color":"var(--ast-global-color-5)","background-image":"","background-repeat":"repeat","background-position":"center center","background-size":"auto","background-attachment":"scroll","background-type":"","background-media":"","overlay-type":"","overlay-color":"","overlay-gradient":""},"tablet":{"background-color":"var(--ast-global-color-5)","background-image":"","background-repeat":"repeat","background-position":"center center","background-size":"auto","background-attachment":"scroll","background-type":"","background-media":"","overlay-type":"","overlay-color":"","overlay-gradient":""},"mobile":{"background-color":"var(--ast-global-color-5)","background-image":"","background-repeat":"repeat","background-position":"center center","background-size":"auto","background-attachment":"scroll","background-type":"","background-media":"","overlay-type":"","overlay-color":"","overlay-gradient":""}}},"product_cat":[431],"product_tag":[],"code":[263],"class_list":{"0":"post-4817","1":"product","2":"type-product","3":"status-publish","4":"has-post-thumbnail","6":"product_cat-kieferorthopadie","7":"code-09-105-153","8":"desktop-align-left","9":"tablet-align-left","10":"mobile-align-left","12":"first","13":"instock","14":"product-type-simple"},"acf":[],"yoast_head":"<!-- This site is optimized with the Yoast SEO plugin v21.9.1 - https:\/\/yoast.com\/wordpress\/plugins\/seo\/ -->\n<title>Kieferorthop\u00e4dische Pinzette von Adams zum Biegen von Dr\u00e4hten und B\u00f6gen | clovedental.co<\/title>\n<meta name=\"robots\" content=\"index, follow, max-snippet:-1, max-image-preview:large, max-video-preview:-1\" \/>\n<link rel=\"canonical\" href=\"https:\/\/clovedental.co\/de\/produkt\/kieferorthopaedische-pinzette-von-adams-zum-biegen-von-draehten-und-boegen\/\" \/>\n<meta property=\"og:locale\" content=\"de_DE\" \/>\n<meta property=\"og:type\" content=\"article\" \/>\n<meta property=\"og:title\" content=\"Kieferorthop\u00e4dische Pinzette von Adams zum Biegen von Dr\u00e4hten und B\u00f6gen | clovedental.co\" \/>\n<meta property=\"og:description\" content=\"Adams-Zahnzangen sind ein spezielles kieferorthop\u00e4disches Werkzeug zum Biegen von Dr\u00e4hten und Drahtb\u00f6gen eine Spitze in der Ausf\u00fchrung flach-flach oder flach-rund. Zangen werden bei Eingriffen im Zusammenhang mit der Durchf\u00fchrung einer kieferorthop\u00e4dischen Behandlung eingesetzt. Die hohe Pr\u00e4zision der Verarbeitung des Instruments garantiert eine hohe Effektivit\u00e4t im Einsatz. Dar\u00fcber hinaus erh\u00f6hen ergonomische Arme den Arbeitskomfort. F\u00fcr die &hellip; Kieferorthop\u00e4dische Pinzette von Adams zum Biegen von Dr\u00e4hten und B\u00f6gen Weiterlesen &raquo;\" \/>\n<meta property=\"og:url\" content=\"https:\/\/clovedental.co\/de\/produkt\/kieferorthopaedische-pinzette-von-adams-zum-biegen-von-draehten-und-boegen\/\" \/>\n<meta property=\"og:site_name\" content=\"clovedental.co\" \/>\n<meta property=\"article:modified_time\" content=\"2024-01-10T08:51:02+00:00\" \/>\n<meta name=\"twitter:card\" content=\"summary_large_image\" \/>\n<meta name=\"twitter:label1\" content=\"Gesch\u00e4tzte Lesezeit\" \/>\n\t<meta name=\"twitter:data1\" content=\"1\u00a0Minute\" \/>\n<script type=\"application\/ld+json\" class=\"yoast-schema-graph\">{\"@context\":\"https:\/\/schema.org\",\"@graph\":[{\"@type\":\"WebPage\",\"@id\":\"https:\/\/clovedental.co\/de\/produkt\/kieferorthopaedische-pinzette-von-adams-zum-biegen-von-draehten-und-boegen\/\",\"url\":\"https:\/\/clovedental.co\/de\/produkt\/kieferorthopaedische-pinzette-von-adams-zum-biegen-von-draehten-und-boegen\/\",\"name\":\"Kieferorthop\u00e4dische Pinzette von Adams zum Biegen von Dr\u00e4hten und B\u00f6gen | clovedental.co\",\"isPartOf\":{\"@id\":\"https:\/\/clovedental.co\/de\/#website\"},\"datePublished\":\"2024-01-10T08:37:55+00:00\",\"dateModified\":\"2024-01-10T08:51:02+00:00\",\"breadcrumb\":{\"@id\":\"https:\/\/clovedental.co\/de\/produkt\/kieferorthopaedische-pinzette-von-adams-zum-biegen-von-draehten-und-boegen\/#breadcrumb\"},\"inLanguage\":\"de\",\"potentialAction\":[{\"@type\":\"ReadAction\",\"target\":[\"https:\/\/clovedental.co\/de\/produkt\/kieferorthopaedische-pinzette-von-adams-zum-biegen-von-draehten-und-boegen\/\"]}]},{\"@type\":\"BreadcrumbList\",\"@id\":\"https:\/\/clovedental.co\/de\/produkt\/kieferorthopaedische-pinzette-von-adams-zum-biegen-von-draehten-und-boegen\/#breadcrumb\",\"itemListElement\":[{\"@type\":\"ListItem\",\"position\":1,\"name\":\"Strona g\u0142\u00f3wna\",\"item\":\"https:\/\/clovedental.co\/de\/\"},{\"@type\":\"ListItem\",\"position\":2,\"name\":\"Shop\",\"item\":\"https:\/\/clovedental.co\/products\/shop\/\"},{\"@type\":\"ListItem\",\"position\":3,\"name\":\"Kieferorthop\u00e4dische Pinzette von Adams zum Biegen von Dr\u00e4hten und B\u00f6gen\"}]},{\"@type\":\"WebSite\",\"@id\":\"https:\/\/clovedental.co\/de\/#website\",\"url\":\"https:\/\/clovedental.co\/de\/\",\"name\":\"Manufacturer of Dental and Surgical Instruments\",\"description\":\"Details are the Key\",\"publisher\":{\"@id\":\"https:\/\/clovedental.co\/de\/#organization\"},\"alternateName\":\"Dental and Surgical Instruments\",\"potentialAction\":[{\"@type\":\"SearchAction\",\"target\":{\"@type\":\"EntryPoint\",\"urlTemplate\":\"https:\/\/clovedental.co\/de\/?s={search_term_string}\"},\"query-input\":\"required name=search_term_string\"}],\"inLanguage\":\"de\"},{\"@type\":\"Organization\",\"@id\":\"https:\/\/clovedental.co\/de\/#organization\",\"name\":\"clovedental.co\",\"alternateName\":\"Clove\",\"url\":\"https:\/\/clovedental.co\/de\/\",\"logo\":{\"@type\":\"ImageObject\",\"inLanguage\":\"de\",\"@id\":\"https:\/\/clovedental.co\/de\/#\/schema\/logo\/image\/\",\"url\":\"https:\/\/clovedental.co\/wp-content\/uploads\/2023\/12\/LOGO_CLOVE.png\",\"contentUrl\":\"https:\/\/clovedental.co\/wp-content\/uploads\/2023\/12\/LOGO_CLOVE.png\",\"width\":1400,\"height\":1400,\"caption\":\"clovedental.co\"},\"image\":{\"@id\":\"https:\/\/clovedental.co\/de\/#\/schema\/logo\/image\/\"}}]}<\/script>\n<!-- \/ Yoast SEO plugin. -->","yoast_head_json":{"title":"Kieferorthop\u00e4dische Pinzette von Adams zum Biegen von Dr\u00e4hten und B\u00f6gen | clovedental.co","robots":{"index":"index","follow":"follow","max-snippet":"max-snippet:-1","max-image-preview":"max-image-preview:large","max-video-preview":"max-video-preview:-1"},"canonical":"https:\/\/clovedental.co\/de\/produkt\/kieferorthopaedische-pinzette-von-adams-zum-biegen-von-draehten-und-boegen\/","og_locale":"de_DE","og_type":"article","og_title":"Kieferorthop\u00e4dische Pinzette von Adams zum Biegen von Dr\u00e4hten und B\u00f6gen | clovedental.co","og_description":"Adams-Zahnzangen sind ein spezielles kieferorthop\u00e4disches Werkzeug zum Biegen von Dr\u00e4hten und Drahtb\u00f6gen eine Spitze in der Ausf\u00fchrung flach-flach oder flach-rund. Zangen werden bei Eingriffen im Zusammenhang mit der Durchf\u00fchrung einer kieferorthop\u00e4dischen Behandlung eingesetzt. Die hohe Pr\u00e4zision der Verarbeitung des Instruments garantiert eine hohe Effektivit\u00e4t im Einsatz. Dar\u00fcber hinaus erh\u00f6hen ergonomische Arme den Arbeitskomfort. F\u00fcr die &hellip; Kieferorthop\u00e4dische Pinzette von Adams zum Biegen von Dr\u00e4hten und B\u00f6gen Weiterlesen &raquo;","og_url":"https:\/\/clovedental.co\/de\/produkt\/kieferorthopaedische-pinzette-von-adams-zum-biegen-von-draehten-und-boegen\/","og_site_name":"clovedental.co","article_modified_time":"2024-01-10T08:51:02+00:00","twitter_card":"summary_large_image","twitter_misc":{"Gesch\u00e4tzte Lesezeit":"1\u00a0Minute"},"schema":{"@context":"https:\/\/schema.org","@graph":[{"@type":"WebPage","@id":"https:\/\/clovedental.co\/de\/produkt\/kieferorthopaedische-pinzette-von-adams-zum-biegen-von-draehten-und-boegen\/","url":"https:\/\/clovedental.co\/de\/produkt\/kieferorthopaedische-pinzette-von-adams-zum-biegen-von-draehten-und-boegen\/","name":"Kieferorthop\u00e4dische Pinzette von Adams zum Biegen von Dr\u00e4hten und B\u00f6gen | clovedental.co","isPartOf":{"@id":"https:\/\/clovedental.co\/de\/#website"},"datePublished":"2024-01-10T08:37:55+00:00","dateModified":"2024-01-10T08:51:02+00:00","breadcrumb":{"@id":"https:\/\/clovedental.co\/de\/produkt\/kieferorthopaedische-pinzette-von-adams-zum-biegen-von-draehten-und-boegen\/#breadcrumb"},"inLanguage":"de","potentialAction":[{"@type":"ReadAction","target":["https:\/\/clovedental.co\/de\/produkt\/kieferorthopaedische-pinzette-von-adams-zum-biegen-von-draehten-und-boegen\/"]}]},{"@type":"BreadcrumbList","@id":"https:\/\/clovedental.co\/de\/produkt\/kieferorthopaedische-pinzette-von-adams-zum-biegen-von-draehten-und-boegen\/#breadcrumb","itemListElement":[{"@type":"ListItem","position":1,"name":"Strona g\u0142\u00f3wna","item":"https:\/\/clovedental.co\/de\/"},{"@type":"ListItem","position":2,"name":"Shop","item":"https:\/\/clovedental.co\/products\/shop\/"},{"@type":"ListItem","position":3,"name":"Kieferorthop\u00e4dische Pinzette von Adams zum Biegen von Dr\u00e4hten und B\u00f6gen"}]},{"@type":"WebSite","@id":"https:\/\/clovedental.co\/de\/#website","url":"https:\/\/clovedental.co\/de\/","name":"Manufacturer of Dental and Surgical Instruments","description":"Details are the Key","publisher":{"@id":"https:\/\/clovedental.co\/de\/#organization"},"alternateName":"Dental and Surgical Instruments","potentialAction":[{"@type":"SearchAction","target":{"@type":"EntryPoint","urlTemplate":"https:\/\/clovedental.co\/de\/?s={search_term_string}"},"query-input":"required name=search_term_string"}],"inLanguage":"de"},{"@type":"Organization","@id":"https:\/\/clovedental.co\/de\/#organization","name":"clovedental.co","alternateName":"Clove","url":"https:\/\/clovedental.co\/de\/","logo":{"@type":"ImageObject","inLanguage":"de","@id":"https:\/\/clovedental.co\/de\/#\/schema\/logo\/image\/","url":"https:\/\/clovedental.co\/wp-content\/uploads\/2023\/12\/LOGO_CLOVE.png","contentUrl":"https:\/\/clovedental.co\/wp-content\/uploads\/2023\/12\/LOGO_CLOVE.png","width":1400,"height":1400,"caption":"clovedental.co"},"image":{"@id":"https:\/\/clovedental.co\/de\/#\/schema\/logo\/image\/"}}]}},"_links":{"self":[{"href":"https:\/\/clovedental.co\/de\/wp-json\/wp\/v2\/product\/4817","targetHints":{"allow":["GET"]}}],"collection":[{"href":"https:\/\/clovedental.co\/de\/wp-json\/wp\/v2\/product"}],"about":[{"href":"https:\/\/clovedental.co\/de\/wp-json\/wp\/v2\/types\/product"}],"wp:featuredmedia":[{"embeddable":true,"href":"https:\/\/clovedental.co\/de\/wp-json\/wp\/v2\/media\/5759"}],"wp:attachment":[{"href":"https:\/\/clovedental.co\/de\/wp-json\/wp\/v2\/media?parent=4817"}],"wp:term":[{"taxonomy":"product_cat","embeddable":true,"href":"https:\/\/clovedental.co\/de\/wp-json\/wp\/v2\/product_cat?post=4817"},{"taxonomy":"product_tag","embeddable":true,"href":"https:\/\/clovedental.co\/de\/wp-json\/wp\/v2\/product_tag?post=4817"},{"taxonomy":"code","embeddable":true,"href":"https:\/\/clovedental.co\/de\/wp-json\/wp\/v2\/code?post=4817"}],"curies":[{"name":"wp","href":"https:\/\/api.w.org\/{rel}","templated":true}]}}