{"id":4818,"date":"2024-01-10T08:37:55","date_gmt":"2024-01-10T08:37:55","guid":{"rendered":"https:\/\/clovedental.co\/product\/gerade-kieferorthopaedische-zange-zum-entfernen-von-rueckenbrackets\/"},"modified":"2024-01-10T08:51:02","modified_gmt":"2024-01-10T08:51:02","slug":"gerade-kieferorthopaedische-zange-zum-entfernen-von-rueckenbrackets","status":"publish","type":"product","link":"https:\/\/clovedental.co\/de\/produkt\/gerade-kieferorthopaedische-zange-zum-entfernen-von-rueckenbrackets\/","title":{"rendered":"Gerade kieferorthop\u00e4dische Zange zum Entfernen von R\u00fcckenbrackets"},"content":{"rendered":"<p><span style=\"font-family: arial, helvetica, sans-serif; font-size: 10pt;\"><strong>Kieferorthop\u00e4dische Pinzetten<\/strong> sind ein Spezialwerkzeug zum sicheren und schnellen Entfernen von Brackets aus einem Zahn. Zu diesem Zweck ist das Instrument mit einer wei\u00dfen Kunststoffabdeckung ausgestattet, die auf die Zahnoberfl\u00e4che gelegt wird und mit der zweiten Spitze die Basis des Brackets aufgehebelt wird. Ein Druck gen\u00fcgt, um den Rei\u00dfverschluss zu entfernen. Durch die ergonomischen Arme liegt die Zange sehr gut in der Hand. Das geringe Gewicht des Werkzeugs erh\u00f6ht den Arbeitskomfort. <strong>Blockentfernungszangen<\/strong> bestehen aus hochwertigem Chirurgenstahl mit sehr guten Korrosionsschutzeigenschaften.<\/span><\/p>\n<p><\/br><\/p>\n<h1><span style=\"font-family: arial, helvetica, sans-serif; Schriftgr\u00f6\u00dfe: 10pt;\"><strong>Parameter der Zahnzange zum Entfernen von Brackets<\/strong><\/span><\/h1>\n<p><\/br><\/p>\n<ul><\/br>< li>< span style=\"Schriftfamilie: Arial, Helvetica, Sans-Serif; Schriftgr\u00f6\u00dfe: 10pt;\">Tipp: Kunststoff\/japanischer Stahl,<\/span><\/li>\n<p><\/br><\/p>\n<li>< span style =\"Schriftfamilie: Arial, Helvetica, Sans-Serif; Schriftgr\u00f6\u00dfe: 10pt;\">L\u00e4nge: 13,5 cm<\/span><\/li>\n<p><\/br><\/p>\n<li><span style=\"font- Familie: Arial, Helvetica, Sans-Serif; Schriftgr\u00f6\u00dfe: 10pt;\">Typ:<\/span><\/li>\n<p><\/br><\/ul>\n<p><\/br><\/p>\n<ul style=\"list-style-type : Kreis;\"><\/br><\/p>\n<li><span style=\"Schriftfamilie: Arial, Helvetica, Sans-Serif; Schriftgr\u00f6\u00dfe: 10pt;\">Standard<\/span><\/li>\n<p><\/br> < li><span style=\"Schriftfamilie: Arial, Helvetica, Sans-Serif; Schriftgr\u00f6\u00dfe: 10pt;\">Premium<\/span><\/li>\n<p><\/br><\/ul>\n<p><\/br>< ul ><\/br><\/p>\n<li><span style=\"Schriftfamilie: Arial, Helvetica, Sans-Serif; Schriftgr\u00f6\u00dfe: 10pt;\">Nicht steriles Produkt<\/span><\/li>\n<p><\/br><\/p>\n<li><span style=\"Schriftfamilie: Arial, Helvetica, Sans-Serif; Schriftgr\u00f6\u00dfe: 10pt;\">Wiederverwendbares Produkt<\/span><\/li>\n<p><\/br><\/ul>\n<p><\/br><\/p>\n<h2><span style=\"Schriftfamilie: Arial, Helvetica, Sans-Serif ; Schriftgr\u00f6\u00dfe: 10pt;\"><strong>Vorteile der Verwendung einer kieferorthop\u00e4dischen Pinzette f\u00fcr Brackets<\/strong><\/span><\/h2>\n<p><\/br><\/p>\n<ul><\/br><\/p>\n<li><span style=\"font - Familie: Arial, Helvetica, Sans-Serif; Schriftgr\u00f6\u00dfe: 10pt;\">Hochwertige Materialien zur Herstellung des Instruments garantieren Langlebigkeit<\/span><\/li>\n<p><\/br><\/p>\n<li><span style=\"Schriftfamilie: Arial, Helvetica, Sans-Serif; Schriftgr\u00f6\u00dfe: 10pt;\">Zertifizierter Edelstahl erm\u00f6glicht Desinfektion und Sterilisation gem\u00e4\u00df den Empfehlungen des Herstellers<\/span><\/li>\n<p><\/br><\/p>\n<li><span style=\"Schriftfamilie: Arial, Helvetica, serifenlos; Schriftgr\u00f6\u00dfe: 10pt;\">Die Ergonomie des Instruments erm\u00f6glicht eine bequeme Verwendung unter verschiedenen Bedingungen<\/span><\/li>\n<p><\/br><\/ul>\n<p><\/br><\/p>\n<p><span style=\"font- Familie: Arial, Helvetica, Sans-Serif; Schriftgr\u00f6\u00dfe: 10pt;\">Das Produkt ist nach ISO9001\/2008, ISO13485\/2003, CE, FDA, AISI 420 zertifiziert.<\/span><\/p>\n","protected":false},"excerpt":{"rendered":"<p>Kieferorthop\u00e4dische Pinzetten sind ein Spezialwerkzeug zum sicheren und schnellen Entfernen von Brackets aus einem Zahn. Zu diesem Zweck ist das Instrument mit einer wei\u00dfen Kunststoffabdeckung ausgestattet, die auf die Zahnoberfl\u00e4che gelegt wird und mit der zweiten Spitze die Basis des Brackets aufgehebelt wird. Ein Druck gen\u00fcgt, um den Rei\u00dfverschluss zu entfernen. Durch die ergonomischen Arme &hellip;<\/p>\n<p class=\"read-more\"> <a class=\"\" href=\"https:\/\/clovedental.co\/de\/produkt\/gerade-kieferorthopaedische-zange-zum-entfernen-von-rueckenbrackets\/\"> <span class=\"screen-reader-text\">Gerade kieferorthop\u00e4dische Zange zum Entfernen von R\u00fcckenbrackets<\/span> Weiterlesen &raquo;<\/a><\/p>\n","protected":false},"featured_media":5762,"template":"","meta":{"site-sidebar-layout":"default","site-content-layout":"","ast-site-content-layout":"","site-content-style":"default","site-sidebar-style":"default","ast-global-header-display":"","ast-banner-title-visibility":"","ast-main-header-display":"","ast-hfb-above-header-display":"","ast-hfb-below-header-display":"","ast-hfb-mobile-header-display":"","site-post-title":"","ast-breadcrumbs-content":"","ast-featured-img":"","footer-sml-layout":"","theme-transparent-header-meta":"default","adv-header-id-meta":"","stick-header-meta":"","header-above-stick-meta":"","header-main-stick-meta":"","header-below-stick-meta":"","astra-migrate-meta-layouts":"","ast-page-background-enabled":"default","ast-page-background-meta":{"desktop":{"background-color":"var(--ast-global-color-4)","background-image":"","background-repeat":"repeat","background-position":"center center","background-size":"auto","background-attachment":"scroll","background-type":"","background-media":"","overlay-type":"","overlay-color":"","overlay-gradient":""},"tablet":{"background-color":"","background-image":"","background-repeat":"repeat","background-position":"center center","background-size":"auto","background-attachment":"scroll","background-type":"","background-media":"","overlay-type":"","overlay-color":"","overlay-gradient":""},"mobile":{"background-color":"","background-image":"","background-repeat":"repeat","background-position":"center center","background-size":"auto","background-attachment":"scroll","background-type":"","background-media":"","overlay-type":"","overlay-color":"","overlay-gradient":""}},"ast-content-background-meta":{"desktop":{"background-color":"var(--ast-global-color-5)","background-image":"","background-repeat":"repeat","background-position":"center center","background-size":"auto","background-attachment":"scroll","background-type":"","background-media":"","overlay-type":"","overlay-color":"","overlay-gradient":""},"tablet":{"background-color":"var(--ast-global-color-5)","background-image":"","background-repeat":"repeat","background-position":"center center","background-size":"auto","background-attachment":"scroll","background-type":"","background-media":"","overlay-type":"","overlay-color":"","overlay-gradient":""},"mobile":{"background-color":"var(--ast-global-color-5)","background-image":"","background-repeat":"repeat","background-position":"center center","background-size":"auto","background-attachment":"scroll","background-type":"","background-media":"","overlay-type":"","overlay-color":"","overlay-gradient":""}}},"product_cat":[431],"product_tag":[],"code":[264],"class_list":{"0":"post-4818","1":"product","2":"type-product","3":"status-publish","4":"has-post-thumbnail","6":"product_cat-kieferorthopadie","7":"code-09-105-068","8":"desktop-align-left","9":"tablet-align-left","10":"mobile-align-left","12":"first","13":"instock","14":"product-type-simple"},"acf":[],"yoast_head":"<!-- This site is optimized with the Yoast SEO plugin v21.9.1 - https:\/\/yoast.com\/wordpress\/plugins\/seo\/ -->\n<title>Gerade kieferorthop\u00e4dische Zange zum Entfernen von R\u00fcckenbrackets | clovedental.co<\/title>\n<meta name=\"robots\" content=\"index, follow, max-snippet:-1, max-image-preview:large, max-video-preview:-1\" \/>\n<link rel=\"canonical\" href=\"https:\/\/clovedental.co\/de\/produkt\/gerade-kieferorthopaedische-zange-zum-entfernen-von-rueckenbrackets\/\" \/>\n<meta property=\"og:locale\" content=\"de_DE\" \/>\n<meta property=\"og:type\" content=\"article\" \/>\n<meta property=\"og:title\" content=\"Gerade kieferorthop\u00e4dische Zange zum Entfernen von R\u00fcckenbrackets | clovedental.co\" \/>\n<meta property=\"og:description\" content=\"Kieferorthop\u00e4dische Pinzetten sind ein Spezialwerkzeug zum sicheren und schnellen Entfernen von Brackets aus einem Zahn. Zu diesem Zweck ist das Instrument mit einer wei\u00dfen Kunststoffabdeckung ausgestattet, die auf die Zahnoberfl\u00e4che gelegt wird und mit der zweiten Spitze die Basis des Brackets aufgehebelt wird. Ein Druck gen\u00fcgt, um den Rei\u00dfverschluss zu entfernen. Durch die ergonomischen Arme &hellip; Gerade kieferorthop\u00e4dische Zange zum Entfernen von R\u00fcckenbrackets Weiterlesen &raquo;\" \/>\n<meta property=\"og:url\" content=\"https:\/\/clovedental.co\/de\/produkt\/gerade-kieferorthopaedische-zange-zum-entfernen-von-rueckenbrackets\/\" \/>\n<meta property=\"og:site_name\" content=\"clovedental.co\" \/>\n<meta property=\"article:modified_time\" content=\"2024-01-10T08:51:02+00:00\" \/>\n<meta name=\"twitter:card\" content=\"summary_large_image\" \/>\n<meta name=\"twitter:label1\" content=\"Gesch\u00e4tzte Lesezeit\" \/>\n\t<meta name=\"twitter:data1\" content=\"1\u00a0Minute\" \/>\n<script type=\"application\/ld+json\" class=\"yoast-schema-graph\">{\"@context\":\"https:\/\/schema.org\",\"@graph\":[{\"@type\":\"WebPage\",\"@id\":\"https:\/\/clovedental.co\/de\/produkt\/gerade-kieferorthopaedische-zange-zum-entfernen-von-rueckenbrackets\/\",\"url\":\"https:\/\/clovedental.co\/de\/produkt\/gerade-kieferorthopaedische-zange-zum-entfernen-von-rueckenbrackets\/\",\"name\":\"Gerade kieferorthop\u00e4dische Zange zum Entfernen von R\u00fcckenbrackets | clovedental.co\",\"isPartOf\":{\"@id\":\"https:\/\/clovedental.co\/de\/#website\"},\"datePublished\":\"2024-01-10T08:37:55+00:00\",\"dateModified\":\"2024-01-10T08:51:02+00:00\",\"breadcrumb\":{\"@id\":\"https:\/\/clovedental.co\/de\/produkt\/gerade-kieferorthopaedische-zange-zum-entfernen-von-rueckenbrackets\/#breadcrumb\"},\"inLanguage\":\"de\",\"potentialAction\":[{\"@type\":\"ReadAction\",\"target\":[\"https:\/\/clovedental.co\/de\/produkt\/gerade-kieferorthopaedische-zange-zum-entfernen-von-rueckenbrackets\/\"]}]},{\"@type\":\"BreadcrumbList\",\"@id\":\"https:\/\/clovedental.co\/de\/produkt\/gerade-kieferorthopaedische-zange-zum-entfernen-von-rueckenbrackets\/#breadcrumb\",\"itemListElement\":[{\"@type\":\"ListItem\",\"position\":1,\"name\":\"Strona g\u0142\u00f3wna\",\"item\":\"https:\/\/clovedental.co\/de\/\"},{\"@type\":\"ListItem\",\"position\":2,\"name\":\"Shop\",\"item\":\"https:\/\/clovedental.co\/products\/shop\/\"},{\"@type\":\"ListItem\",\"position\":3,\"name\":\"Gerade kieferorthop\u00e4dische Zange zum Entfernen von R\u00fcckenbrackets\"}]},{\"@type\":\"WebSite\",\"@id\":\"https:\/\/clovedental.co\/de\/#website\",\"url\":\"https:\/\/clovedental.co\/de\/\",\"name\":\"Manufacturer of Dental and Surgical Instruments\",\"description\":\"Details are the Key\",\"publisher\":{\"@id\":\"https:\/\/clovedental.co\/de\/#organization\"},\"alternateName\":\"Dental and Surgical Instruments\",\"potentialAction\":[{\"@type\":\"SearchAction\",\"target\":{\"@type\":\"EntryPoint\",\"urlTemplate\":\"https:\/\/clovedental.co\/de\/?s={search_term_string}\"},\"query-input\":\"required name=search_term_string\"}],\"inLanguage\":\"de\"},{\"@type\":\"Organization\",\"@id\":\"https:\/\/clovedental.co\/de\/#organization\",\"name\":\"clovedental.co\",\"alternateName\":\"Clove\",\"url\":\"https:\/\/clovedental.co\/de\/\",\"logo\":{\"@type\":\"ImageObject\",\"inLanguage\":\"de\",\"@id\":\"https:\/\/clovedental.co\/de\/#\/schema\/logo\/image\/\",\"url\":\"https:\/\/clovedental.co\/wp-content\/uploads\/2023\/12\/LOGO_CLOVE.png\",\"contentUrl\":\"https:\/\/clovedental.co\/wp-content\/uploads\/2023\/12\/LOGO_CLOVE.png\",\"width\":1400,\"height\":1400,\"caption\":\"clovedental.co\"},\"image\":{\"@id\":\"https:\/\/clovedental.co\/de\/#\/schema\/logo\/image\/\"}}]}<\/script>\n<!-- \/ Yoast SEO plugin. -->","yoast_head_json":{"title":"Gerade kieferorthop\u00e4dische Zange zum Entfernen von R\u00fcckenbrackets | clovedental.co","robots":{"index":"index","follow":"follow","max-snippet":"max-snippet:-1","max-image-preview":"max-image-preview:large","max-video-preview":"max-video-preview:-1"},"canonical":"https:\/\/clovedental.co\/de\/produkt\/gerade-kieferorthopaedische-zange-zum-entfernen-von-rueckenbrackets\/","og_locale":"de_DE","og_type":"article","og_title":"Gerade kieferorthop\u00e4dische Zange zum Entfernen von R\u00fcckenbrackets | clovedental.co","og_description":"Kieferorthop\u00e4dische Pinzetten sind ein Spezialwerkzeug zum sicheren und schnellen Entfernen von Brackets aus einem Zahn. Zu diesem Zweck ist das Instrument mit einer wei\u00dfen Kunststoffabdeckung ausgestattet, die auf die Zahnoberfl\u00e4che gelegt wird und mit der zweiten Spitze die Basis des Brackets aufgehebelt wird. Ein Druck gen\u00fcgt, um den Rei\u00dfverschluss zu entfernen. Durch die ergonomischen Arme &hellip; Gerade kieferorthop\u00e4dische Zange zum Entfernen von R\u00fcckenbrackets Weiterlesen &raquo;","og_url":"https:\/\/clovedental.co\/de\/produkt\/gerade-kieferorthopaedische-zange-zum-entfernen-von-rueckenbrackets\/","og_site_name":"clovedental.co","article_modified_time":"2024-01-10T08:51:02+00:00","twitter_card":"summary_large_image","twitter_misc":{"Gesch\u00e4tzte Lesezeit":"1\u00a0Minute"},"schema":{"@context":"https:\/\/schema.org","@graph":[{"@type":"WebPage","@id":"https:\/\/clovedental.co\/de\/produkt\/gerade-kieferorthopaedische-zange-zum-entfernen-von-rueckenbrackets\/","url":"https:\/\/clovedental.co\/de\/produkt\/gerade-kieferorthopaedische-zange-zum-entfernen-von-rueckenbrackets\/","name":"Gerade kieferorthop\u00e4dische Zange zum Entfernen von R\u00fcckenbrackets | clovedental.co","isPartOf":{"@id":"https:\/\/clovedental.co\/de\/#website"},"datePublished":"2024-01-10T08:37:55+00:00","dateModified":"2024-01-10T08:51:02+00:00","breadcrumb":{"@id":"https:\/\/clovedental.co\/de\/produkt\/gerade-kieferorthopaedische-zange-zum-entfernen-von-rueckenbrackets\/#breadcrumb"},"inLanguage":"de","potentialAction":[{"@type":"ReadAction","target":["https:\/\/clovedental.co\/de\/produkt\/gerade-kieferorthopaedische-zange-zum-entfernen-von-rueckenbrackets\/"]}]},{"@type":"BreadcrumbList","@id":"https:\/\/clovedental.co\/de\/produkt\/gerade-kieferorthopaedische-zange-zum-entfernen-von-rueckenbrackets\/#breadcrumb","itemListElement":[{"@type":"ListItem","position":1,"name":"Strona g\u0142\u00f3wna","item":"https:\/\/clovedental.co\/de\/"},{"@type":"ListItem","position":2,"name":"Shop","item":"https:\/\/clovedental.co\/products\/shop\/"},{"@type":"ListItem","position":3,"name":"Gerade kieferorthop\u00e4dische Zange zum Entfernen von R\u00fcckenbrackets"}]},{"@type":"WebSite","@id":"https:\/\/clovedental.co\/de\/#website","url":"https:\/\/clovedental.co\/de\/","name":"Manufacturer of Dental and Surgical Instruments","description":"Details are the Key","publisher":{"@id":"https:\/\/clovedental.co\/de\/#organization"},"alternateName":"Dental and Surgical Instruments","potentialAction":[{"@type":"SearchAction","target":{"@type":"EntryPoint","urlTemplate":"https:\/\/clovedental.co\/de\/?s={search_term_string}"},"query-input":"required name=search_term_string"}],"inLanguage":"de"},{"@type":"Organization","@id":"https:\/\/clovedental.co\/de\/#organization","name":"clovedental.co","alternateName":"Clove","url":"https:\/\/clovedental.co\/de\/","logo":{"@type":"ImageObject","inLanguage":"de","@id":"https:\/\/clovedental.co\/de\/#\/schema\/logo\/image\/","url":"https:\/\/clovedental.co\/wp-content\/uploads\/2023\/12\/LOGO_CLOVE.png","contentUrl":"https:\/\/clovedental.co\/wp-content\/uploads\/2023\/12\/LOGO_CLOVE.png","width":1400,"height":1400,"caption":"clovedental.co"},"image":{"@id":"https:\/\/clovedental.co\/de\/#\/schema\/logo\/image\/"}}]}},"_links":{"self":[{"href":"https:\/\/clovedental.co\/de\/wp-json\/wp\/v2\/product\/4818","targetHints":{"allow":["GET"]}}],"collection":[{"href":"https:\/\/clovedental.co\/de\/wp-json\/wp\/v2\/product"}],"about":[{"href":"https:\/\/clovedental.co\/de\/wp-json\/wp\/v2\/types\/product"}],"wp:featuredmedia":[{"embeddable":true,"href":"https:\/\/clovedental.co\/de\/wp-json\/wp\/v2\/media\/5762"}],"wp:attachment":[{"href":"https:\/\/clovedental.co\/de\/wp-json\/wp\/v2\/media?parent=4818"}],"wp:term":[{"taxonomy":"product_cat","embeddable":true,"href":"https:\/\/clovedental.co\/de\/wp-json\/wp\/v2\/product_cat?post=4818"},{"taxonomy":"product_tag","embeddable":true,"href":"https:\/\/clovedental.co\/de\/wp-json\/wp\/v2\/product_tag?post=4818"},{"taxonomy":"code","embeddable":true,"href":"https:\/\/clovedental.co\/de\/wp-json\/wp\/v2\/code?post=4818"}],"curies":[{"name":"wp","href":"https:\/\/api.w.org\/{rel}","templated":true}]}}