{"id":4821,"date":"2024-01-10T08:38:05","date_gmt":"2024-01-10T08:38:05","guid":{"rendered":"https:\/\/clovedental.co\/product\/kieferorthopaedische-pinzette-zum-entfernen-von-kronen-gebogen-mit-adstringierendem-gummi\/"},"modified":"2024-01-10T08:51:06","modified_gmt":"2024-01-10T08:51:06","slug":"kieferorthopaedische-pinzette-zum-entfernen-von-kronen-gebogen-mit-adstringierendem-gummi","status":"publish","type":"product","link":"https:\/\/clovedental.co\/de\/produkt\/kieferorthopaedische-pinzette-zum-entfernen-von-kronen-gebogen-mit-adstringierendem-gummi\/","title":{"rendered":"Kieferorthop\u00e4dische Pinzette zum Entfernen von Kronen, gebogen mit adstringierendem Gummi"},"content":{"rendered":"<p><span style=\"font-family:arial, helvetica, sans-serif;font-size:10pt;\"><span style=\"text-decoration:underline;\">Zahnzange<\/span> bestimmt f\u00fcr < em >zur Kronenentfernung<\/em> mit gebogener Spitze und Gummiabstreifern. <strong>Kronenentfernungszange<\/strong>, ausgestattet mit einer Schraube, mit der Sie die Klemme einstellen k\u00f6nnen. Das Produkt wurde unter Ber\u00fccksichtigung der Ergonomie entwickelt, was einen hohen Bedienkomfort unter verschiedenen Bedingungen und in verschiedenen Winkeln gew\u00e4hrleistet. Geriffelte Griffe sorgen f\u00fcr festen Halt und Stabilit\u00e4t bei der Behandlung. F\u00fcr die Herstellung der Zange wurde hochwertiger, zertifizierter japanischer Stahl (AISI 420) verwendet.<\/span><\/p>\n<p><\/br><\/p>\n<h1><span style=\"font-family:arial, helvetica, sans-serif; Schriftgr\u00f6\u00dfe: 10pt;\"><strong>Parameter der Zahnzange zur Kronenentfernung<\/strong><\/span><\/h1>\n<p><\/br><\/p>\n<ul><\/br><\/p>\n<li><span style=\"font -family: arial, helvetica, sans-serif;font-size:10pt;\">Spitze: Gebogen, abgeschlossen mit elastischen B\u00e4ndern (austauschbar)<\/span><\/li>\n<p><\/br><\/p>\n<li><span style=\" Schriftfamilie: Arial, Helvetica, Sans-Serif;Schriftgr\u00f6\u00dfe:10pt;\">Griff: gerillt, ausgestattet mit einer Klemmeinstellschraube<\/span><\/li>\n<p><\/br><\/p>\n<li><span style=\" Schriftfamilie:Arial, Helvetica, Sans-Serif;Schriftgr\u00f6\u00dfe:10pt;\">L\u00e4nge: 15 cm<\/span><\/li>\n<p><\/br><\/p>\n<li><span style=\"Schriftfamilie:Arial, Helvetica , sans-serif; font-size:10pt;\">Wiederverwendbares Produkt<\/span><\/li>\n<p><\/br><\/p>\n<li><span style=\"font-family:arial, helvetica, sans-serif;font-size :10pt;\" >Nicht steriles Produkt<\/span><\/li>\n<p><\/br><\/ul>\n<p><\/br><\/p>\n<h2><span style=\"font-family:arial, helvetica, sans-serif;font -size:10pt;\" ><strong>Vorteile der Verwendung einer Pinzette zum Entfernen von Kronen<\/strong><\/span><\/h2>\n<p><\/br><\/p>\n<ul><\/br><\/p>\n<li><span style=\"font- family:arial, helvetica, sans -serif;font-size:10pt;\">Die entsprechend profilierte Spitze der Pinzette erm\u00f6glicht die Durchf\u00fchrung von Behandlungen in verschiedenen Winkeln<\/span><\/li>\n<p><\/br><\/p>\n<li><span style=\"font-family:arial, helvetica, sans-serif;font-size:10pt;\">Gerillter Griff sorgt f\u00fcr sicheren Halt unter verschiedenen Bedingungen<\/span><\/li>\n<p><\/br><\/p>\n<li><span-Stil =\"font-family:arial, helvetica, sans-serif;font-size:10pt;\">Die Verwendung von hochwertigem japanischem Edelstahl sorgt f\u00fcr Korrosionsschutzeigenschaften, sodass das Produkt gem\u00e4\u00df den Herstellerangaben desinfiziert und sterilisiert werden kann Empfehlungen<\/span><\/li>\n<p><\/br><\/p>\n<li><span style= \"font-family:arial, helvetica, sans-serif;font-size: \n<br \/>\n","protected":false},"excerpt":{"rendered":"<p>Zahnzange bestimmt f\u00fcr < em >zur Kronenentfernung mit gebogener Spitze und Gummiabstreifern. Kronenentfernungszange, ausgestattet mit einer Schraube, mit der Sie die Klemme einstellen k\u00f6nnen. Das Produkt wurde unter Ber\u00fccksichtigung der Ergonomie entwickelt, was einen hohen Bedienkomfort unter verschiedenen Bedingungen und in verschiedenen Winkeln gew\u00e4hrleistet. Geriffelte Griffe sorgen f\u00fcr festen Halt und Stabilit\u00e4t bei der Behandlung. &hellip;<\/p>\n<p class=\"read-more\"> <a class=\"\" href=\"https:\/\/clovedental.co\/de\/produkt\/kieferorthopaedische-pinzette-zum-entfernen-von-kronen-gebogen-mit-adstringierendem-gummi\/\"> <span class=\"screen-reader-text\">Kieferorthop\u00e4dische Pinzette zum Entfernen von Kronen, gebogen mit adstringierendem Gummi<\/span> Weiterlesen &raquo;<\/a><\/p>\n","protected":false},"featured_media":5885,"template":"","meta":{"site-sidebar-layout":"default","site-content-layout":"","ast-site-content-layout":"default","site-content-style":"default","site-sidebar-style":"default","ast-global-header-display":"","ast-banner-title-visibility":"","ast-main-header-display":"","ast-hfb-above-header-display":"","ast-hfb-below-header-display":"","ast-hfb-mobile-header-display":"","site-post-title":"","ast-breadcrumbs-content":"","ast-featured-img":"","footer-sml-layout":"","theme-transparent-header-meta":"default","adv-header-id-meta":"","stick-header-meta":"","header-above-stick-meta":"","header-main-stick-meta":"","header-below-stick-meta":"","astra-migrate-meta-layouts":"","ast-page-background-enabled":"default","ast-page-background-meta":{"desktop":{"background-color":"var(--ast-global-color-4)","background-image":"","background-repeat":"repeat","background-position":"center center","background-size":"auto","background-attachment":"scroll","background-type":"","background-media":"","overlay-type":"","overlay-color":"","overlay-gradient":""},"tablet":{"background-color":"","background-image":"","background-repeat":"repeat","background-position":"center center","background-size":"auto","background-attachment":"scroll","background-type":"","background-media":"","overlay-type":"","overlay-color":"","overlay-gradient":""},"mobile":{"background-color":"","background-image":"","background-repeat":"repeat","background-position":"center center","background-size":"auto","background-attachment":"scroll","background-type":"","background-media":"","overlay-type":"","overlay-color":"","overlay-gradient":""}},"ast-content-background-meta":{"desktop":{"background-color":"var(--ast-global-color-5)","background-image":"","background-repeat":"repeat","background-position":"center center","background-size":"auto","background-attachment":"scroll","background-type":"","background-media":"","overlay-type":"","overlay-color":"","overlay-gradient":""},"tablet":{"background-color":"var(--ast-global-color-5)","background-image":"","background-repeat":"repeat","background-position":"center center","background-size":"auto","background-attachment":"scroll","background-type":"","background-media":"","overlay-type":"","overlay-color":"","overlay-gradient":""},"mobile":{"background-color":"var(--ast-global-color-5)","background-image":"","background-repeat":"repeat","background-position":"center center","background-size":"auto","background-attachment":"scroll","background-type":"","background-media":"","overlay-type":"","overlay-color":"","overlay-gradient":""}}},"product_cat":[431],"product_tag":[],"code":[271],"class_list":{"0":"post-4821","1":"product","2":"type-product","3":"status-publish","4":"has-post-thumbnail","6":"product_cat-kieferorthopadie","7":"code-09-100-327","8":"desktop-align-left","9":"tablet-align-left","10":"mobile-align-left","12":"first","13":"instock","14":"product-type-simple"},"acf":[],"yoast_head":"<!-- This site is optimized with the Yoast SEO plugin v21.9.1 - https:\/\/yoast.com\/wordpress\/plugins\/seo\/ -->\n<title>Kieferorthop\u00e4dische Pinzette zum Entfernen von Kronen, gebogen mit adstringierendem Gummi | clovedental.co<\/title>\n<meta name=\"robots\" content=\"index, follow, max-snippet:-1, max-image-preview:large, max-video-preview:-1\" \/>\n<link rel=\"canonical\" href=\"https:\/\/clovedental.co\/de\/produkt\/kieferorthopaedische-pinzette-zum-entfernen-von-kronen-gebogen-mit-adstringierendem-gummi\/\" \/>\n<meta property=\"og:locale\" content=\"de_DE\" \/>\n<meta property=\"og:type\" content=\"article\" \/>\n<meta property=\"og:title\" content=\"Kieferorthop\u00e4dische Pinzette zum Entfernen von Kronen, gebogen mit adstringierendem Gummi | clovedental.co\" \/>\n<meta property=\"og:description\" content=\"Zahnzange bestimmt f\u00fcr &lt; em &gt;zur Kronenentfernung mit gebogener Spitze und Gummiabstreifern. Kronenentfernungszange, ausgestattet mit einer Schraube, mit der Sie die Klemme einstellen k\u00f6nnen. Das Produkt wurde unter Ber\u00fccksichtigung der Ergonomie entwickelt, was einen hohen Bedienkomfort unter verschiedenen Bedingungen und in verschiedenen Winkeln gew\u00e4hrleistet. Geriffelte Griffe sorgen f\u00fcr festen Halt und Stabilit\u00e4t bei der Behandlung. &hellip; Kieferorthop\u00e4dische Pinzette zum Entfernen von Kronen, gebogen mit adstringierendem Gummi Weiterlesen &raquo;\" \/>\n<meta property=\"og:url\" content=\"https:\/\/clovedental.co\/de\/produkt\/kieferorthopaedische-pinzette-zum-entfernen-von-kronen-gebogen-mit-adstringierendem-gummi\/\" \/>\n<meta property=\"og:site_name\" content=\"clovedental.co\" \/>\n<meta property=\"article:modified_time\" content=\"2024-01-10T08:51:06+00:00\" \/>\n<meta property=\"og:image\" content=\"http:\/\/clovedental.co\/wp-content\/uploads\/2024\/01\/3b4edb00-9fcb-440d-aed9-5e5a972c072b.jpeg\" \/>\n\t<meta property=\"og:image:width\" content=\"1200\" \/>\n\t<meta property=\"og:image:height\" content=\"1200\" \/>\n\t<meta property=\"og:image:type\" content=\"image\/jpeg\" \/>\n<meta name=\"twitter:card\" content=\"summary_large_image\" \/>\n<meta name=\"twitter:label1\" content=\"Gesch\u00e4tzte Lesezeit\" \/>\n\t<meta name=\"twitter:data1\" content=\"1\u00a0Minute\" \/>\n<script type=\"application\/ld+json\" class=\"yoast-schema-graph\">{\"@context\":\"https:\/\/schema.org\",\"@graph\":[{\"@type\":\"WebPage\",\"@id\":\"https:\/\/clovedental.co\/de\/produkt\/kieferorthopaedische-pinzette-zum-entfernen-von-kronen-gebogen-mit-adstringierendem-gummi\/\",\"url\":\"https:\/\/clovedental.co\/de\/produkt\/kieferorthopaedische-pinzette-zum-entfernen-von-kronen-gebogen-mit-adstringierendem-gummi\/\",\"name\":\"Kieferorthop\u00e4dische Pinzette zum Entfernen von Kronen, gebogen mit adstringierendem Gummi | clovedental.co\",\"isPartOf\":{\"@id\":\"https:\/\/clovedental.co\/de\/#website\"},\"datePublished\":\"2024-01-10T08:38:05+00:00\",\"dateModified\":\"2024-01-10T08:51:06+00:00\",\"breadcrumb\":{\"@id\":\"https:\/\/clovedental.co\/de\/produkt\/kieferorthopaedische-pinzette-zum-entfernen-von-kronen-gebogen-mit-adstringierendem-gummi\/#breadcrumb\"},\"inLanguage\":\"de\",\"potentialAction\":[{\"@type\":\"ReadAction\",\"target\":[\"https:\/\/clovedental.co\/de\/produkt\/kieferorthopaedische-pinzette-zum-entfernen-von-kronen-gebogen-mit-adstringierendem-gummi\/\"]}]},{\"@type\":\"BreadcrumbList\",\"@id\":\"https:\/\/clovedental.co\/de\/produkt\/kieferorthopaedische-pinzette-zum-entfernen-von-kronen-gebogen-mit-adstringierendem-gummi\/#breadcrumb\",\"itemListElement\":[{\"@type\":\"ListItem\",\"position\":1,\"name\":\"Strona g\u0142\u00f3wna\",\"item\":\"https:\/\/clovedental.co\/de\/\"},{\"@type\":\"ListItem\",\"position\":2,\"name\":\"Shop\",\"item\":\"https:\/\/clovedental.co\/products\/shop\/\"},{\"@type\":\"ListItem\",\"position\":3,\"name\":\"Kieferorthop\u00e4dische Pinzette zum Entfernen von Kronen, gebogen mit adstringierendem Gummi\"}]},{\"@type\":\"WebSite\",\"@id\":\"https:\/\/clovedental.co\/de\/#website\",\"url\":\"https:\/\/clovedental.co\/de\/\",\"name\":\"Manufacturer of Dental and Surgical Instruments\",\"description\":\"Details are the Key\",\"publisher\":{\"@id\":\"https:\/\/clovedental.co\/de\/#organization\"},\"alternateName\":\"Dental and Surgical Instruments\",\"potentialAction\":[{\"@type\":\"SearchAction\",\"target\":{\"@type\":\"EntryPoint\",\"urlTemplate\":\"https:\/\/clovedental.co\/de\/?s={search_term_string}\"},\"query-input\":\"required name=search_term_string\"}],\"inLanguage\":\"de\"},{\"@type\":\"Organization\",\"@id\":\"https:\/\/clovedental.co\/de\/#organization\",\"name\":\"clovedental.co\",\"alternateName\":\"Clove\",\"url\":\"https:\/\/clovedental.co\/de\/\",\"logo\":{\"@type\":\"ImageObject\",\"inLanguage\":\"de\",\"@id\":\"https:\/\/clovedental.co\/de\/#\/schema\/logo\/image\/\",\"url\":\"https:\/\/clovedental.co\/wp-content\/uploads\/2023\/12\/LOGO_CLOVE.png\",\"contentUrl\":\"https:\/\/clovedental.co\/wp-content\/uploads\/2023\/12\/LOGO_CLOVE.png\",\"width\":1400,\"height\":1400,\"caption\":\"clovedental.co\"},\"image\":{\"@id\":\"https:\/\/clovedental.co\/de\/#\/schema\/logo\/image\/\"}}]}<\/script>\n<!-- \/ Yoast SEO plugin. -->","yoast_head_json":{"title":"Kieferorthop\u00e4dische Pinzette zum Entfernen von Kronen, gebogen mit adstringierendem Gummi | clovedental.co","robots":{"index":"index","follow":"follow","max-snippet":"max-snippet:-1","max-image-preview":"max-image-preview:large","max-video-preview":"max-video-preview:-1"},"canonical":"https:\/\/clovedental.co\/de\/produkt\/kieferorthopaedische-pinzette-zum-entfernen-von-kronen-gebogen-mit-adstringierendem-gummi\/","og_locale":"de_DE","og_type":"article","og_title":"Kieferorthop\u00e4dische Pinzette zum Entfernen von Kronen, gebogen mit adstringierendem Gummi | clovedental.co","og_description":"Zahnzange bestimmt f\u00fcr < em >zur Kronenentfernung mit gebogener Spitze und Gummiabstreifern. Kronenentfernungszange, ausgestattet mit einer Schraube, mit der Sie die Klemme einstellen k\u00f6nnen. Das Produkt wurde unter Ber\u00fccksichtigung der Ergonomie entwickelt, was einen hohen Bedienkomfort unter verschiedenen Bedingungen und in verschiedenen Winkeln gew\u00e4hrleistet. Geriffelte Griffe sorgen f\u00fcr festen Halt und Stabilit\u00e4t bei der Behandlung. &hellip; Kieferorthop\u00e4dische Pinzette zum Entfernen von Kronen, gebogen mit adstringierendem Gummi Weiterlesen &raquo;","og_url":"https:\/\/clovedental.co\/de\/produkt\/kieferorthopaedische-pinzette-zum-entfernen-von-kronen-gebogen-mit-adstringierendem-gummi\/","og_site_name":"clovedental.co","article_modified_time":"2024-01-10T08:51:06+00:00","og_image":[{"width":1200,"height":1200,"url":"http:\/\/clovedental.co\/wp-content\/uploads\/2024\/01\/3b4edb00-9fcb-440d-aed9-5e5a972c072b.jpeg","type":"image\/jpeg"}],"twitter_card":"summary_large_image","twitter_misc":{"Gesch\u00e4tzte Lesezeit":"1\u00a0Minute"},"schema":{"@context":"https:\/\/schema.org","@graph":[{"@type":"WebPage","@id":"https:\/\/clovedental.co\/de\/produkt\/kieferorthopaedische-pinzette-zum-entfernen-von-kronen-gebogen-mit-adstringierendem-gummi\/","url":"https:\/\/clovedental.co\/de\/produkt\/kieferorthopaedische-pinzette-zum-entfernen-von-kronen-gebogen-mit-adstringierendem-gummi\/","name":"Kieferorthop\u00e4dische Pinzette zum Entfernen von Kronen, gebogen mit adstringierendem Gummi | clovedental.co","isPartOf":{"@id":"https:\/\/clovedental.co\/de\/#website"},"datePublished":"2024-01-10T08:38:05+00:00","dateModified":"2024-01-10T08:51:06+00:00","breadcrumb":{"@id":"https:\/\/clovedental.co\/de\/produkt\/kieferorthopaedische-pinzette-zum-entfernen-von-kronen-gebogen-mit-adstringierendem-gummi\/#breadcrumb"},"inLanguage":"de","potentialAction":[{"@type":"ReadAction","target":["https:\/\/clovedental.co\/de\/produkt\/kieferorthopaedische-pinzette-zum-entfernen-von-kronen-gebogen-mit-adstringierendem-gummi\/"]}]},{"@type":"BreadcrumbList","@id":"https:\/\/clovedental.co\/de\/produkt\/kieferorthopaedische-pinzette-zum-entfernen-von-kronen-gebogen-mit-adstringierendem-gummi\/#breadcrumb","itemListElement":[{"@type":"ListItem","position":1,"name":"Strona g\u0142\u00f3wna","item":"https:\/\/clovedental.co\/de\/"},{"@type":"ListItem","position":2,"name":"Shop","item":"https:\/\/clovedental.co\/products\/shop\/"},{"@type":"ListItem","position":3,"name":"Kieferorthop\u00e4dische Pinzette zum Entfernen von Kronen, gebogen mit adstringierendem Gummi"}]},{"@type":"WebSite","@id":"https:\/\/clovedental.co\/de\/#website","url":"https:\/\/clovedental.co\/de\/","name":"Manufacturer of Dental and Surgical Instruments","description":"Details are the Key","publisher":{"@id":"https:\/\/clovedental.co\/de\/#organization"},"alternateName":"Dental and Surgical Instruments","potentialAction":[{"@type":"SearchAction","target":{"@type":"EntryPoint","urlTemplate":"https:\/\/clovedental.co\/de\/?s={search_term_string}"},"query-input":"required name=search_term_string"}],"inLanguage":"de"},{"@type":"Organization","@id":"https:\/\/clovedental.co\/de\/#organization","name":"clovedental.co","alternateName":"Clove","url":"https:\/\/clovedental.co\/de\/","logo":{"@type":"ImageObject","inLanguage":"de","@id":"https:\/\/clovedental.co\/de\/#\/schema\/logo\/image\/","url":"https:\/\/clovedental.co\/wp-content\/uploads\/2023\/12\/LOGO_CLOVE.png","contentUrl":"https:\/\/clovedental.co\/wp-content\/uploads\/2023\/12\/LOGO_CLOVE.png","width":1400,"height":1400,"caption":"clovedental.co"},"image":{"@id":"https:\/\/clovedental.co\/de\/#\/schema\/logo\/image\/"}}]}},"_links":{"self":[{"href":"https:\/\/clovedental.co\/de\/wp-json\/wp\/v2\/product\/4821","targetHints":{"allow":["GET"]}}],"collection":[{"href":"https:\/\/clovedental.co\/de\/wp-json\/wp\/v2\/product"}],"about":[{"href":"https:\/\/clovedental.co\/de\/wp-json\/wp\/v2\/types\/product"}],"wp:featuredmedia":[{"embeddable":true,"href":"https:\/\/clovedental.co\/de\/wp-json\/wp\/v2\/media\/5885"}],"wp:attachment":[{"href":"https:\/\/clovedental.co\/de\/wp-json\/wp\/v2\/media?parent=4821"}],"wp:term":[{"taxonomy":"product_cat","embeddable":true,"href":"https:\/\/clovedental.co\/de\/wp-json\/wp\/v2\/product_cat?post=4821"},{"taxonomy":"product_tag","embeddable":true,"href":"https:\/\/clovedental.co\/de\/wp-json\/wp\/v2\/product_tag?post=4821"},{"taxonomy":"code","embeddable":true,"href":"https:\/\/clovedental.co\/de\/wp-json\/wp\/v2\/code?post=4821"}],"curies":[{"name":"wp","href":"https:\/\/api.w.org\/{rel}","templated":true}]}}