{"id":4822,"date":"2024-01-10T08:38:05","date_gmt":"2024-01-10T08:38:05","guid":{"rendered":"https:\/\/clovedental.co\/product\/beebee-schere-zum-schneiden-von-kronen-und-draht-gebogen-125-cm-tc\/"},"modified":"2024-01-10T08:51:06","modified_gmt":"2024-01-10T08:51:06","slug":"beebee-schere-zum-schneiden-von-kronen-und-draht-gebogen-125-cm-tc","status":"publish","type":"product","link":"https:\/\/clovedental.co\/de\/produkt\/beebee-schere-zum-schneiden-von-kronen-und-draht-gebogen-125-cm-tc\/","title":{"rendered":"BeeBee \u00ae Schere zum Schneiden von Kronen und Draht, gebogen 12,5 cm TC"},"content":{"rendered":"<p><span style=\"font-family:arial, helvetica, sans-serif;font-size:10pt;\"><em>Chirurgische Scheren<\/em> mit Mikroschliff vom Typ BeeBee\u00ae werden haupts\u00e4chlich zum Schneiden harter Schnitte verwendet Gewebe w\u00e4hrend kieferorthop\u00e4discher und zahn\u00e4rztlicher Eingriffe. Dank einer speziell geformten Spitze eignet sich die Schere auch zum Schneiden d\u00fcnner Dr\u00e4hte und Platten. Zus\u00e4tzlich wurde es mit Wolframcarbid verst\u00e4rkt, was eine lange Lebensdauer und Pr\u00e4zision im Einsatz garantiert. F\u00fcr die Herstellung der Premium-Variante wurden zertifizierte Eins\u00e4tze aus japanischem Edelstahl (AISI 420) und gesintertem Hartmetall (TC) verwendet. Eine Schere, die unter Ber\u00fccksichtigung der Ergonomie entwickelt wurde und eine komfortable Handhabung gew\u00e4hrleistet.<\/span><\/p>\n<p><\/br><\/p>\n<h1><span style=\"font-family:arial, helvetica, sans-serif;font-size:10pt; \"> <strong>Parameter der BeeBee\u00ae Kronenschneideschere<\/strong><\/span><\/h1>\n<p><\/br><\/p>\n<ul><\/br><\/p>\n<li><span style=\"font-family:arial, helvetica , sans -serif;font-size:10pt;\">Spitze: BeeBee\u00ae, gebogen, gezahnt, profiliert zum Schneiden von Draht<\/span><\/li>\n<p><\/br><\/p>\n<li><span style=\"font- Familie: Arial, Helvetica, Sans-Serif;font-size:10pt;\">L\u00e4nge: 12,5 cm<\/span><\/li>\n<p><\/br><\/p>\n<li><span style=\"font-family:arial, helvetica, sans -serif;font-size:10pt;\">Wiederverwendbares Produkt<\/span><\/li>\n<p><\/br><\/p>\n<li><span style=\"font-family:arial, helvetica, sans-serif;font-size: 10pt;\">Nicht steriles Produkt<\/span><\/li>\n<p><\/br><\/ul>\n<p><\/br><\/p>\n<h2><span style=\"font-family:arial, helvetica, sans-serif;font- Gr\u00f6\u00dfe: 10pt;\"><strong>Nutzungsvorteile<\/strong><\/span><\/h2>\n<p><\/br><\/p>\n<ul><\/br><\/p>\n<li><span style=\"font-family:arial, helvetica , serifenlos;font-size:10pt;\">Vielseitigkeit der Schere \u2013 geeignet zum Schneiden von hartem Gewebe, Dr\u00e4hten und Platten<\/span><\/li>\n<p><\/br><\/p>\n<li><span style=\"font-family: arial, helvetica, sans-serif;font-size:10pt;\">Hochwertiger, zertifizierter japanischer Edelstahl bietet hervorragende Korrosionsschutzeigenschaften und erm\u00f6glicht eine Desinfektion und Sterilisation gem\u00e4\u00df den Anweisungen des Herstellers<\/span><\/li>\n<p>< \/br><\/p>\n<li><span style= \"font-family:arial, helvetica, sans-serif;font-size:10pt;\">Die Ergonomie des Produkts erleichtert die Verwendung aus verschiedenen Blickwinkeln und unter verschiedenen Bedingungen<\/ span><\/li>\n<p><\/br><\/ul>\n<p><\/ br><\/p>\n<p><span style=\"font-family:arial, helvetica, sans-serif;font-size:10pt;\">Das Produkt ist zertifiziert Gem\u00e4\u00df ISO9001\/2008, ISO13485\/2003, CE, FDA, AISI 420.<\/ span><\/p>\n","protected":false},"excerpt":{"rendered":"<p>Chirurgische Scheren mit Mikroschliff vom Typ BeeBee\u00ae werden haupts\u00e4chlich zum Schneiden harter Schnitte verwendet Gewebe w\u00e4hrend kieferorthop\u00e4discher und zahn\u00e4rztlicher Eingriffe. Dank einer speziell geformten Spitze eignet sich die Schere auch zum Schneiden d\u00fcnner Dr\u00e4hte und Platten. Zus\u00e4tzlich wurde es mit Wolframcarbid verst\u00e4rkt, was eine lange Lebensdauer und Pr\u00e4zision im Einsatz garantiert. F\u00fcr die Herstellung der &hellip;<\/p>\n<p class=\"read-more\"> <a class=\"\" href=\"https:\/\/clovedental.co\/de\/produkt\/beebee-schere-zum-schneiden-von-kronen-und-draht-gebogen-125-cm-tc\/\"> <span class=\"screen-reader-text\">BeeBee \u00ae Schere zum Schneiden von Kronen und Draht, gebogen 12,5 cm TC<\/span> Weiterlesen &raquo;<\/a><\/p>\n","protected":false},"featured_media":5893,"template":"","meta":{"site-sidebar-layout":"default","site-content-layout":"","ast-site-content-layout":"default","site-content-style":"default","site-sidebar-style":"default","ast-global-header-display":"","ast-banner-title-visibility":"","ast-main-header-display":"","ast-hfb-above-header-display":"","ast-hfb-below-header-display":"","ast-hfb-mobile-header-display":"","site-post-title":"","ast-breadcrumbs-content":"","ast-featured-img":"","footer-sml-layout":"","theme-transparent-header-meta":"default","adv-header-id-meta":"","stick-header-meta":"","header-above-stick-meta":"","header-main-stick-meta":"","header-below-stick-meta":"","astra-migrate-meta-layouts":"","ast-page-background-enabled":"default","ast-page-background-meta":{"desktop":{"background-color":"var(--ast-global-color-4)","background-image":"","background-repeat":"repeat","background-position":"center center","background-size":"auto","background-attachment":"scroll","background-type":"","background-media":"","overlay-type":"","overlay-color":"","overlay-gradient":""},"tablet":{"background-color":"","background-image":"","background-repeat":"repeat","background-position":"center center","background-size":"auto","background-attachment":"scroll","background-type":"","background-media":"","overlay-type":"","overlay-color":"","overlay-gradient":""},"mobile":{"background-color":"","background-image":"","background-repeat":"repeat","background-position":"center center","background-size":"auto","background-attachment":"scroll","background-type":"","background-media":"","overlay-type":"","overlay-color":"","overlay-gradient":""}},"ast-content-background-meta":{"desktop":{"background-color":"var(--ast-global-color-5)","background-image":"","background-repeat":"repeat","background-position":"center center","background-size":"auto","background-attachment":"scroll","background-type":"","background-media":"","overlay-type":"","overlay-color":"","overlay-gradient":""},"tablet":{"background-color":"var(--ast-global-color-5)","background-image":"","background-repeat":"repeat","background-position":"center center","background-size":"auto","background-attachment":"scroll","background-type":"","background-media":"","overlay-type":"","overlay-color":"","overlay-gradient":""},"mobile":{"background-color":"var(--ast-global-color-5)","background-image":"","background-repeat":"repeat","background-position":"center center","background-size":"auto","background-attachment":"scroll","background-type":"","background-media":"","overlay-type":"","overlay-color":"","overlay-gradient":""}}},"product_cat":[431],"product_tag":[],"code":[274],"class_list":{"0":"post-4822","1":"product","2":"type-product","3":"status-publish","4":"has-post-thumbnail","6":"product_cat-kieferorthopadie","7":"code-09-103-101","8":"desktop-align-left","9":"tablet-align-left","10":"mobile-align-left","12":"first","13":"instock","14":"product-type-simple"},"acf":[],"yoast_head":"<!-- This site is optimized with the Yoast SEO plugin v21.9.1 - https:\/\/yoast.com\/wordpress\/plugins\/seo\/ -->\n<title>BeeBee \u00ae Schere zum Schneiden von Kronen und Draht, gebogen 12,5 cm TC | clovedental.co<\/title>\n<meta name=\"robots\" content=\"index, follow, max-snippet:-1, max-image-preview:large, max-video-preview:-1\" \/>\n<link rel=\"canonical\" href=\"https:\/\/clovedental.co\/de\/produkt\/beebee-schere-zum-schneiden-von-kronen-und-draht-gebogen-125-cm-tc\/\" \/>\n<meta property=\"og:locale\" content=\"de_DE\" \/>\n<meta property=\"og:type\" content=\"article\" \/>\n<meta property=\"og:title\" content=\"BeeBee \u00ae Schere zum Schneiden von Kronen und Draht, gebogen 12,5 cm TC | clovedental.co\" \/>\n<meta property=\"og:description\" content=\"Chirurgische Scheren mit Mikroschliff vom Typ BeeBee\u00ae werden haupts\u00e4chlich zum Schneiden harter Schnitte verwendet Gewebe w\u00e4hrend kieferorthop\u00e4discher und zahn\u00e4rztlicher Eingriffe. Dank einer speziell geformten Spitze eignet sich die Schere auch zum Schneiden d\u00fcnner Dr\u00e4hte und Platten. Zus\u00e4tzlich wurde es mit Wolframcarbid verst\u00e4rkt, was eine lange Lebensdauer und Pr\u00e4zision im Einsatz garantiert. F\u00fcr die Herstellung der &hellip; BeeBee \u00ae Schere zum Schneiden von Kronen und Draht, gebogen 12,5 cm TC Weiterlesen &raquo;\" \/>\n<meta property=\"og:url\" content=\"https:\/\/clovedental.co\/de\/produkt\/beebee-schere-zum-schneiden-von-kronen-und-draht-gebogen-125-cm-tc\/\" \/>\n<meta property=\"og:site_name\" content=\"clovedental.co\" \/>\n<meta property=\"article:modified_time\" content=\"2024-01-10T08:51:06+00:00\" \/>\n<meta property=\"og:image\" content=\"http:\/\/clovedental.co\/wp-content\/uploads\/2024\/01\/dc24d3f3-7595-4306-975f-0fba6defc7ce.jpeg\" \/>\n\t<meta property=\"og:image:width\" content=\"1200\" \/>\n\t<meta property=\"og:image:height\" content=\"1200\" \/>\n\t<meta property=\"og:image:type\" content=\"image\/jpeg\" \/>\n<meta name=\"twitter:card\" content=\"summary_large_image\" \/>\n<meta name=\"twitter:label1\" content=\"Gesch\u00e4tzte Lesezeit\" \/>\n\t<meta name=\"twitter:data1\" content=\"1\u00a0Minute\" \/>\n<script type=\"application\/ld+json\" class=\"yoast-schema-graph\">{\"@context\":\"https:\/\/schema.org\",\"@graph\":[{\"@type\":\"WebPage\",\"@id\":\"https:\/\/clovedental.co\/de\/produkt\/beebee-schere-zum-schneiden-von-kronen-und-draht-gebogen-125-cm-tc\/\",\"url\":\"https:\/\/clovedental.co\/de\/produkt\/beebee-schere-zum-schneiden-von-kronen-und-draht-gebogen-125-cm-tc\/\",\"name\":\"BeeBee \u00ae Schere zum Schneiden von Kronen und Draht, gebogen 12,5 cm TC | clovedental.co\",\"isPartOf\":{\"@id\":\"https:\/\/clovedental.co\/de\/#website\"},\"datePublished\":\"2024-01-10T08:38:05+00:00\",\"dateModified\":\"2024-01-10T08:51:06+00:00\",\"breadcrumb\":{\"@id\":\"https:\/\/clovedental.co\/de\/produkt\/beebee-schere-zum-schneiden-von-kronen-und-draht-gebogen-125-cm-tc\/#breadcrumb\"},\"inLanguage\":\"de\",\"potentialAction\":[{\"@type\":\"ReadAction\",\"target\":[\"https:\/\/clovedental.co\/de\/produkt\/beebee-schere-zum-schneiden-von-kronen-und-draht-gebogen-125-cm-tc\/\"]}]},{\"@type\":\"BreadcrumbList\",\"@id\":\"https:\/\/clovedental.co\/de\/produkt\/beebee-schere-zum-schneiden-von-kronen-und-draht-gebogen-125-cm-tc\/#breadcrumb\",\"itemListElement\":[{\"@type\":\"ListItem\",\"position\":1,\"name\":\"Strona g\u0142\u00f3wna\",\"item\":\"https:\/\/clovedental.co\/de\/\"},{\"@type\":\"ListItem\",\"position\":2,\"name\":\"Shop\",\"item\":\"https:\/\/clovedental.co\/products\/shop\/\"},{\"@type\":\"ListItem\",\"position\":3,\"name\":\"BeeBee \u00ae Schere zum Schneiden von Kronen und Draht, gebogen 12,5 cm TC\"}]},{\"@type\":\"WebSite\",\"@id\":\"https:\/\/clovedental.co\/de\/#website\",\"url\":\"https:\/\/clovedental.co\/de\/\",\"name\":\"Manufacturer of Dental and Surgical Instruments\",\"description\":\"Details are the Key\",\"publisher\":{\"@id\":\"https:\/\/clovedental.co\/de\/#organization\"},\"alternateName\":\"Dental and Surgical Instruments\",\"potentialAction\":[{\"@type\":\"SearchAction\",\"target\":{\"@type\":\"EntryPoint\",\"urlTemplate\":\"https:\/\/clovedental.co\/de\/?s={search_term_string}\"},\"query-input\":\"required name=search_term_string\"}],\"inLanguage\":\"de\"},{\"@type\":\"Organization\",\"@id\":\"https:\/\/clovedental.co\/de\/#organization\",\"name\":\"clovedental.co\",\"alternateName\":\"Clove\",\"url\":\"https:\/\/clovedental.co\/de\/\",\"logo\":{\"@type\":\"ImageObject\",\"inLanguage\":\"de\",\"@id\":\"https:\/\/clovedental.co\/de\/#\/schema\/logo\/image\/\",\"url\":\"https:\/\/clovedental.co\/wp-content\/uploads\/2023\/12\/LOGO_CLOVE.png\",\"contentUrl\":\"https:\/\/clovedental.co\/wp-content\/uploads\/2023\/12\/LOGO_CLOVE.png\",\"width\":1400,\"height\":1400,\"caption\":\"clovedental.co\"},\"image\":{\"@id\":\"https:\/\/clovedental.co\/de\/#\/schema\/logo\/image\/\"}}]}<\/script>\n<!-- \/ Yoast SEO plugin. -->","yoast_head_json":{"title":"BeeBee \u00ae Schere zum Schneiden von Kronen und Draht, gebogen 12,5 cm TC | clovedental.co","robots":{"index":"index","follow":"follow","max-snippet":"max-snippet:-1","max-image-preview":"max-image-preview:large","max-video-preview":"max-video-preview:-1"},"canonical":"https:\/\/clovedental.co\/de\/produkt\/beebee-schere-zum-schneiden-von-kronen-und-draht-gebogen-125-cm-tc\/","og_locale":"de_DE","og_type":"article","og_title":"BeeBee \u00ae Schere zum Schneiden von Kronen und Draht, gebogen 12,5 cm TC | clovedental.co","og_description":"Chirurgische Scheren mit Mikroschliff vom Typ BeeBee\u00ae werden haupts\u00e4chlich zum Schneiden harter Schnitte verwendet Gewebe w\u00e4hrend kieferorthop\u00e4discher und zahn\u00e4rztlicher Eingriffe. Dank einer speziell geformten Spitze eignet sich die Schere auch zum Schneiden d\u00fcnner Dr\u00e4hte und Platten. Zus\u00e4tzlich wurde es mit Wolframcarbid verst\u00e4rkt, was eine lange Lebensdauer und Pr\u00e4zision im Einsatz garantiert. F\u00fcr die Herstellung der &hellip; BeeBee \u00ae Schere zum Schneiden von Kronen und Draht, gebogen 12,5 cm TC Weiterlesen &raquo;","og_url":"https:\/\/clovedental.co\/de\/produkt\/beebee-schere-zum-schneiden-von-kronen-und-draht-gebogen-125-cm-tc\/","og_site_name":"clovedental.co","article_modified_time":"2024-01-10T08:51:06+00:00","og_image":[{"width":1200,"height":1200,"url":"http:\/\/clovedental.co\/wp-content\/uploads\/2024\/01\/dc24d3f3-7595-4306-975f-0fba6defc7ce.jpeg","type":"image\/jpeg"}],"twitter_card":"summary_large_image","twitter_misc":{"Gesch\u00e4tzte Lesezeit":"1\u00a0Minute"},"schema":{"@context":"https:\/\/schema.org","@graph":[{"@type":"WebPage","@id":"https:\/\/clovedental.co\/de\/produkt\/beebee-schere-zum-schneiden-von-kronen-und-draht-gebogen-125-cm-tc\/","url":"https:\/\/clovedental.co\/de\/produkt\/beebee-schere-zum-schneiden-von-kronen-und-draht-gebogen-125-cm-tc\/","name":"BeeBee \u00ae Schere zum Schneiden von Kronen und Draht, gebogen 12,5 cm TC | clovedental.co","isPartOf":{"@id":"https:\/\/clovedental.co\/de\/#website"},"datePublished":"2024-01-10T08:38:05+00:00","dateModified":"2024-01-10T08:51:06+00:00","breadcrumb":{"@id":"https:\/\/clovedental.co\/de\/produkt\/beebee-schere-zum-schneiden-von-kronen-und-draht-gebogen-125-cm-tc\/#breadcrumb"},"inLanguage":"de","potentialAction":[{"@type":"ReadAction","target":["https:\/\/clovedental.co\/de\/produkt\/beebee-schere-zum-schneiden-von-kronen-und-draht-gebogen-125-cm-tc\/"]}]},{"@type":"BreadcrumbList","@id":"https:\/\/clovedental.co\/de\/produkt\/beebee-schere-zum-schneiden-von-kronen-und-draht-gebogen-125-cm-tc\/#breadcrumb","itemListElement":[{"@type":"ListItem","position":1,"name":"Strona g\u0142\u00f3wna","item":"https:\/\/clovedental.co\/de\/"},{"@type":"ListItem","position":2,"name":"Shop","item":"https:\/\/clovedental.co\/products\/shop\/"},{"@type":"ListItem","position":3,"name":"BeeBee \u00ae Schere zum Schneiden von Kronen und Draht, gebogen 12,5 cm TC"}]},{"@type":"WebSite","@id":"https:\/\/clovedental.co\/de\/#website","url":"https:\/\/clovedental.co\/de\/","name":"Manufacturer of Dental and Surgical Instruments","description":"Details are the Key","publisher":{"@id":"https:\/\/clovedental.co\/de\/#organization"},"alternateName":"Dental and Surgical Instruments","potentialAction":[{"@type":"SearchAction","target":{"@type":"EntryPoint","urlTemplate":"https:\/\/clovedental.co\/de\/?s={search_term_string}"},"query-input":"required name=search_term_string"}],"inLanguage":"de"},{"@type":"Organization","@id":"https:\/\/clovedental.co\/de\/#organization","name":"clovedental.co","alternateName":"Clove","url":"https:\/\/clovedental.co\/de\/","logo":{"@type":"ImageObject","inLanguage":"de","@id":"https:\/\/clovedental.co\/de\/#\/schema\/logo\/image\/","url":"https:\/\/clovedental.co\/wp-content\/uploads\/2023\/12\/LOGO_CLOVE.png","contentUrl":"https:\/\/clovedental.co\/wp-content\/uploads\/2023\/12\/LOGO_CLOVE.png","width":1400,"height":1400,"caption":"clovedental.co"},"image":{"@id":"https:\/\/clovedental.co\/de\/#\/schema\/logo\/image\/"}}]}},"_links":{"self":[{"href":"https:\/\/clovedental.co\/de\/wp-json\/wp\/v2\/product\/4822","targetHints":{"allow":["GET"]}}],"collection":[{"href":"https:\/\/clovedental.co\/de\/wp-json\/wp\/v2\/product"}],"about":[{"href":"https:\/\/clovedental.co\/de\/wp-json\/wp\/v2\/types\/product"}],"wp:featuredmedia":[{"embeddable":true,"href":"https:\/\/clovedental.co\/de\/wp-json\/wp\/v2\/media\/5893"}],"wp:attachment":[{"href":"https:\/\/clovedental.co\/de\/wp-json\/wp\/v2\/media?parent=4822"}],"wp:term":[{"taxonomy":"product_cat","embeddable":true,"href":"https:\/\/clovedental.co\/de\/wp-json\/wp\/v2\/product_cat?post=4822"},{"taxonomy":"product_tag","embeddable":true,"href":"https:\/\/clovedental.co\/de\/wp-json\/wp\/v2\/product_tag?post=4822"},{"taxonomy":"code","embeddable":true,"href":"https:\/\/clovedental.co\/de\/wp-json\/wp\/v2\/code?post=4822"}],"curies":[{"name":"wp","href":"https:\/\/api.w.org\/{rel}","templated":true}]}}