{"id":4825,"date":"2024-01-10T08:38:39","date_gmt":"2024-01-10T08:38:39","guid":{"rendered":"https:\/\/clovedental.co\/product\/ein-satz-perforierter-abdruckloeffel-fuer-zahnlose-ober-und-unterkiefer\/"},"modified":"2024-01-10T08:51:08","modified_gmt":"2024-01-10T08:51:08","slug":"ein-satz-perforierter-abdruckloeffel-fuer-zahnlose-ober-und-unterkiefer","status":"publish","type":"product","link":"https:\/\/clovedental.co\/de\/produkt\/ein-satz-perforierter-abdruckloeffel-fuer-zahnlose-ober-und-unterkiefer\/","title":{"rendered":"Ein Satz perforierter Abdruckl\u00f6ffel f\u00fcr zahnlose Ober- und Unterkiefer"},"content":{"rendered":"<p><span style=\"font-family:arial, helvetica, sans-serif;font-size:10pt;\"><span style=\"text-decoration:underline;\">Abforml\u00f6ffel aus perforiertem Metall<\/span> sind eines der Grundinstrumente, die in kieferorthop\u00e4dischen und prothetischen Praxen verwendet werden. Sie erm\u00f6glichen es Ihnen, ein genaues Abbild des Kiefers des Patienten zu erhalten, auf dessen Grundlage ein Gipsmodell erstellt wird, das die Grundlage f\u00fcr die Herstellung von kieferorthop\u00e4dischen Apparaturen, Entspannungsschienen oder Zahnersatz bildet. Der L\u00f6ffel zeichnet sich durch eine niedrige Mulde und Kanten aus und ist f\u00fcr Patienten mit fehlenden Z\u00e4hnen gedacht. Unterkieferschienen verf\u00fcgen \u00fcber einen Zungenausschnitt f\u00fcr eine bequeme Abformung.<\/span><\/p>\n<p><\/br><\/p>\n<p><span style=\"font-family:arial, helvetica, sans-serif;font-size :10pt ;\">Das Produkt besteht aus sehr hochwertigem japanischem Edelstahl gem\u00e4\u00df den AISI 304-Standards. Die hohe Qualit\u00e4t der Verarbeitung gew\u00e4hrleistet nicht nur Haltbarkeit, sondern auch einfache Reinigung und die M\u00f6glichkeit, die L\u00f6ffel in Autoklaven bei einer Temperatur von zu sterilisieren 134\u2070C.<\/span><\/p ><\/br><\/p>\n<h1><span style=\"font-family:arial, helvetica, sans-serif;font-size:10pt;\">Parameter von Metallabforml\u00f6ffeln f\u00fcr Zahnlosigkeit< \/span><\/h1>\n<p><\/br ><\/p>\n<ul><\/br><\/p>\n<li><span style=\"font-family:arial, helvetica, sans-serif;font-size:10pt;\">Typ: perforierter Abdruck L\u00f6ffel mit L\u00f6chern, f\u00fcr Zahnlosigkeit<\/span> <\/li>\n<p><\/br><\/p>\n<li><span style=\"font-family:arial, helvetica, sans-serif;font-size:10pt;\">Zweck: Abdr\u00fccke machen des Ober- und Unterkiefers<\/span><\/ li><\/br>\n<li><span style=\"font-family:arial, helvetica, sans-serif;font-size:10pt;\">Verf\u00fcgbare Gr\u00f6\u00dfen (Breite \/ length):<\/span><\/li>\n<p> <\/br><\/ul>\n<p><\/br><\/p>\n<table style=\"width:350px;border:1px solid;margin-left:auto;margin-right:auto; \"><\/br><\/p>\n<tbody><\/br ><\/p>\n<tr><\/br><\/p>\n<td style=\"width:90px;text-align:center;border:1px solid;\"><span style=\"font-family :arial, helvetica, sans-serif;font-size :10pt;\"> <\/span><\/td>\n<p><\/br><\/p>\n<td style=\"width:106.262px;text-align:center;border:1px solid; \"><span style=\"font-family:arial , helvetica, sans-serif;font-size:10pt;\"><strong>Oben (Breite\/L\u00e4nge)<\/strong><\/span><\/td>\n<p><\/ br><\/p>\n<td style=\"width:129.738 px;text-align:center;border:1px solid;\"><span style=\"font-family:arial, helvetica, sans-serif;font-size:10pt;\"> <strong>Unten (Breite\/L\u00e4nge)<\/strong><\/span><\/td>\n<p><\/br><\/tr>\n<p><\/br><\/p>\n<tr><\/br><\/p>\n<td style=\"width:90px;text -align:center;border:1px solid;\"><span style=\"font-family:arial, helvetica, sans-serif;font-size:\n<\/p>\n","protected":false},"excerpt":{"rendered":"<p>Abforml\u00f6ffel aus perforiertem Metall sind eines der Grundinstrumente, die in kieferorthop\u00e4dischen und prothetischen Praxen verwendet werden. Sie erm\u00f6glichen es Ihnen, ein genaues Abbild des Kiefers des Patienten zu erhalten, auf dessen Grundlage ein Gipsmodell erstellt wird, das die Grundlage f\u00fcr die Herstellung von kieferorthop\u00e4dischen Apparaturen, Entspannungsschienen oder Zahnersatz bildet. Der L\u00f6ffel zeichnet sich durch eine &hellip;<\/p>\n<p class=\"read-more\"> <a class=\"\" href=\"https:\/\/clovedental.co\/de\/produkt\/ein-satz-perforierter-abdruckloeffel-fuer-zahnlose-ober-und-unterkiefer\/\"> <span class=\"screen-reader-text\">Ein Satz perforierter Abdruckl\u00f6ffel f\u00fcr zahnlose Ober- und Unterkiefer<\/span> Weiterlesen &raquo;<\/a><\/p>\n","protected":false},"featured_media":5985,"template":"","meta":{"site-sidebar-layout":"default","site-content-layout":"","ast-site-content-layout":"default","site-content-style":"default","site-sidebar-style":"default","ast-global-header-display":"","ast-banner-title-visibility":"","ast-main-header-display":"","ast-hfb-above-header-display":"","ast-hfb-below-header-display":"","ast-hfb-mobile-header-display":"","site-post-title":"","ast-breadcrumbs-content":"","ast-featured-img":"","footer-sml-layout":"","theme-transparent-header-meta":"default","adv-header-id-meta":"","stick-header-meta":"","header-above-stick-meta":"","header-main-stick-meta":"","header-below-stick-meta":"","astra-migrate-meta-layouts":"","ast-page-background-enabled":"default","ast-page-background-meta":{"desktop":{"background-color":"var(--ast-global-color-4)","background-image":"","background-repeat":"repeat","background-position":"center center","background-size":"auto","background-attachment":"scroll","background-type":"","background-media":"","overlay-type":"","overlay-color":"","overlay-gradient":""},"tablet":{"background-color":"","background-image":"","background-repeat":"repeat","background-position":"center center","background-size":"auto","background-attachment":"scroll","background-type":"","background-media":"","overlay-type":"","overlay-color":"","overlay-gradient":""},"mobile":{"background-color":"","background-image":"","background-repeat":"repeat","background-position":"center center","background-size":"auto","background-attachment":"scroll","background-type":"","background-media":"","overlay-type":"","overlay-color":"","overlay-gradient":""}},"ast-content-background-meta":{"desktop":{"background-color":"var(--ast-global-color-5)","background-image":"","background-repeat":"repeat","background-position":"center center","background-size":"auto","background-attachment":"scroll","background-type":"","background-media":"","overlay-type":"","overlay-color":"","overlay-gradient":""},"tablet":{"background-color":"var(--ast-global-color-5)","background-image":"","background-repeat":"repeat","background-position":"center center","background-size":"auto","background-attachment":"scroll","background-type":"","background-media":"","overlay-type":"","overlay-color":"","overlay-gradient":""},"mobile":{"background-color":"var(--ast-global-color-5)","background-image":"","background-repeat":"repeat","background-position":"center center","background-size":"auto","background-attachment":"scroll","background-type":"","background-media":"","overlay-type":"","overlay-color":"","overlay-gradient":""}}},"product_cat":[431],"product_tag":[],"code":[346],"class_list":{"0":"post-4825","1":"product","2":"type-product","3":"status-publish","4":"has-post-thumbnail","6":"product_cat-kieferorthopadie","7":"code-09-107-390-09-107-391-09-107-392-09-107-393-09-107-401-09-107-402-09-107-403","8":"desktop-align-left","9":"tablet-align-left","10":"mobile-align-left","12":"first","13":"instock","14":"product-type-simple"},"acf":[],"yoast_head":"<!-- This site is optimized with the Yoast SEO plugin v21.9.1 - https:\/\/yoast.com\/wordpress\/plugins\/seo\/ -->\n<title>Ein Satz perforierter Abdruckl\u00f6ffel f\u00fcr zahnlose Ober- und Unterkiefer | clovedental.co<\/title>\n<meta name=\"robots\" content=\"index, follow, max-snippet:-1, max-image-preview:large, max-video-preview:-1\" \/>\n<link rel=\"canonical\" href=\"https:\/\/clovedental.co\/de\/produkt\/ein-satz-perforierter-abdruckloeffel-fuer-zahnlose-ober-und-unterkiefer\/\" \/>\n<meta property=\"og:locale\" content=\"de_DE\" \/>\n<meta property=\"og:type\" content=\"article\" \/>\n<meta property=\"og:title\" content=\"Ein Satz perforierter Abdruckl\u00f6ffel f\u00fcr zahnlose Ober- und Unterkiefer | clovedental.co\" \/>\n<meta property=\"og:description\" content=\"Abforml\u00f6ffel aus perforiertem Metall sind eines der Grundinstrumente, die in kieferorthop\u00e4dischen und prothetischen Praxen verwendet werden. Sie erm\u00f6glichen es Ihnen, ein genaues Abbild des Kiefers des Patienten zu erhalten, auf dessen Grundlage ein Gipsmodell erstellt wird, das die Grundlage f\u00fcr die Herstellung von kieferorthop\u00e4dischen Apparaturen, Entspannungsschienen oder Zahnersatz bildet. Der L\u00f6ffel zeichnet sich durch eine &hellip; Ein Satz perforierter Abdruckl\u00f6ffel f\u00fcr zahnlose Ober- und Unterkiefer Weiterlesen &raquo;\" \/>\n<meta property=\"og:url\" content=\"https:\/\/clovedental.co\/de\/produkt\/ein-satz-perforierter-abdruckloeffel-fuer-zahnlose-ober-und-unterkiefer\/\" \/>\n<meta property=\"og:site_name\" content=\"clovedental.co\" \/>\n<meta property=\"article:modified_time\" content=\"2024-01-10T08:51:08+00:00\" \/>\n<meta name=\"twitter:card\" content=\"summary_large_image\" \/>\n<meta name=\"twitter:label1\" content=\"Gesch\u00e4tzte Lesezeit\" \/>\n\t<meta name=\"twitter:data1\" content=\"1\u00a0Minute\" \/>\n<script type=\"application\/ld+json\" class=\"yoast-schema-graph\">{\"@context\":\"https:\/\/schema.org\",\"@graph\":[{\"@type\":\"WebPage\",\"@id\":\"https:\/\/clovedental.co\/de\/produkt\/ein-satz-perforierter-abdruckloeffel-fuer-zahnlose-ober-und-unterkiefer\/\",\"url\":\"https:\/\/clovedental.co\/de\/produkt\/ein-satz-perforierter-abdruckloeffel-fuer-zahnlose-ober-und-unterkiefer\/\",\"name\":\"Ein Satz perforierter Abdruckl\u00f6ffel f\u00fcr zahnlose Ober- und Unterkiefer | clovedental.co\",\"isPartOf\":{\"@id\":\"https:\/\/clovedental.co\/de\/#website\"},\"datePublished\":\"2024-01-10T08:38:39+00:00\",\"dateModified\":\"2024-01-10T08:51:08+00:00\",\"breadcrumb\":{\"@id\":\"https:\/\/clovedental.co\/de\/produkt\/ein-satz-perforierter-abdruckloeffel-fuer-zahnlose-ober-und-unterkiefer\/#breadcrumb\"},\"inLanguage\":\"de\",\"potentialAction\":[{\"@type\":\"ReadAction\",\"target\":[\"https:\/\/clovedental.co\/de\/produkt\/ein-satz-perforierter-abdruckloeffel-fuer-zahnlose-ober-und-unterkiefer\/\"]}]},{\"@type\":\"BreadcrumbList\",\"@id\":\"https:\/\/clovedental.co\/de\/produkt\/ein-satz-perforierter-abdruckloeffel-fuer-zahnlose-ober-und-unterkiefer\/#breadcrumb\",\"itemListElement\":[{\"@type\":\"ListItem\",\"position\":1,\"name\":\"Strona g\u0142\u00f3wna\",\"item\":\"https:\/\/clovedental.co\/de\/\"},{\"@type\":\"ListItem\",\"position\":2,\"name\":\"Shop\",\"item\":\"https:\/\/clovedental.co\/products\/shop\/\"},{\"@type\":\"ListItem\",\"position\":3,\"name\":\"Ein Satz perforierter Abdruckl\u00f6ffel f\u00fcr zahnlose Ober- und Unterkiefer\"}]},{\"@type\":\"WebSite\",\"@id\":\"https:\/\/clovedental.co\/de\/#website\",\"url\":\"https:\/\/clovedental.co\/de\/\",\"name\":\"Manufacturer of Dental and Surgical Instruments\",\"description\":\"Details are the Key\",\"publisher\":{\"@id\":\"https:\/\/clovedental.co\/de\/#organization\"},\"alternateName\":\"Dental and Surgical Instruments\",\"potentialAction\":[{\"@type\":\"SearchAction\",\"target\":{\"@type\":\"EntryPoint\",\"urlTemplate\":\"https:\/\/clovedental.co\/de\/?s={search_term_string}\"},\"query-input\":\"required name=search_term_string\"}],\"inLanguage\":\"de\"},{\"@type\":\"Organization\",\"@id\":\"https:\/\/clovedental.co\/de\/#organization\",\"name\":\"clovedental.co\",\"alternateName\":\"Clove\",\"url\":\"https:\/\/clovedental.co\/de\/\",\"logo\":{\"@type\":\"ImageObject\",\"inLanguage\":\"de\",\"@id\":\"https:\/\/clovedental.co\/de\/#\/schema\/logo\/image\/\",\"url\":\"https:\/\/clovedental.co\/wp-content\/uploads\/2023\/12\/LOGO_CLOVE.png\",\"contentUrl\":\"https:\/\/clovedental.co\/wp-content\/uploads\/2023\/12\/LOGO_CLOVE.png\",\"width\":1400,\"height\":1400,\"caption\":\"clovedental.co\"},\"image\":{\"@id\":\"https:\/\/clovedental.co\/de\/#\/schema\/logo\/image\/\"}}]}<\/script>\n<!-- \/ Yoast SEO plugin. -->","yoast_head_json":{"title":"Ein Satz perforierter Abdruckl\u00f6ffel f\u00fcr zahnlose Ober- und Unterkiefer | clovedental.co","robots":{"index":"index","follow":"follow","max-snippet":"max-snippet:-1","max-image-preview":"max-image-preview:large","max-video-preview":"max-video-preview:-1"},"canonical":"https:\/\/clovedental.co\/de\/produkt\/ein-satz-perforierter-abdruckloeffel-fuer-zahnlose-ober-und-unterkiefer\/","og_locale":"de_DE","og_type":"article","og_title":"Ein Satz perforierter Abdruckl\u00f6ffel f\u00fcr zahnlose Ober- und Unterkiefer | clovedental.co","og_description":"Abforml\u00f6ffel aus perforiertem Metall sind eines der Grundinstrumente, die in kieferorthop\u00e4dischen und prothetischen Praxen verwendet werden. Sie erm\u00f6glichen es Ihnen, ein genaues Abbild des Kiefers des Patienten zu erhalten, auf dessen Grundlage ein Gipsmodell erstellt wird, das die Grundlage f\u00fcr die Herstellung von kieferorthop\u00e4dischen Apparaturen, Entspannungsschienen oder Zahnersatz bildet. Der L\u00f6ffel zeichnet sich durch eine &hellip; Ein Satz perforierter Abdruckl\u00f6ffel f\u00fcr zahnlose Ober- und Unterkiefer Weiterlesen &raquo;","og_url":"https:\/\/clovedental.co\/de\/produkt\/ein-satz-perforierter-abdruckloeffel-fuer-zahnlose-ober-und-unterkiefer\/","og_site_name":"clovedental.co","article_modified_time":"2024-01-10T08:51:08+00:00","twitter_card":"summary_large_image","twitter_misc":{"Gesch\u00e4tzte Lesezeit":"1\u00a0Minute"},"schema":{"@context":"https:\/\/schema.org","@graph":[{"@type":"WebPage","@id":"https:\/\/clovedental.co\/de\/produkt\/ein-satz-perforierter-abdruckloeffel-fuer-zahnlose-ober-und-unterkiefer\/","url":"https:\/\/clovedental.co\/de\/produkt\/ein-satz-perforierter-abdruckloeffel-fuer-zahnlose-ober-und-unterkiefer\/","name":"Ein Satz perforierter Abdruckl\u00f6ffel f\u00fcr zahnlose Ober- und Unterkiefer | clovedental.co","isPartOf":{"@id":"https:\/\/clovedental.co\/de\/#website"},"datePublished":"2024-01-10T08:38:39+00:00","dateModified":"2024-01-10T08:51:08+00:00","breadcrumb":{"@id":"https:\/\/clovedental.co\/de\/produkt\/ein-satz-perforierter-abdruckloeffel-fuer-zahnlose-ober-und-unterkiefer\/#breadcrumb"},"inLanguage":"de","potentialAction":[{"@type":"ReadAction","target":["https:\/\/clovedental.co\/de\/produkt\/ein-satz-perforierter-abdruckloeffel-fuer-zahnlose-ober-und-unterkiefer\/"]}]},{"@type":"BreadcrumbList","@id":"https:\/\/clovedental.co\/de\/produkt\/ein-satz-perforierter-abdruckloeffel-fuer-zahnlose-ober-und-unterkiefer\/#breadcrumb","itemListElement":[{"@type":"ListItem","position":1,"name":"Strona g\u0142\u00f3wna","item":"https:\/\/clovedental.co\/de\/"},{"@type":"ListItem","position":2,"name":"Shop","item":"https:\/\/clovedental.co\/products\/shop\/"},{"@type":"ListItem","position":3,"name":"Ein Satz perforierter Abdruckl\u00f6ffel f\u00fcr zahnlose Ober- und Unterkiefer"}]},{"@type":"WebSite","@id":"https:\/\/clovedental.co\/de\/#website","url":"https:\/\/clovedental.co\/de\/","name":"Manufacturer of Dental and Surgical Instruments","description":"Details are the Key","publisher":{"@id":"https:\/\/clovedental.co\/de\/#organization"},"alternateName":"Dental and Surgical Instruments","potentialAction":[{"@type":"SearchAction","target":{"@type":"EntryPoint","urlTemplate":"https:\/\/clovedental.co\/de\/?s={search_term_string}"},"query-input":"required name=search_term_string"}],"inLanguage":"de"},{"@type":"Organization","@id":"https:\/\/clovedental.co\/de\/#organization","name":"clovedental.co","alternateName":"Clove","url":"https:\/\/clovedental.co\/de\/","logo":{"@type":"ImageObject","inLanguage":"de","@id":"https:\/\/clovedental.co\/de\/#\/schema\/logo\/image\/","url":"https:\/\/clovedental.co\/wp-content\/uploads\/2023\/12\/LOGO_CLOVE.png","contentUrl":"https:\/\/clovedental.co\/wp-content\/uploads\/2023\/12\/LOGO_CLOVE.png","width":1400,"height":1400,"caption":"clovedental.co"},"image":{"@id":"https:\/\/clovedental.co\/de\/#\/schema\/logo\/image\/"}}]}},"_links":{"self":[{"href":"https:\/\/clovedental.co\/de\/wp-json\/wp\/v2\/product\/4825","targetHints":{"allow":["GET"]}}],"collection":[{"href":"https:\/\/clovedental.co\/de\/wp-json\/wp\/v2\/product"}],"about":[{"href":"https:\/\/clovedental.co\/de\/wp-json\/wp\/v2\/types\/product"}],"wp:featuredmedia":[{"embeddable":true,"href":"https:\/\/clovedental.co\/de\/wp-json\/wp\/v2\/media\/5985"}],"wp:attachment":[{"href":"https:\/\/clovedental.co\/de\/wp-json\/wp\/v2\/media?parent=4825"}],"wp:term":[{"taxonomy":"product_cat","embeddable":true,"href":"https:\/\/clovedental.co\/de\/wp-json\/wp\/v2\/product_cat?post=4825"},{"taxonomy":"product_tag","embeddable":true,"href":"https:\/\/clovedental.co\/de\/wp-json\/wp\/v2\/product_tag?post=4825"},{"taxonomy":"code","embeddable":true,"href":"https:\/\/clovedental.co\/de\/wp-json\/wp\/v2\/code?post=4825"}],"curies":[{"name":"wp","href":"https:\/\/api.w.org\/{rel}","templated":true}]}}