{"id":208,"date":"2023-12-09T14:32:27","date_gmt":"2023-12-09T14:32:27","guid":{"rendered":"https:\/\/clovedental.co\/produkty\/"},"modified":"2024-01-02T23:25:28","modified_gmt":"2024-01-02T23:25:28","slug":"produkty","status":"publish","type":"page","link":"https:\/\/clovedental.co\/pl\/produkty\/","title":{"rendered":"Produkty"},"content":{"rendered":"\t\t<div data-elementor-type=\"wp-page\" data-elementor-id=\"208\" class=\"elementor elementor-208 elementor-30\" data-elementor-post-type=\"page\">\n\t\t\t\t\t\t<section class=\"elementor-section elementor-top-section elementor-element elementor-element-e70f916 elementor-section-boxed elementor-section-height-default elementor-section-height-default\" data-id=\"e70f916\" data-element_type=\"section\" data-settings=\"{&quot;_ha_eqh_enable&quot;:false}\">\n\t\t\t\t\t\t<div class=\"elementor-container elementor-column-gap-default\">\n\t\t\t\t\t<div class=\"elementor-column elementor-col-100 elementor-top-column elementor-element elementor-element-4975978\" data-id=\"4975978\" data-element_type=\"column\">\n\t\t\t<div class=\"elementor-widget-wrap elementor-element-populated\">\n\t\t\t\t\t\t<div class=\"elementor-element elementor-element-3c1f152 elementor-widget elementor-widget-spacer\" data-id=\"3c1f152\" data-element_type=\"widget\" data-widget_type=\"spacer.default\">\n\t\t\t\t<div class=\"elementor-widget-container\">\n\t\t\t<style>\/*! elementor - v3.19.0 - 29-01-2024 *\/\n.elementor-column .elementor-spacer-inner{height:var(--spacer-size)}.e-con{--container-widget-width:100%}.e-con-inner>.elementor-widget-spacer,.e-con>.elementor-widget-spacer{width:var(--container-widget-width,var(--spacer-size));--align-self:var(--container-widget-align-self,initial);--flex-shrink:0}.e-con-inner>.elementor-widget-spacer>.elementor-widget-container,.e-con>.elementor-widget-spacer>.elementor-widget-container{height:100%;width:100%}.e-con-inner>.elementor-widget-spacer>.elementor-widget-container>.elementor-spacer,.e-con>.elementor-widget-spacer>.elementor-widget-container>.elementor-spacer{height:100%}.e-con-inner>.elementor-widget-spacer>.elementor-widget-container>.elementor-spacer>.elementor-spacer-inner,.e-con>.elementor-widget-spacer>.elementor-widget-container>.elementor-spacer>.elementor-spacer-inner{height:var(--container-widget-height,var(--spacer-size))}.e-con-inner>.elementor-widget-spacer.elementor-widget-empty,.e-con>.elementor-widget-spacer.elementor-widget-empty{position:relative;min-height:22px;min-width:22px}.e-con-inner>.elementor-widget-spacer.elementor-widget-empty .elementor-widget-empty-icon,.e-con>.elementor-widget-spacer.elementor-widget-empty .elementor-widget-empty-icon{position:absolute;top:0;bottom:0;left:0;right:0;margin:auto;padding:0;width:22px;height:22px}<\/style>\t\t<div class=\"elementor-spacer\">\n\t\t\t<div class=\"elementor-spacer-inner\"><\/div>\n\t\t<\/div>\n\t\t\t\t<\/div>\n\t\t\t\t<\/div>\n\t\t\t\t<div class=\"elementor-element elementor-element-4af1127 elementor-widget elementor-widget-heading\" data-id=\"4af1127\" data-element_type=\"widget\" data-widget_type=\"heading.default\">\n\t\t\t\t<div class=\"elementor-widget-container\">\n\t\t\t<style>\/*! elementor - v3.19.0 - 29-01-2024 *\/\n.elementor-heading-title{padding:0;margin:0;line-height:1}.elementor-widget-heading .elementor-heading-title[class*=elementor-size-]>a{color:inherit;font-size:inherit;line-height:inherit}.elementor-widget-heading .elementor-heading-title.elementor-size-small{font-size:15px}.elementor-widget-heading .elementor-heading-title.elementor-size-medium{font-size:19px}.elementor-widget-heading .elementor-heading-title.elementor-size-large{font-size:29px}.elementor-widget-heading .elementor-heading-title.elementor-size-xl{font-size:39px}.elementor-widget-heading .elementor-heading-title.elementor-size-xxl{font-size:59px}<\/style><h6 class=\"elementor-heading-title elementor-size-default\">co oferujemy<\/h6>\t\t<\/div>\n\t\t\t\t<\/div>\n\t\t\t\t<div class=\"elementor-element elementor-element-c1df7f6 elementor-widget elementor-widget-heading\" data-id=\"c1df7f6\" data-element_type=\"widget\" data-widget_type=\"heading.default\">\n\t\t\t\t<div class=\"elementor-widget-container\">\n\t\t\t<h3 class=\"elementor-heading-title elementor-size-default\">Nasze narz\u0119dzia stomatologiczne<\/h3>\t\t<\/div>\n\t\t\t\t<\/div>\n\t\t\t\t<div class=\"elementor-element elementor-element-cfede2f elementor-widget elementor-widget-spacer\" data-id=\"cfede2f\" data-element_type=\"widget\" data-widget_type=\"spacer.default\">\n\t\t\t\t<div class=\"elementor-widget-container\">\n\t\t\t\t\t<div class=\"elementor-spacer\">\n\t\t\t<div class=\"elementor-spacer-inner\"><\/div>\n\t\t<\/div>\n\t\t\t\t<\/div>\n\t\t\t\t<\/div>\n\t\t\t\t<section class=\"elementor-section elementor-inner-section elementor-element elementor-element-f1388ee elementor-section-boxed elementor-section-height-default elementor-section-height-default\" data-id=\"f1388ee\" data-element_type=\"section\" data-settings=\"{&quot;_ha_eqh_enable&quot;:false}\">\n\t\t\t\t\t\t<div class=\"elementor-container elementor-column-gap-default\">\n\t\t\t\t\t<div class=\"elementor-column elementor-col-33 elementor-inner-column elementor-element elementor-element-db9eb2c\" data-id=\"db9eb2c\" data-element_type=\"column\">\n\t\t\t<div class=\"elementor-widget-wrap elementor-element-populated\">\n\t\t\t\t\t\t<div class=\"elementor-element elementor-element-efd8492 elementor-widget elementor-widget-image\" data-id=\"efd8492\" data-element_type=\"widget\" data-widget_type=\"image.default\">\n\t\t\t\t<div class=\"elementor-widget-container\">\n\t\t\t<style>\/*! elementor - v3.19.0 - 29-01-2024 *\/\n.elementor-widget-image{text-align:center}.elementor-widget-image a{display:inline-block}.elementor-widget-image a img[src$=\".svg\"]{width:48px}.elementor-widget-image img{vertical-align:middle;display:inline-block}<\/style>\t\t\t\t\t\t\t\t\t\t<img fetchpriority=\"high\" decoding=\"async\" width=\"1024\" height=\"576\" src=\"https:\/\/clovedental.co\/wp-content\/uploads\/2023\/12\/Projekt-bez-nazwy-3-1-1024x576.png\" class=\"attachment-large size-large wp-image-369\" alt=\"\" srcset=\"https:\/\/clovedental.co\/wp-content\/uploads\/2023\/12\/Projekt-bez-nazwy-3-1-1024x576.png 1024w, https:\/\/clovedental.co\/wp-content\/uploads\/2023\/12\/Projekt-bez-nazwy-3-1-300x169.png 300w, https:\/\/clovedental.co\/wp-content\/uploads\/2023\/12\/Projekt-bez-nazwy-3-1-768x432.png 768w, https:\/\/clovedental.co\/wp-content\/uploads\/2023\/12\/Projekt-bez-nazwy-3-1.png 1366w\" sizes=\"(max-width: 1024px) 100vw, 1024px\" \/>\t\t\t\t\t\t\t\t\t\t\t\t\t<\/div>\n\t\t\t\t<\/div>\n\t\t\t\t<div class=\"elementor-element elementor-element-82b5fcd elementor-widget elementor-widget-heading\" data-id=\"82b5fcd\" data-element_type=\"widget\" data-widget_type=\"heading.default\">\n\t\t\t\t<div class=\"elementor-widget-container\">\n\t\t\t<h2 class=\"elementor-heading-title elementor-size-default\">Ekstrakcja<\/h2>\t\t<\/div>\n\t\t\t\t<\/div>\n\t\t\t\t\t<\/div>\n\t\t<\/div>\n\t\t\t\t<div class=\"elementor-column elementor-col-33 elementor-inner-column elementor-element elementor-element-7563269\" data-id=\"7563269\" data-element_type=\"column\">\n\t\t\t<div class=\"elementor-widget-wrap elementor-element-populated\">\n\t\t\t\t\t\t<div class=\"elementor-element elementor-element-dc01835 elementor-widget elementor-widget-image\" data-id=\"dc01835\" data-element_type=\"widget\" data-widget_type=\"image.default\">\n\t\t\t\t<div class=\"elementor-widget-container\">\n\t\t\t\t\t\t\t\t\t\t\t\t\t<img decoding=\"async\" width=\"1024\" height=\"576\" src=\"https:\/\/clovedental.co\/wp-content\/uploads\/2023\/12\/Projekt-bez-nazwy-4-1-1024x576.png\" class=\"attachment-large size-large wp-image-366\" alt=\"\" srcset=\"https:\/\/clovedental.co\/wp-content\/uploads\/2023\/12\/Projekt-bez-nazwy-4-1-1024x576.png 1024w, https:\/\/clovedental.co\/wp-content\/uploads\/2023\/12\/Projekt-bez-nazwy-4-1-300x169.png 300w, https:\/\/clovedental.co\/wp-content\/uploads\/2023\/12\/Projekt-bez-nazwy-4-1-768x432.png 768w, https:\/\/clovedental.co\/wp-content\/uploads\/2023\/12\/Projekt-bez-nazwy-4-1.png 1366w\" sizes=\"(max-width: 1024px) 100vw, 1024px\" \/>\t\t\t\t\t\t\t\t\t\t\t\t\t<\/div>\n\t\t\t\t<\/div>\n\t\t\t\t<div class=\"elementor-element elementor-element-b3931f9 elementor-widget elementor-widget-heading\" data-id=\"b3931f9\" data-element_type=\"widget\" data-widget_type=\"heading.default\">\n\t\t\t\t<div class=\"elementor-widget-container\">\n\t\t\t<h2 class=\"elementor-heading-title elementor-size-default\">Ortodoncja<\/h2>\t\t<\/div>\n\t\t\t\t<\/div>\n\t\t\t\t\t<\/div>\n\t\t<\/div>\n\t\t\t\t<div class=\"elementor-column elementor-col-33 elementor-inner-column elementor-element elementor-element-44134a4\" data-id=\"44134a4\" data-element_type=\"column\">\n\t\t\t<div class=\"elementor-widget-wrap elementor-element-populated\">\n\t\t\t\t\t\t<div class=\"elementor-element elementor-element-2db8729 elementor-widget elementor-widget-image\" data-id=\"2db8729\" data-element_type=\"widget\" data-widget_type=\"image.default\">\n\t\t\t\t<div class=\"elementor-widget-container\">\n\t\t\t\t\t\t\t\t\t\t\t\t\t<img decoding=\"async\" width=\"1024\" height=\"576\" src=\"https:\/\/clovedental.co\/wp-content\/uploads\/2023\/12\/Projekt-bez-nazwy-7-1024x576.png\" class=\"attachment-large size-large wp-image-357\" alt=\"\" srcset=\"https:\/\/clovedental.co\/wp-content\/uploads\/2023\/12\/Projekt-bez-nazwy-7-1024x576.png 1024w, https:\/\/clovedental.co\/wp-content\/uploads\/2023\/12\/Projekt-bez-nazwy-7-300x169.png 300w, https:\/\/clovedental.co\/wp-content\/uploads\/2023\/12\/Projekt-bez-nazwy-7-768x432.png 768w, https:\/\/clovedental.co\/wp-content\/uploads\/2023\/12\/Projekt-bez-nazwy-7.png 1366w\" sizes=\"(max-width: 1024px) 100vw, 1024px\" \/>\t\t\t\t\t\t\t\t\t\t\t\t\t<\/div>\n\t\t\t\t<\/div>\n\t\t\t\t<div class=\"elementor-element elementor-element-c5d18b0 elementor-widget elementor-widget-heading\" data-id=\"c5d18b0\" data-element_type=\"widget\" data-widget_type=\"heading.default\">\n\t\t\t\t<div class=\"elementor-widget-container\">\n\t\t\t<h2 class=\"elementor-heading-title elementor-size-default\">Endodoncja<\/h2>\t\t<\/div>\n\t\t\t\t<\/div>\n\t\t\t\t\t<\/div>\n\t\t<\/div>\n\t\t\t\t\t<\/div>\n\t\t<\/section>\n\t\t\t\t<section class=\"elementor-section elementor-inner-section elementor-element elementor-element-f825251 elementor-section-boxed elementor-section-height-default elementor-section-height-default\" data-id=\"f825251\" data-element_type=\"section\" data-settings=\"{&quot;_ha_eqh_enable&quot;:false}\">\n\t\t\t\t\t\t<div class=\"elementor-container elementor-column-gap-default\">\n\t\t\t\t\t<div class=\"elementor-column elementor-col-33 elementor-inner-column elementor-element elementor-element-ab22caa\" data-id=\"ab22caa\" data-element_type=\"column\">\n\t\t\t<div class=\"elementor-widget-wrap elementor-element-populated\">\n\t\t\t\t\t\t<div class=\"elementor-element elementor-element-b41f7fc elementor-widget elementor-widget-image\" data-id=\"b41f7fc\" data-element_type=\"widget\" data-widget_type=\"image.default\">\n\t\t\t\t<div class=\"elementor-widget-container\">\n\t\t\t\t\t\t\t\t\t\t\t\t\t<img loading=\"lazy\" decoding=\"async\" width=\"1024\" height=\"576\" src=\"https:\/\/clovedental.co\/wp-content\/uploads\/2023\/12\/Projekt-bez-nazwy-6-1024x576.png\" class=\"attachment-large size-large wp-image-360\" alt=\"\" srcset=\"https:\/\/clovedental.co\/wp-content\/uploads\/2023\/12\/Projekt-bez-nazwy-6-1024x576.png 1024w, https:\/\/clovedental.co\/wp-content\/uploads\/2023\/12\/Projekt-bez-nazwy-6-300x169.png 300w, https:\/\/clovedental.co\/wp-content\/uploads\/2023\/12\/Projekt-bez-nazwy-6-768x432.png 768w, https:\/\/clovedental.co\/wp-content\/uploads\/2023\/12\/Projekt-bez-nazwy-6.png 1366w\" sizes=\"(max-width: 1024px) 100vw, 1024px\" \/>\t\t\t\t\t\t\t\t\t\t\t\t\t<\/div>\n\t\t\t\t<\/div>\n\t\t\t\t<div class=\"elementor-element elementor-element-fa8349c elementor-widget elementor-widget-heading\" data-id=\"fa8349c\" data-element_type=\"widget\" data-widget_type=\"heading.default\">\n\t\t\t\t<div class=\"elementor-widget-container\">\n\t\t\t<h2 class=\"elementor-heading-title elementor-size-default\">Periodontologia<\/h2>\t\t<\/div>\n\t\t\t\t<\/div>\n\t\t\t\t\t<\/div>\n\t\t<\/div>\n\t\t\t\t<div class=\"elementor-column elementor-col-33 elementor-inner-column elementor-element elementor-element-b6d86ff\" data-id=\"b6d86ff\" data-element_type=\"column\">\n\t\t\t<div class=\"elementor-widget-wrap elementor-element-populated\">\n\t\t\t\t\t\t<div class=\"elementor-element elementor-element-1ad74ea elementor-widget elementor-widget-image\" data-id=\"1ad74ea\" data-element_type=\"widget\" data-widget_type=\"image.default\">\n\t\t\t\t<div class=\"elementor-widget-container\">\n\t\t\t\t\t\t\t\t\t\t\t\t\t<img loading=\"lazy\" decoding=\"async\" width=\"1024\" height=\"576\" src=\"https:\/\/clovedental.co\/wp-content\/uploads\/2023\/12\/Projekt-bez-nazwy-5-1024x576.png\" class=\"attachment-large size-large wp-image-363\" alt=\"\" srcset=\"https:\/\/clovedental.co\/wp-content\/uploads\/2023\/12\/Projekt-bez-nazwy-5-1024x576.png 1024w, https:\/\/clovedental.co\/wp-content\/uploads\/2023\/12\/Projekt-bez-nazwy-5-300x169.png 300w, https:\/\/clovedental.co\/wp-content\/uploads\/2023\/12\/Projekt-bez-nazwy-5-768x432.png 768w, https:\/\/clovedental.co\/wp-content\/uploads\/2023\/12\/Projekt-bez-nazwy-5.png 1366w\" sizes=\"(max-width: 1024px) 100vw, 1024px\" \/>\t\t\t\t\t\t\t\t\t\t\t\t\t<\/div>\n\t\t\t\t<\/div>\n\t\t\t\t<div class=\"elementor-element elementor-element-7289b9b elementor-widget elementor-widget-heading\" data-id=\"7289b9b\" data-element_type=\"widget\" data-widget_type=\"heading.default\">\n\t\t\t\t<div class=\"elementor-widget-container\">\n\t\t\t<h2 class=\"elementor-heading-title elementor-size-default\">Chirurgia og\u00f3lna<\/h2>\t\t<\/div>\n\t\t\t\t<\/div>\n\t\t\t\t\t<\/div>\n\t\t<\/div>\n\t\t\t\t<div class=\"elementor-column elementor-col-33 elementor-inner-column elementor-element elementor-element-231ebc9\" data-id=\"231ebc9\" data-element_type=\"column\">\n\t\t\t<div class=\"elementor-widget-wrap elementor-element-populated\">\n\t\t\t\t\t\t<div class=\"elementor-element elementor-element-dd74f11 elementor-widget elementor-widget-image\" data-id=\"dd74f11\" data-element_type=\"widget\" data-widget_type=\"image.default\">\n\t\t\t\t<div class=\"elementor-widget-container\">\n\t\t\t\t\t\t\t\t\t\t\t\t\t<img loading=\"lazy\" decoding=\"async\" width=\"1000\" height=\"662\" src=\"https:\/\/clovedental.co\/wp-content\/uploads\/2023\/12\/111.jpg\" class=\"attachment-large size-large wp-image-373\" alt=\"\" srcset=\"https:\/\/clovedental.co\/wp-content\/uploads\/2023\/12\/111.jpg 1000w, https:\/\/clovedental.co\/wp-content\/uploads\/2023\/12\/111-300x199.jpg 300w, https:\/\/clovedental.co\/wp-content\/uploads\/2023\/12\/111-768x508.jpg 768w\" sizes=\"(max-width: 1000px) 100vw, 1000px\" \/>\t\t\t\t\t\t\t\t\t\t\t\t\t<\/div>\n\t\t\t\t<\/div>\n\t\t\t\t<div class=\"elementor-element elementor-element-ab36aca elementor-widget elementor-widget-heading\" data-id=\"ab36aca\" data-element_type=\"widget\" data-widget_type=\"heading.default\">\n\t\t\t\t<div class=\"elementor-widget-container\">\n\t\t\t<h2 class=\"elementor-heading-title elementor-size-default\">R\u00f3\u017cne<\/h2>\t\t<\/div>\n\t\t\t\t<\/div>\n\t\t\t\t\t<\/div>\n\t\t<\/div>\n\t\t\t\t\t<\/div>\n\t\t<\/section>\n\t\t\t\t\t<\/div>\n\t\t<\/div>\n\t\t\t\t\t<\/div>\n\t\t<\/section>\n\t\t\t\t<section class=\"elementor-section elementor-top-section elementor-element elementor-element-90f7e20 elementor-section-boxed elementor-section-height-default elementor-section-height-default\" data-id=\"90f7e20\" data-element_type=\"section\" data-settings=\"{&quot;_ha_eqh_enable&quot;:false}\">\n\t\t\t\t\t\t<div class=\"elementor-container elementor-column-gap-default\">\n\t\t\t\t\t<div class=\"elementor-column elementor-col-100 elementor-top-column elementor-element elementor-element-bca0324\" data-id=\"bca0324\" data-element_type=\"column\">\n\t\t\t<div class=\"elementor-widget-wrap elementor-element-populated\">\n\t\t\t\t\t\t<div class=\"elementor-element elementor-element-0639a62 elementor-align-center elementor-widget elementor-widget-button\" data-id=\"0639a62\" data-element_type=\"widget\" data-widget_type=\"button.default\">\n\t\t\t\t<div class=\"elementor-widget-container\">\n\t\t\t\t\t<div class=\"elementor-button-wrapper\">\n\t\t\t<a class=\"elementor-button elementor-button-link elementor-size-sm\" href=\"https:\/\/instrumedic.pl\/userdata\/public\/assets\/\/katalog-narzedzi-dentystycznych-clove.pdf\" target=\"_blank\">\n\t\t\t\t\t\t<span class=\"elementor-button-content-wrapper\">\n\t\t\t\t\t\t<span class=\"elementor-button-text\">Pobierz katalog<\/span>\n\t\t<\/span>\n\t\t\t\t\t<\/a>\n\t\t<\/div>\n\t\t\t\t<\/div>\n\t\t\t\t<\/div>\n\t\t\t\t<div class=\"elementor-element elementor-element-e207c97 elementor-widget elementor-widget-spacer\" data-id=\"e207c97\" data-element_type=\"widget\" data-widget_type=\"spacer.default\">\n\t\t\t\t<div class=\"elementor-widget-container\">\n\t\t\t\t\t<div class=\"elementor-spacer\">\n\t\t\t<div class=\"elementor-spacer-inner\"><\/div>\n\t\t<\/div>\n\t\t\t\t<\/div>\n\t\t\t\t<\/div>\n\t\t\t\t\t<\/div>\n\t\t<\/div>\n\t\t\t\t\t<\/div>\n\t\t<\/section>\n\t\t\t\t<\/div>\n\t\t","protected":false},"excerpt":{"rendered":"<p>co oferujemy Nasze narz\u0119dzia stomatologiczne Ekstrakcja Ortodoncja Endodoncja Periodontologia Chirurgia og\u00f3lna R\u00f3\u017cne Pobierz katalog<\/p>\n","protected":false},"author":2,"featured_media":0,"parent":0,"menu_order":0,"comment_status":"closed","ping_status":"closed","template":"","meta":{"site-sidebar-layout":"no-sidebar","site-content-layout":"","ast-site-content-layout":"","site-content-style":"default","site-sidebar-style":"default","ast-global-header-display":"","ast-banner-title-visibility":"","ast-main-header-display":"","ast-hfb-above-header-display":"","ast-hfb-below-header-display":"","ast-hfb-mobile-header-display":"","site-post-title":"disabled","ast-breadcrumbs-content":"","ast-featured-img":"disabled","footer-sml-layout":"","theme-transparent-header-meta":"default","adv-header-id-meta":"","stick-header-meta":"","header-above-stick-meta":"","header-main-stick-meta":"","header-below-stick-meta":"","astra-migrate-meta-layouts":"","ast-page-background-enabled":"default","ast-page-background-meta":{"desktop":{"background-color":"var(--ast-global-color-4)","background-image":"","background-repeat":"repeat","background-position":"center center","background-size":"auto","background-attachment":"scroll","background-type":"","background-media":"","overlay-type":"","overlay-color":"","overlay-gradient":""},"tablet":{"background-color":"","background-image":"","background-repeat":"repeat","background-position":"center center","background-size":"auto","background-attachment":"scroll","background-type":"","background-media":"","overlay-type":"","overlay-color":"","overlay-gradient":""},"mobile":{"background-color":"","background-image":"","background-repeat":"repeat","background-position":"center center","background-size":"auto","background-attachment":"scroll","background-type":"","background-media":"","overlay-type":"","overlay-color":"","overlay-gradient":""}},"ast-content-background-meta":{"desktop":{"background-color":"var(--ast-global-color-5)","background-image":"","background-repeat":"repeat","background-position":"center center","background-size":"auto","background-attachment":"scroll","background-type":"","background-media":"","overlay-type":"","overlay-color":"","overlay-gradient":""},"tablet":{"background-color":"var(--ast-global-color-5)","background-image":"","background-repeat":"repeat","background-position":"center center","background-size":"auto","background-attachment":"scroll","background-type":"","background-media":"","overlay-type":"","overlay-color":"","overlay-gradient":""},"mobile":{"background-color":"var(--ast-global-color-5)","background-image":"","background-repeat":"repeat","background-position":"center center","background-size":"auto","background-attachment":"scroll","background-type":"","background-media":"","overlay-type":"","overlay-color":"","overlay-gradient":""}},"footnotes":""},"class_list":["post-208","page","type-page","status-publish","hentry"],"acf":[],"yoast_head":"<!-- This site is optimized with the Yoast SEO plugin v21.9.1 - https:\/\/yoast.com\/wordpress\/plugins\/seo\/ -->\n<title>Produkty | clovedental.co<\/title>\n<meta name=\"robots\" content=\"index, follow, max-snippet:-1, max-image-preview:large, max-video-preview:-1\" \/>\n<link rel=\"canonical\" href=\"https:\/\/clovedental.co\/pl\/produkty\/\" \/>\n<meta property=\"og:locale\" content=\"pl_PL\" \/>\n<meta property=\"og:type\" content=\"article\" \/>\n<meta property=\"og:title\" content=\"Produkty | clovedental.co\" \/>\n<meta property=\"og:description\" content=\"co oferujemy Nasze narz\u0119dzia stomatologiczne Ekstrakcja Ortodoncja Endodoncja Periodontologia Chirurgia og\u00f3lna R\u00f3\u017cne Pobierz katalog\" \/>\n<meta property=\"og:url\" content=\"https:\/\/clovedental.co\/pl\/produkty\/\" \/>\n<meta property=\"og:site_name\" content=\"clovedental.co\" \/>\n<meta property=\"article:modified_time\" content=\"2024-01-02T23:25:28+00:00\" \/>\n<meta property=\"og:image\" content=\"https:\/\/clovedental.co\/wp-content\/uploads\/2023\/12\/Projekt-bez-nazwy-3-1-1024x576.png\" \/>\n<meta name=\"twitter:card\" content=\"summary_large_image\" \/>\n<script type=\"application\/ld+json\" class=\"yoast-schema-graph\">{\"@context\":\"https:\/\/schema.org\",\"@graph\":[{\"@type\":\"WebPage\",\"@id\":\"https:\/\/clovedental.co\/pl\/produkty\/\",\"url\":\"https:\/\/clovedental.co\/pl\/produkty\/\",\"name\":\"Produkty | clovedental.co\",\"isPartOf\":{\"@id\":\"https:\/\/clovedental.co\/pl\/#website\"},\"datePublished\":\"2023-12-09T14:32:27+00:00\",\"dateModified\":\"2024-01-02T23:25:28+00:00\",\"breadcrumb\":{\"@id\":\"https:\/\/clovedental.co\/pl\/produkty\/#breadcrumb\"},\"inLanguage\":\"pl-PL\",\"potentialAction\":[{\"@type\":\"ReadAction\",\"target\":[\"https:\/\/clovedental.co\/pl\/produkty\/\"]}]},{\"@type\":\"BreadcrumbList\",\"@id\":\"https:\/\/clovedental.co\/pl\/produkty\/#breadcrumb\",\"itemListElement\":[{\"@type\":\"ListItem\",\"position\":1,\"name\":\"Strona g\u0142\u00f3wna\",\"item\":\"https:\/\/clovedental.co\/pl\/\"},{\"@type\":\"ListItem\",\"position\":2,\"name\":\"Produkty\"}]},{\"@type\":\"WebSite\",\"@id\":\"https:\/\/clovedental.co\/pl\/#website\",\"url\":\"https:\/\/clovedental.co\/pl\/\",\"name\":\"Manufacturer of Dental and Surgical Instruments\",\"description\":\"Details are the Key\",\"publisher\":{\"@id\":\"https:\/\/clovedental.co\/pl\/#organization\"},\"alternateName\":\"Dental and Surgical Instruments\",\"potentialAction\":[{\"@type\":\"SearchAction\",\"target\":{\"@type\":\"EntryPoint\",\"urlTemplate\":\"https:\/\/clovedental.co\/pl\/?s={search_term_string}\"},\"query-input\":\"required name=search_term_string\"}],\"inLanguage\":\"pl-PL\"},{\"@type\":\"Organization\",\"@id\":\"https:\/\/clovedental.co\/pl\/#organization\",\"name\":\"clovedental.co\",\"alternateName\":\"Clove\",\"url\":\"https:\/\/clovedental.co\/pl\/\",\"logo\":{\"@type\":\"ImageObject\",\"inLanguage\":\"pl-PL\",\"@id\":\"https:\/\/clovedental.co\/pl\/#\/schema\/logo\/image\/\",\"url\":\"https:\/\/clovedental.co\/wp-content\/uploads\/2023\/12\/LOGO_CLOVE.png\",\"contentUrl\":\"https:\/\/clovedental.co\/wp-content\/uploads\/2023\/12\/LOGO_CLOVE.png\",\"width\":1400,\"height\":1400,\"caption\":\"clovedental.co\"},\"image\":{\"@id\":\"https:\/\/clovedental.co\/pl\/#\/schema\/logo\/image\/\"}}]}<\/script>\n<!-- \/ Yoast SEO plugin. -->","yoast_head_json":{"title":"Produkty | clovedental.co","robots":{"index":"index","follow":"follow","max-snippet":"max-snippet:-1","max-image-preview":"max-image-preview:large","max-video-preview":"max-video-preview:-1"},"canonical":"https:\/\/clovedental.co\/pl\/produkty\/","og_locale":"pl_PL","og_type":"article","og_title":"Produkty | clovedental.co","og_description":"co oferujemy Nasze narz\u0119dzia stomatologiczne Ekstrakcja Ortodoncja Endodoncja Periodontologia Chirurgia og\u00f3lna R\u00f3\u017cne Pobierz katalog","og_url":"https:\/\/clovedental.co\/pl\/produkty\/","og_site_name":"clovedental.co","article_modified_time":"2024-01-02T23:25:28+00:00","og_image":[{"url":"https:\/\/clovedental.co\/wp-content\/uploads\/2023\/12\/Projekt-bez-nazwy-3-1-1024x576.png"}],"twitter_card":"summary_large_image","schema":{"@context":"https:\/\/schema.org","@graph":[{"@type":"WebPage","@id":"https:\/\/clovedental.co\/pl\/produkty\/","url":"https:\/\/clovedental.co\/pl\/produkty\/","name":"Produkty | clovedental.co","isPartOf":{"@id":"https:\/\/clovedental.co\/pl\/#website"},"datePublished":"2023-12-09T14:32:27+00:00","dateModified":"2024-01-02T23:25:28+00:00","breadcrumb":{"@id":"https:\/\/clovedental.co\/pl\/produkty\/#breadcrumb"},"inLanguage":"pl-PL","potentialAction":[{"@type":"ReadAction","target":["https:\/\/clovedental.co\/pl\/produkty\/"]}]},{"@type":"BreadcrumbList","@id":"https:\/\/clovedental.co\/pl\/produkty\/#breadcrumb","itemListElement":[{"@type":"ListItem","position":1,"name":"Strona g\u0142\u00f3wna","item":"https:\/\/clovedental.co\/pl\/"},{"@type":"ListItem","position":2,"name":"Produkty"}]},{"@type":"WebSite","@id":"https:\/\/clovedental.co\/pl\/#website","url":"https:\/\/clovedental.co\/pl\/","name":"Manufacturer of Dental and Surgical Instruments","description":"Details are the Key","publisher":{"@id":"https:\/\/clovedental.co\/pl\/#organization"},"alternateName":"Dental and Surgical Instruments","potentialAction":[{"@type":"SearchAction","target":{"@type":"EntryPoint","urlTemplate":"https:\/\/clovedental.co\/pl\/?s={search_term_string}"},"query-input":"required name=search_term_string"}],"inLanguage":"pl-PL"},{"@type":"Organization","@id":"https:\/\/clovedental.co\/pl\/#organization","name":"clovedental.co","alternateName":"Clove","url":"https:\/\/clovedental.co\/pl\/","logo":{"@type":"ImageObject","inLanguage":"pl-PL","@id":"https:\/\/clovedental.co\/pl\/#\/schema\/logo\/image\/","url":"https:\/\/clovedental.co\/wp-content\/uploads\/2023\/12\/LOGO_CLOVE.png","contentUrl":"https:\/\/clovedental.co\/wp-content\/uploads\/2023\/12\/LOGO_CLOVE.png","width":1400,"height":1400,"caption":"clovedental.co"},"image":{"@id":"https:\/\/clovedental.co\/pl\/#\/schema\/logo\/image\/"}}]}},"_links":{"self":[{"href":"https:\/\/clovedental.co\/pl\/wp-json\/wp\/v2\/pages\/208","targetHints":{"allow":["GET"]}}],"collection":[{"href":"https:\/\/clovedental.co\/pl\/wp-json\/wp\/v2\/pages"}],"about":[{"href":"https:\/\/clovedental.co\/pl\/wp-json\/wp\/v2\/types\/page"}],"author":[{"embeddable":true,"href":"https:\/\/clovedental.co\/pl\/wp-json\/wp\/v2\/users\/2"}],"replies":[{"embeddable":true,"href":"https:\/\/clovedental.co\/pl\/wp-json\/wp\/v2\/comments?post=208"}],"version-history":[{"count":11,"href":"https:\/\/clovedental.co\/pl\/wp-json\/wp\/v2\/pages\/208\/revisions"}],"predecessor-version":[{"id":705,"href":"https:\/\/clovedental.co\/pl\/wp-json\/wp\/v2\/pages\/208\/revisions\/705"}],"wp:attachment":[{"href":"https:\/\/clovedental.co\/pl\/wp-json\/wp\/v2\/media?parent=208"}],"curies":[{"name":"wp","href":"https:\/\/api.w.org\/{rel}","templated":true}]}}