{"id":5393,"date":"2024-01-31T16:43:29","date_gmt":"2024-01-31T16:43:29","guid":{"rendered":"https:\/\/clovedental.co\/blog\/"},"modified":"2024-02-01T13:46:58","modified_gmt":"2024-02-01T13:46:58","slug":"blog","status":"publish","type":"page","link":"https:\/\/clovedental.co\/pl\/blog\/","title":{"rendered":"Blog"},"content":{"rendered":"\t\t<div data-elementor-type=\"wp-page\" data-elementor-id=\"5393\" class=\"elementor elementor-5393 elementor-5352\" data-elementor-post-type=\"page\">\n\t\t\t\t\t\t<section class=\"elementor-section elementor-top-section elementor-element elementor-element-5bf4b98 elementor-section-boxed elementor-section-height-default elementor-section-height-default\" data-id=\"5bf4b98\" data-element_type=\"section\" data-settings=\"{&quot;_ha_eqh_enable&quot;:false}\">\n\t\t\t\t\t\t<div class=\"elementor-container elementor-column-gap-default\">\n\t\t\t\t\t<div class=\"elementor-column elementor-col-100 elementor-top-column elementor-element elementor-element-2fd377d\" data-id=\"2fd377d\" data-element_type=\"column\">\n\t\t\t<div class=\"elementor-widget-wrap elementor-element-populated\">\n\t\t\t\t\t\t<div class=\"elementor-element elementor-element-1c47019 elementor-widget elementor-widget-heading\" data-id=\"1c47019\" data-element_type=\"widget\" data-widget_type=\"heading.default\">\n\t\t\t\t<div class=\"elementor-widget-container\">\n\t\t\t<style>\/*! elementor - v3.19.0 - 29-01-2024 *\/\n.elementor-heading-title{padding:0;margin:0;line-height:1}.elementor-widget-heading .elementor-heading-title[class*=elementor-size-]>a{color:inherit;font-size:inherit;line-height:inherit}.elementor-widget-heading .elementor-heading-title.elementor-size-small{font-size:15px}.elementor-widget-heading .elementor-heading-title.elementor-size-medium{font-size:19px}.elementor-widget-heading .elementor-heading-title.elementor-size-large{font-size:29px}.elementor-widget-heading .elementor-heading-title.elementor-size-xl{font-size:39px}.elementor-widget-heading .elementor-heading-title.elementor-size-xxl{font-size:59px}<\/style><h3 class=\"elementor-heading-title elementor-size-default\">BLOG<\/h3>\t\t<\/div>\n\t\t\t\t<\/div>\n\t\t\t\t<div class=\"elementor-element elementor-element-3351931 elementor-widget elementor-widget-spacer\" data-id=\"3351931\" data-element_type=\"widget\" data-widget_type=\"spacer.default\">\n\t\t\t\t<div class=\"elementor-widget-container\">\n\t\t\t<style>\/*! elementor - v3.19.0 - 29-01-2024 *\/\n.elementor-column .elementor-spacer-inner{height:var(--spacer-size)}.e-con{--container-widget-width:100%}.e-con-inner>.elementor-widget-spacer,.e-con>.elementor-widget-spacer{width:var(--container-widget-width,var(--spacer-size));--align-self:var(--container-widget-align-self,initial);--flex-shrink:0}.e-con-inner>.elementor-widget-spacer>.elementor-widget-container,.e-con>.elementor-widget-spacer>.elementor-widget-container{height:100%;width:100%}.e-con-inner>.elementor-widget-spacer>.elementor-widget-container>.elementor-spacer,.e-con>.elementor-widget-spacer>.elementor-widget-container>.elementor-spacer{height:100%}.e-con-inner>.elementor-widget-spacer>.elementor-widget-container>.elementor-spacer>.elementor-spacer-inner,.e-con>.elementor-widget-spacer>.elementor-widget-container>.elementor-spacer>.elementor-spacer-inner{height:var(--container-widget-height,var(--spacer-size))}.e-con-inner>.elementor-widget-spacer.elementor-widget-empty,.e-con>.elementor-widget-spacer.elementor-widget-empty{position:relative;min-height:22px;min-width:22px}.e-con-inner>.elementor-widget-spacer.elementor-widget-empty .elementor-widget-empty-icon,.e-con>.elementor-widget-spacer.elementor-widget-empty .elementor-widget-empty-icon{position:absolute;top:0;bottom:0;left:0;right:0;margin:auto;padding:0;width:22px;height:22px}<\/style>\t\t<div class=\"elementor-spacer\">\n\t\t\t<div class=\"elementor-spacer-inner\"><\/div>\n\t\t<\/div>\n\t\t\t\t<\/div>\n\t\t\t\t<\/div>\n\t\t\t\t<div class=\"elementor-element elementor-element-898c896 elementor-widget elementor-widget-ucaddon_post_tabs\" data-id=\"898c896\" data-element_type=\"widget\" data-widget_type=\"ucaddon_post_tabs.default\">\n\t\t\t\t<div class=\"elementor-widget-container\">\n\t\t\t<!-- start Post Tabs -->\n\t\t<link id='font-awesome-css' href='https:\/\/clovedental.co\/wp-content\/plugins\/unlimited-elements-for-elementor\/assets_libraries\/font-awesome5\/css\/fontawesome-all.min.css' type='text\/css' rel='stylesheet' >\n\t\t<link id='font-awesome-4-shim-css' href='https:\/\/clovedental.co\/wp-content\/plugins\/unlimited-elements-for-elementor\/assets_libraries\/font-awesome5\/css\/fontawesome-v4-shims.css' type='text\/css' rel='stylesheet' >\n\n\t\t\t<style type=\"text\/css\">\/* widget: Post Tabs *\/\n\n#uc_post_tabs_elementor_898c896 \n{ \n  text-align: center; \n  direction: ltr;\n  position: relative;\n  overflow:hidden;\n}\n\n#uc_post_tabs_elementor_898c896 * {\n    box-sizing: border-box;\n}\n#uc_post_tabs_elementor_898c896 a\n{\n  transition: 0.5s;\n} \n\n#uc_post_tabs_elementor_898c896 > ul.ue-tab-btns\n{\n\tmargin:0px;\n\tlist-style:none;\n    display:flex;\n    \n}\n\n#uc_post_tabs_elementor_898c896 > ul.ue-tab-btns li\n{\n\tpadding:0px; \n\tmargin:0px;\n    \t\n}\n\t\n#uc_post_tabs_elementor_898c896 ul.ue-tab-btns li a {\n\t\n\tdisplay:flex;\n    align-items: center;\n    justify-content: center;\n\ttext-decoration:none;\n    transition:0.5s;\n}\n#uc_post_tabs_elementor_898c896 .panel-container{\n  overflow:hidden;\n}\n#uc_post_tabs_elementor_898c896 .tab-container {\n\tclear:both;\n\toverflow:hidden;\n}\n#uc_post_tabs_elementor_898c896 .ue_post_tabs_container{\n  display:flex;\n}\n#uc_post_tabs_elementor_898c896 .ue_post_tab_content{\n  flex-grow:1;\n}\n\n#uc_post_tabs_elementor_898c896 .ue_post_image\n{\n  flex-grow:0;\n  flex-shrink:0;\n  overflow:hidden;\n}\n#uc_post_tabs_elementor_898c896 .ue_post_image img\n{\n  display:block;\n  width:100%;\n}\n\n#uc_post_tabs_elementor_898c896 .ue_post_link\n{\n  display:inline-block;\n  text-decoration:none;\n}\n\n.uc_bold_tabs .panes{ display:none;}\n.r-tabs .r-tabs-tab {\n    display: block;\n    margin: 0;\n    list-style: none;\n}\n\n.r-tabs .r-tabs-panel {\n    padding: 0;\n    display: none;\n}\n\n.r-tabs .r-tabs-accordion-title {\n    display: none;\n}\n\n.r-tabs .r-tabs-panel.r-tabs-state-active {\n    display: block;\n}\n    \n\n  #uc_post_tabs_elementor_898c896 > ul.tabs{\n      justify-content:center;\n      flex-wrap: wrap;\n  }\n\n\n@media only screen and (max-width: 767px)\n{\n #uc_post_tabs_elementor_898c896 ul.tabs {display:flex;}\n .r-tabs .r-tabs-nav { display: none;}\n\n    .r-tabs .r-tabs-accordion-title { \n      display: none;\n    }\n\t.r-tabs-anchor{ \n      display:block; \n      overflow:hidden; \n    }\n}\n\n  \n\n\n\n\n\n#uc_post_tabs_elementor_898c896 .ue-meta-data\n{\n  \n  display:flex;\n\n  flex-wrap: wrap;\n  line-height:1em;\n}\n\n#uc_post_tabs_elementor_898c896 .ue-grid-item-meta-data\n{\n      display:inline-flex;\n      align-items:center;\n           justify-content: center;      }\n\n#uc_post_tabs_elementor_898c896 .ue-grid-item-meta-data a{\n  color:inherit;\n}\n\n.ue-grid-item-meta-data\n{\n  font-size:12px;\n}\n\n#uc_post_tabs_elementor_898c896 .ue-grid-item-meta-data-icon\n{\n  line-height:1em;\n}\n\n#uc_post_tabs_elementor_898c896 .ue-grid-item-meta-data-icon svg\n{\n  width:1em;\n  height:1em;\n}\n\n#uc_post_tabs_elementor_898c896 .ue-debug-meta\n{\n  padding:10px;\n  border:1px solid red;\n  position:relative;\n  line-height:1.5em;\n  font-size:11px;\n  width:100%;\n}\n\n\n\n@media only screen and (max-width: 768px){\n  \n #uc_post_tabs_elementor_898c896 > ul.tabs {display:none;}\n #uc_post_tabs_elementor_898c896.r-tabs .r-tabs-nav { display: none;}\n\n #uc_post_tabs_elementor_898c896.r-tabs .r-tabs-accordion-title { display: block;}\n #uc_post_tabs_elementor_898c896 .r-tabs-anchor{ \n      display:flex;\n      align-items:center;\n      overflow:hidden; \n   \t  justify-content: space-between;\n }\n  \n #uc_post_tabs_elementor_898c896 .uc-tabs-accordion-title{\n     flex-grow:1;\n }\n  \n #uc_post_tabs_elementor_898c896 .r-tabs-accordion-title .uc-accordion-icon-collapse{\n    display:none;    \n }\n  \n #uc_post_tabs_elementor_898c896 .r-tabs-accordion-title.r-tabs-state-active .uc-accordion-icon-collapse{\n    display:block;\n }\n  \n #uc_post_tabs_elementor_898c896 .r-tabs-accordion-title.r-tabs-state-active .uc-accordion-icon-expand{\n    display:none;\n }\n  \n #uc_post_tabs_elementor_898c896 .ue-item-content-layout{\n    display:flex;\n    flex-direction:column;\n }\n\n #uc_post_tabs_elementor_898c896 .ue-item-image-wrapper{\n \twidth:100%;\n }\n\n #uc_post_tabs_elementor_898c896 .uc-tabs-accordion-title{\n    display:flex;\n    align-items:center;\n }\n\n #uc_post_tabs_elementor_898c896 .panel-container{\n   width:100%;\n }   \n  \n}\n\n\n\n\n<\/style>\n\n\t\t\t<div class=\"uc_bold_tabs ue_post_tabs   \" id=\"uc_post_tabs_elementor_898c896\" data-scrolltohead=\"off\" data-close-active=\"false\"  >\n    \t<ul class=\"tabs uc-items-wrapper ue-tab-btns\">\n        \t<li>\n  <a href=\"#btss-1uc_post_tabs_elementor_898c896\">\n        Rewolucja w opiece stomatologicznej: jak najnowocze\u015bniejsze narz\u0119dzia Clove zmieniaj\u0105 zasady gry                  <\/a>\n<\/li>\n\n        <\/ul>\n        <div class=\"panel-container uc-items-wrapper2\">\n\t\t\t<div id=\"btss-1uc_post_tabs_elementor_898c896\" class=\"tab-container panes\" >\n  <div class=\"ue_post_tabs_container\">\n           <div class=\"ue_post_image\">\n                  <img fetchpriority=\"high\" decoding=\"async\" src=\"https:\/\/clovedental.co\/wp-content\/uploads\/2023\/12\/Projekt-bez-nazwy-4-1-768x432.png\"  src=\"https:\/\/clovedental.co\/wp-content\/uploads\/2023\/12\/Projekt-bez-nazwy-4-1-768x432.png\" alt=\"Projekt bez nazwy (4)\" width=\"768\" height=\"432\">\n                <\/div>\n        <div class=\"ue_post_tab_content\">\n            <div class=\"ue_post_date\">25 stycznia 2024<\/div>      \n      \n      \n      \t\t  \n      \t  <div class=\"ue-meta-data\">\n                                    \n        \n\t\t\t\n                        \n                        \n                        \n                        \n            \t\t\t\n              \n            \n          <\/div>\n      \n      <div class=\"ue_post_intro\">&nbsp;\n\nInnowacja u podstaw\nPodr\u00f3\u017c Clove w rewolucjonizowaniu opieki stomatologicznej rozpocz\u0119\u0142a si\u0119...<\/div>            <div><a class=\"ue_post_link \" href=\"https:\/\/clovedental.co\/pl\/rewolucja-w-opiece-stomatologicznej-jak-najnowoczesniejsze-narzedzia-clove-zmieniaja-zasady-gry\/\" target=\"_self\" href='https:\/\/clovedental.co\/pl\/rewolucja-w-opiece-stomatologicznej-jak-najnowoczesniejsze-narzedzia-clove-zmieniaja-zasady-gry\/' >Read More<\/a><\/div>    <\/div>\n  <\/div> \n<\/div>\n\n        <\/div>\n\n    <div class=\"uc-accordion-contents-template\" style=\"display:none\">\n      <div class=\"uc-accordion-icon\">\n        <span class=\"uc-accordion-icon-expand\"><i class='fas fa-plus'><\/i><\/span>\n        <span class=\"uc-accordion-icon-collapse\"><i class='fas fa-minus'><\/i><\/span>\n      <\/div>\n    <\/div>\n\n<\/div>\n\t\t\t<!-- end Post Tabs -->\t\t<\/div>\n\t\t\t\t<\/div>\n\t\t\t\t\t<\/div>\n\t\t<\/div>\n\t\t\t\t\t<\/div>\n\t\t<\/section>\n\t\t\t\t<\/div>\n\t\t","protected":false},"excerpt":{"rendered":"<p>BLOG Revolutionizing Dental Care: How Clove&#8217;s Cutting-Edge Tools Are Changing the Game 25 January 2024 &nbsp; Innovation at the Core Clove&#8217;s journey in revolutionizing dental care started with a vision&#8230; Read More<\/p>\n","protected":false},"author":2,"featured_media":0,"parent":0,"menu_order":0,"comment_status":"closed","ping_status":"closed","template":"","meta":{"site-sidebar-layout":"no-sidebar","site-content-layout":"","ast-site-content-layout":"","site-content-style":"default","site-sidebar-style":"default","ast-global-header-display":"","ast-banner-title-visibility":"","ast-main-header-display":"","ast-hfb-above-header-display":"","ast-hfb-below-header-display":"","ast-hfb-mobile-header-display":"","site-post-title":"disabled","ast-breadcrumbs-content":"","ast-featured-img":"disabled","footer-sml-layout":"","theme-transparent-header-meta":"","adv-header-id-meta":"","stick-header-meta":"","header-above-stick-meta":"","header-main-stick-meta":"","header-below-stick-meta":"","astra-migrate-meta-layouts":"","ast-page-background-enabled":"default","ast-page-background-meta":{"desktop":{"background-color":"var(--ast-global-color-4)","background-image":"","background-repeat":"repeat","background-position":"center center","background-size":"auto","background-attachment":"scroll","background-type":"","background-media":"","overlay-type":"","overlay-color":"","overlay-gradient":""},"tablet":{"background-color":"","background-image":"","background-repeat":"repeat","background-position":"center center","background-size":"auto","background-attachment":"scroll","background-type":"","background-media":"","overlay-type":"","overlay-color":"","overlay-gradient":""},"mobile":{"background-color":"","background-image":"","background-repeat":"repeat","background-position":"center center","background-size":"auto","background-attachment":"scroll","background-type":"","background-media":"","overlay-type":"","overlay-color":"","overlay-gradient":""}},"ast-content-background-meta":{"desktop":{"background-color":"var(--ast-global-color-5)","background-image":"","background-repeat":"repeat","background-position":"center center","background-size":"auto","background-attachment":"scroll","background-type":"","background-media":"","overlay-type":"","overlay-color":"","overlay-gradient":""},"tablet":{"background-color":"var(--ast-global-color-5)","background-image":"","background-repeat":"repeat","background-position":"center center","background-size":"auto","background-attachment":"scroll","background-type":"","background-media":"","overlay-type":"","overlay-color":"","overlay-gradient":""},"mobile":{"background-color":"var(--ast-global-color-5)","background-image":"","background-repeat":"repeat","background-position":"center center","background-size":"auto","background-attachment":"scroll","background-type":"","background-media":"","overlay-type":"","overlay-color":"","overlay-gradient":""}},"footnotes":""},"class_list":["post-5393","page","type-page","status-publish","hentry"],"acf":[],"yoast_head":"<!-- This site is optimized with the Yoast SEO plugin v21.9.1 - https:\/\/yoast.com\/wordpress\/plugins\/seo\/ -->\n<title>Blog | clovedental.co<\/title>\n<meta name=\"robots\" content=\"index, follow, max-snippet:-1, max-image-preview:large, max-video-preview:-1\" \/>\n<link rel=\"canonical\" href=\"https:\/\/clovedental.co\/pl\/blog\/\" \/>\n<meta property=\"og:locale\" content=\"pl_PL\" \/>\n<meta property=\"og:type\" content=\"article\" \/>\n<meta property=\"og:title\" content=\"Blog | clovedental.co\" \/>\n<meta property=\"og:description\" content=\"BLOG Revolutionizing Dental Care: How Clove&#8217;s Cutting-Edge Tools Are Changing the Game 25 January 2024 &nbsp; Innovation at the Core Clove&#8217;s journey in revolutionizing dental care started with a vision&#8230; Read More\" \/>\n<meta property=\"og:url\" content=\"https:\/\/clovedental.co\/pl\/blog\/\" \/>\n<meta property=\"og:site_name\" content=\"clovedental.co\" \/>\n<meta property=\"article:modified_time\" content=\"2024-02-01T13:46:58+00:00\" \/>\n<meta property=\"og:image\" content=\"https:\/\/clovedental.co\/wp-content\/uploads\/2023\/12\/Projekt-bez-nazwy-4-1-768x432.png\" \/>\n<meta name=\"twitter:card\" content=\"summary_large_image\" \/>\n<script type=\"application\/ld+json\" class=\"yoast-schema-graph\">{\"@context\":\"https:\/\/schema.org\",\"@graph\":[{\"@type\":\"WebPage\",\"@id\":\"https:\/\/clovedental.co\/pl\/blog\/\",\"url\":\"https:\/\/clovedental.co\/pl\/blog\/\",\"name\":\"Blog | clovedental.co\",\"isPartOf\":{\"@id\":\"https:\/\/clovedental.co\/pl\/#website\"},\"datePublished\":\"2024-01-31T16:43:29+00:00\",\"dateModified\":\"2024-02-01T13:46:58+00:00\",\"breadcrumb\":{\"@id\":\"https:\/\/clovedental.co\/pl\/blog\/#breadcrumb\"},\"inLanguage\":\"pl-PL\",\"potentialAction\":[{\"@type\":\"ReadAction\",\"target\":[\"https:\/\/clovedental.co\/pl\/blog\/\"]}]},{\"@type\":\"BreadcrumbList\",\"@id\":\"https:\/\/clovedental.co\/pl\/blog\/#breadcrumb\",\"itemListElement\":[{\"@type\":\"ListItem\",\"position\":1,\"name\":\"Strona g\u0142\u00f3wna\",\"item\":\"https:\/\/clovedental.co\/pl\/\"},{\"@type\":\"ListItem\",\"position\":2,\"name\":\"Blog\"}]},{\"@type\":\"WebSite\",\"@id\":\"https:\/\/clovedental.co\/pl\/#website\",\"url\":\"https:\/\/clovedental.co\/pl\/\",\"name\":\"Manufacturer of Dental and Surgical Instruments\",\"description\":\"Details are the Key\",\"publisher\":{\"@id\":\"https:\/\/clovedental.co\/pl\/#organization\"},\"alternateName\":\"Dental and Surgical Instruments\",\"potentialAction\":[{\"@type\":\"SearchAction\",\"target\":{\"@type\":\"EntryPoint\",\"urlTemplate\":\"https:\/\/clovedental.co\/pl\/?s={search_term_string}\"},\"query-input\":\"required name=search_term_string\"}],\"inLanguage\":\"pl-PL\"},{\"@type\":\"Organization\",\"@id\":\"https:\/\/clovedental.co\/pl\/#organization\",\"name\":\"clovedental.co\",\"alternateName\":\"Clove\",\"url\":\"https:\/\/clovedental.co\/pl\/\",\"logo\":{\"@type\":\"ImageObject\",\"inLanguage\":\"pl-PL\",\"@id\":\"https:\/\/clovedental.co\/pl\/#\/schema\/logo\/image\/\",\"url\":\"https:\/\/clovedental.co\/wp-content\/uploads\/2023\/12\/LOGO_CLOVE.png\",\"contentUrl\":\"https:\/\/clovedental.co\/wp-content\/uploads\/2023\/12\/LOGO_CLOVE.png\",\"width\":1400,\"height\":1400,\"caption\":\"clovedental.co\"},\"image\":{\"@id\":\"https:\/\/clovedental.co\/pl\/#\/schema\/logo\/image\/\"}}]}<\/script>\n<!-- \/ Yoast SEO plugin. -->","yoast_head_json":{"title":"Blog | clovedental.co","robots":{"index":"index","follow":"follow","max-snippet":"max-snippet:-1","max-image-preview":"max-image-preview:large","max-video-preview":"max-video-preview:-1"},"canonical":"https:\/\/clovedental.co\/pl\/blog\/","og_locale":"pl_PL","og_type":"article","og_title":"Blog | clovedental.co","og_description":"BLOG Revolutionizing Dental Care: How Clove&#8217;s Cutting-Edge Tools Are Changing the Game 25 January 2024 &nbsp; Innovation at the Core Clove&#8217;s journey in revolutionizing dental care started with a vision&#8230; Read More","og_url":"https:\/\/clovedental.co\/pl\/blog\/","og_site_name":"clovedental.co","article_modified_time":"2024-02-01T13:46:58+00:00","og_image":[{"url":"https:\/\/clovedental.co\/wp-content\/uploads\/2023\/12\/Projekt-bez-nazwy-4-1-768x432.png"}],"twitter_card":"summary_large_image","schema":{"@context":"https:\/\/schema.org","@graph":[{"@type":"WebPage","@id":"https:\/\/clovedental.co\/pl\/blog\/","url":"https:\/\/clovedental.co\/pl\/blog\/","name":"Blog | clovedental.co","isPartOf":{"@id":"https:\/\/clovedental.co\/pl\/#website"},"datePublished":"2024-01-31T16:43:29+00:00","dateModified":"2024-02-01T13:46:58+00:00","breadcrumb":{"@id":"https:\/\/clovedental.co\/pl\/blog\/#breadcrumb"},"inLanguage":"pl-PL","potentialAction":[{"@type":"ReadAction","target":["https:\/\/clovedental.co\/pl\/blog\/"]}]},{"@type":"BreadcrumbList","@id":"https:\/\/clovedental.co\/pl\/blog\/#breadcrumb","itemListElement":[{"@type":"ListItem","position":1,"name":"Strona g\u0142\u00f3wna","item":"https:\/\/clovedental.co\/pl\/"},{"@type":"ListItem","position":2,"name":"Blog"}]},{"@type":"WebSite","@id":"https:\/\/clovedental.co\/pl\/#website","url":"https:\/\/clovedental.co\/pl\/","name":"Manufacturer of Dental and Surgical Instruments","description":"Details are the Key","publisher":{"@id":"https:\/\/clovedental.co\/pl\/#organization"},"alternateName":"Dental and Surgical Instruments","potentialAction":[{"@type":"SearchAction","target":{"@type":"EntryPoint","urlTemplate":"https:\/\/clovedental.co\/pl\/?s={search_term_string}"},"query-input":"required name=search_term_string"}],"inLanguage":"pl-PL"},{"@type":"Organization","@id":"https:\/\/clovedental.co\/pl\/#organization","name":"clovedental.co","alternateName":"Clove","url":"https:\/\/clovedental.co\/pl\/","logo":{"@type":"ImageObject","inLanguage":"pl-PL","@id":"https:\/\/clovedental.co\/pl\/#\/schema\/logo\/image\/","url":"https:\/\/clovedental.co\/wp-content\/uploads\/2023\/12\/LOGO_CLOVE.png","contentUrl":"https:\/\/clovedental.co\/wp-content\/uploads\/2023\/12\/LOGO_CLOVE.png","width":1400,"height":1400,"caption":"clovedental.co"},"image":{"@id":"https:\/\/clovedental.co\/pl\/#\/schema\/logo\/image\/"}}]}},"_links":{"self":[{"href":"https:\/\/clovedental.co\/pl\/wp-json\/wp\/v2\/pages\/5393","targetHints":{"allow":["GET"]}}],"collection":[{"href":"https:\/\/clovedental.co\/pl\/wp-json\/wp\/v2\/pages"}],"about":[{"href":"https:\/\/clovedental.co\/pl\/wp-json\/wp\/v2\/types\/page"}],"author":[{"embeddable":true,"href":"https:\/\/clovedental.co\/pl\/wp-json\/wp\/v2\/users\/2"}],"replies":[{"embeddable":true,"href":"https:\/\/clovedental.co\/pl\/wp-json\/wp\/v2\/comments?post=5393"}],"version-history":[{"count":6,"href":"https:\/\/clovedental.co\/pl\/wp-json\/wp\/v2\/pages\/5393\/revisions"}],"predecessor-version":[{"id":5413,"href":"https:\/\/clovedental.co\/pl\/wp-json\/wp\/v2\/pages\/5393\/revisions\/5413"}],"wp:attachment":[{"href":"https:\/\/clovedental.co\/pl\/wp-json\/wp\/v2\/media?parent=5393"}],"curies":[{"name":"wp","href":"https:\/\/api.w.org\/{rel}","templated":true}]}}