{"id":4175,"date":"2024-01-10T08:36:28","date_gmt":"2024-01-10T08:36:28","guid":{"rendered":"https:\/\/clovedental.co\/product\/suwmiarka-stomatologiczna-dwustronna-ortodontyczna-0-80-mm\/"},"modified":"2024-01-10T08:41:16","modified_gmt":"2024-01-10T08:41:16","slug":"suwmiarka-stomatologiczna-dwustronna-ortodontyczna-0-80-mm","status":"publish","type":"product","link":"https:\/\/clovedental.co\/pl\/produkt\/suwmiarka-stomatologiczna-dwustronna-ortodontyczna-0-80-mm\/","title":{"rendered":"Suwmiarka stomatologiczna dwustronna ortodontyczna 0-80 mm"},"content":{"rendered":"<p class=\"p1\"><span class=\"s1\" style=\"font-family: arial, helvetica, sans-serif; font-size: 10pt;\">Precyzyjna <strong>suwmiarka stomatologiczna<\/strong> dwustronna typu\u00a0Z\u00fcrcher do pomiar\u00f3w zewn\u0119trznych i wewn\u0119trznych z limitem w zakresie 0-80mm. <span style=\"text-decoration: underline;\">Suwmiarka ortodontyczna<\/span> z odczytem noniuszowym jest nadal jedn\u0105 z najbardziej dok\u0142adnych suwmiarek do pomiaru szeroko\u015bci z\u0119b\u00f3w. Znajduje swoje zastosowanie w\u015br\u00f3d lekarzy profesjonalist\u00f3w w gabinetach stomatologicznych. Uniwersalne narz\u0119dzie z certyfikatem potwierdzaj\u0105cych wysok\u0105 klas\u0119 dok\u0142adno\u015bci. Budowa instrumentu zapewnia precyzyjny odczyt pomiaru.<span class=\"Apple-converted-space\">\u00a0<\/span><\/span><\/p>\n<p><\/br><\/p>\n<h2 class=\"p1\"><span class=\"s1\" style=\"font-size: 10pt; font-family: arial, helvetica, sans-serif;\">Specyfikacja suwmiarki dentystycznej noniuszowej\u00a0Zurcher 0-80 mm<\/span><\/h2>\n<p><\/br><\/p>\n<p class=\"p1\"><span class=\"s1\" style=\"font-family: arial, helvetica, sans-serif; font-size: 10pt;\"><em>Suwmiarka wewn\u0119trzna<\/em> posiada d\u0142ugie rami\u0119 oraz szcz\u0119ki z tolerancj\u0105. Zosta\u0142a wyposa\u017cona w skal\u0119 milimetrow\u0105, jedno nieruchome rami\u0119 poprzeczne wyznaczaj\u0105ce pocz\u0105tek skali pomiarowej oraz drugie przesuwaj\u0105ce si\u0119 wzd\u0142u\u017c prowadnicy. Dok\u0142adno\u015b\u0107 odczytu ustala si\u0119 bezpo\u015brednio na skali milimetrowej pomi\u0119dzy ramionami. Cech\u0105 charakterystyczn\u0105 dok\u0142adnej suwmiarki ortodontycznej jest grubo\u015b\u0107 szcz\u0119k no\u017cowych, kt\u00f3re powinny by\u0107 umieszczane jak najbli\u017cej anatomicznych punkt\u00f3w stycznych z\u0119b\u00f3w.<span class=\"Apple-converted-space\">\u00a0<\/span><\/span><\/p>\n<p><\/br><\/p>\n<ul><\/br><\/p>\n<li class=\"p1\"><span class=\"s1\" style=\"font-family: arial, helvetica, sans-serif; font-size: 10pt;\">d\u0142ugo\u015b\u0107 ca\u0142kowita 125 mm<span class=\"Apple-converted-space\">\u00a0<\/span><\/span><\/li>\n<p><\/br><\/p>\n<li class=\"p1\"><span class=\"s1\" style=\"font-family: arial, helvetica, sans-serif; font-size: 10pt;\">zakres pomiaru 0-80 mm<span class=\"Apple-converted-space\">\u00a0<\/span><\/span><\/li>\n<p><\/br><\/p>\n<li class=\"p1\"><span class=\"s1\" style=\"font-family: arial, helvetica, sans-serif; font-size: 10pt;\">niepewno\u015b\u0107 pomiarowa (b\u0142\u0105d pomiaru) do 0,1 mm<\/span><\/li>\n<p><\/br><\/p>\n<li class=\"p1\"><span class=\"s1\" style=\"font-family: arial, helvetica, sans-serif; font-size: 10pt;\">manualna, r\u0119czna<\/span><\/li>\n<p><\/br><\/ul>\n<p><\/br><\/p>\n<h2 class=\"p2\"><span style=\"font-size: 10pt; font-family: arial, helvetica, sans-serif;\">Zalety korzystania z suwmiarki ortodontycznej<\/span><\/h2>\n<p><\/br><\/p>\n<ul><\/br><\/p>\n<li class=\"p1\"><span class=\"s1\" style=\"font-family: arial, helvetica, sans-serif; font-size: 10pt;\">precyzyjne ko\u0144c\u00f3wki do pomiar\u00f3w zewn\u0119trznych i wewn\u0119trznych<\/span><\/li>\n<p><\/br><\/p>\n<li class=\"p1\"><span class=\"s1\" style=\"font-family: arial, helvetica, sans-serif; font-size: 10pt;\">dok\u0142adny odczyt diagnostyczny podczas pracy<span class=\"Apple-converted-space\">\u00a0<\/span><\/span><\/li>\n<p><\/br><\/p>\n<li class=\"p1\"><span class=\"s1\" style=\"font-family: arial, helvetica, sans-serif; font-size: 10pt;\">idealna do pomiar\u00f3w wewn\u0105trzustnych<\/span><\/li>\n<p><\/br><\/p>\n<li class=\"p1\"><span class=\"s1\" style=\"font-family: arial, helvetica, sans-serif; font-size: 10pt;\">posiada skal\u0119 do pomiar\u00f3w nagryzu poziomego i g\u0142\u0119boko\u015bciomierz<\/span><\/li>\n<p><\/br><\/ul>\n<p><\/br><\/p>\n<p class=\"p1\"><span class=\"s1\" style=\"font-family: arial, helvetica, sans-serif; font-size: 10pt;\">Narz\u0119dzie wykonane s\u0105 z wysokiej jako\u015bci stali nierdzewnej. Posiada certyfikaty oraz spe\u0142nia wszelkie normy i dyrektywy UE. Produkt oznakowany znakiem CE oraz ISO. Przeznaczony do wielokrotnego stosowania oraz sterylizacji. Instrument doskonale spe\u0142nia swoje zadanie i posiada bardzo prost\u0105 zasad\u0119 dzia\u0142ania na podstawie prowadnicy.<\/span><\/p>\n","protected":false},"excerpt":{"rendered":"<p>Precyzyjna suwmiarka stomatologiczna dwustronna typu\u00a0Z\u00fcrcher do pomiar\u00f3w zewn\u0119trznych i wewn\u0119trznych z limitem w zakresie 0-80mm. Suwmiarka ortodontyczna z odczytem noniuszowym jest nadal jedn\u0105 z najbardziej dok\u0142adnych suwmiarek do pomiaru szeroko\u015bci z\u0119b\u00f3w. Znajduje swoje zastosowanie w\u015br\u00f3d lekarzy profesjonalist\u00f3w w gabinetach stomatologicznych. Uniwersalne narz\u0119dzie z certyfikatem potwierdzaj\u0105cych wysok\u0105 klas\u0119 dok\u0142adno\u015bci. Budowa instrumentu zapewnia precyzyjny odczyt pomiaru.\u00a0 Specyfikacja &hellip;<\/p>\n<p class=\"read-more\"> <a class=\"\" href=\"https:\/\/clovedental.co\/pl\/produkt\/suwmiarka-stomatologiczna-dwustronna-ortodontyczna-0-80-mm\/\"> <span class=\"screen-reader-text\">Suwmiarka stomatologiczna dwustronna ortodontyczna 0-80 mm<\/span> Read More &raquo;<\/a><\/p>\n","protected":false},"featured_media":742,"template":"","meta":{"site-sidebar-layout":"default","site-content-layout":"","ast-site-content-layout":"","site-content-style":"default","site-sidebar-style":"default","ast-global-header-display":"","ast-banner-title-visibility":"","ast-main-header-display":"","ast-hfb-above-header-display":"","ast-hfb-below-header-display":"","ast-hfb-mobile-header-display":"","site-post-title":"","ast-breadcrumbs-content":"","ast-featured-img":"","footer-sml-layout":"","theme-transparent-header-meta":"default","adv-header-id-meta":"","stick-header-meta":"","header-above-stick-meta":"","header-main-stick-meta":"","header-below-stick-meta":"","astra-migrate-meta-layouts":"","ast-page-background-enabled":"default","ast-page-background-meta":{"desktop":{"background-color":"var(--ast-global-color-4)","background-image":"","background-repeat":"repeat","background-position":"center center","background-size":"auto","background-attachment":"scroll","background-type":"","background-media":"","overlay-type":"","overlay-color":"","overlay-gradient":""},"tablet":{"background-color":"","background-image":"","background-repeat":"repeat","background-position":"center center","background-size":"auto","background-attachment":"scroll","background-type":"","background-media":"","overlay-type":"","overlay-color":"","overlay-gradient":""},"mobile":{"background-color":"","background-image":"","background-repeat":"repeat","background-position":"center center","background-size":"auto","background-attachment":"scroll","background-type":"","background-media":"","overlay-type":"","overlay-color":"","overlay-gradient":""}},"ast-content-background-meta":{"desktop":{"background-color":"var(--ast-global-color-5)","background-image":"","background-repeat":"repeat","background-position":"center center","background-size":"auto","background-attachment":"scroll","background-type":"","background-media":"","overlay-type":"","overlay-color":"","overlay-gradient":""},"tablet":{"background-color":"var(--ast-global-color-5)","background-image":"","background-repeat":"repeat","background-position":"center center","background-size":"auto","background-attachment":"scroll","background-type":"","background-media":"","overlay-type":"","overlay-color":"","overlay-gradient":""},"mobile":{"background-color":"var(--ast-global-color-5)","background-image":"","background-repeat":"repeat","background-position":"center center","background-size":"auto","background-attachment":"scroll","background-type":"","background-media":"","overlay-type":"","overlay-color":"","overlay-gradient":""}}},"product_cat":[425],"product_tag":[],"code":[51],"class_list":{"0":"post-4175","1":"product","2":"type-product","3":"status-publish","4":"has-post-thumbnail","6":"product_cat-ortodoncja","7":"code-09-105-017","8":"desktop-align-left","9":"tablet-align-left","10":"mobile-align-left","12":"first","13":"instock","14":"product-type-simple"},"acf":[],"yoast_head":"<!-- This site is optimized with the Yoast SEO plugin v21.9.1 - https:\/\/yoast.com\/wordpress\/plugins\/seo\/ -->\n<title>Suwmiarka stomatologiczna dwustronna ortodontyczna 0-80 mm | clovedental.co<\/title>\n<meta name=\"robots\" content=\"index, follow, max-snippet:-1, max-image-preview:large, max-video-preview:-1\" \/>\n<link rel=\"canonical\" href=\"https:\/\/clovedental.co\/pl\/produkt\/suwmiarka-stomatologiczna-dwustronna-ortodontyczna-0-80-mm\/\" \/>\n<meta property=\"og:locale\" content=\"pl_PL\" \/>\n<meta property=\"og:type\" content=\"article\" \/>\n<meta property=\"og:title\" content=\"Suwmiarka stomatologiczna dwustronna ortodontyczna 0-80 mm | clovedental.co\" \/>\n<meta property=\"og:description\" content=\"Precyzyjna suwmiarka stomatologiczna dwustronna typu\u00a0Z\u00fcrcher do pomiar\u00f3w zewn\u0119trznych i wewn\u0119trznych z limitem w zakresie 0-80mm. Suwmiarka ortodontyczna z odczytem noniuszowym jest nadal jedn\u0105 z najbardziej dok\u0142adnych suwmiarek do pomiaru szeroko\u015bci z\u0119b\u00f3w. Znajduje swoje zastosowanie w\u015br\u00f3d lekarzy profesjonalist\u00f3w w gabinetach stomatologicznych. Uniwersalne narz\u0119dzie z certyfikatem potwierdzaj\u0105cych wysok\u0105 klas\u0119 dok\u0142adno\u015bci. Budowa instrumentu zapewnia precyzyjny odczyt pomiaru.\u00a0 Specyfikacja &hellip; Suwmiarka stomatologiczna dwustronna ortodontyczna 0-80 mm Read More &raquo;\" \/>\n<meta property=\"og:url\" content=\"https:\/\/clovedental.co\/pl\/produkt\/suwmiarka-stomatologiczna-dwustronna-ortodontyczna-0-80-mm\/\" \/>\n<meta property=\"og:site_name\" content=\"clovedental.co\" \/>\n<meta property=\"article:modified_time\" content=\"2024-01-10T08:41:16+00:00\" \/>\n<meta property=\"og:image\" content=\"http:\/\/clovedental.co\/wp-content\/uploads\/2024\/01\/c7259fb0-bee0-4f4c-85df-813177e13e22.jpeg\" \/>\n\t<meta property=\"og:image:width\" content=\"1000\" \/>\n\t<meta property=\"og:image:height\" content=\"1000\" \/>\n\t<meta property=\"og:image:type\" content=\"image\/jpeg\" \/>\n<meta name=\"twitter:card\" content=\"summary_large_image\" \/>\n<meta name=\"twitter:label1\" content=\"Szacowany czas czytania\" \/>\n\t<meta name=\"twitter:data1\" content=\"1 minuta\" \/>\n<script type=\"application\/ld+json\" class=\"yoast-schema-graph\">{\"@context\":\"https:\/\/schema.org\",\"@graph\":[{\"@type\":\"WebPage\",\"@id\":\"https:\/\/clovedental.co\/pl\/produkt\/suwmiarka-stomatologiczna-dwustronna-ortodontyczna-0-80-mm\/\",\"url\":\"https:\/\/clovedental.co\/pl\/produkt\/suwmiarka-stomatologiczna-dwustronna-ortodontyczna-0-80-mm\/\",\"name\":\"Suwmiarka stomatologiczna dwustronna ortodontyczna 0-80 mm | clovedental.co\",\"isPartOf\":{\"@id\":\"https:\/\/clovedental.co\/pl\/#website\"},\"datePublished\":\"2024-01-10T08:36:28+00:00\",\"dateModified\":\"2024-01-10T08:41:16+00:00\",\"breadcrumb\":{\"@id\":\"https:\/\/clovedental.co\/pl\/produkt\/suwmiarka-stomatologiczna-dwustronna-ortodontyczna-0-80-mm\/#breadcrumb\"},\"inLanguage\":\"pl-PL\",\"potentialAction\":[{\"@type\":\"ReadAction\",\"target\":[\"https:\/\/clovedental.co\/pl\/produkt\/suwmiarka-stomatologiczna-dwustronna-ortodontyczna-0-80-mm\/\"]}]},{\"@type\":\"BreadcrumbList\",\"@id\":\"https:\/\/clovedental.co\/pl\/produkt\/suwmiarka-stomatologiczna-dwustronna-ortodontyczna-0-80-mm\/#breadcrumb\",\"itemListElement\":[{\"@type\":\"ListItem\",\"position\":1,\"name\":\"Strona g\u0142\u00f3wna\",\"item\":\"https:\/\/clovedental.co\/pl\/\"},{\"@type\":\"ListItem\",\"position\":2,\"name\":\"Sklep\",\"item\":\"https:\/\/clovedental.co\/products\/shop\/\"},{\"@type\":\"ListItem\",\"position\":3,\"name\":\"Suwmiarka stomatologiczna dwustronna ortodontyczna 0-80 mm\"}]},{\"@type\":\"WebSite\",\"@id\":\"https:\/\/clovedental.co\/pl\/#website\",\"url\":\"https:\/\/clovedental.co\/pl\/\",\"name\":\"Manufacturer of Dental and Surgical Instruments\",\"description\":\"Details are the Key\",\"publisher\":{\"@id\":\"https:\/\/clovedental.co\/pl\/#organization\"},\"alternateName\":\"Dental and Surgical Instruments\",\"potentialAction\":[{\"@type\":\"SearchAction\",\"target\":{\"@type\":\"EntryPoint\",\"urlTemplate\":\"https:\/\/clovedental.co\/pl\/?s={search_term_string}\"},\"query-input\":\"required name=search_term_string\"}],\"inLanguage\":\"pl-PL\"},{\"@type\":\"Organization\",\"@id\":\"https:\/\/clovedental.co\/pl\/#organization\",\"name\":\"clovedental.co\",\"alternateName\":\"Clove\",\"url\":\"https:\/\/clovedental.co\/pl\/\",\"logo\":{\"@type\":\"ImageObject\",\"inLanguage\":\"pl-PL\",\"@id\":\"https:\/\/clovedental.co\/pl\/#\/schema\/logo\/image\/\",\"url\":\"https:\/\/clovedental.co\/wp-content\/uploads\/2023\/12\/LOGO_CLOVE.png\",\"contentUrl\":\"https:\/\/clovedental.co\/wp-content\/uploads\/2023\/12\/LOGO_CLOVE.png\",\"width\":1400,\"height\":1400,\"caption\":\"clovedental.co\"},\"image\":{\"@id\":\"https:\/\/clovedental.co\/pl\/#\/schema\/logo\/image\/\"}}]}<\/script>\n<!-- \/ Yoast SEO plugin. -->","yoast_head_json":{"title":"Suwmiarka stomatologiczna dwustronna ortodontyczna 0-80 mm | clovedental.co","robots":{"index":"index","follow":"follow","max-snippet":"max-snippet:-1","max-image-preview":"max-image-preview:large","max-video-preview":"max-video-preview:-1"},"canonical":"https:\/\/clovedental.co\/pl\/produkt\/suwmiarka-stomatologiczna-dwustronna-ortodontyczna-0-80-mm\/","og_locale":"pl_PL","og_type":"article","og_title":"Suwmiarka stomatologiczna dwustronna ortodontyczna 0-80 mm | clovedental.co","og_description":"Precyzyjna suwmiarka stomatologiczna dwustronna typu\u00a0Z\u00fcrcher do pomiar\u00f3w zewn\u0119trznych i wewn\u0119trznych z limitem w zakresie 0-80mm. Suwmiarka ortodontyczna z odczytem noniuszowym jest nadal jedn\u0105 z najbardziej dok\u0142adnych suwmiarek do pomiaru szeroko\u015bci z\u0119b\u00f3w. Znajduje swoje zastosowanie w\u015br\u00f3d lekarzy profesjonalist\u00f3w w gabinetach stomatologicznych. Uniwersalne narz\u0119dzie z certyfikatem potwierdzaj\u0105cych wysok\u0105 klas\u0119 dok\u0142adno\u015bci. Budowa instrumentu zapewnia precyzyjny odczyt pomiaru.\u00a0 Specyfikacja &hellip; Suwmiarka stomatologiczna dwustronna ortodontyczna 0-80 mm Read More &raquo;","og_url":"https:\/\/clovedental.co\/pl\/produkt\/suwmiarka-stomatologiczna-dwustronna-ortodontyczna-0-80-mm\/","og_site_name":"clovedental.co","article_modified_time":"2024-01-10T08:41:16+00:00","og_image":[{"width":1000,"height":1000,"url":"http:\/\/clovedental.co\/wp-content\/uploads\/2024\/01\/c7259fb0-bee0-4f4c-85df-813177e13e22.jpeg","type":"image\/jpeg"}],"twitter_card":"summary_large_image","twitter_misc":{"Szacowany czas czytania":"1 minuta"},"schema":{"@context":"https:\/\/schema.org","@graph":[{"@type":"WebPage","@id":"https:\/\/clovedental.co\/pl\/produkt\/suwmiarka-stomatologiczna-dwustronna-ortodontyczna-0-80-mm\/","url":"https:\/\/clovedental.co\/pl\/produkt\/suwmiarka-stomatologiczna-dwustronna-ortodontyczna-0-80-mm\/","name":"Suwmiarka stomatologiczna dwustronna ortodontyczna 0-80 mm | clovedental.co","isPartOf":{"@id":"https:\/\/clovedental.co\/pl\/#website"},"datePublished":"2024-01-10T08:36:28+00:00","dateModified":"2024-01-10T08:41:16+00:00","breadcrumb":{"@id":"https:\/\/clovedental.co\/pl\/produkt\/suwmiarka-stomatologiczna-dwustronna-ortodontyczna-0-80-mm\/#breadcrumb"},"inLanguage":"pl-PL","potentialAction":[{"@type":"ReadAction","target":["https:\/\/clovedental.co\/pl\/produkt\/suwmiarka-stomatologiczna-dwustronna-ortodontyczna-0-80-mm\/"]}]},{"@type":"BreadcrumbList","@id":"https:\/\/clovedental.co\/pl\/produkt\/suwmiarka-stomatologiczna-dwustronna-ortodontyczna-0-80-mm\/#breadcrumb","itemListElement":[{"@type":"ListItem","position":1,"name":"Strona g\u0142\u00f3wna","item":"https:\/\/clovedental.co\/pl\/"},{"@type":"ListItem","position":2,"name":"Sklep","item":"https:\/\/clovedental.co\/products\/shop\/"},{"@type":"ListItem","position":3,"name":"Suwmiarka stomatologiczna dwustronna ortodontyczna 0-80 mm"}]},{"@type":"WebSite","@id":"https:\/\/clovedental.co\/pl\/#website","url":"https:\/\/clovedental.co\/pl\/","name":"Manufacturer of Dental and Surgical Instruments","description":"Details are the Key","publisher":{"@id":"https:\/\/clovedental.co\/pl\/#organization"},"alternateName":"Dental and Surgical Instruments","potentialAction":[{"@type":"SearchAction","target":{"@type":"EntryPoint","urlTemplate":"https:\/\/clovedental.co\/pl\/?s={search_term_string}"},"query-input":"required name=search_term_string"}],"inLanguage":"pl-PL"},{"@type":"Organization","@id":"https:\/\/clovedental.co\/pl\/#organization","name":"clovedental.co","alternateName":"Clove","url":"https:\/\/clovedental.co\/pl\/","logo":{"@type":"ImageObject","inLanguage":"pl-PL","@id":"https:\/\/clovedental.co\/pl\/#\/schema\/logo\/image\/","url":"https:\/\/clovedental.co\/wp-content\/uploads\/2023\/12\/LOGO_CLOVE.png","contentUrl":"https:\/\/clovedental.co\/wp-content\/uploads\/2023\/12\/LOGO_CLOVE.png","width":1400,"height":1400,"caption":"clovedental.co"},"image":{"@id":"https:\/\/clovedental.co\/pl\/#\/schema\/logo\/image\/"}}]}},"_links":{"self":[{"href":"https:\/\/clovedental.co\/pl\/wp-json\/wp\/v2\/product\/4175","targetHints":{"allow":["GET"]}}],"collection":[{"href":"https:\/\/clovedental.co\/pl\/wp-json\/wp\/v2\/product"}],"about":[{"href":"https:\/\/clovedental.co\/pl\/wp-json\/wp\/v2\/types\/product"}],"wp:featuredmedia":[{"embeddable":true,"href":"https:\/\/clovedental.co\/pl\/wp-json\/wp\/v2\/media\/742"}],"wp:attachment":[{"href":"https:\/\/clovedental.co\/pl\/wp-json\/wp\/v2\/media?parent=4175"}],"wp:term":[{"taxonomy":"product_cat","embeddable":true,"href":"https:\/\/clovedental.co\/pl\/wp-json\/wp\/v2\/product_cat?post=4175"},{"taxonomy":"product_tag","embeddable":true,"href":"https:\/\/clovedental.co\/pl\/wp-json\/wp\/v2\/product_tag?post=4175"},{"taxonomy":"code","embeddable":true,"href":"https:\/\/clovedental.co\/pl\/wp-json\/wp\/v2\/code?post=4175"}],"curies":[{"name":"wp","href":"https:\/\/api.w.org\/{rel}","templated":true}]}}