{"id":4221,"date":"2024-01-10T08:36:46","date_gmt":"2024-01-10T08:36:46","guid":{"rendered":"https:\/\/clovedental.co\/product\/kleszcze-ortodontyczne-do-ciecia-twardego-drutu\/"},"modified":"2024-01-10T08:41:42","modified_gmt":"2024-01-10T08:41:42","slug":"kleszcze-ortodontyczne-do-ciecia-twardego-drutu","status":"publish","type":"product","link":"https:\/\/clovedental.co\/pl\/produkt\/kleszcze-ortodontyczne-do-ciecia-twardego-drutu\/","title":{"rendered":"Kleszcze ortodontyczne do ci\u0119cia twardego drutu"},"content":{"rendered":"<p style=\"text-align: left;\"><span style=\"font-size: 10pt; font-family: arial, helvetica, sans-serif;\"><strong>Kleszcze ortodontyczne do ci\u0119cia twardego drutu\u00a0<\/strong>to narz\u0119dzie chirurgiczne specjalnie zaprojektowane do ci\u0119cia twardych materia\u0142\u00f3w stosowanych w produkcji wyrob\u00f3w medycznych a przede wszystkim s\u0142u\u017c\u0105 do precyzyjnego i szybkiego przeci\u0119cia twardego drutu ortodontycznego oraz elastycznych ligatur. Konstrukcja z zawiasami pude\u0142kowymi zapewnia d\u0142u\u017csz\u0105 trwa\u0142o\u015b\u0107 kleszczy. Ko\u0144c\u00f3wki tn\u0105ce <em>kleszczy stomatologicznych do ci\u0119cia twardego drutu<\/em> u\u0142o\u017cone s\u0105 r\u00f3wnolegle i wykonane ze stali nierdzewnej. Powierzchnia tn\u0105ca dodatkowo zawiera wk\u0142adki z w\u0119glika spiekanego, dzi\u0119ki czemu charakteryzuj\u0105 si\u0119 du\u017c\u0105 odporno\u015bci\u0105 na uszkodzenia mechaniczne, wysok\u0105 jako\u015bci\u0105 oraz wytrzyma\u0142o\u015bci\u0105.\u00a0Kleszcze do ci\u0119cia twardego drutu k\u0105towe 15\u00b0<strong>\u00a0<\/strong>posiadaj\u0105 niezwykle\u00a0praktyczn\u0105 i smuk\u0142\u0105 ko\u0144c\u00f3wk\u0119 \u015bci\u0119t\u0105 pod k\u0105tem 15\u00b0 oraz d\u0142ug\u0105 r\u0119koje\u015b\u0107\u00a0do u\u0142atwia dotarcie do trudno dost\u0119pnych miejsc np. z\u0119b\u00f3w trzonowych.<\/span><\/p>\n<p><\/br><\/p>\n<h1 style=\"text-align: left;\"><span style=\"font-size: 10pt; font-family: arial, helvetica, sans-serif;\">Paramenty kleszczy stomatologicznych do ci\u0119cia twardego drutu:<\/span><\/h1>\n<p><\/br><\/p>\n<ul style=\"text-align: left;\"><\/br><\/p>\n<li><span style=\"font-size: 10pt; font-family: arial, helvetica, sans-serif;\">d\u0142ugo\u015b\u0107\u00a0produktu standard: 14cm<\/span><\/li>\n<p><\/br><\/p>\n<li><span style=\"font-size: 10pt; font-family: arial, helvetica, sans-serif;\">d\u0142ugo\u015b\u0107 produktu premium: 12,5cm<\/span><\/li>\n<p><\/br><\/p>\n<li><span style=\"font-size: 10pt; font-family: arial, helvetica, sans-serif;\">szeroko\u015b\u0107 cz\u0119\u015bci pracuj\u0105cej 4 mm<\/span><\/li>\n<p><\/br><\/p>\n<li><span style=\"font-size: 10pt; font-family: arial, helvetica, sans-serif;\">d\u0142ugo\u015b\u0107\u00a0cz\u0119\u015bci pracuj\u0105cej 9 mm<\/span><\/li>\n<p><\/br><\/p>\n<li><span style=\"font-size: 10pt; font-family: arial, helvetica, sans-serif;\">powierzchnia tn\u0105ca zawieraj\u0105ca wk\u0142adki z w\u0119glika spiekanego<\/span><\/li>\n<p><\/br><\/p>\n<li><span style=\"font-size: 13.3333px; font-family: arial, helvetica, sans-serif;\">niemiecka stal nierdzewna (standard)<\/span><\/li>\n<p><\/br><\/p>\n<li><span style=\"font-size: 13.3333px; font-family: arial, helvetica, sans-serif;\">japo\u0144ska stal nierdzewna &#8211; AISI 420 (premium)<\/span><\/li>\n<p><\/br><\/ul>\n<p><\/br><\/p>\n<h2 style=\"text-align: left;\"><span style=\"font-size: 10pt; font-family: arial, helvetica, sans-serif;\">Zalety stosowania kleszczy ortodontycznych do ci\u0119cia twardego drutu:<\/span><\/h2>\n<p><\/br><\/p>\n<ul style=\"text-align: left;\"><\/br><\/p>\n<li><span style=\"font-size: 10pt; font-family: arial, helvetica, sans-serif;\">wysoki niemiecki standard wykonania<\/span><\/li>\n<p><\/br><\/p>\n<li><span style=\"font-size: 10pt; font-family: arial, helvetica, sans-serif;\">wysoka jako\u015b\u0107 i wytrzyma\u0142o\u015b\u0107 narz\u0119dzia<\/span><\/li>\n<p><\/br><\/p>\n<li><span style=\"font-size: 10pt; font-family: arial, helvetica, sans-serif;\">powierzchnia tn\u0105ca dodatkowo utwardzona<\/span><\/li>\n<p><\/br><\/p>\n<li><span style=\"font-size: 10pt; font-family: arial, helvetica, sans-serif;\">mo\u017cna wielokrotnie dezynfekowa\u0107 i sterylizowa\u0107 w autoklawie<\/span><\/li>\n<p><\/br><\/p>\n<li><span style=\"font-size: 10pt; font-family: arial, helvetica, sans-serif;\">dwu letnia gwarancja producenta<\/span><\/li>\n<p><\/br><\/ul>\n<p><\/br><\/p>\n<p style=\"text-align: left;\"><span style=\"font-size: 10pt; font-family: arial, helvetica, sans-serif;\">Linia narz\u0119dzi chirurgicznych o niemieckiej jako\u015bci wykonania zawieraj\u0105ca dodatkowo wk\u0142adkami z w\u0119glika spiekanego. Charakteryzuj\u0105 si\u0119 wysok\u0105 ergonomi\u0105 oraz jako\u015bci\u0105. Narz\u0119dzia nale\u017cy podda\u0107 sterylizacji przez osob\u0119 kwalifikowana przed pierwszym u\u017cyciem. Posiadaj\u0105 certyfikaty jako\u015bci ISO 9001:2008 oraz CE.<\/span><\/p>\n","protected":false},"excerpt":{"rendered":"<p>Kleszcze ortodontyczne do ci\u0119cia twardego drutu\u00a0to narz\u0119dzie chirurgiczne specjalnie zaprojektowane do ci\u0119cia twardych materia\u0142\u00f3w stosowanych w produkcji wyrob\u00f3w medycznych a przede wszystkim s\u0142u\u017c\u0105 do precyzyjnego i szybkiego przeci\u0119cia twardego drutu ortodontycznego oraz elastycznych ligatur. Konstrukcja z zawiasami pude\u0142kowymi zapewnia d\u0142u\u017csz\u0105 trwa\u0142o\u015b\u0107 kleszczy. Ko\u0144c\u00f3wki tn\u0105ce kleszczy stomatologicznych do ci\u0119cia twardego drutu u\u0142o\u017cone s\u0105 r\u00f3wnolegle i wykonane &hellip;<\/p>\n<p class=\"read-more\"> <a class=\"\" href=\"https:\/\/clovedental.co\/pl\/produkt\/kleszcze-ortodontyczne-do-ciecia-twardego-drutu\/\"> <span class=\"screen-reader-text\">Kleszcze ortodontyczne do ci\u0119cia twardego drutu<\/span> Read More &raquo;<\/a><\/p>\n","protected":false},"featured_media":830,"template":"","meta":{"site-sidebar-layout":"default","site-content-layout":"","ast-site-content-layout":"","site-content-style":"default","site-sidebar-style":"default","ast-global-header-display":"","ast-banner-title-visibility":"","ast-main-header-display":"","ast-hfb-above-header-display":"","ast-hfb-below-header-display":"","ast-hfb-mobile-header-display":"","site-post-title":"","ast-breadcrumbs-content":"","ast-featured-img":"","footer-sml-layout":"","theme-transparent-header-meta":"default","adv-header-id-meta":"","stick-header-meta":"","header-above-stick-meta":"","header-main-stick-meta":"","header-below-stick-meta":"","astra-migrate-meta-layouts":"","ast-page-background-enabled":"default","ast-page-background-meta":{"desktop":{"background-color":"var(--ast-global-color-4)","background-image":"","background-repeat":"repeat","background-position":"center center","background-size":"auto","background-attachment":"scroll","background-type":"","background-media":"","overlay-type":"","overlay-color":"","overlay-gradient":""},"tablet":{"background-color":"","background-image":"","background-repeat":"repeat","background-position":"center center","background-size":"auto","background-attachment":"scroll","background-type":"","background-media":"","overlay-type":"","overlay-color":"","overlay-gradient":""},"mobile":{"background-color":"","background-image":"","background-repeat":"repeat","background-position":"center center","background-size":"auto","background-attachment":"scroll","background-type":"","background-media":"","overlay-type":"","overlay-color":"","overlay-gradient":""}},"ast-content-background-meta":{"desktop":{"background-color":"var(--ast-global-color-5)","background-image":"","background-repeat":"repeat","background-position":"center center","background-size":"auto","background-attachment":"scroll","background-type":"","background-media":"","overlay-type":"","overlay-color":"","overlay-gradient":""},"tablet":{"background-color":"var(--ast-global-color-5)","background-image":"","background-repeat":"repeat","background-position":"center center","background-size":"auto","background-attachment":"scroll","background-type":"","background-media":"","overlay-type":"","overlay-color":"","overlay-gradient":""},"mobile":{"background-color":"var(--ast-global-color-5)","background-image":"","background-repeat":"repeat","background-position":"center center","background-size":"auto","background-attachment":"scroll","background-type":"","background-media":"","overlay-type":"","overlay-color":"","overlay-gradient":""}}},"product_cat":[425],"product_tag":[],"code":[100],"class_list":{"0":"post-4221","1":"product","2":"type-product","3":"status-publish","4":"has-post-thumbnail","6":"product_cat-ortodoncja","7":"code-09-105-159","8":"desktop-align-left","9":"tablet-align-left","10":"mobile-align-left","12":"first","13":"instock","14":"product-type-simple"},"acf":[],"yoast_head":"<!-- This site is optimized with the Yoast SEO plugin v21.9.1 - https:\/\/yoast.com\/wordpress\/plugins\/seo\/ -->\n<title>Kleszcze ortodontyczne do ci\u0119cia twardego drutu | clovedental.co<\/title>\n<meta name=\"robots\" content=\"index, follow, max-snippet:-1, max-image-preview:large, max-video-preview:-1\" \/>\n<link rel=\"canonical\" href=\"https:\/\/clovedental.co\/pl\/produkt\/kleszcze-ortodontyczne-do-ciecia-twardego-drutu\/\" \/>\n<meta property=\"og:locale\" content=\"pl_PL\" \/>\n<meta property=\"og:type\" content=\"article\" \/>\n<meta property=\"og:title\" content=\"Kleszcze ortodontyczne do ci\u0119cia twardego drutu | clovedental.co\" \/>\n<meta property=\"og:description\" content=\"Kleszcze ortodontyczne do ci\u0119cia twardego drutu\u00a0to narz\u0119dzie chirurgiczne specjalnie zaprojektowane do ci\u0119cia twardych materia\u0142\u00f3w stosowanych w produkcji wyrob\u00f3w medycznych a przede wszystkim s\u0142u\u017c\u0105 do precyzyjnego i szybkiego przeci\u0119cia twardego drutu ortodontycznego oraz elastycznych ligatur. Konstrukcja z zawiasami pude\u0142kowymi zapewnia d\u0142u\u017csz\u0105 trwa\u0142o\u015b\u0107 kleszczy. Ko\u0144c\u00f3wki tn\u0105ce kleszczy stomatologicznych do ci\u0119cia twardego drutu u\u0142o\u017cone s\u0105 r\u00f3wnolegle i wykonane &hellip; Kleszcze ortodontyczne do ci\u0119cia twardego drutu Read More &raquo;\" \/>\n<meta property=\"og:url\" content=\"https:\/\/clovedental.co\/pl\/produkt\/kleszcze-ortodontyczne-do-ciecia-twardego-drutu\/\" \/>\n<meta property=\"og:site_name\" content=\"clovedental.co\" \/>\n<meta property=\"article:modified_time\" content=\"2024-01-10T08:41:42+00:00\" \/>\n<meta property=\"og:image\" content=\"http:\/\/clovedental.co\/wp-content\/uploads\/2024\/01\/97bf729d-787f-4f23-922c-2646fee87806.jpeg\" \/>\n\t<meta property=\"og:image:width\" content=\"1200\" \/>\n\t<meta property=\"og:image:height\" content=\"1200\" \/>\n\t<meta property=\"og:image:type\" content=\"image\/jpeg\" \/>\n<meta name=\"twitter:card\" content=\"summary_large_image\" \/>\n<meta name=\"twitter:label1\" content=\"Szacowany czas czytania\" \/>\n\t<meta name=\"twitter:data1\" content=\"1 minuta\" \/>\n<script type=\"application\/ld+json\" class=\"yoast-schema-graph\">{\"@context\":\"https:\/\/schema.org\",\"@graph\":[{\"@type\":\"WebPage\",\"@id\":\"https:\/\/clovedental.co\/pl\/produkt\/kleszcze-ortodontyczne-do-ciecia-twardego-drutu\/\",\"url\":\"https:\/\/clovedental.co\/pl\/produkt\/kleszcze-ortodontyczne-do-ciecia-twardego-drutu\/\",\"name\":\"Kleszcze ortodontyczne do ci\u0119cia twardego drutu | clovedental.co\",\"isPartOf\":{\"@id\":\"https:\/\/clovedental.co\/pl\/#website\"},\"datePublished\":\"2024-01-10T08:36:46+00:00\",\"dateModified\":\"2024-01-10T08:41:42+00:00\",\"breadcrumb\":{\"@id\":\"https:\/\/clovedental.co\/pl\/produkt\/kleszcze-ortodontyczne-do-ciecia-twardego-drutu\/#breadcrumb\"},\"inLanguage\":\"pl-PL\",\"potentialAction\":[{\"@type\":\"ReadAction\",\"target\":[\"https:\/\/clovedental.co\/pl\/produkt\/kleszcze-ortodontyczne-do-ciecia-twardego-drutu\/\"]}]},{\"@type\":\"BreadcrumbList\",\"@id\":\"https:\/\/clovedental.co\/pl\/produkt\/kleszcze-ortodontyczne-do-ciecia-twardego-drutu\/#breadcrumb\",\"itemListElement\":[{\"@type\":\"ListItem\",\"position\":1,\"name\":\"Strona g\u0142\u00f3wna\",\"item\":\"https:\/\/clovedental.co\/pl\/\"},{\"@type\":\"ListItem\",\"position\":2,\"name\":\"Sklep\",\"item\":\"https:\/\/clovedental.co\/products\/shop\/\"},{\"@type\":\"ListItem\",\"position\":3,\"name\":\"Kleszcze ortodontyczne do ci\u0119cia twardego drutu\"}]},{\"@type\":\"WebSite\",\"@id\":\"https:\/\/clovedental.co\/pl\/#website\",\"url\":\"https:\/\/clovedental.co\/pl\/\",\"name\":\"Manufacturer of Dental and Surgical Instruments\",\"description\":\"Details are the Key\",\"publisher\":{\"@id\":\"https:\/\/clovedental.co\/pl\/#organization\"},\"alternateName\":\"Dental and Surgical Instruments\",\"potentialAction\":[{\"@type\":\"SearchAction\",\"target\":{\"@type\":\"EntryPoint\",\"urlTemplate\":\"https:\/\/clovedental.co\/pl\/?s={search_term_string}\"},\"query-input\":\"required name=search_term_string\"}],\"inLanguage\":\"pl-PL\"},{\"@type\":\"Organization\",\"@id\":\"https:\/\/clovedental.co\/pl\/#organization\",\"name\":\"clovedental.co\",\"alternateName\":\"Clove\",\"url\":\"https:\/\/clovedental.co\/pl\/\",\"logo\":{\"@type\":\"ImageObject\",\"inLanguage\":\"pl-PL\",\"@id\":\"https:\/\/clovedental.co\/pl\/#\/schema\/logo\/image\/\",\"url\":\"https:\/\/clovedental.co\/wp-content\/uploads\/2023\/12\/LOGO_CLOVE.png\",\"contentUrl\":\"https:\/\/clovedental.co\/wp-content\/uploads\/2023\/12\/LOGO_CLOVE.png\",\"width\":1400,\"height\":1400,\"caption\":\"clovedental.co\"},\"image\":{\"@id\":\"https:\/\/clovedental.co\/pl\/#\/schema\/logo\/image\/\"}}]}<\/script>\n<!-- \/ Yoast SEO plugin. -->","yoast_head_json":{"title":"Kleszcze ortodontyczne do ci\u0119cia twardego drutu | clovedental.co","robots":{"index":"index","follow":"follow","max-snippet":"max-snippet:-1","max-image-preview":"max-image-preview:large","max-video-preview":"max-video-preview:-1"},"canonical":"https:\/\/clovedental.co\/pl\/produkt\/kleszcze-ortodontyczne-do-ciecia-twardego-drutu\/","og_locale":"pl_PL","og_type":"article","og_title":"Kleszcze ortodontyczne do ci\u0119cia twardego drutu | clovedental.co","og_description":"Kleszcze ortodontyczne do ci\u0119cia twardego drutu\u00a0to narz\u0119dzie chirurgiczne specjalnie zaprojektowane do ci\u0119cia twardych materia\u0142\u00f3w stosowanych w produkcji wyrob\u00f3w medycznych a przede wszystkim s\u0142u\u017c\u0105 do precyzyjnego i szybkiego przeci\u0119cia twardego drutu ortodontycznego oraz elastycznych ligatur. Konstrukcja z zawiasami pude\u0142kowymi zapewnia d\u0142u\u017csz\u0105 trwa\u0142o\u015b\u0107 kleszczy. Ko\u0144c\u00f3wki tn\u0105ce kleszczy stomatologicznych do ci\u0119cia twardego drutu u\u0142o\u017cone s\u0105 r\u00f3wnolegle i wykonane &hellip; Kleszcze ortodontyczne do ci\u0119cia twardego drutu Read More &raquo;","og_url":"https:\/\/clovedental.co\/pl\/produkt\/kleszcze-ortodontyczne-do-ciecia-twardego-drutu\/","og_site_name":"clovedental.co","article_modified_time":"2024-01-10T08:41:42+00:00","og_image":[{"width":1200,"height":1200,"url":"http:\/\/clovedental.co\/wp-content\/uploads\/2024\/01\/97bf729d-787f-4f23-922c-2646fee87806.jpeg","type":"image\/jpeg"}],"twitter_card":"summary_large_image","twitter_misc":{"Szacowany czas czytania":"1 minuta"},"schema":{"@context":"https:\/\/schema.org","@graph":[{"@type":"WebPage","@id":"https:\/\/clovedental.co\/pl\/produkt\/kleszcze-ortodontyczne-do-ciecia-twardego-drutu\/","url":"https:\/\/clovedental.co\/pl\/produkt\/kleszcze-ortodontyczne-do-ciecia-twardego-drutu\/","name":"Kleszcze ortodontyczne do ci\u0119cia twardego drutu | clovedental.co","isPartOf":{"@id":"https:\/\/clovedental.co\/pl\/#website"},"datePublished":"2024-01-10T08:36:46+00:00","dateModified":"2024-01-10T08:41:42+00:00","breadcrumb":{"@id":"https:\/\/clovedental.co\/pl\/produkt\/kleszcze-ortodontyczne-do-ciecia-twardego-drutu\/#breadcrumb"},"inLanguage":"pl-PL","potentialAction":[{"@type":"ReadAction","target":["https:\/\/clovedental.co\/pl\/produkt\/kleszcze-ortodontyczne-do-ciecia-twardego-drutu\/"]}]},{"@type":"BreadcrumbList","@id":"https:\/\/clovedental.co\/pl\/produkt\/kleszcze-ortodontyczne-do-ciecia-twardego-drutu\/#breadcrumb","itemListElement":[{"@type":"ListItem","position":1,"name":"Strona g\u0142\u00f3wna","item":"https:\/\/clovedental.co\/pl\/"},{"@type":"ListItem","position":2,"name":"Sklep","item":"https:\/\/clovedental.co\/products\/shop\/"},{"@type":"ListItem","position":3,"name":"Kleszcze ortodontyczne do ci\u0119cia twardego drutu"}]},{"@type":"WebSite","@id":"https:\/\/clovedental.co\/pl\/#website","url":"https:\/\/clovedental.co\/pl\/","name":"Manufacturer of Dental and Surgical Instruments","description":"Details are the Key","publisher":{"@id":"https:\/\/clovedental.co\/pl\/#organization"},"alternateName":"Dental and Surgical Instruments","potentialAction":[{"@type":"SearchAction","target":{"@type":"EntryPoint","urlTemplate":"https:\/\/clovedental.co\/pl\/?s={search_term_string}"},"query-input":"required name=search_term_string"}],"inLanguage":"pl-PL"},{"@type":"Organization","@id":"https:\/\/clovedental.co\/pl\/#organization","name":"clovedental.co","alternateName":"Clove","url":"https:\/\/clovedental.co\/pl\/","logo":{"@type":"ImageObject","inLanguage":"pl-PL","@id":"https:\/\/clovedental.co\/pl\/#\/schema\/logo\/image\/","url":"https:\/\/clovedental.co\/wp-content\/uploads\/2023\/12\/LOGO_CLOVE.png","contentUrl":"https:\/\/clovedental.co\/wp-content\/uploads\/2023\/12\/LOGO_CLOVE.png","width":1400,"height":1400,"caption":"clovedental.co"},"image":{"@id":"https:\/\/clovedental.co\/pl\/#\/schema\/logo\/image\/"}}]}},"_links":{"self":[{"href":"https:\/\/clovedental.co\/pl\/wp-json\/wp\/v2\/product\/4221","targetHints":{"allow":["GET"]}}],"collection":[{"href":"https:\/\/clovedental.co\/pl\/wp-json\/wp\/v2\/product"}],"about":[{"href":"https:\/\/clovedental.co\/pl\/wp-json\/wp\/v2\/types\/product"}],"wp:featuredmedia":[{"embeddable":true,"href":"https:\/\/clovedental.co\/pl\/wp-json\/wp\/v2\/media\/830"}],"wp:attachment":[{"href":"https:\/\/clovedental.co\/pl\/wp-json\/wp\/v2\/media?parent=4221"}],"wp:term":[{"taxonomy":"product_cat","embeddable":true,"href":"https:\/\/clovedental.co\/pl\/wp-json\/wp\/v2\/product_cat?post=4221"},{"taxonomy":"product_tag","embeddable":true,"href":"https:\/\/clovedental.co\/pl\/wp-json\/wp\/v2\/product_tag?post=4221"},{"taxonomy":"code","embeddable":true,"href":"https:\/\/clovedental.co\/pl\/wp-json\/wp\/v2\/code?post=4221"}],"curies":[{"name":"wp","href":"https:\/\/api.w.org\/{rel}","templated":true}]}}