{"id":4244,"date":"2024-01-10T08:36:54","date_gmt":"2024-01-10T08:36:54","guid":{"rendered":"https:\/\/clovedental.co\/product\/kleszcze-ortodontyczne-do-ciecia-ligatur-rozmiar-13-cm\/"},"modified":"2024-01-10T08:41:54","modified_gmt":"2024-01-10T08:41:54","slug":"kleszcze-ortodontyczne-do-ciecia-ligatur-rozmiar-13-cm","status":"publish","type":"product","link":"https:\/\/clovedental.co\/pl\/produkt\/kleszcze-ortodontyczne-do-ciecia-ligatur-rozmiar-13-cm\/","title":{"rendered":"Kleszcze ortodontyczne do ci\u0119cia ligatur, Rozmiar: 13 cm"},"content":{"rendered":"<p style=\"text-align: left;\"><span style=\"font-size: 10pt; font-family: arial, helvetica, sans-serif;\"><strong>Kleszcze ortodontyczne do ci\u0119cia ligatur<\/strong> wykorzystywane przewa\u017cnie w ortodoncji. Strona przednia standardowej wielko\u015bci kleszczy ma wkl\u0119s\u0142y kszta\u0142t, kt\u00f3ry zapewnia maksymaln\u0105 widoczno\u015b\u0107 i dost\u0119pno\u015b\u0107 do w\u0142a\u015bciwych obszar\u00f3w w momencie ciecia drutu ligaturowego. <span style=\"text-decoration: underline;\">Kleszcze do ci\u0119cia ligatur<\/span> zbudowane s\u0105 z ergonomicznej i dopasowanej r\u0119koje\u015bci oraz cz\u0119\u015bci pracuj\u0105cej zawieraj\u0105cej wk\u0142adki z w\u0119glika spiekanego. Ko\u0144c\u00f3wki tn\u0105ce wykonane ze stali nierdzewnej u\u0142o\u017cone s\u0105 r\u00f3wnoleg\u0142e a powierzchnia tn\u0105ca dodatkowo zawiera wk\u0142adki z w\u0119glika spiekanego. Charakteryzuj\u0105 si\u0119 du\u017c\u0105 odporno\u015bci\u0105 na uszkodzenia mechaniczne oraz wysok\u0105 jako\u015bci\u0105 i wytrzyma\u0142o\u015bci\u0105.<\/span><\/p>\n<p><\/br><\/p>\n<h1 style=\"text-align: left;\"><span style=\"font-size: 10pt; font-family: arial, helvetica, sans-serif;\"><strong>Parametry <\/strong><strong>kleszczy<\/strong><strong> ortodontycznych do ci\u0119cia ligatur<\/strong><strong>:<\/strong><\/span><\/h1>\n<p><\/br><\/p>\n<ul style=\"text-align: left;\"><\/br><\/p>\n<li><span style=\"font-size: 10pt; font-family: arial, helvetica, sans-serif;\">d\u0142ugo\u015b\u0107\u00a0produktu standard: 15cm<\/span><\/li>\n<p><\/br><\/p>\n<li><span style=\"font-size: 10pt; font-family: arial, helvetica, sans-serif;\">d\u0142ugo\u015b\u0107 produktu premium: 13cm<\/span><\/li>\n<p><\/br><\/p>\n<li><span style=\"font-size: 10pt; font-family: arial, helvetica, sans-serif;\">cze\u015b\u0107 pracuj\u0105ca utwardzona &#8211; zawiera wk\u0142adki z w\u0119glika spiekanego<\/span><\/li>\n<p><\/br><\/p>\n<li><span style=\"font-size: 10pt; font-family: arial, helvetica, sans-serif;\">grubo\u015b\u0107 ci\u0119cia drutu ligaturowego &#8211; 0.10 mm x 0.15 mm<\/span><\/li>\n<p><\/br><\/p>\n<li><span style=\"font-size: 10pt; font-family: arial, helvetica, sans-serif;\">ergonomiczne r\u0105czki doskonale zbalansowane<\/span><\/li>\n<p><\/br><\/p>\n<li><span style=\"font-size: 10pt; font-family: arial, helvetica, sans-serif;\">g\u0142adka, satynowa powierzchnia<\/span><\/li>\n<p><\/br><\/p>\n<li><span style=\"font-size: 10pt; font-family: arial, helvetica, sans-serif;\">francuska stal chirurgiczna<\/span><\/li>\n<p><\/br><\/ul>\n<p><\/br><\/p>\n<h2 style=\"text-align: left;\"><span style=\"font-size: 10pt; font-family: arial, helvetica, sans-serif;\"><strong>Zalety korzystania z <\/strong><strong>kleszczy<\/strong><strong> do ci\u0119cia ligatur<\/strong><strong>:<\/strong><\/span><\/h2>\n<p><\/br><\/p>\n<ul style=\"text-align: left;\"><\/br><\/p>\n<li><span style=\"font-size: 10pt; font-family: arial, helvetica, sans-serif;\">wielko\u015b\u0107, kszta\u0142t i waga uchwyt\u00f3w umo\u017cliwiaj\u0105 komfortowe u\u017cytkowanie<\/span><\/li>\n<p><\/br><\/p>\n<li><span style=\"font-size: 10pt; font-family: arial, helvetica, sans-serif;\">doskona\u0142e i r\u00f3wnoleg\u0142e u\u0142o\u017cenie ko\u0144c\u00f3wek oraz trwa\u0142o\u015b\u0107 sprawiaj\u0105 i\u017c praca jest niezwykle p\u0142ynna<\/span><\/li>\n<p><\/br><\/p>\n<li><span style=\"font-size: 10pt; font-family: arial, helvetica, sans-serif;\">narz\u0119dzia s\u0105 w ca\u0142o\u015bci polerowane r\u0119cznie, maj\u0105 wyg\u0142adzone, wyprofilowane kraw\u0119dzie, co sprzyja komfortowi pracy<\/span><\/li>\n<p><\/br><\/p>\n<li><span style=\"font-size: 10pt; font-family: arial, helvetica, sans-serif;\">wyko\u0144czone r\u0119cznie, kt\u00f3re nie powoduje odb\u0142ysk\u00f3w \u015bwiat\u0142a<\/span><\/li>\n<p><\/br><\/p>\n<li><span style=\"font-size: 10pt; font-family: arial, helvetica, sans-serif;\">mo\u017cliwo\u015b\u0107 wielokrotnej dezynfekcji i sterylizacji w autoklawie<\/span><\/li>\n<p><\/br><\/p>\n<li><span style=\"font-size: 10pt; font-family: arial, helvetica, sans-serif;\">pi\u0119cioletnia gwarancja producenta<\/span><\/li>\n<p><\/br><\/ul>\n<p><\/br><\/p>\n<p style=\"text-align: left;\"><span style=\"font-size: 10pt; font-family: arial, helvetica, sans-serif;\"><em>Kleszcze<\/em><em> do ci\u0119cia ligatur<\/em> wykonane s\u0105 z wysokiej jako\u015bci stali chirurgicznej przeznaczone dla osoby kwalifikowanej. Przed pierwszym u\u017cyciem narz\u0119dzie nale\u017cy poda\u0107 procesowi sterylizacji i dezynfekcji w autoklawie. Posiadaj\u0105 certyfikaty CE oraz ISO 9001:2008.<\/span><\/p>\n","protected":false},"excerpt":{"rendered":"<p>Kleszcze ortodontyczne do ci\u0119cia ligatur wykorzystywane przewa\u017cnie w ortodoncji. Strona przednia standardowej wielko\u015bci kleszczy ma wkl\u0119s\u0142y kszta\u0142t, kt\u00f3ry zapewnia maksymaln\u0105 widoczno\u015b\u0107 i dost\u0119pno\u015b\u0107 do w\u0142a\u015bciwych obszar\u00f3w w momencie ciecia drutu ligaturowego. Kleszcze do ci\u0119cia ligatur zbudowane s\u0105 z ergonomicznej i dopasowanej r\u0119koje\u015bci oraz cz\u0119\u015bci pracuj\u0105cej zawieraj\u0105cej wk\u0142adki z w\u0119glika spiekanego. Ko\u0144c\u00f3wki tn\u0105ce wykonane ze stali &hellip;<\/p>\n<p class=\"read-more\"> <a class=\"\" href=\"https:\/\/clovedental.co\/pl\/produkt\/kleszcze-ortodontyczne-do-ciecia-ligatur-rozmiar-13-cm\/\"> <span class=\"screen-reader-text\">Kleszcze ortodontyczne do ci\u0119cia ligatur, Rozmiar: 13 cm<\/span> Read More &raquo;<\/a><\/p>\n","protected":false},"featured_media":875,"template":"","meta":{"site-sidebar-layout":"default","site-content-layout":"","ast-site-content-layout":"","site-content-style":"default","site-sidebar-style":"default","ast-global-header-display":"","ast-banner-title-visibility":"","ast-main-header-display":"","ast-hfb-above-header-display":"","ast-hfb-below-header-display":"","ast-hfb-mobile-header-display":"","site-post-title":"","ast-breadcrumbs-content":"","ast-featured-img":"","footer-sml-layout":"","theme-transparent-header-meta":"default","adv-header-id-meta":"","stick-header-meta":"","header-above-stick-meta":"","header-main-stick-meta":"","header-below-stick-meta":"","astra-migrate-meta-layouts":"","ast-page-background-enabled":"default","ast-page-background-meta":{"desktop":{"background-color":"var(--ast-global-color-4)","background-image":"","background-repeat":"repeat","background-position":"center center","background-size":"auto","background-attachment":"scroll","background-type":"","background-media":"","overlay-type":"","overlay-color":"","overlay-gradient":""},"tablet":{"background-color":"","background-image":"","background-repeat":"repeat","background-position":"center center","background-size":"auto","background-attachment":"scroll","background-type":"","background-media":"","overlay-type":"","overlay-color":"","overlay-gradient":""},"mobile":{"background-color":"","background-image":"","background-repeat":"repeat","background-position":"center center","background-size":"auto","background-attachment":"scroll","background-type":"","background-media":"","overlay-type":"","overlay-color":"","overlay-gradient":""}},"ast-content-background-meta":{"desktop":{"background-color":"var(--ast-global-color-5)","background-image":"","background-repeat":"repeat","background-position":"center center","background-size":"auto","background-attachment":"scroll","background-type":"","background-media":"","overlay-type":"","overlay-color":"","overlay-gradient":""},"tablet":{"background-color":"var(--ast-global-color-5)","background-image":"","background-repeat":"repeat","background-position":"center center","background-size":"auto","background-attachment":"scroll","background-type":"","background-media":"","overlay-type":"","overlay-color":"","overlay-gradient":""},"mobile":{"background-color":"var(--ast-global-color-5)","background-image":"","background-repeat":"repeat","background-position":"center center","background-size":"auto","background-attachment":"scroll","background-type":"","background-media":"","overlay-type":"","overlay-color":"","overlay-gradient":""}}},"product_cat":[425],"product_tag":[],"code":[],"class_list":{"0":"post-4244","1":"product","2":"type-product","3":"status-publish","4":"has-post-thumbnail","6":"product_cat-ortodoncja","7":"desktop-align-left","8":"tablet-align-left","9":"mobile-align-left","11":"first","12":"instock","13":"product-type-simple"},"acf":[],"yoast_head":"<!-- This site is optimized with the Yoast SEO plugin v21.9.1 - https:\/\/yoast.com\/wordpress\/plugins\/seo\/ -->\n<title>Kleszcze ortodontyczne do ci\u0119cia ligatur, Rozmiar: 13 cm | clovedental.co<\/title>\n<meta name=\"robots\" content=\"index, follow, max-snippet:-1, max-image-preview:large, max-video-preview:-1\" \/>\n<link rel=\"canonical\" href=\"https:\/\/clovedental.co\/pl\/produkt\/kleszcze-ortodontyczne-do-ciecia-ligatur-rozmiar-13-cm\/\" \/>\n<meta property=\"og:locale\" content=\"pl_PL\" \/>\n<meta property=\"og:type\" content=\"article\" \/>\n<meta property=\"og:title\" content=\"Kleszcze ortodontyczne do ci\u0119cia ligatur, Rozmiar: 13 cm | clovedental.co\" \/>\n<meta property=\"og:description\" content=\"Kleszcze ortodontyczne do ci\u0119cia ligatur wykorzystywane przewa\u017cnie w ortodoncji. Strona przednia standardowej wielko\u015bci kleszczy ma wkl\u0119s\u0142y kszta\u0142t, kt\u00f3ry zapewnia maksymaln\u0105 widoczno\u015b\u0107 i dost\u0119pno\u015b\u0107 do w\u0142a\u015bciwych obszar\u00f3w w momencie ciecia drutu ligaturowego. Kleszcze do ci\u0119cia ligatur zbudowane s\u0105 z ergonomicznej i dopasowanej r\u0119koje\u015bci oraz cz\u0119\u015bci pracuj\u0105cej zawieraj\u0105cej wk\u0142adki z w\u0119glika spiekanego. Ko\u0144c\u00f3wki tn\u0105ce wykonane ze stali &hellip; Kleszcze ortodontyczne do ci\u0119cia ligatur, Rozmiar: 13 cm Read More &raquo;\" \/>\n<meta property=\"og:url\" content=\"https:\/\/clovedental.co\/pl\/produkt\/kleszcze-ortodontyczne-do-ciecia-ligatur-rozmiar-13-cm\/\" \/>\n<meta property=\"og:site_name\" content=\"clovedental.co\" \/>\n<meta property=\"article:modified_time\" content=\"2024-01-10T08:41:54+00:00\" \/>\n<meta property=\"og:image\" content=\"http:\/\/clovedental.co\/wp-content\/uploads\/2024\/01\/550a2b4a-b330-4fb6-8ad2-594fca360ba1.jpeg\" \/>\n\t<meta property=\"og:image:width\" content=\"1200\" \/>\n\t<meta property=\"og:image:height\" content=\"1200\" \/>\n\t<meta property=\"og:image:type\" content=\"image\/jpeg\" \/>\n<meta name=\"twitter:card\" content=\"summary_large_image\" \/>\n<meta name=\"twitter:label1\" content=\"Szacowany czas czytania\" \/>\n\t<meta name=\"twitter:data1\" content=\"1 minuta\" \/>\n<script type=\"application\/ld+json\" class=\"yoast-schema-graph\">{\"@context\":\"https:\/\/schema.org\",\"@graph\":[{\"@type\":\"WebPage\",\"@id\":\"https:\/\/clovedental.co\/pl\/produkt\/kleszcze-ortodontyczne-do-ciecia-ligatur-rozmiar-13-cm\/\",\"url\":\"https:\/\/clovedental.co\/pl\/produkt\/kleszcze-ortodontyczne-do-ciecia-ligatur-rozmiar-13-cm\/\",\"name\":\"Kleszcze ortodontyczne do ci\u0119cia ligatur, Rozmiar: 13 cm | clovedental.co\",\"isPartOf\":{\"@id\":\"https:\/\/clovedental.co\/pl\/#website\"},\"datePublished\":\"2024-01-10T08:36:54+00:00\",\"dateModified\":\"2024-01-10T08:41:54+00:00\",\"breadcrumb\":{\"@id\":\"https:\/\/clovedental.co\/pl\/produkt\/kleszcze-ortodontyczne-do-ciecia-ligatur-rozmiar-13-cm\/#breadcrumb\"},\"inLanguage\":\"pl-PL\",\"potentialAction\":[{\"@type\":\"ReadAction\",\"target\":[\"https:\/\/clovedental.co\/pl\/produkt\/kleszcze-ortodontyczne-do-ciecia-ligatur-rozmiar-13-cm\/\"]}]},{\"@type\":\"BreadcrumbList\",\"@id\":\"https:\/\/clovedental.co\/pl\/produkt\/kleszcze-ortodontyczne-do-ciecia-ligatur-rozmiar-13-cm\/#breadcrumb\",\"itemListElement\":[{\"@type\":\"ListItem\",\"position\":1,\"name\":\"Strona g\u0142\u00f3wna\",\"item\":\"https:\/\/clovedental.co\/pl\/\"},{\"@type\":\"ListItem\",\"position\":2,\"name\":\"Sklep\",\"item\":\"https:\/\/clovedental.co\/products\/shop\/\"},{\"@type\":\"ListItem\",\"position\":3,\"name\":\"Kleszcze ortodontyczne do ci\u0119cia ligatur, Rozmiar: 13 cm\"}]},{\"@type\":\"WebSite\",\"@id\":\"https:\/\/clovedental.co\/pl\/#website\",\"url\":\"https:\/\/clovedental.co\/pl\/\",\"name\":\"Manufacturer of Dental and Surgical Instruments\",\"description\":\"Details are the Key\",\"publisher\":{\"@id\":\"https:\/\/clovedental.co\/pl\/#organization\"},\"alternateName\":\"Dental and Surgical Instruments\",\"potentialAction\":[{\"@type\":\"SearchAction\",\"target\":{\"@type\":\"EntryPoint\",\"urlTemplate\":\"https:\/\/clovedental.co\/pl\/?s={search_term_string}\"},\"query-input\":\"required name=search_term_string\"}],\"inLanguage\":\"pl-PL\"},{\"@type\":\"Organization\",\"@id\":\"https:\/\/clovedental.co\/pl\/#organization\",\"name\":\"clovedental.co\",\"alternateName\":\"Clove\",\"url\":\"https:\/\/clovedental.co\/pl\/\",\"logo\":{\"@type\":\"ImageObject\",\"inLanguage\":\"pl-PL\",\"@id\":\"https:\/\/clovedental.co\/pl\/#\/schema\/logo\/image\/\",\"url\":\"https:\/\/clovedental.co\/wp-content\/uploads\/2023\/12\/LOGO_CLOVE.png\",\"contentUrl\":\"https:\/\/clovedental.co\/wp-content\/uploads\/2023\/12\/LOGO_CLOVE.png\",\"width\":1400,\"height\":1400,\"caption\":\"clovedental.co\"},\"image\":{\"@id\":\"https:\/\/clovedental.co\/pl\/#\/schema\/logo\/image\/\"}}]}<\/script>\n<!-- \/ Yoast SEO plugin. -->","yoast_head_json":{"title":"Kleszcze ortodontyczne do ci\u0119cia ligatur, Rozmiar: 13 cm | clovedental.co","robots":{"index":"index","follow":"follow","max-snippet":"max-snippet:-1","max-image-preview":"max-image-preview:large","max-video-preview":"max-video-preview:-1"},"canonical":"https:\/\/clovedental.co\/pl\/produkt\/kleszcze-ortodontyczne-do-ciecia-ligatur-rozmiar-13-cm\/","og_locale":"pl_PL","og_type":"article","og_title":"Kleszcze ortodontyczne do ci\u0119cia ligatur, Rozmiar: 13 cm | clovedental.co","og_description":"Kleszcze ortodontyczne do ci\u0119cia ligatur wykorzystywane przewa\u017cnie w ortodoncji. Strona przednia standardowej wielko\u015bci kleszczy ma wkl\u0119s\u0142y kszta\u0142t, kt\u00f3ry zapewnia maksymaln\u0105 widoczno\u015b\u0107 i dost\u0119pno\u015b\u0107 do w\u0142a\u015bciwych obszar\u00f3w w momencie ciecia drutu ligaturowego. Kleszcze do ci\u0119cia ligatur zbudowane s\u0105 z ergonomicznej i dopasowanej r\u0119koje\u015bci oraz cz\u0119\u015bci pracuj\u0105cej zawieraj\u0105cej wk\u0142adki z w\u0119glika spiekanego. Ko\u0144c\u00f3wki tn\u0105ce wykonane ze stali &hellip; Kleszcze ortodontyczne do ci\u0119cia ligatur, Rozmiar: 13 cm Read More &raquo;","og_url":"https:\/\/clovedental.co\/pl\/produkt\/kleszcze-ortodontyczne-do-ciecia-ligatur-rozmiar-13-cm\/","og_site_name":"clovedental.co","article_modified_time":"2024-01-10T08:41:54+00:00","og_image":[{"width":1200,"height":1200,"url":"http:\/\/clovedental.co\/wp-content\/uploads\/2024\/01\/550a2b4a-b330-4fb6-8ad2-594fca360ba1.jpeg","type":"image\/jpeg"}],"twitter_card":"summary_large_image","twitter_misc":{"Szacowany czas czytania":"1 minuta"},"schema":{"@context":"https:\/\/schema.org","@graph":[{"@type":"WebPage","@id":"https:\/\/clovedental.co\/pl\/produkt\/kleszcze-ortodontyczne-do-ciecia-ligatur-rozmiar-13-cm\/","url":"https:\/\/clovedental.co\/pl\/produkt\/kleszcze-ortodontyczne-do-ciecia-ligatur-rozmiar-13-cm\/","name":"Kleszcze ortodontyczne do ci\u0119cia ligatur, Rozmiar: 13 cm | clovedental.co","isPartOf":{"@id":"https:\/\/clovedental.co\/pl\/#website"},"datePublished":"2024-01-10T08:36:54+00:00","dateModified":"2024-01-10T08:41:54+00:00","breadcrumb":{"@id":"https:\/\/clovedental.co\/pl\/produkt\/kleszcze-ortodontyczne-do-ciecia-ligatur-rozmiar-13-cm\/#breadcrumb"},"inLanguage":"pl-PL","potentialAction":[{"@type":"ReadAction","target":["https:\/\/clovedental.co\/pl\/produkt\/kleszcze-ortodontyczne-do-ciecia-ligatur-rozmiar-13-cm\/"]}]},{"@type":"BreadcrumbList","@id":"https:\/\/clovedental.co\/pl\/produkt\/kleszcze-ortodontyczne-do-ciecia-ligatur-rozmiar-13-cm\/#breadcrumb","itemListElement":[{"@type":"ListItem","position":1,"name":"Strona g\u0142\u00f3wna","item":"https:\/\/clovedental.co\/pl\/"},{"@type":"ListItem","position":2,"name":"Sklep","item":"https:\/\/clovedental.co\/products\/shop\/"},{"@type":"ListItem","position":3,"name":"Kleszcze ortodontyczne do ci\u0119cia ligatur, Rozmiar: 13 cm"}]},{"@type":"WebSite","@id":"https:\/\/clovedental.co\/pl\/#website","url":"https:\/\/clovedental.co\/pl\/","name":"Manufacturer of Dental and Surgical Instruments","description":"Details are the Key","publisher":{"@id":"https:\/\/clovedental.co\/pl\/#organization"},"alternateName":"Dental and Surgical Instruments","potentialAction":[{"@type":"SearchAction","target":{"@type":"EntryPoint","urlTemplate":"https:\/\/clovedental.co\/pl\/?s={search_term_string}"},"query-input":"required name=search_term_string"}],"inLanguage":"pl-PL"},{"@type":"Organization","@id":"https:\/\/clovedental.co\/pl\/#organization","name":"clovedental.co","alternateName":"Clove","url":"https:\/\/clovedental.co\/pl\/","logo":{"@type":"ImageObject","inLanguage":"pl-PL","@id":"https:\/\/clovedental.co\/pl\/#\/schema\/logo\/image\/","url":"https:\/\/clovedental.co\/wp-content\/uploads\/2023\/12\/LOGO_CLOVE.png","contentUrl":"https:\/\/clovedental.co\/wp-content\/uploads\/2023\/12\/LOGO_CLOVE.png","width":1400,"height":1400,"caption":"clovedental.co"},"image":{"@id":"https:\/\/clovedental.co\/pl\/#\/schema\/logo\/image\/"}}]}},"_links":{"self":[{"href":"https:\/\/clovedental.co\/pl\/wp-json\/wp\/v2\/product\/4244","targetHints":{"allow":["GET"]}}],"collection":[{"href":"https:\/\/clovedental.co\/pl\/wp-json\/wp\/v2\/product"}],"about":[{"href":"https:\/\/clovedental.co\/pl\/wp-json\/wp\/v2\/types\/product"}],"wp:featuredmedia":[{"embeddable":true,"href":"https:\/\/clovedental.co\/pl\/wp-json\/wp\/v2\/media\/875"}],"wp:attachment":[{"href":"https:\/\/clovedental.co\/pl\/wp-json\/wp\/v2\/media?parent=4244"}],"wp:term":[{"taxonomy":"product_cat","embeddable":true,"href":"https:\/\/clovedental.co\/pl\/wp-json\/wp\/v2\/product_cat?post=4244"},{"taxonomy":"product_tag","embeddable":true,"href":"https:\/\/clovedental.co\/pl\/wp-json\/wp\/v2\/product_tag?post=4244"},{"taxonomy":"code","embeddable":true,"href":"https:\/\/clovedental.co\/pl\/wp-json\/wp\/v2\/code?post=4244"}],"curies":[{"name":"wp","href":"https:\/\/api.w.org\/{rel}","templated":true}]}}