{"id":4249,"date":"2024-01-10T08:36:54","date_gmt":"2024-01-10T08:36:54","guid":{"rendered":"https:\/\/clovedental.co\/product\/kleszcze-weingarta-uniwersalne-do-zakladania-zamkow-i-lukow\/"},"modified":"2024-01-10T08:41:56","modified_gmt":"2024-01-10T08:41:56","slug":"kleszcze-weingarta-uniwersalne-do-zakladania-zamkow-i-lukow","status":"publish","type":"product","link":"https:\/\/clovedental.co\/pl\/produkt\/kleszcze-weingarta-uniwersalne-do-zakladania-zamkow-i-lukow\/","title":{"rendered":"Kleszcze Weingarta uniwersalne do zak\u0142adania zamk\u00f3w i \u0142uk\u00f3w"},"content":{"rendered":"<p style=\"text-align:left;\"><span style=\"font-size:10pt;font-family:arial, helvetica, sans-serif;\"><em>Medyczne kleszcze wielofunkcyjne<\/em> <strong>Weingarta<\/strong> <span style=\"text-decoration:underline;\">do zak\u0142adania i zdejmowania zamk\u00f3w i \u0142uk\u00f3w<\/span> wykorzystywane s\u0105 do ustawiania lub wyci\u0105gania \u0142uku oraz zaginania jego ko\u0144c\u00f3w. To uniwersalne praktyczne kleszcze wyposa\u017cone w k\u0105towo u\u0142o\u017cone, sto\u017ckowe g\u0142\u00f3wki. Sk\u0142adaj\u0105 si\u0119 z ergonomicznych r\u0119koje\u015bci oraz z\u0105bkowano zaokr\u0105glonych precyzyjnych ko\u0144c\u00f3wek. <em>Kleszcze Weingart<\/em> posiadaj\u0105 specjalnie wyprofilowane w\u0105skie ko\u0144c\u00f3wki, aby u\u0142atwi\u0107 doj\u015bcie do trudno dost\u0119pnych miejsc. \u017b\u0142obkowane na ca\u0142ej powierzchni ko\u0144c\u00f3wki umo\u017cliwiaj\u0105 pewne chwytanie \u0142uk\u00f3w i element\u00f3w pomocniczych bez ich uszkadzania. Doskonale sprawdzaj\u0105 si\u0119 w ortodoncji.<\/span><\/p>\n<p><\/br><\/p>\n<h1 style=\"text-align:left;\"><span style=\"font-size:10pt;font-family:arial, helvetica, sans-serif;\">Szczeg\u00f3\u0142y kleszczy Weingart wielofunkcyjnych do zak\u0142adania zamk\u00f3w i \u0142uk\u00f3w<\/span><\/h1>\n<p><\/br><\/p>\n<ul style=\"text-align:left;\"><\/br><\/p>\n<li><span style=\"font-family:arial, helvetica, sans-serif;\"><span style=\"font-size:13.3333px;\">dost\u0119pne 2 rodzaje kleszczy ortodontycznych: Standard i Premium TC z lepszej stali chirurgicznej<\/span><\/span><\/li>\n<p><\/br><\/p>\n<li><span style=\"font-size:10pt;font-family:arial, helvetica, sans-serif;\">typ: uniwersalne, ortodontyczne<\/span><\/li>\n<p><\/br><\/p>\n<li><span style=\"font-size:10pt;font-family:arial, helvetica, sans-serif;\">grubo\u015b\u0107 formowanego drutu -. 0.30 mm x 0.50 mm<\/span><\/li>\n<p><\/br><\/p>\n<li><span style=\"font-size:10pt;font-family:arial, helvetica, sans-serif;\">ergonomiczne r\u0119koje\u015bci<\/span><\/li>\n<p><\/br><\/p>\n<li><span style=\"font-size:10pt;font-family:arial, helvetica, sans-serif;\">smuk\u0142a cz\u0119\u015b\u0107 pracuj\u0105ca<\/span><\/li>\n<p><\/br><\/p>\n<li><span style=\"font-size:10pt;font-family:arial, helvetica, sans-serif;\">ko\u0144c\u00f3wki zaokr\u0105glone z\u0105bkowane<\/span><\/li>\n<p><\/br><\/p>\n<li><span style=\"font-size:10pt;font-family:arial, helvetica, sans-serif;\">g\u0142adka, satynowa powierzchnia<\/span><\/li>\n<p><\/br><\/p>\n<li><span style=\"font-size:10pt;font-family:arial, helvetica, sans-serif;\">francuska stal chirurgiczna<\/span><\/li>\n<p><\/br><\/ul>\n<p><\/br><\/p>\n<h2><span style=\"font-size:10pt;font-family:arial, helvetica, sans-serif;\">Atuty kleszczy ortodontycznych wielofunkcyjnych Weingarta<\/span><\/h2>\n<p><\/br><\/p>\n<ul style=\"text-align:left;\"><\/br><\/p>\n<li><span style=\"font-size:10pt;font-family:arial, helvetica, sans-serif;\">sto\u017ckowe dzioby z \u0142atwo\u015bci\u0105 zmieszcz\u0105 si\u0119 w trudno dost\u0119pnych miejscach<\/span><\/li>\n<p><\/br><\/p>\n<li><span style=\"font-size:10pt;font-family:arial, helvetica, sans-serif;\">precyzyjne, r\u00f3wnoleg\u0142e u\u0142o\u017cenie ko\u0144c\u00f3wek co sprawia i\u017c praca jest p\u0142ynna<\/span><\/li>\n<p><\/br><\/p>\n<li><span style=\"font-size:10pt;font-family:arial, helvetica, sans-serif;\">ko\u0144c\u00f3wki s\u0105 zaokr\u0105glone dla ca\u0142kowitego bezpiecze\u0144stwa<\/span><\/li>\n<p><\/br><\/p>\n<li><span style=\"font-size:10pt;font-family:arial, helvetica, sans-serif;\">z\u0105bkowanie ko\u0144c\u00f3wki trzymaj\u0105 drut mocno nie uszkadzaj\u0105c go<\/span><\/li>\n<p><\/br><\/p>\n<li><span style=\"font-size:10pt;font-family:arial, helvetica, sans-serif;\">niestykaj\u0105ce ko\u0144c\u00f3wki kleszczy zapewniaj\u0105 bezpiecze\u0144stwo warg<\/span><\/li>\n<p><\/br><\/p>\n<li><span style=\"font-size:10pt;font-family:arial, helvetica, sans-serif;\">konstrukcja z zawiasami pude\u0142kowymi zapewnia trwa\u0142o\u015b\u0107<\/span><\/li>\n<p><\/br><\/p>\n<li><span style=\"font-size:10pt;font-family:arial, helvetica, sans-serif;\">mo\u017cliwo\u015b\u0107 wielokrotnej dezynfekcji i sterylizacji w autoklawie<\/span><\/li>\n<p><\/br><\/p>\n<li><span style=\"font-size:10pt;font-family:arial, helvetica, sans-serif;\">roczna gwarancja producenta<\/span><\/li>\n<p><\/br><\/ul>\n<p><\/br><\/p>\n<p style=\"text-align:left;\"><span style=\"font-size:10pt;font-family:arial, helvetica, sans-serif;\">Narz\u0119dzie ortodontyczne stosowane w gabinetach stomatologicznych i ortodontycznych. Przy pierwszym u\u017cyciu <strong>kleszcze wielofunkcyjne Weingart<\/strong> nale\u017cy podda\u0107 sterylizacji. Produkt certyfikowany &#8211; ISO 9001:2008 oraz CE.<\/span><\/p>\n","protected":false},"excerpt":{"rendered":"<p>Medyczne kleszcze wielofunkcyjne Weingarta do zak\u0142adania i zdejmowania zamk\u00f3w i \u0142uk\u00f3w wykorzystywane s\u0105 do ustawiania lub wyci\u0105gania \u0142uku oraz zaginania jego ko\u0144c\u00f3w. To uniwersalne praktyczne kleszcze wyposa\u017cone w k\u0105towo u\u0142o\u017cone, sto\u017ckowe g\u0142\u00f3wki. Sk\u0142adaj\u0105 si\u0119 z ergonomicznych r\u0119koje\u015bci oraz z\u0105bkowano zaokr\u0105glonych precyzyjnych ko\u0144c\u00f3wek. Kleszcze Weingart posiadaj\u0105 specjalnie wyprofilowane w\u0105skie ko\u0144c\u00f3wki, aby u\u0142atwi\u0107 doj\u015bcie do trudno dost\u0119pnych &hellip;<\/p>\n<p class=\"read-more\"> <a class=\"\" href=\"https:\/\/clovedental.co\/pl\/produkt\/kleszcze-weingarta-uniwersalne-do-zakladania-zamkow-i-lukow\/\"> <span class=\"screen-reader-text\">Kleszcze Weingarta uniwersalne do zak\u0142adania zamk\u00f3w i \u0142uk\u00f3w<\/span> Read More &raquo;<\/a><\/p>\n","protected":false},"featured_media":885,"template":"","meta":{"site-sidebar-layout":"default","site-content-layout":"","ast-site-content-layout":"","site-content-style":"default","site-sidebar-style":"default","ast-global-header-display":"","ast-banner-title-visibility":"","ast-main-header-display":"","ast-hfb-above-header-display":"","ast-hfb-below-header-display":"","ast-hfb-mobile-header-display":"","site-post-title":"","ast-breadcrumbs-content":"","ast-featured-img":"","footer-sml-layout":"","theme-transparent-header-meta":"default","adv-header-id-meta":"","stick-header-meta":"","header-above-stick-meta":"","header-main-stick-meta":"","header-below-stick-meta":"","astra-migrate-meta-layouts":"","ast-page-background-enabled":"default","ast-page-background-meta":{"desktop":{"background-color":"var(--ast-global-color-4)","background-image":"","background-repeat":"repeat","background-position":"center center","background-size":"auto","background-attachment":"scroll","background-type":"","background-media":"","overlay-type":"","overlay-color":"","overlay-gradient":""},"tablet":{"background-color":"","background-image":"","background-repeat":"repeat","background-position":"center center","background-size":"auto","background-attachment":"scroll","background-type":"","background-media":"","overlay-type":"","overlay-color":"","overlay-gradient":""},"mobile":{"background-color":"","background-image":"","background-repeat":"repeat","background-position":"center center","background-size":"auto","background-attachment":"scroll","background-type":"","background-media":"","overlay-type":"","overlay-color":"","overlay-gradient":""}},"ast-content-background-meta":{"desktop":{"background-color":"var(--ast-global-color-5)","background-image":"","background-repeat":"repeat","background-position":"center center","background-size":"auto","background-attachment":"scroll","background-type":"","background-media":"","overlay-type":"","overlay-color":"","overlay-gradient":""},"tablet":{"background-color":"var(--ast-global-color-5)","background-image":"","background-repeat":"repeat","background-position":"center center","background-size":"auto","background-attachment":"scroll","background-type":"","background-media":"","overlay-type":"","overlay-color":"","overlay-gradient":""},"mobile":{"background-color":"var(--ast-global-color-5)","background-image":"","background-repeat":"repeat","background-position":"center center","background-size":"auto","background-attachment":"scroll","background-type":"","background-media":"","overlay-type":"","overlay-color":"","overlay-gradient":""}}},"product_cat":[425],"product_tag":[],"code":[127],"class_list":{"0":"post-4249","1":"product","2":"type-product","3":"status-publish","4":"has-post-thumbnail","6":"product_cat-ortodoncja","7":"code-09-105-085-1","8":"desktop-align-left","9":"tablet-align-left","10":"mobile-align-left","12":"first","13":"instock","14":"product-type-simple"},"acf":[],"yoast_head":"<!-- This site is optimized with the Yoast SEO plugin v21.9.1 - https:\/\/yoast.com\/wordpress\/plugins\/seo\/ -->\n<title>Kleszcze Weingarta uniwersalne do zak\u0142adania zamk\u00f3w i \u0142uk\u00f3w | clovedental.co<\/title>\n<meta name=\"robots\" content=\"index, follow, max-snippet:-1, max-image-preview:large, max-video-preview:-1\" \/>\n<link rel=\"canonical\" href=\"https:\/\/clovedental.co\/pl\/produkt\/kleszcze-weingarta-uniwersalne-do-zakladania-zamkow-i-lukow\/\" \/>\n<meta property=\"og:locale\" content=\"pl_PL\" \/>\n<meta property=\"og:type\" content=\"article\" \/>\n<meta property=\"og:title\" content=\"Kleszcze Weingarta uniwersalne do zak\u0142adania zamk\u00f3w i \u0142uk\u00f3w | clovedental.co\" \/>\n<meta property=\"og:description\" content=\"Medyczne kleszcze wielofunkcyjne Weingarta do zak\u0142adania i zdejmowania zamk\u00f3w i \u0142uk\u00f3w wykorzystywane s\u0105 do ustawiania lub wyci\u0105gania \u0142uku oraz zaginania jego ko\u0144c\u00f3w. To uniwersalne praktyczne kleszcze wyposa\u017cone w k\u0105towo u\u0142o\u017cone, sto\u017ckowe g\u0142\u00f3wki. Sk\u0142adaj\u0105 si\u0119 z ergonomicznych r\u0119koje\u015bci oraz z\u0105bkowano zaokr\u0105glonych precyzyjnych ko\u0144c\u00f3wek. Kleszcze Weingart posiadaj\u0105 specjalnie wyprofilowane w\u0105skie ko\u0144c\u00f3wki, aby u\u0142atwi\u0107 doj\u015bcie do trudno dost\u0119pnych &hellip; Kleszcze Weingarta uniwersalne do zak\u0142adania zamk\u00f3w i \u0142uk\u00f3w Read More &raquo;\" \/>\n<meta property=\"og:url\" content=\"https:\/\/clovedental.co\/pl\/produkt\/kleszcze-weingarta-uniwersalne-do-zakladania-zamkow-i-lukow\/\" \/>\n<meta property=\"og:site_name\" content=\"clovedental.co\" \/>\n<meta property=\"article:modified_time\" content=\"2024-01-10T08:41:56+00:00\" \/>\n<meta property=\"og:image\" content=\"http:\/\/clovedental.co\/wp-content\/uploads\/2024\/01\/80bf6bc8-1edd-4570-839d-f621724e4a92.png\" \/>\n\t<meta property=\"og:image:width\" content=\"1200\" \/>\n\t<meta property=\"og:image:height\" content=\"1200\" \/>\n\t<meta property=\"og:image:type\" content=\"image\/png\" \/>\n<meta name=\"twitter:card\" content=\"summary_large_image\" \/>\n<meta name=\"twitter:label1\" content=\"Szacowany czas czytania\" \/>\n\t<meta name=\"twitter:data1\" content=\"1 minuta\" \/>\n<script type=\"application\/ld+json\" class=\"yoast-schema-graph\">{\"@context\":\"https:\/\/schema.org\",\"@graph\":[{\"@type\":\"WebPage\",\"@id\":\"https:\/\/clovedental.co\/pl\/produkt\/kleszcze-weingarta-uniwersalne-do-zakladania-zamkow-i-lukow\/\",\"url\":\"https:\/\/clovedental.co\/pl\/produkt\/kleszcze-weingarta-uniwersalne-do-zakladania-zamkow-i-lukow\/\",\"name\":\"Kleszcze Weingarta uniwersalne do zak\u0142adania zamk\u00f3w i \u0142uk\u00f3w | clovedental.co\",\"isPartOf\":{\"@id\":\"https:\/\/clovedental.co\/pl\/#website\"},\"datePublished\":\"2024-01-10T08:36:54+00:00\",\"dateModified\":\"2024-01-10T08:41:56+00:00\",\"breadcrumb\":{\"@id\":\"https:\/\/clovedental.co\/pl\/produkt\/kleszcze-weingarta-uniwersalne-do-zakladania-zamkow-i-lukow\/#breadcrumb\"},\"inLanguage\":\"pl-PL\",\"potentialAction\":[{\"@type\":\"ReadAction\",\"target\":[\"https:\/\/clovedental.co\/pl\/produkt\/kleszcze-weingarta-uniwersalne-do-zakladania-zamkow-i-lukow\/\"]}]},{\"@type\":\"BreadcrumbList\",\"@id\":\"https:\/\/clovedental.co\/pl\/produkt\/kleszcze-weingarta-uniwersalne-do-zakladania-zamkow-i-lukow\/#breadcrumb\",\"itemListElement\":[{\"@type\":\"ListItem\",\"position\":1,\"name\":\"Strona g\u0142\u00f3wna\",\"item\":\"https:\/\/clovedental.co\/pl\/\"},{\"@type\":\"ListItem\",\"position\":2,\"name\":\"Sklep\",\"item\":\"https:\/\/clovedental.co\/products\/shop\/\"},{\"@type\":\"ListItem\",\"position\":3,\"name\":\"Kleszcze Weingarta uniwersalne do zak\u0142adania zamk\u00f3w i \u0142uk\u00f3w\"}]},{\"@type\":\"WebSite\",\"@id\":\"https:\/\/clovedental.co\/pl\/#website\",\"url\":\"https:\/\/clovedental.co\/pl\/\",\"name\":\"Manufacturer of Dental and Surgical Instruments\",\"description\":\"Details are the Key\",\"publisher\":{\"@id\":\"https:\/\/clovedental.co\/pl\/#organization\"},\"alternateName\":\"Dental and Surgical Instruments\",\"potentialAction\":[{\"@type\":\"SearchAction\",\"target\":{\"@type\":\"EntryPoint\",\"urlTemplate\":\"https:\/\/clovedental.co\/pl\/?s={search_term_string}\"},\"query-input\":\"required name=search_term_string\"}],\"inLanguage\":\"pl-PL\"},{\"@type\":\"Organization\",\"@id\":\"https:\/\/clovedental.co\/pl\/#organization\",\"name\":\"clovedental.co\",\"alternateName\":\"Clove\",\"url\":\"https:\/\/clovedental.co\/pl\/\",\"logo\":{\"@type\":\"ImageObject\",\"inLanguage\":\"pl-PL\",\"@id\":\"https:\/\/clovedental.co\/pl\/#\/schema\/logo\/image\/\",\"url\":\"https:\/\/clovedental.co\/wp-content\/uploads\/2023\/12\/LOGO_CLOVE.png\",\"contentUrl\":\"https:\/\/clovedental.co\/wp-content\/uploads\/2023\/12\/LOGO_CLOVE.png\",\"width\":1400,\"height\":1400,\"caption\":\"clovedental.co\"},\"image\":{\"@id\":\"https:\/\/clovedental.co\/pl\/#\/schema\/logo\/image\/\"}}]}<\/script>\n<!-- \/ Yoast SEO plugin. -->","yoast_head_json":{"title":"Kleszcze Weingarta uniwersalne do zak\u0142adania zamk\u00f3w i \u0142uk\u00f3w | clovedental.co","robots":{"index":"index","follow":"follow","max-snippet":"max-snippet:-1","max-image-preview":"max-image-preview:large","max-video-preview":"max-video-preview:-1"},"canonical":"https:\/\/clovedental.co\/pl\/produkt\/kleszcze-weingarta-uniwersalne-do-zakladania-zamkow-i-lukow\/","og_locale":"pl_PL","og_type":"article","og_title":"Kleszcze Weingarta uniwersalne do zak\u0142adania zamk\u00f3w i \u0142uk\u00f3w | clovedental.co","og_description":"Medyczne kleszcze wielofunkcyjne Weingarta do zak\u0142adania i zdejmowania zamk\u00f3w i \u0142uk\u00f3w wykorzystywane s\u0105 do ustawiania lub wyci\u0105gania \u0142uku oraz zaginania jego ko\u0144c\u00f3w. To uniwersalne praktyczne kleszcze wyposa\u017cone w k\u0105towo u\u0142o\u017cone, sto\u017ckowe g\u0142\u00f3wki. Sk\u0142adaj\u0105 si\u0119 z ergonomicznych r\u0119koje\u015bci oraz z\u0105bkowano zaokr\u0105glonych precyzyjnych ko\u0144c\u00f3wek. Kleszcze Weingart posiadaj\u0105 specjalnie wyprofilowane w\u0105skie ko\u0144c\u00f3wki, aby u\u0142atwi\u0107 doj\u015bcie do trudno dost\u0119pnych &hellip; Kleszcze Weingarta uniwersalne do zak\u0142adania zamk\u00f3w i \u0142uk\u00f3w Read More &raquo;","og_url":"https:\/\/clovedental.co\/pl\/produkt\/kleszcze-weingarta-uniwersalne-do-zakladania-zamkow-i-lukow\/","og_site_name":"clovedental.co","article_modified_time":"2024-01-10T08:41:56+00:00","og_image":[{"width":1200,"height":1200,"url":"http:\/\/clovedental.co\/wp-content\/uploads\/2024\/01\/80bf6bc8-1edd-4570-839d-f621724e4a92.png","type":"image\/png"}],"twitter_card":"summary_large_image","twitter_misc":{"Szacowany czas czytania":"1 minuta"},"schema":{"@context":"https:\/\/schema.org","@graph":[{"@type":"WebPage","@id":"https:\/\/clovedental.co\/pl\/produkt\/kleszcze-weingarta-uniwersalne-do-zakladania-zamkow-i-lukow\/","url":"https:\/\/clovedental.co\/pl\/produkt\/kleszcze-weingarta-uniwersalne-do-zakladania-zamkow-i-lukow\/","name":"Kleszcze Weingarta uniwersalne do zak\u0142adania zamk\u00f3w i \u0142uk\u00f3w | clovedental.co","isPartOf":{"@id":"https:\/\/clovedental.co\/pl\/#website"},"datePublished":"2024-01-10T08:36:54+00:00","dateModified":"2024-01-10T08:41:56+00:00","breadcrumb":{"@id":"https:\/\/clovedental.co\/pl\/produkt\/kleszcze-weingarta-uniwersalne-do-zakladania-zamkow-i-lukow\/#breadcrumb"},"inLanguage":"pl-PL","potentialAction":[{"@type":"ReadAction","target":["https:\/\/clovedental.co\/pl\/produkt\/kleszcze-weingarta-uniwersalne-do-zakladania-zamkow-i-lukow\/"]}]},{"@type":"BreadcrumbList","@id":"https:\/\/clovedental.co\/pl\/produkt\/kleszcze-weingarta-uniwersalne-do-zakladania-zamkow-i-lukow\/#breadcrumb","itemListElement":[{"@type":"ListItem","position":1,"name":"Strona g\u0142\u00f3wna","item":"https:\/\/clovedental.co\/pl\/"},{"@type":"ListItem","position":2,"name":"Sklep","item":"https:\/\/clovedental.co\/products\/shop\/"},{"@type":"ListItem","position":3,"name":"Kleszcze Weingarta uniwersalne do zak\u0142adania zamk\u00f3w i \u0142uk\u00f3w"}]},{"@type":"WebSite","@id":"https:\/\/clovedental.co\/pl\/#website","url":"https:\/\/clovedental.co\/pl\/","name":"Manufacturer of Dental and Surgical Instruments","description":"Details are the Key","publisher":{"@id":"https:\/\/clovedental.co\/pl\/#organization"},"alternateName":"Dental and Surgical Instruments","potentialAction":[{"@type":"SearchAction","target":{"@type":"EntryPoint","urlTemplate":"https:\/\/clovedental.co\/pl\/?s={search_term_string}"},"query-input":"required name=search_term_string"}],"inLanguage":"pl-PL"},{"@type":"Organization","@id":"https:\/\/clovedental.co\/pl\/#organization","name":"clovedental.co","alternateName":"Clove","url":"https:\/\/clovedental.co\/pl\/","logo":{"@type":"ImageObject","inLanguage":"pl-PL","@id":"https:\/\/clovedental.co\/pl\/#\/schema\/logo\/image\/","url":"https:\/\/clovedental.co\/wp-content\/uploads\/2023\/12\/LOGO_CLOVE.png","contentUrl":"https:\/\/clovedental.co\/wp-content\/uploads\/2023\/12\/LOGO_CLOVE.png","width":1400,"height":1400,"caption":"clovedental.co"},"image":{"@id":"https:\/\/clovedental.co\/pl\/#\/schema\/logo\/image\/"}}]}},"_links":{"self":[{"href":"https:\/\/clovedental.co\/pl\/wp-json\/wp\/v2\/product\/4249","targetHints":{"allow":["GET"]}}],"collection":[{"href":"https:\/\/clovedental.co\/pl\/wp-json\/wp\/v2\/product"}],"about":[{"href":"https:\/\/clovedental.co\/pl\/wp-json\/wp\/v2\/types\/product"}],"wp:featuredmedia":[{"embeddable":true,"href":"https:\/\/clovedental.co\/pl\/wp-json\/wp\/v2\/media\/885"}],"wp:attachment":[{"href":"https:\/\/clovedental.co\/pl\/wp-json\/wp\/v2\/media?parent=4249"}],"wp:term":[{"taxonomy":"product_cat","embeddable":true,"href":"https:\/\/clovedental.co\/pl\/wp-json\/wp\/v2\/product_cat?post=4249"},{"taxonomy":"product_tag","embeddable":true,"href":"https:\/\/clovedental.co\/pl\/wp-json\/wp\/v2\/product_tag?post=4249"},{"taxonomy":"code","embeddable":true,"href":"https:\/\/clovedental.co\/pl\/wp-json\/wp\/v2\/code?post=4249"}],"curies":[{"name":"wp","href":"https:\/\/api.w.org\/{rel}","templated":true}]}}