{"id":4250,"date":"2024-01-10T08:37:04","date_gmt":"2024-01-10T08:37:04","guid":{"rendered":"https:\/\/clovedental.co\/product\/kleszcze-do-zakladania-separatorow\/"},"modified":"2024-01-10T08:41:59","modified_gmt":"2024-01-10T08:41:59","slug":"kleszcze-do-zakladania-separatorow","status":"publish","type":"product","link":"https:\/\/clovedental.co\/pl\/produkt\/kleszcze-do-zakladania-separatorow\/","title":{"rendered":"Kleszcze do zak\u0142adania separator\u00f3w"},"content":{"rendered":"<p style=\"text-align: left;\"><span style=\"font-family: arial, helvetica, sans-serif; font-size: 10pt;\"><strong>Kleszcze do zak\u0142adania separator\u00f3w<\/strong> wykorzystywane podczas zabieg\u00f3w ortodontycznych. S\u0142u\u017c\u0105 do \u0142atwego umieszczania separator\u00f3w widocznych i niewidocznych na zdj\u0119ciach RTG. Sk\u0142adaj\u0105 si\u0119 z r\u0119koje\u015bci kt\u00f3rej proste dzia\u0142anie oparte jest na reakcji zwrotnej spr\u0119\u017cyny oraz w\u0105skich ko\u0144c\u00f3wek kt\u00f3re umo\u017cliwiaj\u0105 \u0142atwe i szybkie zak\u0142adanie separator\u00f3w.\u00a0\u00a0Instrument w wersji premium wyprodukowany przy u\u017cyciu certyfikowanej stali japo\u0144skiej (AISI 420).<\/span><\/p>\n<p><\/br><\/p>\n<h2 style=\"text-align: left;\"><span style=\"font-family: arial, helvetica, sans-serif; font-size: 10pt;\">Parametry kleszczy do zak\u0142adania separator\u00f3w<\/span><\/h2>\n<p><\/br><\/p>\n<ul style=\"text-align: left;\"><\/br><\/p>\n<li><span style=\"font-family: arial, helvetica, sans-serif; font-size: 10pt;\">d\u0142ugo\u015b\u0107 ca\u0142kowita 16 cm<\/span><\/li>\n<p><\/br><\/p>\n<li><span style=\"font-family: arial, helvetica, sans-serif; font-size: 10pt;\">doskonale zbalansowane r\u0119koje\u015bci<\/span><\/li>\n<p><\/br><\/p>\n<li><span style=\"font-family: arial, helvetica, sans-serif; font-size: 10pt;\">smuk\u0142a cz\u0119\u015b\u0107 pracuj\u0105ca<\/span><\/li>\n<p><\/br><\/p>\n<li><span style=\"font-family: arial, helvetica, sans-serif; font-size: 10pt;\">g\u0142adka, satynowa powierzchnia<\/span><\/li>\n<p><\/br><\/p>\n<li><span style=\"font-family: arial, helvetica, sans-serif; font-size: 10pt;\">francuska stal chirurgiczna<\/span><\/li>\n<p><\/br><\/ul>\n<p><\/br><\/p>\n<h2 style=\"text-align: left;\"><span style=\"font-family: arial, helvetica, sans-serif; font-size: 10pt;\"><strong>Zalety kleszczy do zak\u0142adania separator\u00f3w<\/strong><\/span><\/h2>\n<p><\/br><\/p>\n<ul style=\"text-align: left;\"><\/br><\/p>\n<li><span style=\"font-family: arial, helvetica, sans-serif; font-size: 10pt;\">idealne do zak\u0142adania ligatur i separator\u00f3w<\/span><\/li>\n<p><\/br><\/p>\n<li><span style=\"font-family: arial, helvetica, sans-serif; font-size: 10pt;\">\u0142atwy dost\u0119p do trudnych miejsc i odcink\u00f3w (tylnych)<\/span><\/li>\n<p><\/br><\/p>\n<li><span style=\"font-family: arial, helvetica, sans-serif; font-size: 10pt;\">bezpieczne dla pacjenta, proste dzia\u0142anie oparte na reakcji zwrotnej spr\u0119\u017cyny<\/span><\/li>\n<p><\/br><\/p>\n<li><span style=\"font-family: arial, helvetica, sans-serif; font-size: 10pt;\">w\u0105skie ko\u0144c\u00f3wki umo\u017cliwiaj\u0105ce szybkie i \u0142atwe zak\u0142adanie separator\u00f3w<\/span><\/li>\n<p><\/br><\/p>\n<li><span style=\"font-family: arial, helvetica, sans-serif; font-size: 10pt;\">mo\u017cliwo\u015b\u0107 wielokrotnej dezynfekcji i sterylizacji w autoklawie<\/span><\/li>\n<p><\/br><\/p>\n<li><span style=\"font-family: arial, helvetica, sans-serif; font-size: 10pt;\">roczna gwarancja producenta<\/span><\/li>\n<p><\/br><\/ul>\n<p><\/br><\/p>\n<p style=\"text-align: left;\"><span style=\"font-family: arial, helvetica, sans-serif; font-size: 10pt;\"><strong>Kleszcze do zak\u0142adania separator\u00f3w <\/strong>nale\u017cy podda\u0107 sterylizacji przez osob\u0119 kwalifikowana przed pierwszym u\u017cyciem. <strong>Kleszcze ortodontyczne<\/strong><strong> do zak\u0142adania separator\u00f3w <\/strong>posiadaj\u0105 certyfikaty jako\u015bci ISO 9001:2008 oraz CE.<\/span><\/p>\n","protected":false},"excerpt":{"rendered":"<p>Kleszcze do zak\u0142adania separator\u00f3w wykorzystywane podczas zabieg\u00f3w ortodontycznych. S\u0142u\u017c\u0105 do \u0142atwego umieszczania separator\u00f3w widocznych i niewidocznych na zdj\u0119ciach RTG. Sk\u0142adaj\u0105 si\u0119 z r\u0119koje\u015bci kt\u00f3rej proste dzia\u0142anie oparte jest na reakcji zwrotnej spr\u0119\u017cyny oraz w\u0105skich ko\u0144c\u00f3wek kt\u00f3re umo\u017cliwiaj\u0105 \u0142atwe i szybkie zak\u0142adanie separator\u00f3w.\u00a0\u00a0Instrument w wersji premium wyprodukowany przy u\u017cyciu certyfikowanej stali japo\u0144skiej (AISI 420). Parametry kleszczy &hellip;<\/p>\n<p class=\"read-more\"> <a class=\"\" href=\"https:\/\/clovedental.co\/pl\/produkt\/kleszcze-do-zakladania-separatorow\/\"> <span class=\"screen-reader-text\">Kleszcze do zak\u0142adania separator\u00f3w<\/span> Read More &raquo;<\/a><\/p>\n","protected":false},"featured_media":887,"template":"","meta":{"site-sidebar-layout":"default","site-content-layout":"","ast-site-content-layout":"default","site-content-style":"default","site-sidebar-style":"default","ast-global-header-display":"","ast-banner-title-visibility":"","ast-main-header-display":"","ast-hfb-above-header-display":"","ast-hfb-below-header-display":"","ast-hfb-mobile-header-display":"","site-post-title":"","ast-breadcrumbs-content":"","ast-featured-img":"","footer-sml-layout":"","theme-transparent-header-meta":"default","adv-header-id-meta":"","stick-header-meta":"","header-above-stick-meta":"","header-main-stick-meta":"","header-below-stick-meta":"","astra-migrate-meta-layouts":"","ast-page-background-enabled":"default","ast-page-background-meta":{"desktop":{"background-color":"var(--ast-global-color-4)","background-image":"","background-repeat":"repeat","background-position":"center center","background-size":"auto","background-attachment":"scroll","background-type":"","background-media":"","overlay-type":"","overlay-color":"","overlay-gradient":""},"tablet":{"background-color":"","background-image":"","background-repeat":"repeat","background-position":"center center","background-size":"auto","background-attachment":"scroll","background-type":"","background-media":"","overlay-type":"","overlay-color":"","overlay-gradient":""},"mobile":{"background-color":"","background-image":"","background-repeat":"repeat","background-position":"center center","background-size":"auto","background-attachment":"scroll","background-type":"","background-media":"","overlay-type":"","overlay-color":"","overlay-gradient":""}},"ast-content-background-meta":{"desktop":{"background-color":"var(--ast-global-color-5)","background-image":"","background-repeat":"repeat","background-position":"center center","background-size":"auto","background-attachment":"scroll","background-type":"","background-media":"","overlay-type":"","overlay-color":"","overlay-gradient":""},"tablet":{"background-color":"var(--ast-global-color-5)","background-image":"","background-repeat":"repeat","background-position":"center center","background-size":"auto","background-attachment":"scroll","background-type":"","background-media":"","overlay-type":"","overlay-color":"","overlay-gradient":""},"mobile":{"background-color":"var(--ast-global-color-5)","background-image":"","background-repeat":"repeat","background-position":"center center","background-size":"auto","background-attachment":"scroll","background-type":"","background-media":"","overlay-type":"","overlay-color":"","overlay-gradient":""}}},"product_cat":[425],"product_tag":[],"code":[128],"class_list":{"0":"post-4250","1":"product","2":"type-product","3":"status-publish","4":"has-post-thumbnail","6":"product_cat-ortodoncja","7":"code-09-105-236","8":"desktop-align-left","9":"tablet-align-left","10":"mobile-align-left","12":"first","13":"instock","14":"product-type-simple"},"acf":[],"yoast_head":"<!-- This site is optimized with the Yoast SEO plugin v21.9.1 - https:\/\/yoast.com\/wordpress\/plugins\/seo\/ -->\n<title>Kleszcze do zak\u0142adania separator\u00f3w | clovedental.co<\/title>\n<meta name=\"robots\" content=\"index, follow, max-snippet:-1, max-image-preview:large, max-video-preview:-1\" \/>\n<link rel=\"canonical\" href=\"https:\/\/clovedental.co\/pl\/produkt\/kleszcze-do-zakladania-separatorow\/\" \/>\n<meta property=\"og:locale\" content=\"pl_PL\" \/>\n<meta property=\"og:type\" content=\"article\" \/>\n<meta property=\"og:title\" content=\"Kleszcze do zak\u0142adania separator\u00f3w | clovedental.co\" \/>\n<meta property=\"og:description\" content=\"Kleszcze do zak\u0142adania separator\u00f3w wykorzystywane podczas zabieg\u00f3w ortodontycznych. S\u0142u\u017c\u0105 do \u0142atwego umieszczania separator\u00f3w widocznych i niewidocznych na zdj\u0119ciach RTG. Sk\u0142adaj\u0105 si\u0119 z r\u0119koje\u015bci kt\u00f3rej proste dzia\u0142anie oparte jest na reakcji zwrotnej spr\u0119\u017cyny oraz w\u0105skich ko\u0144c\u00f3wek kt\u00f3re umo\u017cliwiaj\u0105 \u0142atwe i szybkie zak\u0142adanie separator\u00f3w.\u00a0\u00a0Instrument w wersji premium wyprodukowany przy u\u017cyciu certyfikowanej stali japo\u0144skiej (AISI 420). Parametry kleszczy &hellip; Kleszcze do zak\u0142adania separator\u00f3w Read More &raquo;\" \/>\n<meta property=\"og:url\" content=\"https:\/\/clovedental.co\/pl\/produkt\/kleszcze-do-zakladania-separatorow\/\" \/>\n<meta property=\"og:site_name\" content=\"clovedental.co\" \/>\n<meta property=\"article:modified_time\" content=\"2024-01-10T08:41:59+00:00\" \/>\n<meta name=\"twitter:card\" content=\"summary_large_image\" \/>\n<meta name=\"twitter:label1\" content=\"Szacowany czas czytania\" \/>\n\t<meta name=\"twitter:data1\" content=\"1 minuta\" \/>\n<script type=\"application\/ld+json\" class=\"yoast-schema-graph\">{\"@context\":\"https:\/\/schema.org\",\"@graph\":[{\"@type\":\"WebPage\",\"@id\":\"https:\/\/clovedental.co\/pl\/produkt\/kleszcze-do-zakladania-separatorow\/\",\"url\":\"https:\/\/clovedental.co\/pl\/produkt\/kleszcze-do-zakladania-separatorow\/\",\"name\":\"Kleszcze do zak\u0142adania separator\u00f3w | clovedental.co\",\"isPartOf\":{\"@id\":\"https:\/\/clovedental.co\/pl\/#website\"},\"datePublished\":\"2024-01-10T08:37:04+00:00\",\"dateModified\":\"2024-01-10T08:41:59+00:00\",\"breadcrumb\":{\"@id\":\"https:\/\/clovedental.co\/pl\/produkt\/kleszcze-do-zakladania-separatorow\/#breadcrumb\"},\"inLanguage\":\"pl-PL\",\"potentialAction\":[{\"@type\":\"ReadAction\",\"target\":[\"https:\/\/clovedental.co\/pl\/produkt\/kleszcze-do-zakladania-separatorow\/\"]}]},{\"@type\":\"BreadcrumbList\",\"@id\":\"https:\/\/clovedental.co\/pl\/produkt\/kleszcze-do-zakladania-separatorow\/#breadcrumb\",\"itemListElement\":[{\"@type\":\"ListItem\",\"position\":1,\"name\":\"Strona g\u0142\u00f3wna\",\"item\":\"https:\/\/clovedental.co\/pl\/\"},{\"@type\":\"ListItem\",\"position\":2,\"name\":\"Sklep\",\"item\":\"https:\/\/clovedental.co\/products\/shop\/\"},{\"@type\":\"ListItem\",\"position\":3,\"name\":\"Kleszcze do zak\u0142adania separator\u00f3w\"}]},{\"@type\":\"WebSite\",\"@id\":\"https:\/\/clovedental.co\/pl\/#website\",\"url\":\"https:\/\/clovedental.co\/pl\/\",\"name\":\"Manufacturer of Dental and Surgical Instruments\",\"description\":\"Details are the Key\",\"publisher\":{\"@id\":\"https:\/\/clovedental.co\/pl\/#organization\"},\"alternateName\":\"Dental and Surgical Instruments\",\"potentialAction\":[{\"@type\":\"SearchAction\",\"target\":{\"@type\":\"EntryPoint\",\"urlTemplate\":\"https:\/\/clovedental.co\/pl\/?s={search_term_string}\"},\"query-input\":\"required name=search_term_string\"}],\"inLanguage\":\"pl-PL\"},{\"@type\":\"Organization\",\"@id\":\"https:\/\/clovedental.co\/pl\/#organization\",\"name\":\"clovedental.co\",\"alternateName\":\"Clove\",\"url\":\"https:\/\/clovedental.co\/pl\/\",\"logo\":{\"@type\":\"ImageObject\",\"inLanguage\":\"pl-PL\",\"@id\":\"https:\/\/clovedental.co\/pl\/#\/schema\/logo\/image\/\",\"url\":\"https:\/\/clovedental.co\/wp-content\/uploads\/2023\/12\/LOGO_CLOVE.png\",\"contentUrl\":\"https:\/\/clovedental.co\/wp-content\/uploads\/2023\/12\/LOGO_CLOVE.png\",\"width\":1400,\"height\":1400,\"caption\":\"clovedental.co\"},\"image\":{\"@id\":\"https:\/\/clovedental.co\/pl\/#\/schema\/logo\/image\/\"}}]}<\/script>\n<!-- \/ Yoast SEO plugin. -->","yoast_head_json":{"title":"Kleszcze do zak\u0142adania separator\u00f3w | clovedental.co","robots":{"index":"index","follow":"follow","max-snippet":"max-snippet:-1","max-image-preview":"max-image-preview:large","max-video-preview":"max-video-preview:-1"},"canonical":"https:\/\/clovedental.co\/pl\/produkt\/kleszcze-do-zakladania-separatorow\/","og_locale":"pl_PL","og_type":"article","og_title":"Kleszcze do zak\u0142adania separator\u00f3w | clovedental.co","og_description":"Kleszcze do zak\u0142adania separator\u00f3w wykorzystywane podczas zabieg\u00f3w ortodontycznych. S\u0142u\u017c\u0105 do \u0142atwego umieszczania separator\u00f3w widocznych i niewidocznych na zdj\u0119ciach RTG. Sk\u0142adaj\u0105 si\u0119 z r\u0119koje\u015bci kt\u00f3rej proste dzia\u0142anie oparte jest na reakcji zwrotnej spr\u0119\u017cyny oraz w\u0105skich ko\u0144c\u00f3wek kt\u00f3re umo\u017cliwiaj\u0105 \u0142atwe i szybkie zak\u0142adanie separator\u00f3w.\u00a0\u00a0Instrument w wersji premium wyprodukowany przy u\u017cyciu certyfikowanej stali japo\u0144skiej (AISI 420). Parametry kleszczy &hellip; Kleszcze do zak\u0142adania separator\u00f3w Read More &raquo;","og_url":"https:\/\/clovedental.co\/pl\/produkt\/kleszcze-do-zakladania-separatorow\/","og_site_name":"clovedental.co","article_modified_time":"2024-01-10T08:41:59+00:00","twitter_card":"summary_large_image","twitter_misc":{"Szacowany czas czytania":"1 minuta"},"schema":{"@context":"https:\/\/schema.org","@graph":[{"@type":"WebPage","@id":"https:\/\/clovedental.co\/pl\/produkt\/kleszcze-do-zakladania-separatorow\/","url":"https:\/\/clovedental.co\/pl\/produkt\/kleszcze-do-zakladania-separatorow\/","name":"Kleszcze do zak\u0142adania separator\u00f3w | clovedental.co","isPartOf":{"@id":"https:\/\/clovedental.co\/pl\/#website"},"datePublished":"2024-01-10T08:37:04+00:00","dateModified":"2024-01-10T08:41:59+00:00","breadcrumb":{"@id":"https:\/\/clovedental.co\/pl\/produkt\/kleszcze-do-zakladania-separatorow\/#breadcrumb"},"inLanguage":"pl-PL","potentialAction":[{"@type":"ReadAction","target":["https:\/\/clovedental.co\/pl\/produkt\/kleszcze-do-zakladania-separatorow\/"]}]},{"@type":"BreadcrumbList","@id":"https:\/\/clovedental.co\/pl\/produkt\/kleszcze-do-zakladania-separatorow\/#breadcrumb","itemListElement":[{"@type":"ListItem","position":1,"name":"Strona g\u0142\u00f3wna","item":"https:\/\/clovedental.co\/pl\/"},{"@type":"ListItem","position":2,"name":"Sklep","item":"https:\/\/clovedental.co\/products\/shop\/"},{"@type":"ListItem","position":3,"name":"Kleszcze do zak\u0142adania separator\u00f3w"}]},{"@type":"WebSite","@id":"https:\/\/clovedental.co\/pl\/#website","url":"https:\/\/clovedental.co\/pl\/","name":"Manufacturer of Dental and Surgical Instruments","description":"Details are the Key","publisher":{"@id":"https:\/\/clovedental.co\/pl\/#organization"},"alternateName":"Dental and Surgical Instruments","potentialAction":[{"@type":"SearchAction","target":{"@type":"EntryPoint","urlTemplate":"https:\/\/clovedental.co\/pl\/?s={search_term_string}"},"query-input":"required name=search_term_string"}],"inLanguage":"pl-PL"},{"@type":"Organization","@id":"https:\/\/clovedental.co\/pl\/#organization","name":"clovedental.co","alternateName":"Clove","url":"https:\/\/clovedental.co\/pl\/","logo":{"@type":"ImageObject","inLanguage":"pl-PL","@id":"https:\/\/clovedental.co\/pl\/#\/schema\/logo\/image\/","url":"https:\/\/clovedental.co\/wp-content\/uploads\/2023\/12\/LOGO_CLOVE.png","contentUrl":"https:\/\/clovedental.co\/wp-content\/uploads\/2023\/12\/LOGO_CLOVE.png","width":1400,"height":1400,"caption":"clovedental.co"},"image":{"@id":"https:\/\/clovedental.co\/pl\/#\/schema\/logo\/image\/"}}]}},"_links":{"self":[{"href":"https:\/\/clovedental.co\/pl\/wp-json\/wp\/v2\/product\/4250","targetHints":{"allow":["GET"]}}],"collection":[{"href":"https:\/\/clovedental.co\/pl\/wp-json\/wp\/v2\/product"}],"about":[{"href":"https:\/\/clovedental.co\/pl\/wp-json\/wp\/v2\/types\/product"}],"wp:featuredmedia":[{"embeddable":true,"href":"https:\/\/clovedental.co\/pl\/wp-json\/wp\/v2\/media\/887"}],"wp:attachment":[{"href":"https:\/\/clovedental.co\/pl\/wp-json\/wp\/v2\/media?parent=4250"}],"wp:term":[{"taxonomy":"product_cat","embeddable":true,"href":"https:\/\/clovedental.co\/pl\/wp-json\/wp\/v2\/product_cat?post=4250"},{"taxonomy":"product_tag","embeddable":true,"href":"https:\/\/clovedental.co\/pl\/wp-json\/wp\/v2\/product_tag?post=4250"},{"taxonomy":"code","embeddable":true,"href":"https:\/\/clovedental.co\/pl\/wp-json\/wp\/v2\/code?post=4250"}],"curies":[{"name":"wp","href":"https:\/\/api.w.org\/{rel}","templated":true}]}}