{"id":4251,"date":"2024-01-10T08:37:04","date_gmt":"2024-01-10T08:37:04","guid":{"rendered":"https:\/\/clovedental.co\/product\/kleszcze-kramponowe-delfinki-do-ciecia-i-doginania-drutu\/"},"modified":"2024-01-10T08:42:00","modified_gmt":"2024-01-10T08:42:00","slug":"kleszcze-kramponowe-delfinki-do-ciecia-i-doginania-drutu","status":"publish","type":"product","link":"https:\/\/clovedental.co\/pl\/produkt\/kleszcze-kramponowe-delfinki-do-ciecia-i-doginania-drutu\/","title":{"rendered":"Kleszcze kramponowe Delfinki do ci\u0119cia i doginania drutu"},"content":{"rendered":"<p style=\"text-align: left;\"><span style=\"font-size: 10pt; font-family: arial, helvetica, sans-serif;\"><strong>Kleszcze protetyczne uniwersalne Delifnki<\/strong> wykorzystywane w ortodoncji do prostowania i doginania drut\u00f3w oraz ich obcinania. Kleszcze Delfinki sk\u0142adaj\u0105 si\u0119 z doskonale zbalansowanych r\u0119koje\u015bci oraz d\u0142ugich sto\u017ckowych ko\u0144c\u00f3wek odpowiadaj\u0105cych za doginanie i obcinanie drut\u00f3w. Ko\u0144c\u00f3wka pracuj\u0105ca kleszczy ma kszta\u0142t p\u0142aski zakrzywiony zwany (&#8220;delfinki&#8221;).<\/span><\/p>\n<p><\/br><\/p>\n<h2 style=\"text-align: left;\"><span style=\"font-size: 10pt; font-family: arial, helvetica, sans-serif;\">Parametry kleszczy kramponowych Delfinki do ci\u0119cia i doginania drutu<\/span><\/h2>\n<p><\/br><\/p>\n<ul style=\"text-align: left;\"><\/br><\/p>\n<li><span style=\"font-size: 10pt; font-family: arial, helvetica, sans-serif;\">d\u0142ugo\u015b\u0107 ca\u0142kowita 150 mm<\/span><\/li>\n<p><\/br><\/p>\n<li><span style=\"font-size: 10pt; font-family: arial, helvetica, sans-serif;\">d\u0142ugie sto\u017ckowe ko\u0144c\u00f3wki<\/span><\/li>\n<p><\/br><\/p>\n<li><span style=\"font-size: 10pt; font-family: arial, helvetica, sans-serif;\">maksymalna grubo\u015b\u0107 drutu do ci\u0119cia 0,7 mm<\/span><\/li>\n<p><\/br><\/p>\n<li><span style=\"font-size: 10pt; font-family: arial, helvetica, sans-serif;\">maksymalna grubo\u015b\u0107 drutu do wyginania 0,9 mm<\/span><\/li>\n<p><\/br><\/p>\n<li><span style=\"font-size: 10pt; font-family: arial, helvetica, sans-serif;\">ergonomiczne r\u0105czki doskonale zbalansowane<\/span><\/li>\n<p><\/br><\/p>\n<li><span style=\"font-size: 10pt; font-family: arial, helvetica, sans-serif;\">g\u0142adka, satynowa powierzchnia<\/span><\/li>\n<p><\/br><\/p>\n<li><span style=\"font-size: 10pt; font-family: arial, helvetica, sans-serif;\">francuska stal chirurgiczna<\/span><\/li>\n<p><\/br><\/ul>\n<p><\/br><\/p>\n<h2 style=\"text-align: left;\"><span style=\"font-size: 10pt; font-family: arial, helvetica, sans-serif;\">Zalety korzystania z kleszczy protetycznych Delfinki<\/span><\/h2>\n<p><\/br><\/p>\n<ul style=\"text-align: left;\"><\/br><\/p>\n<li><span style=\"font-size: 10pt; font-family: arial, helvetica, sans-serif;\">uchwyty zosta\u0142y opracowane tak, by sprzyja\u0142y komfortowi u\u017cytkownika<\/span><\/li>\n<p><\/br><\/p>\n<li><span style=\"font-size: 10pt; font-family: arial, helvetica, sans-serif;\">wykonane jest z wysokiej jako\u015bci stali chirurgicznej<\/span><\/li>\n<p><\/br><\/p>\n<li><span style=\"font-size: 10pt; font-family: arial, helvetica, sans-serif;\">wielozadaniowe kleszcze z zaostrzonymi dziobami<\/span><\/li>\n<p><\/br><\/p>\n<li><span style=\"font-size: 10pt; font-family: arial, helvetica, sans-serif;\">wyko\u0144czone r\u0119cznie, kt\u00f3re nie powoduje odb\u0142ysk\u00f3w \u015bwiat\u0142a<\/span><\/li>\n<p><\/br><\/p>\n<li><span style=\"font-size: 10pt; font-family: arial, helvetica, sans-serif;\">mo\u017cliwo\u015b\u0107 wielokrotnej dezynfekcji i sterylizacji w autoklawie w temperaturze 134\u030a<\/span><\/li>\n<p><\/br><\/p>\n<li><span style=\"font-size: 10pt; font-family: arial, helvetica, sans-serif;\">roczna gwarancja producenta<\/span><\/li>\n<p><\/br><\/ul>\n<p><\/br><\/p>\n<p style=\"text-align: left;\"><span style=\"font-size: 10pt; font-family: arial, helvetica, sans-serif;\"><em>Kleszcze<\/em><em> kramponowe Delfinki <\/em>przeznaczone s\u0105 dla osoby kwalifikowanej. Przed pierwszym u\u017cyciem narz\u0119dzie nale\u017cy poda\u0107 procesowi sterylizacji i dezynfekcji w autoklawie. Posiadaj\u0105 certyfikaty CE oraz ISO 9001:2008.<\/span><\/p>\n","protected":false},"excerpt":{"rendered":"<p>Kleszcze protetyczne uniwersalne Delifnki wykorzystywane w ortodoncji do prostowania i doginania drut\u00f3w oraz ich obcinania. Kleszcze Delfinki sk\u0142adaj\u0105 si\u0119 z doskonale zbalansowanych r\u0119koje\u015bci oraz d\u0142ugich sto\u017ckowych ko\u0144c\u00f3wek odpowiadaj\u0105cych za doginanie i obcinanie drut\u00f3w. Ko\u0144c\u00f3wka pracuj\u0105ca kleszczy ma kszta\u0142t p\u0142aski zakrzywiony zwany (&#8220;delfinki&#8221;). Parametry kleszczy kramponowych Delfinki do ci\u0119cia i doginania drutu d\u0142ugo\u015b\u0107 ca\u0142kowita 150 mm &hellip;<\/p>\n<p class=\"read-more\"> <a class=\"\" href=\"https:\/\/clovedental.co\/pl\/produkt\/kleszcze-kramponowe-delfinki-do-ciecia-i-doginania-drutu\/\"> <span class=\"screen-reader-text\">Kleszcze kramponowe Delfinki do ci\u0119cia i doginania drutu<\/span> Read More &raquo;<\/a><\/p>\n","protected":false},"featured_media":6057,"template":"","meta":{"site-sidebar-layout":"default","site-content-layout":"","ast-site-content-layout":"default","site-content-style":"default","site-sidebar-style":"default","ast-global-header-display":"","ast-banner-title-visibility":"","ast-main-header-display":"","ast-hfb-above-header-display":"","ast-hfb-below-header-display":"","ast-hfb-mobile-header-display":"","site-post-title":"","ast-breadcrumbs-content":"","ast-featured-img":"","footer-sml-layout":"","theme-transparent-header-meta":"default","adv-header-id-meta":"","stick-header-meta":"","header-above-stick-meta":"","header-main-stick-meta":"","header-below-stick-meta":"","astra-migrate-meta-layouts":"","ast-page-background-enabled":"default","ast-page-background-meta":{"desktop":{"background-color":"var(--ast-global-color-4)","background-image":"","background-repeat":"repeat","background-position":"center center","background-size":"auto","background-attachment":"scroll","background-type":"","background-media":"","overlay-type":"","overlay-color":"","overlay-gradient":""},"tablet":{"background-color":"","background-image":"","background-repeat":"repeat","background-position":"center center","background-size":"auto","background-attachment":"scroll","background-type":"","background-media":"","overlay-type":"","overlay-color":"","overlay-gradient":""},"mobile":{"background-color":"","background-image":"","background-repeat":"repeat","background-position":"center center","background-size":"auto","background-attachment":"scroll","background-type":"","background-media":"","overlay-type":"","overlay-color":"","overlay-gradient":""}},"ast-content-background-meta":{"desktop":{"background-color":"var(--ast-global-color-5)","background-image":"","background-repeat":"repeat","background-position":"center center","background-size":"auto","background-attachment":"scroll","background-type":"","background-media":"","overlay-type":"","overlay-color":"","overlay-gradient":""},"tablet":{"background-color":"var(--ast-global-color-5)","background-image":"","background-repeat":"repeat","background-position":"center center","background-size":"auto","background-attachment":"scroll","background-type":"","background-media":"","overlay-type":"","overlay-color":"","overlay-gradient":""},"mobile":{"background-color":"var(--ast-global-color-5)","background-image":"","background-repeat":"repeat","background-position":"center center","background-size":"auto","background-attachment":"scroll","background-type":"","background-media":"","overlay-type":"","overlay-color":"","overlay-gradient":""}}},"product_cat":[425],"product_tag":[],"code":[129],"class_list":{"0":"post-4251","1":"product","2":"type-product","3":"status-publish","4":"has-post-thumbnail","6":"product_cat-ortodoncja","7":"code-09-105-156","8":"desktop-align-left","9":"tablet-align-left","10":"mobile-align-left","12":"first","13":"instock","14":"product-type-simple"},"acf":[],"yoast_head":"<!-- This site is optimized with the Yoast SEO plugin v21.9.1 - https:\/\/yoast.com\/wordpress\/plugins\/seo\/ -->\n<title>Kleszcze kramponowe Delfinki do ci\u0119cia i doginania drutu | clovedental.co<\/title>\n<meta name=\"robots\" content=\"index, follow, max-snippet:-1, max-image-preview:large, max-video-preview:-1\" \/>\n<link rel=\"canonical\" href=\"https:\/\/clovedental.co\/pl\/produkt\/kleszcze-kramponowe-delfinki-do-ciecia-i-doginania-drutu\/\" \/>\n<meta property=\"og:locale\" content=\"pl_PL\" \/>\n<meta property=\"og:type\" content=\"article\" \/>\n<meta property=\"og:title\" content=\"Kleszcze kramponowe Delfinki do ci\u0119cia i doginania drutu | clovedental.co\" \/>\n<meta property=\"og:description\" content=\"Kleszcze protetyczne uniwersalne Delifnki wykorzystywane w ortodoncji do prostowania i doginania drut\u00f3w oraz ich obcinania. Kleszcze Delfinki sk\u0142adaj\u0105 si\u0119 z doskonale zbalansowanych r\u0119koje\u015bci oraz d\u0142ugich sto\u017ckowych ko\u0144c\u00f3wek odpowiadaj\u0105cych za doginanie i obcinanie drut\u00f3w. Ko\u0144c\u00f3wka pracuj\u0105ca kleszczy ma kszta\u0142t p\u0142aski zakrzywiony zwany (&#8220;delfinki&#8221;). Parametry kleszczy kramponowych Delfinki do ci\u0119cia i doginania drutu d\u0142ugo\u015b\u0107 ca\u0142kowita 150 mm &hellip; Kleszcze kramponowe Delfinki do ci\u0119cia i doginania drutu Read More &raquo;\" \/>\n<meta property=\"og:url\" content=\"https:\/\/clovedental.co\/pl\/produkt\/kleszcze-kramponowe-delfinki-do-ciecia-i-doginania-drutu\/\" \/>\n<meta property=\"og:site_name\" content=\"clovedental.co\" \/>\n<meta property=\"article:modified_time\" content=\"2024-01-10T08:42:00+00:00\" \/>\n<meta property=\"og:image\" content=\"http:\/\/clovedental.co\/wp-content\/uploads\/2024\/01\/e06ddf79-dc08-44a2-ade4-36b118cab49e.jpeg\" \/>\n\t<meta property=\"og:image:width\" content=\"1000\" \/>\n\t<meta property=\"og:image:height\" content=\"1000\" \/>\n\t<meta property=\"og:image:type\" content=\"image\/jpeg\" \/>\n<meta name=\"twitter:card\" content=\"summary_large_image\" \/>\n<meta name=\"twitter:label1\" content=\"Szacowany czas czytania\" \/>\n\t<meta name=\"twitter:data1\" content=\"1 minuta\" \/>\n<script type=\"application\/ld+json\" class=\"yoast-schema-graph\">{\"@context\":\"https:\/\/schema.org\",\"@graph\":[{\"@type\":\"WebPage\",\"@id\":\"https:\/\/clovedental.co\/pl\/produkt\/kleszcze-kramponowe-delfinki-do-ciecia-i-doginania-drutu\/\",\"url\":\"https:\/\/clovedental.co\/pl\/produkt\/kleszcze-kramponowe-delfinki-do-ciecia-i-doginania-drutu\/\",\"name\":\"Kleszcze kramponowe Delfinki do ci\u0119cia i doginania drutu | clovedental.co\",\"isPartOf\":{\"@id\":\"https:\/\/clovedental.co\/pl\/#website\"},\"datePublished\":\"2024-01-10T08:37:04+00:00\",\"dateModified\":\"2024-01-10T08:42:00+00:00\",\"breadcrumb\":{\"@id\":\"https:\/\/clovedental.co\/pl\/produkt\/kleszcze-kramponowe-delfinki-do-ciecia-i-doginania-drutu\/#breadcrumb\"},\"inLanguage\":\"pl-PL\",\"potentialAction\":[{\"@type\":\"ReadAction\",\"target\":[\"https:\/\/clovedental.co\/pl\/produkt\/kleszcze-kramponowe-delfinki-do-ciecia-i-doginania-drutu\/\"]}]},{\"@type\":\"BreadcrumbList\",\"@id\":\"https:\/\/clovedental.co\/pl\/produkt\/kleszcze-kramponowe-delfinki-do-ciecia-i-doginania-drutu\/#breadcrumb\",\"itemListElement\":[{\"@type\":\"ListItem\",\"position\":1,\"name\":\"Strona g\u0142\u00f3wna\",\"item\":\"https:\/\/clovedental.co\/pl\/\"},{\"@type\":\"ListItem\",\"position\":2,\"name\":\"Sklep\",\"item\":\"https:\/\/clovedental.co\/products\/shop\/\"},{\"@type\":\"ListItem\",\"position\":3,\"name\":\"Kleszcze kramponowe Delfinki do ci\u0119cia i doginania drutu\"}]},{\"@type\":\"WebSite\",\"@id\":\"https:\/\/clovedental.co\/pl\/#website\",\"url\":\"https:\/\/clovedental.co\/pl\/\",\"name\":\"Manufacturer of Dental and Surgical Instruments\",\"description\":\"Details are the Key\",\"publisher\":{\"@id\":\"https:\/\/clovedental.co\/pl\/#organization\"},\"alternateName\":\"Dental and Surgical Instruments\",\"potentialAction\":[{\"@type\":\"SearchAction\",\"target\":{\"@type\":\"EntryPoint\",\"urlTemplate\":\"https:\/\/clovedental.co\/pl\/?s={search_term_string}\"},\"query-input\":\"required name=search_term_string\"}],\"inLanguage\":\"pl-PL\"},{\"@type\":\"Organization\",\"@id\":\"https:\/\/clovedental.co\/pl\/#organization\",\"name\":\"clovedental.co\",\"alternateName\":\"Clove\",\"url\":\"https:\/\/clovedental.co\/pl\/\",\"logo\":{\"@type\":\"ImageObject\",\"inLanguage\":\"pl-PL\",\"@id\":\"https:\/\/clovedental.co\/pl\/#\/schema\/logo\/image\/\",\"url\":\"https:\/\/clovedental.co\/wp-content\/uploads\/2023\/12\/LOGO_CLOVE.png\",\"contentUrl\":\"https:\/\/clovedental.co\/wp-content\/uploads\/2023\/12\/LOGO_CLOVE.png\",\"width\":1400,\"height\":1400,\"caption\":\"clovedental.co\"},\"image\":{\"@id\":\"https:\/\/clovedental.co\/pl\/#\/schema\/logo\/image\/\"}}]}<\/script>\n<!-- \/ Yoast SEO plugin. -->","yoast_head_json":{"title":"Kleszcze kramponowe Delfinki do ci\u0119cia i doginania drutu | clovedental.co","robots":{"index":"index","follow":"follow","max-snippet":"max-snippet:-1","max-image-preview":"max-image-preview:large","max-video-preview":"max-video-preview:-1"},"canonical":"https:\/\/clovedental.co\/pl\/produkt\/kleszcze-kramponowe-delfinki-do-ciecia-i-doginania-drutu\/","og_locale":"pl_PL","og_type":"article","og_title":"Kleszcze kramponowe Delfinki do ci\u0119cia i doginania drutu | clovedental.co","og_description":"Kleszcze protetyczne uniwersalne Delifnki wykorzystywane w ortodoncji do prostowania i doginania drut\u00f3w oraz ich obcinania. Kleszcze Delfinki sk\u0142adaj\u0105 si\u0119 z doskonale zbalansowanych r\u0119koje\u015bci oraz d\u0142ugich sto\u017ckowych ko\u0144c\u00f3wek odpowiadaj\u0105cych za doginanie i obcinanie drut\u00f3w. Ko\u0144c\u00f3wka pracuj\u0105ca kleszczy ma kszta\u0142t p\u0142aski zakrzywiony zwany (&#8220;delfinki&#8221;). Parametry kleszczy kramponowych Delfinki do ci\u0119cia i doginania drutu d\u0142ugo\u015b\u0107 ca\u0142kowita 150 mm &hellip; Kleszcze kramponowe Delfinki do ci\u0119cia i doginania drutu Read More &raquo;","og_url":"https:\/\/clovedental.co\/pl\/produkt\/kleszcze-kramponowe-delfinki-do-ciecia-i-doginania-drutu\/","og_site_name":"clovedental.co","article_modified_time":"2024-01-10T08:42:00+00:00","og_image":[{"width":1000,"height":1000,"url":"http:\/\/clovedental.co\/wp-content\/uploads\/2024\/01\/e06ddf79-dc08-44a2-ade4-36b118cab49e.jpeg","type":"image\/jpeg"}],"twitter_card":"summary_large_image","twitter_misc":{"Szacowany czas czytania":"1 minuta"},"schema":{"@context":"https:\/\/schema.org","@graph":[{"@type":"WebPage","@id":"https:\/\/clovedental.co\/pl\/produkt\/kleszcze-kramponowe-delfinki-do-ciecia-i-doginania-drutu\/","url":"https:\/\/clovedental.co\/pl\/produkt\/kleszcze-kramponowe-delfinki-do-ciecia-i-doginania-drutu\/","name":"Kleszcze kramponowe Delfinki do ci\u0119cia i doginania drutu | clovedental.co","isPartOf":{"@id":"https:\/\/clovedental.co\/pl\/#website"},"datePublished":"2024-01-10T08:37:04+00:00","dateModified":"2024-01-10T08:42:00+00:00","breadcrumb":{"@id":"https:\/\/clovedental.co\/pl\/produkt\/kleszcze-kramponowe-delfinki-do-ciecia-i-doginania-drutu\/#breadcrumb"},"inLanguage":"pl-PL","potentialAction":[{"@type":"ReadAction","target":["https:\/\/clovedental.co\/pl\/produkt\/kleszcze-kramponowe-delfinki-do-ciecia-i-doginania-drutu\/"]}]},{"@type":"BreadcrumbList","@id":"https:\/\/clovedental.co\/pl\/produkt\/kleszcze-kramponowe-delfinki-do-ciecia-i-doginania-drutu\/#breadcrumb","itemListElement":[{"@type":"ListItem","position":1,"name":"Strona g\u0142\u00f3wna","item":"https:\/\/clovedental.co\/pl\/"},{"@type":"ListItem","position":2,"name":"Sklep","item":"https:\/\/clovedental.co\/products\/shop\/"},{"@type":"ListItem","position":3,"name":"Kleszcze kramponowe Delfinki do ci\u0119cia i doginania drutu"}]},{"@type":"WebSite","@id":"https:\/\/clovedental.co\/pl\/#website","url":"https:\/\/clovedental.co\/pl\/","name":"Manufacturer of Dental and Surgical Instruments","description":"Details are the Key","publisher":{"@id":"https:\/\/clovedental.co\/pl\/#organization"},"alternateName":"Dental and Surgical Instruments","potentialAction":[{"@type":"SearchAction","target":{"@type":"EntryPoint","urlTemplate":"https:\/\/clovedental.co\/pl\/?s={search_term_string}"},"query-input":"required name=search_term_string"}],"inLanguage":"pl-PL"},{"@type":"Organization","@id":"https:\/\/clovedental.co\/pl\/#organization","name":"clovedental.co","alternateName":"Clove","url":"https:\/\/clovedental.co\/pl\/","logo":{"@type":"ImageObject","inLanguage":"pl-PL","@id":"https:\/\/clovedental.co\/pl\/#\/schema\/logo\/image\/","url":"https:\/\/clovedental.co\/wp-content\/uploads\/2023\/12\/LOGO_CLOVE.png","contentUrl":"https:\/\/clovedental.co\/wp-content\/uploads\/2023\/12\/LOGO_CLOVE.png","width":1400,"height":1400,"caption":"clovedental.co"},"image":{"@id":"https:\/\/clovedental.co\/pl\/#\/schema\/logo\/image\/"}}]}},"_links":{"self":[{"href":"https:\/\/clovedental.co\/pl\/wp-json\/wp\/v2\/product\/4251","targetHints":{"allow":["GET"]}}],"collection":[{"href":"https:\/\/clovedental.co\/pl\/wp-json\/wp\/v2\/product"}],"about":[{"href":"https:\/\/clovedental.co\/pl\/wp-json\/wp\/v2\/types\/product"}],"wp:featuredmedia":[{"embeddable":true,"href":"https:\/\/clovedental.co\/pl\/wp-json\/wp\/v2\/media\/6057"}],"wp:attachment":[{"href":"https:\/\/clovedental.co\/pl\/wp-json\/wp\/v2\/media?parent=4251"}],"wp:term":[{"taxonomy":"product_cat","embeddable":true,"href":"https:\/\/clovedental.co\/pl\/wp-json\/wp\/v2\/product_cat?post=4251"},{"taxonomy":"product_tag","embeddable":true,"href":"https:\/\/clovedental.co\/pl\/wp-json\/wp\/v2\/product_tag?post=4251"},{"taxonomy":"code","embeddable":true,"href":"https:\/\/clovedental.co\/pl\/wp-json\/wp\/v2\/code?post=4251"}],"curies":[{"name":"wp","href":"https:\/\/api.w.org\/{rel}","templated":true}]}}