{"id":4290,"date":"2024-01-10T08:37:21","date_gmt":"2024-01-10T08:37:21","guid":{"rendered":"https:\/\/clovedental.co\/product\/kleszcze-ortodontyczne-do-koferdamu-17-cm\/"},"modified":"2024-01-10T08:42:21","modified_gmt":"2024-01-10T08:42:21","slug":"kleszcze-ortodontyczne-do-koferdamu-17-cm","status":"publish","type":"product","link":"https:\/\/clovedental.co\/pl\/produkt\/kleszcze-ortodontyczne-do-koferdamu-17-cm\/","title":{"rendered":"Kleszcze ortodontyczne do koferdamu 17 cm"},"content":{"rendered":"<p style=\"text-align:justify;\"><span style=\"font-family:arial, helvetica, sans-serif;font-size:10pt;\">Kleszcze s\u0142u\u017c\u0105 do chwytania i zak\u0142adania zacisk\u00f3w koferdamu &#8211; na specjaln\u0105 kasetk\u0119 lub bezpo\u015brednio na z\u0119ba. Narz\u0119dzie posiada zaokr\u0105glon\u0105, ergonomiczn\u0105 r\u0119koje\u015b\u0107, kt\u00f3ra idealnie wpasowuje si\u0119 w ka\u017cd\u0105 d\u0142o\u0144. Cienkie ko\u0144c\u00f3wki robocze pozwalaj\u0105 na precyzyjne chwytanie drobnych zacisk\u00f3w. System spr\u0119\u017cynowy u\u0142atwia otwieranie oraz zamykanie si\u0119 produktu. Kleszcze zosta\u0142y wykonane z japo\u0144skiej stali nierdzewnej o bardzo dobrych w\u0142a\u015bciwo\u015bciach antykorozyjnych (AISI 420). Mo\u017cliwo\u015b\u0107 wielokrotnej sterylizacji.\u00a0<\/span><\/p>\n<p><\/br><\/p>\n<h1 style=\"text-align:justify;\"><span style=\"font-family:arial, helvetica, sans-serif;font-size:10pt;\">Parametry kleszcze ortodontyczne<\/span><\/h1>\n<p><\/br><\/p>\n<ul><\/br><\/p>\n<li style=\"text-align:justify;\"><span style=\"font-family:arial, helvetica, sans-serif;font-size:10pt;\">Typ: kleszcze ortodontyczne, stomatologia<\/span><\/li>\n<p><\/br><\/p>\n<li style=\"text-align:justify;\"><span style=\"font-family:arial, helvetica, sans-serif;font-size:10pt;\">Przeznaczenie: zak\u0142adanie koferdamu<\/span><\/li>\n<p><\/br><\/p>\n<li style=\"text-align:justify;\"><span style=\"font-family:arial, helvetica, sans-serif;font-size:10pt;\">Dost\u0119pna d\u0142ugo\u015b\u0107: 17 cm<\/span><\/li>\n<p><\/br><\/p>\n<li style=\"text-align:justify;\"><span style=\"font-family:arial, helvetica, sans-serif;font-size:10pt;\">Wykonane r\u0119cznie<\/span><\/li>\n<p><\/br><\/p>\n<li style=\"text-align:justify;\"><span style=\"font-family:arial, helvetica, sans-serif;font-size:10pt;\">Produkt wielokrotnego u\u017cytku<\/span><\/li>\n<p><\/br><\/p>\n<li style=\"text-align:justify;\"><span style=\"font-family:arial, helvetica, sans-serif;font-size:10pt;\">Produkt niesterylny<\/span><\/li>\n<p><\/br><\/ul>\n<p><\/br><\/p>\n<h2 style=\"text-align:justify;\"><span style=\"font-family:arial, helvetica, sans-serif;font-size:10pt;\">Zalety wykorzystania<\/span><\/h2>\n<p><\/br><\/p>\n<ul><\/br><\/p>\n<li style=\"text-align:justify;\"><span style=\"font-family:arial, helvetica, sans-serif;font-size:10pt;\">Precyzyjne ko\u0144c\u00f3wki u\u0142atwiaj\u0105 chwytanie zacisk\u00f3w koferdamu<\/span><\/li>\n<p><\/br><\/p>\n<li style=\"text-align:justify;\"><span style=\"font-family:arial, helvetica, sans-serif;font-size:10pt;\">Ergonomiczne r\u0119koje\u015b\u0107 oraz lekka waga zwi\u0119kszaj\u0105 komfort pracy<\/span><\/li>\n<p><\/br><\/p>\n<li style=\"text-align:justify;\"><span style=\"font-family:arial, helvetica, sans-serif;font-size:10pt;\">Wykonane ze stali nierdzewnej najwy\u017cszej jako\u015bci o ponadprzeci\u0119tnych w\u0142a\u015bciwo\u015bciach antykorozyjnych<\/span><\/li>\n<p><\/br><\/ul>\n<p><\/br><\/p>\n<p style=\"text-align:justify;\"><span style=\"font-family:arial, helvetica, sans-serif;font-size:10pt;\">Produkt posiada certyfikaty CE oraz ISO.<\/span><\/p>\n","protected":false},"excerpt":{"rendered":"<p>Kleszcze s\u0142u\u017c\u0105 do chwytania i zak\u0142adania zacisk\u00f3w koferdamu &#8211; na specjaln\u0105 kasetk\u0119 lub bezpo\u015brednio na z\u0119ba. Narz\u0119dzie posiada zaokr\u0105glon\u0105, ergonomiczn\u0105 r\u0119koje\u015b\u0107, kt\u00f3ra idealnie wpasowuje si\u0119 w ka\u017cd\u0105 d\u0142o\u0144. Cienkie ko\u0144c\u00f3wki robocze pozwalaj\u0105 na precyzyjne chwytanie drobnych zacisk\u00f3w. System spr\u0119\u017cynowy u\u0142atwia otwieranie oraz zamykanie si\u0119 produktu. Kleszcze zosta\u0142y wykonane z japo\u0144skiej stali nierdzewnej o bardzo dobrych &hellip;<\/p>\n<p class=\"read-more\"> <a class=\"\" href=\"https:\/\/clovedental.co\/pl\/produkt\/kleszcze-ortodontyczne-do-koferdamu-17-cm\/\"> <span class=\"screen-reader-text\">Kleszcze ortodontyczne do koferdamu 17 cm<\/span> Read More &raquo;<\/a><\/p>\n","protected":false},"featured_media":960,"template":"","meta":{"site-sidebar-layout":"default","site-content-layout":"","ast-site-content-layout":"","site-content-style":"default","site-sidebar-style":"default","ast-global-header-display":"","ast-banner-title-visibility":"","ast-main-header-display":"","ast-hfb-above-header-display":"","ast-hfb-below-header-display":"","ast-hfb-mobile-header-display":"","site-post-title":"","ast-breadcrumbs-content":"","ast-featured-img":"","footer-sml-layout":"","theme-transparent-header-meta":"default","adv-header-id-meta":"","stick-header-meta":"","header-above-stick-meta":"","header-main-stick-meta":"","header-below-stick-meta":"","astra-migrate-meta-layouts":"","ast-page-background-enabled":"default","ast-page-background-meta":{"desktop":{"background-color":"var(--ast-global-color-4)","background-image":"","background-repeat":"repeat","background-position":"center center","background-size":"auto","background-attachment":"scroll","background-type":"","background-media":"","overlay-type":"","overlay-color":"","overlay-gradient":""},"tablet":{"background-color":"","background-image":"","background-repeat":"repeat","background-position":"center center","background-size":"auto","background-attachment":"scroll","background-type":"","background-media":"","overlay-type":"","overlay-color":"","overlay-gradient":""},"mobile":{"background-color":"","background-image":"","background-repeat":"repeat","background-position":"center center","background-size":"auto","background-attachment":"scroll","background-type":"","background-media":"","overlay-type":"","overlay-color":"","overlay-gradient":""}},"ast-content-background-meta":{"desktop":{"background-color":"var(--ast-global-color-5)","background-image":"","background-repeat":"repeat","background-position":"center center","background-size":"auto","background-attachment":"scroll","background-type":"","background-media":"","overlay-type":"","overlay-color":"","overlay-gradient":""},"tablet":{"background-color":"var(--ast-global-color-5)","background-image":"","background-repeat":"repeat","background-position":"center center","background-size":"auto","background-attachment":"scroll","background-type":"","background-media":"","overlay-type":"","overlay-color":"","overlay-gradient":""},"mobile":{"background-color":"var(--ast-global-color-5)","background-image":"","background-repeat":"repeat","background-position":"center center","background-size":"auto","background-attachment":"scroll","background-type":"","background-media":"","overlay-type":"","overlay-color":"","overlay-gradient":""}}},"product_cat":[425],"product_tag":[],"code":[167],"class_list":{"0":"post-4290","1":"product","2":"type-product","3":"status-publish","4":"has-post-thumbnail","6":"product_cat-ortodoncja","7":"code-09-103-274","8":"desktop-align-left","9":"tablet-align-left","10":"mobile-align-left","12":"first","13":"instock","14":"product-type-simple"},"acf":[],"yoast_head":"<!-- This site is optimized with the Yoast SEO plugin v21.9.1 - https:\/\/yoast.com\/wordpress\/plugins\/seo\/ -->\n<title>Kleszcze ortodontyczne do koferdamu 17 cm | clovedental.co<\/title>\n<meta name=\"robots\" content=\"index, follow, max-snippet:-1, max-image-preview:large, max-video-preview:-1\" \/>\n<link rel=\"canonical\" href=\"https:\/\/clovedental.co\/pl\/produkt\/kleszcze-ortodontyczne-do-koferdamu-17-cm\/\" \/>\n<meta property=\"og:locale\" content=\"pl_PL\" \/>\n<meta property=\"og:type\" content=\"article\" \/>\n<meta property=\"og:title\" content=\"Kleszcze ortodontyczne do koferdamu 17 cm | clovedental.co\" \/>\n<meta property=\"og:description\" content=\"Kleszcze s\u0142u\u017c\u0105 do chwytania i zak\u0142adania zacisk\u00f3w koferdamu &#8211; na specjaln\u0105 kasetk\u0119 lub bezpo\u015brednio na z\u0119ba. Narz\u0119dzie posiada zaokr\u0105glon\u0105, ergonomiczn\u0105 r\u0119koje\u015b\u0107, kt\u00f3ra idealnie wpasowuje si\u0119 w ka\u017cd\u0105 d\u0142o\u0144. Cienkie ko\u0144c\u00f3wki robocze pozwalaj\u0105 na precyzyjne chwytanie drobnych zacisk\u00f3w. System spr\u0119\u017cynowy u\u0142atwia otwieranie oraz zamykanie si\u0119 produktu. Kleszcze zosta\u0142y wykonane z japo\u0144skiej stali nierdzewnej o bardzo dobrych &hellip; Kleszcze ortodontyczne do koferdamu 17 cm Read More &raquo;\" \/>\n<meta property=\"og:url\" content=\"https:\/\/clovedental.co\/pl\/produkt\/kleszcze-ortodontyczne-do-koferdamu-17-cm\/\" \/>\n<meta property=\"og:site_name\" content=\"clovedental.co\" \/>\n<meta property=\"article:modified_time\" content=\"2024-01-10T08:42:21+00:00\" \/>\n<meta property=\"og:image\" content=\"http:\/\/clovedental.co\/wp-content\/uploads\/2024\/01\/c97e8649-2223-4b3c-80aa-317a8847207a.jpeg\" \/>\n\t<meta property=\"og:image:width\" content=\"1000\" \/>\n\t<meta property=\"og:image:height\" content=\"1000\" \/>\n\t<meta property=\"og:image:type\" content=\"image\/jpeg\" \/>\n<meta name=\"twitter:card\" content=\"summary_large_image\" \/>\n<meta name=\"twitter:label1\" content=\"Szacowany czas czytania\" \/>\n\t<meta name=\"twitter:data1\" content=\"1 minuta\" \/>\n<script type=\"application\/ld+json\" class=\"yoast-schema-graph\">{\"@context\":\"https:\/\/schema.org\",\"@graph\":[{\"@type\":\"WebPage\",\"@id\":\"https:\/\/clovedental.co\/pl\/produkt\/kleszcze-ortodontyczne-do-koferdamu-17-cm\/\",\"url\":\"https:\/\/clovedental.co\/pl\/produkt\/kleszcze-ortodontyczne-do-koferdamu-17-cm\/\",\"name\":\"Kleszcze ortodontyczne do koferdamu 17 cm | clovedental.co\",\"isPartOf\":{\"@id\":\"https:\/\/clovedental.co\/pl\/#website\"},\"datePublished\":\"2024-01-10T08:37:21+00:00\",\"dateModified\":\"2024-01-10T08:42:21+00:00\",\"breadcrumb\":{\"@id\":\"https:\/\/clovedental.co\/pl\/produkt\/kleszcze-ortodontyczne-do-koferdamu-17-cm\/#breadcrumb\"},\"inLanguage\":\"pl-PL\",\"potentialAction\":[{\"@type\":\"ReadAction\",\"target\":[\"https:\/\/clovedental.co\/pl\/produkt\/kleszcze-ortodontyczne-do-koferdamu-17-cm\/\"]}]},{\"@type\":\"BreadcrumbList\",\"@id\":\"https:\/\/clovedental.co\/pl\/produkt\/kleszcze-ortodontyczne-do-koferdamu-17-cm\/#breadcrumb\",\"itemListElement\":[{\"@type\":\"ListItem\",\"position\":1,\"name\":\"Strona g\u0142\u00f3wna\",\"item\":\"https:\/\/clovedental.co\/pl\/\"},{\"@type\":\"ListItem\",\"position\":2,\"name\":\"Sklep\",\"item\":\"https:\/\/clovedental.co\/products\/shop\/\"},{\"@type\":\"ListItem\",\"position\":3,\"name\":\"Kleszcze ortodontyczne do koferdamu 17 cm\"}]},{\"@type\":\"WebSite\",\"@id\":\"https:\/\/clovedental.co\/pl\/#website\",\"url\":\"https:\/\/clovedental.co\/pl\/\",\"name\":\"Manufacturer of Dental and Surgical Instruments\",\"description\":\"Details are the Key\",\"publisher\":{\"@id\":\"https:\/\/clovedental.co\/pl\/#organization\"},\"alternateName\":\"Dental and Surgical Instruments\",\"potentialAction\":[{\"@type\":\"SearchAction\",\"target\":{\"@type\":\"EntryPoint\",\"urlTemplate\":\"https:\/\/clovedental.co\/pl\/?s={search_term_string}\"},\"query-input\":\"required name=search_term_string\"}],\"inLanguage\":\"pl-PL\"},{\"@type\":\"Organization\",\"@id\":\"https:\/\/clovedental.co\/pl\/#organization\",\"name\":\"clovedental.co\",\"alternateName\":\"Clove\",\"url\":\"https:\/\/clovedental.co\/pl\/\",\"logo\":{\"@type\":\"ImageObject\",\"inLanguage\":\"pl-PL\",\"@id\":\"https:\/\/clovedental.co\/pl\/#\/schema\/logo\/image\/\",\"url\":\"https:\/\/clovedental.co\/wp-content\/uploads\/2023\/12\/LOGO_CLOVE.png\",\"contentUrl\":\"https:\/\/clovedental.co\/wp-content\/uploads\/2023\/12\/LOGO_CLOVE.png\",\"width\":1400,\"height\":1400,\"caption\":\"clovedental.co\"},\"image\":{\"@id\":\"https:\/\/clovedental.co\/pl\/#\/schema\/logo\/image\/\"}}]}<\/script>\n<!-- \/ Yoast SEO plugin. -->","yoast_head_json":{"title":"Kleszcze ortodontyczne do koferdamu 17 cm | clovedental.co","robots":{"index":"index","follow":"follow","max-snippet":"max-snippet:-1","max-image-preview":"max-image-preview:large","max-video-preview":"max-video-preview:-1"},"canonical":"https:\/\/clovedental.co\/pl\/produkt\/kleszcze-ortodontyczne-do-koferdamu-17-cm\/","og_locale":"pl_PL","og_type":"article","og_title":"Kleszcze ortodontyczne do koferdamu 17 cm | clovedental.co","og_description":"Kleszcze s\u0142u\u017c\u0105 do chwytania i zak\u0142adania zacisk\u00f3w koferdamu &#8211; na specjaln\u0105 kasetk\u0119 lub bezpo\u015brednio na z\u0119ba. Narz\u0119dzie posiada zaokr\u0105glon\u0105, ergonomiczn\u0105 r\u0119koje\u015b\u0107, kt\u00f3ra idealnie wpasowuje si\u0119 w ka\u017cd\u0105 d\u0142o\u0144. Cienkie ko\u0144c\u00f3wki robocze pozwalaj\u0105 na precyzyjne chwytanie drobnych zacisk\u00f3w. System spr\u0119\u017cynowy u\u0142atwia otwieranie oraz zamykanie si\u0119 produktu. Kleszcze zosta\u0142y wykonane z japo\u0144skiej stali nierdzewnej o bardzo dobrych &hellip; Kleszcze ortodontyczne do koferdamu 17 cm Read More &raquo;","og_url":"https:\/\/clovedental.co\/pl\/produkt\/kleszcze-ortodontyczne-do-koferdamu-17-cm\/","og_site_name":"clovedental.co","article_modified_time":"2024-01-10T08:42:21+00:00","og_image":[{"width":1000,"height":1000,"url":"http:\/\/clovedental.co\/wp-content\/uploads\/2024\/01\/c97e8649-2223-4b3c-80aa-317a8847207a.jpeg","type":"image\/jpeg"}],"twitter_card":"summary_large_image","twitter_misc":{"Szacowany czas czytania":"1 minuta"},"schema":{"@context":"https:\/\/schema.org","@graph":[{"@type":"WebPage","@id":"https:\/\/clovedental.co\/pl\/produkt\/kleszcze-ortodontyczne-do-koferdamu-17-cm\/","url":"https:\/\/clovedental.co\/pl\/produkt\/kleszcze-ortodontyczne-do-koferdamu-17-cm\/","name":"Kleszcze ortodontyczne do koferdamu 17 cm | clovedental.co","isPartOf":{"@id":"https:\/\/clovedental.co\/pl\/#website"},"datePublished":"2024-01-10T08:37:21+00:00","dateModified":"2024-01-10T08:42:21+00:00","breadcrumb":{"@id":"https:\/\/clovedental.co\/pl\/produkt\/kleszcze-ortodontyczne-do-koferdamu-17-cm\/#breadcrumb"},"inLanguage":"pl-PL","potentialAction":[{"@type":"ReadAction","target":["https:\/\/clovedental.co\/pl\/produkt\/kleszcze-ortodontyczne-do-koferdamu-17-cm\/"]}]},{"@type":"BreadcrumbList","@id":"https:\/\/clovedental.co\/pl\/produkt\/kleszcze-ortodontyczne-do-koferdamu-17-cm\/#breadcrumb","itemListElement":[{"@type":"ListItem","position":1,"name":"Strona g\u0142\u00f3wna","item":"https:\/\/clovedental.co\/pl\/"},{"@type":"ListItem","position":2,"name":"Sklep","item":"https:\/\/clovedental.co\/products\/shop\/"},{"@type":"ListItem","position":3,"name":"Kleszcze ortodontyczne do koferdamu 17 cm"}]},{"@type":"WebSite","@id":"https:\/\/clovedental.co\/pl\/#website","url":"https:\/\/clovedental.co\/pl\/","name":"Manufacturer of Dental and Surgical Instruments","description":"Details are the Key","publisher":{"@id":"https:\/\/clovedental.co\/pl\/#organization"},"alternateName":"Dental and Surgical Instruments","potentialAction":[{"@type":"SearchAction","target":{"@type":"EntryPoint","urlTemplate":"https:\/\/clovedental.co\/pl\/?s={search_term_string}"},"query-input":"required name=search_term_string"}],"inLanguage":"pl-PL"},{"@type":"Organization","@id":"https:\/\/clovedental.co\/pl\/#organization","name":"clovedental.co","alternateName":"Clove","url":"https:\/\/clovedental.co\/pl\/","logo":{"@type":"ImageObject","inLanguage":"pl-PL","@id":"https:\/\/clovedental.co\/pl\/#\/schema\/logo\/image\/","url":"https:\/\/clovedental.co\/wp-content\/uploads\/2023\/12\/LOGO_CLOVE.png","contentUrl":"https:\/\/clovedental.co\/wp-content\/uploads\/2023\/12\/LOGO_CLOVE.png","width":1400,"height":1400,"caption":"clovedental.co"},"image":{"@id":"https:\/\/clovedental.co\/pl\/#\/schema\/logo\/image\/"}}]}},"_links":{"self":[{"href":"https:\/\/clovedental.co\/pl\/wp-json\/wp\/v2\/product\/4290","targetHints":{"allow":["GET"]}}],"collection":[{"href":"https:\/\/clovedental.co\/pl\/wp-json\/wp\/v2\/product"}],"about":[{"href":"https:\/\/clovedental.co\/pl\/wp-json\/wp\/v2\/types\/product"}],"wp:featuredmedia":[{"embeddable":true,"href":"https:\/\/clovedental.co\/pl\/wp-json\/wp\/v2\/media\/960"}],"wp:attachment":[{"href":"https:\/\/clovedental.co\/pl\/wp-json\/wp\/v2\/media?parent=4290"}],"wp:term":[{"taxonomy":"product_cat","embeddable":true,"href":"https:\/\/clovedental.co\/pl\/wp-json\/wp\/v2\/product_cat?post=4290"},{"taxonomy":"product_tag","embeddable":true,"href":"https:\/\/clovedental.co\/pl\/wp-json\/wp\/v2\/product_tag?post=4290"},{"taxonomy":"code","embeddable":true,"href":"https:\/\/clovedental.co\/pl\/wp-json\/wp\/v2\/code?post=4290"}],"curies":[{"name":"wp","href":"https:\/\/api.w.org\/{rel}","templated":true}]}}