{"id":4372,"date":"2024-01-10T08:37:55","date_gmt":"2024-01-10T08:37:55","guid":{"rendered":"https:\/\/clovedental.co\/product\/kleszcze-aderera-trojszczekowe-do-doginania-klamer-i-drutow\/"},"modified":"2024-01-10T08:43:06","modified_gmt":"2024-01-10T08:43:06","slug":"kleszcze-aderera-trojszczekowe-do-doginania-klamer-i-drutow","status":"publish","type":"product","link":"https:\/\/clovedental.co\/pl\/produkt\/kleszcze-aderera-trojszczekowe-do-doginania-klamer-i-drutow\/","title":{"rendered":"Kleszcze Aderera tr\u00f3jszcz\u0119kowe do doginania klamer i drut\u00f3w"},"content":{"rendered":"<p class=\"Standard\" style=\"text-align: justify;\"><span style=\"font-size: 10pt; font-family: arial, helvetica, sans-serif;\">Niezb\u0119dnym wyposa\u017ceniem ka\u017cdego gabinetu stomatologicznego s\u0105 wysokiej jako\u015bci narz\u0119dzia ortodontyczne. Takim instrumentem s\u0105\u00a0<strong>kleszcze ortodontyczne Aderer<\/strong>\u00a0\u2013 wielozadaniowe narz\u0119dzie oferuj\u0105ce szereg korzy\u015bci. S\u0142u\u017c\u0105 g\u0142\u00f3wnie do manipulacji drutem oraz jego formowaniem czy zaginaniem. W tym celu\u00a0kleszcze do drutu\u00a0zosta\u0142y wyposa\u017cone w smuk\u0142e ko\u0144c\u00f3wki robocze. Dodatkowo, ko\u0144c\u00f3wki wyko\u0144czono tak, aby nie zniszczy\u0107 drutu podczas jego doginania. Produkt dost\u0119pny jest w pi\u0119ciu wariantach. Ergonomiczne ramiona zwi\u0119kszaj\u0105 komfort pracy oraz dzia\u0142aj\u0105 antypo\u015blizgowo. Narz\u0119dzie ortodontyczne zosta\u0142o wykonane z wysokiej jako\u015bci stali chirurgicznej o bardzo dobrych w\u0142a\u015bciwo\u015bciach antykorozyjnych. Natomiast, kleszcze Premium wykonano\u00a0z wysokiej jako\u015bci stali japo\u0144skiej certyfikowanej AISI 420. Mo\u017cliwo\u015b\u0107 wielokrotnej sterylizacji.\u00a0<\/span><\/p>\n<p><\/br><\/p>\n<h1><span style=\"font-family: arial, helvetica, sans-serif; font-size: 10pt;\">Parametry kleszcze ortodontyczne<\/span><\/h1>\n<p><\/br><\/p>\n<ul><\/br><\/p>\n<li><span style=\"font-family: arial, helvetica, sans-serif; font-size: 10pt;\">Typ: kleszcze ortodontyczne, stomatologiczne, Aderer<\/span><\/li>\n<p><\/br><\/p>\n<li><span style=\"font-family: arial, helvetica, sans-serif; font-size: 10pt;\">Przeznaczenie: manipulowanie drutem ortodontycznym<\/span><\/li>\n<p><\/br><\/p>\n<li><span style=\"font-family: arial, helvetica, sans-serif; font-size: 10pt;\">Rodzaje:<\/span><\/li>\n<p><\/br><\/ul>\n<p><\/br><\/p>\n<ul style=\"list-style-type: circle;\"><\/br><\/p>\n<li><span style=\"font-family: arial, helvetica, sans-serif; font-size: 10pt;\">Mini (\u25cf 0.36 mm do 0.50 mm, \u25a0 max. 0,53 mm x 0,64 mm)<\/span><\/li>\n<p><\/br><\/p>\n<li><span style=\"font-family: arial, helvetica, sans-serif; font-size: 10pt;\">Midi (\u25cf 0.36 mm do 0.71 mm, \u25a0 max. 0,56 mm x 0,71 mm)<\/span><\/li>\n<p><\/br><\/p>\n<li><span style=\"font-family: arial, helvetica, sans-serif; font-size: 10pt;\">Maxi (\u25cf 0.50 mm do 0.91 mm, \u25a0 max. 0,56 mm x 0,71 mm)<\/span><\/li>\n<p><\/br><\/p>\n<li><span style=\"font-family: arial, helvetica, sans-serif; font-size: 10pt;\">Standard<\/span><\/li>\n<p><\/br><\/p>\n<li><span style=\"font-family: arial, helvetica, sans-serif; font-size: 10pt;\">Premium<\/span><\/li>\n<p><\/br><\/ul>\n<p><\/br><\/p>\n<ul><\/br><\/p>\n<li><span style=\"font-family: arial, helvetica, sans-serif; font-size: 10pt;\">Wysokiej jako\u015bci stal nierdzewna<\/span><\/li>\n<p><\/br><\/p>\n<li><span style=\"font-family: arial, helvetica, sans-serif; font-size: 10pt;\">Produkty wielokrotnego u\u017cytku<\/span><\/li>\n<p><\/br><\/p>\n<li><span style=\"font-family: arial, helvetica, sans-serif; font-size: 10pt;\">Produkty niesterylny<\/span><\/li>\n<p><\/br><\/ul>\n<p><\/br><\/p>\n<h2><span style=\"font-family: arial, helvetica, sans-serif; font-size: 10pt;\">Zalety wykorzystywania<\/span><\/h2>\n<p><\/br><\/p>\n<ul><\/br><\/p>\n<li><span style=\"font-family: arial, helvetica, sans-serif; font-size: 10pt;\">Szeroka gama wariant\u00f3w do wyboru<\/span><\/li>\n<p><\/br><\/p>\n<li><span style=\"font-family: arial, helvetica, sans-serif; font-size: 10pt;\">Gwarancja najwy\u017cszej jako\u015bci wykonania<\/span><\/li>\n<p><\/br><\/p>\n<li><span style=\"font-family: arial, helvetica, sans-serif; font-size: 10pt;\">Mo\u017cliwo\u015b\u0107 sterylizacji w autoklawie oraz myjce sterylizacyjnej<\/span><\/li>\n<p><\/br><\/p>\n<li><span style=\"font-family: arial, helvetica, sans-serif; font-size: 10pt;\">Wykonane z wysokiej jako\u015bci stali nierdzewnej o bardzo dobrych w\u0142a\u015bciwo\u015bciach antykorozyjnych<\/span><\/li>\n<p><\/br><\/ul>\n<p><\/br><\/p>\n<p class=\"Standard\" style=\"text-align: left;\"><span style=\"font-size: 10pt; font-family: arial, helvetica, sans-serif;\">Produkt posiada certyfikaty ISO9001\/2008, ISO13485\/2003, CE, FDA, AISI 420.<\/span><\/p>\n","protected":false},"excerpt":{"rendered":"<p>Niezb\u0119dnym wyposa\u017ceniem ka\u017cdego gabinetu stomatologicznego s\u0105 wysokiej jako\u015bci narz\u0119dzia ortodontyczne. Takim instrumentem s\u0105\u00a0kleszcze ortodontyczne Aderer\u00a0\u2013 wielozadaniowe narz\u0119dzie oferuj\u0105ce szereg korzy\u015bci. S\u0142u\u017c\u0105 g\u0142\u00f3wnie do manipulacji drutem oraz jego formowaniem czy zaginaniem. W tym celu\u00a0kleszcze do drutu\u00a0zosta\u0142y wyposa\u017cone w smuk\u0142e ko\u0144c\u00f3wki robocze. Dodatkowo, ko\u0144c\u00f3wki wyko\u0144czono tak, aby nie zniszczy\u0107 drutu podczas jego doginania. Produkt dost\u0119pny jest w &hellip;<\/p>\n<p class=\"read-more\"> <a class=\"\" href=\"https:\/\/clovedental.co\/pl\/produkt\/kleszcze-aderera-trojszczekowe-do-doginania-klamer-i-drutow\/\"> <span class=\"screen-reader-text\">Kleszcze Aderera tr\u00f3jszcz\u0119kowe do doginania klamer i drut\u00f3w<\/span> Read More &raquo;<\/a><\/p>\n","protected":false},"featured_media":5831,"template":"","meta":{"site-sidebar-layout":"default","site-content-layout":"","ast-site-content-layout":"default","site-content-style":"default","site-sidebar-style":"default","ast-global-header-display":"","ast-banner-title-visibility":"","ast-main-header-display":"","ast-hfb-above-header-display":"","ast-hfb-below-header-display":"","ast-hfb-mobile-header-display":"","site-post-title":"","ast-breadcrumbs-content":"","ast-featured-img":"","footer-sml-layout":"","theme-transparent-header-meta":"default","adv-header-id-meta":"","stick-header-meta":"","header-above-stick-meta":"","header-main-stick-meta":"","header-below-stick-meta":"","astra-migrate-meta-layouts":"","ast-page-background-enabled":"default","ast-page-background-meta":{"desktop":{"background-color":"var(--ast-global-color-4)","background-image":"","background-repeat":"repeat","background-position":"center center","background-size":"auto","background-attachment":"scroll","background-type":"","background-media":"","overlay-type":"","overlay-color":"","overlay-gradient":""},"tablet":{"background-color":"","background-image":"","background-repeat":"repeat","background-position":"center center","background-size":"auto","background-attachment":"scroll","background-type":"","background-media":"","overlay-type":"","overlay-color":"","overlay-gradient":""},"mobile":{"background-color":"","background-image":"","background-repeat":"repeat","background-position":"center center","background-size":"auto","background-attachment":"scroll","background-type":"","background-media":"","overlay-type":"","overlay-color":"","overlay-gradient":""}},"ast-content-background-meta":{"desktop":{"background-color":"var(--ast-global-color-5)","background-image":"","background-repeat":"repeat","background-position":"center center","background-size":"auto","background-attachment":"scroll","background-type":"","background-media":"","overlay-type":"","overlay-color":"","overlay-gradient":""},"tablet":{"background-color":"var(--ast-global-color-5)","background-image":"","background-repeat":"repeat","background-position":"center center","background-size":"auto","background-attachment":"scroll","background-type":"","background-media":"","overlay-type":"","overlay-color":"","overlay-gradient":""},"mobile":{"background-color":"var(--ast-global-color-5)","background-image":"","background-repeat":"repeat","background-position":"center center","background-size":"auto","background-attachment":"scroll","background-type":"","background-media":"","overlay-type":"","overlay-color":"","overlay-gradient":""}}},"product_cat":[425],"product_tag":[],"code":[250],"class_list":{"0":"post-4372","1":"product","2":"type-product","3":"status-publish","4":"has-post-thumbnail","6":"product_cat-ortodoncja","7":"code-09-105-139","8":"desktop-align-left","9":"tablet-align-left","10":"mobile-align-left","12":"first","13":"instock","14":"product-type-simple"},"acf":[],"yoast_head":"<!-- This site is optimized with the Yoast SEO plugin v21.9.1 - https:\/\/yoast.com\/wordpress\/plugins\/seo\/ -->\n<title>Kleszcze Aderera tr\u00f3jszcz\u0119kowe do doginania klamer i drut\u00f3w | clovedental.co<\/title>\n<meta name=\"robots\" content=\"index, follow, max-snippet:-1, max-image-preview:large, max-video-preview:-1\" \/>\n<link rel=\"canonical\" href=\"https:\/\/clovedental.co\/pl\/produkt\/kleszcze-aderera-trojszczekowe-do-doginania-klamer-i-drutow\/\" \/>\n<meta property=\"og:locale\" content=\"pl_PL\" \/>\n<meta property=\"og:type\" content=\"article\" \/>\n<meta property=\"og:title\" content=\"Kleszcze Aderera tr\u00f3jszcz\u0119kowe do doginania klamer i drut\u00f3w | clovedental.co\" \/>\n<meta property=\"og:description\" content=\"Niezb\u0119dnym wyposa\u017ceniem ka\u017cdego gabinetu stomatologicznego s\u0105 wysokiej jako\u015bci narz\u0119dzia ortodontyczne. Takim instrumentem s\u0105\u00a0kleszcze ortodontyczne Aderer\u00a0\u2013 wielozadaniowe narz\u0119dzie oferuj\u0105ce szereg korzy\u015bci. S\u0142u\u017c\u0105 g\u0142\u00f3wnie do manipulacji drutem oraz jego formowaniem czy zaginaniem. W tym celu\u00a0kleszcze do drutu\u00a0zosta\u0142y wyposa\u017cone w smuk\u0142e ko\u0144c\u00f3wki robocze. Dodatkowo, ko\u0144c\u00f3wki wyko\u0144czono tak, aby nie zniszczy\u0107 drutu podczas jego doginania. Produkt dost\u0119pny jest w &hellip; Kleszcze Aderera tr\u00f3jszcz\u0119kowe do doginania klamer i drut\u00f3w Read More &raquo;\" \/>\n<meta property=\"og:url\" content=\"https:\/\/clovedental.co\/pl\/produkt\/kleszcze-aderera-trojszczekowe-do-doginania-klamer-i-drutow\/\" \/>\n<meta property=\"og:site_name\" content=\"clovedental.co\" \/>\n<meta property=\"article:modified_time\" content=\"2024-01-10T08:43:06+00:00\" \/>\n<meta name=\"twitter:card\" content=\"summary_large_image\" \/>\n<meta name=\"twitter:label1\" content=\"Szacowany czas czytania\" \/>\n\t<meta name=\"twitter:data1\" content=\"1 minuta\" \/>\n<script type=\"application\/ld+json\" class=\"yoast-schema-graph\">{\"@context\":\"https:\/\/schema.org\",\"@graph\":[{\"@type\":\"WebPage\",\"@id\":\"https:\/\/clovedental.co\/pl\/produkt\/kleszcze-aderera-trojszczekowe-do-doginania-klamer-i-drutow\/\",\"url\":\"https:\/\/clovedental.co\/pl\/produkt\/kleszcze-aderera-trojszczekowe-do-doginania-klamer-i-drutow\/\",\"name\":\"Kleszcze Aderera tr\u00f3jszcz\u0119kowe do doginania klamer i drut\u00f3w | clovedental.co\",\"isPartOf\":{\"@id\":\"https:\/\/clovedental.co\/pl\/#website\"},\"datePublished\":\"2024-01-10T08:37:55+00:00\",\"dateModified\":\"2024-01-10T08:43:06+00:00\",\"breadcrumb\":{\"@id\":\"https:\/\/clovedental.co\/pl\/produkt\/kleszcze-aderera-trojszczekowe-do-doginania-klamer-i-drutow\/#breadcrumb\"},\"inLanguage\":\"pl-PL\",\"potentialAction\":[{\"@type\":\"ReadAction\",\"target\":[\"https:\/\/clovedental.co\/pl\/produkt\/kleszcze-aderera-trojszczekowe-do-doginania-klamer-i-drutow\/\"]}]},{\"@type\":\"BreadcrumbList\",\"@id\":\"https:\/\/clovedental.co\/pl\/produkt\/kleszcze-aderera-trojszczekowe-do-doginania-klamer-i-drutow\/#breadcrumb\",\"itemListElement\":[{\"@type\":\"ListItem\",\"position\":1,\"name\":\"Strona g\u0142\u00f3wna\",\"item\":\"https:\/\/clovedental.co\/pl\/\"},{\"@type\":\"ListItem\",\"position\":2,\"name\":\"Sklep\",\"item\":\"https:\/\/clovedental.co\/products\/shop\/\"},{\"@type\":\"ListItem\",\"position\":3,\"name\":\"Kleszcze Aderera tr\u00f3jszcz\u0119kowe do doginania klamer i drut\u00f3w\"}]},{\"@type\":\"WebSite\",\"@id\":\"https:\/\/clovedental.co\/pl\/#website\",\"url\":\"https:\/\/clovedental.co\/pl\/\",\"name\":\"Manufacturer of Dental and Surgical Instruments\",\"description\":\"Details are the Key\",\"publisher\":{\"@id\":\"https:\/\/clovedental.co\/pl\/#organization\"},\"alternateName\":\"Dental and Surgical Instruments\",\"potentialAction\":[{\"@type\":\"SearchAction\",\"target\":{\"@type\":\"EntryPoint\",\"urlTemplate\":\"https:\/\/clovedental.co\/pl\/?s={search_term_string}\"},\"query-input\":\"required name=search_term_string\"}],\"inLanguage\":\"pl-PL\"},{\"@type\":\"Organization\",\"@id\":\"https:\/\/clovedental.co\/pl\/#organization\",\"name\":\"clovedental.co\",\"alternateName\":\"Clove\",\"url\":\"https:\/\/clovedental.co\/pl\/\",\"logo\":{\"@type\":\"ImageObject\",\"inLanguage\":\"pl-PL\",\"@id\":\"https:\/\/clovedental.co\/pl\/#\/schema\/logo\/image\/\",\"url\":\"https:\/\/clovedental.co\/wp-content\/uploads\/2023\/12\/LOGO_CLOVE.png\",\"contentUrl\":\"https:\/\/clovedental.co\/wp-content\/uploads\/2023\/12\/LOGO_CLOVE.png\",\"width\":1400,\"height\":1400,\"caption\":\"clovedental.co\"},\"image\":{\"@id\":\"https:\/\/clovedental.co\/pl\/#\/schema\/logo\/image\/\"}}]}<\/script>\n<!-- \/ Yoast SEO plugin. -->","yoast_head_json":{"title":"Kleszcze Aderera tr\u00f3jszcz\u0119kowe do doginania klamer i drut\u00f3w | clovedental.co","robots":{"index":"index","follow":"follow","max-snippet":"max-snippet:-1","max-image-preview":"max-image-preview:large","max-video-preview":"max-video-preview:-1"},"canonical":"https:\/\/clovedental.co\/pl\/produkt\/kleszcze-aderera-trojszczekowe-do-doginania-klamer-i-drutow\/","og_locale":"pl_PL","og_type":"article","og_title":"Kleszcze Aderera tr\u00f3jszcz\u0119kowe do doginania klamer i drut\u00f3w | clovedental.co","og_description":"Niezb\u0119dnym wyposa\u017ceniem ka\u017cdego gabinetu stomatologicznego s\u0105 wysokiej jako\u015bci narz\u0119dzia ortodontyczne. Takim instrumentem s\u0105\u00a0kleszcze ortodontyczne Aderer\u00a0\u2013 wielozadaniowe narz\u0119dzie oferuj\u0105ce szereg korzy\u015bci. S\u0142u\u017c\u0105 g\u0142\u00f3wnie do manipulacji drutem oraz jego formowaniem czy zaginaniem. W tym celu\u00a0kleszcze do drutu\u00a0zosta\u0142y wyposa\u017cone w smuk\u0142e ko\u0144c\u00f3wki robocze. Dodatkowo, ko\u0144c\u00f3wki wyko\u0144czono tak, aby nie zniszczy\u0107 drutu podczas jego doginania. Produkt dost\u0119pny jest w &hellip; Kleszcze Aderera tr\u00f3jszcz\u0119kowe do doginania klamer i drut\u00f3w Read More &raquo;","og_url":"https:\/\/clovedental.co\/pl\/produkt\/kleszcze-aderera-trojszczekowe-do-doginania-klamer-i-drutow\/","og_site_name":"clovedental.co","article_modified_time":"2024-01-10T08:43:06+00:00","twitter_card":"summary_large_image","twitter_misc":{"Szacowany czas czytania":"1 minuta"},"schema":{"@context":"https:\/\/schema.org","@graph":[{"@type":"WebPage","@id":"https:\/\/clovedental.co\/pl\/produkt\/kleszcze-aderera-trojszczekowe-do-doginania-klamer-i-drutow\/","url":"https:\/\/clovedental.co\/pl\/produkt\/kleszcze-aderera-trojszczekowe-do-doginania-klamer-i-drutow\/","name":"Kleszcze Aderera tr\u00f3jszcz\u0119kowe do doginania klamer i drut\u00f3w | clovedental.co","isPartOf":{"@id":"https:\/\/clovedental.co\/pl\/#website"},"datePublished":"2024-01-10T08:37:55+00:00","dateModified":"2024-01-10T08:43:06+00:00","breadcrumb":{"@id":"https:\/\/clovedental.co\/pl\/produkt\/kleszcze-aderera-trojszczekowe-do-doginania-klamer-i-drutow\/#breadcrumb"},"inLanguage":"pl-PL","potentialAction":[{"@type":"ReadAction","target":["https:\/\/clovedental.co\/pl\/produkt\/kleszcze-aderera-trojszczekowe-do-doginania-klamer-i-drutow\/"]}]},{"@type":"BreadcrumbList","@id":"https:\/\/clovedental.co\/pl\/produkt\/kleszcze-aderera-trojszczekowe-do-doginania-klamer-i-drutow\/#breadcrumb","itemListElement":[{"@type":"ListItem","position":1,"name":"Strona g\u0142\u00f3wna","item":"https:\/\/clovedental.co\/pl\/"},{"@type":"ListItem","position":2,"name":"Sklep","item":"https:\/\/clovedental.co\/products\/shop\/"},{"@type":"ListItem","position":3,"name":"Kleszcze Aderera tr\u00f3jszcz\u0119kowe do doginania klamer i drut\u00f3w"}]},{"@type":"WebSite","@id":"https:\/\/clovedental.co\/pl\/#website","url":"https:\/\/clovedental.co\/pl\/","name":"Manufacturer of Dental and Surgical Instruments","description":"Details are the Key","publisher":{"@id":"https:\/\/clovedental.co\/pl\/#organization"},"alternateName":"Dental and Surgical Instruments","potentialAction":[{"@type":"SearchAction","target":{"@type":"EntryPoint","urlTemplate":"https:\/\/clovedental.co\/pl\/?s={search_term_string}"},"query-input":"required name=search_term_string"}],"inLanguage":"pl-PL"},{"@type":"Organization","@id":"https:\/\/clovedental.co\/pl\/#organization","name":"clovedental.co","alternateName":"Clove","url":"https:\/\/clovedental.co\/pl\/","logo":{"@type":"ImageObject","inLanguage":"pl-PL","@id":"https:\/\/clovedental.co\/pl\/#\/schema\/logo\/image\/","url":"https:\/\/clovedental.co\/wp-content\/uploads\/2023\/12\/LOGO_CLOVE.png","contentUrl":"https:\/\/clovedental.co\/wp-content\/uploads\/2023\/12\/LOGO_CLOVE.png","width":1400,"height":1400,"caption":"clovedental.co"},"image":{"@id":"https:\/\/clovedental.co\/pl\/#\/schema\/logo\/image\/"}}]}},"_links":{"self":[{"href":"https:\/\/clovedental.co\/pl\/wp-json\/wp\/v2\/product\/4372","targetHints":{"allow":["GET"]}}],"collection":[{"href":"https:\/\/clovedental.co\/pl\/wp-json\/wp\/v2\/product"}],"about":[{"href":"https:\/\/clovedental.co\/pl\/wp-json\/wp\/v2\/types\/product"}],"wp:featuredmedia":[{"embeddable":true,"href":"https:\/\/clovedental.co\/pl\/wp-json\/wp\/v2\/media\/5831"}],"wp:attachment":[{"href":"https:\/\/clovedental.co\/pl\/wp-json\/wp\/v2\/media?parent=4372"}],"wp:term":[{"taxonomy":"product_cat","embeddable":true,"href":"https:\/\/clovedental.co\/pl\/wp-json\/wp\/v2\/product_cat?post=4372"},{"taxonomy":"product_tag","embeddable":true,"href":"https:\/\/clovedental.co\/pl\/wp-json\/wp\/v2\/product_tag?post=4372"},{"taxonomy":"code","embeddable":true,"href":"https:\/\/clovedental.co\/pl\/wp-json\/wp\/v2\/code?post=4372"}],"curies":[{"name":"wp","href":"https:\/\/api.w.org\/{rel}","templated":true}]}}