{"id":4375,"date":"2024-01-10T08:37:55","date_gmt":"2024-01-10T08:37:55","guid":{"rendered":"https:\/\/clovedental.co\/product\/kleszcze-ortodontyczne-do-ciecia-miekkiego-drutu\/"},"modified":"2024-01-10T08:43:08","modified_gmt":"2024-01-10T08:43:08","slug":"kleszcze-ortodontyczne-do-ciecia-miekkiego-drutu","status":"publish","type":"product","link":"https:\/\/clovedental.co\/pl\/produkt\/kleszcze-ortodontyczne-do-ciecia-miekkiego-drutu\/","title":{"rendered":"Kleszcze ortodontyczne do ci\u0119cia mi\u0119kkiego drutu"},"content":{"rendered":"<p class=\"Standard\"><span style=\"font-family:arial, helvetica, sans-serif;font-size:10pt;\"><em>Kleszcze ortodontyczne<\/em> przeznaczone <span style=\"text-decoration:underline;\">do ci\u0119cia drutu<\/span> mi\u0119kkiego. Kleszcze zaprojektowane do ci\u0119cia mi\u0119kkich materia\u0142\u00f3w pozwalaj\u0105c na precyzyjne przeci\u0119cia drut\u00f3w ortodontycznych oraz ligatur. Do produkcji narz\u0119dzia wykorzystano wysokiej jako\u015bci, certyfikowan\u0105 stal japo\u0144sk\u0105 (AISI 420). Precyzyjne wyko\u0144czenie kleszczy zapewnia ich niezawodno\u015b\u0107 i komfort pracy w r\u00f3\u017cnych warunkach. Ko\u0144c\u00f3wki kleszczy wzmocnione s\u0105 w\u0119glikiem wolframowym co zwi\u0119ksza ich trwa\u0142o\u015b\u0107 i dok\u0142adno\u015b\u0107.<\/span><\/p>\n<p><\/br><\/p>\n<h1 class=\"Standard\"><span style=\"font-family:arial, helvetica, sans-serif;font-size:10pt;\"><strong>Parametry kleszczy ortodontycznych do ci\u0119cia mi\u0119kkiego drutu<\/strong><\/span><\/h1>\n<p><\/br><\/p>\n<ul><\/br><\/p>\n<li class=\"Standard\"><span style=\"font-family:arial, helvetica, sans-serif;font-size:10pt;\">Ko\u0144c\u00f3wka: w\u0119glik wolframowy<\/span><\/li>\n<p><\/br><\/p>\n<li class=\"Standard\"><span style=\"font-family:arial, helvetica, sans-serif;font-size:10pt;\">D\u0142ugo\u015b\u0107: 12,5cm<\/span><\/li>\n<p><\/br><\/p>\n<li class=\"Standard\"><span style=\"font-family:arial, helvetica, sans-serif;font-size:10pt;\">Certyfikowana, japo\u0144ska stal nierdzewna (AISI 420)<\/span><\/li>\n<p><\/br><\/p>\n<li class=\"Standard\"><span style=\"font-family:arial, helvetica, sans-serif;font-size:10pt;\">Produkt wielorazowego u\u017cytku<\/span><\/li>\n<p><\/br><\/p>\n<li class=\"Standard\"><span style=\"font-family:arial, helvetica, sans-serif;font-size:10pt;\">Produkt niesterylny<\/span><\/li>\n<p><\/br><\/ul>\n<p><\/br><\/p>\n<h2 class=\"Standard\"><span style=\"font-family:arial, helvetica, sans-serif;font-size:10pt;\"><strong>Zalety wykorzystania<\/strong><\/span><\/h2>\n<p><\/br><\/p>\n<ul><\/br><\/p>\n<li class=\"Standard\"><span style=\"font-family:arial, helvetica, sans-serif;font-size:10pt;\">Ko\u0144c\u00f3wki wzmocnione w\u0119glikiem spiekanym zapewniaj\u0105 wi\u0119ksz\u0105 trwa\u0142o\u015b\u0107 i precyzje ci\u0119cia drut\u00f3w ortodontycznych<\/span><\/li>\n<p><\/br><\/p>\n<li class=\"Standard\"><span style=\"font-family:arial, helvetica, sans-serif;font-size:10pt;\">W\u0142a\u015bciwo\u015bci antykorozyjne stali wykorzystanej w produkcji pozwalaj\u0105 na dezynfekcje i sterylizacje<\/span><\/li>\n<p><\/br><\/p>\n<li class=\"Standard\"><span style=\"font-family:arial, helvetica, sans-serif;font-size:10pt;\">Wysoka jako\u015b\u0107 wyko\u0144czenia<\/span><\/li>\n<p><\/br><\/ul>\n<p><\/br><\/p>\n<p class=\"Standard\"><span style=\"font-family:arial, helvetica, sans-serif;font-size:10pt;\">Produkt posiada certyfikaty ISO9001\/2008, ISO13485\/2003, CE, FDA, AISI 420.<\/span><\/p>\n","protected":false},"excerpt":{"rendered":"<p>Kleszcze ortodontyczne przeznaczone do ci\u0119cia drutu mi\u0119kkiego. Kleszcze zaprojektowane do ci\u0119cia mi\u0119kkich materia\u0142\u00f3w pozwalaj\u0105c na precyzyjne przeci\u0119cia drut\u00f3w ortodontycznych oraz ligatur. Do produkcji narz\u0119dzia wykorzystano wysokiej jako\u015bci, certyfikowan\u0105 stal japo\u0144sk\u0105 (AISI 420). Precyzyjne wyko\u0144czenie kleszczy zapewnia ich niezawodno\u015b\u0107 i komfort pracy w r\u00f3\u017cnych warunkach. Ko\u0144c\u00f3wki kleszczy wzmocnione s\u0105 w\u0119glikiem wolframowym co zwi\u0119ksza ich trwa\u0142o\u015b\u0107 i &hellip;<\/p>\n<p class=\"read-more\"> <a class=\"\" href=\"https:\/\/clovedental.co\/pl\/produkt\/kleszcze-ortodontyczne-do-ciecia-miekkiego-drutu\/\"> <span class=\"screen-reader-text\">Kleszcze ortodontyczne do ci\u0119cia mi\u0119kkiego drutu<\/span> Read More &raquo;<\/a><\/p>\n","protected":false},"featured_media":5847,"template":"","meta":{"site-sidebar-layout":"default","site-content-layout":"","ast-site-content-layout":"default","site-content-style":"default","site-sidebar-style":"default","ast-global-header-display":"","ast-banner-title-visibility":"","ast-main-header-display":"","ast-hfb-above-header-display":"","ast-hfb-below-header-display":"","ast-hfb-mobile-header-display":"","site-post-title":"","ast-breadcrumbs-content":"","ast-featured-img":"","footer-sml-layout":"","theme-transparent-header-meta":"default","adv-header-id-meta":"","stick-header-meta":"","header-above-stick-meta":"","header-main-stick-meta":"","header-below-stick-meta":"","astra-migrate-meta-layouts":"","ast-page-background-enabled":"default","ast-page-background-meta":{"desktop":{"background-color":"var(--ast-global-color-4)","background-image":"","background-repeat":"repeat","background-position":"center center","background-size":"auto","background-attachment":"scroll","background-type":"","background-media":"","overlay-type":"","overlay-color":"","overlay-gradient":""},"tablet":{"background-color":"","background-image":"","background-repeat":"repeat","background-position":"center center","background-size":"auto","background-attachment":"scroll","background-type":"","background-media":"","overlay-type":"","overlay-color":"","overlay-gradient":""},"mobile":{"background-color":"","background-image":"","background-repeat":"repeat","background-position":"center center","background-size":"auto","background-attachment":"scroll","background-type":"","background-media":"","overlay-type":"","overlay-color":"","overlay-gradient":""}},"ast-content-background-meta":{"desktop":{"background-color":"var(--ast-global-color-5)","background-image":"","background-repeat":"repeat","background-position":"center center","background-size":"auto","background-attachment":"scroll","background-type":"","background-media":"","overlay-type":"","overlay-color":"","overlay-gradient":""},"tablet":{"background-color":"var(--ast-global-color-5)","background-image":"","background-repeat":"repeat","background-position":"center center","background-size":"auto","background-attachment":"scroll","background-type":"","background-media":"","overlay-type":"","overlay-color":"","overlay-gradient":""},"mobile":{"background-color":"var(--ast-global-color-5)","background-image":"","background-repeat":"repeat","background-position":"center center","background-size":"auto","background-attachment":"scroll","background-type":"","background-media":"","overlay-type":"","overlay-color":"","overlay-gradient":""}}},"product_cat":[425],"product_tag":[],"code":[253],"class_list":{"0":"post-4375","1":"product","2":"type-product","3":"status-publish","4":"has-post-thumbnail","6":"product_cat-ortodoncja","7":"code-09-105-159-2","8":"desktop-align-left","9":"tablet-align-left","10":"mobile-align-left","12":"first","13":"instock","14":"product-type-simple"},"acf":[],"yoast_head":"<!-- This site is optimized with the Yoast SEO plugin v21.9.1 - https:\/\/yoast.com\/wordpress\/plugins\/seo\/ -->\n<title>Kleszcze ortodontyczne do ci\u0119cia mi\u0119kkiego drutu | clovedental.co<\/title>\n<meta name=\"robots\" content=\"index, follow, max-snippet:-1, max-image-preview:large, max-video-preview:-1\" \/>\n<link rel=\"canonical\" href=\"https:\/\/clovedental.co\/pl\/produkt\/kleszcze-ortodontyczne-do-ciecia-miekkiego-drutu\/\" \/>\n<meta property=\"og:locale\" content=\"pl_PL\" \/>\n<meta property=\"og:type\" content=\"article\" \/>\n<meta property=\"og:title\" content=\"Kleszcze ortodontyczne do ci\u0119cia mi\u0119kkiego drutu | clovedental.co\" \/>\n<meta property=\"og:description\" content=\"Kleszcze ortodontyczne przeznaczone do ci\u0119cia drutu mi\u0119kkiego. Kleszcze zaprojektowane do ci\u0119cia mi\u0119kkich materia\u0142\u00f3w pozwalaj\u0105c na precyzyjne przeci\u0119cia drut\u00f3w ortodontycznych oraz ligatur. Do produkcji narz\u0119dzia wykorzystano wysokiej jako\u015bci, certyfikowan\u0105 stal japo\u0144sk\u0105 (AISI 420). Precyzyjne wyko\u0144czenie kleszczy zapewnia ich niezawodno\u015b\u0107 i komfort pracy w r\u00f3\u017cnych warunkach. Ko\u0144c\u00f3wki kleszczy wzmocnione s\u0105 w\u0119glikiem wolframowym co zwi\u0119ksza ich trwa\u0142o\u015b\u0107 i &hellip; Kleszcze ortodontyczne do ci\u0119cia mi\u0119kkiego drutu Read More &raquo;\" \/>\n<meta property=\"og:url\" content=\"https:\/\/clovedental.co\/pl\/produkt\/kleszcze-ortodontyczne-do-ciecia-miekkiego-drutu\/\" \/>\n<meta property=\"og:site_name\" content=\"clovedental.co\" \/>\n<meta property=\"article:modified_time\" content=\"2024-01-10T08:43:08+00:00\" \/>\n<meta property=\"og:image\" content=\"http:\/\/clovedental.co\/wp-content\/uploads\/2024\/01\/439c4c59-5d06-4928-962f-387b93d658f2.jpeg\" \/>\n\t<meta property=\"og:image:width\" content=\"1200\" \/>\n\t<meta property=\"og:image:height\" content=\"1200\" \/>\n\t<meta property=\"og:image:type\" content=\"image\/jpeg\" \/>\n<meta name=\"twitter:card\" content=\"summary_large_image\" \/>\n<meta name=\"twitter:label1\" content=\"Szacowany czas czytania\" \/>\n\t<meta name=\"twitter:data1\" content=\"1 minuta\" \/>\n<script type=\"application\/ld+json\" class=\"yoast-schema-graph\">{\"@context\":\"https:\/\/schema.org\",\"@graph\":[{\"@type\":\"WebPage\",\"@id\":\"https:\/\/clovedental.co\/pl\/produkt\/kleszcze-ortodontyczne-do-ciecia-miekkiego-drutu\/\",\"url\":\"https:\/\/clovedental.co\/pl\/produkt\/kleszcze-ortodontyczne-do-ciecia-miekkiego-drutu\/\",\"name\":\"Kleszcze ortodontyczne do ci\u0119cia mi\u0119kkiego drutu | clovedental.co\",\"isPartOf\":{\"@id\":\"https:\/\/clovedental.co\/pl\/#website\"},\"datePublished\":\"2024-01-10T08:37:55+00:00\",\"dateModified\":\"2024-01-10T08:43:08+00:00\",\"breadcrumb\":{\"@id\":\"https:\/\/clovedental.co\/pl\/produkt\/kleszcze-ortodontyczne-do-ciecia-miekkiego-drutu\/#breadcrumb\"},\"inLanguage\":\"pl-PL\",\"potentialAction\":[{\"@type\":\"ReadAction\",\"target\":[\"https:\/\/clovedental.co\/pl\/produkt\/kleszcze-ortodontyczne-do-ciecia-miekkiego-drutu\/\"]}]},{\"@type\":\"BreadcrumbList\",\"@id\":\"https:\/\/clovedental.co\/pl\/produkt\/kleszcze-ortodontyczne-do-ciecia-miekkiego-drutu\/#breadcrumb\",\"itemListElement\":[{\"@type\":\"ListItem\",\"position\":1,\"name\":\"Strona g\u0142\u00f3wna\",\"item\":\"https:\/\/clovedental.co\/pl\/\"},{\"@type\":\"ListItem\",\"position\":2,\"name\":\"Sklep\",\"item\":\"https:\/\/clovedental.co\/products\/shop\/\"},{\"@type\":\"ListItem\",\"position\":3,\"name\":\"Kleszcze ortodontyczne do ci\u0119cia mi\u0119kkiego drutu\"}]},{\"@type\":\"WebSite\",\"@id\":\"https:\/\/clovedental.co\/pl\/#website\",\"url\":\"https:\/\/clovedental.co\/pl\/\",\"name\":\"Manufacturer of Dental and Surgical Instruments\",\"description\":\"Details are the Key\",\"publisher\":{\"@id\":\"https:\/\/clovedental.co\/pl\/#organization\"},\"alternateName\":\"Dental and Surgical Instruments\",\"potentialAction\":[{\"@type\":\"SearchAction\",\"target\":{\"@type\":\"EntryPoint\",\"urlTemplate\":\"https:\/\/clovedental.co\/pl\/?s={search_term_string}\"},\"query-input\":\"required name=search_term_string\"}],\"inLanguage\":\"pl-PL\"},{\"@type\":\"Organization\",\"@id\":\"https:\/\/clovedental.co\/pl\/#organization\",\"name\":\"clovedental.co\",\"alternateName\":\"Clove\",\"url\":\"https:\/\/clovedental.co\/pl\/\",\"logo\":{\"@type\":\"ImageObject\",\"inLanguage\":\"pl-PL\",\"@id\":\"https:\/\/clovedental.co\/pl\/#\/schema\/logo\/image\/\",\"url\":\"https:\/\/clovedental.co\/wp-content\/uploads\/2023\/12\/LOGO_CLOVE.png\",\"contentUrl\":\"https:\/\/clovedental.co\/wp-content\/uploads\/2023\/12\/LOGO_CLOVE.png\",\"width\":1400,\"height\":1400,\"caption\":\"clovedental.co\"},\"image\":{\"@id\":\"https:\/\/clovedental.co\/pl\/#\/schema\/logo\/image\/\"}}]}<\/script>\n<!-- \/ Yoast SEO plugin. -->","yoast_head_json":{"title":"Kleszcze ortodontyczne do ci\u0119cia mi\u0119kkiego drutu | clovedental.co","robots":{"index":"index","follow":"follow","max-snippet":"max-snippet:-1","max-image-preview":"max-image-preview:large","max-video-preview":"max-video-preview:-1"},"canonical":"https:\/\/clovedental.co\/pl\/produkt\/kleszcze-ortodontyczne-do-ciecia-miekkiego-drutu\/","og_locale":"pl_PL","og_type":"article","og_title":"Kleszcze ortodontyczne do ci\u0119cia mi\u0119kkiego drutu | clovedental.co","og_description":"Kleszcze ortodontyczne przeznaczone do ci\u0119cia drutu mi\u0119kkiego. Kleszcze zaprojektowane do ci\u0119cia mi\u0119kkich materia\u0142\u00f3w pozwalaj\u0105c na precyzyjne przeci\u0119cia drut\u00f3w ortodontycznych oraz ligatur. Do produkcji narz\u0119dzia wykorzystano wysokiej jako\u015bci, certyfikowan\u0105 stal japo\u0144sk\u0105 (AISI 420). Precyzyjne wyko\u0144czenie kleszczy zapewnia ich niezawodno\u015b\u0107 i komfort pracy w r\u00f3\u017cnych warunkach. Ko\u0144c\u00f3wki kleszczy wzmocnione s\u0105 w\u0119glikiem wolframowym co zwi\u0119ksza ich trwa\u0142o\u015b\u0107 i &hellip; Kleszcze ortodontyczne do ci\u0119cia mi\u0119kkiego drutu Read More &raquo;","og_url":"https:\/\/clovedental.co\/pl\/produkt\/kleszcze-ortodontyczne-do-ciecia-miekkiego-drutu\/","og_site_name":"clovedental.co","article_modified_time":"2024-01-10T08:43:08+00:00","og_image":[{"width":1200,"height":1200,"url":"http:\/\/clovedental.co\/wp-content\/uploads\/2024\/01\/439c4c59-5d06-4928-962f-387b93d658f2.jpeg","type":"image\/jpeg"}],"twitter_card":"summary_large_image","twitter_misc":{"Szacowany czas czytania":"1 minuta"},"schema":{"@context":"https:\/\/schema.org","@graph":[{"@type":"WebPage","@id":"https:\/\/clovedental.co\/pl\/produkt\/kleszcze-ortodontyczne-do-ciecia-miekkiego-drutu\/","url":"https:\/\/clovedental.co\/pl\/produkt\/kleszcze-ortodontyczne-do-ciecia-miekkiego-drutu\/","name":"Kleszcze ortodontyczne do ci\u0119cia mi\u0119kkiego drutu | clovedental.co","isPartOf":{"@id":"https:\/\/clovedental.co\/pl\/#website"},"datePublished":"2024-01-10T08:37:55+00:00","dateModified":"2024-01-10T08:43:08+00:00","breadcrumb":{"@id":"https:\/\/clovedental.co\/pl\/produkt\/kleszcze-ortodontyczne-do-ciecia-miekkiego-drutu\/#breadcrumb"},"inLanguage":"pl-PL","potentialAction":[{"@type":"ReadAction","target":["https:\/\/clovedental.co\/pl\/produkt\/kleszcze-ortodontyczne-do-ciecia-miekkiego-drutu\/"]}]},{"@type":"BreadcrumbList","@id":"https:\/\/clovedental.co\/pl\/produkt\/kleszcze-ortodontyczne-do-ciecia-miekkiego-drutu\/#breadcrumb","itemListElement":[{"@type":"ListItem","position":1,"name":"Strona g\u0142\u00f3wna","item":"https:\/\/clovedental.co\/pl\/"},{"@type":"ListItem","position":2,"name":"Sklep","item":"https:\/\/clovedental.co\/products\/shop\/"},{"@type":"ListItem","position":3,"name":"Kleszcze ortodontyczne do ci\u0119cia mi\u0119kkiego drutu"}]},{"@type":"WebSite","@id":"https:\/\/clovedental.co\/pl\/#website","url":"https:\/\/clovedental.co\/pl\/","name":"Manufacturer of Dental and Surgical Instruments","description":"Details are the Key","publisher":{"@id":"https:\/\/clovedental.co\/pl\/#organization"},"alternateName":"Dental and Surgical Instruments","potentialAction":[{"@type":"SearchAction","target":{"@type":"EntryPoint","urlTemplate":"https:\/\/clovedental.co\/pl\/?s={search_term_string}"},"query-input":"required name=search_term_string"}],"inLanguage":"pl-PL"},{"@type":"Organization","@id":"https:\/\/clovedental.co\/pl\/#organization","name":"clovedental.co","alternateName":"Clove","url":"https:\/\/clovedental.co\/pl\/","logo":{"@type":"ImageObject","inLanguage":"pl-PL","@id":"https:\/\/clovedental.co\/pl\/#\/schema\/logo\/image\/","url":"https:\/\/clovedental.co\/wp-content\/uploads\/2023\/12\/LOGO_CLOVE.png","contentUrl":"https:\/\/clovedental.co\/wp-content\/uploads\/2023\/12\/LOGO_CLOVE.png","width":1400,"height":1400,"caption":"clovedental.co"},"image":{"@id":"https:\/\/clovedental.co\/pl\/#\/schema\/logo\/image\/"}}]}},"_links":{"self":[{"href":"https:\/\/clovedental.co\/pl\/wp-json\/wp\/v2\/product\/4375","targetHints":{"allow":["GET"]}}],"collection":[{"href":"https:\/\/clovedental.co\/pl\/wp-json\/wp\/v2\/product"}],"about":[{"href":"https:\/\/clovedental.co\/pl\/wp-json\/wp\/v2\/types\/product"}],"wp:featuredmedia":[{"embeddable":true,"href":"https:\/\/clovedental.co\/pl\/wp-json\/wp\/v2\/media\/5847"}],"wp:attachment":[{"href":"https:\/\/clovedental.co\/pl\/wp-json\/wp\/v2\/media?parent=4375"}],"wp:term":[{"taxonomy":"product_cat","embeddable":true,"href":"https:\/\/clovedental.co\/pl\/wp-json\/wp\/v2\/product_cat?post=4375"},{"taxonomy":"product_tag","embeddable":true,"href":"https:\/\/clovedental.co\/pl\/wp-json\/wp\/v2\/product_tag?post=4375"},{"taxonomy":"code","embeddable":true,"href":"https:\/\/clovedental.co\/pl\/wp-json\/wp\/v2\/code?post=4375"}],"curies":[{"name":"wp","href":"https:\/\/api.w.org\/{rel}","templated":true}]}}