{"id":4379,"date":"2024-01-10T08:37:55","date_gmt":"2024-01-10T08:37:55","guid":{"rendered":"https:\/\/clovedental.co\/product\/kleszcze-ortodontyczne-typu-bird-beak-do-doginania-petli\/"},"modified":"2024-01-10T08:43:09","modified_gmt":"2024-01-10T08:43:09","slug":"kleszcze-ortodontyczne-typu-bird-beak-do-doginania-petli","status":"publish","type":"product","link":"https:\/\/clovedental.co\/pl\/produkt\/kleszcze-ortodontyczne-typu-bird-beak-do-doginania-petli\/","title":{"rendered":"Kleszcze ortodontyczne typu Bird Beak do doginania p\u0119tli"},"content":{"rendered":"<p><span style=\"font-family:arial, helvetica, sans-serif;font-size:10pt;\"><span style=\"text-decoration:underline;\">Kleszcze dentystyczne<\/span> typu <strong>ptasie dzioby<\/strong> to specjalistyczne narz\u0119dzie ortodontyczne<em> przeznaczone do doginania i formowania p\u0119tli z drutu<\/em>. Instrument zaprojektowany i wyprodukowany przy uwzgl\u0119dnieniu zasad ergonomii, co pozwala na swobodne operowanie nim pod r\u00f3\u017cnymi k\u0105tami i w r\u00f3\u017cnych warunkach. Materia\u0142em wykorzystanym do produkcji kleszczy jest japo\u0144ska stal nierdzewna zapewniaj\u0105ca doskona\u0142e w\u0142a\u015bciwio\u015bci antykorozyjne.<\/span><\/p>\n<p><\/br><\/p>\n<h1><span style=\"font-family:arial, helvetica, sans-serif;font-size:10pt;\"><strong>Parametry kleszczy ortodontycznych typu ptasie dzioby<\/strong><\/span><\/h1>\n<p><\/br><\/p>\n<ul><\/br><\/p>\n<li><span style=\"font-family:arial, helvetica, sans-serif;font-size:10pt;\">Ko\u0144c\u00f3wka: bird beak (ptasi dzi\u00f3b)<\/span><\/li>\n<p><\/br><\/p>\n<li><span style=\"font-family:arial, helvetica, sans-serif;font-size:10pt;\">D\u0142ugo\u015b\u0107: 12,3cm<\/span><\/li>\n<p><\/br><\/p>\n<li><span style=\"font-family:arial, helvetica, sans-serif;font-size:10pt;\">Produkt wielorazowego u\u017cytku<\/span><\/li>\n<p><\/br><\/p>\n<li><span style=\"font-family:arial, helvetica, sans-serif;font-size:10pt;\">Produkt niesterylny<\/span><\/li>\n<p><\/br><\/ul>\n<p><\/br><\/p>\n<h2><span style=\"font-family:arial, helvetica, sans-serif;font-size:10pt;\"><strong>Zalety wykorzystania<\/strong><\/span><\/h2>\n<p><\/br><\/p>\n<ul><\/br><\/p>\n<li><span style=\"font-family:arial, helvetica, sans-serif;font-size:10pt;\">Odpowiednio wyprofilowana ko\u0144c\u00f3wka zapobiega uszkodzeniom materia\u0142u<\/span><\/li>\n<p><\/br><\/p>\n<li><span style=\"font-family:arial, helvetica, sans-serif;font-size:10pt;\">Wysoka ergonomia narz\u0119dzia pozwala na jego komfortowe wykorzystanie pod r\u00f3\u017cnymi k\u0105tami<\/span><\/li>\n<p><\/br><\/p>\n<li><span style=\"font-family:arial, helvetica, sans-serif;font-size:10pt;\">W\u0142a\u015bciwo\u015bci antykorozyjne certyfikowanej, japo\u0144skiej stali nierdzewnej pozwalaj\u0105 na bezpieczn\u0105 dezynfekcje i sterylizacje urz\u0105dzenia<\/span><\/li>\n<p><\/br><\/ul>\n<p><\/br><\/p>\n<p class=\"Standard\"><span style=\"font-family:arial, helvetica, sans-serif;font-size:10pt;\">Produkt posiada certyfikaty ISO9001\/2008, ISO13485\/2003, CE, FDA, AISI 420.<\/span><\/p>\n","protected":false},"excerpt":{"rendered":"<p>Kleszcze dentystyczne typu ptasie dzioby to specjalistyczne narz\u0119dzie ortodontyczne przeznaczone do doginania i formowania p\u0119tli z drutu. Instrument zaprojektowany i wyprodukowany przy uwzgl\u0119dnieniu zasad ergonomii, co pozwala na swobodne operowanie nim pod r\u00f3\u017cnymi k\u0105tami i w r\u00f3\u017cnych warunkach. Materia\u0142em wykorzystanym do produkcji kleszczy jest japo\u0144ska stal nierdzewna zapewniaj\u0105ca doskona\u0142e w\u0142a\u015bciwio\u015bci antykorozyjne. Parametry kleszczy ortodontycznych typu &hellip;<\/p>\n<p class=\"read-more\"> <a class=\"\" href=\"https:\/\/clovedental.co\/pl\/produkt\/kleszcze-ortodontyczne-typu-bird-beak-do-doginania-petli\/\"> <span class=\"screen-reader-text\">Kleszcze ortodontyczne typu Bird Beak do doginania p\u0119tli<\/span> Read More &raquo;<\/a><\/p>\n","protected":false},"featured_media":5858,"template":"","meta":{"site-sidebar-layout":"default","site-content-layout":"","ast-site-content-layout":"default","site-content-style":"default","site-sidebar-style":"default","ast-global-header-display":"","ast-banner-title-visibility":"","ast-main-header-display":"","ast-hfb-above-header-display":"","ast-hfb-below-header-display":"","ast-hfb-mobile-header-display":"","site-post-title":"","ast-breadcrumbs-content":"","ast-featured-img":"","footer-sml-layout":"","theme-transparent-header-meta":"default","adv-header-id-meta":"","stick-header-meta":"","header-above-stick-meta":"","header-main-stick-meta":"","header-below-stick-meta":"","astra-migrate-meta-layouts":"","ast-page-background-enabled":"default","ast-page-background-meta":{"desktop":{"background-color":"var(--ast-global-color-4)","background-image":"","background-repeat":"repeat","background-position":"center center","background-size":"auto","background-attachment":"scroll","background-type":"","background-media":"","overlay-type":"","overlay-color":"","overlay-gradient":""},"tablet":{"background-color":"","background-image":"","background-repeat":"repeat","background-position":"center center","background-size":"auto","background-attachment":"scroll","background-type":"","background-media":"","overlay-type":"","overlay-color":"","overlay-gradient":""},"mobile":{"background-color":"","background-image":"","background-repeat":"repeat","background-position":"center center","background-size":"auto","background-attachment":"scroll","background-type":"","background-media":"","overlay-type":"","overlay-color":"","overlay-gradient":""}},"ast-content-background-meta":{"desktop":{"background-color":"var(--ast-global-color-5)","background-image":"","background-repeat":"repeat","background-position":"center center","background-size":"auto","background-attachment":"scroll","background-type":"","background-media":"","overlay-type":"","overlay-color":"","overlay-gradient":""},"tablet":{"background-color":"var(--ast-global-color-5)","background-image":"","background-repeat":"repeat","background-position":"center center","background-size":"auto","background-attachment":"scroll","background-type":"","background-media":"","overlay-type":"","overlay-color":"","overlay-gradient":""},"mobile":{"background-color":"var(--ast-global-color-5)","background-image":"","background-repeat":"repeat","background-position":"center center","background-size":"auto","background-attachment":"scroll","background-type":"","background-media":"","overlay-type":"","overlay-color":"","overlay-gradient":""}}},"product_cat":[425],"product_tag":[],"code":[257],"class_list":{"0":"post-4379","1":"product","2":"type-product","3":"status-publish","4":"has-post-thumbnail","6":"product_cat-ortodoncja","7":"code-09-105-089","8":"desktop-align-left","9":"tablet-align-left","10":"mobile-align-left","12":"first","13":"instock","14":"product-type-simple"},"acf":[],"yoast_head":"<!-- This site is optimized with the Yoast SEO plugin v21.9.1 - https:\/\/yoast.com\/wordpress\/plugins\/seo\/ -->\n<title>Kleszcze ortodontyczne typu Bird Beak do doginania p\u0119tli | clovedental.co<\/title>\n<meta name=\"robots\" content=\"index, follow, max-snippet:-1, max-image-preview:large, max-video-preview:-1\" \/>\n<link rel=\"canonical\" href=\"https:\/\/clovedental.co\/pl\/produkt\/kleszcze-ortodontyczne-typu-bird-beak-do-doginania-petli\/\" \/>\n<meta property=\"og:locale\" content=\"pl_PL\" \/>\n<meta property=\"og:type\" content=\"article\" \/>\n<meta property=\"og:title\" content=\"Kleszcze ortodontyczne typu Bird Beak do doginania p\u0119tli | clovedental.co\" \/>\n<meta property=\"og:description\" content=\"Kleszcze dentystyczne typu ptasie dzioby to specjalistyczne narz\u0119dzie ortodontyczne przeznaczone do doginania i formowania p\u0119tli z drutu. Instrument zaprojektowany i wyprodukowany przy uwzgl\u0119dnieniu zasad ergonomii, co pozwala na swobodne operowanie nim pod r\u00f3\u017cnymi k\u0105tami i w r\u00f3\u017cnych warunkach. Materia\u0142em wykorzystanym do produkcji kleszczy jest japo\u0144ska stal nierdzewna zapewniaj\u0105ca doskona\u0142e w\u0142a\u015bciwio\u015bci antykorozyjne. Parametry kleszczy ortodontycznych typu &hellip; Kleszcze ortodontyczne typu Bird Beak do doginania p\u0119tli Read More &raquo;\" \/>\n<meta property=\"og:url\" content=\"https:\/\/clovedental.co\/pl\/produkt\/kleszcze-ortodontyczne-typu-bird-beak-do-doginania-petli\/\" \/>\n<meta property=\"og:site_name\" content=\"clovedental.co\" \/>\n<meta property=\"article:modified_time\" content=\"2024-01-10T08:43:09+00:00\" \/>\n<meta property=\"og:image\" content=\"http:\/\/clovedental.co\/wp-content\/uploads\/2024\/01\/fd0c8a33-44d0-4f4f-893c-e4e678c22a83.jpeg\" \/>\n\t<meta property=\"og:image:width\" content=\"1200\" \/>\n\t<meta property=\"og:image:height\" content=\"1200\" \/>\n\t<meta property=\"og:image:type\" content=\"image\/jpeg\" \/>\n<meta name=\"twitter:card\" content=\"summary_large_image\" \/>\n<meta name=\"twitter:label1\" content=\"Szacowany czas czytania\" \/>\n\t<meta name=\"twitter:data1\" content=\"1 minuta\" \/>\n<script type=\"application\/ld+json\" class=\"yoast-schema-graph\">{\"@context\":\"https:\/\/schema.org\",\"@graph\":[{\"@type\":\"WebPage\",\"@id\":\"https:\/\/clovedental.co\/pl\/produkt\/kleszcze-ortodontyczne-typu-bird-beak-do-doginania-petli\/\",\"url\":\"https:\/\/clovedental.co\/pl\/produkt\/kleszcze-ortodontyczne-typu-bird-beak-do-doginania-petli\/\",\"name\":\"Kleszcze ortodontyczne typu Bird Beak do doginania p\u0119tli | clovedental.co\",\"isPartOf\":{\"@id\":\"https:\/\/clovedental.co\/pl\/#website\"},\"datePublished\":\"2024-01-10T08:37:55+00:00\",\"dateModified\":\"2024-01-10T08:43:09+00:00\",\"breadcrumb\":{\"@id\":\"https:\/\/clovedental.co\/pl\/produkt\/kleszcze-ortodontyczne-typu-bird-beak-do-doginania-petli\/#breadcrumb\"},\"inLanguage\":\"pl-PL\",\"potentialAction\":[{\"@type\":\"ReadAction\",\"target\":[\"https:\/\/clovedental.co\/pl\/produkt\/kleszcze-ortodontyczne-typu-bird-beak-do-doginania-petli\/\"]}]},{\"@type\":\"BreadcrumbList\",\"@id\":\"https:\/\/clovedental.co\/pl\/produkt\/kleszcze-ortodontyczne-typu-bird-beak-do-doginania-petli\/#breadcrumb\",\"itemListElement\":[{\"@type\":\"ListItem\",\"position\":1,\"name\":\"Strona g\u0142\u00f3wna\",\"item\":\"https:\/\/clovedental.co\/pl\/\"},{\"@type\":\"ListItem\",\"position\":2,\"name\":\"Sklep\",\"item\":\"https:\/\/clovedental.co\/products\/shop\/\"},{\"@type\":\"ListItem\",\"position\":3,\"name\":\"Kleszcze ortodontyczne typu Bird Beak do doginania p\u0119tli\"}]},{\"@type\":\"WebSite\",\"@id\":\"https:\/\/clovedental.co\/pl\/#website\",\"url\":\"https:\/\/clovedental.co\/pl\/\",\"name\":\"Manufacturer of Dental and Surgical Instruments\",\"description\":\"Details are the Key\",\"publisher\":{\"@id\":\"https:\/\/clovedental.co\/pl\/#organization\"},\"alternateName\":\"Dental and Surgical Instruments\",\"potentialAction\":[{\"@type\":\"SearchAction\",\"target\":{\"@type\":\"EntryPoint\",\"urlTemplate\":\"https:\/\/clovedental.co\/pl\/?s={search_term_string}\"},\"query-input\":\"required name=search_term_string\"}],\"inLanguage\":\"pl-PL\"},{\"@type\":\"Organization\",\"@id\":\"https:\/\/clovedental.co\/pl\/#organization\",\"name\":\"clovedental.co\",\"alternateName\":\"Clove\",\"url\":\"https:\/\/clovedental.co\/pl\/\",\"logo\":{\"@type\":\"ImageObject\",\"inLanguage\":\"pl-PL\",\"@id\":\"https:\/\/clovedental.co\/pl\/#\/schema\/logo\/image\/\",\"url\":\"https:\/\/clovedental.co\/wp-content\/uploads\/2023\/12\/LOGO_CLOVE.png\",\"contentUrl\":\"https:\/\/clovedental.co\/wp-content\/uploads\/2023\/12\/LOGO_CLOVE.png\",\"width\":1400,\"height\":1400,\"caption\":\"clovedental.co\"},\"image\":{\"@id\":\"https:\/\/clovedental.co\/pl\/#\/schema\/logo\/image\/\"}}]}<\/script>\n<!-- \/ Yoast SEO plugin. -->","yoast_head_json":{"title":"Kleszcze ortodontyczne typu Bird Beak do doginania p\u0119tli | clovedental.co","robots":{"index":"index","follow":"follow","max-snippet":"max-snippet:-1","max-image-preview":"max-image-preview:large","max-video-preview":"max-video-preview:-1"},"canonical":"https:\/\/clovedental.co\/pl\/produkt\/kleszcze-ortodontyczne-typu-bird-beak-do-doginania-petli\/","og_locale":"pl_PL","og_type":"article","og_title":"Kleszcze ortodontyczne typu Bird Beak do doginania p\u0119tli | clovedental.co","og_description":"Kleszcze dentystyczne typu ptasie dzioby to specjalistyczne narz\u0119dzie ortodontyczne przeznaczone do doginania i formowania p\u0119tli z drutu. Instrument zaprojektowany i wyprodukowany przy uwzgl\u0119dnieniu zasad ergonomii, co pozwala na swobodne operowanie nim pod r\u00f3\u017cnymi k\u0105tami i w r\u00f3\u017cnych warunkach. Materia\u0142em wykorzystanym do produkcji kleszczy jest japo\u0144ska stal nierdzewna zapewniaj\u0105ca doskona\u0142e w\u0142a\u015bciwio\u015bci antykorozyjne. Parametry kleszczy ortodontycznych typu &hellip; Kleszcze ortodontyczne typu Bird Beak do doginania p\u0119tli Read More &raquo;","og_url":"https:\/\/clovedental.co\/pl\/produkt\/kleszcze-ortodontyczne-typu-bird-beak-do-doginania-petli\/","og_site_name":"clovedental.co","article_modified_time":"2024-01-10T08:43:09+00:00","og_image":[{"width":1200,"height":1200,"url":"http:\/\/clovedental.co\/wp-content\/uploads\/2024\/01\/fd0c8a33-44d0-4f4f-893c-e4e678c22a83.jpeg","type":"image\/jpeg"}],"twitter_card":"summary_large_image","twitter_misc":{"Szacowany czas czytania":"1 minuta"},"schema":{"@context":"https:\/\/schema.org","@graph":[{"@type":"WebPage","@id":"https:\/\/clovedental.co\/pl\/produkt\/kleszcze-ortodontyczne-typu-bird-beak-do-doginania-petli\/","url":"https:\/\/clovedental.co\/pl\/produkt\/kleszcze-ortodontyczne-typu-bird-beak-do-doginania-petli\/","name":"Kleszcze ortodontyczne typu Bird Beak do doginania p\u0119tli | clovedental.co","isPartOf":{"@id":"https:\/\/clovedental.co\/pl\/#website"},"datePublished":"2024-01-10T08:37:55+00:00","dateModified":"2024-01-10T08:43:09+00:00","breadcrumb":{"@id":"https:\/\/clovedental.co\/pl\/produkt\/kleszcze-ortodontyczne-typu-bird-beak-do-doginania-petli\/#breadcrumb"},"inLanguage":"pl-PL","potentialAction":[{"@type":"ReadAction","target":["https:\/\/clovedental.co\/pl\/produkt\/kleszcze-ortodontyczne-typu-bird-beak-do-doginania-petli\/"]}]},{"@type":"BreadcrumbList","@id":"https:\/\/clovedental.co\/pl\/produkt\/kleszcze-ortodontyczne-typu-bird-beak-do-doginania-petli\/#breadcrumb","itemListElement":[{"@type":"ListItem","position":1,"name":"Strona g\u0142\u00f3wna","item":"https:\/\/clovedental.co\/pl\/"},{"@type":"ListItem","position":2,"name":"Sklep","item":"https:\/\/clovedental.co\/products\/shop\/"},{"@type":"ListItem","position":3,"name":"Kleszcze ortodontyczne typu Bird Beak do doginania p\u0119tli"}]},{"@type":"WebSite","@id":"https:\/\/clovedental.co\/pl\/#website","url":"https:\/\/clovedental.co\/pl\/","name":"Manufacturer of Dental and Surgical Instruments","description":"Details are the Key","publisher":{"@id":"https:\/\/clovedental.co\/pl\/#organization"},"alternateName":"Dental and Surgical Instruments","potentialAction":[{"@type":"SearchAction","target":{"@type":"EntryPoint","urlTemplate":"https:\/\/clovedental.co\/pl\/?s={search_term_string}"},"query-input":"required name=search_term_string"}],"inLanguage":"pl-PL"},{"@type":"Organization","@id":"https:\/\/clovedental.co\/pl\/#organization","name":"clovedental.co","alternateName":"Clove","url":"https:\/\/clovedental.co\/pl\/","logo":{"@type":"ImageObject","inLanguage":"pl-PL","@id":"https:\/\/clovedental.co\/pl\/#\/schema\/logo\/image\/","url":"https:\/\/clovedental.co\/wp-content\/uploads\/2023\/12\/LOGO_CLOVE.png","contentUrl":"https:\/\/clovedental.co\/wp-content\/uploads\/2023\/12\/LOGO_CLOVE.png","width":1400,"height":1400,"caption":"clovedental.co"},"image":{"@id":"https:\/\/clovedental.co\/pl\/#\/schema\/logo\/image\/"}}]}},"_links":{"self":[{"href":"https:\/\/clovedental.co\/pl\/wp-json\/wp\/v2\/product\/4379","targetHints":{"allow":["GET"]}}],"collection":[{"href":"https:\/\/clovedental.co\/pl\/wp-json\/wp\/v2\/product"}],"about":[{"href":"https:\/\/clovedental.co\/pl\/wp-json\/wp\/v2\/types\/product"}],"wp:featuredmedia":[{"embeddable":true,"href":"https:\/\/clovedental.co\/pl\/wp-json\/wp\/v2\/media\/5858"}],"wp:attachment":[{"href":"https:\/\/clovedental.co\/pl\/wp-json\/wp\/v2\/media?parent=4379"}],"wp:term":[{"taxonomy":"product_cat","embeddable":true,"href":"https:\/\/clovedental.co\/pl\/wp-json\/wp\/v2\/product_cat?post=4379"},{"taxonomy":"product_tag","embeddable":true,"href":"https:\/\/clovedental.co\/pl\/wp-json\/wp\/v2\/product_tag?post=4379"},{"taxonomy":"code","embeddable":true,"href":"https:\/\/clovedental.co\/pl\/wp-json\/wp\/v2\/code?post=4379"}],"curies":[{"name":"wp","href":"https:\/\/api.w.org\/{rel}","templated":true}]}}