{"id":4381,"date":"2024-01-10T08:37:55","date_gmt":"2024-01-10T08:37:55","guid":{"rendered":"https:\/\/clovedental.co\/product\/kleszcze-ortodontyczne-okragle-do-zaginania-drutu-i-formowania-petli-rozmiar-19-mm\/"},"modified":"2024-01-10T08:43:10","modified_gmt":"2024-01-10T08:43:10","slug":"kleszcze-ortodontyczne-okragle-do-zaginania-drutu-i-formowania-petli-rozmiar-19-mm","status":"publish","type":"product","link":"https:\/\/clovedental.co\/pl\/produkt\/kleszcze-ortodontyczne-okragle-do-zaginania-drutu-i-formowania-petli-rozmiar-19-mm\/","title":{"rendered":"Kleszcze ortodontyczne okr\u0105g\u0142e do zaginania drutu i formowania p\u0119tli, Rozmiar: 19 mm"},"content":{"rendered":"<p><span style=\"font-family:arial, helvetica, sans-serif;font-size:10pt;\"><span style=\"text-decoration:underline;\">Kleszcze ortodontyczne<\/span> okr\u0105g\u0142e przeznaczone <em>do zaginania drutu ortodontycznego oraz formowania z niego p\u0119tli<\/em>. Odpowiednio wyprofilowana ko\u0144c\u00f3wka pozwala na dogodne wykorzystanie kleszczy pod r\u00f3\u017cnymi k\u0105tami. <strong>Kleszcze dentystyczne<\/strong> wyprodukowane s\u0105 z wysokiej jako\u015bci, certyfikowanej stali japo\u0144skiej (AISI 420) co zapewnia odpowiednie w\u0142a\u015bciwo\u015bci antykorozyjne umo\u017cliwiaj\u0105ce dezynfekcje i sterylizacje ur\u0105dzenia.<\/span><\/p>\n<p><\/br><\/p>\n<h1><span style=\"font-family:arial, helvetica, sans-serif;font-size:10pt;\"><strong>Parametry kleszczy dentystycznych okr\u0105g\u0142ych do zaginania drutu i formowania p\u0119tli<\/strong><\/span><\/h1>\n<p><\/br><\/p>\n<ul><\/br><\/p>\n<li><span style=\"font-family:arial, helvetica, sans-serif;font-size:10pt;\">Ko\u0144c\u00f3wka: okr\u0105g\u0142a (z obu stron) dwa rozmiary &#8211; 12mm, 19mm<\/span><\/li>\n<p><\/br><\/p>\n<li><span style=\"font-family:arial, helvetica, sans-serif;font-size:10pt;\">D\u0142ugo\u015b\u0107: 13cm<\/span><\/li>\n<p><\/br><\/p>\n<li><span style=\"font-family:arial, helvetica, sans-serif;font-size:10pt;\">Produkt wielorazowego u\u017cytku<\/span><\/li>\n<p><\/br><\/p>\n<li><span style=\"font-family:arial, helvetica, sans-serif;font-size:10pt;\">Produkt niesterylny<\/span><\/li>\n<p><\/br><\/ul>\n<p><\/br><\/p>\n<h2><span style=\"font-family:arial, helvetica, sans-serif;font-size:10pt;\"><strong>Zalety wykorzystania kleszczy do zaginania drutu i formowania p\u0119tli<\/strong><\/span><\/h2>\n<p><\/br><\/p>\n<ul><\/br><\/p>\n<li><span style=\"font-family:arial, helvetica, sans-serif;font-size:10pt;\">Zaokr\u0105glona ko\u0144c\u00f3wka kleszczy pozwala na wygodne formowanie p\u0119tli oraz zaginanie przeznaczonych do tego drut\u00f3w ortodontycznych<\/span><\/li>\n<p><\/br><\/p>\n<li><span style=\"font-family:arial, helvetica, sans-serif;font-size:10pt;\">Odpowiednia d\u0142ugo\u015b\u0107 narz\u0119dzia zapewnia komfort pracy w r\u00f3\u017cnych warunkach<\/span><\/li>\n<p><\/br><\/p>\n<li><span style=\"font-family:arial, helvetica, sans-serif;font-size:10pt;\">Wykorzystanie certyfikowanej, japo\u0144skiej stali nierdzewnej zapewnia d\u0142ugotrwa\u0142o\u015b\u0107 narz\u0119dzia oraz mo\u017cliwo\u015b\u0107 jego sterylizacji i dezynfekcji<\/span><\/li>\n<p><\/br><\/ul>\n<p><\/br><\/p>\n<p><span style=\"font-family:arial, helvetica, sans-serif;font-size:10pt;\">Produkt posiada certyfikaty ISO9001\/2008, ISO13485\/2003, CE, FDA, AISI 420<\/span><\/p>\n","protected":false},"excerpt":{"rendered":"<p>Kleszcze ortodontyczne okr\u0105g\u0142e przeznaczone do zaginania drutu ortodontycznego oraz formowania z niego p\u0119tli. Odpowiednio wyprofilowana ko\u0144c\u00f3wka pozwala na dogodne wykorzystanie kleszczy pod r\u00f3\u017cnymi k\u0105tami. Kleszcze dentystyczne wyprodukowane s\u0105 z wysokiej jako\u015bci, certyfikowanej stali japo\u0144skiej (AISI 420) co zapewnia odpowiednie w\u0142a\u015bciwo\u015bci antykorozyjne umo\u017cliwiaj\u0105ce dezynfekcje i sterylizacje ur\u0105dzenia. Parametry kleszczy dentystycznych okr\u0105g\u0142ych do zaginania drutu i formowania &hellip;<\/p>\n<p class=\"read-more\"> <a class=\"\" href=\"https:\/\/clovedental.co\/pl\/produkt\/kleszcze-ortodontyczne-okragle-do-zaginania-drutu-i-formowania-petli-rozmiar-19-mm\/\"> <span class=\"screen-reader-text\">Kleszcze ortodontyczne okr\u0105g\u0142e do zaginania drutu i formowania p\u0119tli, Rozmiar: 19 mm<\/span> Read More &raquo;<\/a><\/p>\n","protected":false},"featured_media":5789,"template":"","meta":{"site-sidebar-layout":"default","site-content-layout":"","ast-site-content-layout":"default","site-content-style":"default","site-sidebar-style":"default","ast-global-header-display":"","ast-banner-title-visibility":"","ast-main-header-display":"","ast-hfb-above-header-display":"","ast-hfb-below-header-display":"","ast-hfb-mobile-header-display":"","site-post-title":"","ast-breadcrumbs-content":"","ast-featured-img":"","footer-sml-layout":"","theme-transparent-header-meta":"default","adv-header-id-meta":"","stick-header-meta":"","header-above-stick-meta":"","header-main-stick-meta":"","header-below-stick-meta":"","astra-migrate-meta-layouts":"","ast-page-background-enabled":"default","ast-page-background-meta":{"desktop":{"background-color":"var(--ast-global-color-4)","background-image":"","background-repeat":"repeat","background-position":"center center","background-size":"auto","background-attachment":"scroll","background-type":"","background-media":"","overlay-type":"","overlay-color":"","overlay-gradient":""},"tablet":{"background-color":"","background-image":"","background-repeat":"repeat","background-position":"center center","background-size":"auto","background-attachment":"scroll","background-type":"","background-media":"","overlay-type":"","overlay-color":"","overlay-gradient":""},"mobile":{"background-color":"","background-image":"","background-repeat":"repeat","background-position":"center center","background-size":"auto","background-attachment":"scroll","background-type":"","background-media":"","overlay-type":"","overlay-color":"","overlay-gradient":""}},"ast-content-background-meta":{"desktop":{"background-color":"var(--ast-global-color-5)","background-image":"","background-repeat":"repeat","background-position":"center center","background-size":"auto","background-attachment":"scroll","background-type":"","background-media":"","overlay-type":"","overlay-color":"","overlay-gradient":""},"tablet":{"background-color":"var(--ast-global-color-5)","background-image":"","background-repeat":"repeat","background-position":"center center","background-size":"auto","background-attachment":"scroll","background-type":"","background-media":"","overlay-type":"","overlay-color":"","overlay-gradient":""},"mobile":{"background-color":"var(--ast-global-color-5)","background-image":"","background-repeat":"repeat","background-position":"center center","background-size":"auto","background-attachment":"scroll","background-type":"","background-media":"","overlay-type":"","overlay-color":"","overlay-gradient":""}}},"product_cat":[425],"product_tag":[],"code":[259],"class_list":{"0":"post-4381","1":"product","2":"type-product","3":"status-publish","4":"has-post-thumbnail","6":"product_cat-ortodoncja","7":"code-09-105-224","8":"desktop-align-left","9":"tablet-align-left","10":"mobile-align-left","12":"first","13":"instock","14":"product-type-simple"},"acf":[],"yoast_head":"<!-- This site is optimized with the Yoast SEO plugin v21.9.1 - https:\/\/yoast.com\/wordpress\/plugins\/seo\/ -->\n<title>Kleszcze ortodontyczne okr\u0105g\u0142e do zaginania drutu i formowania p\u0119tli, Rozmiar: 19 mm | clovedental.co<\/title>\n<meta name=\"robots\" content=\"index, follow, max-snippet:-1, max-image-preview:large, max-video-preview:-1\" \/>\n<link rel=\"canonical\" href=\"https:\/\/clovedental.co\/pl\/produkt\/kleszcze-ortodontyczne-okragle-do-zaginania-drutu-i-formowania-petli-rozmiar-19-mm\/\" \/>\n<meta property=\"og:locale\" content=\"pl_PL\" \/>\n<meta property=\"og:type\" content=\"article\" \/>\n<meta property=\"og:title\" content=\"Kleszcze ortodontyczne okr\u0105g\u0142e do zaginania drutu i formowania p\u0119tli, Rozmiar: 19 mm | clovedental.co\" \/>\n<meta property=\"og:description\" content=\"Kleszcze ortodontyczne okr\u0105g\u0142e przeznaczone do zaginania drutu ortodontycznego oraz formowania z niego p\u0119tli. Odpowiednio wyprofilowana ko\u0144c\u00f3wka pozwala na dogodne wykorzystanie kleszczy pod r\u00f3\u017cnymi k\u0105tami. Kleszcze dentystyczne wyprodukowane s\u0105 z wysokiej jako\u015bci, certyfikowanej stali japo\u0144skiej (AISI 420) co zapewnia odpowiednie w\u0142a\u015bciwo\u015bci antykorozyjne umo\u017cliwiaj\u0105ce dezynfekcje i sterylizacje ur\u0105dzenia. Parametry kleszczy dentystycznych okr\u0105g\u0142ych do zaginania drutu i formowania &hellip; Kleszcze ortodontyczne okr\u0105g\u0142e do zaginania drutu i formowania p\u0119tli, Rozmiar: 19 mm Read More &raquo;\" \/>\n<meta property=\"og:url\" content=\"https:\/\/clovedental.co\/pl\/produkt\/kleszcze-ortodontyczne-okragle-do-zaginania-drutu-i-formowania-petli-rozmiar-19-mm\/\" \/>\n<meta property=\"og:site_name\" content=\"clovedental.co\" \/>\n<meta property=\"article:modified_time\" content=\"2024-01-10T08:43:10+00:00\" \/>\n<meta name=\"twitter:card\" content=\"summary_large_image\" \/>\n<meta name=\"twitter:label1\" content=\"Szacowany czas czytania\" \/>\n\t<meta name=\"twitter:data1\" content=\"1 minuta\" \/>\n<script type=\"application\/ld+json\" class=\"yoast-schema-graph\">{\"@context\":\"https:\/\/schema.org\",\"@graph\":[{\"@type\":\"WebPage\",\"@id\":\"https:\/\/clovedental.co\/pl\/produkt\/kleszcze-ortodontyczne-okragle-do-zaginania-drutu-i-formowania-petli-rozmiar-19-mm\/\",\"url\":\"https:\/\/clovedental.co\/pl\/produkt\/kleszcze-ortodontyczne-okragle-do-zaginania-drutu-i-formowania-petli-rozmiar-19-mm\/\",\"name\":\"Kleszcze ortodontyczne okr\u0105g\u0142e do zaginania drutu i formowania p\u0119tli, Rozmiar: 19 mm | clovedental.co\",\"isPartOf\":{\"@id\":\"https:\/\/clovedental.co\/pl\/#website\"},\"datePublished\":\"2024-01-10T08:37:55+00:00\",\"dateModified\":\"2024-01-10T08:43:10+00:00\",\"breadcrumb\":{\"@id\":\"https:\/\/clovedental.co\/pl\/produkt\/kleszcze-ortodontyczne-okragle-do-zaginania-drutu-i-formowania-petli-rozmiar-19-mm\/#breadcrumb\"},\"inLanguage\":\"pl-PL\",\"potentialAction\":[{\"@type\":\"ReadAction\",\"target\":[\"https:\/\/clovedental.co\/pl\/produkt\/kleszcze-ortodontyczne-okragle-do-zaginania-drutu-i-formowania-petli-rozmiar-19-mm\/\"]}]},{\"@type\":\"BreadcrumbList\",\"@id\":\"https:\/\/clovedental.co\/pl\/produkt\/kleszcze-ortodontyczne-okragle-do-zaginania-drutu-i-formowania-petli-rozmiar-19-mm\/#breadcrumb\",\"itemListElement\":[{\"@type\":\"ListItem\",\"position\":1,\"name\":\"Strona g\u0142\u00f3wna\",\"item\":\"https:\/\/clovedental.co\/pl\/\"},{\"@type\":\"ListItem\",\"position\":2,\"name\":\"Sklep\",\"item\":\"https:\/\/clovedental.co\/products\/shop\/\"},{\"@type\":\"ListItem\",\"position\":3,\"name\":\"Kleszcze ortodontyczne okr\u0105g\u0142e do zaginania drutu i formowania p\u0119tli, Rozmiar: 19 mm\"}]},{\"@type\":\"WebSite\",\"@id\":\"https:\/\/clovedental.co\/pl\/#website\",\"url\":\"https:\/\/clovedental.co\/pl\/\",\"name\":\"Manufacturer of Dental and Surgical Instruments\",\"description\":\"Details are the Key\",\"publisher\":{\"@id\":\"https:\/\/clovedental.co\/pl\/#organization\"},\"alternateName\":\"Dental and Surgical Instruments\",\"potentialAction\":[{\"@type\":\"SearchAction\",\"target\":{\"@type\":\"EntryPoint\",\"urlTemplate\":\"https:\/\/clovedental.co\/pl\/?s={search_term_string}\"},\"query-input\":\"required name=search_term_string\"}],\"inLanguage\":\"pl-PL\"},{\"@type\":\"Organization\",\"@id\":\"https:\/\/clovedental.co\/pl\/#organization\",\"name\":\"clovedental.co\",\"alternateName\":\"Clove\",\"url\":\"https:\/\/clovedental.co\/pl\/\",\"logo\":{\"@type\":\"ImageObject\",\"inLanguage\":\"pl-PL\",\"@id\":\"https:\/\/clovedental.co\/pl\/#\/schema\/logo\/image\/\",\"url\":\"https:\/\/clovedental.co\/wp-content\/uploads\/2023\/12\/LOGO_CLOVE.png\",\"contentUrl\":\"https:\/\/clovedental.co\/wp-content\/uploads\/2023\/12\/LOGO_CLOVE.png\",\"width\":1400,\"height\":1400,\"caption\":\"clovedental.co\"},\"image\":{\"@id\":\"https:\/\/clovedental.co\/pl\/#\/schema\/logo\/image\/\"}}]}<\/script>\n<!-- \/ Yoast SEO plugin. -->","yoast_head_json":{"title":"Kleszcze ortodontyczne okr\u0105g\u0142e do zaginania drutu i formowania p\u0119tli, Rozmiar: 19 mm | clovedental.co","robots":{"index":"index","follow":"follow","max-snippet":"max-snippet:-1","max-image-preview":"max-image-preview:large","max-video-preview":"max-video-preview:-1"},"canonical":"https:\/\/clovedental.co\/pl\/produkt\/kleszcze-ortodontyczne-okragle-do-zaginania-drutu-i-formowania-petli-rozmiar-19-mm\/","og_locale":"pl_PL","og_type":"article","og_title":"Kleszcze ortodontyczne okr\u0105g\u0142e do zaginania drutu i formowania p\u0119tli, Rozmiar: 19 mm | clovedental.co","og_description":"Kleszcze ortodontyczne okr\u0105g\u0142e przeznaczone do zaginania drutu ortodontycznego oraz formowania z niego p\u0119tli. Odpowiednio wyprofilowana ko\u0144c\u00f3wka pozwala na dogodne wykorzystanie kleszczy pod r\u00f3\u017cnymi k\u0105tami. Kleszcze dentystyczne wyprodukowane s\u0105 z wysokiej jako\u015bci, certyfikowanej stali japo\u0144skiej (AISI 420) co zapewnia odpowiednie w\u0142a\u015bciwo\u015bci antykorozyjne umo\u017cliwiaj\u0105ce dezynfekcje i sterylizacje ur\u0105dzenia. Parametry kleszczy dentystycznych okr\u0105g\u0142ych do zaginania drutu i formowania &hellip; Kleszcze ortodontyczne okr\u0105g\u0142e do zaginania drutu i formowania p\u0119tli, Rozmiar: 19 mm Read More &raquo;","og_url":"https:\/\/clovedental.co\/pl\/produkt\/kleszcze-ortodontyczne-okragle-do-zaginania-drutu-i-formowania-petli-rozmiar-19-mm\/","og_site_name":"clovedental.co","article_modified_time":"2024-01-10T08:43:10+00:00","twitter_card":"summary_large_image","twitter_misc":{"Szacowany czas czytania":"1 minuta"},"schema":{"@context":"https:\/\/schema.org","@graph":[{"@type":"WebPage","@id":"https:\/\/clovedental.co\/pl\/produkt\/kleszcze-ortodontyczne-okragle-do-zaginania-drutu-i-formowania-petli-rozmiar-19-mm\/","url":"https:\/\/clovedental.co\/pl\/produkt\/kleszcze-ortodontyczne-okragle-do-zaginania-drutu-i-formowania-petli-rozmiar-19-mm\/","name":"Kleszcze ortodontyczne okr\u0105g\u0142e do zaginania drutu i formowania p\u0119tli, Rozmiar: 19 mm | clovedental.co","isPartOf":{"@id":"https:\/\/clovedental.co\/pl\/#website"},"datePublished":"2024-01-10T08:37:55+00:00","dateModified":"2024-01-10T08:43:10+00:00","breadcrumb":{"@id":"https:\/\/clovedental.co\/pl\/produkt\/kleszcze-ortodontyczne-okragle-do-zaginania-drutu-i-formowania-petli-rozmiar-19-mm\/#breadcrumb"},"inLanguage":"pl-PL","potentialAction":[{"@type":"ReadAction","target":["https:\/\/clovedental.co\/pl\/produkt\/kleszcze-ortodontyczne-okragle-do-zaginania-drutu-i-formowania-petli-rozmiar-19-mm\/"]}]},{"@type":"BreadcrumbList","@id":"https:\/\/clovedental.co\/pl\/produkt\/kleszcze-ortodontyczne-okragle-do-zaginania-drutu-i-formowania-petli-rozmiar-19-mm\/#breadcrumb","itemListElement":[{"@type":"ListItem","position":1,"name":"Strona g\u0142\u00f3wna","item":"https:\/\/clovedental.co\/pl\/"},{"@type":"ListItem","position":2,"name":"Sklep","item":"https:\/\/clovedental.co\/products\/shop\/"},{"@type":"ListItem","position":3,"name":"Kleszcze ortodontyczne okr\u0105g\u0142e do zaginania drutu i formowania p\u0119tli, Rozmiar: 19 mm"}]},{"@type":"WebSite","@id":"https:\/\/clovedental.co\/pl\/#website","url":"https:\/\/clovedental.co\/pl\/","name":"Manufacturer of Dental and Surgical Instruments","description":"Details are the Key","publisher":{"@id":"https:\/\/clovedental.co\/pl\/#organization"},"alternateName":"Dental and Surgical Instruments","potentialAction":[{"@type":"SearchAction","target":{"@type":"EntryPoint","urlTemplate":"https:\/\/clovedental.co\/pl\/?s={search_term_string}"},"query-input":"required name=search_term_string"}],"inLanguage":"pl-PL"},{"@type":"Organization","@id":"https:\/\/clovedental.co\/pl\/#organization","name":"clovedental.co","alternateName":"Clove","url":"https:\/\/clovedental.co\/pl\/","logo":{"@type":"ImageObject","inLanguage":"pl-PL","@id":"https:\/\/clovedental.co\/pl\/#\/schema\/logo\/image\/","url":"https:\/\/clovedental.co\/wp-content\/uploads\/2023\/12\/LOGO_CLOVE.png","contentUrl":"https:\/\/clovedental.co\/wp-content\/uploads\/2023\/12\/LOGO_CLOVE.png","width":1400,"height":1400,"caption":"clovedental.co"},"image":{"@id":"https:\/\/clovedental.co\/pl\/#\/schema\/logo\/image\/"}}]}},"_links":{"self":[{"href":"https:\/\/clovedental.co\/pl\/wp-json\/wp\/v2\/product\/4381","targetHints":{"allow":["GET"]}}],"collection":[{"href":"https:\/\/clovedental.co\/pl\/wp-json\/wp\/v2\/product"}],"about":[{"href":"https:\/\/clovedental.co\/pl\/wp-json\/wp\/v2\/types\/product"}],"wp:featuredmedia":[{"embeddable":true,"href":"https:\/\/clovedental.co\/pl\/wp-json\/wp\/v2\/media\/5789"}],"wp:attachment":[{"href":"https:\/\/clovedental.co\/pl\/wp-json\/wp\/v2\/media?parent=4381"}],"wp:term":[{"taxonomy":"product_cat","embeddable":true,"href":"https:\/\/clovedental.co\/pl\/wp-json\/wp\/v2\/product_cat?post=4381"},{"taxonomy":"product_tag","embeddable":true,"href":"https:\/\/clovedental.co\/pl\/wp-json\/wp\/v2\/product_tag?post=4381"},{"taxonomy":"code","embeddable":true,"href":"https:\/\/clovedental.co\/pl\/wp-json\/wp\/v2\/code?post=4381"}],"curies":[{"name":"wp","href":"https:\/\/api.w.org\/{rel}","templated":true}]}}