{"id":4398,"date":"2024-01-10T08:38:05","date_gmt":"2024-01-10T08:38:05","guid":{"rendered":"https:\/\/clovedental.co\/product\/nozyczki-beebee-do-ciecia-koron-i-drutu-zagiete-125cm-tc\/"},"modified":"2024-01-10T08:43:19","modified_gmt":"2024-01-10T08:43:19","slug":"nozyczki-beebee-do-ciecia-koron-i-drutu-zagiete-125cm-tc","status":"publish","type":"product","link":"https:\/\/clovedental.co\/pl\/produkt\/nozyczki-beebee-do-ciecia-koron-i-drutu-zagiete-125cm-tc\/","title":{"rendered":"No\u017cyczki BeeBee \u00ae do ci\u0119cia koron i drutu zagi\u0119te 12,5cm TC"},"content":{"rendered":"<p><span style=\"font-family:arial, helvetica, sans-serif;font-size:10pt;\"><em>No\u017cyczki chirurgiczne<\/em>\u00a0z mikroszlifem typu BeeBee\u00ae znajduj\u0105 swoje zastosowanie g\u0142\u00f3wnie w ci\u0119ciu tkanek twardych podczas zabieg\u00f3w ortodontycznych i dentystycznych. No\u017cyczki nadaj\u0105 si\u0119 r\u00f3wnie\u017c do ci\u0119cia cienkich drut\u00f3w oraz blaszek dzi\u0119ki specjalnie zaprojektowanej ko\u0144c\u00f3wce. Dodatkowo zosta\u0142a ona wzmocniona przy u\u017cyciu w\u0119glika wolframu, kt\u00f3ry gwarantuje d\u0142ug\u0105 \u017cywotno\u015b\u0107 oraz precyzje podczas wykorzystania. Do produkcji wariantu premium wykorzystano certyfikowan\u0105, japo\u0144sk\u0105 stal nierdzewn\u0105 (AISI 420) oraz wk\u0142adki z w\u0119glika spiekanego (TC). No\u017cyczki zaprojektowane z uwzgl\u0119dnieniem jego ergonomii zapewniaj\u0105c komfort u\u017cytkowania.<\/span><\/p>\n<p><\/br><\/p>\n<h1><span style=\"font-family:arial, helvetica, sans-serif;font-size:10pt;\"><strong>Parametry no\u017cyczek do ci\u0119cia koron BeeBee\u00ae<\/strong><\/span><\/h1>\n<p><\/br><\/p>\n<ul><\/br><\/p>\n<li><span style=\"font-family:arial, helvetica, sans-serif;font-size:10pt;\">Ko\u0144c\u00f3wka: BeeBee\u00ae, zagi\u0119ta, z\u0105bkowna-g\u0142adka, wyprofilowane do ci\u0119cia drutu<\/span><\/li>\n<p><\/br><\/p>\n<li><span style=\"font-family:arial, helvetica, sans-serif;font-size:10pt;\">D\u0142ugo\u015b\u0107: 12,5cm<\/span><\/li>\n<p><\/br><\/p>\n<li><span style=\"font-family:arial, helvetica, sans-serif;font-size:10pt;\">Produkt wielorazowego u\u017cytku<\/span><\/li>\n<p><\/br><\/p>\n<li><span style=\"font-family:arial, helvetica, sans-serif;font-size:10pt;\">Produkt niesterylny<\/span><\/li>\n<p><\/br><\/ul>\n<p><\/br><\/p>\n<h2><span style=\"font-family:arial, helvetica, sans-serif;font-size:10pt;\"><strong>Zalety wykorzystania<\/strong><\/span><\/h2>\n<p><\/br><\/p>\n<ul><\/br><\/p>\n<li><span style=\"font-family:arial, helvetica, sans-serif;font-size:10pt;\">Uniwersalno\u015b\u0107 no\u017cyczek \u2013 przystosowane do ci\u0119cia tkanek twardych oraz drut\u00f3w i blaszek<\/span><\/li>\n<p><\/br><\/p>\n<li><span style=\"font-family:arial, helvetica, sans-serif;font-size:10pt;\">Wysokiej jako\u015bci, certyfikowana japo\u0144ska stal nierdzewna zapewnia doskona\u0142e w\u0142a\u015bciwo\u015bci antykorozyjne pozwalaj\u0105c na dezynfekcje i sterylizacje wed\u0142ug wskaza\u0144 producenta<\/span><\/li>\n<p><\/br><\/p>\n<li><span style=\"font-family:arial, helvetica, sans-serif;font-size:10pt;\">Ergonomia produktu u\u0142atwia korzystanie pod r\u00f3\u017cnymi k\u0105tami oraz w r\u00f3\u017cnych warunkach<\/span><\/li>\n<p><\/br><\/ul>\n<p><\/br><\/p>\n<p><span style=\"font-family:arial, helvetica, sans-serif;font-size:10pt;\">Produkt posiada certyfikaty ISO9001\/2008, ISO13485\/2003, CE, FDA, AISI 420.<\/span><\/p>\n","protected":false},"excerpt":{"rendered":"<p>No\u017cyczki chirurgiczne\u00a0z mikroszlifem typu BeeBee\u00ae znajduj\u0105 swoje zastosowanie g\u0142\u00f3wnie w ci\u0119ciu tkanek twardych podczas zabieg\u00f3w ortodontycznych i dentystycznych. No\u017cyczki nadaj\u0105 si\u0119 r\u00f3wnie\u017c do ci\u0119cia cienkich drut\u00f3w oraz blaszek dzi\u0119ki specjalnie zaprojektowanej ko\u0144c\u00f3wce. Dodatkowo zosta\u0142a ona wzmocniona przy u\u017cyciu w\u0119glika wolframu, kt\u00f3ry gwarantuje d\u0142ug\u0105 \u017cywotno\u015b\u0107 oraz precyzje podczas wykorzystania. Do produkcji wariantu premium wykorzystano certyfikowan\u0105, japo\u0144sk\u0105 &hellip;<\/p>\n<p class=\"read-more\"> <a class=\"\" href=\"https:\/\/clovedental.co\/pl\/produkt\/nozyczki-beebee-do-ciecia-koron-i-drutu-zagiete-125cm-tc\/\"> <span class=\"screen-reader-text\">No\u017cyczki BeeBee \u00ae do ci\u0119cia koron i drutu zagi\u0119te 12,5cm TC<\/span> Read More &raquo;<\/a><\/p>\n","protected":false},"featured_media":5894,"template":"","meta":{"site-sidebar-layout":"default","site-content-layout":"","ast-site-content-layout":"default","site-content-style":"default","site-sidebar-style":"default","ast-global-header-display":"","ast-banner-title-visibility":"","ast-main-header-display":"","ast-hfb-above-header-display":"","ast-hfb-below-header-display":"","ast-hfb-mobile-header-display":"","site-post-title":"","ast-breadcrumbs-content":"","ast-featured-img":"","footer-sml-layout":"","theme-transparent-header-meta":"default","adv-header-id-meta":"","stick-header-meta":"","header-above-stick-meta":"","header-main-stick-meta":"","header-below-stick-meta":"","astra-migrate-meta-layouts":"","ast-page-background-enabled":"default","ast-page-background-meta":{"desktop":{"background-color":"var(--ast-global-color-4)","background-image":"","background-repeat":"repeat","background-position":"center center","background-size":"auto","background-attachment":"scroll","background-type":"","background-media":"","overlay-type":"","overlay-color":"","overlay-gradient":""},"tablet":{"background-color":"","background-image":"","background-repeat":"repeat","background-position":"center center","background-size":"auto","background-attachment":"scroll","background-type":"","background-media":"","overlay-type":"","overlay-color":"","overlay-gradient":""},"mobile":{"background-color":"","background-image":"","background-repeat":"repeat","background-position":"center center","background-size":"auto","background-attachment":"scroll","background-type":"","background-media":"","overlay-type":"","overlay-color":"","overlay-gradient":""}},"ast-content-background-meta":{"desktop":{"background-color":"var(--ast-global-color-5)","background-image":"","background-repeat":"repeat","background-position":"center center","background-size":"auto","background-attachment":"scroll","background-type":"","background-media":"","overlay-type":"","overlay-color":"","overlay-gradient":""},"tablet":{"background-color":"var(--ast-global-color-5)","background-image":"","background-repeat":"repeat","background-position":"center center","background-size":"auto","background-attachment":"scroll","background-type":"","background-media":"","overlay-type":"","overlay-color":"","overlay-gradient":""},"mobile":{"background-color":"var(--ast-global-color-5)","background-image":"","background-repeat":"repeat","background-position":"center center","background-size":"auto","background-attachment":"scroll","background-type":"","background-media":"","overlay-type":"","overlay-color":"","overlay-gradient":""}}},"product_cat":[425],"product_tag":[],"code":[274],"class_list":{"0":"post-4398","1":"product","2":"type-product","3":"status-publish","4":"has-post-thumbnail","6":"product_cat-ortodoncja","7":"code-09-103-101","8":"desktop-align-left","9":"tablet-align-left","10":"mobile-align-left","12":"first","13":"instock","14":"product-type-simple"},"acf":[],"yoast_head":"<!-- This site is optimized with the Yoast SEO plugin v21.9.1 - https:\/\/yoast.com\/wordpress\/plugins\/seo\/ -->\n<title>No\u017cyczki BeeBee \u00ae do ci\u0119cia koron i drutu zagi\u0119te 12,5cm TC | clovedental.co<\/title>\n<meta name=\"robots\" content=\"index, follow, max-snippet:-1, max-image-preview:large, max-video-preview:-1\" \/>\n<link rel=\"canonical\" href=\"https:\/\/clovedental.co\/pl\/produkt\/nozyczki-beebee-do-ciecia-koron-i-drutu-zagiete-125cm-tc\/\" \/>\n<meta property=\"og:locale\" content=\"pl_PL\" \/>\n<meta property=\"og:type\" content=\"article\" \/>\n<meta property=\"og:title\" content=\"No\u017cyczki BeeBee \u00ae do ci\u0119cia koron i drutu zagi\u0119te 12,5cm TC | clovedental.co\" \/>\n<meta property=\"og:description\" content=\"No\u017cyczki chirurgiczne\u00a0z mikroszlifem typu BeeBee\u00ae znajduj\u0105 swoje zastosowanie g\u0142\u00f3wnie w ci\u0119ciu tkanek twardych podczas zabieg\u00f3w ortodontycznych i dentystycznych. No\u017cyczki nadaj\u0105 si\u0119 r\u00f3wnie\u017c do ci\u0119cia cienkich drut\u00f3w oraz blaszek dzi\u0119ki specjalnie zaprojektowanej ko\u0144c\u00f3wce. Dodatkowo zosta\u0142a ona wzmocniona przy u\u017cyciu w\u0119glika wolframu, kt\u00f3ry gwarantuje d\u0142ug\u0105 \u017cywotno\u015b\u0107 oraz precyzje podczas wykorzystania. Do produkcji wariantu premium wykorzystano certyfikowan\u0105, japo\u0144sk\u0105 &hellip; No\u017cyczki BeeBee \u00ae do ci\u0119cia koron i drutu zagi\u0119te 12,5cm TC Read More &raquo;\" \/>\n<meta property=\"og:url\" content=\"https:\/\/clovedental.co\/pl\/produkt\/nozyczki-beebee-do-ciecia-koron-i-drutu-zagiete-125cm-tc\/\" \/>\n<meta property=\"og:site_name\" content=\"clovedental.co\" \/>\n<meta property=\"article:modified_time\" content=\"2024-01-10T08:43:19+00:00\" \/>\n<meta property=\"og:image\" content=\"http:\/\/clovedental.co\/wp-content\/uploads\/2024\/01\/dc24d3f3-7595-4306-975f-0fba6defc7ce.jpeg\" \/>\n\t<meta property=\"og:image:width\" content=\"1200\" \/>\n\t<meta property=\"og:image:height\" content=\"1200\" \/>\n\t<meta property=\"og:image:type\" content=\"image\/jpeg\" \/>\n<meta name=\"twitter:card\" content=\"summary_large_image\" \/>\n<meta name=\"twitter:label1\" content=\"Szacowany czas czytania\" \/>\n\t<meta name=\"twitter:data1\" content=\"1 minuta\" \/>\n<script type=\"application\/ld+json\" class=\"yoast-schema-graph\">{\"@context\":\"https:\/\/schema.org\",\"@graph\":[{\"@type\":\"WebPage\",\"@id\":\"https:\/\/clovedental.co\/pl\/produkt\/nozyczki-beebee-do-ciecia-koron-i-drutu-zagiete-125cm-tc\/\",\"url\":\"https:\/\/clovedental.co\/pl\/produkt\/nozyczki-beebee-do-ciecia-koron-i-drutu-zagiete-125cm-tc\/\",\"name\":\"No\u017cyczki BeeBee \u00ae do ci\u0119cia koron i drutu zagi\u0119te 12,5cm TC | clovedental.co\",\"isPartOf\":{\"@id\":\"https:\/\/clovedental.co\/pl\/#website\"},\"datePublished\":\"2024-01-10T08:38:05+00:00\",\"dateModified\":\"2024-01-10T08:43:19+00:00\",\"breadcrumb\":{\"@id\":\"https:\/\/clovedental.co\/pl\/produkt\/nozyczki-beebee-do-ciecia-koron-i-drutu-zagiete-125cm-tc\/#breadcrumb\"},\"inLanguage\":\"pl-PL\",\"potentialAction\":[{\"@type\":\"ReadAction\",\"target\":[\"https:\/\/clovedental.co\/pl\/produkt\/nozyczki-beebee-do-ciecia-koron-i-drutu-zagiete-125cm-tc\/\"]}]},{\"@type\":\"BreadcrumbList\",\"@id\":\"https:\/\/clovedental.co\/pl\/produkt\/nozyczki-beebee-do-ciecia-koron-i-drutu-zagiete-125cm-tc\/#breadcrumb\",\"itemListElement\":[{\"@type\":\"ListItem\",\"position\":1,\"name\":\"Strona g\u0142\u00f3wna\",\"item\":\"https:\/\/clovedental.co\/pl\/\"},{\"@type\":\"ListItem\",\"position\":2,\"name\":\"Sklep\",\"item\":\"https:\/\/clovedental.co\/products\/shop\/\"},{\"@type\":\"ListItem\",\"position\":3,\"name\":\"No\u017cyczki BeeBee \u00ae do ci\u0119cia koron i drutu zagi\u0119te 12,5cm TC\"}]},{\"@type\":\"WebSite\",\"@id\":\"https:\/\/clovedental.co\/pl\/#website\",\"url\":\"https:\/\/clovedental.co\/pl\/\",\"name\":\"Manufacturer of Dental and Surgical Instruments\",\"description\":\"Details are the Key\",\"publisher\":{\"@id\":\"https:\/\/clovedental.co\/pl\/#organization\"},\"alternateName\":\"Dental and Surgical Instruments\",\"potentialAction\":[{\"@type\":\"SearchAction\",\"target\":{\"@type\":\"EntryPoint\",\"urlTemplate\":\"https:\/\/clovedental.co\/pl\/?s={search_term_string}\"},\"query-input\":\"required name=search_term_string\"}],\"inLanguage\":\"pl-PL\"},{\"@type\":\"Organization\",\"@id\":\"https:\/\/clovedental.co\/pl\/#organization\",\"name\":\"clovedental.co\",\"alternateName\":\"Clove\",\"url\":\"https:\/\/clovedental.co\/pl\/\",\"logo\":{\"@type\":\"ImageObject\",\"inLanguage\":\"pl-PL\",\"@id\":\"https:\/\/clovedental.co\/pl\/#\/schema\/logo\/image\/\",\"url\":\"https:\/\/clovedental.co\/wp-content\/uploads\/2023\/12\/LOGO_CLOVE.png\",\"contentUrl\":\"https:\/\/clovedental.co\/wp-content\/uploads\/2023\/12\/LOGO_CLOVE.png\",\"width\":1400,\"height\":1400,\"caption\":\"clovedental.co\"},\"image\":{\"@id\":\"https:\/\/clovedental.co\/pl\/#\/schema\/logo\/image\/\"}}]}<\/script>\n<!-- \/ Yoast SEO plugin. -->","yoast_head_json":{"title":"No\u017cyczki BeeBee \u00ae do ci\u0119cia koron i drutu zagi\u0119te 12,5cm TC | clovedental.co","robots":{"index":"index","follow":"follow","max-snippet":"max-snippet:-1","max-image-preview":"max-image-preview:large","max-video-preview":"max-video-preview:-1"},"canonical":"https:\/\/clovedental.co\/pl\/produkt\/nozyczki-beebee-do-ciecia-koron-i-drutu-zagiete-125cm-tc\/","og_locale":"pl_PL","og_type":"article","og_title":"No\u017cyczki BeeBee \u00ae do ci\u0119cia koron i drutu zagi\u0119te 12,5cm TC | clovedental.co","og_description":"No\u017cyczki chirurgiczne\u00a0z mikroszlifem typu BeeBee\u00ae znajduj\u0105 swoje zastosowanie g\u0142\u00f3wnie w ci\u0119ciu tkanek twardych podczas zabieg\u00f3w ortodontycznych i dentystycznych. No\u017cyczki nadaj\u0105 si\u0119 r\u00f3wnie\u017c do ci\u0119cia cienkich drut\u00f3w oraz blaszek dzi\u0119ki specjalnie zaprojektowanej ko\u0144c\u00f3wce. Dodatkowo zosta\u0142a ona wzmocniona przy u\u017cyciu w\u0119glika wolframu, kt\u00f3ry gwarantuje d\u0142ug\u0105 \u017cywotno\u015b\u0107 oraz precyzje podczas wykorzystania. Do produkcji wariantu premium wykorzystano certyfikowan\u0105, japo\u0144sk\u0105 &hellip; No\u017cyczki BeeBee \u00ae do ci\u0119cia koron i drutu zagi\u0119te 12,5cm TC Read More &raquo;","og_url":"https:\/\/clovedental.co\/pl\/produkt\/nozyczki-beebee-do-ciecia-koron-i-drutu-zagiete-125cm-tc\/","og_site_name":"clovedental.co","article_modified_time":"2024-01-10T08:43:19+00:00","og_image":[{"width":1200,"height":1200,"url":"http:\/\/clovedental.co\/wp-content\/uploads\/2024\/01\/dc24d3f3-7595-4306-975f-0fba6defc7ce.jpeg","type":"image\/jpeg"}],"twitter_card":"summary_large_image","twitter_misc":{"Szacowany czas czytania":"1 minuta"},"schema":{"@context":"https:\/\/schema.org","@graph":[{"@type":"WebPage","@id":"https:\/\/clovedental.co\/pl\/produkt\/nozyczki-beebee-do-ciecia-koron-i-drutu-zagiete-125cm-tc\/","url":"https:\/\/clovedental.co\/pl\/produkt\/nozyczki-beebee-do-ciecia-koron-i-drutu-zagiete-125cm-tc\/","name":"No\u017cyczki BeeBee \u00ae do ci\u0119cia koron i drutu zagi\u0119te 12,5cm TC | clovedental.co","isPartOf":{"@id":"https:\/\/clovedental.co\/pl\/#website"},"datePublished":"2024-01-10T08:38:05+00:00","dateModified":"2024-01-10T08:43:19+00:00","breadcrumb":{"@id":"https:\/\/clovedental.co\/pl\/produkt\/nozyczki-beebee-do-ciecia-koron-i-drutu-zagiete-125cm-tc\/#breadcrumb"},"inLanguage":"pl-PL","potentialAction":[{"@type":"ReadAction","target":["https:\/\/clovedental.co\/pl\/produkt\/nozyczki-beebee-do-ciecia-koron-i-drutu-zagiete-125cm-tc\/"]}]},{"@type":"BreadcrumbList","@id":"https:\/\/clovedental.co\/pl\/produkt\/nozyczki-beebee-do-ciecia-koron-i-drutu-zagiete-125cm-tc\/#breadcrumb","itemListElement":[{"@type":"ListItem","position":1,"name":"Strona g\u0142\u00f3wna","item":"https:\/\/clovedental.co\/pl\/"},{"@type":"ListItem","position":2,"name":"Sklep","item":"https:\/\/clovedental.co\/products\/shop\/"},{"@type":"ListItem","position":3,"name":"No\u017cyczki BeeBee \u00ae do ci\u0119cia koron i drutu zagi\u0119te 12,5cm TC"}]},{"@type":"WebSite","@id":"https:\/\/clovedental.co\/pl\/#website","url":"https:\/\/clovedental.co\/pl\/","name":"Manufacturer of Dental and Surgical Instruments","description":"Details are the Key","publisher":{"@id":"https:\/\/clovedental.co\/pl\/#organization"},"alternateName":"Dental and Surgical Instruments","potentialAction":[{"@type":"SearchAction","target":{"@type":"EntryPoint","urlTemplate":"https:\/\/clovedental.co\/pl\/?s={search_term_string}"},"query-input":"required name=search_term_string"}],"inLanguage":"pl-PL"},{"@type":"Organization","@id":"https:\/\/clovedental.co\/pl\/#organization","name":"clovedental.co","alternateName":"Clove","url":"https:\/\/clovedental.co\/pl\/","logo":{"@type":"ImageObject","inLanguage":"pl-PL","@id":"https:\/\/clovedental.co\/pl\/#\/schema\/logo\/image\/","url":"https:\/\/clovedental.co\/wp-content\/uploads\/2023\/12\/LOGO_CLOVE.png","contentUrl":"https:\/\/clovedental.co\/wp-content\/uploads\/2023\/12\/LOGO_CLOVE.png","width":1400,"height":1400,"caption":"clovedental.co"},"image":{"@id":"https:\/\/clovedental.co\/pl\/#\/schema\/logo\/image\/"}}]}},"_links":{"self":[{"href":"https:\/\/clovedental.co\/pl\/wp-json\/wp\/v2\/product\/4398","targetHints":{"allow":["GET"]}}],"collection":[{"href":"https:\/\/clovedental.co\/pl\/wp-json\/wp\/v2\/product"}],"about":[{"href":"https:\/\/clovedental.co\/pl\/wp-json\/wp\/v2\/types\/product"}],"wp:featuredmedia":[{"embeddable":true,"href":"https:\/\/clovedental.co\/pl\/wp-json\/wp\/v2\/media\/5894"}],"wp:attachment":[{"href":"https:\/\/clovedental.co\/pl\/wp-json\/wp\/v2\/media?parent=4398"}],"wp:term":[{"taxonomy":"product_cat","embeddable":true,"href":"https:\/\/clovedental.co\/pl\/wp-json\/wp\/v2\/product_cat?post=4398"},{"taxonomy":"product_tag","embeddable":true,"href":"https:\/\/clovedental.co\/pl\/wp-json\/wp\/v2\/product_tag?post=4398"},{"taxonomy":"code","embeddable":true,"href":"https:\/\/clovedental.co\/pl\/wp-json\/wp\/v2\/code?post=4398"}],"curies":[{"name":"wp","href":"https:\/\/api.w.org\/{rel}","templated":true}]}}