{"id":4486,"date":"2024-01-10T08:38:39","date_gmt":"2024-01-10T08:38:39","guid":{"rendered":"https:\/\/clovedental.co\/product\/zestaw-lyzek-wyciskowych-perforowanych-z-rantem-do-szczeki-gornej-i-dolnej\/"},"modified":"2024-01-10T08:44:06","modified_gmt":"2024-01-10T08:44:06","slug":"zestaw-lyzek-wyciskowych-perforowanych-z-rantem-do-szczeki-gornej-i-dolnej","status":"publish","type":"product","link":"https:\/\/clovedental.co\/pl\/produkt\/zestaw-lyzek-wyciskowych-perforowanych-z-rantem-do-szczeki-gornej-i-dolnej\/","title":{"rendered":"Zestaw \u0142y\u017cek wyciskowych perforowanych z rantem do szcz\u0119ki g\u00f3rnej i dolnej"},"content":{"rendered":"<p><span style=\"font-family:arial, helvetica, sans-serif;font-size:10pt;\">\u0141y\u017cki wyciskowe, perforowane z rantem umo\u017cliwiaj\u0105 wykonywanie wycisk\u00f3w pozwalaj\u0105cych na odzwierciedlenie uz\u0119bienia pacjenta. S\u0105 jednym z podstawowych narz\u0119dzi wykorzystywanych w gabinetach stomatologicznych, ortodontycznych oraz implantologicznych. Dzi\u0119ki dobrze wykonanym wyciskom mo\u017cliwe jest <strong>rozpoznanie wady zgryzu<\/strong> czy zdobycie <strong>informacji dotycz\u0105cych ustawienia wzgl\u0119dem siebie wszystkich z\u0119b\u00f3w<\/strong>. Na podstawie wycisk\u00f3w opracowywane s\u0105 chocia\u017cby <strong>aparaty ortodontyczne, nak\u0142adki ortodontyczne, szyny relaksacyjne czy szyny do wybielania z\u0119b\u00f3w.<\/strong><\/span><\/p>\n<p><\/br><\/p>\n<p><span style=\"font-family:arial, helvetica, sans-serif;font-size:10pt;\">\u0141y\u017cki wykonane s\u0105 z bardzo wysokiej jako\u015bci stali japo\u0144skiej spe\u0142niaj\u0105cej wymogi AISI 304. Charakteryzuj\u0105 si\u0119 brakiem spaw\u00f3w oraz wysok\u0105 \u0142atwo\u015bci\u0105 w czyszczeniu. Mog\u0105 by\u0107 sterylizowane w autoklawach w tempereturze 134<sup>o<\/sup>C. Wysoka jako\u015b\u0107 wyko\u0144czenia gwarantuje g\u0142adk\u0105 powierzchni\u0119.<\/span><\/p>\n<p><\/br><\/p>\n<h1><span style=\"font-family:arial, helvetica, sans-serif;font-size:10pt;\">Parametry \u0142y\u017cek wyciskowych z rantem<\/span><\/h1>\n<p><\/br><\/p>\n<ul><\/br><\/p>\n<li><span style=\"font-family:arial, helvetica, sans-serif;font-size:10pt;\">Typ: \u0142y\u017cki wyciskowe, perforowane, z rantem i otworami<\/span><\/li>\n<p><\/br><\/p>\n<li><span style=\"font-family:arial, helvetica, sans-serif;font-size:10pt;\">Przeznaczenie: wyciski szcz\u0119ki g\u00f3rnej oraz dolnej<\/span><\/li>\n<p><\/br><\/p>\n<li><span style=\"font-family:arial, helvetica, sans-serif;font-size:10pt;\">Dost\u0119pne rozmiary (szeroko\u015b\u0107 \/ d\u0142ugo\u015b\u0107):<\/span><\/li>\n<p><\/br><\/ul>\n<p><\/br><\/p>\n<table style=\"width:350px;border:1px solid;margin-left:auto;margin-right:auto;\"><\/br><\/p>\n<tbody><\/br><\/p>\n<tr style=\"height:18px;\"><\/br><\/p>\n<td style=\"width:90px;text-align:center;border:1px solid;height:18px;\"><span style=\"font-family:arial, helvetica, sans-serif;font-size:10pt;\">\u00a0<\/span><\/td>\n<p><\/br><\/p>\n<td style=\"width:106.262px;text-align:center;border:1px solid;height:18px;\"><span style=\"font-family:arial, helvetica, sans-serif;font-size:10pt;\"><strong>G\u00f3ra (szer.\/d\u0142.)<\/strong><\/span><\/td>\n<p><\/br><\/p>\n<td style=\"width:129.738px;text-align:center;border:1px solid;height:18px;\"><span style=\"font-family:arial, helvetica, sans-serif;font-size:10pt;\"><strong>D\u00f3\u0142\u00a0(szer.\/d\u0142.)<\/strong><\/span><\/td>\n<p><\/br><\/tr>\n<p><\/br><\/p>\n<tr style=\"height:18.9px;\"><\/br><\/p>\n<td style=\"width:90px;text-align:center;border:1px solid;height:18.9px;\"><span style=\"font-family:arial, helvetica, sans-serif;font-size:10pt;\"><strong>Ma\u0142y (S)<\/strong><\/span><\/td>\n<p><\/br><\/p>\n<td style=\"width:106.262px;text-align:center;border:1px solid;height:18.9px;\"><span style=\"font-family:arial, helvetica, sans-serif;font-size:10pt;\">65 \/ 55 mm<\/span><\/td>\n<p><\/br><\/p>\n<td style=\"width:129.738px;text-align:center;border:1px solid;height:18.9px;\"><span style=\"font-family:arial, helvetica, sans-serif;font-size:10pt;\">70 \/ 60 mm<\/span><\/td>\n<p><\/br><\/tr>\n<p><\/br><\/p>\n<tr style=\"height:18px;\"><\/br><\/p>\n<td style=\"width:90px;text-align:center;border:1px solid;height:18px;\"><span style=\"font-family:arial, helvetica, sans-serif;font-size:10pt;\"><strong>\u015aredni (M)<\/strong><\/span><\/td>\n<p><\/br><\/p>\n<td style=\"width:106.262px;text-align:center;border:1px solid;height:18px;\"><span style=\"font-family:arial, helvetica, sans-serif;font-size:10pt;\">70 \/ 55 mm<\/span><\/td>\n<p><\/br><\/p>\n<td style=\"width:129.738px;text-align:center;border:1px solid;height:18px;\"><span style=\"font-family:arial, helvetica, sans-serif;font-size:10pt;\">75 \/ 60 mm<\/span><\/td>\n<p><\/br><\/tr>\n<p><\/br><\/p>\n<tr style=\"height:18px;\"><\/br><\/p>\n<td style=\"width:90px;text-align:center;border:1px solid;height:18px;\"><span style=\"font-family:arial, helvetica, sans-serif;font-size:10pt;\"><strong>Du\u017cy (L)<\/strong><\/span><\/td>\n<p><\/br><\/p>\n<td style=\"width:106.262px;text-align:center;border:1px solid;height:18px;\"><span style=\"font-family:arial, helvetica, sans-serif;font-size:10pt;\">73 \/ 60 mm<\/span><\/td>\n<p><\/br><\/p>\n<td style=\"width:129.738px;text-align:center;border:1px solid;height:18px;\"><span style=\"font-family:arial, helvetica, sans-serif;font-size:10pt;\">80 \/ 60 mm<\/span><\/td>\n<p><\/br><\/tr>\n<p><\/br><\/tbody>\n<p><\/br><\/table>\n<p><\/br><\/p>\n<ul><\/br><\/p>\n<li><span style=\"font-family:arial, helvetica, sans-serif;font-size:10pt;\">Japo\u0144ska stal nierdzewna (AISI 304)<\/span><\/li>\n<p><\/br><\/p>\n<li><span style=\"font-family:arial, helvetica, sans-serif;font-size:10pt;\">Produkt wielokrotnego u\u017cytku<\/span><\/li>\n<p><\/br><\/p>\n<li><span style=\"font-family:arial, helvetica, sans-serif;font-size:10pt;\">Produkt niesterylny<\/span><\/li>\n<p><\/br><\/ul>\n<p><\/br><\/p>\n<h2><span style=\"font-family:arial, helvetica, sans-serif;font-size:10pt;\">Zalety wykorzystania \u0142y\u017cek wyciskowych z otworami<\/span><\/h2>\n<p><\/br><\/p>\n<ul><\/br><\/p>\n<li><span style=\"font-family:arial, helvetica, sans-serif;font-size:10pt;\">Szeroka gama rozmiar\u00f3w \u0142y\u017cek dost\u0119pnych w zestawie umo\u017cliwia odpowiednie dopasowanie ich do konkretnego przypadku<\/span><\/li>\n<p><\/br><\/p>\n<li><span style=\"font-family:arial, helvetica, sans-serif;font-size:10pt;\">Wysoka jako\u015b\u0107 wyko\u0144czenia produktu zapewnia komfort jego u\u017cytkowania oraz g\u0142adk\u0105 powierzchni\u0119 pozwalaj\u0105c\u0105 na uzyskanie precyzyjnych modeli<\/span><\/li>\n<p><\/br><\/p>\n<li><span style=\"font-family:arial, helvetica, sans-serif;font-size:10pt;\">Mo\u017cliwo\u015b\u0107 \u0142atwego czyszczenia oraz sterylizacji w autoklawach w temperaturze 134<sup>o<\/sup>C dzi\u0119ki wykorzystaniu stali o wysokiej jako\u015bci (AISI 304)<\/span><\/li>\n<p><\/br><\/ul>\n<p><\/br><\/p>\n<p><span style=\"font-family:arial, helvetica, sans-serif;font-size:10pt;\">Produkt posiada certyfikaty CE, FDA, ISO 9001 oraz ISO 13485.<\/span><\/p>\n","protected":false},"excerpt":{"rendered":"<p>\u0141y\u017cki wyciskowe, perforowane z rantem umo\u017cliwiaj\u0105 wykonywanie wycisk\u00f3w pozwalaj\u0105cych na odzwierciedlenie uz\u0119bienia pacjenta. S\u0105 jednym z podstawowych narz\u0119dzi wykorzystywanych w gabinetach stomatologicznych, ortodontycznych oraz implantologicznych. Dzi\u0119ki dobrze wykonanym wyciskom mo\u017cliwe jest rozpoznanie wady zgryzu czy zdobycie informacji dotycz\u0105cych ustawienia wzgl\u0119dem siebie wszystkich z\u0119b\u00f3w. Na podstawie wycisk\u00f3w opracowywane s\u0105 chocia\u017cby aparaty ortodontyczne, nak\u0142adki ortodontyczne, szyny relaksacyjne &hellip;<\/p>\n<p class=\"read-more\"> <a class=\"\" href=\"https:\/\/clovedental.co\/pl\/produkt\/zestaw-lyzek-wyciskowych-perforowanych-z-rantem-do-szczeki-gornej-i-dolnej\/\"> <span class=\"screen-reader-text\">Zestaw \u0142y\u017cek wyciskowych perforowanych z rantem do szcz\u0119ki g\u00f3rnej i dolnej<\/span> Read More &raquo;<\/a><\/p>\n","protected":false},"featured_media":5982,"template":"","meta":{"site-sidebar-layout":"default","site-content-layout":"","ast-site-content-layout":"default","site-content-style":"default","site-sidebar-style":"default","ast-global-header-display":"","ast-banner-title-visibility":"","ast-main-header-display":"","ast-hfb-above-header-display":"","ast-hfb-below-header-display":"","ast-hfb-mobile-header-display":"","site-post-title":"","ast-breadcrumbs-content":"","ast-featured-img":"","footer-sml-layout":"","theme-transparent-header-meta":"default","adv-header-id-meta":"","stick-header-meta":"","header-above-stick-meta":"","header-main-stick-meta":"","header-below-stick-meta":"","astra-migrate-meta-layouts":"","ast-page-background-enabled":"default","ast-page-background-meta":{"desktop":{"background-color":"var(--ast-global-color-4)","background-image":"","background-repeat":"repeat","background-position":"center center","background-size":"auto","background-attachment":"scroll","background-type":"","background-media":"","overlay-type":"","overlay-color":"","overlay-gradient":""},"tablet":{"background-color":"","background-image":"","background-repeat":"repeat","background-position":"center center","background-size":"auto","background-attachment":"scroll","background-type":"","background-media":"","overlay-type":"","overlay-color":"","overlay-gradient":""},"mobile":{"background-color":"","background-image":"","background-repeat":"repeat","background-position":"center center","background-size":"auto","background-attachment":"scroll","background-type":"","background-media":"","overlay-type":"","overlay-color":"","overlay-gradient":""}},"ast-content-background-meta":{"desktop":{"background-color":"var(--ast-global-color-5)","background-image":"","background-repeat":"repeat","background-position":"center center","background-size":"auto","background-attachment":"scroll","background-type":"","background-media":"","overlay-type":"","overlay-color":"","overlay-gradient":""},"tablet":{"background-color":"var(--ast-global-color-5)","background-image":"","background-repeat":"repeat","background-position":"center center","background-size":"auto","background-attachment":"scroll","background-type":"","background-media":"","overlay-type":"","overlay-color":"","overlay-gradient":""},"mobile":{"background-color":"var(--ast-global-color-5)","background-image":"","background-repeat":"repeat","background-position":"center center","background-size":"auto","background-attachment":"scroll","background-type":"","background-media":"","overlay-type":"","overlay-color":"","overlay-gradient":""}}},"product_cat":[425],"product_tag":[],"code":[435,436,437,438,439,440,441],"class_list":{"0":"post-4486","1":"product","2":"type-product","3":"status-publish","4":"has-post-thumbnail","6":"product_cat-ortodoncja","7":"code-09-107-350","8":"code-09-107-351","9":"code-09-107-352","10":"code-09-107-353","11":"code-09-107-361","12":"code-09-107-362","13":"code-09-107-363","14":"desktop-align-left","15":"tablet-align-left","16":"mobile-align-left","18":"first","19":"instock","20":"product-type-simple"},"acf":[],"yoast_head":"<!-- This site is optimized with the Yoast SEO plugin v21.9.1 - https:\/\/yoast.com\/wordpress\/plugins\/seo\/ -->\n<title>Zestaw \u0142y\u017cek wyciskowych perforowanych z rantem do szcz\u0119ki g\u00f3rnej i dolnej | clovedental.co<\/title>\n<meta name=\"robots\" content=\"index, follow, max-snippet:-1, max-image-preview:large, max-video-preview:-1\" \/>\n<link rel=\"canonical\" href=\"https:\/\/clovedental.co\/pl\/produkt\/zestaw-lyzek-wyciskowych-perforowanych-z-rantem-do-szczeki-gornej-i-dolnej\/\" \/>\n<meta property=\"og:locale\" content=\"pl_PL\" \/>\n<meta property=\"og:type\" content=\"article\" \/>\n<meta property=\"og:title\" content=\"Zestaw \u0142y\u017cek wyciskowych perforowanych z rantem do szcz\u0119ki g\u00f3rnej i dolnej | clovedental.co\" \/>\n<meta property=\"og:description\" content=\"\u0141y\u017cki wyciskowe, perforowane z rantem umo\u017cliwiaj\u0105 wykonywanie wycisk\u00f3w pozwalaj\u0105cych na odzwierciedlenie uz\u0119bienia pacjenta. S\u0105 jednym z podstawowych narz\u0119dzi wykorzystywanych w gabinetach stomatologicznych, ortodontycznych oraz implantologicznych. Dzi\u0119ki dobrze wykonanym wyciskom mo\u017cliwe jest rozpoznanie wady zgryzu czy zdobycie informacji dotycz\u0105cych ustawienia wzgl\u0119dem siebie wszystkich z\u0119b\u00f3w. Na podstawie wycisk\u00f3w opracowywane s\u0105 chocia\u017cby aparaty ortodontyczne, nak\u0142adki ortodontyczne, szyny relaksacyjne &hellip; Zestaw \u0142y\u017cek wyciskowych perforowanych z rantem do szcz\u0119ki g\u00f3rnej i dolnej Read More &raquo;\" \/>\n<meta property=\"og:url\" content=\"https:\/\/clovedental.co\/pl\/produkt\/zestaw-lyzek-wyciskowych-perforowanych-z-rantem-do-szczeki-gornej-i-dolnej\/\" \/>\n<meta property=\"og:site_name\" content=\"clovedental.co\" \/>\n<meta property=\"article:modified_time\" content=\"2024-01-10T08:44:06+00:00\" \/>\n<meta name=\"twitter:card\" content=\"summary_large_image\" \/>\n<meta name=\"twitter:label1\" content=\"Szacowany czas czytania\" \/>\n\t<meta name=\"twitter:data1\" content=\"1 minuta\" \/>\n<script type=\"application\/ld+json\" class=\"yoast-schema-graph\">{\"@context\":\"https:\/\/schema.org\",\"@graph\":[{\"@type\":\"WebPage\",\"@id\":\"https:\/\/clovedental.co\/pl\/produkt\/zestaw-lyzek-wyciskowych-perforowanych-z-rantem-do-szczeki-gornej-i-dolnej\/\",\"url\":\"https:\/\/clovedental.co\/pl\/produkt\/zestaw-lyzek-wyciskowych-perforowanych-z-rantem-do-szczeki-gornej-i-dolnej\/\",\"name\":\"Zestaw \u0142y\u017cek wyciskowych perforowanych z rantem do szcz\u0119ki g\u00f3rnej i dolnej | clovedental.co\",\"isPartOf\":{\"@id\":\"https:\/\/clovedental.co\/pl\/#website\"},\"datePublished\":\"2024-01-10T08:38:39+00:00\",\"dateModified\":\"2024-01-10T08:44:06+00:00\",\"breadcrumb\":{\"@id\":\"https:\/\/clovedental.co\/pl\/produkt\/zestaw-lyzek-wyciskowych-perforowanych-z-rantem-do-szczeki-gornej-i-dolnej\/#breadcrumb\"},\"inLanguage\":\"pl-PL\",\"potentialAction\":[{\"@type\":\"ReadAction\",\"target\":[\"https:\/\/clovedental.co\/pl\/produkt\/zestaw-lyzek-wyciskowych-perforowanych-z-rantem-do-szczeki-gornej-i-dolnej\/\"]}]},{\"@type\":\"BreadcrumbList\",\"@id\":\"https:\/\/clovedental.co\/pl\/produkt\/zestaw-lyzek-wyciskowych-perforowanych-z-rantem-do-szczeki-gornej-i-dolnej\/#breadcrumb\",\"itemListElement\":[{\"@type\":\"ListItem\",\"position\":1,\"name\":\"Strona g\u0142\u00f3wna\",\"item\":\"https:\/\/clovedental.co\/pl\/\"},{\"@type\":\"ListItem\",\"position\":2,\"name\":\"Sklep\",\"item\":\"https:\/\/clovedental.co\/products\/shop\/\"},{\"@type\":\"ListItem\",\"position\":3,\"name\":\"Zestaw \u0142y\u017cek wyciskowych perforowanych z rantem do szcz\u0119ki g\u00f3rnej i dolnej\"}]},{\"@type\":\"WebSite\",\"@id\":\"https:\/\/clovedental.co\/pl\/#website\",\"url\":\"https:\/\/clovedental.co\/pl\/\",\"name\":\"Manufacturer of Dental and Surgical Instruments\",\"description\":\"Details are the Key\",\"publisher\":{\"@id\":\"https:\/\/clovedental.co\/pl\/#organization\"},\"alternateName\":\"Dental and Surgical Instruments\",\"potentialAction\":[{\"@type\":\"SearchAction\",\"target\":{\"@type\":\"EntryPoint\",\"urlTemplate\":\"https:\/\/clovedental.co\/pl\/?s={search_term_string}\"},\"query-input\":\"required name=search_term_string\"}],\"inLanguage\":\"pl-PL\"},{\"@type\":\"Organization\",\"@id\":\"https:\/\/clovedental.co\/pl\/#organization\",\"name\":\"clovedental.co\",\"alternateName\":\"Clove\",\"url\":\"https:\/\/clovedental.co\/pl\/\",\"logo\":{\"@type\":\"ImageObject\",\"inLanguage\":\"pl-PL\",\"@id\":\"https:\/\/clovedental.co\/pl\/#\/schema\/logo\/image\/\",\"url\":\"https:\/\/clovedental.co\/wp-content\/uploads\/2023\/12\/LOGO_CLOVE.png\",\"contentUrl\":\"https:\/\/clovedental.co\/wp-content\/uploads\/2023\/12\/LOGO_CLOVE.png\",\"width\":1400,\"height\":1400,\"caption\":\"clovedental.co\"},\"image\":{\"@id\":\"https:\/\/clovedental.co\/pl\/#\/schema\/logo\/image\/\"}}]}<\/script>\n<!-- \/ Yoast SEO plugin. -->","yoast_head_json":{"title":"Zestaw \u0142y\u017cek wyciskowych perforowanych z rantem do szcz\u0119ki g\u00f3rnej i dolnej | clovedental.co","robots":{"index":"index","follow":"follow","max-snippet":"max-snippet:-1","max-image-preview":"max-image-preview:large","max-video-preview":"max-video-preview:-1"},"canonical":"https:\/\/clovedental.co\/pl\/produkt\/zestaw-lyzek-wyciskowych-perforowanych-z-rantem-do-szczeki-gornej-i-dolnej\/","og_locale":"pl_PL","og_type":"article","og_title":"Zestaw \u0142y\u017cek wyciskowych perforowanych z rantem do szcz\u0119ki g\u00f3rnej i dolnej | clovedental.co","og_description":"\u0141y\u017cki wyciskowe, perforowane z rantem umo\u017cliwiaj\u0105 wykonywanie wycisk\u00f3w pozwalaj\u0105cych na odzwierciedlenie uz\u0119bienia pacjenta. S\u0105 jednym z podstawowych narz\u0119dzi wykorzystywanych w gabinetach stomatologicznych, ortodontycznych oraz implantologicznych. Dzi\u0119ki dobrze wykonanym wyciskom mo\u017cliwe jest rozpoznanie wady zgryzu czy zdobycie informacji dotycz\u0105cych ustawienia wzgl\u0119dem siebie wszystkich z\u0119b\u00f3w. Na podstawie wycisk\u00f3w opracowywane s\u0105 chocia\u017cby aparaty ortodontyczne, nak\u0142adki ortodontyczne, szyny relaksacyjne &hellip; Zestaw \u0142y\u017cek wyciskowych perforowanych z rantem do szcz\u0119ki g\u00f3rnej i dolnej Read More &raquo;","og_url":"https:\/\/clovedental.co\/pl\/produkt\/zestaw-lyzek-wyciskowych-perforowanych-z-rantem-do-szczeki-gornej-i-dolnej\/","og_site_name":"clovedental.co","article_modified_time":"2024-01-10T08:44:06+00:00","twitter_card":"summary_large_image","twitter_misc":{"Szacowany czas czytania":"1 minuta"},"schema":{"@context":"https:\/\/schema.org","@graph":[{"@type":"WebPage","@id":"https:\/\/clovedental.co\/pl\/produkt\/zestaw-lyzek-wyciskowych-perforowanych-z-rantem-do-szczeki-gornej-i-dolnej\/","url":"https:\/\/clovedental.co\/pl\/produkt\/zestaw-lyzek-wyciskowych-perforowanych-z-rantem-do-szczeki-gornej-i-dolnej\/","name":"Zestaw \u0142y\u017cek wyciskowych perforowanych z rantem do szcz\u0119ki g\u00f3rnej i dolnej | clovedental.co","isPartOf":{"@id":"https:\/\/clovedental.co\/pl\/#website"},"datePublished":"2024-01-10T08:38:39+00:00","dateModified":"2024-01-10T08:44:06+00:00","breadcrumb":{"@id":"https:\/\/clovedental.co\/pl\/produkt\/zestaw-lyzek-wyciskowych-perforowanych-z-rantem-do-szczeki-gornej-i-dolnej\/#breadcrumb"},"inLanguage":"pl-PL","potentialAction":[{"@type":"ReadAction","target":["https:\/\/clovedental.co\/pl\/produkt\/zestaw-lyzek-wyciskowych-perforowanych-z-rantem-do-szczeki-gornej-i-dolnej\/"]}]},{"@type":"BreadcrumbList","@id":"https:\/\/clovedental.co\/pl\/produkt\/zestaw-lyzek-wyciskowych-perforowanych-z-rantem-do-szczeki-gornej-i-dolnej\/#breadcrumb","itemListElement":[{"@type":"ListItem","position":1,"name":"Strona g\u0142\u00f3wna","item":"https:\/\/clovedental.co\/pl\/"},{"@type":"ListItem","position":2,"name":"Sklep","item":"https:\/\/clovedental.co\/products\/shop\/"},{"@type":"ListItem","position":3,"name":"Zestaw \u0142y\u017cek wyciskowych perforowanych z rantem do szcz\u0119ki g\u00f3rnej i dolnej"}]},{"@type":"WebSite","@id":"https:\/\/clovedental.co\/pl\/#website","url":"https:\/\/clovedental.co\/pl\/","name":"Manufacturer of Dental and Surgical Instruments","description":"Details are the Key","publisher":{"@id":"https:\/\/clovedental.co\/pl\/#organization"},"alternateName":"Dental and Surgical Instruments","potentialAction":[{"@type":"SearchAction","target":{"@type":"EntryPoint","urlTemplate":"https:\/\/clovedental.co\/pl\/?s={search_term_string}"},"query-input":"required name=search_term_string"}],"inLanguage":"pl-PL"},{"@type":"Organization","@id":"https:\/\/clovedental.co\/pl\/#organization","name":"clovedental.co","alternateName":"Clove","url":"https:\/\/clovedental.co\/pl\/","logo":{"@type":"ImageObject","inLanguage":"pl-PL","@id":"https:\/\/clovedental.co\/pl\/#\/schema\/logo\/image\/","url":"https:\/\/clovedental.co\/wp-content\/uploads\/2023\/12\/LOGO_CLOVE.png","contentUrl":"https:\/\/clovedental.co\/wp-content\/uploads\/2023\/12\/LOGO_CLOVE.png","width":1400,"height":1400,"caption":"clovedental.co"},"image":{"@id":"https:\/\/clovedental.co\/pl\/#\/schema\/logo\/image\/"}}]}},"_links":{"self":[{"href":"https:\/\/clovedental.co\/pl\/wp-json\/wp\/v2\/product\/4486","targetHints":{"allow":["GET"]}}],"collection":[{"href":"https:\/\/clovedental.co\/pl\/wp-json\/wp\/v2\/product"}],"about":[{"href":"https:\/\/clovedental.co\/pl\/wp-json\/wp\/v2\/types\/product"}],"wp:featuredmedia":[{"embeddable":true,"href":"https:\/\/clovedental.co\/pl\/wp-json\/wp\/v2\/media\/5982"}],"wp:attachment":[{"href":"https:\/\/clovedental.co\/pl\/wp-json\/wp\/v2\/media?parent=4486"}],"wp:term":[{"taxonomy":"product_cat","embeddable":true,"href":"https:\/\/clovedental.co\/pl\/wp-json\/wp\/v2\/product_cat?post=4486"},{"taxonomy":"product_tag","embeddable":true,"href":"https:\/\/clovedental.co\/pl\/wp-json\/wp\/v2\/product_tag?post=4486"},{"taxonomy":"code","embeddable":true,"href":"https:\/\/clovedental.co\/pl\/wp-json\/wp\/v2\/code?post=4486"}],"curies":[{"name":"wp","href":"https:\/\/api.w.org\/{rel}","templated":true}]}}