{"id":4487,"date":"2024-01-10T08:38:39","date_gmt":"2024-01-10T08:38:39","guid":{"rendered":"https:\/\/clovedental.co\/product\/zestaw-lyzek-wyciskowych-pelnych-z-rantem-do-szczeki-gornej-i-dolnej\/"},"modified":"2024-01-10T08:44:06","modified_gmt":"2024-01-10T08:44:06","slug":"zestaw-lyzek-wyciskowych-pelnych-z-rantem-do-szczeki-gornej-i-dolnej","status":"publish","type":"product","link":"https:\/\/clovedental.co\/pl\/produkt\/zestaw-lyzek-wyciskowych-pelnych-z-rantem-do-szczeki-gornej-i-dolnej\/","title":{"rendered":"Zestaw \u0142y\u017cek wyciskowych pe\u0142nych z rantem do szcz\u0119ki g\u00f3rnej i dolnej"},"content":{"rendered":"<p><span style=\"font-family:arial, helvetica, sans-serif;font-size:10pt;\">\u0141y\u017cki wyciskowe s\u0105 jednym z podstawowych instrument\u00f3w wykorzystywanych w gabinetach ortodontycznych oraz protetycznych. Korzystanie z \u0142y\u017cek pe\u0142nych, z rantem pozwala na uzyskanie precyzyjnych wycisk\u00f3w. S\u0105 one jedn\u0105 z podstawowych metod <strong>diagnozowania wad zgryzu<\/strong> oraz \u017ar\u00f3d\u0142em <strong>informacji o po\u0142o\u017ceniu wzgl\u0119dem siebie ca\u0142ego uz\u0119bienia<\/strong> pacjenta. Na podstawie wykonanych odlew\u00f3w tworzone s\u0105 <strong>aparaty oraz nak\u0142adki ortodontyczne<\/strong>, <strong>szyny relaksacyjne czy szyny do wybielania<\/strong>. \u0141y\u017cki tego typu mog\u0105 by\u0107 wykorzystywane w przypadku pacjent\u00f3w z uz\u0119bieniem pe\u0142nym lub cz\u0119\u015bciowym jego brakiem. Zar\u00f3wno \u0142y\u017cki przeznaczone do szcz\u0119ki dolnej jak i g\u00f3rnej zosta\u0142y wyprofilowane w spos\u00f3b maj\u0105cy zapewni\u0107 pacjentowi jak najwi\u0119kszy komfort.<\/span><\/p>\n<p><\/br><\/p>\n<p><span style=\"font-family:arial, helvetica, sans-serif;font-size:10pt;\">Do produkcji \u0142y\u017cek wykorzystana zosta\u0142a bardzo wysokiej jako\u015bci japo\u0144ska stal nierdzewna zgodna z normami AISI 304. Odpowiednie w\u0142a\u015bciwo\u015bci wykorzystanego materia\u0142u pozwalaj\u0105 na proste czyszczenie oraz sterylizacje w autoklawie w temperaturze 134\u2070C.<\/span><\/p>\n<p><\/br><\/p>\n<h1><span style=\"font-family:arial, helvetica, sans-serif;font-size:10pt;\">Parametry \u0142y\u017cek wyciskowych z rantem<\/span><\/h1>\n<p><\/br><\/p>\n<ul><\/br><\/p>\n<li><span style=\"font-family:arial, helvetica, sans-serif;font-size:10pt;\">Typ: \u0142y\u017cka wyciskowa pe\u0142na, z rantem<\/span><\/li>\n<p><\/br><\/p>\n<li><span style=\"font-family:arial, helvetica, sans-serif;font-size:10pt;\">Przeznaczenie: wyciski szcz\u0119ki g\u00f3rnej i dolnej<\/span><\/li>\n<p><\/br><\/p>\n<li><span style=\"font-family:arial, helvetica, sans-serif;font-size:10pt;\">Dost\u0119pne rozmiary (szeroko\u015b\u0107 \/ d\u0142ugo\u015b\u0107):<\/span><\/li>\n<p><\/br><\/ul>\n<p><\/br><\/p>\n<table style=\"width:350px;border:1px solid;margin-left:auto;margin-right:auto;\"><\/br><\/p>\n<tbody><\/br><\/p>\n<tr style=\"height:18px;\"><\/br><\/p>\n<td style=\"width:90px;text-align:center;border:1px solid;height:18px;\"><span style=\"font-family:arial, helvetica, sans-serif;font-size:10pt;\">\u00a0<\/span><\/td>\n<p><\/br><\/p>\n<td style=\"width:106.262px;text-align:center;border:1px solid;height:18px;\"><span style=\"font-family:arial, helvetica, sans-serif;font-size:10pt;\"><strong>G\u00f3ra (szer.\/d\u0142.)<\/strong><\/span><\/td>\n<p><\/br><\/p>\n<td style=\"width:129.738px;text-align:center;border:1px solid;height:18px;\"><span style=\"font-family:arial, helvetica, sans-serif;font-size:10pt;\"><strong>D\u00f3\u0142\u00a0(szer.\/d\u0142.)<\/strong><\/span><\/td>\n<p><\/br><\/tr>\n<p><\/br><\/p>\n<tr style=\"height:18.9px;\"><\/br><\/p>\n<td style=\"width:90px;text-align:center;border:1px solid;height:18.9px;\"><span style=\"font-family:arial, helvetica, sans-serif;font-size:10pt;\"><strong>Ma\u0142y (S)<\/strong><\/span><\/td>\n<p><\/br><\/p>\n<td style=\"width:106.262px;text-align:center;border:1px solid;height:18.9px;\"><span style=\"font-family:arial, helvetica, sans-serif;font-size:10pt;\">70 \/ 60 mm<\/span><\/td>\n<p><\/br><\/p>\n<td style=\"width:129.738px;text-align:center;border:1px solid;height:18.9px;\"><span style=\"font-family:arial, helvetica, sans-serif;font-size:10pt;\">70 \/ 60 mm<\/span><\/td>\n<p><\/br><\/tr>\n<p><\/br><\/p>\n<tr style=\"height:18px;\"><\/br><\/p>\n<td style=\"width:90px;text-align:center;border:1px solid;height:18px;\"><span style=\"font-family:arial, helvetica, sans-serif;font-size:10pt;\"><strong>\u015aredni (M)<\/strong><\/span><\/td>\n<p><\/br><\/p>\n<td style=\"width:106.262px;text-align:center;border:1px solid;height:18px;\"><span style=\"font-family:arial, helvetica, sans-serif;font-size:10pt;\">75 \/ 60 mm<\/span><\/td>\n<p><\/br><\/p>\n<td style=\"width:129.738px;text-align:center;border:1px solid;height:18px;\"><span style=\"font-family:arial, helvetica, sans-serif;font-size:10pt;\">75 \/ 60 mm<\/span><\/td>\n<p><\/br><\/tr>\n<p><\/br><\/p>\n<tr style=\"height:18px;\"><\/br><\/p>\n<td style=\"width:90px;text-align:center;border:1px solid;height:18px;\"><span style=\"font-family:arial, helvetica, sans-serif;font-size:10pt;\"><strong>Du\u017cy (L)<\/strong><\/span><\/td>\n<p><\/br><\/p>\n<td style=\"width:106.262px;text-align:center;border:1px solid;height:18px;\"><span style=\"font-family:arial, helvetica, sans-serif;font-size:10pt;\">80 \/ 60 mm<\/span><\/td>\n<p><\/br><\/p>\n<td style=\"width:129.738px;text-align:center;border:1px solid;height:18px;\"><span style=\"font-family:arial, helvetica, sans-serif;font-size:10pt;\">80 \/ 60 mm<\/span><\/td>\n<p><\/br><\/tr>\n<p><\/br><\/tbody>\n<p><\/br><\/table>\n<p><\/br><\/p>\n<ul style=\"list-style-type:disc;\"><\/br><\/p>\n<li><span style=\"font-family:arial, helvetica, sans-serif;font-size:10pt;\">Japo\u0144ska\u00a0stal nierdzewna (AISI 304)<\/span><\/li>\n<p><\/br><\/p>\n<li><span style=\"font-family:arial, helvetica, sans-serif;font-size:10pt;\">Produkt niesterylny<\/span><\/li>\n<p><\/br><\/p>\n<li><span style=\"font-family:arial, helvetica, sans-serif;font-size:10pt;\">Produkt wielokrotnego u\u017cytku<\/span><\/li>\n<p><\/br><\/ul>\n<p><\/br><\/p>\n<h2><span style=\"font-family:arial, helvetica, sans-serif;font-size:10pt;\">Zalety wykorzystania \u0142y\u017cek wyciskowych pe\u0142nych z rantem\u00a0<\/span><\/h2>\n<p><\/br><\/p>\n<ul style=\"list-style-type:disc;\"><\/br><\/p>\n<li><span style=\"font-family:arial, helvetica, sans-serif;font-size:10pt;\">Odpowiednie wyprofilowanie \u0142y\u017cek pozwala na u\u017cytkowanie ich w spos\u00f3b komfortowy zar\u00f3wno dla osoby przeprowadzaj\u0105cej zabieg jak i dla pacjenta<\/span><\/li>\n<p><\/br><\/p>\n<li><span style=\"font-family:arial, helvetica, sans-serif;font-size:10pt;\">Wykorzystanie wysokiej jako\u015bci stali nierdzewnej zgodnej ze standardami AISI 304 jest gwarantem d\u0142ugotrwa\u0142o\u015bci i umo\u017cliwia wielokrotn\u0105 sterylizacje<\/span><\/li>\n<p><\/br><\/p>\n<li><span style=\"font-family:arial, helvetica, sans-serif;font-size:10pt;\">Wysoka jako\u015b\u0107 wyko\u0144czenia \u0142y\u017cek jest gwarantem precyzji wykonywanych wycisk\u00f3w<\/span><\/li>\n<p><\/br><\/p>\n<li><span style=\"font-family:arial, helvetica, sans-serif;font-size:10pt;\">Szeroka gama rozmiar\u00f3w umo\u017cliwia dopasowanie \u0142y\u017cki do potrzeb konkretnego pacjenta<\/span><\/li>\n<p><\/br><\/ul>\n<p><\/br><\/p>\n<p><span style=\"font-family:arial, helvetica, sans-serif;font-size:10pt;\">Produkt posiada certyfikaty FDA, CE, ISO 9001 oraz ISO 13485.<\/span><\/p>\n","protected":false},"excerpt":{"rendered":"<p>\u0141y\u017cki wyciskowe s\u0105 jednym z podstawowych instrument\u00f3w wykorzystywanych w gabinetach ortodontycznych oraz protetycznych. Korzystanie z \u0142y\u017cek pe\u0142nych, z rantem pozwala na uzyskanie precyzyjnych wycisk\u00f3w. S\u0105 one jedn\u0105 z podstawowych metod diagnozowania wad zgryzu oraz \u017ar\u00f3d\u0142em informacji o po\u0142o\u017ceniu wzgl\u0119dem siebie ca\u0142ego uz\u0119bienia pacjenta. Na podstawie wykonanych odlew\u00f3w tworzone s\u0105 aparaty oraz nak\u0142adki ortodontyczne, szyny relaksacyjne &hellip;<\/p>\n<p class=\"read-more\"> <a class=\"\" href=\"https:\/\/clovedental.co\/pl\/produkt\/zestaw-lyzek-wyciskowych-pelnych-z-rantem-do-szczeki-gornej-i-dolnej\/\"> <span class=\"screen-reader-text\">Zestaw \u0142y\u017cek wyciskowych pe\u0142nych z rantem do szcz\u0119ki g\u00f3rnej i dolnej<\/span> Read More &raquo;<\/a><\/p>\n","protected":false},"featured_media":5984,"template":"","meta":{"site-sidebar-layout":"default","site-content-layout":"","ast-site-content-layout":"default","site-content-style":"default","site-sidebar-style":"default","ast-global-header-display":"","ast-banner-title-visibility":"","ast-main-header-display":"","ast-hfb-above-header-display":"","ast-hfb-below-header-display":"","ast-hfb-mobile-header-display":"","site-post-title":"","ast-breadcrumbs-content":"","ast-featured-img":"","footer-sml-layout":"","theme-transparent-header-meta":"default","adv-header-id-meta":"","stick-header-meta":"","header-above-stick-meta":"","header-main-stick-meta":"","header-below-stick-meta":"","astra-migrate-meta-layouts":"","ast-page-background-enabled":"default","ast-page-background-meta":{"desktop":{"background-color":"var(--ast-global-color-4)","background-image":"","background-repeat":"repeat","background-position":"center center","background-size":"auto","background-attachment":"scroll","background-type":"","background-media":"","overlay-type":"","overlay-color":"","overlay-gradient":""},"tablet":{"background-color":"","background-image":"","background-repeat":"repeat","background-position":"center center","background-size":"auto","background-attachment":"scroll","background-type":"","background-media":"","overlay-type":"","overlay-color":"","overlay-gradient":""},"mobile":{"background-color":"","background-image":"","background-repeat":"repeat","background-position":"center center","background-size":"auto","background-attachment":"scroll","background-type":"","background-media":"","overlay-type":"","overlay-color":"","overlay-gradient":""}},"ast-content-background-meta":{"desktop":{"background-color":"var(--ast-global-color-5)","background-image":"","background-repeat":"repeat","background-position":"center center","background-size":"auto","background-attachment":"scroll","background-type":"","background-media":"","overlay-type":"","overlay-color":"","overlay-gradient":""},"tablet":{"background-color":"var(--ast-global-color-5)","background-image":"","background-repeat":"repeat","background-position":"center center","background-size":"auto","background-attachment":"scroll","background-type":"","background-media":"","overlay-type":"","overlay-color":"","overlay-gradient":""},"mobile":{"background-color":"var(--ast-global-color-5)","background-image":"","background-repeat":"repeat","background-position":"center center","background-size":"auto","background-attachment":"scroll","background-type":"","background-media":"","overlay-type":"","overlay-color":"","overlay-gradient":""}}},"product_cat":[425],"product_tag":[],"code":[345],"class_list":{"0":"post-4487","1":"product","2":"type-product","3":"status-publish","4":"has-post-thumbnail","6":"product_cat-ortodoncja","7":"code-09-107-370-09-107-371-09-107-372-09-107-373-09-107-381-09-107-382-09-107-383","8":"desktop-align-left","9":"tablet-align-left","10":"mobile-align-left","12":"first","13":"instock","14":"product-type-simple"},"acf":[],"yoast_head":"<!-- This site is optimized with the Yoast SEO plugin v21.9.1 - https:\/\/yoast.com\/wordpress\/plugins\/seo\/ -->\n<title>Zestaw \u0142y\u017cek wyciskowych pe\u0142nych z rantem do szcz\u0119ki g\u00f3rnej i dolnej | clovedental.co<\/title>\n<meta name=\"robots\" content=\"index, follow, max-snippet:-1, max-image-preview:large, max-video-preview:-1\" \/>\n<link rel=\"canonical\" href=\"https:\/\/clovedental.co\/pl\/produkt\/zestaw-lyzek-wyciskowych-pelnych-z-rantem-do-szczeki-gornej-i-dolnej\/\" \/>\n<meta property=\"og:locale\" content=\"pl_PL\" \/>\n<meta property=\"og:type\" content=\"article\" \/>\n<meta property=\"og:title\" content=\"Zestaw \u0142y\u017cek wyciskowych pe\u0142nych z rantem do szcz\u0119ki g\u00f3rnej i dolnej | clovedental.co\" \/>\n<meta property=\"og:description\" content=\"\u0141y\u017cki wyciskowe s\u0105 jednym z podstawowych instrument\u00f3w wykorzystywanych w gabinetach ortodontycznych oraz protetycznych. Korzystanie z \u0142y\u017cek pe\u0142nych, z rantem pozwala na uzyskanie precyzyjnych wycisk\u00f3w. S\u0105 one jedn\u0105 z podstawowych metod diagnozowania wad zgryzu oraz \u017ar\u00f3d\u0142em informacji o po\u0142o\u017ceniu wzgl\u0119dem siebie ca\u0142ego uz\u0119bienia pacjenta. Na podstawie wykonanych odlew\u00f3w tworzone s\u0105 aparaty oraz nak\u0142adki ortodontyczne, szyny relaksacyjne &hellip; Zestaw \u0142y\u017cek wyciskowych pe\u0142nych z rantem do szcz\u0119ki g\u00f3rnej i dolnej Read More &raquo;\" \/>\n<meta property=\"og:url\" content=\"https:\/\/clovedental.co\/pl\/produkt\/zestaw-lyzek-wyciskowych-pelnych-z-rantem-do-szczeki-gornej-i-dolnej\/\" \/>\n<meta property=\"og:site_name\" content=\"clovedental.co\" \/>\n<meta property=\"article:modified_time\" content=\"2024-01-10T08:44:06+00:00\" \/>\n<meta name=\"twitter:card\" content=\"summary_large_image\" \/>\n<meta name=\"twitter:label1\" content=\"Szacowany czas czytania\" \/>\n\t<meta name=\"twitter:data1\" content=\"1 minuta\" \/>\n<script type=\"application\/ld+json\" class=\"yoast-schema-graph\">{\"@context\":\"https:\/\/schema.org\",\"@graph\":[{\"@type\":\"WebPage\",\"@id\":\"https:\/\/clovedental.co\/pl\/produkt\/zestaw-lyzek-wyciskowych-pelnych-z-rantem-do-szczeki-gornej-i-dolnej\/\",\"url\":\"https:\/\/clovedental.co\/pl\/produkt\/zestaw-lyzek-wyciskowych-pelnych-z-rantem-do-szczeki-gornej-i-dolnej\/\",\"name\":\"Zestaw \u0142y\u017cek wyciskowych pe\u0142nych z rantem do szcz\u0119ki g\u00f3rnej i dolnej | clovedental.co\",\"isPartOf\":{\"@id\":\"https:\/\/clovedental.co\/pl\/#website\"},\"datePublished\":\"2024-01-10T08:38:39+00:00\",\"dateModified\":\"2024-01-10T08:44:06+00:00\",\"breadcrumb\":{\"@id\":\"https:\/\/clovedental.co\/pl\/produkt\/zestaw-lyzek-wyciskowych-pelnych-z-rantem-do-szczeki-gornej-i-dolnej\/#breadcrumb\"},\"inLanguage\":\"pl-PL\",\"potentialAction\":[{\"@type\":\"ReadAction\",\"target\":[\"https:\/\/clovedental.co\/pl\/produkt\/zestaw-lyzek-wyciskowych-pelnych-z-rantem-do-szczeki-gornej-i-dolnej\/\"]}]},{\"@type\":\"BreadcrumbList\",\"@id\":\"https:\/\/clovedental.co\/pl\/produkt\/zestaw-lyzek-wyciskowych-pelnych-z-rantem-do-szczeki-gornej-i-dolnej\/#breadcrumb\",\"itemListElement\":[{\"@type\":\"ListItem\",\"position\":1,\"name\":\"Strona g\u0142\u00f3wna\",\"item\":\"https:\/\/clovedental.co\/pl\/\"},{\"@type\":\"ListItem\",\"position\":2,\"name\":\"Sklep\",\"item\":\"https:\/\/clovedental.co\/products\/shop\/\"},{\"@type\":\"ListItem\",\"position\":3,\"name\":\"Zestaw \u0142y\u017cek wyciskowych pe\u0142nych z rantem do szcz\u0119ki g\u00f3rnej i dolnej\"}]},{\"@type\":\"WebSite\",\"@id\":\"https:\/\/clovedental.co\/pl\/#website\",\"url\":\"https:\/\/clovedental.co\/pl\/\",\"name\":\"Manufacturer of Dental and Surgical Instruments\",\"description\":\"Details are the Key\",\"publisher\":{\"@id\":\"https:\/\/clovedental.co\/pl\/#organization\"},\"alternateName\":\"Dental and Surgical Instruments\",\"potentialAction\":[{\"@type\":\"SearchAction\",\"target\":{\"@type\":\"EntryPoint\",\"urlTemplate\":\"https:\/\/clovedental.co\/pl\/?s={search_term_string}\"},\"query-input\":\"required name=search_term_string\"}],\"inLanguage\":\"pl-PL\"},{\"@type\":\"Organization\",\"@id\":\"https:\/\/clovedental.co\/pl\/#organization\",\"name\":\"clovedental.co\",\"alternateName\":\"Clove\",\"url\":\"https:\/\/clovedental.co\/pl\/\",\"logo\":{\"@type\":\"ImageObject\",\"inLanguage\":\"pl-PL\",\"@id\":\"https:\/\/clovedental.co\/pl\/#\/schema\/logo\/image\/\",\"url\":\"https:\/\/clovedental.co\/wp-content\/uploads\/2023\/12\/LOGO_CLOVE.png\",\"contentUrl\":\"https:\/\/clovedental.co\/wp-content\/uploads\/2023\/12\/LOGO_CLOVE.png\",\"width\":1400,\"height\":1400,\"caption\":\"clovedental.co\"},\"image\":{\"@id\":\"https:\/\/clovedental.co\/pl\/#\/schema\/logo\/image\/\"}}]}<\/script>\n<!-- \/ Yoast SEO plugin. -->","yoast_head_json":{"title":"Zestaw \u0142y\u017cek wyciskowych pe\u0142nych z rantem do szcz\u0119ki g\u00f3rnej i dolnej | clovedental.co","robots":{"index":"index","follow":"follow","max-snippet":"max-snippet:-1","max-image-preview":"max-image-preview:large","max-video-preview":"max-video-preview:-1"},"canonical":"https:\/\/clovedental.co\/pl\/produkt\/zestaw-lyzek-wyciskowych-pelnych-z-rantem-do-szczeki-gornej-i-dolnej\/","og_locale":"pl_PL","og_type":"article","og_title":"Zestaw \u0142y\u017cek wyciskowych pe\u0142nych z rantem do szcz\u0119ki g\u00f3rnej i dolnej | clovedental.co","og_description":"\u0141y\u017cki wyciskowe s\u0105 jednym z podstawowych instrument\u00f3w wykorzystywanych w gabinetach ortodontycznych oraz protetycznych. Korzystanie z \u0142y\u017cek pe\u0142nych, z rantem pozwala na uzyskanie precyzyjnych wycisk\u00f3w. S\u0105 one jedn\u0105 z podstawowych metod diagnozowania wad zgryzu oraz \u017ar\u00f3d\u0142em informacji o po\u0142o\u017ceniu wzgl\u0119dem siebie ca\u0142ego uz\u0119bienia pacjenta. Na podstawie wykonanych odlew\u00f3w tworzone s\u0105 aparaty oraz nak\u0142adki ortodontyczne, szyny relaksacyjne &hellip; Zestaw \u0142y\u017cek wyciskowych pe\u0142nych z rantem do szcz\u0119ki g\u00f3rnej i dolnej Read More &raquo;","og_url":"https:\/\/clovedental.co\/pl\/produkt\/zestaw-lyzek-wyciskowych-pelnych-z-rantem-do-szczeki-gornej-i-dolnej\/","og_site_name":"clovedental.co","article_modified_time":"2024-01-10T08:44:06+00:00","twitter_card":"summary_large_image","twitter_misc":{"Szacowany czas czytania":"1 minuta"},"schema":{"@context":"https:\/\/schema.org","@graph":[{"@type":"WebPage","@id":"https:\/\/clovedental.co\/pl\/produkt\/zestaw-lyzek-wyciskowych-pelnych-z-rantem-do-szczeki-gornej-i-dolnej\/","url":"https:\/\/clovedental.co\/pl\/produkt\/zestaw-lyzek-wyciskowych-pelnych-z-rantem-do-szczeki-gornej-i-dolnej\/","name":"Zestaw \u0142y\u017cek wyciskowych pe\u0142nych z rantem do szcz\u0119ki g\u00f3rnej i dolnej | clovedental.co","isPartOf":{"@id":"https:\/\/clovedental.co\/pl\/#website"},"datePublished":"2024-01-10T08:38:39+00:00","dateModified":"2024-01-10T08:44:06+00:00","breadcrumb":{"@id":"https:\/\/clovedental.co\/pl\/produkt\/zestaw-lyzek-wyciskowych-pelnych-z-rantem-do-szczeki-gornej-i-dolnej\/#breadcrumb"},"inLanguage":"pl-PL","potentialAction":[{"@type":"ReadAction","target":["https:\/\/clovedental.co\/pl\/produkt\/zestaw-lyzek-wyciskowych-pelnych-z-rantem-do-szczeki-gornej-i-dolnej\/"]}]},{"@type":"BreadcrumbList","@id":"https:\/\/clovedental.co\/pl\/produkt\/zestaw-lyzek-wyciskowych-pelnych-z-rantem-do-szczeki-gornej-i-dolnej\/#breadcrumb","itemListElement":[{"@type":"ListItem","position":1,"name":"Strona g\u0142\u00f3wna","item":"https:\/\/clovedental.co\/pl\/"},{"@type":"ListItem","position":2,"name":"Sklep","item":"https:\/\/clovedental.co\/products\/shop\/"},{"@type":"ListItem","position":3,"name":"Zestaw \u0142y\u017cek wyciskowych pe\u0142nych z rantem do szcz\u0119ki g\u00f3rnej i dolnej"}]},{"@type":"WebSite","@id":"https:\/\/clovedental.co\/pl\/#website","url":"https:\/\/clovedental.co\/pl\/","name":"Manufacturer of Dental and Surgical Instruments","description":"Details are the Key","publisher":{"@id":"https:\/\/clovedental.co\/pl\/#organization"},"alternateName":"Dental and Surgical Instruments","potentialAction":[{"@type":"SearchAction","target":{"@type":"EntryPoint","urlTemplate":"https:\/\/clovedental.co\/pl\/?s={search_term_string}"},"query-input":"required name=search_term_string"}],"inLanguage":"pl-PL"},{"@type":"Organization","@id":"https:\/\/clovedental.co\/pl\/#organization","name":"clovedental.co","alternateName":"Clove","url":"https:\/\/clovedental.co\/pl\/","logo":{"@type":"ImageObject","inLanguage":"pl-PL","@id":"https:\/\/clovedental.co\/pl\/#\/schema\/logo\/image\/","url":"https:\/\/clovedental.co\/wp-content\/uploads\/2023\/12\/LOGO_CLOVE.png","contentUrl":"https:\/\/clovedental.co\/wp-content\/uploads\/2023\/12\/LOGO_CLOVE.png","width":1400,"height":1400,"caption":"clovedental.co"},"image":{"@id":"https:\/\/clovedental.co\/pl\/#\/schema\/logo\/image\/"}}]}},"_links":{"self":[{"href":"https:\/\/clovedental.co\/pl\/wp-json\/wp\/v2\/product\/4487","targetHints":{"allow":["GET"]}}],"collection":[{"href":"https:\/\/clovedental.co\/pl\/wp-json\/wp\/v2\/product"}],"about":[{"href":"https:\/\/clovedental.co\/pl\/wp-json\/wp\/v2\/types\/product"}],"wp:featuredmedia":[{"embeddable":true,"href":"https:\/\/clovedental.co\/pl\/wp-json\/wp\/v2\/media\/5984"}],"wp:attachment":[{"href":"https:\/\/clovedental.co\/pl\/wp-json\/wp\/v2\/media?parent=4487"}],"wp:term":[{"taxonomy":"product_cat","embeddable":true,"href":"https:\/\/clovedental.co\/pl\/wp-json\/wp\/v2\/product_cat?post=4487"},{"taxonomy":"product_tag","embeddable":true,"href":"https:\/\/clovedental.co\/pl\/wp-json\/wp\/v2\/product_tag?post=4487"},{"taxonomy":"code","embeddable":true,"href":"https:\/\/clovedental.co\/pl\/wp-json\/wp\/v2\/code?post=4487"}],"curies":[{"name":"wp","href":"https:\/\/api.w.org\/{rel}","templated":true}]}}