{"id":4488,"date":"2024-01-10T08:38:39","date_gmt":"2024-01-10T08:38:39","guid":{"rendered":"https:\/\/clovedental.co\/product\/zestaw-lyzek-wyciskowych-perforowanych-do-bezzebia-szczeki-gornej-i-dolnej\/"},"modified":"2024-01-10T08:44:07","modified_gmt":"2024-01-10T08:44:07","slug":"zestaw-lyzek-wyciskowych-perforowanych-do-bezzebia-szczeki-gornej-i-dolnej","status":"publish","type":"product","link":"https:\/\/clovedental.co\/pl\/produkt\/zestaw-lyzek-wyciskowych-perforowanych-do-bezzebia-szczeki-gornej-i-dolnej\/","title":{"rendered":"Zestaw \u0142y\u017cek wyciskowych perforowanych do bezz\u0119bia szcz\u0119ki g\u00f3rnej i dolnej"},"content":{"rendered":"<p><span style=\"font-family:arial, helvetica, sans-serif;font-size:10pt;\"><span style=\"text-decoration:underline;\">Metalowe \u0142y\u017cki wyciskowe perforowane<\/span> to jedne z podstawowych instrument\u00f3w wykorzystywanych w gabinetach ortodontycznych oraz protetycznych. Pozwalaj\u0105 na uzyskanie dok\u0142adnego odbicia szcz\u0119ki pacjenta na podstawie kt\u00f3rego powstaje model gipsowy b\u0119d\u0105cy podstaw\u0105 do stworzenia aparat\u00f3w ortodontycznych, szyn relaksacyjnych czy protez. \u0141y\u017cka charakteryzuje si\u0119 niskim korytem oraz brzegami i przeznaczona jest dla pacjent\u00f3w z brakiem z\u0119b\u00f3w. \u0141y\u017cki do szcz\u0119ki dolnej charakteryzuj\u0105 si\u0119 wyci\u0119ciem na j\u0119zyk zapewniaj\u0105cym komfort podczas wykonywania wycisk\u00f3w.<\/span><\/p>\n<p><\/br><\/p>\n<p><span style=\"font-family:arial, helvetica, sans-serif;font-size:10pt;\">Produkt wykonany jest z bardzo wysokiej jako\u015bci japo\u0144skiej stali nierdzewnej zgodnej z normami AISI 304. Wysoka jako\u015b\u0107 wyko\u0144czenia zapewnia nie tylko d\u0142ugotrwa\u0142o\u015b\u0107, ale r\u00f3wnie\u017c \u0142atwo\u015b\u0107 czyszczenia i mo\u017cliwo\u015b\u0107 sterylizacji \u0142y\u017cek w autoklawach w temperaturze 134\u2070C.<\/span><\/p>\n<p><\/br><\/p>\n<h1><span style=\"font-family:arial, helvetica, sans-serif;font-size:10pt;\">Parametry metalowych \u0142y\u017cek wyciskowych do bezz\u0119bia<\/span><\/h1>\n<p><\/br><\/p>\n<ul><\/br><\/p>\n<li><span style=\"font-family:arial, helvetica, sans-serif;font-size:10pt;\">Typ: \u0142y\u017cki wyciskowe perforowane z otworami, do bezz\u0119bia<\/span><\/li>\n<p><\/br><\/p>\n<li><span style=\"font-family:arial, helvetica, sans-serif;font-size:10pt;\">Przeznaczenie: wykonywanie wycisk\u00f3w szcz\u0119ki g\u00f3rnej oraz dolnej<\/span><\/li>\n<p><\/br><\/p>\n<li><span style=\"font-family:arial, helvetica, sans-serif;font-size:10pt;\">Dost\u0119pne rozmiary (szeroko\u015b\u0107 \/ d\u0142ugo\u015b\u0107):<\/span><\/li>\n<p><\/br><\/ul>\n<p><\/br><\/p>\n<table style=\"width:350px;border:1px solid;margin-left:auto;margin-right:auto;\"><\/br><\/p>\n<tbody><\/br><\/p>\n<tr><\/br><\/p>\n<td style=\"width:90px;text-align:center;border:1px solid;\"><span style=\"font-family:arial, helvetica, sans-serif;font-size:10pt;\">\u00a0<\/span><\/td>\n<p><\/br><\/p>\n<td style=\"width:106.262px;text-align:center;border:1px solid;\"><span style=\"font-family:arial, helvetica, sans-serif;font-size:10pt;\"><strong>G\u00f3ra (szer.\/d\u0142.)<\/strong><\/span><\/td>\n<p><\/br><\/p>\n<td style=\"width:129.738px;text-align:center;border:1px solid;\"><span style=\"font-family:arial, helvetica, sans-serif;font-size:10pt;\"><strong>D\u00f3\u0142\u00a0(szer.\/d\u0142.)<\/strong><\/span><\/td>\n<p><\/br><\/tr>\n<p><\/br><\/p>\n<tr><\/br><\/p>\n<td style=\"width:90px;text-align:center;border:1px solid;\"><span style=\"font-family:arial, helvetica, sans-serif;font-size:10pt;\"><strong>Ma\u0142y (S)<\/strong><\/span><\/td>\n<p><\/br><\/p>\n<td style=\"width:106.262px;text-align:center;border:1px solid;\"><span style=\"font-family:arial, helvetica, sans-serif;font-size:10pt;\">65 \/ 60 mm<\/span><\/td>\n<p><\/br><\/p>\n<td style=\"width:129.738px;text-align:center;border:1px solid;\"><span style=\"font-family:arial, helvetica, sans-serif;font-size:10pt;\">60 \/ 55 mm<\/span><\/td>\n<p><\/br><\/tr>\n<p><\/br><\/p>\n<tr><\/br><\/p>\n<td style=\"width:90px;text-align:center;border:1px solid;\"><span style=\"font-family:arial, helvetica, sans-serif;font-size:10pt;\"><strong>\u015aredni (M)<\/strong><\/span><\/td>\n<p><\/br><\/p>\n<td style=\"width:106.262px;text-align:center;border:1px solid;\"><span style=\"font-family:arial, helvetica, sans-serif;font-size:10pt;\">70 \/ 60 mm<\/span><\/td>\n<p><\/br><\/p>\n<td style=\"width:129.738px;text-align:center;border:1px solid;\"><span style=\"font-family:arial, helvetica, sans-serif;font-size:10pt;\">65 \/ 55 mm<\/span><\/td>\n<p><\/br><\/tr>\n<p><\/br><\/p>\n<tr><\/br><\/p>\n<td style=\"width:90px;text-align:center;border:1px solid;\"><span style=\"font-family:arial, helvetica, sans-serif;font-size:10pt;\"><strong>Du\u017cy (L)<\/strong><\/span><\/td>\n<p><\/br><\/p>\n<td style=\"width:106.262px;text-align:center;border:1px solid;\"><span style=\"font-family:arial, helvetica, sans-serif;font-size:10pt;\">75 \/ 60 mm<\/span><\/td>\n<p><\/br><\/p>\n<td style=\"width:129.738px;text-align:center;border:1px solid;\"><span style=\"font-family:arial, helvetica, sans-serif;font-size:10pt;\">70 \/ 55 mm<\/span><\/td>\n<p><\/br><\/tr>\n<p><\/br><\/tbody>\n<p><\/br><\/table>\n<p><\/br><\/p>\n<ul><\/br><\/p>\n<li><span style=\"font-family:arial, helvetica, sans-serif;font-size:10pt;\">Japo\u0144ska stal nierdzewna (AISI 304)<\/span><\/li>\n<p><\/br><\/p>\n<li><span style=\"font-family:arial, helvetica, sans-serif;font-size:10pt;\">Produkt wielorazowego u\u017cytku<\/span><\/li>\n<p><\/br><\/p>\n<li><span style=\"font-family:arial, helvetica, sans-serif;font-size:10pt;\">Produkt niesterylny<\/span><\/li>\n<p><\/br><\/ul>\n<p><\/br><\/p>\n<h2><span style=\"font-family:arial, helvetica, sans-serif;font-size:10pt;\">Zalety wykorzystania \u0142y\u017cek wyciskowych perforowanych<\/span><\/h2>\n<p><\/br><\/p>\n<ul style=\"list-style-type:disc;\"><\/br><\/p>\n<li><span style=\"font-family:arial, helvetica, sans-serif;font-size:10pt;\">Odpowiednie wyprofilowanie \u0142y\u017cek gwarantuje komfort zar\u00f3wno dla osoby pobieraj\u0105cej wycisk jak i samego pacjenta<\/span><\/li>\n<p><\/br><\/p>\n<li><span style=\"font-family:arial, helvetica, sans-serif;font-size:10pt;\">Wykorzystanie wysokiej jako\u015bci stali nierdzewnej zapewnia d\u0142ugotrwa\u0142o\u015b\u0107 i mo\u017cliwo\u015b\u0107 wielokrotnej sterylizacji<\/span><\/li>\n<p><\/br><\/p>\n<li><span style=\"font-family:arial, helvetica, sans-serif;font-size:10pt;\">Szeroki wyb\u00f3r rozmiar\u00f3w pozwala na dopasowanie odpowiedniej \u0142y\u017cki do konkretnego przypadku<\/span><\/li>\n<p><\/br><\/ul>\n<p><\/br><\/p>\n<p><span style=\"font-family:arial, helvetica, sans-serif;font-size:10pt;\">Produkt posiada certyfikaty CE, FDA, ISO 9001 oraz ISO 13485.<\/span><\/p>\n","protected":false},"excerpt":{"rendered":"<p>Metalowe \u0142y\u017cki wyciskowe perforowane to jedne z podstawowych instrument\u00f3w wykorzystywanych w gabinetach ortodontycznych oraz protetycznych. Pozwalaj\u0105 na uzyskanie dok\u0142adnego odbicia szcz\u0119ki pacjenta na podstawie kt\u00f3rego powstaje model gipsowy b\u0119d\u0105cy podstaw\u0105 do stworzenia aparat\u00f3w ortodontycznych, szyn relaksacyjnych czy protez. \u0141y\u017cka charakteryzuje si\u0119 niskim korytem oraz brzegami i przeznaczona jest dla pacjent\u00f3w z brakiem z\u0119b\u00f3w. \u0141y\u017cki do &hellip;<\/p>\n<p class=\"read-more\"> <a class=\"\" href=\"https:\/\/clovedental.co\/pl\/produkt\/zestaw-lyzek-wyciskowych-perforowanych-do-bezzebia-szczeki-gornej-i-dolnej\/\"> <span class=\"screen-reader-text\">Zestaw \u0142y\u017cek wyciskowych perforowanych do bezz\u0119bia szcz\u0119ki g\u00f3rnej i dolnej<\/span> Read More &raquo;<\/a><\/p>\n","protected":false},"featured_media":5986,"template":"","meta":{"site-sidebar-layout":"default","site-content-layout":"","ast-site-content-layout":"default","site-content-style":"default","site-sidebar-style":"default","ast-global-header-display":"","ast-banner-title-visibility":"","ast-main-header-display":"","ast-hfb-above-header-display":"","ast-hfb-below-header-display":"","ast-hfb-mobile-header-display":"","site-post-title":"","ast-breadcrumbs-content":"","ast-featured-img":"","footer-sml-layout":"","theme-transparent-header-meta":"default","adv-header-id-meta":"","stick-header-meta":"","header-above-stick-meta":"","header-main-stick-meta":"","header-below-stick-meta":"","astra-migrate-meta-layouts":"","ast-page-background-enabled":"default","ast-page-background-meta":{"desktop":{"background-color":"var(--ast-global-color-4)","background-image":"","background-repeat":"repeat","background-position":"center center","background-size":"auto","background-attachment":"scroll","background-type":"","background-media":"","overlay-type":"","overlay-color":"","overlay-gradient":""},"tablet":{"background-color":"","background-image":"","background-repeat":"repeat","background-position":"center center","background-size":"auto","background-attachment":"scroll","background-type":"","background-media":"","overlay-type":"","overlay-color":"","overlay-gradient":""},"mobile":{"background-color":"","background-image":"","background-repeat":"repeat","background-position":"center center","background-size":"auto","background-attachment":"scroll","background-type":"","background-media":"","overlay-type":"","overlay-color":"","overlay-gradient":""}},"ast-content-background-meta":{"desktop":{"background-color":"var(--ast-global-color-5)","background-image":"","background-repeat":"repeat","background-position":"center center","background-size":"auto","background-attachment":"scroll","background-type":"","background-media":"","overlay-type":"","overlay-color":"","overlay-gradient":""},"tablet":{"background-color":"var(--ast-global-color-5)","background-image":"","background-repeat":"repeat","background-position":"center center","background-size":"auto","background-attachment":"scroll","background-type":"","background-media":"","overlay-type":"","overlay-color":"","overlay-gradient":""},"mobile":{"background-color":"var(--ast-global-color-5)","background-image":"","background-repeat":"repeat","background-position":"center center","background-size":"auto","background-attachment":"scroll","background-type":"","background-media":"","overlay-type":"","overlay-color":"","overlay-gradient":""}}},"product_cat":[425],"product_tag":[],"code":[346],"class_list":{"0":"post-4488","1":"product","2":"type-product","3":"status-publish","4":"has-post-thumbnail","6":"product_cat-ortodoncja","7":"code-09-107-390-09-107-391-09-107-392-09-107-393-09-107-401-09-107-402-09-107-403","8":"desktop-align-left","9":"tablet-align-left","10":"mobile-align-left","12":"first","13":"instock","14":"product-type-simple"},"acf":[],"yoast_head":"<!-- This site is optimized with the Yoast SEO plugin v21.9.1 - https:\/\/yoast.com\/wordpress\/plugins\/seo\/ -->\n<title>Zestaw \u0142y\u017cek wyciskowych perforowanych do bezz\u0119bia szcz\u0119ki g\u00f3rnej i dolnej | clovedental.co<\/title>\n<meta name=\"robots\" content=\"index, follow, max-snippet:-1, max-image-preview:large, max-video-preview:-1\" \/>\n<link rel=\"canonical\" href=\"https:\/\/clovedental.co\/pl\/produkt\/zestaw-lyzek-wyciskowych-perforowanych-do-bezzebia-szczeki-gornej-i-dolnej\/\" \/>\n<meta property=\"og:locale\" content=\"pl_PL\" \/>\n<meta property=\"og:type\" content=\"article\" \/>\n<meta property=\"og:title\" content=\"Zestaw \u0142y\u017cek wyciskowych perforowanych do bezz\u0119bia szcz\u0119ki g\u00f3rnej i dolnej | clovedental.co\" \/>\n<meta property=\"og:description\" content=\"Metalowe \u0142y\u017cki wyciskowe perforowane to jedne z podstawowych instrument\u00f3w wykorzystywanych w gabinetach ortodontycznych oraz protetycznych. Pozwalaj\u0105 na uzyskanie dok\u0142adnego odbicia szcz\u0119ki pacjenta na podstawie kt\u00f3rego powstaje model gipsowy b\u0119d\u0105cy podstaw\u0105 do stworzenia aparat\u00f3w ortodontycznych, szyn relaksacyjnych czy protez. \u0141y\u017cka charakteryzuje si\u0119 niskim korytem oraz brzegami i przeznaczona jest dla pacjent\u00f3w z brakiem z\u0119b\u00f3w. \u0141y\u017cki do &hellip; Zestaw \u0142y\u017cek wyciskowych perforowanych do bezz\u0119bia szcz\u0119ki g\u00f3rnej i dolnej Read More &raquo;\" \/>\n<meta property=\"og:url\" content=\"https:\/\/clovedental.co\/pl\/produkt\/zestaw-lyzek-wyciskowych-perforowanych-do-bezzebia-szczeki-gornej-i-dolnej\/\" \/>\n<meta property=\"og:site_name\" content=\"clovedental.co\" \/>\n<meta property=\"article:modified_time\" content=\"2024-01-10T08:44:07+00:00\" \/>\n<meta name=\"twitter:card\" content=\"summary_large_image\" \/>\n<meta name=\"twitter:label1\" content=\"Szacowany czas czytania\" \/>\n\t<meta name=\"twitter:data1\" content=\"1 minuta\" \/>\n<script type=\"application\/ld+json\" class=\"yoast-schema-graph\">{\"@context\":\"https:\/\/schema.org\",\"@graph\":[{\"@type\":\"WebPage\",\"@id\":\"https:\/\/clovedental.co\/pl\/produkt\/zestaw-lyzek-wyciskowych-perforowanych-do-bezzebia-szczeki-gornej-i-dolnej\/\",\"url\":\"https:\/\/clovedental.co\/pl\/produkt\/zestaw-lyzek-wyciskowych-perforowanych-do-bezzebia-szczeki-gornej-i-dolnej\/\",\"name\":\"Zestaw \u0142y\u017cek wyciskowych perforowanych do bezz\u0119bia szcz\u0119ki g\u00f3rnej i dolnej | clovedental.co\",\"isPartOf\":{\"@id\":\"https:\/\/clovedental.co\/pl\/#website\"},\"datePublished\":\"2024-01-10T08:38:39+00:00\",\"dateModified\":\"2024-01-10T08:44:07+00:00\",\"breadcrumb\":{\"@id\":\"https:\/\/clovedental.co\/pl\/produkt\/zestaw-lyzek-wyciskowych-perforowanych-do-bezzebia-szczeki-gornej-i-dolnej\/#breadcrumb\"},\"inLanguage\":\"pl-PL\",\"potentialAction\":[{\"@type\":\"ReadAction\",\"target\":[\"https:\/\/clovedental.co\/pl\/produkt\/zestaw-lyzek-wyciskowych-perforowanych-do-bezzebia-szczeki-gornej-i-dolnej\/\"]}]},{\"@type\":\"BreadcrumbList\",\"@id\":\"https:\/\/clovedental.co\/pl\/produkt\/zestaw-lyzek-wyciskowych-perforowanych-do-bezzebia-szczeki-gornej-i-dolnej\/#breadcrumb\",\"itemListElement\":[{\"@type\":\"ListItem\",\"position\":1,\"name\":\"Strona g\u0142\u00f3wna\",\"item\":\"https:\/\/clovedental.co\/pl\/\"},{\"@type\":\"ListItem\",\"position\":2,\"name\":\"Sklep\",\"item\":\"https:\/\/clovedental.co\/products\/shop\/\"},{\"@type\":\"ListItem\",\"position\":3,\"name\":\"Zestaw \u0142y\u017cek wyciskowych perforowanych do bezz\u0119bia szcz\u0119ki g\u00f3rnej i dolnej\"}]},{\"@type\":\"WebSite\",\"@id\":\"https:\/\/clovedental.co\/pl\/#website\",\"url\":\"https:\/\/clovedental.co\/pl\/\",\"name\":\"Manufacturer of Dental and Surgical Instruments\",\"description\":\"Details are the Key\",\"publisher\":{\"@id\":\"https:\/\/clovedental.co\/pl\/#organization\"},\"alternateName\":\"Dental and Surgical Instruments\",\"potentialAction\":[{\"@type\":\"SearchAction\",\"target\":{\"@type\":\"EntryPoint\",\"urlTemplate\":\"https:\/\/clovedental.co\/pl\/?s={search_term_string}\"},\"query-input\":\"required name=search_term_string\"}],\"inLanguage\":\"pl-PL\"},{\"@type\":\"Organization\",\"@id\":\"https:\/\/clovedental.co\/pl\/#organization\",\"name\":\"clovedental.co\",\"alternateName\":\"Clove\",\"url\":\"https:\/\/clovedental.co\/pl\/\",\"logo\":{\"@type\":\"ImageObject\",\"inLanguage\":\"pl-PL\",\"@id\":\"https:\/\/clovedental.co\/pl\/#\/schema\/logo\/image\/\",\"url\":\"https:\/\/clovedental.co\/wp-content\/uploads\/2023\/12\/LOGO_CLOVE.png\",\"contentUrl\":\"https:\/\/clovedental.co\/wp-content\/uploads\/2023\/12\/LOGO_CLOVE.png\",\"width\":1400,\"height\":1400,\"caption\":\"clovedental.co\"},\"image\":{\"@id\":\"https:\/\/clovedental.co\/pl\/#\/schema\/logo\/image\/\"}}]}<\/script>\n<!-- \/ Yoast SEO plugin. -->","yoast_head_json":{"title":"Zestaw \u0142y\u017cek wyciskowych perforowanych do bezz\u0119bia szcz\u0119ki g\u00f3rnej i dolnej | clovedental.co","robots":{"index":"index","follow":"follow","max-snippet":"max-snippet:-1","max-image-preview":"max-image-preview:large","max-video-preview":"max-video-preview:-1"},"canonical":"https:\/\/clovedental.co\/pl\/produkt\/zestaw-lyzek-wyciskowych-perforowanych-do-bezzebia-szczeki-gornej-i-dolnej\/","og_locale":"pl_PL","og_type":"article","og_title":"Zestaw \u0142y\u017cek wyciskowych perforowanych do bezz\u0119bia szcz\u0119ki g\u00f3rnej i dolnej | clovedental.co","og_description":"Metalowe \u0142y\u017cki wyciskowe perforowane to jedne z podstawowych instrument\u00f3w wykorzystywanych w gabinetach ortodontycznych oraz protetycznych. Pozwalaj\u0105 na uzyskanie dok\u0142adnego odbicia szcz\u0119ki pacjenta na podstawie kt\u00f3rego powstaje model gipsowy b\u0119d\u0105cy podstaw\u0105 do stworzenia aparat\u00f3w ortodontycznych, szyn relaksacyjnych czy protez. \u0141y\u017cka charakteryzuje si\u0119 niskim korytem oraz brzegami i przeznaczona jest dla pacjent\u00f3w z brakiem z\u0119b\u00f3w. \u0141y\u017cki do &hellip; Zestaw \u0142y\u017cek wyciskowych perforowanych do bezz\u0119bia szcz\u0119ki g\u00f3rnej i dolnej Read More &raquo;","og_url":"https:\/\/clovedental.co\/pl\/produkt\/zestaw-lyzek-wyciskowych-perforowanych-do-bezzebia-szczeki-gornej-i-dolnej\/","og_site_name":"clovedental.co","article_modified_time":"2024-01-10T08:44:07+00:00","twitter_card":"summary_large_image","twitter_misc":{"Szacowany czas czytania":"1 minuta"},"schema":{"@context":"https:\/\/schema.org","@graph":[{"@type":"WebPage","@id":"https:\/\/clovedental.co\/pl\/produkt\/zestaw-lyzek-wyciskowych-perforowanych-do-bezzebia-szczeki-gornej-i-dolnej\/","url":"https:\/\/clovedental.co\/pl\/produkt\/zestaw-lyzek-wyciskowych-perforowanych-do-bezzebia-szczeki-gornej-i-dolnej\/","name":"Zestaw \u0142y\u017cek wyciskowych perforowanych do bezz\u0119bia szcz\u0119ki g\u00f3rnej i dolnej | clovedental.co","isPartOf":{"@id":"https:\/\/clovedental.co\/pl\/#website"},"datePublished":"2024-01-10T08:38:39+00:00","dateModified":"2024-01-10T08:44:07+00:00","breadcrumb":{"@id":"https:\/\/clovedental.co\/pl\/produkt\/zestaw-lyzek-wyciskowych-perforowanych-do-bezzebia-szczeki-gornej-i-dolnej\/#breadcrumb"},"inLanguage":"pl-PL","potentialAction":[{"@type":"ReadAction","target":["https:\/\/clovedental.co\/pl\/produkt\/zestaw-lyzek-wyciskowych-perforowanych-do-bezzebia-szczeki-gornej-i-dolnej\/"]}]},{"@type":"BreadcrumbList","@id":"https:\/\/clovedental.co\/pl\/produkt\/zestaw-lyzek-wyciskowych-perforowanych-do-bezzebia-szczeki-gornej-i-dolnej\/#breadcrumb","itemListElement":[{"@type":"ListItem","position":1,"name":"Strona g\u0142\u00f3wna","item":"https:\/\/clovedental.co\/pl\/"},{"@type":"ListItem","position":2,"name":"Sklep","item":"https:\/\/clovedental.co\/products\/shop\/"},{"@type":"ListItem","position":3,"name":"Zestaw \u0142y\u017cek wyciskowych perforowanych do bezz\u0119bia szcz\u0119ki g\u00f3rnej i dolnej"}]},{"@type":"WebSite","@id":"https:\/\/clovedental.co\/pl\/#website","url":"https:\/\/clovedental.co\/pl\/","name":"Manufacturer of Dental and Surgical Instruments","description":"Details are the Key","publisher":{"@id":"https:\/\/clovedental.co\/pl\/#organization"},"alternateName":"Dental and Surgical Instruments","potentialAction":[{"@type":"SearchAction","target":{"@type":"EntryPoint","urlTemplate":"https:\/\/clovedental.co\/pl\/?s={search_term_string}"},"query-input":"required name=search_term_string"}],"inLanguage":"pl-PL"},{"@type":"Organization","@id":"https:\/\/clovedental.co\/pl\/#organization","name":"clovedental.co","alternateName":"Clove","url":"https:\/\/clovedental.co\/pl\/","logo":{"@type":"ImageObject","inLanguage":"pl-PL","@id":"https:\/\/clovedental.co\/pl\/#\/schema\/logo\/image\/","url":"https:\/\/clovedental.co\/wp-content\/uploads\/2023\/12\/LOGO_CLOVE.png","contentUrl":"https:\/\/clovedental.co\/wp-content\/uploads\/2023\/12\/LOGO_CLOVE.png","width":1400,"height":1400,"caption":"clovedental.co"},"image":{"@id":"https:\/\/clovedental.co\/pl\/#\/schema\/logo\/image\/"}}]}},"_links":{"self":[{"href":"https:\/\/clovedental.co\/pl\/wp-json\/wp\/v2\/product\/4488","targetHints":{"allow":["GET"]}}],"collection":[{"href":"https:\/\/clovedental.co\/pl\/wp-json\/wp\/v2\/product"}],"about":[{"href":"https:\/\/clovedental.co\/pl\/wp-json\/wp\/v2\/types\/product"}],"wp:featuredmedia":[{"embeddable":true,"href":"https:\/\/clovedental.co\/pl\/wp-json\/wp\/v2\/media\/5986"}],"wp:attachment":[{"href":"https:\/\/clovedental.co\/pl\/wp-json\/wp\/v2\/media?parent=4488"}],"wp:term":[{"taxonomy":"product_cat","embeddable":true,"href":"https:\/\/clovedental.co\/pl\/wp-json\/wp\/v2\/product_cat?post=4488"},{"taxonomy":"product_tag","embeddable":true,"href":"https:\/\/clovedental.co\/pl\/wp-json\/wp\/v2\/product_tag?post=4488"},{"taxonomy":"code","embeddable":true,"href":"https:\/\/clovedental.co\/pl\/wp-json\/wp\/v2\/code?post=4488"}],"curies":[{"name":"wp","href":"https:\/\/api.w.org\/{rel}","templated":true}]}}